{"id":52130,"date":"2026-04-07T03:30:19","date_gmt":"2026-04-07T00:30:19","guid":{"rendered":"https:\/\/nordlinepaadid.ee\/pood\/maaratlemata\/pvc-paat-gladiator-b370al-punane-valge\/"},"modified":"2026-04-07T03:30:19","modified_gmt":"2026-04-07T00:30:19","slug":"pvc-paat-gladiator-b370al-punane-valge","status":"publish","type":"product","link":"https:\/\/nordlinepaadid.ee\/et\/pood\/kummipaadid-ja-tarvikud\/kummipaadid\/pvc-paat-gladiator-b370al-punane-valge\/","title":{"rendered":"PVC PAAT- GLADIATOR B370AL, PUNANE\/VALGE"},"content":{"rendered":"<p>Klassikaline t\u00e4ispuhutav paat kalap\u00fc\u00fcgiks, veespordiks ja reisimiseks. Tuubi materjal PVC 850g\/m2 ja p\u00f5hja materjal PVC 1100 g\/m2. Komplekti kuulub: paat, eemaldatavad istmed, aerud, pump, paranduskomplekt, kandekott. Garantii: 5 aastat \u2013 PVC materjal; 3 aastat \u2013 \u00f5mblused; 1 aasta \u2013 varustus.<\/p>\n<p>&#13;<br \/>\n&#13;<\/p>\n<p>&nbsp;<\/p>\n<p>&#13;<br \/>\n&#13;<\/p>\n<p><strong>Tehnilised andmed:<\/strong><\/p>\n<p>&#13;<br \/>\n&#13;<\/p>\n<p>Laius: 1,72 m<\/p>\n<p>&#13;<br \/>\n&#13;<\/p>\n<p>Kaal: 68 kg<\/p>\n<p>&#13;<br \/>\n&#13;<\/p>\n<p>Pikkus: 3,7 m<\/p>\n<p>&#13;<br \/>\n&#13;<\/p>\n<p>CE Kategooria: C<\/p>\n<p>&#13;<br \/>\n&#13;<\/p>\n<p>Kandev\u00f5ime: 659 kg<\/p>\n<p>&#13;<br \/>\n&#13;<\/p>\n<p>Max Lubatud Mootori V\u00f5imsus: 30 hj<\/p>\n<p>&#13;<br \/>\n&#13;<\/p>\n<p>M\u00f5\u00f5tmed pakitult: 126 x 70 x 38 cm<\/p>\n<p>&#13;<br \/>\n&#13;<\/p>\n<p>Tuubide diameeter: 45 cm<\/p>\n<p>&#13;<br \/>\n&#13;<\/p>\n<p>\u00d5hukambrite Arv: 3+1<\/p>\n<p>&#13;<br \/>\n&#13;<\/p>\n<p>P\u00f5randat\u00fc\u00fcp: alumiinium<\/p>\n<p>&#13;<br \/>\n&#13;<\/p>\n<p>&nbsp;<\/p>\n<p>&#13;<\/p>\n","protected":false},"excerpt":{"rendered":"<p>Klassikaline t\u00e4ispuhutav paat kalap\u00fc\u00fcgiks, veespordiks ja reisimiseks. Tuubi materjal PVC 850g\/m2 ja p\u00f5hja materjal PVC 1100 g\/m2. Komplekti kuulub: paat, eemaldatavad istmed, aerud, pump, paranduskomplekt, kandekott. Garantii: 5 aastat \u2013 PVC materjal; 3 aastat \u2013 \u00f5mblused; 1 aasta \u2013 varustus. &#13; &#13; &nbsp; &#13; &#13; Tehnilised andmed: &#13; &#13; Laius: 1,72 m &#13; &#13; Kaal:&#8230;<\/p>\n","protected":false},"featured_media":55373,"template":"","meta":{"_kad_blocks_custom_css":"","_kad_blocks_head_custom_js":"","_kad_blocks_body_custom_js":"","_kad_blocks_footer_custom_js":"","_kad_post_transparent":"","_kad_post_title":"","_kad_post_layout":"","_kad_post_sidebar_id":"","_kad_post_content_style":"","_kad_post_vertical_padding":"","_kad_post_feature":"","_kad_post_feature_position":"","_kad_post_header":false,"_kad_post_footer":false,"_kad_post_classname":""},"product_brand":[],"product_cat":[294,250],"product_tag":[],"class_list":{"0":"post-52130","1":"product","2":"type-product","3":"status-publish","4":"has-post-thumbnail","6":"product_cat-kummipaadid","7":"product_cat-kummipaadid-ja-tarvikud","8":"pa_color-punane-valge","9":"pa_producer-gladiator","10":"tm-no-options","12":"first","13":"instock","14":"sale","15":"taxable","16":"shipping-taxable","17":"purchasable","18":"product-type-simple","19":"entry","20":"content-bg","21":"loop-entry"},"yoast_head":"<!-- This site is optimized with the Yoast SEO plugin v27.3 - https:\/\/yoast.com\/product\/yoast-seo-wordpress\/ -->\n<title>PVC PAAT- GLADIATOR B370AL, PUNANE\/VALGE - NORDLINE s\u00f5udepaadid ja mootorpaadid. Klaasfiiber materjalist.<\/title>\n<meta name=\"robots\" content=\"index, follow, max-snippet:-1, max-image-preview:large, max-video-preview:-1\" \/>\n<link rel=\"canonical\" href=\"https:\/\/nordlinepaadid.ee\/et\/pood\/kummipaadid-ja-tarvikud\/kummipaadid\/pvc-paat-gladiator-b370al-punane-valge\/\" \/>\n<meta property=\"og:locale\" content=\"et_EE\" \/>\n<meta property=\"og:type\" content=\"article\" \/>\n<meta property=\"og:title\" content=\"PVC PAAT- GLADIATOR B370AL, PUNANE\/VALGE - NORDLINE s\u00f5udepaadid ja mootorpaadid. Klaasfiiber materjalist.\" \/>\n<meta property=\"og:description\" content=\"Klassikaline t\u00e4ispuhutav paat kalap\u00fc\u00fcgiks, veespordiks ja reisimiseks. Tuubi materjal PVC 850g\/m2 ja p\u00f5hja materjal PVC 1100 g\/m2. Komplekti kuulub: paat, eemaldatavad istmed, aerud, pump, paranduskomplekt, kandekott. Garantii: 5 aastat \u2013 PVC materjal; 3 aastat \u2013 \u00f5mblused; 1 aasta \u2013 varustus. &#013; &#013; &nbsp; &#013; &#013; Tehnilised andmed: &#013; &#013; Laius: 1,72 m &#013; &#013; Kaal:...\" \/>\n<meta property=\"og:url\" content=\"https:\/\/nordlinepaadid.ee\/et\/pood\/kummipaadid-ja-tarvikud\/kummipaadid\/pvc-paat-gladiator-b370al-punane-valge\/\" \/>\n<meta property=\"og:site_name\" content=\"NORDLINE s\u00f5udepaadid ja mootorpaadid. Klaasfiiber materjalist.\" \/>\n<meta property=\"article:publisher\" content=\"https:\/\/www.facebook.com\/nordlineboats\" \/>\n<meta property=\"og:image\" content=\"https:\/\/nordlinepaadid.ee\/wp-content\/uploads\/2026\/02\/12834_GL-B370-REDWHITE-1.jpg\" \/>\n\t<meta property=\"og:image:width\" content=\"515\" \/>\n\t<meta property=\"og:image:height\" content=\"406\" \/>\n\t<meta property=\"og:image:type\" content=\"image\/jpeg\" \/>\n<meta name=\"twitter:card\" content=\"summary_large_image\" \/>\n<script type=\"application\/ld+json\" class=\"yoast-schema-graph\">{\"@context\":\"https:\\\/\\\/schema.org\",\"@graph\":[{\"@type\":\"WebPage\",\"@id\":\"https:\\\/\\\/nordlinepaadid.ee\\\/et\\\/pood\\\/kummipaadid-ja-tarvikud\\\/kummipaadid\\\/pvc-paat-gladiator-b370al-punane-valge\\\/\",\"url\":\"https:\\\/\\\/nordlinepaadid.ee\\\/et\\\/pood\\\/kummipaadid-ja-tarvikud\\\/kummipaadid\\\/pvc-paat-gladiator-b370al-punane-valge\\\/\",\"name\":\"PVC PAAT- GLADIATOR B370AL, PUNANE\\\/VALGE - NORDLINE s\u00f5udepaadid ja mootorpaadid. Klaasfiiber materjalist.\",\"isPartOf\":{\"@id\":\"https:\\\/\\\/nordlinepaadid.ee\\\/et\\\/#website\"},\"primaryImageOfPage\":{\"@id\":\"https:\\\/\\\/nordlinepaadid.ee\\\/et\\\/pood\\\/kummipaadid-ja-tarvikud\\\/kummipaadid\\\/pvc-paat-gladiator-b370al-punane-valge\\\/#primaryimage\"},\"image\":{\"@id\":\"https:\\\/\\\/nordlinepaadid.ee\\\/et\\\/pood\\\/kummipaadid-ja-tarvikud\\\/kummipaadid\\\/pvc-paat-gladiator-b370al-punane-valge\\\/#primaryimage\"},\"thumbnailUrl\":\"https:\\\/\\\/nordlinepaadid.ee\\\/wp-content\\\/uploads\\\/2026\\\/02\\\/12834_GL-B370-REDWHITE-1.jpg\",\"datePublished\":\"2026-04-07T00:30:19+00:00\",\"breadcrumb\":{\"@id\":\"https:\\\/\\\/nordlinepaadid.ee\\\/et\\\/pood\\\/kummipaadid-ja-tarvikud\\\/kummipaadid\\\/pvc-paat-gladiator-b370al-punane-valge\\\/#breadcrumb\"},\"inLanguage\":\"et\",\"potentialAction\":[{\"@type\":\"ReadAction\",\"target\":[\"https:\\\/\\\/nordlinepaadid.ee\\\/et\\\/pood\\\/kummipaadid-ja-tarvikud\\\/kummipaadid\\\/pvc-paat-gladiator-b370al-punane-valge\\\/\"]}]},{\"@type\":\"ImageObject\",\"inLanguage\":\"et\",\"@id\":\"https:\\\/\\\/nordlinepaadid.ee\\\/et\\\/pood\\\/kummipaadid-ja-tarvikud\\\/kummipaadid\\\/pvc-paat-gladiator-b370al-punane-valge\\\/#primaryimage\",\"url\":\"https:\\\/\\\/nordlinepaadid.ee\\\/wp-content\\\/uploads\\\/2026\\\/02\\\/12834_GL-B370-REDWHITE-1.jpg\",\"contentUrl\":\"https:\\\/\\\/nordlinepaadid.ee\\\/wp-content\\\/uploads\\\/2026\\\/02\\\/12834_GL-B370-REDWHITE-1.jpg\",\"width\":515,\"height\":406},{\"@type\":\"BreadcrumbList\",\"@id\":\"https:\\\/\\\/nordlinepaadid.ee\\\/et\\\/pood\\\/kummipaadid-ja-tarvikud\\\/kummipaadid\\\/pvc-paat-gladiator-b370al-punane-valge\\\/#breadcrumb\",\"itemListElement\":[{\"@type\":\"ListItem\",\"position\":1,\"name\":\"Home\",\"item\":\"https:\\\/\\\/nordlinepaadid.ee\\\/et\\\/\"},{\"@type\":\"ListItem\",\"position\":2,\"name\":\"Pood\",\"item\":\"https:\\\/\\\/nordlinepaadid.ee\\\/et\\\/pood\\\/\"},{\"@type\":\"ListItem\",\"position\":3,\"name\":\"PVC PAAT- GLADIATOR B370AL, PUNANE\\\/VALGE\"}]},{\"@type\":\"WebSite\",\"@id\":\"https:\\\/\\\/nordlinepaadid.ee\\\/et\\\/#website\",\"url\":\"https:\\\/\\\/nordlinepaadid.ee\\\/et\\\/\",\"name\":\"NORDLINE s\u00f5udepaadid ja mootorpaadid. Klaasfiiber materjalist.\",\"description\":\"\",\"publisher\":{\"@id\":\"https:\\\/\\\/nordlinepaadid.ee\\\/et\\\/#organization\"},\"potentialAction\":[{\"@type\":\"SearchAction\",\"target\":{\"@type\":\"EntryPoint\",\"urlTemplate\":\"https:\\\/\\\/nordlinepaadid.ee\\\/et\\\/?s={search_term_string}\"},\"query-input\":{\"@type\":\"PropertyValueSpecification\",\"valueRequired\":true,\"valueName\":\"search_term_string\"}}],\"inLanguage\":\"et\"},{\"@type\":\"Organization\",\"@id\":\"https:\\\/\\\/nordlinepaadid.ee\\\/et\\\/#organization\",\"name\":\"Nordlineboats\",\"url\":\"https:\\\/\\\/nordlinepaadid.ee\\\/et\\\/\",\"logo\":{\"@type\":\"ImageObject\",\"inLanguage\":\"et\",\"@id\":\"https:\\\/\\\/nordlinepaadid.ee\\\/et\\\/#\\\/schema\\\/logo\\\/image\\\/\",\"url\":\"https:\\\/\\\/nordlinepaadid.ee\\\/wp-content\\\/uploads\\\/2023\\\/01\\\/fulllogo_transparent_nobuffer-e1672750475494.png\",\"contentUrl\":\"https:\\\/\\\/nordlinepaadid.ee\\\/wp-content\\\/uploads\\\/2023\\\/01\\\/fulllogo_transparent_nobuffer-e1672750475494.png\",\"width\":150,\"height\":119,\"caption\":\"Nordlineboats\"},\"image\":{\"@id\":\"https:\\\/\\\/nordlinepaadid.ee\\\/et\\\/#\\\/schema\\\/logo\\\/image\\\/\"},\"sameAs\":[\"https:\\\/\\\/www.facebook.com\\\/nordlineboats\",\"https:\\\/\\\/www.youtube.com\\\/channel\\\/UCbgF0fy02y3QkFnujaLTaCA\"]}]}<\/script>\n<!-- \/ Yoast SEO plugin. -->","yoast_head_json":{"title":"PVC PAAT- GLADIATOR B370AL, PUNANE\/VALGE - NORDLINE s\u00f5udepaadid ja mootorpaadid. Klaasfiiber materjalist.","robots":{"index":"index","follow":"follow","max-snippet":"max-snippet:-1","max-image-preview":"max-image-preview:large","max-video-preview":"max-video-preview:-1"},"canonical":"https:\/\/nordlinepaadid.ee\/et\/pood\/kummipaadid-ja-tarvikud\/kummipaadid\/pvc-paat-gladiator-b370al-punane-valge\/","og_locale":"et_EE","og_type":"article","og_title":"PVC PAAT- GLADIATOR B370AL, PUNANE\/VALGE - NORDLINE s\u00f5udepaadid ja mootorpaadid. Klaasfiiber materjalist.","og_description":"Klassikaline t\u00e4ispuhutav paat kalap\u00fc\u00fcgiks, veespordiks ja reisimiseks. Tuubi materjal PVC 850g\/m2 ja p\u00f5hja materjal PVC 1100 g\/m2. Komplekti kuulub: paat, eemaldatavad istmed, aerud, pump, paranduskomplekt, kandekott. Garantii: 5 aastat \u2013 PVC materjal; 3 aastat \u2013 \u00f5mblused; 1 aasta \u2013 varustus. &#13; &#13; &nbsp; &#13; &#13; Tehnilised andmed: &#13; &#13; Laius: 1,72 m &#13; &#13; Kaal:...","og_url":"https:\/\/nordlinepaadid.ee\/et\/pood\/kummipaadid-ja-tarvikud\/kummipaadid\/pvc-paat-gladiator-b370al-punane-valge\/","og_site_name":"NORDLINE s\u00f5udepaadid ja mootorpaadid. Klaasfiiber materjalist.","article_publisher":"https:\/\/www.facebook.com\/nordlineboats","og_image":[{"width":515,"height":406,"url":"https:\/\/nordlinepaadid.ee\/wp-content\/uploads\/2026\/02\/12834_GL-B370-REDWHITE-1.jpg","type":"image\/jpeg"}],"twitter_card":"summary_large_image","schema":{"@context":"https:\/\/schema.org","@graph":[{"@type":"WebPage","@id":"https:\/\/nordlinepaadid.ee\/et\/pood\/kummipaadid-ja-tarvikud\/kummipaadid\/pvc-paat-gladiator-b370al-punane-valge\/","url":"https:\/\/nordlinepaadid.ee\/et\/pood\/kummipaadid-ja-tarvikud\/kummipaadid\/pvc-paat-gladiator-b370al-punane-valge\/","name":"PVC PAAT- GLADIATOR B370AL, PUNANE\/VALGE - NORDLINE s\u00f5udepaadid ja mootorpaadid. Klaasfiiber materjalist.","isPartOf":{"@id":"https:\/\/nordlinepaadid.ee\/et\/#website"},"primaryImageOfPage":{"@id":"https:\/\/nordlinepaadid.ee\/et\/pood\/kummipaadid-ja-tarvikud\/kummipaadid\/pvc-paat-gladiator-b370al-punane-valge\/#primaryimage"},"image":{"@id":"https:\/\/nordlinepaadid.ee\/et\/pood\/kummipaadid-ja-tarvikud\/kummipaadid\/pvc-paat-gladiator-b370al-punane-valge\/#primaryimage"},"thumbnailUrl":"https:\/\/nordlinepaadid.ee\/wp-content\/uploads\/2026\/02\/12834_GL-B370-REDWHITE-1.jpg","datePublished":"2026-04-07T00:30:19+00:00","breadcrumb":{"@id":"https:\/\/nordlinepaadid.ee\/et\/pood\/kummipaadid-ja-tarvikud\/kummipaadid\/pvc-paat-gladiator-b370al-punane-valge\/#breadcrumb"},"inLanguage":"et","potentialAction":[{"@type":"ReadAction","target":["https:\/\/nordlinepaadid.ee\/et\/pood\/kummipaadid-ja-tarvikud\/kummipaadid\/pvc-paat-gladiator-b370al-punane-valge\/"]}]},{"@type":"ImageObject","inLanguage":"et","@id":"https:\/\/nordlinepaadid.ee\/et\/pood\/kummipaadid-ja-tarvikud\/kummipaadid\/pvc-paat-gladiator-b370al-punane-valge\/#primaryimage","url":"https:\/\/nordlinepaadid.ee\/wp-content\/uploads\/2026\/02\/12834_GL-B370-REDWHITE-1.jpg","contentUrl":"https:\/\/nordlinepaadid.ee\/wp-content\/uploads\/2026\/02\/12834_GL-B370-REDWHITE-1.jpg","width":515,"height":406},{"@type":"BreadcrumbList","@id":"https:\/\/nordlinepaadid.ee\/et\/pood\/kummipaadid-ja-tarvikud\/kummipaadid\/pvc-paat-gladiator-b370al-punane-valge\/#breadcrumb","itemListElement":[{"@type":"ListItem","position":1,"name":"Home","item":"https:\/\/nordlinepaadid.ee\/et\/"},{"@type":"ListItem","position":2,"name":"Pood","item":"https:\/\/nordlinepaadid.ee\/et\/pood\/"},{"@type":"ListItem","position":3,"name":"PVC PAAT- GLADIATOR B370AL, PUNANE\/VALGE"}]},{"@type":"WebSite","@id":"https:\/\/nordlinepaadid.ee\/et\/#website","url":"https:\/\/nordlinepaadid.ee\/et\/","name":"NORDLINE s\u00f5udepaadid ja mootorpaadid. Klaasfiiber materjalist.","description":"","publisher":{"@id":"https:\/\/nordlinepaadid.ee\/et\/#organization"},"potentialAction":[{"@type":"SearchAction","target":{"@type":"EntryPoint","urlTemplate":"https:\/\/nordlinepaadid.ee\/et\/?s={search_term_string}"},"query-input":{"@type":"PropertyValueSpecification","valueRequired":true,"valueName":"search_term_string"}}],"inLanguage":"et"},{"@type":"Organization","@id":"https:\/\/nordlinepaadid.ee\/et\/#organization","name":"Nordlineboats","url":"https:\/\/nordlinepaadid.ee\/et\/","logo":{"@type":"ImageObject","inLanguage":"et","@id":"https:\/\/nordlinepaadid.ee\/et\/#\/schema\/logo\/image\/","url":"https:\/\/nordlinepaadid.ee\/wp-content\/uploads\/2023\/01\/fulllogo_transparent_nobuffer-e1672750475494.png","contentUrl":"https:\/\/nordlinepaadid.ee\/wp-content\/uploads\/2023\/01\/fulllogo_transparent_nobuffer-e1672750475494.png","width":150,"height":119,"caption":"Nordlineboats"},"image":{"@id":"https:\/\/nordlinepaadid.ee\/et\/#\/schema\/logo\/image\/"},"sameAs":["https:\/\/www.facebook.com\/nordlineboats","https:\/\/www.youtube.com\/channel\/UCbgF0fy02y3QkFnujaLTaCA"]}]}},"taxonomy_info":{"product_cat":[{"value":294,"label":"Kummipaadid"},{"value":250,"label":"KUMMIPAADID JA TARVIKUD"}],"pa_color":[{"value":706,"label":"Punane\/Valge"}],"pa_producer":[{"value":1537,"label":"Gladiator"}]},"featured_image_src_large":["https:\/\/nordlinepaadid.ee\/wp-content\/uploads\/2026\/02\/12834_GL-B370-REDWHITE-1.jpg",515,406,false],"author_info":[],"comment_info":"","_links":{"self":[{"href":"https:\/\/nordlinepaadid.ee\/et\/wp-json\/wp\/v2\/product\/52130","targetHints":{"allow":["GET"]}}],"collection":[{"href":"https:\/\/nordlinepaadid.ee\/et\/wp-json\/wp\/v2\/product"}],"about":[{"href":"https:\/\/nordlinepaadid.ee\/et\/wp-json\/wp\/v2\/types\/product"}],"wp:featuredmedia":[{"embeddable":true,"href":"https:\/\/nordlinepaadid.ee\/et\/wp-json\/wp\/v2\/media\/55373"}],"wp:attachment":[{"href":"https:\/\/nordlinepaadid.ee\/et\/wp-json\/wp\/v2\/media?parent=52130"}],"wp:term":[{"taxonomy":"product_brand","embeddable":true,"href":"https:\/\/nordlinepaadid.ee\/et\/wp-json\/wp\/v2\/product_brand?post=52130"},{"taxonomy":"product_cat","embeddable":true,"href":"https:\/\/nordlinepaadid.ee\/et\/wp-json\/wp\/v2\/product_cat?post=52130"},{"taxonomy":"product_tag","embeddable":true,"href":"https:\/\/nordlinepaadid.ee\/et\/wp-json\/wp\/v2\/product_tag?post=52130"}],"curies":[{"name":"wp","href":"https:\/\/api.w.org\/{rel}","templated":true}]}}