{"id":52213,"date":"2026-04-07T03:23:25","date_gmt":"2026-04-07T00:23:25","guid":{"rendered":"https:\/\/nordlinepaadid.ee\/pood\/maaratlemata\/sikaflex-290-dc-pro-must-vuugihermeetik-tiiktekile-600-ml-2\/"},"modified":"2026-04-08T02:01:50","modified_gmt":"2026-04-07T23:01:50","slug":"sikaflex-290-dc-pro-must-vuugihermeetik-tiiktekile-600-ml-2","status":"publish","type":"product","link":"https:\/\/nordlinepaadid.ee\/et\/pood\/paadihooldusvahendid\/liimid-silikoonid-teibid-isolatsioon\/sikaflex-290-dc-pro-must-vuugihermeetik-tiiktekile-600-ml-2\/","title":{"rendered":"SIKAFLEX 290 DC PRO,  MUST, VUUGIHERMEETIK TIIKTEKILE, 600 ml"},"content":{"rendered":"<p>Sikaflex\u00ae-290 DC PRO on \u00fchekomponentne pol\u00fcuretaanp\u00f5hine vuugit\u00e4ide, mis on spetsiaalselt v\u00e4lja t\u00f6\u00f6tatud traditsiooniliste puidust laevatekkide vuukide tihendamiseks. T\u00e4itematerjal omab suurep\u00e4rast ilmastikukindlust ning sobib seet\u00f5ttu h\u00e4sti merekeskkonnas asuvate vuukide t\u00e4itmiseks. Tihendusmaterjal k\u00f5veneb elastseks elastomeeriks, mis v\u00f5imaldab kiiret ja lihtsat lihvimisprotsessi. Sikaflex\u00ae-290 DC PRO vastab rahvusvahelise merendusorganisatsiooni (IMO) kehtestatud n\u00f5uetele.<\/p>\n<p>&#13;<\/p>\n","protected":false},"excerpt":{"rendered":"<p>Sikaflex\u00ae-290 DC PRO on \u00fchekomponentne pol\u00fcuretaanp\u00f5hine vuugit\u00e4ide, mis on spetsiaalselt v\u00e4lja t\u00f6\u00f6tatud traditsiooniliste puidust laevatekkide vuukide tihendamiseks. T\u00e4itematerjal omab suurep\u00e4rast ilmastikukindlust ning sobib seet\u00f5ttu h\u00e4sti merekeskkonnas asuvate vuukide t\u00e4itmiseks. Tihendusmaterjal k\u00f5veneb elastseks elastomeeriks, mis v\u00f5imaldab kiiret ja lihtsat lihvimisprotsessi. Sikaflex\u00ae-290 DC PRO vastab rahvusvahelise merendusorganisatsiooni (IMO) kehtestatud n\u00f5uetele. &#13;<\/p>\n","protected":false},"featured_media":40331,"template":"","meta":{"_kad_blocks_custom_css":"","_kad_blocks_head_custom_js":"","_kad_blocks_body_custom_js":"","_kad_blocks_footer_custom_js":"","_kad_post_transparent":"","_kad_post_title":"","_kad_post_layout":"","_kad_post_sidebar_id":"","_kad_post_content_style":"","_kad_post_vertical_padding":"","_kad_post_feature":"","_kad_post_feature_position":"","_kad_post_header":false,"_kad_post_footer":false,"_kad_post_classname":""},"product_brand":[],"product_cat":[287,284],"product_tag":[],"class_list":{"0":"post-52213","1":"product","2":"type-product","3":"status-publish","4":"has-post-thumbnail","6":"product_cat-liimid-silikoonid-teibid-isolatsioon","7":"product_cat-paadihooldusvahendid","8":"pa_color-must","9":"pa_producer-sika","10":"pa_unit-ml","11":"tm-no-options","13":"first","14":"instock","15":"sale","16":"taxable","17":"shipping-taxable","18":"purchasable","19":"product-type-simple","20":"entry","21":"content-bg","22":"loop-entry"},"yoast_head":"<!-- This site is optimized with the Yoast SEO plugin v27.3 - https:\/\/yoast.com\/product\/yoast-seo-wordpress\/ -->\n<title>SIKAFLEX 290 DC PRO, MUST, VUUGIHERMEETIK TIIKTEKILE, 600 ml - NORDLINE s\u00f5udepaadid ja mootorpaadid. Klaasfiiber materjalist.<\/title>\n<meta name=\"robots\" content=\"index, follow, max-snippet:-1, max-image-preview:large, max-video-preview:-1\" \/>\n<link rel=\"canonical\" href=\"https:\/\/nordlinepaadid.ee\/et\/pood\/paadihooldusvahendid\/liimid-silikoonid-teibid-isolatsioon\/sikaflex-290-dc-pro-must-vuugihermeetik-tiiktekile-600-ml-2\/\" \/>\n<meta property=\"og:locale\" content=\"et_EE\" \/>\n<meta property=\"og:type\" content=\"article\" \/>\n<meta property=\"og:title\" content=\"SIKAFLEX 290 DC PRO, MUST, VUUGIHERMEETIK TIIKTEKILE, 600 ml - NORDLINE s\u00f5udepaadid ja mootorpaadid. Klaasfiiber materjalist.\" \/>\n<meta property=\"og:description\" content=\"Sikaflex\u00ae-290 DC PRO on \u00fchekomponentne pol\u00fcuretaanp\u00f5hine vuugit\u00e4ide, mis on spetsiaalselt v\u00e4lja t\u00f6\u00f6tatud traditsiooniliste puidust laevatekkide vuukide tihendamiseks. T\u00e4itematerjal omab suurep\u00e4rast ilmastikukindlust ning sobib seet\u00f5ttu h\u00e4sti merekeskkonnas asuvate vuukide t\u00e4itmiseks. Tihendusmaterjal k\u00f5veneb elastseks elastomeeriks, mis v\u00f5imaldab kiiret ja lihtsat lihvimisprotsessi. Sikaflex\u00ae-290 DC PRO vastab rahvusvahelise merendusorganisatsiooni (IMO) kehtestatud n\u00f5uetele. &#013;\" \/>\n<meta property=\"og:url\" content=\"https:\/\/nordlinepaadid.ee\/et\/pood\/paadihooldusvahendid\/liimid-silikoonid-teibid-isolatsioon\/sikaflex-290-dc-pro-must-vuugihermeetik-tiiktekile-600-ml-2\/\" \/>\n<meta property=\"og:site_name\" content=\"NORDLINE s\u00f5udepaadid ja mootorpaadid. Klaasfiiber materjalist.\" \/>\n<meta property=\"article:publisher\" content=\"https:\/\/www.facebook.com\/nordlineboats\" \/>\n<meta property=\"article:modified_time\" content=\"2026-04-07T23:01:50+00:00\" \/>\n<meta property=\"og:image\" content=\"https:\/\/nordlinepaadid.ee\/wp-content\/uploads\/2023\/11\/9438_Sikaflex-290-DC-PRO-Dolgu-Macunu-600ml-Sosis-resim-73459.jpg\" \/>\n\t<meta property=\"og:image:width\" content=\"400\" \/>\n\t<meta property=\"og:image:height\" content=\"256\" \/>\n\t<meta property=\"og:image:type\" content=\"image\/jpeg\" \/>\n<meta name=\"twitter:card\" content=\"summary_large_image\" \/>\n<script type=\"application\/ld+json\" class=\"yoast-schema-graph\">{\"@context\":\"https:\\\/\\\/schema.org\",\"@graph\":[{\"@type\":\"WebPage\",\"@id\":\"https:\\\/\\\/nordlinepaadid.ee\\\/et\\\/pood\\\/paadihooldusvahendid\\\/liimid-silikoonid-teibid-isolatsioon\\\/sikaflex-290-dc-pro-must-vuugihermeetik-tiiktekile-600-ml-2\\\/\",\"url\":\"https:\\\/\\\/nordlinepaadid.ee\\\/et\\\/pood\\\/paadihooldusvahendid\\\/liimid-silikoonid-teibid-isolatsioon\\\/sikaflex-290-dc-pro-must-vuugihermeetik-tiiktekile-600-ml-2\\\/\",\"name\":\"SIKAFLEX 290 DC PRO, MUST, VUUGIHERMEETIK TIIKTEKILE, 600 ml - NORDLINE s\u00f5udepaadid ja mootorpaadid. Klaasfiiber materjalist.\",\"isPartOf\":{\"@id\":\"https:\\\/\\\/nordlinepaadid.ee\\\/et\\\/#website\"},\"primaryImageOfPage\":{\"@id\":\"https:\\\/\\\/nordlinepaadid.ee\\\/et\\\/pood\\\/paadihooldusvahendid\\\/liimid-silikoonid-teibid-isolatsioon\\\/sikaflex-290-dc-pro-must-vuugihermeetik-tiiktekile-600-ml-2\\\/#primaryimage\"},\"image\":{\"@id\":\"https:\\\/\\\/nordlinepaadid.ee\\\/et\\\/pood\\\/paadihooldusvahendid\\\/liimid-silikoonid-teibid-isolatsioon\\\/sikaflex-290-dc-pro-must-vuugihermeetik-tiiktekile-600-ml-2\\\/#primaryimage\"},\"thumbnailUrl\":\"https:\\\/\\\/nordlinepaadid.ee\\\/wp-content\\\/uploads\\\/2023\\\/11\\\/9438_Sikaflex-290-DC-PRO-Dolgu-Macunu-600ml-Sosis-resim-73459.jpg\",\"datePublished\":\"2026-04-07T00:23:25+00:00\",\"dateModified\":\"2026-04-07T23:01:50+00:00\",\"breadcrumb\":{\"@id\":\"https:\\\/\\\/nordlinepaadid.ee\\\/et\\\/pood\\\/paadihooldusvahendid\\\/liimid-silikoonid-teibid-isolatsioon\\\/sikaflex-290-dc-pro-must-vuugihermeetik-tiiktekile-600-ml-2\\\/#breadcrumb\"},\"inLanguage\":\"et\",\"potentialAction\":[{\"@type\":\"ReadAction\",\"target\":[\"https:\\\/\\\/nordlinepaadid.ee\\\/et\\\/pood\\\/paadihooldusvahendid\\\/liimid-silikoonid-teibid-isolatsioon\\\/sikaflex-290-dc-pro-must-vuugihermeetik-tiiktekile-600-ml-2\\\/\"]}]},{\"@type\":\"ImageObject\",\"inLanguage\":\"et\",\"@id\":\"https:\\\/\\\/nordlinepaadid.ee\\\/et\\\/pood\\\/paadihooldusvahendid\\\/liimid-silikoonid-teibid-isolatsioon\\\/sikaflex-290-dc-pro-must-vuugihermeetik-tiiktekile-600-ml-2\\\/#primaryimage\",\"url\":\"https:\\\/\\\/nordlinepaadid.ee\\\/wp-content\\\/uploads\\\/2023\\\/11\\\/9438_Sikaflex-290-DC-PRO-Dolgu-Macunu-600ml-Sosis-resim-73459.jpg\",\"contentUrl\":\"https:\\\/\\\/nordlinepaadid.ee\\\/wp-content\\\/uploads\\\/2023\\\/11\\\/9438_Sikaflex-290-DC-PRO-Dolgu-Macunu-600ml-Sosis-resim-73459.jpg\",\"width\":400,\"height\":256},{\"@type\":\"BreadcrumbList\",\"@id\":\"https:\\\/\\\/nordlinepaadid.ee\\\/et\\\/pood\\\/paadihooldusvahendid\\\/liimid-silikoonid-teibid-isolatsioon\\\/sikaflex-290-dc-pro-must-vuugihermeetik-tiiktekile-600-ml-2\\\/#breadcrumb\",\"itemListElement\":[{\"@type\":\"ListItem\",\"position\":1,\"name\":\"Home\",\"item\":\"https:\\\/\\\/nordlinepaadid.ee\\\/et\\\/\"},{\"@type\":\"ListItem\",\"position\":2,\"name\":\"Pood\",\"item\":\"https:\\\/\\\/nordlinepaadid.ee\\\/et\\\/pood\\\/\"},{\"@type\":\"ListItem\",\"position\":3,\"name\":\"SIKAFLEX 290 DC PRO, MUST, VUUGIHERMEETIK TIIKTEKILE, 600 ml\"}]},{\"@type\":\"WebSite\",\"@id\":\"https:\\\/\\\/nordlinepaadid.ee\\\/et\\\/#website\",\"url\":\"https:\\\/\\\/nordlinepaadid.ee\\\/et\\\/\",\"name\":\"NORDLINE s\u00f5udepaadid ja mootorpaadid. Klaasfiiber materjalist.\",\"description\":\"\",\"publisher\":{\"@id\":\"https:\\\/\\\/nordlinepaadid.ee\\\/et\\\/#organization\"},\"potentialAction\":[{\"@type\":\"SearchAction\",\"target\":{\"@type\":\"EntryPoint\",\"urlTemplate\":\"https:\\\/\\\/nordlinepaadid.ee\\\/et\\\/?s={search_term_string}\"},\"query-input\":{\"@type\":\"PropertyValueSpecification\",\"valueRequired\":true,\"valueName\":\"search_term_string\"}}],\"inLanguage\":\"et\"},{\"@type\":\"Organization\",\"@id\":\"https:\\\/\\\/nordlinepaadid.ee\\\/et\\\/#organization\",\"name\":\"Nordlineboats\",\"url\":\"https:\\\/\\\/nordlinepaadid.ee\\\/et\\\/\",\"logo\":{\"@type\":\"ImageObject\",\"inLanguage\":\"et\",\"@id\":\"https:\\\/\\\/nordlinepaadid.ee\\\/et\\\/#\\\/schema\\\/logo\\\/image\\\/\",\"url\":\"https:\\\/\\\/nordlinepaadid.ee\\\/wp-content\\\/uploads\\\/2023\\\/01\\\/fulllogo_transparent_nobuffer-e1672750475494.png\",\"contentUrl\":\"https:\\\/\\\/nordlinepaadid.ee\\\/wp-content\\\/uploads\\\/2023\\\/01\\\/fulllogo_transparent_nobuffer-e1672750475494.png\",\"width\":150,\"height\":119,\"caption\":\"Nordlineboats\"},\"image\":{\"@id\":\"https:\\\/\\\/nordlinepaadid.ee\\\/et\\\/#\\\/schema\\\/logo\\\/image\\\/\"},\"sameAs\":[\"https:\\\/\\\/www.facebook.com\\\/nordlineboats\",\"https:\\\/\\\/www.youtube.com\\\/channel\\\/UCbgF0fy02y3QkFnujaLTaCA\"]}]}<\/script>\n<!-- \/ Yoast SEO plugin. -->","yoast_head_json":{"title":"SIKAFLEX 290 DC PRO, MUST, VUUGIHERMEETIK TIIKTEKILE, 600 ml - NORDLINE s\u00f5udepaadid ja mootorpaadid. Klaasfiiber materjalist.","robots":{"index":"index","follow":"follow","max-snippet":"max-snippet:-1","max-image-preview":"max-image-preview:large","max-video-preview":"max-video-preview:-1"},"canonical":"https:\/\/nordlinepaadid.ee\/et\/pood\/paadihooldusvahendid\/liimid-silikoonid-teibid-isolatsioon\/sikaflex-290-dc-pro-must-vuugihermeetik-tiiktekile-600-ml-2\/","og_locale":"et_EE","og_type":"article","og_title":"SIKAFLEX 290 DC PRO, MUST, VUUGIHERMEETIK TIIKTEKILE, 600 ml - NORDLINE s\u00f5udepaadid ja mootorpaadid. Klaasfiiber materjalist.","og_description":"Sikaflex\u00ae-290 DC PRO on \u00fchekomponentne pol\u00fcuretaanp\u00f5hine vuugit\u00e4ide, mis on spetsiaalselt v\u00e4lja t\u00f6\u00f6tatud traditsiooniliste puidust laevatekkide vuukide tihendamiseks. T\u00e4itematerjal omab suurep\u00e4rast ilmastikukindlust ning sobib seet\u00f5ttu h\u00e4sti merekeskkonnas asuvate vuukide t\u00e4itmiseks. Tihendusmaterjal k\u00f5veneb elastseks elastomeeriks, mis v\u00f5imaldab kiiret ja lihtsat lihvimisprotsessi. Sikaflex\u00ae-290 DC PRO vastab rahvusvahelise merendusorganisatsiooni (IMO) kehtestatud n\u00f5uetele. &#13;","og_url":"https:\/\/nordlinepaadid.ee\/et\/pood\/paadihooldusvahendid\/liimid-silikoonid-teibid-isolatsioon\/sikaflex-290-dc-pro-must-vuugihermeetik-tiiktekile-600-ml-2\/","og_site_name":"NORDLINE s\u00f5udepaadid ja mootorpaadid. Klaasfiiber materjalist.","article_publisher":"https:\/\/www.facebook.com\/nordlineboats","article_modified_time":"2026-04-07T23:01:50+00:00","og_image":[{"width":400,"height":256,"url":"https:\/\/nordlinepaadid.ee\/wp-content\/uploads\/2023\/11\/9438_Sikaflex-290-DC-PRO-Dolgu-Macunu-600ml-Sosis-resim-73459.jpg","type":"image\/jpeg"}],"twitter_card":"summary_large_image","schema":{"@context":"https:\/\/schema.org","@graph":[{"@type":"WebPage","@id":"https:\/\/nordlinepaadid.ee\/et\/pood\/paadihooldusvahendid\/liimid-silikoonid-teibid-isolatsioon\/sikaflex-290-dc-pro-must-vuugihermeetik-tiiktekile-600-ml-2\/","url":"https:\/\/nordlinepaadid.ee\/et\/pood\/paadihooldusvahendid\/liimid-silikoonid-teibid-isolatsioon\/sikaflex-290-dc-pro-must-vuugihermeetik-tiiktekile-600-ml-2\/","name":"SIKAFLEX 290 DC PRO, MUST, VUUGIHERMEETIK TIIKTEKILE, 600 ml - NORDLINE s\u00f5udepaadid ja mootorpaadid. Klaasfiiber materjalist.","isPartOf":{"@id":"https:\/\/nordlinepaadid.ee\/et\/#website"},"primaryImageOfPage":{"@id":"https:\/\/nordlinepaadid.ee\/et\/pood\/paadihooldusvahendid\/liimid-silikoonid-teibid-isolatsioon\/sikaflex-290-dc-pro-must-vuugihermeetik-tiiktekile-600-ml-2\/#primaryimage"},"image":{"@id":"https:\/\/nordlinepaadid.ee\/et\/pood\/paadihooldusvahendid\/liimid-silikoonid-teibid-isolatsioon\/sikaflex-290-dc-pro-must-vuugihermeetik-tiiktekile-600-ml-2\/#primaryimage"},"thumbnailUrl":"https:\/\/nordlinepaadid.ee\/wp-content\/uploads\/2023\/11\/9438_Sikaflex-290-DC-PRO-Dolgu-Macunu-600ml-Sosis-resim-73459.jpg","datePublished":"2026-04-07T00:23:25+00:00","dateModified":"2026-04-07T23:01:50+00:00","breadcrumb":{"@id":"https:\/\/nordlinepaadid.ee\/et\/pood\/paadihooldusvahendid\/liimid-silikoonid-teibid-isolatsioon\/sikaflex-290-dc-pro-must-vuugihermeetik-tiiktekile-600-ml-2\/#breadcrumb"},"inLanguage":"et","potentialAction":[{"@type":"ReadAction","target":["https:\/\/nordlinepaadid.ee\/et\/pood\/paadihooldusvahendid\/liimid-silikoonid-teibid-isolatsioon\/sikaflex-290-dc-pro-must-vuugihermeetik-tiiktekile-600-ml-2\/"]}]},{"@type":"ImageObject","inLanguage":"et","@id":"https:\/\/nordlinepaadid.ee\/et\/pood\/paadihooldusvahendid\/liimid-silikoonid-teibid-isolatsioon\/sikaflex-290-dc-pro-must-vuugihermeetik-tiiktekile-600-ml-2\/#primaryimage","url":"https:\/\/nordlinepaadid.ee\/wp-content\/uploads\/2023\/11\/9438_Sikaflex-290-DC-PRO-Dolgu-Macunu-600ml-Sosis-resim-73459.jpg","contentUrl":"https:\/\/nordlinepaadid.ee\/wp-content\/uploads\/2023\/11\/9438_Sikaflex-290-DC-PRO-Dolgu-Macunu-600ml-Sosis-resim-73459.jpg","width":400,"height":256},{"@type":"BreadcrumbList","@id":"https:\/\/nordlinepaadid.ee\/et\/pood\/paadihooldusvahendid\/liimid-silikoonid-teibid-isolatsioon\/sikaflex-290-dc-pro-must-vuugihermeetik-tiiktekile-600-ml-2\/#breadcrumb","itemListElement":[{"@type":"ListItem","position":1,"name":"Home","item":"https:\/\/nordlinepaadid.ee\/et\/"},{"@type":"ListItem","position":2,"name":"Pood","item":"https:\/\/nordlinepaadid.ee\/et\/pood\/"},{"@type":"ListItem","position":3,"name":"SIKAFLEX 290 DC PRO, MUST, VUUGIHERMEETIK TIIKTEKILE, 600 ml"}]},{"@type":"WebSite","@id":"https:\/\/nordlinepaadid.ee\/et\/#website","url":"https:\/\/nordlinepaadid.ee\/et\/","name":"NORDLINE s\u00f5udepaadid ja mootorpaadid. Klaasfiiber materjalist.","description":"","publisher":{"@id":"https:\/\/nordlinepaadid.ee\/et\/#organization"},"potentialAction":[{"@type":"SearchAction","target":{"@type":"EntryPoint","urlTemplate":"https:\/\/nordlinepaadid.ee\/et\/?s={search_term_string}"},"query-input":{"@type":"PropertyValueSpecification","valueRequired":true,"valueName":"search_term_string"}}],"inLanguage":"et"},{"@type":"Organization","@id":"https:\/\/nordlinepaadid.ee\/et\/#organization","name":"Nordlineboats","url":"https:\/\/nordlinepaadid.ee\/et\/","logo":{"@type":"ImageObject","inLanguage":"et","@id":"https:\/\/nordlinepaadid.ee\/et\/#\/schema\/logo\/image\/","url":"https:\/\/nordlinepaadid.ee\/wp-content\/uploads\/2023\/01\/fulllogo_transparent_nobuffer-e1672750475494.png","contentUrl":"https:\/\/nordlinepaadid.ee\/wp-content\/uploads\/2023\/01\/fulllogo_transparent_nobuffer-e1672750475494.png","width":150,"height":119,"caption":"Nordlineboats"},"image":{"@id":"https:\/\/nordlinepaadid.ee\/et\/#\/schema\/logo\/image\/"},"sameAs":["https:\/\/www.facebook.com\/nordlineboats","https:\/\/www.youtube.com\/channel\/UCbgF0fy02y3QkFnujaLTaCA"]}]}},"taxonomy_info":{"product_cat":[{"value":287,"label":"Liimid, Silikoonid, Teibid, Isolatsioon"},{"value":284,"label":"PAADIHOOLDUSVAHENDID"}],"pa_color":[{"value":684,"label":"Must"}],"pa_producer":[{"value":434,"label":"Sika"}],"pa_unit":[{"value":433,"label":"ml"}]},"featured_image_src_large":["https:\/\/nordlinepaadid.ee\/wp-content\/uploads\/2023\/11\/9438_Sikaflex-290-DC-PRO-Dolgu-Macunu-600ml-Sosis-resim-73459.jpg",400,256,false],"author_info":[],"comment_info":"","_links":{"self":[{"href":"https:\/\/nordlinepaadid.ee\/et\/wp-json\/wp\/v2\/product\/52213","targetHints":{"allow":["GET"]}}],"collection":[{"href":"https:\/\/nordlinepaadid.ee\/et\/wp-json\/wp\/v2\/product"}],"about":[{"href":"https:\/\/nordlinepaadid.ee\/et\/wp-json\/wp\/v2\/types\/product"}],"wp:featuredmedia":[{"embeddable":true,"href":"https:\/\/nordlinepaadid.ee\/et\/wp-json\/wp\/v2\/media\/40331"}],"wp:attachment":[{"href":"https:\/\/nordlinepaadid.ee\/et\/wp-json\/wp\/v2\/media?parent=52213"}],"wp:term":[{"taxonomy":"product_brand","embeddable":true,"href":"https:\/\/nordlinepaadid.ee\/et\/wp-json\/wp\/v2\/product_brand?post=52213"},{"taxonomy":"product_cat","embeddable":true,"href":"https:\/\/nordlinepaadid.ee\/et\/wp-json\/wp\/v2\/product_cat?post=52213"},{"taxonomy":"product_tag","embeddable":true,"href":"https:\/\/nordlinepaadid.ee\/et\/wp-json\/wp\/v2\/product_tag?post=52213"}],"curies":[{"name":"wp","href":"https:\/\/api.w.org\/{rel}","templated":true}]}}