{"id":52294,"date":"2026-04-07T03:30:33","date_gmt":"2026-04-07T00:30:33","guid":{"rendered":"https:\/\/nordlinepaadid.ee\/pood\/maaratlemata\/purjetamisjope-marinepool-moresby-meestele-sinine-punane-l\/"},"modified":"2026-04-07T03:30:33","modified_gmt":"2026-04-07T00:30:33","slug":"purjetamisjope-marinepool-moresby-meestele-sinine-punane-l","status":"publish","type":"product","link":"https:\/\/nordlinepaadid.ee\/et\/pood\/maaramata\/purjetamisjope-marinepool-moresby-meestele-sinine-punane-l\/","title":{"rendered":"PURJETAMISJOPE- MARINEPOOL MORESBY, MEESTELE, SININE\/PUNANE, L"},"content":{"rendered":"<p style=\"text-align:justify\">Moresby rannikujope meestele on uuenduslik ja sportlik seeria Marinepoolilt. See \u00fchendab endas v\u00e4rske disaini, praktilised omadused ja kvaliteetsed materjalid kontrastsete k\u00fcljepaneelidega. Coastal seeria on valmistatud vastupidavast, kuid pehmest kahekihilisest Oxford pol\u00fcamiidkangast, mis on veekindel ja hingav. Jopel on fliisvoodriga krae reguleeritava kapuutsiga, topeltn\u00f6\u00f6pidega sulgemiskoht, topeltmansetid, kaks v\u00e4listaskut veekindlate lukkudega ja helkurelementidega. Vooder on kombineeritud taftist ja v\u00f5rkkangast, sisemine tasku lukuga. Materjal: Oxford, v\u00e4lismaterjal &#8211; 100% pol\u00fcamiid, PU-kate: 100% pol\u00fcuretaan, vooder: 100% pol\u00fcester. Eriomadused: veekindlus- 10.000 mm; Hingavus- 6.000g\/m\u00b2\/24h.<\/p>\n<p>&#13;<\/p>\n","protected":false},"excerpt":{"rendered":"<p>Moresby rannikujope meestele on uuenduslik ja sportlik seeria Marinepoolilt. See \u00fchendab endas v\u00e4rske disaini, praktilised omadused ja kvaliteetsed materjalid kontrastsete k\u00fcljepaneelidega. Coastal seeria on valmistatud vastupidavast, kuid pehmest kahekihilisest Oxford pol\u00fcamiidkangast, mis on veekindel ja hingav. Jopel on fliisvoodriga krae reguleeritava kapuutsiga, topeltn\u00f6\u00f6pidega sulgemiskoht, topeltmansetid, kaks v\u00e4listaskut veekindlate lukkudega ja helkurelementidega. Vooder on kombineeritud taftist&#8230;<\/p>\n","protected":false},"featured_media":55590,"template":"","meta":{"_kad_blocks_custom_css":"","_kad_blocks_head_custom_js":"","_kad_blocks_body_custom_js":"","_kad_blocks_footer_custom_js":"","_kad_post_transparent":"","_kad_post_title":"","_kad_post_layout":"","_kad_post_sidebar_id":"","_kad_post_content_style":"","_kad_post_vertical_padding":"","_kad_post_feature":"","_kad_post_feature_position":"","_kad_post_header":false,"_kad_post_footer":false,"_kad_post_classname":""},"product_brand":[],"product_cat":[1078],"product_tag":[],"class_list":{"0":"post-52294","1":"product","2":"type-product","3":"status-publish","4":"has-post-thumbnail","6":"product_cat-maaramata","7":"pa_color-tumesinine-punane","8":"pa_producer-marinepool","9":"tm-no-options","11":"first","12":"instock","13":"sale","14":"taxable","15":"shipping-taxable","16":"purchasable","17":"product-type-simple","18":"entry","19":"content-bg","20":"loop-entry"},"yoast_head":"<!-- This site is optimized with the Yoast SEO plugin v27.3 - https:\/\/yoast.com\/product\/yoast-seo-wordpress\/ -->\n<title>PURJETAMISJOPE- MARINEPOOL MORESBY, MEESTELE, SININE\/PUNANE, L - NORDLINE s\u00f5udepaadid ja mootorpaadid. Klaasfiiber materjalist.<\/title>\n<meta name=\"robots\" content=\"index, follow, max-snippet:-1, max-image-preview:large, max-video-preview:-1\" \/>\n<link rel=\"canonical\" href=\"https:\/\/nordlinepaadid.ee\/et\/pood\/maaramata\/purjetamisjope-marinepool-moresby-meestele-sinine-punane-l\/\" \/>\n<meta property=\"og:locale\" content=\"et_EE\" \/>\n<meta property=\"og:type\" content=\"article\" \/>\n<meta property=\"og:title\" content=\"PURJETAMISJOPE- MARINEPOOL MORESBY, MEESTELE, SININE\/PUNANE, L - NORDLINE s\u00f5udepaadid ja mootorpaadid. Klaasfiiber materjalist.\" \/>\n<meta property=\"og:description\" content=\"Moresby rannikujope meestele on uuenduslik ja sportlik seeria Marinepoolilt. See \u00fchendab endas v\u00e4rske disaini, praktilised omadused ja kvaliteetsed materjalid kontrastsete k\u00fcljepaneelidega. Coastal seeria on valmistatud vastupidavast, kuid pehmest kahekihilisest Oxford pol\u00fcamiidkangast, mis on veekindel ja hingav. Jopel on fliisvoodriga krae reguleeritava kapuutsiga, topeltn\u00f6\u00f6pidega sulgemiskoht, topeltmansetid, kaks v\u00e4listaskut veekindlate lukkudega ja helkurelementidega. Vooder on kombineeritud taftist...\" \/>\n<meta property=\"og:url\" content=\"https:\/\/nordlinepaadid.ee\/et\/pood\/maaramata\/purjetamisjope-marinepool-moresby-meestele-sinine-punane-l\/\" \/>\n<meta property=\"og:site_name\" content=\"NORDLINE s\u00f5udepaadid ja mootorpaadid. Klaasfiiber materjalist.\" \/>\n<meta property=\"article:publisher\" content=\"https:\/\/www.facebook.com\/nordlineboats\" \/>\n<meta property=\"og:image\" content=\"https:\/\/nordlinepaadid.ee\/wp-content\/uploads\/2026\/02\/12996_MPL-1004629-M-1.jpg\" \/>\n\t<meta property=\"og:image:width\" content=\"720\" \/>\n\t<meta property=\"og:image:height\" content=\"720\" \/>\n\t<meta property=\"og:image:type\" content=\"image\/jpeg\" \/>\n<meta name=\"twitter:card\" content=\"summary_large_image\" \/>\n<script type=\"application\/ld+json\" class=\"yoast-schema-graph\">{\"@context\":\"https:\\\/\\\/schema.org\",\"@graph\":[{\"@type\":\"WebPage\",\"@id\":\"https:\\\/\\\/nordlinepaadid.ee\\\/et\\\/pood\\\/maaramata\\\/purjetamisjope-marinepool-moresby-meestele-sinine-punane-l\\\/\",\"url\":\"https:\\\/\\\/nordlinepaadid.ee\\\/et\\\/pood\\\/maaramata\\\/purjetamisjope-marinepool-moresby-meestele-sinine-punane-l\\\/\",\"name\":\"PURJETAMISJOPE- MARINEPOOL MORESBY, MEESTELE, SININE\\\/PUNANE, L - NORDLINE s\u00f5udepaadid ja mootorpaadid. Klaasfiiber materjalist.\",\"isPartOf\":{\"@id\":\"https:\\\/\\\/nordlinepaadid.ee\\\/et\\\/#website\"},\"primaryImageOfPage\":{\"@id\":\"https:\\\/\\\/nordlinepaadid.ee\\\/et\\\/pood\\\/maaramata\\\/purjetamisjope-marinepool-moresby-meestele-sinine-punane-l\\\/#primaryimage\"},\"image\":{\"@id\":\"https:\\\/\\\/nordlinepaadid.ee\\\/et\\\/pood\\\/maaramata\\\/purjetamisjope-marinepool-moresby-meestele-sinine-punane-l\\\/#primaryimage\"},\"thumbnailUrl\":\"https:\\\/\\\/nordlinepaadid.ee\\\/wp-content\\\/uploads\\\/2026\\\/02\\\/12996_MPL-1004629-M-1.jpg\",\"datePublished\":\"2026-04-07T00:30:33+00:00\",\"breadcrumb\":{\"@id\":\"https:\\\/\\\/nordlinepaadid.ee\\\/et\\\/pood\\\/maaramata\\\/purjetamisjope-marinepool-moresby-meestele-sinine-punane-l\\\/#breadcrumb\"},\"inLanguage\":\"et\",\"potentialAction\":[{\"@type\":\"ReadAction\",\"target\":[\"https:\\\/\\\/nordlinepaadid.ee\\\/et\\\/pood\\\/maaramata\\\/purjetamisjope-marinepool-moresby-meestele-sinine-punane-l\\\/\"]}]},{\"@type\":\"ImageObject\",\"inLanguage\":\"et\",\"@id\":\"https:\\\/\\\/nordlinepaadid.ee\\\/et\\\/pood\\\/maaramata\\\/purjetamisjope-marinepool-moresby-meestele-sinine-punane-l\\\/#primaryimage\",\"url\":\"https:\\\/\\\/nordlinepaadid.ee\\\/wp-content\\\/uploads\\\/2026\\\/02\\\/12996_MPL-1004629-M-1.jpg\",\"contentUrl\":\"https:\\\/\\\/nordlinepaadid.ee\\\/wp-content\\\/uploads\\\/2026\\\/02\\\/12996_MPL-1004629-M-1.jpg\",\"width\":720,\"height\":720},{\"@type\":\"BreadcrumbList\",\"@id\":\"https:\\\/\\\/nordlinepaadid.ee\\\/et\\\/pood\\\/maaramata\\\/purjetamisjope-marinepool-moresby-meestele-sinine-punane-l\\\/#breadcrumb\",\"itemListElement\":[{\"@type\":\"ListItem\",\"position\":1,\"name\":\"Home\",\"item\":\"https:\\\/\\\/nordlinepaadid.ee\\\/et\\\/\"},{\"@type\":\"ListItem\",\"position\":2,\"name\":\"Pood\",\"item\":\"https:\\\/\\\/nordlinepaadid.ee\\\/et\\\/pood\\\/\"},{\"@type\":\"ListItem\",\"position\":3,\"name\":\"PURJETAMISJOPE- MARINEPOOL MORESBY, MEESTELE, SININE\\\/PUNANE, L\"}]},{\"@type\":\"WebSite\",\"@id\":\"https:\\\/\\\/nordlinepaadid.ee\\\/et\\\/#website\",\"url\":\"https:\\\/\\\/nordlinepaadid.ee\\\/et\\\/\",\"name\":\"NORDLINE s\u00f5udepaadid ja mootorpaadid. Klaasfiiber materjalist.\",\"description\":\"\",\"publisher\":{\"@id\":\"https:\\\/\\\/nordlinepaadid.ee\\\/et\\\/#organization\"},\"potentialAction\":[{\"@type\":\"SearchAction\",\"target\":{\"@type\":\"EntryPoint\",\"urlTemplate\":\"https:\\\/\\\/nordlinepaadid.ee\\\/et\\\/?s={search_term_string}\"},\"query-input\":{\"@type\":\"PropertyValueSpecification\",\"valueRequired\":true,\"valueName\":\"search_term_string\"}}],\"inLanguage\":\"et\"},{\"@type\":\"Organization\",\"@id\":\"https:\\\/\\\/nordlinepaadid.ee\\\/et\\\/#organization\",\"name\":\"Nordlineboats\",\"url\":\"https:\\\/\\\/nordlinepaadid.ee\\\/et\\\/\",\"logo\":{\"@type\":\"ImageObject\",\"inLanguage\":\"et\",\"@id\":\"https:\\\/\\\/nordlinepaadid.ee\\\/et\\\/#\\\/schema\\\/logo\\\/image\\\/\",\"url\":\"https:\\\/\\\/nordlinepaadid.ee\\\/wp-content\\\/uploads\\\/2023\\\/01\\\/fulllogo_transparent_nobuffer-e1672750475494.png\",\"contentUrl\":\"https:\\\/\\\/nordlinepaadid.ee\\\/wp-content\\\/uploads\\\/2023\\\/01\\\/fulllogo_transparent_nobuffer-e1672750475494.png\",\"width\":150,\"height\":119,\"caption\":\"Nordlineboats\"},\"image\":{\"@id\":\"https:\\\/\\\/nordlinepaadid.ee\\\/et\\\/#\\\/schema\\\/logo\\\/image\\\/\"},\"sameAs\":[\"https:\\\/\\\/www.facebook.com\\\/nordlineboats\",\"https:\\\/\\\/www.youtube.com\\\/channel\\\/UCbgF0fy02y3QkFnujaLTaCA\"]}]}<\/script>\n<!-- \/ Yoast SEO plugin. -->","yoast_head_json":{"title":"PURJETAMISJOPE- MARINEPOOL MORESBY, MEESTELE, SININE\/PUNANE, L - NORDLINE s\u00f5udepaadid ja mootorpaadid. Klaasfiiber materjalist.","robots":{"index":"index","follow":"follow","max-snippet":"max-snippet:-1","max-image-preview":"max-image-preview:large","max-video-preview":"max-video-preview:-1"},"canonical":"https:\/\/nordlinepaadid.ee\/et\/pood\/maaramata\/purjetamisjope-marinepool-moresby-meestele-sinine-punane-l\/","og_locale":"et_EE","og_type":"article","og_title":"PURJETAMISJOPE- MARINEPOOL MORESBY, MEESTELE, SININE\/PUNANE, L - NORDLINE s\u00f5udepaadid ja mootorpaadid. Klaasfiiber materjalist.","og_description":"Moresby rannikujope meestele on uuenduslik ja sportlik seeria Marinepoolilt. See \u00fchendab endas v\u00e4rske disaini, praktilised omadused ja kvaliteetsed materjalid kontrastsete k\u00fcljepaneelidega. Coastal seeria on valmistatud vastupidavast, kuid pehmest kahekihilisest Oxford pol\u00fcamiidkangast, mis on veekindel ja hingav. Jopel on fliisvoodriga krae reguleeritava kapuutsiga, topeltn\u00f6\u00f6pidega sulgemiskoht, topeltmansetid, kaks v\u00e4listaskut veekindlate lukkudega ja helkurelementidega. Vooder on kombineeritud taftist...","og_url":"https:\/\/nordlinepaadid.ee\/et\/pood\/maaramata\/purjetamisjope-marinepool-moresby-meestele-sinine-punane-l\/","og_site_name":"NORDLINE s\u00f5udepaadid ja mootorpaadid. Klaasfiiber materjalist.","article_publisher":"https:\/\/www.facebook.com\/nordlineboats","og_image":[{"width":720,"height":720,"url":"https:\/\/nordlinepaadid.ee\/wp-content\/uploads\/2026\/02\/12996_MPL-1004629-M-1.jpg","type":"image\/jpeg"}],"twitter_card":"summary_large_image","schema":{"@context":"https:\/\/schema.org","@graph":[{"@type":"WebPage","@id":"https:\/\/nordlinepaadid.ee\/et\/pood\/maaramata\/purjetamisjope-marinepool-moresby-meestele-sinine-punane-l\/","url":"https:\/\/nordlinepaadid.ee\/et\/pood\/maaramata\/purjetamisjope-marinepool-moresby-meestele-sinine-punane-l\/","name":"PURJETAMISJOPE- MARINEPOOL MORESBY, MEESTELE, SININE\/PUNANE, L - NORDLINE s\u00f5udepaadid ja mootorpaadid. Klaasfiiber materjalist.","isPartOf":{"@id":"https:\/\/nordlinepaadid.ee\/et\/#website"},"primaryImageOfPage":{"@id":"https:\/\/nordlinepaadid.ee\/et\/pood\/maaramata\/purjetamisjope-marinepool-moresby-meestele-sinine-punane-l\/#primaryimage"},"image":{"@id":"https:\/\/nordlinepaadid.ee\/et\/pood\/maaramata\/purjetamisjope-marinepool-moresby-meestele-sinine-punane-l\/#primaryimage"},"thumbnailUrl":"https:\/\/nordlinepaadid.ee\/wp-content\/uploads\/2026\/02\/12996_MPL-1004629-M-1.jpg","datePublished":"2026-04-07T00:30:33+00:00","breadcrumb":{"@id":"https:\/\/nordlinepaadid.ee\/et\/pood\/maaramata\/purjetamisjope-marinepool-moresby-meestele-sinine-punane-l\/#breadcrumb"},"inLanguage":"et","potentialAction":[{"@type":"ReadAction","target":["https:\/\/nordlinepaadid.ee\/et\/pood\/maaramata\/purjetamisjope-marinepool-moresby-meestele-sinine-punane-l\/"]}]},{"@type":"ImageObject","inLanguage":"et","@id":"https:\/\/nordlinepaadid.ee\/et\/pood\/maaramata\/purjetamisjope-marinepool-moresby-meestele-sinine-punane-l\/#primaryimage","url":"https:\/\/nordlinepaadid.ee\/wp-content\/uploads\/2026\/02\/12996_MPL-1004629-M-1.jpg","contentUrl":"https:\/\/nordlinepaadid.ee\/wp-content\/uploads\/2026\/02\/12996_MPL-1004629-M-1.jpg","width":720,"height":720},{"@type":"BreadcrumbList","@id":"https:\/\/nordlinepaadid.ee\/et\/pood\/maaramata\/purjetamisjope-marinepool-moresby-meestele-sinine-punane-l\/#breadcrumb","itemListElement":[{"@type":"ListItem","position":1,"name":"Home","item":"https:\/\/nordlinepaadid.ee\/et\/"},{"@type":"ListItem","position":2,"name":"Pood","item":"https:\/\/nordlinepaadid.ee\/et\/pood\/"},{"@type":"ListItem","position":3,"name":"PURJETAMISJOPE- MARINEPOOL MORESBY, MEESTELE, SININE\/PUNANE, L"}]},{"@type":"WebSite","@id":"https:\/\/nordlinepaadid.ee\/et\/#website","url":"https:\/\/nordlinepaadid.ee\/et\/","name":"NORDLINE s\u00f5udepaadid ja mootorpaadid. Klaasfiiber materjalist.","description":"","publisher":{"@id":"https:\/\/nordlinepaadid.ee\/et\/#organization"},"potentialAction":[{"@type":"SearchAction","target":{"@type":"EntryPoint","urlTemplate":"https:\/\/nordlinepaadid.ee\/et\/?s={search_term_string}"},"query-input":{"@type":"PropertyValueSpecification","valueRequired":true,"valueName":"search_term_string"}}],"inLanguage":"et"},{"@type":"Organization","@id":"https:\/\/nordlinepaadid.ee\/et\/#organization","name":"Nordlineboats","url":"https:\/\/nordlinepaadid.ee\/et\/","logo":{"@type":"ImageObject","inLanguage":"et","@id":"https:\/\/nordlinepaadid.ee\/et\/#\/schema\/logo\/image\/","url":"https:\/\/nordlinepaadid.ee\/wp-content\/uploads\/2023\/01\/fulllogo_transparent_nobuffer-e1672750475494.png","contentUrl":"https:\/\/nordlinepaadid.ee\/wp-content\/uploads\/2023\/01\/fulllogo_transparent_nobuffer-e1672750475494.png","width":150,"height":119,"caption":"Nordlineboats"},"image":{"@id":"https:\/\/nordlinepaadid.ee\/et\/#\/schema\/logo\/image\/"},"sameAs":["https:\/\/www.facebook.com\/nordlineboats","https:\/\/www.youtube.com\/channel\/UCbgF0fy02y3QkFnujaLTaCA"]}]}},"taxonomy_info":{"product_cat":[{"value":1078,"label":"M\u00e4\u00e4ramata"}],"pa_color":[{"value":1831,"label":"Tumesinine\/Punane"}],"pa_producer":[{"value":480,"label":"Marinepool"}]},"featured_image_src_large":["https:\/\/nordlinepaadid.ee\/wp-content\/uploads\/2026\/02\/12996_MPL-1004629-M-1.jpg",720,720,false],"author_info":[],"comment_info":"","_links":{"self":[{"href":"https:\/\/nordlinepaadid.ee\/et\/wp-json\/wp\/v2\/product\/52294","targetHints":{"allow":["GET"]}}],"collection":[{"href":"https:\/\/nordlinepaadid.ee\/et\/wp-json\/wp\/v2\/product"}],"about":[{"href":"https:\/\/nordlinepaadid.ee\/et\/wp-json\/wp\/v2\/types\/product"}],"wp:featuredmedia":[{"embeddable":true,"href":"https:\/\/nordlinepaadid.ee\/et\/wp-json\/wp\/v2\/media\/55590"}],"wp:attachment":[{"href":"https:\/\/nordlinepaadid.ee\/et\/wp-json\/wp\/v2\/media?parent=52294"}],"wp:term":[{"taxonomy":"product_brand","embeddable":true,"href":"https:\/\/nordlinepaadid.ee\/et\/wp-json\/wp\/v2\/product_brand?post=52294"},{"taxonomy":"product_cat","embeddable":true,"href":"https:\/\/nordlinepaadid.ee\/et\/wp-json\/wp\/v2\/product_cat?post=52294"},{"taxonomy":"product_tag","embeddable":true,"href":"https:\/\/nordlinepaadid.ee\/et\/wp-json\/wp\/v2\/product_tag?post=52294"}],"curies":[{"name":"wp","href":"https:\/\/api.w.org\/{rel}","templated":true}]}}