{"id":53085,"date":"2026-04-07T03:30:52","date_gmt":"2026-04-07T00:30:52","guid":{"rendered":"https:\/\/nordlinepaadid.ee\/pood\/maaratlemata\/korgendussari-polvedele-mcm-76-mm\/"},"modified":"2026-04-07T03:30:52","modified_gmt":"2026-04-07T00:30:52","slug":"korgendussari-polvedele-mcm-76-mm","status":"publish","type":"product","link":"https:\/\/nordlinepaadid.ee\/et\/pood\/varuosad-mootorpaatidele\/mootoritarvikud-ja-kinnitused\/korgendussari-polvedele-mcm-76-mm\/","title":{"rendered":"K\u00d5RGENDUSSARI P\u00d5LVEDELE, MCM, 76 mm"},"content":{"rendered":"<p>Vaher\u00f5nga komplekt (\u00fchele mootorile. K\u00f5rgus: 3&#8243; (76,2 mm). MerCruiseri 4&#8243; p\u00f5lvede jaoks.<\/p>\n<p>&#13;<br \/>\n&#13;<\/p>\n<p>&nbsp;<\/p>\n<p>&#13;<br \/>\n&#13;<\/p>\n<p><strong>Komplekt sisaldab:<\/strong><\/p>\n<p>&#13;<br \/>\n&#13;<\/p>\n<p>\u2022 2 vaher\u00f5ngast<\/p>\n<p>&#13;<br \/>\n&#13;<\/p>\n<p>\u2022 Kinnituspoldid<\/p>\n<p>&#13;<br \/>\n&#13;<\/p>\n<p>\u2022 Tihendid<\/p>\n<p>&#13;<\/p>\n","protected":false},"excerpt":{"rendered":"<p>Vaher\u00f5nga komplekt (\u00fchele mootorile. K\u00f5rgus: 3&#8243; (76,2 mm). MerCruiseri 4&#8243; p\u00f5lvede jaoks. &#13; &#13; &nbsp; &#13; &#13; Komplekt sisaldab: &#13; &#13; \u2022 2 vaher\u00f5ngast &#13; &#13; \u2022 Kinnituspoldid &#13; &#13; \u2022 Tihendid &#13;<\/p>\n","protected":false},"featured_media":55862,"template":"","meta":{"_kad_blocks_custom_css":"","_kad_blocks_head_custom_js":"","_kad_blocks_body_custom_js":"","_kad_blocks_footer_custom_js":"","_kad_post_transparent":"","_kad_post_title":"","_kad_post_layout":"","_kad_post_sidebar_id":"","_kad_post_content_style":"","_kad_post_vertical_padding":"","_kad_post_feature":"","_kad_post_feature_position":"","_kad_post_header":false,"_kad_post_footer":false,"_kad_post_classname":""},"product_brand":[],"product_cat":[288,249],"product_tag":[],"class_list":{"0":"post-53085","1":"product","2":"type-product","3":"status-publish","4":"has-post-thumbnail","6":"product_cat-mootoritarvikud-ja-kinnitused","7":"product_cat-varuosad-mootorpaatidele","8":"pa_producer-recmar","9":"pa_unit-pcs","10":"tm-no-options","12":"first","13":"instock","14":"taxable","15":"shipping-taxable","16":"purchasable","17":"product-type-simple","18":"entry","19":"content-bg","20":"loop-entry"},"yoast_head":"<!-- This site is optimized with the Yoast SEO plugin v27.3 - https:\/\/yoast.com\/product\/yoast-seo-wordpress\/ -->\n<title>K\u00d5RGENDUSSARI P\u00d5LVEDELE, MCM, 76 mm - NORDLINE s\u00f5udepaadid ja mootorpaadid. Klaasfiiber materjalist.<\/title>\n<meta name=\"robots\" content=\"index, follow, max-snippet:-1, max-image-preview:large, max-video-preview:-1\" \/>\n<link rel=\"canonical\" href=\"https:\/\/nordlinepaadid.ee\/et\/pood\/varuosad-mootorpaatidele\/mootoritarvikud-ja-kinnitused\/korgendussari-polvedele-mcm-76-mm\/\" \/>\n<meta property=\"og:locale\" content=\"et_EE\" \/>\n<meta property=\"og:type\" content=\"article\" \/>\n<meta property=\"og:title\" content=\"K\u00d5RGENDUSSARI P\u00d5LVEDELE, MCM, 76 mm - NORDLINE s\u00f5udepaadid ja mootorpaadid. Klaasfiiber materjalist.\" \/>\n<meta property=\"og:description\" content=\"Vaher\u00f5nga komplekt (\u00fchele mootorile. K\u00f5rgus: 3&#8243; (76,2 mm). MerCruiseri 4&#8243; p\u00f5lvede jaoks. &#013; &#013; &nbsp; &#013; &#013; Komplekt sisaldab: &#013; &#013; \u2022 2 vaher\u00f5ngast &#013; &#013; \u2022 Kinnituspoldid &#013; &#013; \u2022 Tihendid &#013;\" \/>\n<meta property=\"og:url\" content=\"https:\/\/nordlinepaadid.ee\/et\/pood\/varuosad-mootorpaatidele\/mootoritarvikud-ja-kinnitused\/korgendussari-polvedele-mcm-76-mm\/\" \/>\n<meta property=\"og:site_name\" content=\"NORDLINE s\u00f5udepaadid ja mootorpaadid. Klaasfiiber materjalist.\" \/>\n<meta property=\"article:publisher\" content=\"https:\/\/www.facebook.com\/nordlineboats\" \/>\n<meta property=\"og:image\" content=\"https:\/\/nordlinepaadid.ee\/wp-content\/uploads\/2026\/02\/13151_MAR3320PAR-1.png\" \/>\n\t<meta property=\"og:image:width\" content=\"600\" \/>\n\t<meta property=\"og:image:height\" content=\"600\" \/>\n\t<meta property=\"og:image:type\" content=\"image\/png\" \/>\n<meta name=\"twitter:card\" content=\"summary_large_image\" \/>\n<script type=\"application\/ld+json\" class=\"yoast-schema-graph\">{\"@context\":\"https:\\\/\\\/schema.org\",\"@graph\":[{\"@type\":\"WebPage\",\"@id\":\"https:\\\/\\\/nordlinepaadid.ee\\\/et\\\/pood\\\/varuosad-mootorpaatidele\\\/mootoritarvikud-ja-kinnitused\\\/korgendussari-polvedele-mcm-76-mm\\\/\",\"url\":\"https:\\\/\\\/nordlinepaadid.ee\\\/et\\\/pood\\\/varuosad-mootorpaatidele\\\/mootoritarvikud-ja-kinnitused\\\/korgendussari-polvedele-mcm-76-mm\\\/\",\"name\":\"K\u00d5RGENDUSSARI P\u00d5LVEDELE, MCM, 76 mm - NORDLINE s\u00f5udepaadid ja mootorpaadid. Klaasfiiber materjalist.\",\"isPartOf\":{\"@id\":\"https:\\\/\\\/nordlinepaadid.ee\\\/et\\\/#website\"},\"primaryImageOfPage\":{\"@id\":\"https:\\\/\\\/nordlinepaadid.ee\\\/et\\\/pood\\\/varuosad-mootorpaatidele\\\/mootoritarvikud-ja-kinnitused\\\/korgendussari-polvedele-mcm-76-mm\\\/#primaryimage\"},\"image\":{\"@id\":\"https:\\\/\\\/nordlinepaadid.ee\\\/et\\\/pood\\\/varuosad-mootorpaatidele\\\/mootoritarvikud-ja-kinnitused\\\/korgendussari-polvedele-mcm-76-mm\\\/#primaryimage\"},\"thumbnailUrl\":\"https:\\\/\\\/nordlinepaadid.ee\\\/wp-content\\\/uploads\\\/2026\\\/02\\\/13151_MAR3320PAR-1.png\",\"datePublished\":\"2026-04-07T00:30:52+00:00\",\"breadcrumb\":{\"@id\":\"https:\\\/\\\/nordlinepaadid.ee\\\/et\\\/pood\\\/varuosad-mootorpaatidele\\\/mootoritarvikud-ja-kinnitused\\\/korgendussari-polvedele-mcm-76-mm\\\/#breadcrumb\"},\"inLanguage\":\"et\",\"potentialAction\":[{\"@type\":\"ReadAction\",\"target\":[\"https:\\\/\\\/nordlinepaadid.ee\\\/et\\\/pood\\\/varuosad-mootorpaatidele\\\/mootoritarvikud-ja-kinnitused\\\/korgendussari-polvedele-mcm-76-mm\\\/\"]}]},{\"@type\":\"ImageObject\",\"inLanguage\":\"et\",\"@id\":\"https:\\\/\\\/nordlinepaadid.ee\\\/et\\\/pood\\\/varuosad-mootorpaatidele\\\/mootoritarvikud-ja-kinnitused\\\/korgendussari-polvedele-mcm-76-mm\\\/#primaryimage\",\"url\":\"https:\\\/\\\/nordlinepaadid.ee\\\/wp-content\\\/uploads\\\/2026\\\/02\\\/13151_MAR3320PAR-1.png\",\"contentUrl\":\"https:\\\/\\\/nordlinepaadid.ee\\\/wp-content\\\/uploads\\\/2026\\\/02\\\/13151_MAR3320PAR-1.png\",\"width\":600,\"height\":600},{\"@type\":\"BreadcrumbList\",\"@id\":\"https:\\\/\\\/nordlinepaadid.ee\\\/et\\\/pood\\\/varuosad-mootorpaatidele\\\/mootoritarvikud-ja-kinnitused\\\/korgendussari-polvedele-mcm-76-mm\\\/#breadcrumb\",\"itemListElement\":[{\"@type\":\"ListItem\",\"position\":1,\"name\":\"Home\",\"item\":\"https:\\\/\\\/nordlinepaadid.ee\\\/et\\\/\"},{\"@type\":\"ListItem\",\"position\":2,\"name\":\"Pood\",\"item\":\"https:\\\/\\\/nordlinepaadid.ee\\\/et\\\/pood\\\/\"},{\"@type\":\"ListItem\",\"position\":3,\"name\":\"K\u00d5RGENDUSSARI P\u00d5LVEDELE, MCM, 76 mm\"}]},{\"@type\":\"WebSite\",\"@id\":\"https:\\\/\\\/nordlinepaadid.ee\\\/et\\\/#website\",\"url\":\"https:\\\/\\\/nordlinepaadid.ee\\\/et\\\/\",\"name\":\"NORDLINE s\u00f5udepaadid ja mootorpaadid. Klaasfiiber materjalist.\",\"description\":\"\",\"publisher\":{\"@id\":\"https:\\\/\\\/nordlinepaadid.ee\\\/et\\\/#organization\"},\"potentialAction\":[{\"@type\":\"SearchAction\",\"target\":{\"@type\":\"EntryPoint\",\"urlTemplate\":\"https:\\\/\\\/nordlinepaadid.ee\\\/et\\\/?s={search_term_string}\"},\"query-input\":{\"@type\":\"PropertyValueSpecification\",\"valueRequired\":true,\"valueName\":\"search_term_string\"}}],\"inLanguage\":\"et\"},{\"@type\":\"Organization\",\"@id\":\"https:\\\/\\\/nordlinepaadid.ee\\\/et\\\/#organization\",\"name\":\"Nordlineboats\",\"url\":\"https:\\\/\\\/nordlinepaadid.ee\\\/et\\\/\",\"logo\":{\"@type\":\"ImageObject\",\"inLanguage\":\"et\",\"@id\":\"https:\\\/\\\/nordlinepaadid.ee\\\/et\\\/#\\\/schema\\\/logo\\\/image\\\/\",\"url\":\"https:\\\/\\\/nordlinepaadid.ee\\\/wp-content\\\/uploads\\\/2023\\\/01\\\/fulllogo_transparent_nobuffer-e1672750475494.png\",\"contentUrl\":\"https:\\\/\\\/nordlinepaadid.ee\\\/wp-content\\\/uploads\\\/2023\\\/01\\\/fulllogo_transparent_nobuffer-e1672750475494.png\",\"width\":150,\"height\":119,\"caption\":\"Nordlineboats\"},\"image\":{\"@id\":\"https:\\\/\\\/nordlinepaadid.ee\\\/et\\\/#\\\/schema\\\/logo\\\/image\\\/\"},\"sameAs\":[\"https:\\\/\\\/www.facebook.com\\\/nordlineboats\",\"https:\\\/\\\/www.youtube.com\\\/channel\\\/UCbgF0fy02y3QkFnujaLTaCA\"]}]}<\/script>\n<!-- \/ Yoast SEO plugin. -->","yoast_head_json":{"title":"K\u00d5RGENDUSSARI P\u00d5LVEDELE, MCM, 76 mm - NORDLINE s\u00f5udepaadid ja mootorpaadid. Klaasfiiber materjalist.","robots":{"index":"index","follow":"follow","max-snippet":"max-snippet:-1","max-image-preview":"max-image-preview:large","max-video-preview":"max-video-preview:-1"},"canonical":"https:\/\/nordlinepaadid.ee\/et\/pood\/varuosad-mootorpaatidele\/mootoritarvikud-ja-kinnitused\/korgendussari-polvedele-mcm-76-mm\/","og_locale":"et_EE","og_type":"article","og_title":"K\u00d5RGENDUSSARI P\u00d5LVEDELE, MCM, 76 mm - NORDLINE s\u00f5udepaadid ja mootorpaadid. Klaasfiiber materjalist.","og_description":"Vaher\u00f5nga komplekt (\u00fchele mootorile. K\u00f5rgus: 3&#8243; (76,2 mm). MerCruiseri 4&#8243; p\u00f5lvede jaoks. &#13; &#13; &nbsp; &#13; &#13; Komplekt sisaldab: &#13; &#13; \u2022 2 vaher\u00f5ngast &#13; &#13; \u2022 Kinnituspoldid &#13; &#13; \u2022 Tihendid &#13;","og_url":"https:\/\/nordlinepaadid.ee\/et\/pood\/varuosad-mootorpaatidele\/mootoritarvikud-ja-kinnitused\/korgendussari-polvedele-mcm-76-mm\/","og_site_name":"NORDLINE s\u00f5udepaadid ja mootorpaadid. Klaasfiiber materjalist.","article_publisher":"https:\/\/www.facebook.com\/nordlineboats","og_image":[{"width":600,"height":600,"url":"https:\/\/nordlinepaadid.ee\/wp-content\/uploads\/2026\/02\/13151_MAR3320PAR-1.png","type":"image\/png"}],"twitter_card":"summary_large_image","schema":{"@context":"https:\/\/schema.org","@graph":[{"@type":"WebPage","@id":"https:\/\/nordlinepaadid.ee\/et\/pood\/varuosad-mootorpaatidele\/mootoritarvikud-ja-kinnitused\/korgendussari-polvedele-mcm-76-mm\/","url":"https:\/\/nordlinepaadid.ee\/et\/pood\/varuosad-mootorpaatidele\/mootoritarvikud-ja-kinnitused\/korgendussari-polvedele-mcm-76-mm\/","name":"K\u00d5RGENDUSSARI P\u00d5LVEDELE, MCM, 76 mm - NORDLINE s\u00f5udepaadid ja mootorpaadid. Klaasfiiber materjalist.","isPartOf":{"@id":"https:\/\/nordlinepaadid.ee\/et\/#website"},"primaryImageOfPage":{"@id":"https:\/\/nordlinepaadid.ee\/et\/pood\/varuosad-mootorpaatidele\/mootoritarvikud-ja-kinnitused\/korgendussari-polvedele-mcm-76-mm\/#primaryimage"},"image":{"@id":"https:\/\/nordlinepaadid.ee\/et\/pood\/varuosad-mootorpaatidele\/mootoritarvikud-ja-kinnitused\/korgendussari-polvedele-mcm-76-mm\/#primaryimage"},"thumbnailUrl":"https:\/\/nordlinepaadid.ee\/wp-content\/uploads\/2026\/02\/13151_MAR3320PAR-1.png","datePublished":"2026-04-07T00:30:52+00:00","breadcrumb":{"@id":"https:\/\/nordlinepaadid.ee\/et\/pood\/varuosad-mootorpaatidele\/mootoritarvikud-ja-kinnitused\/korgendussari-polvedele-mcm-76-mm\/#breadcrumb"},"inLanguage":"et","potentialAction":[{"@type":"ReadAction","target":["https:\/\/nordlinepaadid.ee\/et\/pood\/varuosad-mootorpaatidele\/mootoritarvikud-ja-kinnitused\/korgendussari-polvedele-mcm-76-mm\/"]}]},{"@type":"ImageObject","inLanguage":"et","@id":"https:\/\/nordlinepaadid.ee\/et\/pood\/varuosad-mootorpaatidele\/mootoritarvikud-ja-kinnitused\/korgendussari-polvedele-mcm-76-mm\/#primaryimage","url":"https:\/\/nordlinepaadid.ee\/wp-content\/uploads\/2026\/02\/13151_MAR3320PAR-1.png","contentUrl":"https:\/\/nordlinepaadid.ee\/wp-content\/uploads\/2026\/02\/13151_MAR3320PAR-1.png","width":600,"height":600},{"@type":"BreadcrumbList","@id":"https:\/\/nordlinepaadid.ee\/et\/pood\/varuosad-mootorpaatidele\/mootoritarvikud-ja-kinnitused\/korgendussari-polvedele-mcm-76-mm\/#breadcrumb","itemListElement":[{"@type":"ListItem","position":1,"name":"Home","item":"https:\/\/nordlinepaadid.ee\/et\/"},{"@type":"ListItem","position":2,"name":"Pood","item":"https:\/\/nordlinepaadid.ee\/et\/pood\/"},{"@type":"ListItem","position":3,"name":"K\u00d5RGENDUSSARI P\u00d5LVEDELE, MCM, 76 mm"}]},{"@type":"WebSite","@id":"https:\/\/nordlinepaadid.ee\/et\/#website","url":"https:\/\/nordlinepaadid.ee\/et\/","name":"NORDLINE s\u00f5udepaadid ja mootorpaadid. Klaasfiiber materjalist.","description":"","publisher":{"@id":"https:\/\/nordlinepaadid.ee\/et\/#organization"},"potentialAction":[{"@type":"SearchAction","target":{"@type":"EntryPoint","urlTemplate":"https:\/\/nordlinepaadid.ee\/et\/?s={search_term_string}"},"query-input":{"@type":"PropertyValueSpecification","valueRequired":true,"valueName":"search_term_string"}}],"inLanguage":"et"},{"@type":"Organization","@id":"https:\/\/nordlinepaadid.ee\/et\/#organization","name":"Nordlineboats","url":"https:\/\/nordlinepaadid.ee\/et\/","logo":{"@type":"ImageObject","inLanguage":"et","@id":"https:\/\/nordlinepaadid.ee\/et\/#\/schema\/logo\/image\/","url":"https:\/\/nordlinepaadid.ee\/wp-content\/uploads\/2023\/01\/fulllogo_transparent_nobuffer-e1672750475494.png","contentUrl":"https:\/\/nordlinepaadid.ee\/wp-content\/uploads\/2023\/01\/fulllogo_transparent_nobuffer-e1672750475494.png","width":150,"height":119,"caption":"Nordlineboats"},"image":{"@id":"https:\/\/nordlinepaadid.ee\/et\/#\/schema\/logo\/image\/"},"sameAs":["https:\/\/www.facebook.com\/nordlineboats","https:\/\/www.youtube.com\/channel\/UCbgF0fy02y3QkFnujaLTaCA"]}]}},"taxonomy_info":{"product_cat":[{"value":288,"label":"Mootoritarvikud- ja kinnitused"},{"value":249,"label":"VARUOSAD MOOTORPAATIDELE"}],"pa_producer":[{"value":1086,"label":"Recmar"}],"pa_unit":[{"value":416,"label":"pcs"}]},"featured_image_src_large":["https:\/\/nordlinepaadid.ee\/wp-content\/uploads\/2026\/02\/13151_MAR3320PAR-1.png",600,600,false],"author_info":[],"comment_info":"","_links":{"self":[{"href":"https:\/\/nordlinepaadid.ee\/et\/wp-json\/wp\/v2\/product\/53085","targetHints":{"allow":["GET"]}}],"collection":[{"href":"https:\/\/nordlinepaadid.ee\/et\/wp-json\/wp\/v2\/product"}],"about":[{"href":"https:\/\/nordlinepaadid.ee\/et\/wp-json\/wp\/v2\/types\/product"}],"wp:featuredmedia":[{"embeddable":true,"href":"https:\/\/nordlinepaadid.ee\/et\/wp-json\/wp\/v2\/media\/55862"}],"wp:attachment":[{"href":"https:\/\/nordlinepaadid.ee\/et\/wp-json\/wp\/v2\/media?parent=53085"}],"wp:term":[{"taxonomy":"product_brand","embeddable":true,"href":"https:\/\/nordlinepaadid.ee\/et\/wp-json\/wp\/v2\/product_brand?post=53085"},{"taxonomy":"product_cat","embeddable":true,"href":"https:\/\/nordlinepaadid.ee\/et\/wp-json\/wp\/v2\/product_cat?post=53085"},{"taxonomy":"product_tag","embeddable":true,"href":"https:\/\/nordlinepaadid.ee\/et\/wp-json\/wp\/v2\/product_tag?post=53085"}],"curies":[{"name":"wp","href":"https:\/\/api.w.org\/{rel}","templated":true}]}}