{"id":53120,"date":"2026-04-07T03:30:55","date_gmt":"2026-04-07T00:30:55","guid":{"rendered":"https:\/\/nordlinepaadid.ee\/pood\/maaratlemata\/pootsmani-tool-pro-comfort-must\/"},"modified":"2026-04-07T03:30:55","modified_gmt":"2026-04-07T00:30:55","slug":"pootsmani-tool-pro-comfort-must","status":"publish","type":"product","link":"https:\/\/nordlinepaadid.ee\/et\/pood\/tooriistad-noad-abivahendid\/pootsmani-tool-pro-comfort-must\/","title":{"rendered":"POOTSMANI TOOL- PRO-COMFORT, MUST"},"content":{"rendered":"<p style=\"text-align:justify\">Plastimo disainitud pootsmani toolide valik tagab teile maksimaalse ohutuse ja mugavuse. Iste- puitplaat merevineerist ja polsterdatud 39 x 18 cm. Poolj\u00e4ik seljatugi maksimaalse ohutuse tagamiseks. Kinnitatud tugevdatud rihmapandlaga. Pro-Comfort mudeli puhul pole kompromisse tehtud, see tagab ohutuse ja mugavuse. Koosneb kahest reguleeritavast rihmast reite \u00fcmber, et tagada suurem tugi ja ohutus. Optimaalne reguleerimine ja sobivus tagatakse kahe k\u00fclgmise rihmaga, mis v\u00f5imaldavad selja kiilumist ja kallutamist. Tugevdatud seljatuge pakuvad kaks rihma, mis kulgevad seljatoe \u00fcla- ja alaosas, ideaalsed masti otsa t\u00f5mbamiseks.<\/p>\n<p>&#13;<br \/>\n&#13;<\/p>\n<p style=\"text-align:justify\">&nbsp;<\/p>\n<p>&#13;<br \/>\n&#13;<\/p>\n<p style=\"text-align:justify\"><strong>Omadused:<\/strong><\/p>\n<p>&#13;<br \/>\n&#13;<\/p>\n<ul>&#13;<\/p>\n<li style=\"text-align:justify\">220 denjee pol\u00fcesterkangas<\/li>\n<p>&#13;<\/p>\n<li style=\"text-align:justify\">40 mm laiused rihmad reitele<\/li>\n<p>&#13;<\/p>\n<li style=\"text-align:justify\">45 mm laiused rihmad seljale<\/li>\n<p>&#13;<\/p>\n<li style=\"text-align:justify\">2 reite pingutusregulaatorit<\/li>\n<p>&#13;<\/p>\n<li style=\"text-align:justify\">2 istme kalde reguleerimine<\/li>\n<p>&#13;<\/p>\n<li style=\"text-align:justify\">MOLLE\u00ae s\u00fcsteem m\u00f5lemal k\u00fcljel<\/li>\n<p>&#13;<\/p>\n<li style=\"text-align:justify\">1 t\u00f6\u00f6riistakott paeltega taskuga: 52 x 21 x 8 cm<\/li>\n<p>&#13;<\/p>\n<li style=\"text-align:justify\">Kott on tooli k\u00fclge kinnitatud kahe rihmaga<\/li>\n<p>&#13;<\/p>\n<li style=\"text-align:justify\">Kotti kasutatakse ka tooli hoidmiseks<\/li>\n<p>&#13;<\/p>\n<li style=\"text-align:justify\">Maksimaalne kandev\u00f5ime: 150 kg<\/li>\n<p>&#13;\n<\/ul>\n<p>&#13;<br \/>\n&#13;<\/p>\n<p style=\"text-align:justify\">&nbsp;<\/p>\n<p>&#13;<\/p>\n","protected":false},"excerpt":{"rendered":"<p>Plastimo disainitud pootsmani toolide valik tagab teile maksimaalse ohutuse ja mugavuse. Iste- puitplaat merevineerist ja polsterdatud 39 x 18 cm. Poolj\u00e4ik seljatugi maksimaalse ohutuse tagamiseks. Kinnitatud tugevdatud rihmapandlaga. Pro-Comfort mudeli puhul pole kompromisse tehtud, see tagab ohutuse ja mugavuse. Koosneb kahest reguleeritavast rihmast reite \u00fcmber, et tagada suurem tugi ja ohutus. Optimaalne reguleerimine ja sobivus&#8230;<\/p>\n","protected":false},"featured_media":55894,"template":"","meta":{"_kad_blocks_custom_css":"","_kad_blocks_head_custom_js":"","_kad_blocks_body_custom_js":"","_kad_blocks_footer_custom_js":"","_kad_post_transparent":"","_kad_post_title":"","_kad_post_layout":"","_kad_post_sidebar_id":"","_kad_post_content_style":"","_kad_post_vertical_padding":"","_kad_post_feature":"","_kad_post_feature_position":"","_kad_post_header":false,"_kad_post_footer":false,"_kad_post_classname":""},"product_brand":[],"product_cat":[324],"product_tag":[],"class_list":{"0":"post-53120","1":"product","2":"type-product","3":"status-publish","4":"has-post-thumbnail","6":"product_cat-tooriistad-noad-abivahendid","7":"pa_color-must","8":"pa_producer-plastimo","9":"pa_unit-pcs","10":"tm-no-options","12":"first","13":"instock","14":"taxable","15":"shipping-taxable","16":"purchasable","17":"product-type-simple","18":"entry","19":"content-bg","20":"loop-entry"},"yoast_head":"<!-- This site is optimized with the Yoast SEO plugin v27.3 - https:\/\/yoast.com\/product\/yoast-seo-wordpress\/ -->\n<title>POOTSMANI TOOL- PRO-COMFORT, MUST - NORDLINE s\u00f5udepaadid ja mootorpaadid. Klaasfiiber materjalist.<\/title>\n<meta name=\"robots\" content=\"index, follow, max-snippet:-1, max-image-preview:large, max-video-preview:-1\" \/>\n<link rel=\"canonical\" href=\"https:\/\/nordlinepaadid.ee\/et\/pood\/tooriistad-noad-abivahendid\/pootsmani-tool-pro-comfort-must\/\" \/>\n<meta property=\"og:locale\" content=\"et_EE\" \/>\n<meta property=\"og:type\" content=\"article\" \/>\n<meta property=\"og:title\" content=\"POOTSMANI TOOL- PRO-COMFORT, MUST - NORDLINE s\u00f5udepaadid ja mootorpaadid. Klaasfiiber materjalist.\" \/>\n<meta property=\"og:description\" content=\"Plastimo disainitud pootsmani toolide valik tagab teile maksimaalse ohutuse ja mugavuse. Iste- puitplaat merevineerist ja polsterdatud 39 x 18 cm. Poolj\u00e4ik seljatugi maksimaalse ohutuse tagamiseks. Kinnitatud tugevdatud rihmapandlaga. Pro-Comfort mudeli puhul pole kompromisse tehtud, see tagab ohutuse ja mugavuse. Koosneb kahest reguleeritavast rihmast reite \u00fcmber, et tagada suurem tugi ja ohutus. Optimaalne reguleerimine ja sobivus...\" \/>\n<meta property=\"og:url\" content=\"https:\/\/nordlinepaadid.ee\/et\/pood\/tooriistad-noad-abivahendid\/pootsmani-tool-pro-comfort-must\/\" \/>\n<meta property=\"og:site_name\" content=\"NORDLINE s\u00f5udepaadid ja mootorpaadid. Klaasfiiber materjalist.\" \/>\n<meta property=\"article:publisher\" content=\"https:\/\/www.facebook.com\/nordlineboats\" \/>\n<meta property=\"og:image\" content=\"https:\/\/nordlinepaadid.ee\/wp-content\/uploads\/2026\/02\/13177_P68797-1.jpg\" \/>\n\t<meta property=\"og:image:width\" content=\"2000\" \/>\n\t<meta property=\"og:image:height\" content=\"2000\" \/>\n\t<meta property=\"og:image:type\" content=\"image\/jpeg\" \/>\n<meta name=\"twitter:card\" content=\"summary_large_image\" \/>\n<meta name=\"twitter:label1\" content=\"Est. reading time\" \/>\n\t<meta name=\"twitter:data1\" content=\"1 minut\" \/>\n<script type=\"application\/ld+json\" class=\"yoast-schema-graph\">{\"@context\":\"https:\\\/\\\/schema.org\",\"@graph\":[{\"@type\":\"WebPage\",\"@id\":\"https:\\\/\\\/nordlinepaadid.ee\\\/et\\\/pood\\\/tooriistad-noad-abivahendid\\\/pootsmani-tool-pro-comfort-must\\\/\",\"url\":\"https:\\\/\\\/nordlinepaadid.ee\\\/et\\\/pood\\\/tooriistad-noad-abivahendid\\\/pootsmani-tool-pro-comfort-must\\\/\",\"name\":\"POOTSMANI TOOL- PRO-COMFORT, MUST - NORDLINE s\u00f5udepaadid ja mootorpaadid. Klaasfiiber materjalist.\",\"isPartOf\":{\"@id\":\"https:\\\/\\\/nordlinepaadid.ee\\\/et\\\/#website\"},\"primaryImageOfPage\":{\"@id\":\"https:\\\/\\\/nordlinepaadid.ee\\\/et\\\/pood\\\/tooriistad-noad-abivahendid\\\/pootsmani-tool-pro-comfort-must\\\/#primaryimage\"},\"image\":{\"@id\":\"https:\\\/\\\/nordlinepaadid.ee\\\/et\\\/pood\\\/tooriistad-noad-abivahendid\\\/pootsmani-tool-pro-comfort-must\\\/#primaryimage\"},\"thumbnailUrl\":\"https:\\\/\\\/nordlinepaadid.ee\\\/wp-content\\\/uploads\\\/2026\\\/02\\\/13177_P68797-1.jpg\",\"datePublished\":\"2026-04-07T00:30:55+00:00\",\"breadcrumb\":{\"@id\":\"https:\\\/\\\/nordlinepaadid.ee\\\/et\\\/pood\\\/tooriistad-noad-abivahendid\\\/pootsmani-tool-pro-comfort-must\\\/#breadcrumb\"},\"inLanguage\":\"et\",\"potentialAction\":[{\"@type\":\"ReadAction\",\"target\":[\"https:\\\/\\\/nordlinepaadid.ee\\\/et\\\/pood\\\/tooriistad-noad-abivahendid\\\/pootsmani-tool-pro-comfort-must\\\/\"]}]},{\"@type\":\"ImageObject\",\"inLanguage\":\"et\",\"@id\":\"https:\\\/\\\/nordlinepaadid.ee\\\/et\\\/pood\\\/tooriistad-noad-abivahendid\\\/pootsmani-tool-pro-comfort-must\\\/#primaryimage\",\"url\":\"https:\\\/\\\/nordlinepaadid.ee\\\/wp-content\\\/uploads\\\/2026\\\/02\\\/13177_P68797-1.jpg\",\"contentUrl\":\"https:\\\/\\\/nordlinepaadid.ee\\\/wp-content\\\/uploads\\\/2026\\\/02\\\/13177_P68797-1.jpg\",\"width\":2000,\"height\":2000},{\"@type\":\"BreadcrumbList\",\"@id\":\"https:\\\/\\\/nordlinepaadid.ee\\\/et\\\/pood\\\/tooriistad-noad-abivahendid\\\/pootsmani-tool-pro-comfort-must\\\/#breadcrumb\",\"itemListElement\":[{\"@type\":\"ListItem\",\"position\":1,\"name\":\"Home\",\"item\":\"https:\\\/\\\/nordlinepaadid.ee\\\/et\\\/\"},{\"@type\":\"ListItem\",\"position\":2,\"name\":\"Pood\",\"item\":\"https:\\\/\\\/nordlinepaadid.ee\\\/et\\\/pood\\\/\"},{\"@type\":\"ListItem\",\"position\":3,\"name\":\"POOTSMANI TOOL- PRO-COMFORT, MUST\"}]},{\"@type\":\"WebSite\",\"@id\":\"https:\\\/\\\/nordlinepaadid.ee\\\/et\\\/#website\",\"url\":\"https:\\\/\\\/nordlinepaadid.ee\\\/et\\\/\",\"name\":\"NORDLINE s\u00f5udepaadid ja mootorpaadid. Klaasfiiber materjalist.\",\"description\":\"\",\"publisher\":{\"@id\":\"https:\\\/\\\/nordlinepaadid.ee\\\/et\\\/#organization\"},\"potentialAction\":[{\"@type\":\"SearchAction\",\"target\":{\"@type\":\"EntryPoint\",\"urlTemplate\":\"https:\\\/\\\/nordlinepaadid.ee\\\/et\\\/?s={search_term_string}\"},\"query-input\":{\"@type\":\"PropertyValueSpecification\",\"valueRequired\":true,\"valueName\":\"search_term_string\"}}],\"inLanguage\":\"et\"},{\"@type\":\"Organization\",\"@id\":\"https:\\\/\\\/nordlinepaadid.ee\\\/et\\\/#organization\",\"name\":\"Nordlineboats\",\"url\":\"https:\\\/\\\/nordlinepaadid.ee\\\/et\\\/\",\"logo\":{\"@type\":\"ImageObject\",\"inLanguage\":\"et\",\"@id\":\"https:\\\/\\\/nordlinepaadid.ee\\\/et\\\/#\\\/schema\\\/logo\\\/image\\\/\",\"url\":\"https:\\\/\\\/nordlinepaadid.ee\\\/wp-content\\\/uploads\\\/2023\\\/01\\\/fulllogo_transparent_nobuffer-e1672750475494.png\",\"contentUrl\":\"https:\\\/\\\/nordlinepaadid.ee\\\/wp-content\\\/uploads\\\/2023\\\/01\\\/fulllogo_transparent_nobuffer-e1672750475494.png\",\"width\":150,\"height\":119,\"caption\":\"Nordlineboats\"},\"image\":{\"@id\":\"https:\\\/\\\/nordlinepaadid.ee\\\/et\\\/#\\\/schema\\\/logo\\\/image\\\/\"},\"sameAs\":[\"https:\\\/\\\/www.facebook.com\\\/nordlineboats\",\"https:\\\/\\\/www.youtube.com\\\/channel\\\/UCbgF0fy02y3QkFnujaLTaCA\"]}]}<\/script>\n<!-- \/ Yoast SEO plugin. -->","yoast_head_json":{"title":"POOTSMANI TOOL- PRO-COMFORT, MUST - NORDLINE s\u00f5udepaadid ja mootorpaadid. Klaasfiiber materjalist.","robots":{"index":"index","follow":"follow","max-snippet":"max-snippet:-1","max-image-preview":"max-image-preview:large","max-video-preview":"max-video-preview:-1"},"canonical":"https:\/\/nordlinepaadid.ee\/et\/pood\/tooriistad-noad-abivahendid\/pootsmani-tool-pro-comfort-must\/","og_locale":"et_EE","og_type":"article","og_title":"POOTSMANI TOOL- PRO-COMFORT, MUST - NORDLINE s\u00f5udepaadid ja mootorpaadid. Klaasfiiber materjalist.","og_description":"Plastimo disainitud pootsmani toolide valik tagab teile maksimaalse ohutuse ja mugavuse. Iste- puitplaat merevineerist ja polsterdatud 39 x 18 cm. Poolj\u00e4ik seljatugi maksimaalse ohutuse tagamiseks. Kinnitatud tugevdatud rihmapandlaga. Pro-Comfort mudeli puhul pole kompromisse tehtud, see tagab ohutuse ja mugavuse. Koosneb kahest reguleeritavast rihmast reite \u00fcmber, et tagada suurem tugi ja ohutus. Optimaalne reguleerimine ja sobivus...","og_url":"https:\/\/nordlinepaadid.ee\/et\/pood\/tooriistad-noad-abivahendid\/pootsmani-tool-pro-comfort-must\/","og_site_name":"NORDLINE s\u00f5udepaadid ja mootorpaadid. Klaasfiiber materjalist.","article_publisher":"https:\/\/www.facebook.com\/nordlineboats","og_image":[{"width":2000,"height":2000,"url":"https:\/\/nordlinepaadid.ee\/wp-content\/uploads\/2026\/02\/13177_P68797-1.jpg","type":"image\/jpeg"}],"twitter_card":"summary_large_image","twitter_misc":{"Est. reading time":"1 minut"},"schema":{"@context":"https:\/\/schema.org","@graph":[{"@type":"WebPage","@id":"https:\/\/nordlinepaadid.ee\/et\/pood\/tooriistad-noad-abivahendid\/pootsmani-tool-pro-comfort-must\/","url":"https:\/\/nordlinepaadid.ee\/et\/pood\/tooriistad-noad-abivahendid\/pootsmani-tool-pro-comfort-must\/","name":"POOTSMANI TOOL- PRO-COMFORT, MUST - NORDLINE s\u00f5udepaadid ja mootorpaadid. Klaasfiiber materjalist.","isPartOf":{"@id":"https:\/\/nordlinepaadid.ee\/et\/#website"},"primaryImageOfPage":{"@id":"https:\/\/nordlinepaadid.ee\/et\/pood\/tooriistad-noad-abivahendid\/pootsmani-tool-pro-comfort-must\/#primaryimage"},"image":{"@id":"https:\/\/nordlinepaadid.ee\/et\/pood\/tooriistad-noad-abivahendid\/pootsmani-tool-pro-comfort-must\/#primaryimage"},"thumbnailUrl":"https:\/\/nordlinepaadid.ee\/wp-content\/uploads\/2026\/02\/13177_P68797-1.jpg","datePublished":"2026-04-07T00:30:55+00:00","breadcrumb":{"@id":"https:\/\/nordlinepaadid.ee\/et\/pood\/tooriistad-noad-abivahendid\/pootsmani-tool-pro-comfort-must\/#breadcrumb"},"inLanguage":"et","potentialAction":[{"@type":"ReadAction","target":["https:\/\/nordlinepaadid.ee\/et\/pood\/tooriistad-noad-abivahendid\/pootsmani-tool-pro-comfort-must\/"]}]},{"@type":"ImageObject","inLanguage":"et","@id":"https:\/\/nordlinepaadid.ee\/et\/pood\/tooriistad-noad-abivahendid\/pootsmani-tool-pro-comfort-must\/#primaryimage","url":"https:\/\/nordlinepaadid.ee\/wp-content\/uploads\/2026\/02\/13177_P68797-1.jpg","contentUrl":"https:\/\/nordlinepaadid.ee\/wp-content\/uploads\/2026\/02\/13177_P68797-1.jpg","width":2000,"height":2000},{"@type":"BreadcrumbList","@id":"https:\/\/nordlinepaadid.ee\/et\/pood\/tooriistad-noad-abivahendid\/pootsmani-tool-pro-comfort-must\/#breadcrumb","itemListElement":[{"@type":"ListItem","position":1,"name":"Home","item":"https:\/\/nordlinepaadid.ee\/et\/"},{"@type":"ListItem","position":2,"name":"Pood","item":"https:\/\/nordlinepaadid.ee\/et\/pood\/"},{"@type":"ListItem","position":3,"name":"POOTSMANI TOOL- PRO-COMFORT, MUST"}]},{"@type":"WebSite","@id":"https:\/\/nordlinepaadid.ee\/et\/#website","url":"https:\/\/nordlinepaadid.ee\/et\/","name":"NORDLINE s\u00f5udepaadid ja mootorpaadid. Klaasfiiber materjalist.","description":"","publisher":{"@id":"https:\/\/nordlinepaadid.ee\/et\/#organization"},"potentialAction":[{"@type":"SearchAction","target":{"@type":"EntryPoint","urlTemplate":"https:\/\/nordlinepaadid.ee\/et\/?s={search_term_string}"},"query-input":{"@type":"PropertyValueSpecification","valueRequired":true,"valueName":"search_term_string"}}],"inLanguage":"et"},{"@type":"Organization","@id":"https:\/\/nordlinepaadid.ee\/et\/#organization","name":"Nordlineboats","url":"https:\/\/nordlinepaadid.ee\/et\/","logo":{"@type":"ImageObject","inLanguage":"et","@id":"https:\/\/nordlinepaadid.ee\/et\/#\/schema\/logo\/image\/","url":"https:\/\/nordlinepaadid.ee\/wp-content\/uploads\/2023\/01\/fulllogo_transparent_nobuffer-e1672750475494.png","contentUrl":"https:\/\/nordlinepaadid.ee\/wp-content\/uploads\/2023\/01\/fulllogo_transparent_nobuffer-e1672750475494.png","width":150,"height":119,"caption":"Nordlineboats"},"image":{"@id":"https:\/\/nordlinepaadid.ee\/et\/#\/schema\/logo\/image\/"},"sameAs":["https:\/\/www.facebook.com\/nordlineboats","https:\/\/www.youtube.com\/channel\/UCbgF0fy02y3QkFnujaLTaCA"]}]}},"taxonomy_info":{"product_cat":[{"value":324,"label":"NOAD, T\u00d6\u00d6RIISTAD JA ABIVAHENDID"}],"pa_color":[{"value":684,"label":"Must"}],"pa_producer":[{"value":1544,"label":"Plastimo"}],"pa_unit":[{"value":416,"label":"pcs"}]},"featured_image_src_large":["https:\/\/nordlinepaadid.ee\/wp-content\/uploads\/2026\/02\/13177_P68797-1-1024x1024.jpg",1024,1024,true],"author_info":[],"comment_info":"","_links":{"self":[{"href":"https:\/\/nordlinepaadid.ee\/et\/wp-json\/wp\/v2\/product\/53120","targetHints":{"allow":["GET"]}}],"collection":[{"href":"https:\/\/nordlinepaadid.ee\/et\/wp-json\/wp\/v2\/product"}],"about":[{"href":"https:\/\/nordlinepaadid.ee\/et\/wp-json\/wp\/v2\/types\/product"}],"wp:featuredmedia":[{"embeddable":true,"href":"https:\/\/nordlinepaadid.ee\/et\/wp-json\/wp\/v2\/media\/55894"}],"wp:attachment":[{"href":"https:\/\/nordlinepaadid.ee\/et\/wp-json\/wp\/v2\/media?parent=53120"}],"wp:term":[{"taxonomy":"product_brand","embeddable":true,"href":"https:\/\/nordlinepaadid.ee\/et\/wp-json\/wp\/v2\/product_brand?post=53120"},{"taxonomy":"product_cat","embeddable":true,"href":"https:\/\/nordlinepaadid.ee\/et\/wp-json\/wp\/v2\/product_cat?post=53120"},{"taxonomy":"product_tag","embeddable":true,"href":"https:\/\/nordlinepaadid.ee\/et\/wp-json\/wp\/v2\/product_tag?post=53120"}],"curies":[{"name":"wp","href":"https:\/\/api.w.org\/{rel}","templated":true}]}}