{"id":53246,"date":"2025-11-13T10:34:37","date_gmt":"2025-11-13T08:34:37","guid":{"rendered":"https:\/\/nordlinepaadid.ee\/?post_type=product&#038;p=53246"},"modified":"2025-11-13T13:02:33","modified_gmt":"2025-11-13T11:02:33","slug":"mootorpaat-poseidon-r455","status":"publish","type":"product","link":"https:\/\/nordlinepaadid.ee\/et\/pood\/poseidon-paadid\/mootorpaat-poseidon-r455\/","title":{"rendered":"MOOTORPAAT POSEIDON R 455"},"content":{"rendered":"<h1 data-start=\"110\" data-end=\"198\"><strong data-start=\"113\" data-end=\"198\">Poseidon R455 \u2013 kompaktne, stabiilne ja vastupidav paat\u00a0<\/strong><\/h1>\n<p data-start=\"200\" data-end=\"513\"><strong data-start=\"200\" data-end=\"217\">Poseidon R455<\/strong> on kerge, turvaline ja praktiline paat, mis sobib suurep\u00e4raselt nii perega j\u00e4rvel s\u00f5itmiseks, kalastamiseks kui ka ranniku\u00e4\u00e4rseks kruiisimiseks. T\u00e4nu oma l\u00e4bim\u00f5eldud ehitusele on R455 \u00fchtaegu \u00f6konoomne, lihtne k\u00e4sitleda ja \u00e4\u00e4rmiselt vastupidav \u2013 tehes sellest \u00fche parima paadi oma suurusklassis.<\/p>\n<h2>Mootorpaat Poseidon R 455 tehnilised andmed<\/h2>\n<table id=\"motors\">\n<tbody>\n<tr>\n<td>Pikkus<\/td>\n<td>4,55 m<\/td>\n<\/tr>\n<tr>\n<td>Laius<\/td>\n<td>2,02 m<\/td>\n<\/tr>\n<tr>\n<td>Kaal<\/td>\n<td>350 kg<\/td>\n<\/tr>\n<tr>\n<td>S\u00fcvis<\/td>\n<td>30 cm<\/td>\n<\/tr>\n<tr>\n<td>Soovituslik mootor<\/td>\n<td>20-60HJ<\/td>\n<\/tr>\n<tr>\n<td>Maks. lubatud inimeste arv pardal<\/td>\n<td>6<\/td>\n<\/tr>\n<tr>\n<td>Maksimaalne kandev\u00f5ime<\/td>\n<td><\/td>\n<\/tr>\n<tr>\n<td>Kategooria<\/td>\n<td>C<\/td>\n<\/tr>\n<\/tbody>\n<\/table>\n<h2 data-start=\"396\" data-end=\"418\">Komplekti kuuluvad<\/h2>\n<ul>\n<li>Keskkonsool koos tuuleklaasiga<\/li>\n<li>Iste keskkonsooli ees koos pehme padjaga<\/li>\n<li>Roolis\u00fcsteem<\/li>\n<li>Ahtris roostevaba seljatugi pehmendusega<\/li>\n<li>Ahtri- ja v\u00f6\u00f6rireelingud<\/li>\n<li>Ujumisredel<\/li>\n<li>Ankru otsa juhtrullik<\/li>\n<li>Navigatsioonituled<\/li>\n<li>L\u00fclitipaneel<\/li>\n<li>Akukast<\/li>\n<li>Fenderkumm<\/li>\n<li>Iset\u00fchjenemise tagasivoolu klapid<\/li>\n<li>Iset\u00fchjuenev kokpit<\/li>\n<li>Standardv\u00e4rvus valge<\/li>\n<li>CE sertifikaat<br \/>\n<h2><strong style=\"font-family: inherit; font-size: 24px;\" data-start=\"519\" data-end=\"539\">Peamised eelised<\/strong><\/h2>\n<ul data-start=\"540\" data-end=\"1233\">\n<li data-start=\"540\" data-end=\"645\">\n<p data-start=\"542\" data-end=\"645\"><strong data-start=\"542\" data-end=\"565\">V\u00e4ga stabiilne kere<\/strong><br data-start=\"565\" data-end=\"568\" \/>S\u00fcgav V-kuju ja lai p\u00f5hi tagavad turvalise ja rahuliku s\u00f5idu ka lainetuses.<\/p>\n<\/li>\n<li data-start=\"649\" data-end=\"800\">\n<p data-start=\"651\" data-end=\"800\"><strong data-start=\"651\" data-end=\"673\">Kerge ja \u00f6konoomne<\/strong><br data-start=\"673\" data-end=\"676\" \/>Madal kaal v\u00f5imaldab kasutada v\u00e4iksema v\u00f5imsusega mootorit, mis t\u00e4hendab v\u00e4iksemaid kulusid nii k\u00fctusele kui hooldusele.<\/p>\n<\/li>\n<li data-start=\"802\" data-end=\"967\">\n<p data-start=\"804\" data-end=\"967\"><strong data-start=\"804\" data-end=\"827\">Suur kasutusmugavus<\/strong><br data-start=\"827\" data-end=\"830\" \/>Avatud kokpit, mugavad istmealad ja praktilised panipaigad teevad paadi kasutamise nauditavaks nii algajatele kui kogenud s\u00f5itjatele.<\/p>\n<\/li>\n<li data-start=\"1119\" data-end=\"1233\">\n<p data-start=\"1121\" data-end=\"1233\"><strong data-start=\"1121\" data-end=\"1146\">Kerge haagisel vedada<\/strong><br data-start=\"1146\" data-end=\"1149\" \/>Oma kompaktse m\u00f5\u00f5du t\u00f5ttu on seda lihtne transportida \u00fcksk\u00f5ik millise s\u00f5iduautoga.<\/p>\n<\/li>\n<\/ul>\n<h2 data-start=\"1235\" data-end=\"1274\"><strong data-start=\"1239\" data-end=\"1274\">Miks valida just Poseidon R455?<\/strong><\/h2>\n<p data-start=\"1275\" data-end=\"1420\">Poseidon R455 paistab silma <strong data-start=\"1303\" data-end=\"1365\">t\u00f6\u00f6kindluse, kasutuslihtsuse ja madalate \u00fclalpidamiskulude<\/strong> poolest. V\u00f5rreldes analoogsete mudelitega on see paat:<\/p>\n<ul data-start=\"1422\" data-end=\"1569\">\n<li data-start=\"1422\" data-end=\"1452\">\n<p data-start=\"1424\" data-end=\"1452\">tugevama konstruktsiooniga<\/p>\n<\/li>\n<li data-start=\"1453\" data-end=\"1481\">\n<p data-start=\"1455\" data-end=\"1481\">stabiilsem ja turvalisem<\/p>\n<\/li>\n<li data-start=\"1482\" data-end=\"1528\">\n<p data-start=\"1484\" data-end=\"1528\">ruumikama kokpiti ja parema kaaluga<\/p>\n<\/li>\n<li data-start=\"1529\" data-end=\"1569\">\n<p data-start=\"1531\" data-end=\"1569\">soodsam nii ostmisel kui kasutamisel<\/p>\n<\/li>\n<\/ul>\n<p data-start=\"1571\" data-end=\"1660\">See muudab R455 mudeli eriti populaarseks kalameeste, suvitajate ja rendiettev\u00f5tete seas.<\/p>\n<h2 data-start=\"1662\" data-end=\"1687\"><strong data-start=\"1666\" data-end=\"1687\">Sobib ideaalselt:<\/strong><\/h2>\n<ul data-start=\"1688\" data-end=\"1926\">\n<li data-start=\"1688\" data-end=\"1745\">\n<p data-start=\"1690\" data-end=\"1745\">peredele, kes otsivad lihtsat ja turvalist mootorpaati<\/p>\n<\/li>\n<li data-start=\"1746\" data-end=\"1798\">\n<p data-start=\"1748\" data-end=\"1798\">kalastajatele, kes hindavad stabiilsust ja ruumi<\/p>\n<\/li>\n<li data-start=\"1823\" data-end=\"1856\">\n<p data-start=\"1825\" data-end=\"1856\">rendi- ja turismiettev\u00f5tetele<\/p>\n<\/li>\n<li data-start=\"1857\" data-end=\"1926\">\n<p data-start=\"1859\" data-end=\"1926\">klientidele, kes soovivad v\u00f5imalikult soodsat ja vastupidavat alust<\/p>\n<\/li>\n<\/ul>\n<\/li>\n<\/ul>\n","protected":false},"excerpt":{"rendered":"<p>Poseidon R455 \u2013 kompaktne, stabiilne ja vastupidav paat\u00a0 Poseidon R455 on kerge, turvaline ja praktiline paat, mis sobib suurep\u00e4raselt nii perega j\u00e4rvel s\u00f5itmiseks, kalastamiseks kui ka ranniku\u00e4\u00e4rseks kruiisimiseks. T\u00e4nu oma l\u00e4bim\u00f5eldud ehitusele on R455 \u00fchtaegu \u00f6konoomne, lihtne k\u00e4sitleda ja \u00e4\u00e4rmiselt vastupidav \u2013 tehes sellest \u00fche parima paadi oma suurusklassis. Mootorpaat Poseidon R 455 tehnilised andmed&#8230;<\/p>\n","protected":false},"featured_media":53249,"template":"","meta":{"_kad_blocks_custom_css":"","_kad_blocks_head_custom_js":"","_kad_blocks_body_custom_js":"","_kad_blocks_footer_custom_js":"","_kad_post_transparent":"default","_kad_post_title":"","_kad_post_layout":"default","_kad_post_sidebar_id":"","_kad_post_content_style":"default","_kad_post_vertical_padding":"default","_kad_post_feature":"","_kad_post_feature_position":"","_kad_post_header":false,"_kad_post_footer":false,"_kad_post_classname":""},"product_brand":[],"product_cat":[1836],"product_tag":[],"class_list":{"0":"post-53246","1":"product","2":"type-product","3":"status-publish","4":"has-post-thumbnail","6":"product_cat-poseidon-paadid","7":"pa_producer-nordline-boats","8":"pa_unit-pcs","9":"tm-has-styled-variations","10":"tm-has-options","12":"first","13":"onbackorder","14":"taxable","15":"shipping-taxable","16":"purchasable","17":"product-type-simple","18":"entry","19":"content-bg","20":"loop-entry"},"yoast_head":"<!-- This site is optimized with the Yoast SEO plugin v27.3 - https:\/\/yoast.com\/product\/yoast-seo-wordpress\/ -->\n<title>Mootorpaat Poesidon R 455<\/title>\n<meta name=\"description\" content=\"Stabiilne, kerge ja \u00f6konoomne paat. Ideaalne perele ja kalastamiseks. Vastupidav klaasfiiber kere, ruumikas ja parim hinnaga omas klassis.\" \/>\n<meta name=\"robots\" content=\"index, follow, max-snippet:-1, max-image-preview:large, max-video-preview:-1\" \/>\n<link rel=\"canonical\" href=\"https:\/\/nordlinepaadid.ee\/et\/pood\/poseidon-paadid\/mootorpaat-poseidon-r455\/\" \/>\n<meta property=\"og:locale\" content=\"et_EE\" \/>\n<meta property=\"og:type\" content=\"article\" \/>\n<meta property=\"og:title\" content=\"Mootorpaat Poesidon R 455\" \/>\n<meta property=\"og:description\" content=\"Stabiilne, kerge ja \u00f6konoomne paat. Ideaalne perele ja kalastamiseks. Vastupidav klaasfiiber kere, ruumikas ja parim hinnaga omas klassis.\" \/>\n<meta property=\"og:url\" content=\"https:\/\/nordlinepaadid.ee\/et\/pood\/poseidon-paadid\/mootorpaat-poseidon-r455\/\" \/>\n<meta property=\"og:site_name\" content=\"NORDLINE s\u00f5udepaadid ja mootorpaadid. Klaasfiiber materjalist.\" \/>\n<meta property=\"article:publisher\" content=\"https:\/\/www.facebook.com\/nordlineboats\" \/>\n<meta property=\"article:modified_time\" content=\"2025-11-13T11:02:33+00:00\" \/>\n<meta property=\"og:image\" content=\"https:\/\/nordlinepaadid.ee\/wp-content\/uploads\/2025\/11\/Mootorpaat-Poseridon-R455-parima-hinnaga-1024x683.png\" \/>\n\t<meta property=\"og:image:width\" content=\"1024\" \/>\n\t<meta property=\"og:image:height\" content=\"683\" \/>\n\t<meta property=\"og:image:type\" content=\"image\/png\" \/>\n<meta name=\"twitter:card\" content=\"summary_large_image\" \/>\n<meta name=\"twitter:label1\" content=\"Est. reading time\" \/>\n\t<meta name=\"twitter:data1\" content=\"2 minutit\" \/>\n<script type=\"application\/ld+json\" class=\"yoast-schema-graph\">{\"@context\":\"https:\\\/\\\/schema.org\",\"@graph\":[{\"@type\":\"WebPage\",\"@id\":\"https:\\\/\\\/nordlinepaadid.ee\\\/et\\\/pood\\\/poseidon-paadid\\\/mootorpaat-poseidon-r455\\\/\",\"url\":\"https:\\\/\\\/nordlinepaadid.ee\\\/et\\\/pood\\\/poseidon-paadid\\\/mootorpaat-poseidon-r455\\\/\",\"name\":\"Mootorpaat Poesidon R 455\",\"isPartOf\":{\"@id\":\"https:\\\/\\\/nordlinepaadid.ee\\\/et\\\/#website\"},\"primaryImageOfPage\":{\"@id\":\"https:\\\/\\\/nordlinepaadid.ee\\\/et\\\/pood\\\/poseidon-paadid\\\/mootorpaat-poseidon-r455\\\/#primaryimage\"},\"image\":{\"@id\":\"https:\\\/\\\/nordlinepaadid.ee\\\/et\\\/pood\\\/poseidon-paadid\\\/mootorpaat-poseidon-r455\\\/#primaryimage\"},\"thumbnailUrl\":\"https:\\\/\\\/nordlinepaadid.ee\\\/wp-content\\\/uploads\\\/2025\\\/11\\\/Mootorpaat-Poseridon-R455-parima-hinnaga.png\",\"datePublished\":\"2025-11-13T08:34:37+00:00\",\"dateModified\":\"2025-11-13T11:02:33+00:00\",\"description\":\"Stabiilne, kerge ja \u00f6konoomne paat. Ideaalne perele ja kalastamiseks. Vastupidav klaasfiiber kere, ruumikas ja parim hinnaga omas klassis.\",\"breadcrumb\":{\"@id\":\"https:\\\/\\\/nordlinepaadid.ee\\\/et\\\/pood\\\/poseidon-paadid\\\/mootorpaat-poseidon-r455\\\/#breadcrumb\"},\"inLanguage\":\"et\",\"potentialAction\":[{\"@type\":\"ReadAction\",\"target\":[\"https:\\\/\\\/nordlinepaadid.ee\\\/et\\\/pood\\\/poseidon-paadid\\\/mootorpaat-poseidon-r455\\\/\"]}]},{\"@type\":\"ImageObject\",\"inLanguage\":\"et\",\"@id\":\"https:\\\/\\\/nordlinepaadid.ee\\\/et\\\/pood\\\/poseidon-paadid\\\/mootorpaat-poseidon-r455\\\/#primaryimage\",\"url\":\"https:\\\/\\\/nordlinepaadid.ee\\\/wp-content\\\/uploads\\\/2025\\\/11\\\/Mootorpaat-Poseridon-R455-parima-hinnaga.png\",\"contentUrl\":\"https:\\\/\\\/nordlinepaadid.ee\\\/wp-content\\\/uploads\\\/2025\\\/11\\\/Mootorpaat-Poseridon-R455-parima-hinnaga.png\",\"width\":1536,\"height\":1024,\"caption\":\"Mootorpaat Poseridon R455 parima hinnaga\"},{\"@type\":\"BreadcrumbList\",\"@id\":\"https:\\\/\\\/nordlinepaadid.ee\\\/et\\\/pood\\\/poseidon-paadid\\\/mootorpaat-poseidon-r455\\\/#breadcrumb\",\"itemListElement\":[{\"@type\":\"ListItem\",\"position\":1,\"name\":\"Home\",\"item\":\"https:\\\/\\\/nordlinepaadid.ee\\\/et\\\/\"},{\"@type\":\"ListItem\",\"position\":2,\"name\":\"Pood\",\"item\":\"https:\\\/\\\/nordlinepaadid.ee\\\/et\\\/pood\\\/\"},{\"@type\":\"ListItem\",\"position\":3,\"name\":\"MOOTORPAAT POSEIDON R 455\"}]},{\"@type\":\"WebSite\",\"@id\":\"https:\\\/\\\/nordlinepaadid.ee\\\/et\\\/#website\",\"url\":\"https:\\\/\\\/nordlinepaadid.ee\\\/et\\\/\",\"name\":\"NORDLINE s\u00f5udepaadid ja mootorpaadid. Klaasfiiber materjalist.\",\"description\":\"\",\"publisher\":{\"@id\":\"https:\\\/\\\/nordlinepaadid.ee\\\/et\\\/#organization\"},\"potentialAction\":[{\"@type\":\"SearchAction\",\"target\":{\"@type\":\"EntryPoint\",\"urlTemplate\":\"https:\\\/\\\/nordlinepaadid.ee\\\/et\\\/?s={search_term_string}\"},\"query-input\":{\"@type\":\"PropertyValueSpecification\",\"valueRequired\":true,\"valueName\":\"search_term_string\"}}],\"inLanguage\":\"et\"},{\"@type\":\"Organization\",\"@id\":\"https:\\\/\\\/nordlinepaadid.ee\\\/et\\\/#organization\",\"name\":\"Nordlineboats\",\"url\":\"https:\\\/\\\/nordlinepaadid.ee\\\/et\\\/\",\"logo\":{\"@type\":\"ImageObject\",\"inLanguage\":\"et\",\"@id\":\"https:\\\/\\\/nordlinepaadid.ee\\\/et\\\/#\\\/schema\\\/logo\\\/image\\\/\",\"url\":\"https:\\\/\\\/nordlinepaadid.ee\\\/wp-content\\\/uploads\\\/2023\\\/01\\\/fulllogo_transparent_nobuffer-e1672750475494.png\",\"contentUrl\":\"https:\\\/\\\/nordlinepaadid.ee\\\/wp-content\\\/uploads\\\/2023\\\/01\\\/fulllogo_transparent_nobuffer-e1672750475494.png\",\"width\":150,\"height\":119,\"caption\":\"Nordlineboats\"},\"image\":{\"@id\":\"https:\\\/\\\/nordlinepaadid.ee\\\/et\\\/#\\\/schema\\\/logo\\\/image\\\/\"},\"sameAs\":[\"https:\\\/\\\/www.facebook.com\\\/nordlineboats\",\"https:\\\/\\\/www.youtube.com\\\/channel\\\/UCbgF0fy02y3QkFnujaLTaCA\"]}]}<\/script>\n<!-- \/ Yoast SEO plugin. -->","yoast_head_json":{"title":"Mootorpaat Poesidon R 455","description":"Stabiilne, kerge ja \u00f6konoomne paat. Ideaalne perele ja kalastamiseks. Vastupidav klaasfiiber kere, ruumikas ja parim hinnaga omas klassis.","robots":{"index":"index","follow":"follow","max-snippet":"max-snippet:-1","max-image-preview":"max-image-preview:large","max-video-preview":"max-video-preview:-1"},"canonical":"https:\/\/nordlinepaadid.ee\/et\/pood\/poseidon-paadid\/mootorpaat-poseidon-r455\/","og_locale":"et_EE","og_type":"article","og_title":"Mootorpaat Poesidon R 455","og_description":"Stabiilne, kerge ja \u00f6konoomne paat. Ideaalne perele ja kalastamiseks. Vastupidav klaasfiiber kere, ruumikas ja parim hinnaga omas klassis.","og_url":"https:\/\/nordlinepaadid.ee\/et\/pood\/poseidon-paadid\/mootorpaat-poseidon-r455\/","og_site_name":"NORDLINE s\u00f5udepaadid ja mootorpaadid. Klaasfiiber materjalist.","article_publisher":"https:\/\/www.facebook.com\/nordlineboats","article_modified_time":"2025-11-13T11:02:33+00:00","og_image":[{"width":1024,"height":683,"url":"https:\/\/nordlinepaadid.ee\/wp-content\/uploads\/2025\/11\/Mootorpaat-Poseridon-R455-parima-hinnaga-1024x683.png","type":"image\/png"}],"twitter_card":"summary_large_image","twitter_misc":{"Est. reading time":"2 minutit"},"schema":{"@context":"https:\/\/schema.org","@graph":[{"@type":"WebPage","@id":"https:\/\/nordlinepaadid.ee\/et\/pood\/poseidon-paadid\/mootorpaat-poseidon-r455\/","url":"https:\/\/nordlinepaadid.ee\/et\/pood\/poseidon-paadid\/mootorpaat-poseidon-r455\/","name":"Mootorpaat Poesidon R 455","isPartOf":{"@id":"https:\/\/nordlinepaadid.ee\/et\/#website"},"primaryImageOfPage":{"@id":"https:\/\/nordlinepaadid.ee\/et\/pood\/poseidon-paadid\/mootorpaat-poseidon-r455\/#primaryimage"},"image":{"@id":"https:\/\/nordlinepaadid.ee\/et\/pood\/poseidon-paadid\/mootorpaat-poseidon-r455\/#primaryimage"},"thumbnailUrl":"https:\/\/nordlinepaadid.ee\/wp-content\/uploads\/2025\/11\/Mootorpaat-Poseridon-R455-parima-hinnaga.png","datePublished":"2025-11-13T08:34:37+00:00","dateModified":"2025-11-13T11:02:33+00:00","description":"Stabiilne, kerge ja \u00f6konoomne paat. Ideaalne perele ja kalastamiseks. Vastupidav klaasfiiber kere, ruumikas ja parim hinnaga omas klassis.","breadcrumb":{"@id":"https:\/\/nordlinepaadid.ee\/et\/pood\/poseidon-paadid\/mootorpaat-poseidon-r455\/#breadcrumb"},"inLanguage":"et","potentialAction":[{"@type":"ReadAction","target":["https:\/\/nordlinepaadid.ee\/et\/pood\/poseidon-paadid\/mootorpaat-poseidon-r455\/"]}]},{"@type":"ImageObject","inLanguage":"et","@id":"https:\/\/nordlinepaadid.ee\/et\/pood\/poseidon-paadid\/mootorpaat-poseidon-r455\/#primaryimage","url":"https:\/\/nordlinepaadid.ee\/wp-content\/uploads\/2025\/11\/Mootorpaat-Poseridon-R455-parima-hinnaga.png","contentUrl":"https:\/\/nordlinepaadid.ee\/wp-content\/uploads\/2025\/11\/Mootorpaat-Poseridon-R455-parima-hinnaga.png","width":1536,"height":1024,"caption":"Mootorpaat Poseridon R455 parima hinnaga"},{"@type":"BreadcrumbList","@id":"https:\/\/nordlinepaadid.ee\/et\/pood\/poseidon-paadid\/mootorpaat-poseidon-r455\/#breadcrumb","itemListElement":[{"@type":"ListItem","position":1,"name":"Home","item":"https:\/\/nordlinepaadid.ee\/et\/"},{"@type":"ListItem","position":2,"name":"Pood","item":"https:\/\/nordlinepaadid.ee\/et\/pood\/"},{"@type":"ListItem","position":3,"name":"MOOTORPAAT POSEIDON R 455"}]},{"@type":"WebSite","@id":"https:\/\/nordlinepaadid.ee\/et\/#website","url":"https:\/\/nordlinepaadid.ee\/et\/","name":"NORDLINE s\u00f5udepaadid ja mootorpaadid. Klaasfiiber materjalist.","description":"","publisher":{"@id":"https:\/\/nordlinepaadid.ee\/et\/#organization"},"potentialAction":[{"@type":"SearchAction","target":{"@type":"EntryPoint","urlTemplate":"https:\/\/nordlinepaadid.ee\/et\/?s={search_term_string}"},"query-input":{"@type":"PropertyValueSpecification","valueRequired":true,"valueName":"search_term_string"}}],"inLanguage":"et"},{"@type":"Organization","@id":"https:\/\/nordlinepaadid.ee\/et\/#organization","name":"Nordlineboats","url":"https:\/\/nordlinepaadid.ee\/et\/","logo":{"@type":"ImageObject","inLanguage":"et","@id":"https:\/\/nordlinepaadid.ee\/et\/#\/schema\/logo\/image\/","url":"https:\/\/nordlinepaadid.ee\/wp-content\/uploads\/2023\/01\/fulllogo_transparent_nobuffer-e1672750475494.png","contentUrl":"https:\/\/nordlinepaadid.ee\/wp-content\/uploads\/2023\/01\/fulllogo_transparent_nobuffer-e1672750475494.png","width":150,"height":119,"caption":"Nordlineboats"},"image":{"@id":"https:\/\/nordlinepaadid.ee\/et\/#\/schema\/logo\/image\/"},"sameAs":["https:\/\/www.facebook.com\/nordlineboats","https:\/\/www.youtube.com\/channel\/UCbgF0fy02y3QkFnujaLTaCA"]}]}},"taxonomy_info":{"product_cat":[{"value":1836,"label":"POSEIDON PAADID"}],"pa_producer":[{"value":580,"label":"Nordline Boats"}],"pa_unit":[{"value":416,"label":"pcs"}]},"featured_image_src_large":["https:\/\/nordlinepaadid.ee\/wp-content\/uploads\/2025\/11\/Mootorpaat-Poseridon-R455-parima-hinnaga-1024x683.png",1024,683,true],"author_info":[],"comment_info":"","_links":{"self":[{"href":"https:\/\/nordlinepaadid.ee\/et\/wp-json\/wp\/v2\/product\/53246","targetHints":{"allow":["GET"]}}],"collection":[{"href":"https:\/\/nordlinepaadid.ee\/et\/wp-json\/wp\/v2\/product"}],"about":[{"href":"https:\/\/nordlinepaadid.ee\/et\/wp-json\/wp\/v2\/types\/product"}],"wp:featuredmedia":[{"embeddable":true,"href":"https:\/\/nordlinepaadid.ee\/et\/wp-json\/wp\/v2\/media\/53249"}],"wp:attachment":[{"href":"https:\/\/nordlinepaadid.ee\/et\/wp-json\/wp\/v2\/media?parent=53246"}],"wp:term":[{"taxonomy":"product_brand","embeddable":true,"href":"https:\/\/nordlinepaadid.ee\/et\/wp-json\/wp\/v2\/product_brand?post=53246"},{"taxonomy":"product_cat","embeddable":true,"href":"https:\/\/nordlinepaadid.ee\/et\/wp-json\/wp\/v2\/product_cat?post=53246"},{"taxonomy":"product_tag","embeddable":true,"href":"https:\/\/nordlinepaadid.ee\/et\/wp-json\/wp\/v2\/product_tag?post=53246"}],"curies":[{"name":"wp","href":"https:\/\/api.w.org\/{rel}","templated":true}]}}