{"id":53272,"date":"2025-11-19T12:54:12","date_gmt":"2025-11-19T10:54:12","guid":{"rendered":"https:\/\/nordlinepaadid.ee\/?post_type=product&#038;p=53272"},"modified":"2025-11-19T13:31:35","modified_gmt":"2025-11-19T11:31:35","slug":"mootorpaat-poseidon-r680","status":"publish","type":"product","link":"https:\/\/nordlinepaadid.ee\/et\/pood\/poseidon-paadid\/mootorpaat-poseidon-r680\/","title":{"rendered":"MOOTORPAAT POSEIDON R 680"},"content":{"rendered":"<p data-start=\"132\" data-end=\"216\"><strong data-start=\"135\" data-end=\"216\">Mootorpaat Poseidon R 680 &#8211; <\/strong><strong data-start=\"135\" data-end=\"216\">suur, v\u00f5imas ja erakordselt stabiilne mitmeotstarbeline paat<\/strong><\/p>\n<p data-start=\"218\" data-end=\"574\"><strong data-start=\"218\" data-end=\"236\">Poseidon R 680<\/strong> on \u00fcks Poseidoni mudelivaliku suurimaid ja v\u00f5imekamaid paate, mis pakub parimat kombinatsiooni ruumikusest, turvalisusest ja turvalisest s\u00f5idust igas olukorras. 6.80 meetri pikkune kere, lai kokpit ja v\u00f5imas mootorivalik muudavad selle ideaalseks perele, kalamehele v\u00f5i veespordi huvilisele, kes soovib rohkem kiirust, ruumi ja stabiilsust.<\/p>\n<h2>Mootorpaat Poseidon R 680 tehnilised andmed<\/h2>\n<table id=\"motors\">\n<tbody>\n<tr>\n<td>Pikkus<\/td>\n<td>6,80 m<\/td>\n<\/tr>\n<tr>\n<td>Laius<\/td>\n<td>2,46 m<\/td>\n<\/tr>\n<tr>\n<td>Kaal<\/td>\n<td>950 kg<\/td>\n<\/tr>\n<tr>\n<td>S\u00fcvis<\/td>\n<td>40 cm<\/td>\n<\/tr>\n<tr>\n<td>Soovituslik mootor<\/td>\n<td>150-300HJ<\/td>\n<\/tr>\n<tr>\n<td>Maks. lubatud inimeste arv pardal<\/td>\n<td>9<\/td>\n<\/tr>\n<tr>\n<td>Maksimaalne kandev\u00f5ime<\/td>\n<td><\/td>\n<\/tr>\n<tr>\n<td>Kategooria<\/td>\n<td>C<\/td>\n<\/tr>\n<\/tbody>\n<\/table>\n<h3 data-start=\"396\" data-end=\"418\">Komplekti kuuluvat<\/h3>\n<ul>\n<li>K\u00fctusepaak 250L<\/li>\n<li>Keskkonsool tuuleklaasiga<\/li>\n<li>Kaptenitool, reguleeritav<\/li>\n<li>V\u00f6\u00f6ri pehmendused<\/li>\n<li>Ahtri pehmendused<\/li>\n<li>Ahtri- ja v\u00f6\u00f6rireelingud<\/li>\n<li>Ujumisredel<\/li>\n<li>Ankru otsa juhtrullik<\/li>\n<li>Navigatsioonituled<\/li>\n<li>L\u00fclitipaneel<\/li>\n<li>Akukast<\/li>\n<li>Fenderkumm<\/li>\n<li>Iset\u00fchjenemise tagasivoolu klapid<\/li>\n<li>Iset\u00fchjuenev kokpit<\/li>\n<li>Standardv\u00e4rvus valge<\/li>\n<li>CE sertifikaat<\/li>\n<\/ul>\n<h3 data-start=\"576\" data-end=\"602\"><strong data-start=\"580\" data-end=\"602\">Peamised tugevused<\/strong><\/h3>\n<ul data-start=\"603\" data-end=\"1161\">\n<li data-start=\"603\" data-end=\"735\">\n<p data-start=\"605\" data-end=\"735\"><strong data-start=\"605\" data-end=\"635\">V\u00e4ga lai ja stabiilne kere<\/strong> \u2013 tagab turvalise s\u00f5idu ka lainelisel merel; suurem stabiilsus kui enamikul sama klassi paatidel.<\/p>\n<\/li>\n<li data-start=\"736\" data-end=\"852\">\n<p data-start=\"738\" data-end=\"852\"><strong data-start=\"738\" data-end=\"761\">6.80 m pikkune paat<\/strong> \u2013 \u00fcks ruumikamaid omas hinnaklassis; v\u00f5imaldab mahutada mugavalt kogu pere ja varustuse.<\/p>\n<\/li>\n<li data-start=\"853\" data-end=\"952\">\n<p data-start=\"855\" data-end=\"952\"><strong data-start=\"855\" data-end=\"889\">V\u00f5imas mootorivalik kuni 300HP<\/strong> \u2013 kiire glisseerimine, tugev j\u00f5udlus ja ideaalne veespordiks.<\/p>\n<\/li>\n<li data-start=\"953\" data-end=\"1055\">\n<p data-start=\"955\" data-end=\"1055\"><strong data-start=\"955\" data-end=\"984\">S\u00fcgav ja turvaline kokpit<\/strong> \u2013 professionaalne lahendus nii kalastamiseks kui ka reisijate veoks.<\/p>\n<\/li>\n<li data-start=\"1056\" data-end=\"1161\">\n<p data-start=\"1058\" data-end=\"1161\"><strong data-start=\"1058\" data-end=\"1117\">Suured panipaigad, k\u00f5rgemad pardad ja lai v\u00f6\u00f6riplatvorm<\/strong> \u2013 maksimaalne mugavus ja kasutusv\u00f5imalused.<\/p>\n<\/li>\n<\/ul>\n<h3 data-start=\"1163\" data-end=\"1193\"><strong data-start=\"1167\" data-end=\"1193\">Esmaklassiline mugavus<\/strong><\/h3>\n<ul data-start=\"1194\" data-end=\"1439\">\n<li data-start=\"1194\" data-end=\"1281\">\n<p data-start=\"1196\" data-end=\"1281\">Lai konsool rohkete seadmete paigutamiseks (plotter, radar, v\u00f6\u00f6rimootor, kajalood).<\/p>\n<\/li>\n<li data-start=\"1282\" data-end=\"1357\">\n<p data-start=\"1284\" data-end=\"1357\">Valikuline p\u00e4ikesekatus, mugavad istmed, padjakomplekt ja muu lisavarustus.<\/p>\n<\/li>\n<li data-start=\"1358\" data-end=\"1439\">\n<p data-start=\"1360\" data-end=\"1439\">Tugev ehitus ja kvaliteetne gelcoat tagavad pika eluea ja madalad hoolduskulud.<\/p>\n<\/li>\n<\/ul>\n<h3 data-start=\"1492\" data-end=\"1513\">Poseidon R 680 sobib:<\/h3>\n<ul data-start=\"1514\" data-end=\"1823\">\n<li data-start=\"1514\" data-end=\"1578\">\n<p data-start=\"1516\" data-end=\"1578\">Peredele, kes vajavad <strong data-start=\"1538\" data-end=\"1575\">suurt, turvalist ja mugavat paati<\/strong>.<\/p>\n<\/li>\n<li data-start=\"1579\" data-end=\"1670\">\n<p data-start=\"1581\" data-end=\"1670\">Kalastajatele, kes otsivad <strong data-start=\"1608\" data-end=\"1640\">laiu ja stabiilseid t\u00f6\u00f6pindu<\/strong> koos rohkete panipaikadega.<\/p>\n<\/li>\n<li data-start=\"1671\" data-end=\"1742\">\n<p data-start=\"1673\" data-end=\"1742\">Veespordi huvilistele, kes vajavad <strong data-start=\"1708\" data-end=\"1739\">tugevat kiirust ja v\u00f5imsust<\/strong>.<\/p>\n<\/li>\n<li data-start=\"1743\" data-end=\"1823\">\n<p data-start=\"1745\" data-end=\"1823\">Rendiettev\u00f5tetele t\u00e4nu <strong data-start=\"1768\" data-end=\"1822\">vastupidavusele ja hooldusvabale konstruktsioonile<\/strong>.<\/p>\n<\/li>\n<\/ul>\n<h3 data-start=\"1825\" data-end=\"1851\"><strong data-start=\"1829\" data-end=\"1851\">Konkurentsieelised<\/strong><\/h3>\n<ul data-start=\"1852\" data-end=\"2190\">\n<li data-start=\"1852\" data-end=\"1933\">\n<p data-start=\"1854\" data-end=\"1933\"><strong data-start=\"1854\" data-end=\"1892\">Suurem sisemine ruum ja kandev\u00f5ime<\/strong> kui enamikul teistel 6.5\u20137 m paatidel.<\/p>\n<\/li>\n<li data-start=\"1934\" data-end=\"2019\">\n<p data-start=\"1936\" data-end=\"2019\"><strong data-start=\"1936\" data-end=\"1963\">V\u00e4ga tugev ja j\u00e4ik kere<\/strong>, mis tagab turvalise s\u00f5idu ka raskemates tingimustes.<\/p>\n<\/li>\n<li data-start=\"2020\" data-end=\"2072\">\n<p data-start=\"2022\" data-end=\"2072\"><strong data-start=\"2022\" data-end=\"2046\">Madalad hoolduskulud<\/strong> ja kvaliteetmaterjalid.<\/p>\n<\/li>\n<li data-start=\"2073\" data-end=\"2129\">\n<p data-start=\"2075\" data-end=\"2129\"><strong data-start=\"2075\" data-end=\"2106\">Parim hinna-kvaliteedi suhe<\/strong> suurte paatide klassis.<\/p>\n<\/li>\n<li data-start=\"2130\" data-end=\"2190\">\n<p data-start=\"2132\" data-end=\"2190\"><strong data-start=\"2132\" data-end=\"2153\">K\u00f5rge turuv\u00e4\u00e4rtus<\/strong> ja usaldusv\u00e4\u00e4rne Poseidon kvaliteet.<\/p>\n<\/li>\n<\/ul>\n","protected":false},"excerpt":{"rendered":"<p>Mootorpaat Poseidon R 680 &#8211; suur, v\u00f5imas ja erakordselt stabiilne mitmeotstarbeline paat Poseidon R 680 on \u00fcks Poseidoni mudelivaliku suurimaid ja v\u00f5imekamaid paate, mis pakub parimat kombinatsiooni ruumikusest, turvalisusest ja turvalisest s\u00f5idust igas olukorras. 6.80 meetri pikkune kere, lai kokpit ja v\u00f5imas mootorivalik muudavad selle ideaalseks perele, kalamehele v\u00f5i veespordi huvilisele, kes soovib rohkem kiirust,&#8230;<\/p>\n","protected":false},"featured_media":53273,"template":"","meta":{"_kad_blocks_custom_css":"","_kad_blocks_head_custom_js":"","_kad_blocks_body_custom_js":"","_kad_blocks_footer_custom_js":"","_kad_post_transparent":"default","_kad_post_title":"","_kad_post_layout":"default","_kad_post_sidebar_id":"","_kad_post_content_style":"default","_kad_post_vertical_padding":"default","_kad_post_feature":"","_kad_post_feature_position":"","_kad_post_header":false,"_kad_post_footer":false,"_kad_post_classname":""},"product_brand":[],"product_cat":[1836],"product_tag":[],"class_list":{"0":"post-53272","1":"product","2":"type-product","3":"status-publish","4":"has-post-thumbnail","6":"product_cat-poseidon-paadid","7":"pa_producer-nordline-boats","8":"pa_unit-pcs","9":"tm-has-styled-variations","10":"tm-has-options","12":"first","13":"onbackorder","14":"taxable","15":"shipping-taxable","16":"purchasable","17":"product-type-simple","18":"entry","19":"content-bg","20":"loop-entry"},"yoast_head":"<!-- This site is optimized with the Yoast SEO plugin v27.3 - https:\/\/yoast.com\/product\/yoast-seo-wordpress\/ -->\n<title>Mootorpaat Poesidon R 680<\/title>\n<meta name=\"description\" content=\"Suur, stabiilne ja v\u00f5imas 6.80 m paat perele, kalastamiseks ja veespordiks. Lai kere, suur kandev\u00f5ime ja kuni 300HP mootori v\u00f5imalus.\" \/>\n<meta name=\"robots\" content=\"index, follow, max-snippet:-1, max-image-preview:large, max-video-preview:-1\" \/>\n<link rel=\"canonical\" href=\"https:\/\/nordlinepaadid.ee\/et\/pood\/poseidon-paadid\/mootorpaat-poseidon-r680\/\" \/>\n<meta property=\"og:locale\" content=\"et_EE\" \/>\n<meta property=\"og:type\" content=\"article\" \/>\n<meta property=\"og:title\" content=\"Mootorpaat Poesidon R 680\" \/>\n<meta property=\"og:description\" content=\"Suur, stabiilne ja v\u00f5imas 6.80 m paat perele, kalastamiseks ja veespordiks. Lai kere, suur kandev\u00f5ime ja kuni 300HP mootori v\u00f5imalus.\" \/>\n<meta property=\"og:url\" content=\"https:\/\/nordlinepaadid.ee\/et\/pood\/poseidon-paadid\/mootorpaat-poseidon-r680\/\" \/>\n<meta property=\"og:site_name\" content=\"NORDLINE s\u00f5udepaadid ja mootorpaadid. Klaasfiiber materjalist.\" \/>\n<meta property=\"article:publisher\" content=\"https:\/\/www.facebook.com\/nordlineboats\" \/>\n<meta property=\"article:modified_time\" content=\"2025-11-19T11:31:35+00:00\" \/>\n<meta property=\"og:image\" content=\"https:\/\/nordlinepaadid.ee\/wp-content\/uploads\/2025\/11\/Mootorpaat-Poseidon-R680-1024x683.png\" \/>\n\t<meta property=\"og:image:width\" content=\"1024\" \/>\n\t<meta property=\"og:image:height\" content=\"683\" \/>\n\t<meta property=\"og:image:type\" content=\"image\/png\" \/>\n<meta name=\"twitter:card\" content=\"summary_large_image\" \/>\n<meta name=\"twitter:label1\" content=\"Est. reading time\" \/>\n\t<meta name=\"twitter:data1\" content=\"2 minutit\" \/>\n<script type=\"application\/ld+json\" class=\"yoast-schema-graph\">{\"@context\":\"https:\\\/\\\/schema.org\",\"@graph\":[{\"@type\":\"WebPage\",\"@id\":\"https:\\\/\\\/nordlinepaadid.ee\\\/et\\\/pood\\\/poseidon-paadid\\\/mootorpaat-poseidon-r680\\\/\",\"url\":\"https:\\\/\\\/nordlinepaadid.ee\\\/et\\\/pood\\\/poseidon-paadid\\\/mootorpaat-poseidon-r680\\\/\",\"name\":\"Mootorpaat Poesidon R 680\",\"isPartOf\":{\"@id\":\"https:\\\/\\\/nordlinepaadid.ee\\\/et\\\/#website\"},\"primaryImageOfPage\":{\"@id\":\"https:\\\/\\\/nordlinepaadid.ee\\\/et\\\/pood\\\/poseidon-paadid\\\/mootorpaat-poseidon-r680\\\/#primaryimage\"},\"image\":{\"@id\":\"https:\\\/\\\/nordlinepaadid.ee\\\/et\\\/pood\\\/poseidon-paadid\\\/mootorpaat-poseidon-r680\\\/#primaryimage\"},\"thumbnailUrl\":\"https:\\\/\\\/nordlinepaadid.ee\\\/wp-content\\\/uploads\\\/2025\\\/11\\\/Mootorpaat-Poseidon-R680.png\",\"datePublished\":\"2025-11-19T10:54:12+00:00\",\"dateModified\":\"2025-11-19T11:31:35+00:00\",\"description\":\"Suur, stabiilne ja v\u00f5imas 6.80 m paat perele, kalastamiseks ja veespordiks. Lai kere, suur kandev\u00f5ime ja kuni 300HP mootori v\u00f5imalus.\",\"breadcrumb\":{\"@id\":\"https:\\\/\\\/nordlinepaadid.ee\\\/et\\\/pood\\\/poseidon-paadid\\\/mootorpaat-poseidon-r680\\\/#breadcrumb\"},\"inLanguage\":\"et\",\"potentialAction\":[{\"@type\":\"ReadAction\",\"target\":[\"https:\\\/\\\/nordlinepaadid.ee\\\/et\\\/pood\\\/poseidon-paadid\\\/mootorpaat-poseidon-r680\\\/\"]}]},{\"@type\":\"ImageObject\",\"inLanguage\":\"et\",\"@id\":\"https:\\\/\\\/nordlinepaadid.ee\\\/et\\\/pood\\\/poseidon-paadid\\\/mootorpaat-poseidon-r680\\\/#primaryimage\",\"url\":\"https:\\\/\\\/nordlinepaadid.ee\\\/wp-content\\\/uploads\\\/2025\\\/11\\\/Mootorpaat-Poseidon-R680.png\",\"contentUrl\":\"https:\\\/\\\/nordlinepaadid.ee\\\/wp-content\\\/uploads\\\/2025\\\/11\\\/Mootorpaat-Poseidon-R680.png\",\"width\":1536,\"height\":1024,\"caption\":\"Mootorpaat Poseidon R680\"},{\"@type\":\"BreadcrumbList\",\"@id\":\"https:\\\/\\\/nordlinepaadid.ee\\\/et\\\/pood\\\/poseidon-paadid\\\/mootorpaat-poseidon-r680\\\/#breadcrumb\",\"itemListElement\":[{\"@type\":\"ListItem\",\"position\":1,\"name\":\"Home\",\"item\":\"https:\\\/\\\/nordlinepaadid.ee\\\/et\\\/\"},{\"@type\":\"ListItem\",\"position\":2,\"name\":\"Pood\",\"item\":\"https:\\\/\\\/nordlinepaadid.ee\\\/et\\\/pood\\\/\"},{\"@type\":\"ListItem\",\"position\":3,\"name\":\"MOOTORPAAT POSEIDON R 680\"}]},{\"@type\":\"WebSite\",\"@id\":\"https:\\\/\\\/nordlinepaadid.ee\\\/et\\\/#website\",\"url\":\"https:\\\/\\\/nordlinepaadid.ee\\\/et\\\/\",\"name\":\"NORDLINE s\u00f5udepaadid ja mootorpaadid. Klaasfiiber materjalist.\",\"description\":\"\",\"publisher\":{\"@id\":\"https:\\\/\\\/nordlinepaadid.ee\\\/et\\\/#organization\"},\"potentialAction\":[{\"@type\":\"SearchAction\",\"target\":{\"@type\":\"EntryPoint\",\"urlTemplate\":\"https:\\\/\\\/nordlinepaadid.ee\\\/et\\\/?s={search_term_string}\"},\"query-input\":{\"@type\":\"PropertyValueSpecification\",\"valueRequired\":true,\"valueName\":\"search_term_string\"}}],\"inLanguage\":\"et\"},{\"@type\":\"Organization\",\"@id\":\"https:\\\/\\\/nordlinepaadid.ee\\\/et\\\/#organization\",\"name\":\"Nordlineboats\",\"url\":\"https:\\\/\\\/nordlinepaadid.ee\\\/et\\\/\",\"logo\":{\"@type\":\"ImageObject\",\"inLanguage\":\"et\",\"@id\":\"https:\\\/\\\/nordlinepaadid.ee\\\/et\\\/#\\\/schema\\\/logo\\\/image\\\/\",\"url\":\"https:\\\/\\\/nordlinepaadid.ee\\\/wp-content\\\/uploads\\\/2023\\\/01\\\/fulllogo_transparent_nobuffer-e1672750475494.png\",\"contentUrl\":\"https:\\\/\\\/nordlinepaadid.ee\\\/wp-content\\\/uploads\\\/2023\\\/01\\\/fulllogo_transparent_nobuffer-e1672750475494.png\",\"width\":150,\"height\":119,\"caption\":\"Nordlineboats\"},\"image\":{\"@id\":\"https:\\\/\\\/nordlinepaadid.ee\\\/et\\\/#\\\/schema\\\/logo\\\/image\\\/\"},\"sameAs\":[\"https:\\\/\\\/www.facebook.com\\\/nordlineboats\",\"https:\\\/\\\/www.youtube.com\\\/channel\\\/UCbgF0fy02y3QkFnujaLTaCA\"]}]}<\/script>\n<!-- \/ Yoast SEO plugin. -->","yoast_head_json":{"title":"Mootorpaat Poesidon R 680","description":"Suur, stabiilne ja v\u00f5imas 6.80 m paat perele, kalastamiseks ja veespordiks. Lai kere, suur kandev\u00f5ime ja kuni 300HP mootori v\u00f5imalus.","robots":{"index":"index","follow":"follow","max-snippet":"max-snippet:-1","max-image-preview":"max-image-preview:large","max-video-preview":"max-video-preview:-1"},"canonical":"https:\/\/nordlinepaadid.ee\/et\/pood\/poseidon-paadid\/mootorpaat-poseidon-r680\/","og_locale":"et_EE","og_type":"article","og_title":"Mootorpaat Poesidon R 680","og_description":"Suur, stabiilne ja v\u00f5imas 6.80 m paat perele, kalastamiseks ja veespordiks. Lai kere, suur kandev\u00f5ime ja kuni 300HP mootori v\u00f5imalus.","og_url":"https:\/\/nordlinepaadid.ee\/et\/pood\/poseidon-paadid\/mootorpaat-poseidon-r680\/","og_site_name":"NORDLINE s\u00f5udepaadid ja mootorpaadid. Klaasfiiber materjalist.","article_publisher":"https:\/\/www.facebook.com\/nordlineboats","article_modified_time":"2025-11-19T11:31:35+00:00","og_image":[{"width":1024,"height":683,"url":"https:\/\/nordlinepaadid.ee\/wp-content\/uploads\/2025\/11\/Mootorpaat-Poseidon-R680-1024x683.png","type":"image\/png"}],"twitter_card":"summary_large_image","twitter_misc":{"Est. reading time":"2 minutit"},"schema":{"@context":"https:\/\/schema.org","@graph":[{"@type":"WebPage","@id":"https:\/\/nordlinepaadid.ee\/et\/pood\/poseidon-paadid\/mootorpaat-poseidon-r680\/","url":"https:\/\/nordlinepaadid.ee\/et\/pood\/poseidon-paadid\/mootorpaat-poseidon-r680\/","name":"Mootorpaat Poesidon R 680","isPartOf":{"@id":"https:\/\/nordlinepaadid.ee\/et\/#website"},"primaryImageOfPage":{"@id":"https:\/\/nordlinepaadid.ee\/et\/pood\/poseidon-paadid\/mootorpaat-poseidon-r680\/#primaryimage"},"image":{"@id":"https:\/\/nordlinepaadid.ee\/et\/pood\/poseidon-paadid\/mootorpaat-poseidon-r680\/#primaryimage"},"thumbnailUrl":"https:\/\/nordlinepaadid.ee\/wp-content\/uploads\/2025\/11\/Mootorpaat-Poseidon-R680.png","datePublished":"2025-11-19T10:54:12+00:00","dateModified":"2025-11-19T11:31:35+00:00","description":"Suur, stabiilne ja v\u00f5imas 6.80 m paat perele, kalastamiseks ja veespordiks. Lai kere, suur kandev\u00f5ime ja kuni 300HP mootori v\u00f5imalus.","breadcrumb":{"@id":"https:\/\/nordlinepaadid.ee\/et\/pood\/poseidon-paadid\/mootorpaat-poseidon-r680\/#breadcrumb"},"inLanguage":"et","potentialAction":[{"@type":"ReadAction","target":["https:\/\/nordlinepaadid.ee\/et\/pood\/poseidon-paadid\/mootorpaat-poseidon-r680\/"]}]},{"@type":"ImageObject","inLanguage":"et","@id":"https:\/\/nordlinepaadid.ee\/et\/pood\/poseidon-paadid\/mootorpaat-poseidon-r680\/#primaryimage","url":"https:\/\/nordlinepaadid.ee\/wp-content\/uploads\/2025\/11\/Mootorpaat-Poseidon-R680.png","contentUrl":"https:\/\/nordlinepaadid.ee\/wp-content\/uploads\/2025\/11\/Mootorpaat-Poseidon-R680.png","width":1536,"height":1024,"caption":"Mootorpaat Poseidon R680"},{"@type":"BreadcrumbList","@id":"https:\/\/nordlinepaadid.ee\/et\/pood\/poseidon-paadid\/mootorpaat-poseidon-r680\/#breadcrumb","itemListElement":[{"@type":"ListItem","position":1,"name":"Home","item":"https:\/\/nordlinepaadid.ee\/et\/"},{"@type":"ListItem","position":2,"name":"Pood","item":"https:\/\/nordlinepaadid.ee\/et\/pood\/"},{"@type":"ListItem","position":3,"name":"MOOTORPAAT POSEIDON R 680"}]},{"@type":"WebSite","@id":"https:\/\/nordlinepaadid.ee\/et\/#website","url":"https:\/\/nordlinepaadid.ee\/et\/","name":"NORDLINE s\u00f5udepaadid ja mootorpaadid. Klaasfiiber materjalist.","description":"","publisher":{"@id":"https:\/\/nordlinepaadid.ee\/et\/#organization"},"potentialAction":[{"@type":"SearchAction","target":{"@type":"EntryPoint","urlTemplate":"https:\/\/nordlinepaadid.ee\/et\/?s={search_term_string}"},"query-input":{"@type":"PropertyValueSpecification","valueRequired":true,"valueName":"search_term_string"}}],"inLanguage":"et"},{"@type":"Organization","@id":"https:\/\/nordlinepaadid.ee\/et\/#organization","name":"Nordlineboats","url":"https:\/\/nordlinepaadid.ee\/et\/","logo":{"@type":"ImageObject","inLanguage":"et","@id":"https:\/\/nordlinepaadid.ee\/et\/#\/schema\/logo\/image\/","url":"https:\/\/nordlinepaadid.ee\/wp-content\/uploads\/2023\/01\/fulllogo_transparent_nobuffer-e1672750475494.png","contentUrl":"https:\/\/nordlinepaadid.ee\/wp-content\/uploads\/2023\/01\/fulllogo_transparent_nobuffer-e1672750475494.png","width":150,"height":119,"caption":"Nordlineboats"},"image":{"@id":"https:\/\/nordlinepaadid.ee\/et\/#\/schema\/logo\/image\/"},"sameAs":["https:\/\/www.facebook.com\/nordlineboats","https:\/\/www.youtube.com\/channel\/UCbgF0fy02y3QkFnujaLTaCA"]}]}},"taxonomy_info":{"product_cat":[{"value":1836,"label":"POSEIDON PAADID"}],"pa_producer":[{"value":580,"label":"Nordline Boats"}],"pa_unit":[{"value":416,"label":"pcs"}]},"featured_image_src_large":["https:\/\/nordlinepaadid.ee\/wp-content\/uploads\/2025\/11\/Mootorpaat-Poseidon-R680-1024x683.png",1024,683,true],"author_info":[],"comment_info":"","_links":{"self":[{"href":"https:\/\/nordlinepaadid.ee\/et\/wp-json\/wp\/v2\/product\/53272","targetHints":{"allow":["GET"]}}],"collection":[{"href":"https:\/\/nordlinepaadid.ee\/et\/wp-json\/wp\/v2\/product"}],"about":[{"href":"https:\/\/nordlinepaadid.ee\/et\/wp-json\/wp\/v2\/types\/product"}],"wp:featuredmedia":[{"embeddable":true,"href":"https:\/\/nordlinepaadid.ee\/et\/wp-json\/wp\/v2\/media\/53273"}],"wp:attachment":[{"href":"https:\/\/nordlinepaadid.ee\/et\/wp-json\/wp\/v2\/media?parent=53272"}],"wp:term":[{"taxonomy":"product_brand","embeddable":true,"href":"https:\/\/nordlinepaadid.ee\/et\/wp-json\/wp\/v2\/product_brand?post=53272"},{"taxonomy":"product_cat","embeddable":true,"href":"https:\/\/nordlinepaadid.ee\/et\/wp-json\/wp\/v2\/product_cat?post=53272"},{"taxonomy":"product_tag","embeddable":true,"href":"https:\/\/nordlinepaadid.ee\/et\/wp-json\/wp\/v2\/product_tag?post=53272"}],"curies":[{"name":"wp","href":"https:\/\/api.w.org\/{rel}","templated":true}]}}