{"id":53309,"date":"2025-11-20T09:14:08","date_gmt":"2025-11-20T07:14:08","guid":{"rendered":"https:\/\/nordlinepaadid.ee\/?post_type=product&#038;p=53309"},"modified":"2025-11-20T09:40:31","modified_gmt":"2025-11-20T07:40:31","slug":"mootorpaat-poseidon-king-fisher","status":"publish","type":"product","link":"https:\/\/nordlinepaadid.ee\/et\/pood\/poseidon-paadid\/mootorpaat-poseidon-king-fisher\/","title":{"rendered":"MOOTORPAAT POSEIDON KING FISHER 5.70"},"content":{"rendered":"<p data-start=\"132\" data-end=\"216\"><strong data-start=\"135\" data-end=\"216\">Mootorpaat Poseidon R 680 &#8211; <\/strong><strong data-start=\"135\" data-end=\"216\">suur, v\u00f5imas ja erakordselt stabiilne mitmeotstarbeline paat<\/strong><\/p>\n<h2 data-start=\"213\" data-end=\"311\"><strong data-start=\"216\" data-end=\"311\">Mootorpaat Poseidon KING FISHER 5.70<br \/>\n<\/strong><strong data-start=\"216\" data-end=\"311\">stabiilne, ruumikas ja turvaline kalastuspaat\u00a0<\/strong><\/h2>\n<p data-start=\"313\" data-end=\"630\"><strong data-start=\"313\" data-end=\"342\">Poseidon KING FISHER 5.70<\/strong> on ideaalne valik harrastus- ja sportkalastajale, kes hindab paadi stabiilsust, avarat kokpitti ja kindlat meres\u00f5itu ka keerulisemates tingimustes. Mudel 5.70 eristub oma klassi paatidest tugevama konstruktsiooni, parema kandev\u00f5ime ning l\u00e4bim\u00f5eldud kalastuse tarbeks loodud lahendustega.<\/p>\n<h2>Mootorpaat Poseidon <strong data-start=\"216\" data-end=\"311\">KING FISHER 5.70<\/strong>\u00a0tehnilised andmed<\/h2>\n<table id=\"motors\">\n<tbody>\n<tr>\n<td>Pikkus<\/td>\n<td>5,70 m<\/td>\n<\/tr>\n<tr>\n<td>Laius<\/td>\n<td>2,40 m<\/td>\n<\/tr>\n<tr>\n<td>Kaal<\/td>\n<td>900 kg<\/td>\n<\/tr>\n<tr>\n<td>S\u00fcvis<\/td>\n<td>35 cm<\/td>\n<\/tr>\n<tr>\n<td>Soovituslik mootor<\/td>\n<td>90-115HJ<\/td>\n<\/tr>\n<tr>\n<td>Maks. lubatud inimeste arv pardal<\/td>\n<td>7<\/td>\n<\/tr>\n<tr>\n<td>Maksimaalne kandev\u00f5ime<\/td>\n<td><\/td>\n<\/tr>\n<tr>\n<td>Kategooria<\/td>\n<td>C<\/td>\n<\/tr>\n<\/tbody>\n<\/table>\n<h3 data-start=\"396\" data-end=\"418\">Komplekti kuuluvat<\/h3>\n<ul>\n<li>Karastatud klaasist kahjutiaknad<\/li>\n<li>Kojamehed<\/li>\n<li>K\u00f5rge kajut koos katuseluugiga<\/li>\n<li>K\u00f5ik pehmendused<\/li>\n<li>K\u00fctuses\u00fcsteem 60L paagiga<\/li>\n<li>Gaasipliit, valamu<\/li>\n<li>V\u00f6\u00f6ri- ja ahtrireelingud<\/li>\n<li>Navigatsioonituled<\/li>\n<li>L\u00fclitipaneel<\/li>\n<li>Kahjutivalgustus<\/li>\n<li>Akukast<\/li>\n<li>Ujumisredel<\/li>\n<li>Roolis\u00fcsteem<\/li>\n<li>Fenderkumm<\/li>\n<li>Iset\u00fchjenemise tagasivoolu klapid<\/li>\n<li>Iset\u00fchjuenev kokpit<\/li>\n<li>Standardv\u00e4rvus valge<\/li>\n<li>CE sertifikaat<\/li>\n<\/ul>\n<h3 data-start=\"632\" data-end=\"669\"><strong data-start=\"636\" data-end=\"669\">Miks valida KING FISHER 5.70?<\/strong><\/h3>\n<ul data-start=\"670\" data-end=\"1281\">\n<li data-start=\"670\" data-end=\"773\">\n<p data-start=\"672\" data-end=\"773\"><strong data-start=\"672\" data-end=\"708\">V\u00e4ga stabiilne ja turvaline kere<\/strong> \u2013 ideaalne nii trollimiseks, p\u00fc\u00fcgiks kui ka perega s\u00f5itmiseks.<\/p>\n<\/li>\n<li data-start=\"774\" data-end=\"875\">\n<p data-start=\"776\" data-end=\"875\"><strong data-start=\"776\" data-end=\"808\">Avar ja l\u00e4bim\u00f5eldud paigutus<\/strong> \u2013 rohkelt ruumi liikumiseks, p\u00fc\u00fcgiks ja varustuse hoiustamiseks.<\/p>\n<\/li>\n<li data-start=\"876\" data-end=\"953\">\n<p data-start=\"878\" data-end=\"953\"><strong data-start=\"878\" data-end=\"903\">S\u00fcgav V-kujuline kere<\/strong> tagab pehme s\u00f5idu lainetes ja t\u00e4pse juhitavuse.<\/p>\n<\/li>\n<li data-start=\"954\" data-end=\"1028\">\n<p data-start=\"956\" data-end=\"1028\"><strong data-start=\"956\" data-end=\"977\">K\u00f5rge pardak\u00f5rgus<\/strong> \u2013 lisab turvalisust, eriti kui pardal on lapsed.<\/p>\n<\/li>\n<li data-start=\"1029\" data-end=\"1188\">\n<p data-start=\"1031\" data-end=\"1188\"><strong data-start=\"1031\" data-end=\"1060\">Rohkelt standardvarustust<\/strong>, mida analoogsetel 5\u20136 m paatidel tavaliselt hinnakirjas ei ole (nt ahtripingid, rohked panipaigad, reelingud).<\/p>\n<\/li>\n<li data-start=\"1189\" data-end=\"1281\">\n<p data-start=\"1191\" data-end=\"1281\"><strong data-start=\"1191\" data-end=\"1244\">Sobib h\u00e4sti nii v\u00e4iksema kui ka suurema mootoriga<\/strong> \u2013 \u00f6konoomne ja universaalne kasutus.<\/p>\n<\/li>\n<\/ul>\n<h3 data-start=\"1283\" data-end=\"1311\"><strong data-start=\"1287\" data-end=\"1311\">Peamised kasutusalad<\/strong><\/h3>\n<ul data-start=\"1312\" data-end=\"1492\">\n<li data-start=\"1312\" data-end=\"1358\">\n<p data-start=\"1314\" data-end=\"1358\"><strong data-start=\"1314\" data-end=\"1329\">Kalastamine<\/strong> j\u00e4rvedel, j\u00f5gedel ja merel<\/p>\n<\/li>\n<li data-start=\"1359\" data-end=\"1394\">\n<p data-start=\"1361\" data-end=\"1394\"><strong data-start=\"1361\" data-end=\"1392\">Trollimine ja spinningup\u00fc\u00fck<\/strong><\/p>\n<\/li>\n<li data-start=\"1395\" data-end=\"1437\">\n<p data-start=\"1397\" data-end=\"1437\"><strong data-start=\"1397\" data-end=\"1435\">Perega puhkes\u00f5idud ja ujumisretked<\/strong><\/p>\n<\/li>\n<li data-start=\"1438\" data-end=\"1492\">\n<p data-start=\"1440\" data-end=\"1492\"><strong data-start=\"1440\" data-end=\"1492\">Lihtne treileri pealt vette lasta ja v\u00e4lja v\u00f5tta<\/strong><\/p>\n<\/li>\n<\/ul>\n<h3 data-start=\"1494\" data-end=\"1561\"><strong data-start=\"1498\" data-end=\"1561\">Konkurentsieelised v\u00f5rreldes sarnaste 5.50\u20136.00 m paatidega<\/strong><\/h3>\n<ul data-start=\"1562\" data-end=\"1847\">\n<li data-start=\"1562\" data-end=\"1598\">\n<p data-start=\"1564\" data-end=\"1598\">Rohkem sisepinda ja laiem kokpit<\/p>\n<\/li>\n<li data-start=\"1599\" data-end=\"1639\">\n<p data-start=\"1601\" data-end=\"1639\">Tugevam klaasplastist konstruktsioon<\/p>\n<\/li>\n<li data-start=\"1640\" data-end=\"1691\">\n<p data-start=\"1642\" data-end=\"1691\">Parem kaal ja stabiilsus p\u00fc\u00fcgitegevustes<\/p>\n<\/li>\n<li data-start=\"1692\" data-end=\"1732\">\n<p data-start=\"1694\" data-end=\"1732\">Suurep\u00e4rane hind<\/p>\n<\/li>\n<li data-start=\"1733\" data-end=\"1788\">\n<p data-start=\"1735\" data-end=\"1788\">V\u00e4ga head s\u00f5iduomadused isegi v\u00e4iksema mootoriga<\/p>\n<\/li>\n<li data-start=\"1789\" data-end=\"1847\">\n<p data-start=\"1791\" data-end=\"1847\">Madalad ekspluatatsioonikulud ja vastupidavad materjalid<\/p>\n<\/li>\n<\/ul>\n<h3 data-start=\"1849\" data-end=\"1880\"><strong data-start=\"1853\" data-end=\"1880\">Kellele see paat sobib?<\/strong><\/h3>\n<ul data-start=\"1881\" data-end=\"2153\">\n<li data-start=\"1881\" data-end=\"1948\">\n<p data-start=\"1883\" data-end=\"1948\">Kalamehele, kes soovib <strong data-start=\"1906\" data-end=\"1946\">t\u00f5siseltv\u00f5etavat ja t\u00f6\u00f6kindlat paati<\/strong><\/p>\n<\/li>\n<li data-start=\"1949\" data-end=\"2000\">\n<p data-start=\"1951\" data-end=\"2000\">Peredele, kes hindavad <strong data-start=\"1974\" data-end=\"1998\">ruumikust ja ohutust<\/strong><\/p>\n<\/li>\n<li data-start=\"2001\" data-end=\"2072\">\n<p data-start=\"2003\" data-end=\"2072\">Neile, kes otsivad <strong data-start=\"2022\" data-end=\"2070\">lihtsalt hooldatavat ja \u00f6konoomset lahendust<\/strong><\/p>\n<\/li>\n<li data-start=\"2073\" data-end=\"2153\">\n<p data-start=\"2075\" data-end=\"2153\">Klientidele, kes otsivad <strong data-start=\"2100\" data-end=\"2153\">5\u20136 meetri klassis parimat hinna-kvaliteedi suhet<\/strong><\/p>\n<\/li>\n<\/ul>\n<h3 data-start=\"2155\" data-end=\"2215\"><\/h3>\n","protected":false},"excerpt":{"rendered":"<p>Mootorpaat Poseidon R 680 &#8211; suur, v\u00f5imas ja erakordselt stabiilne mitmeotstarbeline paat Mootorpaat Poseidon KING FISHER 5.70 stabiilne, ruumikas ja turvaline kalastuspaat\u00a0 Poseidon KING FISHER 5.70 on ideaalne valik harrastus- ja sportkalastajale, kes hindab paadi stabiilsust, avarat kokpitti ja kindlat meres\u00f5itu ka keerulisemates tingimustes. Mudel 5.70 eristub oma klassi paatidest tugevama konstruktsiooni, parema kandev\u00f5ime ning&#8230;<\/p>\n","protected":false},"featured_media":53310,"template":"","meta":{"_kad_blocks_custom_css":"","_kad_blocks_head_custom_js":"","_kad_blocks_body_custom_js":"","_kad_blocks_footer_custom_js":"","_kad_post_transparent":"default","_kad_post_title":"","_kad_post_layout":"default","_kad_post_sidebar_id":"","_kad_post_content_style":"default","_kad_post_vertical_padding":"default","_kad_post_feature":"","_kad_post_feature_position":"","_kad_post_header":false,"_kad_post_footer":false,"_kad_post_classname":""},"product_brand":[],"product_cat":[1836],"product_tag":[],"class_list":{"0":"post-53309","1":"product","2":"type-product","3":"status-publish","4":"has-post-thumbnail","6":"product_cat-poseidon-paadid","7":"pa_producer-nordline-boats","8":"pa_unit-pcs","9":"tm-has-styled-variations","10":"tm-has-options","12":"first","13":"onbackorder","14":"taxable","15":"shipping-taxable","16":"purchasable","17":"product-type-simple","18":"entry","19":"content-bg","20":"loop-entry"},"yoast_head":"<!-- This site is optimized with the Yoast SEO plugin v27.3 - https:\/\/yoast.com\/product\/yoast-seo-wordpress\/ -->\n<title>Mootorpaat Poesidon KING FISHER<\/title>\n<meta name=\"description\" content=\"Stabiilne ja ruumikas kalastuspaat, mis pakub suurep\u00e4rast s\u00f5idumugavust ja turvalisust. Ideaalne paat kalastamiseks ja perega s\u00f5itmiseks.\" \/>\n<meta name=\"robots\" content=\"index, follow, max-snippet:-1, max-image-preview:large, max-video-preview:-1\" \/>\n<link rel=\"canonical\" href=\"https:\/\/nordlinepaadid.ee\/et\/pood\/poseidon-paadid\/mootorpaat-poseidon-king-fisher\/\" \/>\n<meta property=\"og:locale\" content=\"et_EE\" \/>\n<meta property=\"og:type\" content=\"article\" \/>\n<meta property=\"og:title\" content=\"Mootorpaat Poesidon KING FISHER\" \/>\n<meta property=\"og:description\" content=\"Stabiilne ja ruumikas kalastuspaat, mis pakub suurep\u00e4rast s\u00f5idumugavust ja turvalisust. Ideaalne paat kalastamiseks ja perega s\u00f5itmiseks.\" \/>\n<meta property=\"og:url\" content=\"https:\/\/nordlinepaadid.ee\/et\/pood\/poseidon-paadid\/mootorpaat-poseidon-king-fisher\/\" \/>\n<meta property=\"og:site_name\" content=\"NORDLINE s\u00f5udepaadid ja mootorpaadid. Klaasfiiber materjalist.\" \/>\n<meta property=\"article:publisher\" content=\"https:\/\/www.facebook.com\/nordlineboats\" \/>\n<meta property=\"article:modified_time\" content=\"2025-11-20T07:40:31+00:00\" \/>\n<meta property=\"og:image\" content=\"https:\/\/nordlinepaadid.ee\/wp-content\/uploads\/2025\/11\/Mootorpaat-Poseidon-KING-FISHER-5.70.jpg\" \/>\n\t<meta property=\"og:image:width\" content=\"1280\" \/>\n\t<meta property=\"og:image:height\" content=\"720\" \/>\n\t<meta property=\"og:image:type\" content=\"image\/jpeg\" \/>\n<meta name=\"twitter:card\" content=\"summary_large_image\" \/>\n<meta name=\"twitter:label1\" content=\"Est. reading time\" \/>\n\t<meta name=\"twitter:data1\" content=\"2 minutit\" \/>\n<script type=\"application\/ld+json\" class=\"yoast-schema-graph\">{\"@context\":\"https:\\\/\\\/schema.org\",\"@graph\":[{\"@type\":\"WebPage\",\"@id\":\"https:\\\/\\\/nordlinepaadid.ee\\\/et\\\/pood\\\/poseidon-paadid\\\/mootorpaat-poseidon-king-fisher\\\/\",\"url\":\"https:\\\/\\\/nordlinepaadid.ee\\\/et\\\/pood\\\/poseidon-paadid\\\/mootorpaat-poseidon-king-fisher\\\/\",\"name\":\"Mootorpaat Poesidon KING FISHER\",\"isPartOf\":{\"@id\":\"https:\\\/\\\/nordlinepaadid.ee\\\/et\\\/#website\"},\"primaryImageOfPage\":{\"@id\":\"https:\\\/\\\/nordlinepaadid.ee\\\/et\\\/pood\\\/poseidon-paadid\\\/mootorpaat-poseidon-king-fisher\\\/#primaryimage\"},\"image\":{\"@id\":\"https:\\\/\\\/nordlinepaadid.ee\\\/et\\\/pood\\\/poseidon-paadid\\\/mootorpaat-poseidon-king-fisher\\\/#primaryimage\"},\"thumbnailUrl\":\"https:\\\/\\\/nordlinepaadid.ee\\\/wp-content\\\/uploads\\\/2025\\\/11\\\/Mootorpaat-Poseidon-KING-FISHER-5.70.jpg\",\"datePublished\":\"2025-11-20T07:14:08+00:00\",\"dateModified\":\"2025-11-20T07:40:31+00:00\",\"description\":\"Stabiilne ja ruumikas kalastuspaat, mis pakub suurep\u00e4rast s\u00f5idumugavust ja turvalisust. Ideaalne paat kalastamiseks ja perega s\u00f5itmiseks.\",\"breadcrumb\":{\"@id\":\"https:\\\/\\\/nordlinepaadid.ee\\\/et\\\/pood\\\/poseidon-paadid\\\/mootorpaat-poseidon-king-fisher\\\/#breadcrumb\"},\"inLanguage\":\"et\",\"potentialAction\":[{\"@type\":\"ReadAction\",\"target\":[\"https:\\\/\\\/nordlinepaadid.ee\\\/et\\\/pood\\\/poseidon-paadid\\\/mootorpaat-poseidon-king-fisher\\\/\"]}]},{\"@type\":\"ImageObject\",\"inLanguage\":\"et\",\"@id\":\"https:\\\/\\\/nordlinepaadid.ee\\\/et\\\/pood\\\/poseidon-paadid\\\/mootorpaat-poseidon-king-fisher\\\/#primaryimage\",\"url\":\"https:\\\/\\\/nordlinepaadid.ee\\\/wp-content\\\/uploads\\\/2025\\\/11\\\/Mootorpaat-Poseidon-KING-FISHER-5.70.jpg\",\"contentUrl\":\"https:\\\/\\\/nordlinepaadid.ee\\\/wp-content\\\/uploads\\\/2025\\\/11\\\/Mootorpaat-Poseidon-KING-FISHER-5.70.jpg\",\"width\":1280,\"height\":720,\"caption\":\"Mootorpaat Poseidon KING FISHER 5.70\"},{\"@type\":\"BreadcrumbList\",\"@id\":\"https:\\\/\\\/nordlinepaadid.ee\\\/et\\\/pood\\\/poseidon-paadid\\\/mootorpaat-poseidon-king-fisher\\\/#breadcrumb\",\"itemListElement\":[{\"@type\":\"ListItem\",\"position\":1,\"name\":\"Home\",\"item\":\"https:\\\/\\\/nordlinepaadid.ee\\\/et\\\/\"},{\"@type\":\"ListItem\",\"position\":2,\"name\":\"Pood\",\"item\":\"https:\\\/\\\/nordlinepaadid.ee\\\/et\\\/pood\\\/\"},{\"@type\":\"ListItem\",\"position\":3,\"name\":\"MOOTORPAAT POSEIDON KING FISHER 5.70\"}]},{\"@type\":\"WebSite\",\"@id\":\"https:\\\/\\\/nordlinepaadid.ee\\\/et\\\/#website\",\"url\":\"https:\\\/\\\/nordlinepaadid.ee\\\/et\\\/\",\"name\":\"NORDLINE s\u00f5udepaadid ja mootorpaadid. Klaasfiiber materjalist.\",\"description\":\"\",\"publisher\":{\"@id\":\"https:\\\/\\\/nordlinepaadid.ee\\\/et\\\/#organization\"},\"potentialAction\":[{\"@type\":\"SearchAction\",\"target\":{\"@type\":\"EntryPoint\",\"urlTemplate\":\"https:\\\/\\\/nordlinepaadid.ee\\\/et\\\/?s={search_term_string}\"},\"query-input\":{\"@type\":\"PropertyValueSpecification\",\"valueRequired\":true,\"valueName\":\"search_term_string\"}}],\"inLanguage\":\"et\"},{\"@type\":\"Organization\",\"@id\":\"https:\\\/\\\/nordlinepaadid.ee\\\/et\\\/#organization\",\"name\":\"Nordlineboats\",\"url\":\"https:\\\/\\\/nordlinepaadid.ee\\\/et\\\/\",\"logo\":{\"@type\":\"ImageObject\",\"inLanguage\":\"et\",\"@id\":\"https:\\\/\\\/nordlinepaadid.ee\\\/et\\\/#\\\/schema\\\/logo\\\/image\\\/\",\"url\":\"https:\\\/\\\/nordlinepaadid.ee\\\/wp-content\\\/uploads\\\/2023\\\/01\\\/fulllogo_transparent_nobuffer-e1672750475494.png\",\"contentUrl\":\"https:\\\/\\\/nordlinepaadid.ee\\\/wp-content\\\/uploads\\\/2023\\\/01\\\/fulllogo_transparent_nobuffer-e1672750475494.png\",\"width\":150,\"height\":119,\"caption\":\"Nordlineboats\"},\"image\":{\"@id\":\"https:\\\/\\\/nordlinepaadid.ee\\\/et\\\/#\\\/schema\\\/logo\\\/image\\\/\"},\"sameAs\":[\"https:\\\/\\\/www.facebook.com\\\/nordlineboats\",\"https:\\\/\\\/www.youtube.com\\\/channel\\\/UCbgF0fy02y3QkFnujaLTaCA\"]}]}<\/script>\n<!-- \/ Yoast SEO plugin. -->","yoast_head_json":{"title":"Mootorpaat Poesidon KING FISHER","description":"Stabiilne ja ruumikas kalastuspaat, mis pakub suurep\u00e4rast s\u00f5idumugavust ja turvalisust. Ideaalne paat kalastamiseks ja perega s\u00f5itmiseks.","robots":{"index":"index","follow":"follow","max-snippet":"max-snippet:-1","max-image-preview":"max-image-preview:large","max-video-preview":"max-video-preview:-1"},"canonical":"https:\/\/nordlinepaadid.ee\/et\/pood\/poseidon-paadid\/mootorpaat-poseidon-king-fisher\/","og_locale":"et_EE","og_type":"article","og_title":"Mootorpaat Poesidon KING FISHER","og_description":"Stabiilne ja ruumikas kalastuspaat, mis pakub suurep\u00e4rast s\u00f5idumugavust ja turvalisust. Ideaalne paat kalastamiseks ja perega s\u00f5itmiseks.","og_url":"https:\/\/nordlinepaadid.ee\/et\/pood\/poseidon-paadid\/mootorpaat-poseidon-king-fisher\/","og_site_name":"NORDLINE s\u00f5udepaadid ja mootorpaadid. Klaasfiiber materjalist.","article_publisher":"https:\/\/www.facebook.com\/nordlineboats","article_modified_time":"2025-11-20T07:40:31+00:00","og_image":[{"width":1280,"height":720,"url":"https:\/\/nordlinepaadid.ee\/wp-content\/uploads\/2025\/11\/Mootorpaat-Poseidon-KING-FISHER-5.70.jpg","type":"image\/jpeg"}],"twitter_card":"summary_large_image","twitter_misc":{"Est. reading time":"2 minutit"},"schema":{"@context":"https:\/\/schema.org","@graph":[{"@type":"WebPage","@id":"https:\/\/nordlinepaadid.ee\/et\/pood\/poseidon-paadid\/mootorpaat-poseidon-king-fisher\/","url":"https:\/\/nordlinepaadid.ee\/et\/pood\/poseidon-paadid\/mootorpaat-poseidon-king-fisher\/","name":"Mootorpaat Poesidon KING FISHER","isPartOf":{"@id":"https:\/\/nordlinepaadid.ee\/et\/#website"},"primaryImageOfPage":{"@id":"https:\/\/nordlinepaadid.ee\/et\/pood\/poseidon-paadid\/mootorpaat-poseidon-king-fisher\/#primaryimage"},"image":{"@id":"https:\/\/nordlinepaadid.ee\/et\/pood\/poseidon-paadid\/mootorpaat-poseidon-king-fisher\/#primaryimage"},"thumbnailUrl":"https:\/\/nordlinepaadid.ee\/wp-content\/uploads\/2025\/11\/Mootorpaat-Poseidon-KING-FISHER-5.70.jpg","datePublished":"2025-11-20T07:14:08+00:00","dateModified":"2025-11-20T07:40:31+00:00","description":"Stabiilne ja ruumikas kalastuspaat, mis pakub suurep\u00e4rast s\u00f5idumugavust ja turvalisust. Ideaalne paat kalastamiseks ja perega s\u00f5itmiseks.","breadcrumb":{"@id":"https:\/\/nordlinepaadid.ee\/et\/pood\/poseidon-paadid\/mootorpaat-poseidon-king-fisher\/#breadcrumb"},"inLanguage":"et","potentialAction":[{"@type":"ReadAction","target":["https:\/\/nordlinepaadid.ee\/et\/pood\/poseidon-paadid\/mootorpaat-poseidon-king-fisher\/"]}]},{"@type":"ImageObject","inLanguage":"et","@id":"https:\/\/nordlinepaadid.ee\/et\/pood\/poseidon-paadid\/mootorpaat-poseidon-king-fisher\/#primaryimage","url":"https:\/\/nordlinepaadid.ee\/wp-content\/uploads\/2025\/11\/Mootorpaat-Poseidon-KING-FISHER-5.70.jpg","contentUrl":"https:\/\/nordlinepaadid.ee\/wp-content\/uploads\/2025\/11\/Mootorpaat-Poseidon-KING-FISHER-5.70.jpg","width":1280,"height":720,"caption":"Mootorpaat Poseidon KING FISHER 5.70"},{"@type":"BreadcrumbList","@id":"https:\/\/nordlinepaadid.ee\/et\/pood\/poseidon-paadid\/mootorpaat-poseidon-king-fisher\/#breadcrumb","itemListElement":[{"@type":"ListItem","position":1,"name":"Home","item":"https:\/\/nordlinepaadid.ee\/et\/"},{"@type":"ListItem","position":2,"name":"Pood","item":"https:\/\/nordlinepaadid.ee\/et\/pood\/"},{"@type":"ListItem","position":3,"name":"MOOTORPAAT POSEIDON KING FISHER 5.70"}]},{"@type":"WebSite","@id":"https:\/\/nordlinepaadid.ee\/et\/#website","url":"https:\/\/nordlinepaadid.ee\/et\/","name":"NORDLINE s\u00f5udepaadid ja mootorpaadid. Klaasfiiber materjalist.","description":"","publisher":{"@id":"https:\/\/nordlinepaadid.ee\/et\/#organization"},"potentialAction":[{"@type":"SearchAction","target":{"@type":"EntryPoint","urlTemplate":"https:\/\/nordlinepaadid.ee\/et\/?s={search_term_string}"},"query-input":{"@type":"PropertyValueSpecification","valueRequired":true,"valueName":"search_term_string"}}],"inLanguage":"et"},{"@type":"Organization","@id":"https:\/\/nordlinepaadid.ee\/et\/#organization","name":"Nordlineboats","url":"https:\/\/nordlinepaadid.ee\/et\/","logo":{"@type":"ImageObject","inLanguage":"et","@id":"https:\/\/nordlinepaadid.ee\/et\/#\/schema\/logo\/image\/","url":"https:\/\/nordlinepaadid.ee\/wp-content\/uploads\/2023\/01\/fulllogo_transparent_nobuffer-e1672750475494.png","contentUrl":"https:\/\/nordlinepaadid.ee\/wp-content\/uploads\/2023\/01\/fulllogo_transparent_nobuffer-e1672750475494.png","width":150,"height":119,"caption":"Nordlineboats"},"image":{"@id":"https:\/\/nordlinepaadid.ee\/et\/#\/schema\/logo\/image\/"},"sameAs":["https:\/\/www.facebook.com\/nordlineboats","https:\/\/www.youtube.com\/channel\/UCbgF0fy02y3QkFnujaLTaCA"]}]}},"taxonomy_info":{"product_cat":[{"value":1836,"label":"POSEIDON PAADID"}],"pa_producer":[{"value":580,"label":"Nordline Boats"}],"pa_unit":[{"value":416,"label":"pcs"}]},"featured_image_src_large":["https:\/\/nordlinepaadid.ee\/wp-content\/uploads\/2025\/11\/Mootorpaat-Poseidon-KING-FISHER-5.70-1024x576.jpg",1024,576,true],"author_info":[],"comment_info":"","_links":{"self":[{"href":"https:\/\/nordlinepaadid.ee\/et\/wp-json\/wp\/v2\/product\/53309","targetHints":{"allow":["GET"]}}],"collection":[{"href":"https:\/\/nordlinepaadid.ee\/et\/wp-json\/wp\/v2\/product"}],"about":[{"href":"https:\/\/nordlinepaadid.ee\/et\/wp-json\/wp\/v2\/types\/product"}],"wp:featuredmedia":[{"embeddable":true,"href":"https:\/\/nordlinepaadid.ee\/et\/wp-json\/wp\/v2\/media\/53310"}],"wp:attachment":[{"href":"https:\/\/nordlinepaadid.ee\/et\/wp-json\/wp\/v2\/media?parent=53309"}],"wp:term":[{"taxonomy":"product_brand","embeddable":true,"href":"https:\/\/nordlinepaadid.ee\/et\/wp-json\/wp\/v2\/product_brand?post=53309"},{"taxonomy":"product_cat","embeddable":true,"href":"https:\/\/nordlinepaadid.ee\/et\/wp-json\/wp\/v2\/product_cat?post=53309"},{"taxonomy":"product_tag","embeddable":true,"href":"https:\/\/nordlinepaadid.ee\/et\/wp-json\/wp\/v2\/product_tag?post=53309"}],"curies":[{"name":"wp","href":"https:\/\/api.w.org\/{rel}","templated":true}]}}