{"id":53329,"date":"2025-11-24T12:01:27","date_gmt":"2025-11-24T10:01:27","guid":{"rendered":"https:\/\/nordlinepaadid.ee\/?post_type=product&#038;p=53329"},"modified":"2025-11-24T12:31:14","modified_gmt":"2025-11-24T10:31:14","slug":"mootorpaat-poseidon-king-fisher-650","status":"publish","type":"product","link":"https:\/\/nordlinepaadid.ee\/et\/pood\/poseidon-paadid\/mootorpaat-poseidon-king-fisher-650\/","title":{"rendered":"MOOTORPAAT POSEIDON KING FISHER 650"},"content":{"rendered":"<h2 data-start=\"376\" data-end=\"477\"><strong data-start=\"379\" data-end=\"477\">Mootorpaat Poseidon KING FISHER 650<br \/>\n<\/strong><strong style=\"font-family: inherit; font-size: 24px;\" data-start=\"379\" data-end=\"477\">Kompromissitu stabiilsus ja professionaalse taseme kalastusv\u00f5imekus<\/strong><\/h2>\n<p data-start=\"479\" data-end=\"809\"><strong data-start=\"479\" data-end=\"507\">Poseidon KING FISHER 650<\/strong> on 6,5-meetrine k\u00f5rgklassi kalastus- ja universaalpaat, mis on loodud veekogudel tegutsevale n\u00f5udlikule kasutajale. See mudel \u00fchendab erakordse stabiilsuse, s\u00fcgavama V-kujuga p\u00f5hja ning turvalise ja avara paigutuse, tehes sellest \u00fche oma kategooria parima valiku nii harrastus- kui ka profikaluritele.<\/p>\n<p data-start=\"811\" data-end=\"1127\">KING FISHER 650 on ehitatud tugevdatud konstruktsiooniga, mis tagab paadile maksimaalse j\u00e4ikuse, turvalisuse ja sujuva liikumise ka lainetuses. Avar planeering, k\u00f5rged pardad ja nutikalt paigutatud panipaigad pakuvad suurep\u00e4rast kasutusmugavust nii kalap\u00fc\u00fcgiks, perega merel k\u00e4imiseks kui ka aktiivseks p\u00e4evaretkeks.<\/p>\n<h2>Mootorpaat Poseidon <strong data-start=\"216\" data-end=\"311\">KING FISHER 650<\/strong>\u00a0tehnilised andmed<\/h2>\n<table id=\"motors\">\n<tbody>\n<tr>\n<td>Pikkus<\/td>\n<td>6,50 m<\/td>\n<\/tr>\n<tr>\n<td>Laius<\/td>\n<td>2,45 m<\/td>\n<\/tr>\n<tr>\n<td>Kaal<\/td>\n<td>1250 kg<\/td>\n<\/tr>\n<tr>\n<td>S\u00fcvis<\/td>\n<td>40 cm<\/td>\n<\/tr>\n<tr>\n<td>Soovituslik mootor<\/td>\n<td>150-250HJ<\/td>\n<\/tr>\n<tr>\n<td>Maks. lubatud inimeste arv pardal<\/td>\n<td>8<\/td>\n<\/tr>\n<tr>\n<td>Maksimaalne kandev\u00f5ime<\/td>\n<td><\/td>\n<\/tr>\n<tr>\n<td>Kategooria<\/td>\n<td>C<\/td>\n<\/tr>\n<\/tbody>\n<\/table>\n<h3 data-start=\"396\" data-end=\"418\">Komplekti kuuluvat<\/h3>\n<ul>\n<li>Karastatud klaasist kahjutiaknad<\/li>\n<li>Tualett eraldi ruumis<\/li>\n<li>L\u00fckanduks kahjutil<\/li>\n<li>Kojamehed<\/li>\n<li>Kajuti luugid<\/li>\n<li>Istmete pehmendused<\/li>\n<li>K\u00fctuses\u00fcsteem 135L paagiga<\/li>\n<li>Gaasipliit, valamu<\/li>\n<li>Laud \u00fclemises kajutis<\/li>\n<li>Du\u0161\u0161is\u00fcsteem<\/li>\n<li>Ujumisredel<\/li>\n<li>V\u00f6\u00f6ri- ja ahtrireelingud<\/li>\n<li>Navigatsioonituled<\/li>\n<li>Kajutivalgustus<\/li>\n<li>L\u00fclitipaneel<\/li>\n<li>Roolis\u00fcsteem<\/li>\n<li>Fenderkumm<\/li>\n<li>Iset\u00fchjuenev kokpit<\/li>\n<li>Standardv\u00e4rvus valge<\/li>\n<li>CE certifikat<\/li>\n<\/ul>\n<h2 data-start=\"1134\" data-end=\"1181\"><strong data-start=\"1137\" data-end=\"1181\">Peamised tugevused ja konkurentsieelised<\/strong><\/h2>\n<h3 data-start=\"1183\" data-end=\"1231\"><strong data-start=\"1187\" data-end=\"1231\">\u2713 Tipptasemel stabiilsus ja s\u00fcgav V-p\u00f5hi<\/strong><\/h3>\n<ul data-start=\"1232\" data-end=\"1360\">\n<li data-start=\"1232\" data-end=\"1293\">\n<p data-start=\"1234\" data-end=\"1293\">Tagab turvalise ja pehme s\u00f5idu ka kehvemates tingimustes.<\/p>\n<\/li>\n<li data-start=\"1294\" data-end=\"1360\">\n<p data-start=\"1296\" data-end=\"1360\">Parem tasakaal seistes \u2013 ideaalne spinningup\u00fc\u00fcgiks ja trollimiseks.<\/p>\n<\/li>\n<\/ul>\n<h3 data-start=\"1362\" data-end=\"1397\"><strong data-start=\"1366\" data-end=\"1397\">\u2713 Avar ja praktiline kokpit<\/strong><\/h3>\n<ul data-start=\"1398\" data-end=\"1563\">\n<li data-start=\"1398\" data-end=\"1455\">\n<p data-start=\"1400\" data-end=\"1455\">Palju ruumi p\u00fc\u00fcgiks nii paadi ahtris kui ka v\u00f6\u00f6ris.<\/p>\n<\/li>\n<li data-start=\"1456\" data-end=\"1503\">\n<p data-start=\"1458\" data-end=\"1503\">Suured panipaigad varustusele ja ridvadele.<\/p>\n<\/li>\n<li data-start=\"1504\" data-end=\"1563\">\n<p data-start=\"1506\" data-end=\"1563\">Mugav liikumine \u00fcmber kogu paadi.<\/p>\n<\/li>\n<\/ul>\n<h3 data-start=\"1565\" data-end=\"1607\"><strong data-start=\"1569\" data-end=\"1607\">\u2713 Kvaliteetne ja vastupidav ehitus<\/strong><\/h3>\n<ul data-start=\"1608\" data-end=\"1738\">\n<li data-start=\"1608\" data-end=\"1657\">\n<p data-start=\"1610\" data-end=\"1657\">Tugevdatud kere ja k\u00f5rgema klassi materjalid.<\/p>\n<\/li>\n<li data-start=\"1658\" data-end=\"1738\">\n<p data-start=\"1660\" data-end=\"1738\">Konstruktsioon, mis on m\u00f5eldud intensiivseks kasutamiseks ja pikaks elueaks.<\/p>\n<\/li>\n<\/ul>\n<h3 data-start=\"1967\" data-end=\"2005\"><strong data-start=\"1971\" data-end=\"2005\">\u2713 Mugav ja turvaline perele<\/strong><\/h3>\n<ul data-start=\"2006\" data-end=\"2151\">\n<li data-start=\"2006\" data-end=\"2089\">\n<p data-start=\"2008\" data-end=\"2089\">K\u00f5rged pardad ja s\u00fcgav kokpit teevad paadi sobivaks ka lastega merel k\u00e4imiseks.<\/p>\n<\/li>\n<li data-start=\"2090\" data-end=\"2151\">\n<p data-start=\"2092\" data-end=\"2151\">Pehmem s\u00f5it kui paljudel konkurentidel samas suurusklassis.<\/p>\n<\/li>\n<\/ul>\n<h3 data-start=\"2153\" data-end=\"2199\"><strong data-start=\"2157\" data-end=\"2199\">\u2713 Suurep\u00e4rane hinna ja kvaliteedi suhe<\/strong><\/h3>\n<ul data-start=\"2200\" data-end=\"2336\">\n<li data-start=\"2200\" data-end=\"2336\">\n<p data-start=\"2202\" data-end=\"2336\">V\u00f5rreldes sarnaste 6,5 m kalastusalustega on Poseidonil selgelt parem varustustase ja vastupidavus, s\u00e4ilitades samas soodsa koguhinna.<\/p>\n<\/li>\n<\/ul>\n<hr data-start=\"2338\" data-end=\"2341\" \/>\n<h2 data-start=\"2343\" data-end=\"2387\"><strong data-start=\"2346\" data-end=\"2387\">Miks valida Poseidon KING FISHER 650?<\/strong><\/h2>\n<p data-start=\"2389\" data-end=\"2708\">See mudel on ideaalne neile, kes otsivad <strong data-start=\"2430\" data-end=\"2474\">professionaalse taseme kalastusv\u00f5imekust<\/strong>, v\u00e4ga head stabiilsust ning t\u00f6\u00f6kindlat paati, mis peab vastu nii merel, j\u00e4rvel kui j\u00f5el. KING FISHER 650 paistab silma praktilise ruumikusega, nutika disaini ja vastupidava ehitusega, muutes selle \u00fcheks parimaks valikuks oma klassis.<\/p>\n<h3 data-start=\"2155\" data-end=\"2215\"><\/h3>\n","protected":false},"excerpt":{"rendered":"<p>Mootorpaat Poseidon KING FISHER 650 Kompromissitu stabiilsus ja professionaalse taseme kalastusv\u00f5imekus Poseidon KING FISHER 650 on 6,5-meetrine k\u00f5rgklassi kalastus- ja universaalpaat, mis on loodud veekogudel tegutsevale n\u00f5udlikule kasutajale. See mudel \u00fchendab erakordse stabiilsuse, s\u00fcgavama V-kujuga p\u00f5hja ning turvalise ja avara paigutuse, tehes sellest \u00fche oma kategooria parima valiku nii harrastus- kui ka profikaluritele. KING FISHER&#8230;<\/p>\n","protected":false},"featured_media":53330,"template":"","meta":{"_kad_blocks_custom_css":"","_kad_blocks_head_custom_js":"","_kad_blocks_body_custom_js":"","_kad_blocks_footer_custom_js":"","_kad_post_transparent":"default","_kad_post_title":"","_kad_post_layout":"default","_kad_post_sidebar_id":"","_kad_post_content_style":"default","_kad_post_vertical_padding":"default","_kad_post_feature":"","_kad_post_feature_position":"","_kad_post_header":false,"_kad_post_footer":false,"_kad_post_classname":""},"product_brand":[],"product_cat":[1836],"product_tag":[],"class_list":{"0":"post-53329","1":"product","2":"type-product","3":"status-publish","4":"has-post-thumbnail","6":"product_cat-poseidon-paadid","7":"pa_producer-nordline-boats","8":"pa_unit-pcs","9":"tm-has-styled-variations","10":"tm-has-options","12":"first","13":"onbackorder","14":"taxable","15":"shipping-taxable","16":"purchasable","17":"product-type-simple","18":"entry","19":"content-bg","20":"loop-entry"},"yoast_head":"<!-- This site is optimized with the Yoast SEO plugin v27.3 - https:\/\/yoast.com\/product\/yoast-seo-wordpress\/ -->\n<title>Mootorpaat Poesidon KING FISHER 650<\/title>\n<meta name=\"description\" content=\"Ruumikas ja stabiilne 6,5 m kalapaat n\u00f5udlikule kasutajale. S\u00fcgav V-p\u00f5hi, tugev konstruktsioon, avar t\u00f6\u00f6ala ja suurep\u00e4rane varustustase.\" \/>\n<meta name=\"robots\" content=\"index, follow, max-snippet:-1, max-image-preview:large, max-video-preview:-1\" \/>\n<link rel=\"canonical\" href=\"https:\/\/nordlinepaadid.ee\/et\/pood\/poseidon-paadid\/mootorpaat-poseidon-king-fisher-650\/\" \/>\n<meta property=\"og:locale\" content=\"et_EE\" \/>\n<meta property=\"og:type\" content=\"article\" \/>\n<meta property=\"og:title\" content=\"Mootorpaat Poesidon KING FISHER 650\" \/>\n<meta property=\"og:description\" content=\"Ruumikas ja stabiilne 6,5 m kalapaat n\u00f5udlikule kasutajale. S\u00fcgav V-p\u00f5hi, tugev konstruktsioon, avar t\u00f6\u00f6ala ja suurep\u00e4rane varustustase.\" \/>\n<meta property=\"og:url\" content=\"https:\/\/nordlinepaadid.ee\/et\/pood\/poseidon-paadid\/mootorpaat-poseidon-king-fisher-650\/\" \/>\n<meta property=\"og:site_name\" content=\"NORDLINE s\u00f5udepaadid ja mootorpaadid. Klaasfiiber materjalist.\" \/>\n<meta property=\"article:publisher\" content=\"https:\/\/www.facebook.com\/nordlineboats\" \/>\n<meta property=\"article:modified_time\" content=\"2025-11-24T10:31:14+00:00\" \/>\n<meta property=\"og:image\" content=\"https:\/\/nordlinepaadid.ee\/wp-content\/uploads\/2025\/11\/Mootorpaat-Poseidon-King-Fisher-650.jpg\" \/>\n\t<meta property=\"og:image:width\" content=\"875\" \/>\n\t<meta property=\"og:image:height\" content=\"540\" \/>\n\t<meta property=\"og:image:type\" content=\"image\/jpeg\" \/>\n<meta name=\"twitter:card\" content=\"summary_large_image\" \/>\n<meta name=\"twitter:label1\" content=\"Est. reading time\" \/>\n\t<meta name=\"twitter:data1\" content=\"2 minutit\" \/>\n<script type=\"application\/ld+json\" class=\"yoast-schema-graph\">{\"@context\":\"https:\\\/\\\/schema.org\",\"@graph\":[{\"@type\":\"WebPage\",\"@id\":\"https:\\\/\\\/nordlinepaadid.ee\\\/et\\\/pood\\\/poseidon-paadid\\\/mootorpaat-poseidon-king-fisher-650\\\/\",\"url\":\"https:\\\/\\\/nordlinepaadid.ee\\\/et\\\/pood\\\/poseidon-paadid\\\/mootorpaat-poseidon-king-fisher-650\\\/\",\"name\":\"Mootorpaat Poesidon KING FISHER 650\",\"isPartOf\":{\"@id\":\"https:\\\/\\\/nordlinepaadid.ee\\\/et\\\/#website\"},\"primaryImageOfPage\":{\"@id\":\"https:\\\/\\\/nordlinepaadid.ee\\\/et\\\/pood\\\/poseidon-paadid\\\/mootorpaat-poseidon-king-fisher-650\\\/#primaryimage\"},\"image\":{\"@id\":\"https:\\\/\\\/nordlinepaadid.ee\\\/et\\\/pood\\\/poseidon-paadid\\\/mootorpaat-poseidon-king-fisher-650\\\/#primaryimage\"},\"thumbnailUrl\":\"https:\\\/\\\/nordlinepaadid.ee\\\/wp-content\\\/uploads\\\/2025\\\/11\\\/Mootorpaat-Poseidon-King-Fisher-650.jpg\",\"datePublished\":\"2025-11-24T10:01:27+00:00\",\"dateModified\":\"2025-11-24T10:31:14+00:00\",\"description\":\"Ruumikas ja stabiilne 6,5 m kalapaat n\u00f5udlikule kasutajale. S\u00fcgav V-p\u00f5hi, tugev konstruktsioon, avar t\u00f6\u00f6ala ja suurep\u00e4rane varustustase.\",\"breadcrumb\":{\"@id\":\"https:\\\/\\\/nordlinepaadid.ee\\\/et\\\/pood\\\/poseidon-paadid\\\/mootorpaat-poseidon-king-fisher-650\\\/#breadcrumb\"},\"inLanguage\":\"et\",\"potentialAction\":[{\"@type\":\"ReadAction\",\"target\":[\"https:\\\/\\\/nordlinepaadid.ee\\\/et\\\/pood\\\/poseidon-paadid\\\/mootorpaat-poseidon-king-fisher-650\\\/\"]}]},{\"@type\":\"ImageObject\",\"inLanguage\":\"et\",\"@id\":\"https:\\\/\\\/nordlinepaadid.ee\\\/et\\\/pood\\\/poseidon-paadid\\\/mootorpaat-poseidon-king-fisher-650\\\/#primaryimage\",\"url\":\"https:\\\/\\\/nordlinepaadid.ee\\\/wp-content\\\/uploads\\\/2025\\\/11\\\/Mootorpaat-Poseidon-King-Fisher-650.jpg\",\"contentUrl\":\"https:\\\/\\\/nordlinepaadid.ee\\\/wp-content\\\/uploads\\\/2025\\\/11\\\/Mootorpaat-Poseidon-King-Fisher-650.jpg\",\"width\":875,\"height\":540,\"caption\":\"Mootorpaat Poseidon King Fisher 650\"},{\"@type\":\"BreadcrumbList\",\"@id\":\"https:\\\/\\\/nordlinepaadid.ee\\\/et\\\/pood\\\/poseidon-paadid\\\/mootorpaat-poseidon-king-fisher-650\\\/#breadcrumb\",\"itemListElement\":[{\"@type\":\"ListItem\",\"position\":1,\"name\":\"Home\",\"item\":\"https:\\\/\\\/nordlinepaadid.ee\\\/et\\\/\"},{\"@type\":\"ListItem\",\"position\":2,\"name\":\"Pood\",\"item\":\"https:\\\/\\\/nordlinepaadid.ee\\\/et\\\/pood\\\/\"},{\"@type\":\"ListItem\",\"position\":3,\"name\":\"MOOTORPAAT POSEIDON KING FISHER 650\"}]},{\"@type\":\"WebSite\",\"@id\":\"https:\\\/\\\/nordlinepaadid.ee\\\/et\\\/#website\",\"url\":\"https:\\\/\\\/nordlinepaadid.ee\\\/et\\\/\",\"name\":\"NORDLINE s\u00f5udepaadid ja mootorpaadid. Klaasfiiber materjalist.\",\"description\":\"\",\"publisher\":{\"@id\":\"https:\\\/\\\/nordlinepaadid.ee\\\/et\\\/#organization\"},\"potentialAction\":[{\"@type\":\"SearchAction\",\"target\":{\"@type\":\"EntryPoint\",\"urlTemplate\":\"https:\\\/\\\/nordlinepaadid.ee\\\/et\\\/?s={search_term_string}\"},\"query-input\":{\"@type\":\"PropertyValueSpecification\",\"valueRequired\":true,\"valueName\":\"search_term_string\"}}],\"inLanguage\":\"et\"},{\"@type\":\"Organization\",\"@id\":\"https:\\\/\\\/nordlinepaadid.ee\\\/et\\\/#organization\",\"name\":\"Nordlineboats\",\"url\":\"https:\\\/\\\/nordlinepaadid.ee\\\/et\\\/\",\"logo\":{\"@type\":\"ImageObject\",\"inLanguage\":\"et\",\"@id\":\"https:\\\/\\\/nordlinepaadid.ee\\\/et\\\/#\\\/schema\\\/logo\\\/image\\\/\",\"url\":\"https:\\\/\\\/nordlinepaadid.ee\\\/wp-content\\\/uploads\\\/2023\\\/01\\\/fulllogo_transparent_nobuffer-e1672750475494.png\",\"contentUrl\":\"https:\\\/\\\/nordlinepaadid.ee\\\/wp-content\\\/uploads\\\/2023\\\/01\\\/fulllogo_transparent_nobuffer-e1672750475494.png\",\"width\":150,\"height\":119,\"caption\":\"Nordlineboats\"},\"image\":{\"@id\":\"https:\\\/\\\/nordlinepaadid.ee\\\/et\\\/#\\\/schema\\\/logo\\\/image\\\/\"},\"sameAs\":[\"https:\\\/\\\/www.facebook.com\\\/nordlineboats\",\"https:\\\/\\\/www.youtube.com\\\/channel\\\/UCbgF0fy02y3QkFnujaLTaCA\"]}]}<\/script>\n<!-- \/ Yoast SEO plugin. -->","yoast_head_json":{"title":"Mootorpaat Poesidon KING FISHER 650","description":"Ruumikas ja stabiilne 6,5 m kalapaat n\u00f5udlikule kasutajale. S\u00fcgav V-p\u00f5hi, tugev konstruktsioon, avar t\u00f6\u00f6ala ja suurep\u00e4rane varustustase.","robots":{"index":"index","follow":"follow","max-snippet":"max-snippet:-1","max-image-preview":"max-image-preview:large","max-video-preview":"max-video-preview:-1"},"canonical":"https:\/\/nordlinepaadid.ee\/et\/pood\/poseidon-paadid\/mootorpaat-poseidon-king-fisher-650\/","og_locale":"et_EE","og_type":"article","og_title":"Mootorpaat Poesidon KING FISHER 650","og_description":"Ruumikas ja stabiilne 6,5 m kalapaat n\u00f5udlikule kasutajale. S\u00fcgav V-p\u00f5hi, tugev konstruktsioon, avar t\u00f6\u00f6ala ja suurep\u00e4rane varustustase.","og_url":"https:\/\/nordlinepaadid.ee\/et\/pood\/poseidon-paadid\/mootorpaat-poseidon-king-fisher-650\/","og_site_name":"NORDLINE s\u00f5udepaadid ja mootorpaadid. Klaasfiiber materjalist.","article_publisher":"https:\/\/www.facebook.com\/nordlineboats","article_modified_time":"2025-11-24T10:31:14+00:00","og_image":[{"width":875,"height":540,"url":"https:\/\/nordlinepaadid.ee\/wp-content\/uploads\/2025\/11\/Mootorpaat-Poseidon-King-Fisher-650.jpg","type":"image\/jpeg"}],"twitter_card":"summary_large_image","twitter_misc":{"Est. reading time":"2 minutit"},"schema":{"@context":"https:\/\/schema.org","@graph":[{"@type":"WebPage","@id":"https:\/\/nordlinepaadid.ee\/et\/pood\/poseidon-paadid\/mootorpaat-poseidon-king-fisher-650\/","url":"https:\/\/nordlinepaadid.ee\/et\/pood\/poseidon-paadid\/mootorpaat-poseidon-king-fisher-650\/","name":"Mootorpaat Poesidon KING FISHER 650","isPartOf":{"@id":"https:\/\/nordlinepaadid.ee\/et\/#website"},"primaryImageOfPage":{"@id":"https:\/\/nordlinepaadid.ee\/et\/pood\/poseidon-paadid\/mootorpaat-poseidon-king-fisher-650\/#primaryimage"},"image":{"@id":"https:\/\/nordlinepaadid.ee\/et\/pood\/poseidon-paadid\/mootorpaat-poseidon-king-fisher-650\/#primaryimage"},"thumbnailUrl":"https:\/\/nordlinepaadid.ee\/wp-content\/uploads\/2025\/11\/Mootorpaat-Poseidon-King-Fisher-650.jpg","datePublished":"2025-11-24T10:01:27+00:00","dateModified":"2025-11-24T10:31:14+00:00","description":"Ruumikas ja stabiilne 6,5 m kalapaat n\u00f5udlikule kasutajale. S\u00fcgav V-p\u00f5hi, tugev konstruktsioon, avar t\u00f6\u00f6ala ja suurep\u00e4rane varustustase.","breadcrumb":{"@id":"https:\/\/nordlinepaadid.ee\/et\/pood\/poseidon-paadid\/mootorpaat-poseidon-king-fisher-650\/#breadcrumb"},"inLanguage":"et","potentialAction":[{"@type":"ReadAction","target":["https:\/\/nordlinepaadid.ee\/et\/pood\/poseidon-paadid\/mootorpaat-poseidon-king-fisher-650\/"]}]},{"@type":"ImageObject","inLanguage":"et","@id":"https:\/\/nordlinepaadid.ee\/et\/pood\/poseidon-paadid\/mootorpaat-poseidon-king-fisher-650\/#primaryimage","url":"https:\/\/nordlinepaadid.ee\/wp-content\/uploads\/2025\/11\/Mootorpaat-Poseidon-King-Fisher-650.jpg","contentUrl":"https:\/\/nordlinepaadid.ee\/wp-content\/uploads\/2025\/11\/Mootorpaat-Poseidon-King-Fisher-650.jpg","width":875,"height":540,"caption":"Mootorpaat Poseidon King Fisher 650"},{"@type":"BreadcrumbList","@id":"https:\/\/nordlinepaadid.ee\/et\/pood\/poseidon-paadid\/mootorpaat-poseidon-king-fisher-650\/#breadcrumb","itemListElement":[{"@type":"ListItem","position":1,"name":"Home","item":"https:\/\/nordlinepaadid.ee\/et\/"},{"@type":"ListItem","position":2,"name":"Pood","item":"https:\/\/nordlinepaadid.ee\/et\/pood\/"},{"@type":"ListItem","position":3,"name":"MOOTORPAAT POSEIDON KING FISHER 650"}]},{"@type":"WebSite","@id":"https:\/\/nordlinepaadid.ee\/et\/#website","url":"https:\/\/nordlinepaadid.ee\/et\/","name":"NORDLINE s\u00f5udepaadid ja mootorpaadid. Klaasfiiber materjalist.","description":"","publisher":{"@id":"https:\/\/nordlinepaadid.ee\/et\/#organization"},"potentialAction":[{"@type":"SearchAction","target":{"@type":"EntryPoint","urlTemplate":"https:\/\/nordlinepaadid.ee\/et\/?s={search_term_string}"},"query-input":{"@type":"PropertyValueSpecification","valueRequired":true,"valueName":"search_term_string"}}],"inLanguage":"et"},{"@type":"Organization","@id":"https:\/\/nordlinepaadid.ee\/et\/#organization","name":"Nordlineboats","url":"https:\/\/nordlinepaadid.ee\/et\/","logo":{"@type":"ImageObject","inLanguage":"et","@id":"https:\/\/nordlinepaadid.ee\/et\/#\/schema\/logo\/image\/","url":"https:\/\/nordlinepaadid.ee\/wp-content\/uploads\/2023\/01\/fulllogo_transparent_nobuffer-e1672750475494.png","contentUrl":"https:\/\/nordlinepaadid.ee\/wp-content\/uploads\/2023\/01\/fulllogo_transparent_nobuffer-e1672750475494.png","width":150,"height":119,"caption":"Nordlineboats"},"image":{"@id":"https:\/\/nordlinepaadid.ee\/et\/#\/schema\/logo\/image\/"},"sameAs":["https:\/\/www.facebook.com\/nordlineboats","https:\/\/www.youtube.com\/channel\/UCbgF0fy02y3QkFnujaLTaCA"]}]}},"taxonomy_info":{"product_cat":[{"value":1836,"label":"POSEIDON PAADID"}],"pa_producer":[{"value":580,"label":"Nordline Boats"}],"pa_unit":[{"value":416,"label":"pcs"}]},"featured_image_src_large":["https:\/\/nordlinepaadid.ee\/wp-content\/uploads\/2025\/11\/Mootorpaat-Poseidon-King-Fisher-650.jpg",875,540,false],"author_info":[],"comment_info":"","_links":{"self":[{"href":"https:\/\/nordlinepaadid.ee\/et\/wp-json\/wp\/v2\/product\/53329","targetHints":{"allow":["GET"]}}],"collection":[{"href":"https:\/\/nordlinepaadid.ee\/et\/wp-json\/wp\/v2\/product"}],"about":[{"href":"https:\/\/nordlinepaadid.ee\/et\/wp-json\/wp\/v2\/types\/product"}],"wp:featuredmedia":[{"embeddable":true,"href":"https:\/\/nordlinepaadid.ee\/et\/wp-json\/wp\/v2\/media\/53330"}],"wp:attachment":[{"href":"https:\/\/nordlinepaadid.ee\/et\/wp-json\/wp\/v2\/media?parent=53329"}],"wp:term":[{"taxonomy":"product_brand","embeddable":true,"href":"https:\/\/nordlinepaadid.ee\/et\/wp-json\/wp\/v2\/product_brand?post=53329"},{"taxonomy":"product_cat","embeddable":true,"href":"https:\/\/nordlinepaadid.ee\/et\/wp-json\/wp\/v2\/product_cat?post=53329"},{"taxonomy":"product_tag","embeddable":true,"href":"https:\/\/nordlinepaadid.ee\/et\/wp-json\/wp\/v2\/product_tag?post=53329"}],"curies":[{"name":"wp","href":"https:\/\/api.w.org\/{rel}","templated":true}]}}