{"id":53674,"date":"2026-04-07T03:31:26","date_gmt":"2026-04-07T00:31:26","guid":{"rendered":"https:\/\/nordlinepaadid.ee\/pood\/maaratlemata\/generaator-xyg950i-800-w\/"},"modified":"2026-04-07T03:31:26","modified_gmt":"2026-04-07T00:31:26","slug":"generaator-xyg950i-800-w","status":"publish","type":"product","link":"https:\/\/nordlinepaadid.ee\/et\/pood\/electrical-equipments\/batteries-chargers-inverters\/generaator-xyg950i-800-w\/","title":{"rendered":"GENERAATOR- XYG950i, 800 W"},"content":{"rendered":"<p>T\u00f5hus ja taskukohane generaator neljataktilise mootoriga.<\/p>\n<p>&#13;<br \/>\n&#13;<\/p>\n<p>&nbsp;<\/p>\n<p>&#13;<br \/>\n&#13;<\/p>\n<p><strong>Omadused:<\/strong><\/p>\n<p>&#13;<br \/>\n&#13;<\/p>\n<p>Madal k\u00fctusekulu<\/p>\n<p>&#13;<br \/>\n&#13;<\/p>\n<p>Kasutab pliivaba k\u00fctust<\/p>\n<p>&#13;<br \/>\n&#13;<\/p>\n<p>Suur stabiilsus ja ohutus<\/p>\n<p>&#13;<br \/>\n&#13;<\/p>\n<p>Vaikne<\/p>\n<p>&#13;<br \/>\n&#13;<\/p>\n<p>Tagab puhta sinusoidi&nbsp;<\/p>\n<p>&#13;<br \/>\n&#13;<\/p>\n<p>Automaatne t\u00fchik\u00e4igu kontroll<\/p>\n<p>&#13;<br \/>\n&#13;<\/p>\n<p>\u00d5hkjahutusega&nbsp;<\/p>\n<p>&#13;<br \/>\n&#13;<\/p>\n<p>Lihtne kasutada<\/p>\n<p>&#13;<br \/>\n&#13;<\/p>\n<p>&nbsp;<\/p>\n<p>&#13;<br \/>\n&#13;<\/p>\n<p><strong>Andmed:<\/strong><\/p>\n<p>&#13;<br \/>\n&#13;<\/p>\n<p>Sagedus: 50\/60 kHz<\/p>\n<p>&#13;<br \/>\n&#13;<\/p>\n<p>Kulu: 0,52 liitrit tunnis<\/p>\n<p>&#13;<br \/>\n&#13;<\/p>\n<p>Sisu: paak 2,1l<\/p>\n<p>&#13;<br \/>\n&#13;<\/p>\n<p>Pidev: 700 W<\/p>\n<p>&#13;<br \/>\n&#13;<\/p>\n<p>M\u00fcra tase: 58 dB<\/p>\n<p>&#13;<br \/>\n&#13;<\/p>\n<p>Maksimaalne v\u00f5imsus: 800 W<\/p>\n<p>&#13;<\/p>\n","protected":false},"excerpt":{"rendered":"<p>T\u00f5hus ja taskukohane generaator neljataktilise mootoriga. &#13; &#13; &nbsp; &#13; &#13; Omadused: &#13; &#13; Madal k\u00fctusekulu &#13; &#13; Kasutab pliivaba k\u00fctust &#13; &#13; Suur stabiilsus ja ohutus &#13; &#13; Vaikne &#13; &#13; Tagab puhta sinusoidi&nbsp; &#13; &#13; Automaatne t\u00fchik\u00e4igu kontroll &#13; &#13; \u00d5hkjahutusega&nbsp; &#13; &#13; Lihtne kasutada &#13; &#13; &nbsp; &#13; &#13; Andmed: &#13; &#13;&#8230;<\/p>\n","protected":false},"featured_media":56324,"template":"","meta":{"_kad_blocks_custom_css":"","_kad_blocks_head_custom_js":"","_kad_blocks_body_custom_js":"","_kad_blocks_footer_custom_js":"","_kad_post_transparent":"","_kad_post_title":"","_kad_post_layout":"","_kad_post_sidebar_id":"","_kad_post_content_style":"","_kad_post_vertical_padding":"","_kad_post_feature":"","_kad_post_feature_position":"","_kad_post_header":false,"_kad_post_footer":false,"_kad_post_classname":""},"product_brand":[],"product_cat":[251,239],"product_tag":[],"class_list":{"0":"post-53674","1":"product","2":"type-product","3":"status-publish","4":"has-post-thumbnail","6":"product_cat-batteries-chargers-inverters","7":"product_cat-electrical-equipments","8":"pa_color-sinine","9":"pa_producer-nautec","10":"pa_unit-pcs","11":"tm-no-options","13":"first","14":"onbackorder","15":"taxable","16":"shipping-taxable","17":"purchasable","18":"product-type-simple","19":"entry","20":"content-bg","21":"loop-entry"},"yoast_head":"<!-- This site is optimized with the Yoast SEO plugin v27.3 - https:\/\/yoast.com\/product\/yoast-seo-wordpress\/ -->\n<title>GENERAATOR- XYG950i, 800 W - NORDLINE s\u00f5udepaadid ja mootorpaadid. Klaasfiiber materjalist.<\/title>\n<meta name=\"robots\" content=\"index, follow, max-snippet:-1, max-image-preview:large, max-video-preview:-1\" \/>\n<link rel=\"canonical\" href=\"https:\/\/nordlinepaadid.ee\/et\/pood\/electrical-equipments\/batteries-chargers-inverters\/generaator-xyg950i-800-w\/\" \/>\n<meta property=\"og:locale\" content=\"et_EE\" \/>\n<meta property=\"og:type\" content=\"article\" \/>\n<meta property=\"og:title\" content=\"GENERAATOR- XYG950i, 800 W - NORDLINE s\u00f5udepaadid ja mootorpaadid. Klaasfiiber materjalist.\" \/>\n<meta property=\"og:description\" content=\"T\u00f5hus ja taskukohane generaator neljataktilise mootoriga. &#013; &#013; &nbsp; &#013; &#013; Omadused: &#013; &#013; Madal k\u00fctusekulu &#013; &#013; Kasutab pliivaba k\u00fctust &#013; &#013; Suur stabiilsus ja ohutus &#013; &#013; Vaikne &#013; &#013; Tagab puhta sinusoidi&nbsp; &#013; &#013; Automaatne t\u00fchik\u00e4igu kontroll &#013; &#013; \u00d5hkjahutusega&nbsp; &#013; &#013; Lihtne kasutada &#013; &#013; &nbsp; &#013; &#013; Andmed: &#013; &#013;...\" \/>\n<meta property=\"og:url\" content=\"https:\/\/nordlinepaadid.ee\/et\/pood\/electrical-equipments\/batteries-chargers-inverters\/generaator-xyg950i-800-w\/\" \/>\n<meta property=\"og:site_name\" content=\"NORDLINE s\u00f5udepaadid ja mootorpaadid. Klaasfiiber materjalist.\" \/>\n<meta property=\"article:publisher\" content=\"https:\/\/www.facebook.com\/nordlineboats\" \/>\n<meta property=\"og:image\" content=\"https:\/\/nordlinepaadid.ee\/wp-content\/uploads\/2026\/02\/13424_W1250001-1.jpg\" \/>\n\t<meta property=\"og:image:width\" content=\"600\" \/>\n\t<meta property=\"og:image:height\" content=\"600\" \/>\n\t<meta property=\"og:image:type\" content=\"image\/jpeg\" \/>\n<meta name=\"twitter:card\" content=\"summary_large_image\" \/>\n<script type=\"application\/ld+json\" class=\"yoast-schema-graph\">{\"@context\":\"https:\\\/\\\/schema.org\",\"@graph\":[{\"@type\":\"WebPage\",\"@id\":\"https:\\\/\\\/nordlinepaadid.ee\\\/et\\\/pood\\\/electrical-equipments\\\/batteries-chargers-inverters\\\/generaator-xyg950i-800-w\\\/\",\"url\":\"https:\\\/\\\/nordlinepaadid.ee\\\/et\\\/pood\\\/electrical-equipments\\\/batteries-chargers-inverters\\\/generaator-xyg950i-800-w\\\/\",\"name\":\"GENERAATOR- XYG950i, 800 W - NORDLINE s\u00f5udepaadid ja mootorpaadid. Klaasfiiber materjalist.\",\"isPartOf\":{\"@id\":\"https:\\\/\\\/nordlinepaadid.ee\\\/et\\\/#website\"},\"primaryImageOfPage\":{\"@id\":\"https:\\\/\\\/nordlinepaadid.ee\\\/et\\\/pood\\\/electrical-equipments\\\/batteries-chargers-inverters\\\/generaator-xyg950i-800-w\\\/#primaryimage\"},\"image\":{\"@id\":\"https:\\\/\\\/nordlinepaadid.ee\\\/et\\\/pood\\\/electrical-equipments\\\/batteries-chargers-inverters\\\/generaator-xyg950i-800-w\\\/#primaryimage\"},\"thumbnailUrl\":\"https:\\\/\\\/nordlinepaadid.ee\\\/wp-content\\\/uploads\\\/2026\\\/02\\\/13424_W1250001-1.jpg\",\"datePublished\":\"2026-04-07T00:31:26+00:00\",\"breadcrumb\":{\"@id\":\"https:\\\/\\\/nordlinepaadid.ee\\\/et\\\/pood\\\/electrical-equipments\\\/batteries-chargers-inverters\\\/generaator-xyg950i-800-w\\\/#breadcrumb\"},\"inLanguage\":\"et\",\"potentialAction\":[{\"@type\":\"ReadAction\",\"target\":[\"https:\\\/\\\/nordlinepaadid.ee\\\/et\\\/pood\\\/electrical-equipments\\\/batteries-chargers-inverters\\\/generaator-xyg950i-800-w\\\/\"]}]},{\"@type\":\"ImageObject\",\"inLanguage\":\"et\",\"@id\":\"https:\\\/\\\/nordlinepaadid.ee\\\/et\\\/pood\\\/electrical-equipments\\\/batteries-chargers-inverters\\\/generaator-xyg950i-800-w\\\/#primaryimage\",\"url\":\"https:\\\/\\\/nordlinepaadid.ee\\\/wp-content\\\/uploads\\\/2026\\\/02\\\/13424_W1250001-1.jpg\",\"contentUrl\":\"https:\\\/\\\/nordlinepaadid.ee\\\/wp-content\\\/uploads\\\/2026\\\/02\\\/13424_W1250001-1.jpg\",\"width\":600,\"height\":600},{\"@type\":\"BreadcrumbList\",\"@id\":\"https:\\\/\\\/nordlinepaadid.ee\\\/et\\\/pood\\\/electrical-equipments\\\/batteries-chargers-inverters\\\/generaator-xyg950i-800-w\\\/#breadcrumb\",\"itemListElement\":[{\"@type\":\"ListItem\",\"position\":1,\"name\":\"Home\",\"item\":\"https:\\\/\\\/nordlinepaadid.ee\\\/et\\\/\"},{\"@type\":\"ListItem\",\"position\":2,\"name\":\"Pood\",\"item\":\"https:\\\/\\\/nordlinepaadid.ee\\\/et\\\/pood\\\/\"},{\"@type\":\"ListItem\",\"position\":3,\"name\":\"GENERAATOR- XYG950i, 800 W\"}]},{\"@type\":\"WebSite\",\"@id\":\"https:\\\/\\\/nordlinepaadid.ee\\\/et\\\/#website\",\"url\":\"https:\\\/\\\/nordlinepaadid.ee\\\/et\\\/\",\"name\":\"NORDLINE s\u00f5udepaadid ja mootorpaadid. Klaasfiiber materjalist.\",\"description\":\"\",\"publisher\":{\"@id\":\"https:\\\/\\\/nordlinepaadid.ee\\\/et\\\/#organization\"},\"potentialAction\":[{\"@type\":\"SearchAction\",\"target\":{\"@type\":\"EntryPoint\",\"urlTemplate\":\"https:\\\/\\\/nordlinepaadid.ee\\\/et\\\/?s={search_term_string}\"},\"query-input\":{\"@type\":\"PropertyValueSpecification\",\"valueRequired\":true,\"valueName\":\"search_term_string\"}}],\"inLanguage\":\"et\"},{\"@type\":\"Organization\",\"@id\":\"https:\\\/\\\/nordlinepaadid.ee\\\/et\\\/#organization\",\"name\":\"Nordlineboats\",\"url\":\"https:\\\/\\\/nordlinepaadid.ee\\\/et\\\/\",\"logo\":{\"@type\":\"ImageObject\",\"inLanguage\":\"et\",\"@id\":\"https:\\\/\\\/nordlinepaadid.ee\\\/et\\\/#\\\/schema\\\/logo\\\/image\\\/\",\"url\":\"https:\\\/\\\/nordlinepaadid.ee\\\/wp-content\\\/uploads\\\/2023\\\/01\\\/fulllogo_transparent_nobuffer-e1672750475494.png\",\"contentUrl\":\"https:\\\/\\\/nordlinepaadid.ee\\\/wp-content\\\/uploads\\\/2023\\\/01\\\/fulllogo_transparent_nobuffer-e1672750475494.png\",\"width\":150,\"height\":119,\"caption\":\"Nordlineboats\"},\"image\":{\"@id\":\"https:\\\/\\\/nordlinepaadid.ee\\\/et\\\/#\\\/schema\\\/logo\\\/image\\\/\"},\"sameAs\":[\"https:\\\/\\\/www.facebook.com\\\/nordlineboats\",\"https:\\\/\\\/www.youtube.com\\\/channel\\\/UCbgF0fy02y3QkFnujaLTaCA\"]}]}<\/script>\n<!-- \/ Yoast SEO plugin. -->","yoast_head_json":{"title":"GENERAATOR- XYG950i, 800 W - NORDLINE s\u00f5udepaadid ja mootorpaadid. Klaasfiiber materjalist.","robots":{"index":"index","follow":"follow","max-snippet":"max-snippet:-1","max-image-preview":"max-image-preview:large","max-video-preview":"max-video-preview:-1"},"canonical":"https:\/\/nordlinepaadid.ee\/et\/pood\/electrical-equipments\/batteries-chargers-inverters\/generaator-xyg950i-800-w\/","og_locale":"et_EE","og_type":"article","og_title":"GENERAATOR- XYG950i, 800 W - NORDLINE s\u00f5udepaadid ja mootorpaadid. Klaasfiiber materjalist.","og_description":"T\u00f5hus ja taskukohane generaator neljataktilise mootoriga. &#13; &#13; &nbsp; &#13; &#13; Omadused: &#13; &#13; Madal k\u00fctusekulu &#13; &#13; Kasutab pliivaba k\u00fctust &#13; &#13; Suur stabiilsus ja ohutus &#13; &#13; Vaikne &#13; &#13; Tagab puhta sinusoidi&nbsp; &#13; &#13; Automaatne t\u00fchik\u00e4igu kontroll &#13; &#13; \u00d5hkjahutusega&nbsp; &#13; &#13; Lihtne kasutada &#13; &#13; &nbsp; &#13; &#13; Andmed: &#13; &#13;...","og_url":"https:\/\/nordlinepaadid.ee\/et\/pood\/electrical-equipments\/batteries-chargers-inverters\/generaator-xyg950i-800-w\/","og_site_name":"NORDLINE s\u00f5udepaadid ja mootorpaadid. Klaasfiiber materjalist.","article_publisher":"https:\/\/www.facebook.com\/nordlineboats","og_image":[{"width":600,"height":600,"url":"https:\/\/nordlinepaadid.ee\/wp-content\/uploads\/2026\/02\/13424_W1250001-1.jpg","type":"image\/jpeg"}],"twitter_card":"summary_large_image","schema":{"@context":"https:\/\/schema.org","@graph":[{"@type":"WebPage","@id":"https:\/\/nordlinepaadid.ee\/et\/pood\/electrical-equipments\/batteries-chargers-inverters\/generaator-xyg950i-800-w\/","url":"https:\/\/nordlinepaadid.ee\/et\/pood\/electrical-equipments\/batteries-chargers-inverters\/generaator-xyg950i-800-w\/","name":"GENERAATOR- XYG950i, 800 W - NORDLINE s\u00f5udepaadid ja mootorpaadid. Klaasfiiber materjalist.","isPartOf":{"@id":"https:\/\/nordlinepaadid.ee\/et\/#website"},"primaryImageOfPage":{"@id":"https:\/\/nordlinepaadid.ee\/et\/pood\/electrical-equipments\/batteries-chargers-inverters\/generaator-xyg950i-800-w\/#primaryimage"},"image":{"@id":"https:\/\/nordlinepaadid.ee\/et\/pood\/electrical-equipments\/batteries-chargers-inverters\/generaator-xyg950i-800-w\/#primaryimage"},"thumbnailUrl":"https:\/\/nordlinepaadid.ee\/wp-content\/uploads\/2026\/02\/13424_W1250001-1.jpg","datePublished":"2026-04-07T00:31:26+00:00","breadcrumb":{"@id":"https:\/\/nordlinepaadid.ee\/et\/pood\/electrical-equipments\/batteries-chargers-inverters\/generaator-xyg950i-800-w\/#breadcrumb"},"inLanguage":"et","potentialAction":[{"@type":"ReadAction","target":["https:\/\/nordlinepaadid.ee\/et\/pood\/electrical-equipments\/batteries-chargers-inverters\/generaator-xyg950i-800-w\/"]}]},{"@type":"ImageObject","inLanguage":"et","@id":"https:\/\/nordlinepaadid.ee\/et\/pood\/electrical-equipments\/batteries-chargers-inverters\/generaator-xyg950i-800-w\/#primaryimage","url":"https:\/\/nordlinepaadid.ee\/wp-content\/uploads\/2026\/02\/13424_W1250001-1.jpg","contentUrl":"https:\/\/nordlinepaadid.ee\/wp-content\/uploads\/2026\/02\/13424_W1250001-1.jpg","width":600,"height":600},{"@type":"BreadcrumbList","@id":"https:\/\/nordlinepaadid.ee\/et\/pood\/electrical-equipments\/batteries-chargers-inverters\/generaator-xyg950i-800-w\/#breadcrumb","itemListElement":[{"@type":"ListItem","position":1,"name":"Home","item":"https:\/\/nordlinepaadid.ee\/et\/"},{"@type":"ListItem","position":2,"name":"Pood","item":"https:\/\/nordlinepaadid.ee\/et\/pood\/"},{"@type":"ListItem","position":3,"name":"GENERAATOR- XYG950i, 800 W"}]},{"@type":"WebSite","@id":"https:\/\/nordlinepaadid.ee\/et\/#website","url":"https:\/\/nordlinepaadid.ee\/et\/","name":"NORDLINE s\u00f5udepaadid ja mootorpaadid. Klaasfiiber materjalist.","description":"","publisher":{"@id":"https:\/\/nordlinepaadid.ee\/et\/#organization"},"potentialAction":[{"@type":"SearchAction","target":{"@type":"EntryPoint","urlTemplate":"https:\/\/nordlinepaadid.ee\/et\/?s={search_term_string}"},"query-input":{"@type":"PropertyValueSpecification","valueRequired":true,"valueName":"search_term_string"}}],"inLanguage":"et"},{"@type":"Organization","@id":"https:\/\/nordlinepaadid.ee\/et\/#organization","name":"Nordlineboats","url":"https:\/\/nordlinepaadid.ee\/et\/","logo":{"@type":"ImageObject","inLanguage":"et","@id":"https:\/\/nordlinepaadid.ee\/et\/#\/schema\/logo\/image\/","url":"https:\/\/nordlinepaadid.ee\/wp-content\/uploads\/2023\/01\/fulllogo_transparent_nobuffer-e1672750475494.png","contentUrl":"https:\/\/nordlinepaadid.ee\/wp-content\/uploads\/2023\/01\/fulllogo_transparent_nobuffer-e1672750475494.png","width":150,"height":119,"caption":"Nordlineboats"},"image":{"@id":"https:\/\/nordlinepaadid.ee\/et\/#\/schema\/logo\/image\/"},"sameAs":["https:\/\/www.facebook.com\/nordlineboats","https:\/\/www.youtube.com\/channel\/UCbgF0fy02y3QkFnujaLTaCA"]}]}},"taxonomy_info":{"product_cat":[{"value":251,"label":"Akud, Akulaadijad, Inverterid"},{"value":239,"label":"ELEKTRITARVIKUD"}],"pa_color":[{"value":683,"label":"Sinine"}],"pa_producer":[{"value":1842,"label":"Nautec"}],"pa_unit":[{"value":416,"label":"pcs"}]},"featured_image_src_large":["https:\/\/nordlinepaadid.ee\/wp-content\/uploads\/2026\/02\/13424_W1250001-1.jpg",600,600,false],"author_info":[],"comment_info":"","_links":{"self":[{"href":"https:\/\/nordlinepaadid.ee\/et\/wp-json\/wp\/v2\/product\/53674","targetHints":{"allow":["GET"]}}],"collection":[{"href":"https:\/\/nordlinepaadid.ee\/et\/wp-json\/wp\/v2\/product"}],"about":[{"href":"https:\/\/nordlinepaadid.ee\/et\/wp-json\/wp\/v2\/types\/product"}],"wp:featuredmedia":[{"embeddable":true,"href":"https:\/\/nordlinepaadid.ee\/et\/wp-json\/wp\/v2\/media\/56324"}],"wp:attachment":[{"href":"https:\/\/nordlinepaadid.ee\/et\/wp-json\/wp\/v2\/media?parent=53674"}],"wp:term":[{"taxonomy":"product_brand","embeddable":true,"href":"https:\/\/nordlinepaadid.ee\/et\/wp-json\/wp\/v2\/product_brand?post=53674"},{"taxonomy":"product_cat","embeddable":true,"href":"https:\/\/nordlinepaadid.ee\/et\/wp-json\/wp\/v2\/product_cat?post=53674"},{"taxonomy":"product_tag","embeddable":true,"href":"https:\/\/nordlinepaadid.ee\/et\/wp-json\/wp\/v2\/product_tag?post=53674"}],"curies":[{"name":"wp","href":"https:\/\/api.w.org\/{rel}","templated":true}]}}