{"id":53680,"date":"2026-01-15T08:47:59","date_gmt":"2026-01-15T06:47:59","guid":{"rendered":"https:\/\/nordlinepaadid.ee\/?post_type=product&#038;p=53680"},"modified":"2026-04-19T22:07:03","modified_gmt":"2026-04-19T19:07:03","slug":"moodulraam-modex-6x3x3-0-0","status":"publish","type":"product","link":"https:\/\/nordlinepaadid.ee\/et\/pood\/moodulraamid\/moodulraam-modex-6x3x3-0-0\/","title":{"rendered":"Moodulraam Modex 6x3x3"},"content":{"rendered":"<h1 style=\"font-weight: 400;\">Moodulraam Modex 6x3x3<\/h1>\n<p style=\"font-weight: 400;\"><strong>Modulaarne kokkupandav konteinerraam \u2013 paindlik lahendus igaks otstarbeks<\/strong><\/p>\n<p style=\"font-weight: 400;\">See tsingitud terasraam on varustatud pulberkattega, mis tagab k\u00f5rge korrosioonikindluse ja vastupidavuse ka v\u00e4litingimustes. Raami materjal on tugev \u2014 peamine terase paksus on 2\u20133 mm, mist\u00f5ttu sobib see nii ajutiste kui p\u00fcsivate projektide jaoks.<\/p>\n<div class=\"pooleks\">\n<h2>Tehnilised andmed<\/h2>\n<table id=\"motors\">\n<tbody>\n<tr>\n<td>Pikkus<\/td>\n<td>5940 mm<\/td>\n<\/tr>\n<tr>\n<td>Laius<\/td>\n<td>3010 mm<\/td>\n<\/tr>\n<tr>\n<td>K\u00f5rgus<\/td>\n<td>2810 mm<\/td>\n<\/tr>\n<tr>\n<td>Talade materjali paksus<\/td>\n<td>2,3 mm + v\u00e4rvi paksus<\/td>\n<\/tr>\n<tr>\n<td>\u00dchendus ja t\u00f5stekohtade materjali paksus<\/td>\n<td>3,75 mm + v\u00e4rvi paksus<\/td>\n<\/tr>\n<tr>\n<td><\/td>\n<td><\/td>\n<\/tr>\n<tr>\n<td><\/td>\n<td><\/td>\n<\/tr>\n<tr>\n<td>Katse profiil<\/td>\n<td>Lameda katusega<\/td>\n<\/tr>\n<\/tbody>\n<\/table>\n<p>&nbsp;<\/p>\n<\/div>\n<div class=\"pooleks\">\n<h2>Omadused<\/h2>\n<table id=\"motors\">\n<tbody>\n<tr>\n<td>Tsingitud raam, kaetud pulberv\u00e4rviga<\/td>\n<td><\/td>\n<\/tr>\n<tr>\n<td>Tugev 2-3mm terasmaterjal<\/td>\n<td><\/td>\n<\/tr>\n<tr>\n<td>Koormus raamile 150-200kg\/m2<\/td>\n<td><\/td>\n<\/tr>\n<tr>\n<td>T\u00e4ielikult poltliidestest<\/td>\n<td><\/td>\n<\/tr>\n<tr>\n<td>V\u00e4ga lai kasutusvaldkond<\/td>\n<td><\/td>\n<\/tr>\n<\/tbody>\n<\/table>\n<\/div>\n<div style=\"display: inline-block;\">\n<p>&nbsp;<\/p>\n<div>\n<div style=\"display: inline-block;\">\n<p style=\"font-weight: 400;\"><strong>Lihtne transport ja paigaldus<\/strong><br \/>\nKonteinerraam on t\u00e4ielikult kokkupandavpoltliideste abil \u2014 seda on lihtne kokku panna v\u00f5i vajadusel lahti v\u00f5tta. Paigaldatav ilma kraanata, mis v\u00e4hendab kulusid ja paigaldusaega. Raami osi saab transportida osadena, mis teeb transpordi hinna soodsaks ja saab korraga transportida palju raame.<\/p>\n<p style=\"font-weight: 400;\"><strong>Moodulite liitmine ja laiendatavus<\/strong><br \/>\nSee s\u00fcsteem on modulaarne \u2014 \u00fchikuid saab kombineerida suuremateks konstruktsioonideks (nt 2\u20133 korruseliseks ruumiks), et luua just sinu projektile sobiv lahendus. Raame saab omavahel \u00fchendada, mis v\u00f5imaldab luua erineva funktsiooni ja suurusega ruume.<\/p>\n<p style=\"font-weight: 400;\"><strong>Mitmek\u00fclgsed kasutusv\u00f5imalused<\/strong><br \/>\nKuna tegemist on t\u00e4iesti avatud baaskomplektiga, saad seda kasutada\u00a0<strong>t\u00e4pselt nii nagu soovid<\/strong>. Ideaalne alus n\u00e4iteks:<\/p>\n<ul style=\"font-weight: 400;\">\n<li><strong>v\u00e4ikestele suvilatele v\u00f5i puhkeruumidele<\/strong><\/li>\n<li><strong>aiamajadele ja varjualustele<\/strong><\/li>\n<li><strong>saunadele ja terassikattetele<\/strong><\/li>\n<li><strong>ajutistele kontoritele, olmeruumidele v\u00f5i t\u00f6\u00f6kodadele<\/strong><br \/>\nMoodulraamidele saad ise lisada isolatsiooni, soojustuse, aknad-uksed, sanitaarlahendused, elektris\u00fcsteemid ja muu sisu \u2014 t\u00e4pselt vastavalt vajadusele.<\/li>\n<\/ul>\n<p style=\"font-weight: 400;\"><strong>Iseseisev paigaldus ja kiire kasutusvalmidus<\/strong><br \/>\nKokkuv\u00f5ttes on moodulraam loodud nii, et seda saab iseseisvalt paigaldada kiirelt ja v\u00e4hese t\u00f6\u00f6j\u00f5uga. Detailid on eelvalmistatud ja nummerdatud, koos juhendmaterjaliga saad juba l\u00fchikese ajaga valmis sobiva struktuuri. See sobib suurep\u00e4raselt nii professionaalsetele ehitajatele kui ka ise-ehitajale.<\/p>\n<p style=\"font-weight: 400;\"><strong>Materjalid<\/strong><br \/>\nTavaliselt kasutatakse terastalasid, terasposte Q235B k\u00fclmtsingitud terasest.<br \/>\nTerase tugevus: f=215N\/m2<\/p>\n<div class=\"pooleks\">\n<h3>V\u00f5ta \u00fchendust<\/h3>\n\n<div class=\"wpcf7 no-js\" id=\"wpcf7-f3217-o1\" lang=\"et\" dir=\"ltr\" data-wpcf7-id=\"3217\">\n<div class=\"screen-reader-response\"><p role=\"status\" aria-live=\"polite\" aria-atomic=\"true\"><\/p> <ul><\/ul><\/div>\n<form action=\"\/et\/wp-json\/wp\/v2\/product\/53680#wpcf7-f3217-o1\" method=\"post\" class=\"wpcf7-form init\" aria-label=\"Contact form\" novalidate=\"novalidate\" data-status=\"init\">\n<fieldset class=\"hidden-fields-container\"><input type=\"hidden\" name=\"_wpcf7\" value=\"3217\" \/><input type=\"hidden\" name=\"_wpcf7_version\" value=\"6.1.5\" \/><input type=\"hidden\" name=\"_wpcf7_locale\" value=\"et\" \/><input type=\"hidden\" name=\"_wpcf7_unit_tag\" value=\"wpcf7-f3217-o1\" \/><input type=\"hidden\" name=\"_wpcf7_container_post\" value=\"0\" \/><input type=\"hidden\" name=\"_wpcf7_posted_data_hash\" value=\"\" \/>\n<\/fieldset>\n<p><label> Nimi (n\u00f5utav)<br \/>\n<span class=\"wpcf7-form-control-wrap\" data-name=\"your-name\"><input size=\"40\" maxlength=\"400\" class=\"wpcf7-form-control wpcf7-text wpcf7-validates-as-required\" aria-required=\"true\" aria-invalid=\"false\" value=\"\" type=\"text\" name=\"your-name\" \/><\/span> <\/label><br \/>\n<label> Email (n\u00f5utav)<br \/>\n<span class=\"wpcf7-form-control-wrap\" data-name=\"your-email\"><input size=\"40\" maxlength=\"400\" class=\"wpcf7-form-control wpcf7-email wpcf7-validates-as-required wpcf7-text wpcf7-validates-as-email\" aria-required=\"true\" aria-invalid=\"false\" value=\"\" type=\"email\" name=\"your-email\" \/><\/span> <\/label><br \/>\n<label> Telefon<br \/>\n<span class=\"wpcf7-form-control-wrap\" data-name=\"Telefon\"><input size=\"40\" maxlength=\"400\" class=\"wpcf7-form-control wpcf7-tel wpcf7-text wpcf7-validates-as-tel\" aria-invalid=\"false\" value=\"\" type=\"tel\" name=\"Telefon\" \/><\/span><\/label><br \/>\n<label> Teade<br \/>\n<span class=\"wpcf7-form-control-wrap\" data-name=\"your-message\"><textarea cols=\"40\" rows=\"10\" maxlength=\"2000\" class=\"wpcf7-form-control wpcf7-textarea\" aria-invalid=\"false\" name=\"your-message\"><\/textarea><\/span> <\/label>\n<\/p>\n<p><input class=\"wpcf7-form-control wpcf7-submit has-spinner\" type=\"submit\" value=\"Saada\" \/>\n<\/p><div class=\"wpcf7-response-output\" aria-hidden=\"true\"><\/div>\n<\/form>\n<\/div>\n\n<\/div>\n<div class=\"pooleks\">\n<p>&nbsp;<\/p>\n<\/div>\n<\/div>\n<\/div>\n<\/div>\n","protected":false},"excerpt":{"rendered":"<p>NB! Pildil sisalduv ei pruugi k\u00f5ik olla komplektis. T\u00e4pne kirjeldus tehnilistes andmetes.<\/p>\n","protected":false},"featured_media":53711,"template":"","meta":{"_kad_blocks_custom_css":"","_kad_blocks_head_custom_js":"","_kad_blocks_body_custom_js":"","_kad_blocks_footer_custom_js":"","_kad_post_transparent":"default","_kad_post_title":"","_kad_post_layout":"default","_kad_post_sidebar_id":"","_kad_post_content_style":"default","_kad_post_vertical_padding":"default","_kad_post_feature":"","_kad_post_feature_position":"","_kad_post_header":false,"_kad_post_footer":false,"_kad_post_classname":""},"product_brand":[],"product_cat":[1843],"product_tag":[],"class_list":{"0":"post-53680","1":"product","2":"type-product","3":"status-publish","4":"has-post-thumbnail","6":"product_cat-moodulraamid","7":"product_shipping_class-kaup-mis-ei-mahu-euroalusele","8":"tm-no-options","10":"first","11":"onbackorder","12":"sale","13":"taxable","14":"shipping-taxable","15":"purchasable","16":"product-type-variable","17":"entry","18":"content-bg","19":"loop-entry"},"yoast_head":"<!-- This site is optimized with the Yoast SEO plugin v27.3 - https:\/\/yoast.com\/product\/yoast-seo-wordpress\/ -->\n<title>Moodulraam Modex 6x3x3-0\/0<\/title>\n<meta name=\"description\" content=\"Moodulraamid on soodsaim lahendus ise ehitada mistahes varjualune. Neid on lihtne liita ja ehitusega saab iga\u00fcks hakkama.\" \/>\n<meta name=\"robots\" content=\"index, follow, max-snippet:-1, max-image-preview:large, max-video-preview:-1\" \/>\n<link rel=\"canonical\" href=\"https:\/\/nordlinepaadid.ee\/et\/pood\/moodulraamid\/moodulraam-modex-6x3x3-0-0\/\" \/>\n<meta property=\"og:locale\" content=\"et_EE\" \/>\n<meta property=\"og:type\" content=\"article\" \/>\n<meta property=\"og:title\" content=\"Moodulraam Modex 6x3x3-0\/0\" \/>\n<meta property=\"og:description\" content=\"Moodulraamid on soodsaim lahendus ise ehitada mistahes varjualune. Neid on lihtne liita ja ehitusega saab iga\u00fcks hakkama.\" \/>\n<meta property=\"og:url\" content=\"https:\/\/nordlinepaadid.ee\/et\/pood\/moodulraamid\/moodulraam-modex-6x3x3-0-0\/\" \/>\n<meta property=\"og:site_name\" content=\"NORDLINE s\u00f5udepaadid ja mootorpaadid. Klaasfiiber materjalist.\" \/>\n<meta property=\"article:publisher\" content=\"https:\/\/www.facebook.com\/nordlineboats\" \/>\n<meta property=\"article:modified_time\" content=\"2026-04-19T19:07:03+00:00\" \/>\n<meta property=\"og:image\" content=\"https:\/\/nordlinepaadid.ee\/wp-content\/uploads\/2026\/01\/moodulraamid-Modex.jpeg\" \/>\n\t<meta property=\"og:image:width\" content=\"1080\" \/>\n\t<meta property=\"og:image:height\" content=\"810\" \/>\n\t<meta property=\"og:image:type\" content=\"image\/jpeg\" \/>\n<meta name=\"twitter:card\" content=\"summary_large_image\" \/>\n<meta name=\"twitter:label1\" content=\"Est. reading time\" \/>\n\t<meta name=\"twitter:data1\" content=\"2 minutit\" \/>\n<script type=\"application\/ld+json\" class=\"yoast-schema-graph\">{\"@context\":\"https:\\\/\\\/schema.org\",\"@graph\":[{\"@type\":\"WebPage\",\"@id\":\"https:\\\/\\\/nordlinepaadid.ee\\\/et\\\/pood\\\/moodulraamid\\\/moodulraam-modex-6x3x3-0-0\\\/\",\"url\":\"https:\\\/\\\/nordlinepaadid.ee\\\/et\\\/pood\\\/moodulraamid\\\/moodulraam-modex-6x3x3-0-0\\\/\",\"name\":\"Moodulraam Modex 6x3x3-0\\\/0\",\"isPartOf\":{\"@id\":\"https:\\\/\\\/nordlinepaadid.ee\\\/et\\\/#website\"},\"primaryImageOfPage\":{\"@id\":\"https:\\\/\\\/nordlinepaadid.ee\\\/et\\\/pood\\\/moodulraamid\\\/moodulraam-modex-6x3x3-0-0\\\/#primaryimage\"},\"image\":{\"@id\":\"https:\\\/\\\/nordlinepaadid.ee\\\/et\\\/pood\\\/moodulraamid\\\/moodulraam-modex-6x3x3-0-0\\\/#primaryimage\"},\"thumbnailUrl\":\"https:\\\/\\\/nordlinepaadid.ee\\\/wp-content\\\/uploads\\\/2026\\\/01\\\/moodulraamid-Modex.jpeg\",\"datePublished\":\"2026-01-15T06:47:59+00:00\",\"dateModified\":\"2026-04-19T19:07:03+00:00\",\"description\":\"Moodulraamid on soodsaim lahendus ise ehitada mistahes varjualune. Neid on lihtne liita ja ehitusega saab iga\u00fcks hakkama.\",\"breadcrumb\":{\"@id\":\"https:\\\/\\\/nordlinepaadid.ee\\\/et\\\/pood\\\/moodulraamid\\\/moodulraam-modex-6x3x3-0-0\\\/#breadcrumb\"},\"inLanguage\":\"et\",\"potentialAction\":[{\"@type\":\"ReadAction\",\"target\":[\"https:\\\/\\\/nordlinepaadid.ee\\\/et\\\/pood\\\/moodulraamid\\\/moodulraam-modex-6x3x3-0-0\\\/\"]}]},{\"@type\":\"ImageObject\",\"inLanguage\":\"et\",\"@id\":\"https:\\\/\\\/nordlinepaadid.ee\\\/et\\\/pood\\\/moodulraamid\\\/moodulraam-modex-6x3x3-0-0\\\/#primaryimage\",\"url\":\"https:\\\/\\\/nordlinepaadid.ee\\\/wp-content\\\/uploads\\\/2026\\\/01\\\/moodulraamid-Modex.jpeg\",\"contentUrl\":\"https:\\\/\\\/nordlinepaadid.ee\\\/wp-content\\\/uploads\\\/2026\\\/01\\\/moodulraamid-Modex.jpeg\",\"width\":1080,\"height\":810,\"caption\":\"moodulraamid Modex\"},{\"@type\":\"BreadcrumbList\",\"@id\":\"https:\\\/\\\/nordlinepaadid.ee\\\/et\\\/pood\\\/moodulraamid\\\/moodulraam-modex-6x3x3-0-0\\\/#breadcrumb\",\"itemListElement\":[{\"@type\":\"ListItem\",\"position\":1,\"name\":\"Home\",\"item\":\"https:\\\/\\\/nordlinepaadid.ee\\\/et\\\/\"},{\"@type\":\"ListItem\",\"position\":2,\"name\":\"Pood\",\"item\":\"https:\\\/\\\/nordlinepaadid.ee\\\/et\\\/pood\\\/\"},{\"@type\":\"ListItem\",\"position\":3,\"name\":\"Moodulraam Modex 6x3x3\"}]},{\"@type\":\"WebSite\",\"@id\":\"https:\\\/\\\/nordlinepaadid.ee\\\/et\\\/#website\",\"url\":\"https:\\\/\\\/nordlinepaadid.ee\\\/et\\\/\",\"name\":\"NORDLINE s\u00f5udepaadid ja mootorpaadid. Klaasfiiber materjalist.\",\"description\":\"\",\"publisher\":{\"@id\":\"https:\\\/\\\/nordlinepaadid.ee\\\/et\\\/#organization\"},\"potentialAction\":[{\"@type\":\"SearchAction\",\"target\":{\"@type\":\"EntryPoint\",\"urlTemplate\":\"https:\\\/\\\/nordlinepaadid.ee\\\/et\\\/?s={search_term_string}\"},\"query-input\":{\"@type\":\"PropertyValueSpecification\",\"valueRequired\":true,\"valueName\":\"search_term_string\"}}],\"inLanguage\":\"et\"},{\"@type\":\"Organization\",\"@id\":\"https:\\\/\\\/nordlinepaadid.ee\\\/et\\\/#organization\",\"name\":\"Nordlineboats\",\"url\":\"https:\\\/\\\/nordlinepaadid.ee\\\/et\\\/\",\"logo\":{\"@type\":\"ImageObject\",\"inLanguage\":\"et\",\"@id\":\"https:\\\/\\\/nordlinepaadid.ee\\\/et\\\/#\\\/schema\\\/logo\\\/image\\\/\",\"url\":\"https:\\\/\\\/nordlinepaadid.ee\\\/wp-content\\\/uploads\\\/2023\\\/01\\\/fulllogo_transparent_nobuffer-e1672750475494.png\",\"contentUrl\":\"https:\\\/\\\/nordlinepaadid.ee\\\/wp-content\\\/uploads\\\/2023\\\/01\\\/fulllogo_transparent_nobuffer-e1672750475494.png\",\"width\":150,\"height\":119,\"caption\":\"Nordlineboats\"},\"image\":{\"@id\":\"https:\\\/\\\/nordlinepaadid.ee\\\/et\\\/#\\\/schema\\\/logo\\\/image\\\/\"},\"sameAs\":[\"https:\\\/\\\/www.facebook.com\\\/nordlineboats\",\"https:\\\/\\\/www.youtube.com\\\/channel\\\/UCbgF0fy02y3QkFnujaLTaCA\"]}]}<\/script>\n<!-- \/ Yoast SEO plugin. -->","yoast_head_json":{"title":"Moodulraam Modex 6x3x3-0\/0","description":"Moodulraamid on soodsaim lahendus ise ehitada mistahes varjualune. Neid on lihtne liita ja ehitusega saab iga\u00fcks hakkama.","robots":{"index":"index","follow":"follow","max-snippet":"max-snippet:-1","max-image-preview":"max-image-preview:large","max-video-preview":"max-video-preview:-1"},"canonical":"https:\/\/nordlinepaadid.ee\/et\/pood\/moodulraamid\/moodulraam-modex-6x3x3-0-0\/","og_locale":"et_EE","og_type":"article","og_title":"Moodulraam Modex 6x3x3-0\/0","og_description":"Moodulraamid on soodsaim lahendus ise ehitada mistahes varjualune. Neid on lihtne liita ja ehitusega saab iga\u00fcks hakkama.","og_url":"https:\/\/nordlinepaadid.ee\/et\/pood\/moodulraamid\/moodulraam-modex-6x3x3-0-0\/","og_site_name":"NORDLINE s\u00f5udepaadid ja mootorpaadid. Klaasfiiber materjalist.","article_publisher":"https:\/\/www.facebook.com\/nordlineboats","article_modified_time":"2026-04-19T19:07:03+00:00","og_image":[{"width":1080,"height":810,"url":"https:\/\/nordlinepaadid.ee\/wp-content\/uploads\/2026\/01\/moodulraamid-Modex.jpeg","type":"image\/jpeg"}],"twitter_card":"summary_large_image","twitter_misc":{"Est. reading time":"2 minutit"},"schema":{"@context":"https:\/\/schema.org","@graph":[{"@type":"WebPage","@id":"https:\/\/nordlinepaadid.ee\/et\/pood\/moodulraamid\/moodulraam-modex-6x3x3-0-0\/","url":"https:\/\/nordlinepaadid.ee\/et\/pood\/moodulraamid\/moodulraam-modex-6x3x3-0-0\/","name":"Moodulraam Modex 6x3x3-0\/0","isPartOf":{"@id":"https:\/\/nordlinepaadid.ee\/et\/#website"},"primaryImageOfPage":{"@id":"https:\/\/nordlinepaadid.ee\/et\/pood\/moodulraamid\/moodulraam-modex-6x3x3-0-0\/#primaryimage"},"image":{"@id":"https:\/\/nordlinepaadid.ee\/et\/pood\/moodulraamid\/moodulraam-modex-6x3x3-0-0\/#primaryimage"},"thumbnailUrl":"https:\/\/nordlinepaadid.ee\/wp-content\/uploads\/2026\/01\/moodulraamid-Modex.jpeg","datePublished":"2026-01-15T06:47:59+00:00","dateModified":"2026-04-19T19:07:03+00:00","description":"Moodulraamid on soodsaim lahendus ise ehitada mistahes varjualune. Neid on lihtne liita ja ehitusega saab iga\u00fcks hakkama.","breadcrumb":{"@id":"https:\/\/nordlinepaadid.ee\/et\/pood\/moodulraamid\/moodulraam-modex-6x3x3-0-0\/#breadcrumb"},"inLanguage":"et","potentialAction":[{"@type":"ReadAction","target":["https:\/\/nordlinepaadid.ee\/et\/pood\/moodulraamid\/moodulraam-modex-6x3x3-0-0\/"]}]},{"@type":"ImageObject","inLanguage":"et","@id":"https:\/\/nordlinepaadid.ee\/et\/pood\/moodulraamid\/moodulraam-modex-6x3x3-0-0\/#primaryimage","url":"https:\/\/nordlinepaadid.ee\/wp-content\/uploads\/2026\/01\/moodulraamid-Modex.jpeg","contentUrl":"https:\/\/nordlinepaadid.ee\/wp-content\/uploads\/2026\/01\/moodulraamid-Modex.jpeg","width":1080,"height":810,"caption":"moodulraamid Modex"},{"@type":"BreadcrumbList","@id":"https:\/\/nordlinepaadid.ee\/et\/pood\/moodulraamid\/moodulraam-modex-6x3x3-0-0\/#breadcrumb","itemListElement":[{"@type":"ListItem","position":1,"name":"Home","item":"https:\/\/nordlinepaadid.ee\/et\/"},{"@type":"ListItem","position":2,"name":"Pood","item":"https:\/\/nordlinepaadid.ee\/et\/pood\/"},{"@type":"ListItem","position":3,"name":"Moodulraam Modex 6x3x3"}]},{"@type":"WebSite","@id":"https:\/\/nordlinepaadid.ee\/et\/#website","url":"https:\/\/nordlinepaadid.ee\/et\/","name":"NORDLINE s\u00f5udepaadid ja mootorpaadid. Klaasfiiber materjalist.","description":"","publisher":{"@id":"https:\/\/nordlinepaadid.ee\/et\/#organization"},"potentialAction":[{"@type":"SearchAction","target":{"@type":"EntryPoint","urlTemplate":"https:\/\/nordlinepaadid.ee\/et\/?s={search_term_string}"},"query-input":{"@type":"PropertyValueSpecification","valueRequired":true,"valueName":"search_term_string"}}],"inLanguage":"et"},{"@type":"Organization","@id":"https:\/\/nordlinepaadid.ee\/et\/#organization","name":"Nordlineboats","url":"https:\/\/nordlinepaadid.ee\/et\/","logo":{"@type":"ImageObject","inLanguage":"et","@id":"https:\/\/nordlinepaadid.ee\/et\/#\/schema\/logo\/image\/","url":"https:\/\/nordlinepaadid.ee\/wp-content\/uploads\/2023\/01\/fulllogo_transparent_nobuffer-e1672750475494.png","contentUrl":"https:\/\/nordlinepaadid.ee\/wp-content\/uploads\/2023\/01\/fulllogo_transparent_nobuffer-e1672750475494.png","width":150,"height":119,"caption":"Nordlineboats"},"image":{"@id":"https:\/\/nordlinepaadid.ee\/et\/#\/schema\/logo\/image\/"},"sameAs":["https:\/\/www.facebook.com\/nordlineboats","https:\/\/www.youtube.com\/channel\/UCbgF0fy02y3QkFnujaLTaCA"]}]}},"taxonomy_info":{"product_cat":[{"value":1843,"label":"MOODULRAAMID"}]},"featured_image_src_large":["https:\/\/nordlinepaadid.ee\/wp-content\/uploads\/2026\/01\/moodulraamid-Modex.jpeg",1024,768,false],"author_info":[],"comment_info":"","_links":{"self":[{"href":"https:\/\/nordlinepaadid.ee\/et\/wp-json\/wp\/v2\/product\/53680","targetHints":{"allow":["GET"]}}],"collection":[{"href":"https:\/\/nordlinepaadid.ee\/et\/wp-json\/wp\/v2\/product"}],"about":[{"href":"https:\/\/nordlinepaadid.ee\/et\/wp-json\/wp\/v2\/types\/product"}],"wp:featuredmedia":[{"embeddable":true,"href":"https:\/\/nordlinepaadid.ee\/et\/wp-json\/wp\/v2\/media\/53711"}],"wp:attachment":[{"href":"https:\/\/nordlinepaadid.ee\/et\/wp-json\/wp\/v2\/media?parent=53680"}],"wp:term":[{"taxonomy":"product_brand","embeddable":true,"href":"https:\/\/nordlinepaadid.ee\/et\/wp-json\/wp\/v2\/product_brand?post=53680"},{"taxonomy":"product_cat","embeddable":true,"href":"https:\/\/nordlinepaadid.ee\/et\/wp-json\/wp\/v2\/product_cat?post=53680"},{"taxonomy":"product_tag","embeddable":true,"href":"https:\/\/nordlinepaadid.ee\/et\/wp-json\/wp\/v2\/product_tag?post=53680"}],"curies":[{"name":"wp","href":"https:\/\/api.w.org\/{rel}","templated":true}]}}