{"id":53758,"date":"2026-01-20T16:25:47","date_gmt":"2026-01-20T14:25:47","guid":{"rendered":"https:\/\/nordlinepaadid.ee\/?post_type=product&#038;p=53758"},"modified":"2026-04-19T14:01:56","modified_gmt":"2026-04-19T11:01:56","slug":"kumblustunni-soojustatud-kaas","status":"publish","type":"product","link":"https:\/\/nordlinepaadid.ee\/et\/pood\/kumblustunnid\/kumblustunni-lisaseadmed\/kumblustunni-soojustatud-kaas\/","title":{"rendered":"K\u00fcmblust\u00fcnni 2,2m soojustatud kaas"},"content":{"rendered":"<h1>K\u00fcmblust\u00fcnni 2,2m soojustatud kaas<\/h1>\n<p>K\u00fcmblust\u00fcnni Deluxe soovistatud kaan on valmistatud tugevdatud vahuplaadist, mis on kaetud ilmastikukindla nahaga. Kaan on v\u00e4ga kege ja keskelt kokku lapitav. Seega on seda lihtne \u00fcksinda paigaldada ja eemaldada. Soojustatud kaan tagab kiirema k\u00fcmblust\u00fcnni k\u00fctteaja ja s\u00e4ilitab vee soojana pikka aega.<\/p>\n","protected":false},"excerpt":{"rendered":"<p>K\u00fcmblust\u00fcnni 2,2m soojustatud kaas K\u00fcmblust\u00fcnni Deluxe soovistatud kaan on valmistatud tugevdatud vahuplaadist, mis on kaetud ilmastikukindla nahaga. Kaan on v\u00e4ga kege ja keskelt kokku lapitav. Seega on seda lihtne \u00fcksinda paigaldada ja eemaldada. Soojustatud kaan tagab kiirema k\u00fcmblust\u00fcnni k\u00fctteaja ja s\u00e4ilitab vee soojana pikka aega.<\/p>\n","protected":false},"featured_media":53759,"template":"","meta":{"_kad_blocks_custom_css":"","_kad_blocks_head_custom_js":"","_kad_blocks_body_custom_js":"","_kad_blocks_footer_custom_js":"","_kad_post_transparent":"default","_kad_post_title":"","_kad_post_layout":"default","_kad_post_sidebar_id":"","_kad_post_content_style":"default","_kad_post_vertical_padding":"default","_kad_post_feature":"","_kad_post_feature_position":"","_kad_post_header":false,"_kad_post_footer":false,"_kad_post_classname":""},"product_brand":[],"product_cat":[1854],"product_tag":[],"class_list":{"0":"post-53758","1":"product","2":"type-product","3":"status-publish","4":"has-post-thumbnail","6":"product_cat-kumblustunni-lisaseadmed","7":"product_shipping_class-kaup-mis-ei-mahu-euroalusele","8":"tm-no-options","10":"first","11":"instock","12":"sale","13":"taxable","14":"shipping-taxable","15":"purchasable","16":"product-type-simple","17":"entry","18":"content-bg","19":"loop-entry"},"yoast_head":"<!-- This site is optimized with the Yoast SEO plugin v27.3 - https:\/\/yoast.com\/product\/yoast-seo-wordpress\/ -->\n<title>K\u00fcmblust\u00fcnni soojustatud kaas<\/title>\n<meta name=\"description\" content=\"K\u00fcmblust\u00fcnni Deluxe soovistatud kaas on valmistatud tugevdatud vahuplaadist, mis on kaetud ilmastikukindla nahaga. Kaas on v\u00e4ga kege ja keskelt kokku lapitav. Lihtne maha t\u00f5sta ja peale panna.\" \/>\n<meta name=\"robots\" content=\"index, follow, max-snippet:-1, max-image-preview:large, max-video-preview:-1\" \/>\n<link rel=\"canonical\" href=\"https:\/\/nordlinepaadid.ee\/et\/pood\/kumblustunnid\/kumblustunni-lisaseadmed\/kumblustunni-soojustatud-kaas\/\" \/>\n<meta property=\"og:locale\" content=\"et_EE\" \/>\n<meta property=\"og:type\" content=\"article\" \/>\n<meta property=\"og:title\" content=\"K\u00fcmblust\u00fcnni soojustatud kaas\" \/>\n<meta property=\"og:description\" content=\"K\u00fcmblust\u00fcnni Deluxe soovistatud kaas on valmistatud tugevdatud vahuplaadist, mis on kaetud ilmastikukindla nahaga. Kaas on v\u00e4ga kege ja keskelt kokku lapitav. Lihtne maha t\u00f5sta ja peale panna.\" \/>\n<meta property=\"og:url\" content=\"https:\/\/nordlinepaadid.ee\/et\/pood\/kumblustunnid\/kumblustunni-lisaseadmed\/kumblustunni-soojustatud-kaas\/\" \/>\n<meta property=\"og:site_name\" content=\"NORDLINE s\u00f5udepaadid ja mootorpaadid. Klaasfiiber materjalist.\" \/>\n<meta property=\"article:publisher\" content=\"https:\/\/www.facebook.com\/nordlineboats\" \/>\n<meta property=\"article:modified_time\" content=\"2026-04-19T11:01:56+00:00\" \/>\n<meta property=\"og:image\" content=\"https:\/\/nordlinepaadid.ee\/wp-content\/uploads\/2026\/01\/kumblustunn-kumblustunnid-kumblustunnide-muuk-DELUX-200-220-inpuit-soojustatud-kate-ovaalsaunade-muuk-torusaunad-torusaunade-muuk-saun-saunad-saunade-muuk.jpg\" \/>\n\t<meta property=\"og:image:width\" content=\"800\" \/>\n\t<meta property=\"og:image:height\" content=\"800\" \/>\n\t<meta property=\"og:image:type\" content=\"image\/jpeg\" \/>\n<meta name=\"twitter:card\" content=\"summary_large_image\" \/>\n<meta name=\"twitter:label1\" content=\"Est. reading time\" \/>\n\t<meta name=\"twitter:data1\" content=\"1 minut\" \/>\n<script type=\"application\/ld+json\" class=\"yoast-schema-graph\">{\"@context\":\"https:\\\/\\\/schema.org\",\"@graph\":[{\"@type\":\"WebPage\",\"@id\":\"https:\\\/\\\/nordlinepaadid.ee\\\/et\\\/pood\\\/kumblustunnid\\\/kumblustunni-lisaseadmed\\\/kumblustunni-soojustatud-kaas\\\/\",\"url\":\"https:\\\/\\\/nordlinepaadid.ee\\\/et\\\/pood\\\/kumblustunnid\\\/kumblustunni-lisaseadmed\\\/kumblustunni-soojustatud-kaas\\\/\",\"name\":\"K\u00fcmblust\u00fcnni soojustatud kaas\",\"isPartOf\":{\"@id\":\"https:\\\/\\\/nordlinepaadid.ee\\\/et\\\/#website\"},\"primaryImageOfPage\":{\"@id\":\"https:\\\/\\\/nordlinepaadid.ee\\\/et\\\/pood\\\/kumblustunnid\\\/kumblustunni-lisaseadmed\\\/kumblustunni-soojustatud-kaas\\\/#primaryimage\"},\"image\":{\"@id\":\"https:\\\/\\\/nordlinepaadid.ee\\\/et\\\/pood\\\/kumblustunnid\\\/kumblustunni-lisaseadmed\\\/kumblustunni-soojustatud-kaas\\\/#primaryimage\"},\"thumbnailUrl\":\"https:\\\/\\\/nordlinepaadid.ee\\\/wp-content\\\/uploads\\\/2026\\\/01\\\/kumblustunn-kumblustunnid-kumblustunnide-muuk-DELUX-200-220-inpuit-soojustatud-kate-ovaalsaunade-muuk-torusaunad-torusaunade-muuk-saun-saunad-saunade-muuk.jpg\",\"datePublished\":\"2026-01-20T14:25:47+00:00\",\"dateModified\":\"2026-04-19T11:01:56+00:00\",\"description\":\"K\u00fcmblust\u00fcnni Deluxe soovistatud kaas on valmistatud tugevdatud vahuplaadist, mis on kaetud ilmastikukindla nahaga. Kaas on v\u00e4ga kege ja keskelt kokku lapitav. Lihtne maha t\u00f5sta ja peale panna.\",\"breadcrumb\":{\"@id\":\"https:\\\/\\\/nordlinepaadid.ee\\\/et\\\/pood\\\/kumblustunnid\\\/kumblustunni-lisaseadmed\\\/kumblustunni-soojustatud-kaas\\\/#breadcrumb\"},\"inLanguage\":\"et\",\"potentialAction\":[{\"@type\":\"ReadAction\",\"target\":[\"https:\\\/\\\/nordlinepaadid.ee\\\/et\\\/pood\\\/kumblustunnid\\\/kumblustunni-lisaseadmed\\\/kumblustunni-soojustatud-kaas\\\/\"]}]},{\"@type\":\"ImageObject\",\"inLanguage\":\"et\",\"@id\":\"https:\\\/\\\/nordlinepaadid.ee\\\/et\\\/pood\\\/kumblustunnid\\\/kumblustunni-lisaseadmed\\\/kumblustunni-soojustatud-kaas\\\/#primaryimage\",\"url\":\"https:\\\/\\\/nordlinepaadid.ee\\\/wp-content\\\/uploads\\\/2026\\\/01\\\/kumblustunn-kumblustunnid-kumblustunnide-muuk-DELUX-200-220-inpuit-soojustatud-kate-ovaalsaunade-muuk-torusaunad-torusaunade-muuk-saun-saunad-saunade-muuk.jpg\",\"contentUrl\":\"https:\\\/\\\/nordlinepaadid.ee\\\/wp-content\\\/uploads\\\/2026\\\/01\\\/kumblustunn-kumblustunnid-kumblustunnide-muuk-DELUX-200-220-inpuit-soojustatud-kate-ovaalsaunade-muuk-torusaunad-torusaunade-muuk-saun-saunad-saunade-muuk.jpg\",\"width\":800,\"height\":800,\"caption\":\"kumblustunn-kumblustunnid-kumblustunnide-muuk-DELUX-200-220-inpuit-soojustatud-kate-ovaalsaunade-muuk-torusaunad-torusaunade-muuk-saun-saunad-saunade-muuk\"},{\"@type\":\"BreadcrumbList\",\"@id\":\"https:\\\/\\\/nordlinepaadid.ee\\\/et\\\/pood\\\/kumblustunnid\\\/kumblustunni-lisaseadmed\\\/kumblustunni-soojustatud-kaas\\\/#breadcrumb\",\"itemListElement\":[{\"@type\":\"ListItem\",\"position\":1,\"name\":\"Home\",\"item\":\"https:\\\/\\\/nordlinepaadid.ee\\\/et\\\/\"},{\"@type\":\"ListItem\",\"position\":2,\"name\":\"Pood\",\"item\":\"https:\\\/\\\/nordlinepaadid.ee\\\/et\\\/pood\\\/\"},{\"@type\":\"ListItem\",\"position\":3,\"name\":\"K\u00fcmblust\u00fcnni 2,2m soojustatud kaas\"}]},{\"@type\":\"WebSite\",\"@id\":\"https:\\\/\\\/nordlinepaadid.ee\\\/et\\\/#website\",\"url\":\"https:\\\/\\\/nordlinepaadid.ee\\\/et\\\/\",\"name\":\"NORDLINE s\u00f5udepaadid ja mootorpaadid. Klaasfiiber materjalist.\",\"description\":\"\",\"publisher\":{\"@id\":\"https:\\\/\\\/nordlinepaadid.ee\\\/et\\\/#organization\"},\"potentialAction\":[{\"@type\":\"SearchAction\",\"target\":{\"@type\":\"EntryPoint\",\"urlTemplate\":\"https:\\\/\\\/nordlinepaadid.ee\\\/et\\\/?s={search_term_string}\"},\"query-input\":{\"@type\":\"PropertyValueSpecification\",\"valueRequired\":true,\"valueName\":\"search_term_string\"}}],\"inLanguage\":\"et\"},{\"@type\":\"Organization\",\"@id\":\"https:\\\/\\\/nordlinepaadid.ee\\\/et\\\/#organization\",\"name\":\"Nordlineboats\",\"url\":\"https:\\\/\\\/nordlinepaadid.ee\\\/et\\\/\",\"logo\":{\"@type\":\"ImageObject\",\"inLanguage\":\"et\",\"@id\":\"https:\\\/\\\/nordlinepaadid.ee\\\/et\\\/#\\\/schema\\\/logo\\\/image\\\/\",\"url\":\"https:\\\/\\\/nordlinepaadid.ee\\\/wp-content\\\/uploads\\\/2023\\\/01\\\/fulllogo_transparent_nobuffer-e1672750475494.png\",\"contentUrl\":\"https:\\\/\\\/nordlinepaadid.ee\\\/wp-content\\\/uploads\\\/2023\\\/01\\\/fulllogo_transparent_nobuffer-e1672750475494.png\",\"width\":150,\"height\":119,\"caption\":\"Nordlineboats\"},\"image\":{\"@id\":\"https:\\\/\\\/nordlinepaadid.ee\\\/et\\\/#\\\/schema\\\/logo\\\/image\\\/\"},\"sameAs\":[\"https:\\\/\\\/www.facebook.com\\\/nordlineboats\",\"https:\\\/\\\/www.youtube.com\\\/channel\\\/UCbgF0fy02y3QkFnujaLTaCA\"]}]}<\/script>\n<!-- \/ Yoast SEO plugin. -->","yoast_head_json":{"title":"K\u00fcmblust\u00fcnni soojustatud kaas","description":"K\u00fcmblust\u00fcnni Deluxe soovistatud kaas on valmistatud tugevdatud vahuplaadist, mis on kaetud ilmastikukindla nahaga. Kaas on v\u00e4ga kege ja keskelt kokku lapitav. Lihtne maha t\u00f5sta ja peale panna.","robots":{"index":"index","follow":"follow","max-snippet":"max-snippet:-1","max-image-preview":"max-image-preview:large","max-video-preview":"max-video-preview:-1"},"canonical":"https:\/\/nordlinepaadid.ee\/et\/pood\/kumblustunnid\/kumblustunni-lisaseadmed\/kumblustunni-soojustatud-kaas\/","og_locale":"et_EE","og_type":"article","og_title":"K\u00fcmblust\u00fcnni soojustatud kaas","og_description":"K\u00fcmblust\u00fcnni Deluxe soovistatud kaas on valmistatud tugevdatud vahuplaadist, mis on kaetud ilmastikukindla nahaga. Kaas on v\u00e4ga kege ja keskelt kokku lapitav. Lihtne maha t\u00f5sta ja peale panna.","og_url":"https:\/\/nordlinepaadid.ee\/et\/pood\/kumblustunnid\/kumblustunni-lisaseadmed\/kumblustunni-soojustatud-kaas\/","og_site_name":"NORDLINE s\u00f5udepaadid ja mootorpaadid. Klaasfiiber materjalist.","article_publisher":"https:\/\/www.facebook.com\/nordlineboats","article_modified_time":"2026-04-19T11:01:56+00:00","og_image":[{"width":800,"height":800,"url":"https:\/\/nordlinepaadid.ee\/wp-content\/uploads\/2026\/01\/kumblustunn-kumblustunnid-kumblustunnide-muuk-DELUX-200-220-inpuit-soojustatud-kate-ovaalsaunade-muuk-torusaunad-torusaunade-muuk-saun-saunad-saunade-muuk.jpg","type":"image\/jpeg"}],"twitter_card":"summary_large_image","twitter_misc":{"Est. reading time":"1 minut"},"schema":{"@context":"https:\/\/schema.org","@graph":[{"@type":"WebPage","@id":"https:\/\/nordlinepaadid.ee\/et\/pood\/kumblustunnid\/kumblustunni-lisaseadmed\/kumblustunni-soojustatud-kaas\/","url":"https:\/\/nordlinepaadid.ee\/et\/pood\/kumblustunnid\/kumblustunni-lisaseadmed\/kumblustunni-soojustatud-kaas\/","name":"K\u00fcmblust\u00fcnni soojustatud kaas","isPartOf":{"@id":"https:\/\/nordlinepaadid.ee\/et\/#website"},"primaryImageOfPage":{"@id":"https:\/\/nordlinepaadid.ee\/et\/pood\/kumblustunnid\/kumblustunni-lisaseadmed\/kumblustunni-soojustatud-kaas\/#primaryimage"},"image":{"@id":"https:\/\/nordlinepaadid.ee\/et\/pood\/kumblustunnid\/kumblustunni-lisaseadmed\/kumblustunni-soojustatud-kaas\/#primaryimage"},"thumbnailUrl":"https:\/\/nordlinepaadid.ee\/wp-content\/uploads\/2026\/01\/kumblustunn-kumblustunnid-kumblustunnide-muuk-DELUX-200-220-inpuit-soojustatud-kate-ovaalsaunade-muuk-torusaunad-torusaunade-muuk-saun-saunad-saunade-muuk.jpg","datePublished":"2026-01-20T14:25:47+00:00","dateModified":"2026-04-19T11:01:56+00:00","description":"K\u00fcmblust\u00fcnni Deluxe soovistatud kaas on valmistatud tugevdatud vahuplaadist, mis on kaetud ilmastikukindla nahaga. Kaas on v\u00e4ga kege ja keskelt kokku lapitav. Lihtne maha t\u00f5sta ja peale panna.","breadcrumb":{"@id":"https:\/\/nordlinepaadid.ee\/et\/pood\/kumblustunnid\/kumblustunni-lisaseadmed\/kumblustunni-soojustatud-kaas\/#breadcrumb"},"inLanguage":"et","potentialAction":[{"@type":"ReadAction","target":["https:\/\/nordlinepaadid.ee\/et\/pood\/kumblustunnid\/kumblustunni-lisaseadmed\/kumblustunni-soojustatud-kaas\/"]}]},{"@type":"ImageObject","inLanguage":"et","@id":"https:\/\/nordlinepaadid.ee\/et\/pood\/kumblustunnid\/kumblustunni-lisaseadmed\/kumblustunni-soojustatud-kaas\/#primaryimage","url":"https:\/\/nordlinepaadid.ee\/wp-content\/uploads\/2026\/01\/kumblustunn-kumblustunnid-kumblustunnide-muuk-DELUX-200-220-inpuit-soojustatud-kate-ovaalsaunade-muuk-torusaunad-torusaunade-muuk-saun-saunad-saunade-muuk.jpg","contentUrl":"https:\/\/nordlinepaadid.ee\/wp-content\/uploads\/2026\/01\/kumblustunn-kumblustunnid-kumblustunnide-muuk-DELUX-200-220-inpuit-soojustatud-kate-ovaalsaunade-muuk-torusaunad-torusaunade-muuk-saun-saunad-saunade-muuk.jpg","width":800,"height":800,"caption":"kumblustunn-kumblustunnid-kumblustunnide-muuk-DELUX-200-220-inpuit-soojustatud-kate-ovaalsaunade-muuk-torusaunad-torusaunade-muuk-saun-saunad-saunade-muuk"},{"@type":"BreadcrumbList","@id":"https:\/\/nordlinepaadid.ee\/et\/pood\/kumblustunnid\/kumblustunni-lisaseadmed\/kumblustunni-soojustatud-kaas\/#breadcrumb","itemListElement":[{"@type":"ListItem","position":1,"name":"Home","item":"https:\/\/nordlinepaadid.ee\/et\/"},{"@type":"ListItem","position":2,"name":"Pood","item":"https:\/\/nordlinepaadid.ee\/et\/pood\/"},{"@type":"ListItem","position":3,"name":"K\u00fcmblust\u00fcnni 2,2m soojustatud kaas"}]},{"@type":"WebSite","@id":"https:\/\/nordlinepaadid.ee\/et\/#website","url":"https:\/\/nordlinepaadid.ee\/et\/","name":"NORDLINE s\u00f5udepaadid ja mootorpaadid. Klaasfiiber materjalist.","description":"","publisher":{"@id":"https:\/\/nordlinepaadid.ee\/et\/#organization"},"potentialAction":[{"@type":"SearchAction","target":{"@type":"EntryPoint","urlTemplate":"https:\/\/nordlinepaadid.ee\/et\/?s={search_term_string}"},"query-input":{"@type":"PropertyValueSpecification","valueRequired":true,"valueName":"search_term_string"}}],"inLanguage":"et"},{"@type":"Organization","@id":"https:\/\/nordlinepaadid.ee\/et\/#organization","name":"Nordlineboats","url":"https:\/\/nordlinepaadid.ee\/et\/","logo":{"@type":"ImageObject","inLanguage":"et","@id":"https:\/\/nordlinepaadid.ee\/et\/#\/schema\/logo\/image\/","url":"https:\/\/nordlinepaadid.ee\/wp-content\/uploads\/2023\/01\/fulllogo_transparent_nobuffer-e1672750475494.png","contentUrl":"https:\/\/nordlinepaadid.ee\/wp-content\/uploads\/2023\/01\/fulllogo_transparent_nobuffer-e1672750475494.png","width":150,"height":119,"caption":"Nordlineboats"},"image":{"@id":"https:\/\/nordlinepaadid.ee\/et\/#\/schema\/logo\/image\/"},"sameAs":["https:\/\/www.facebook.com\/nordlineboats","https:\/\/www.youtube.com\/channel\/UCbgF0fy02y3QkFnujaLTaCA"]}]}},"taxonomy_info":{"product_cat":[{"value":1854,"label":"K\u00fcmblust\u00fcnni lisaseadmed"}]},"featured_image_src_large":["https:\/\/nordlinepaadid.ee\/wp-content\/uploads\/2026\/01\/kumblustunn-kumblustunnid-kumblustunnide-muuk-DELUX-200-220-inpuit-soojustatud-kate-ovaalsaunade-muuk-torusaunad-torusaunade-muuk-saun-saunad-saunade-muuk.jpg",800,800,false],"author_info":[],"comment_info":"","_links":{"self":[{"href":"https:\/\/nordlinepaadid.ee\/et\/wp-json\/wp\/v2\/product\/53758","targetHints":{"allow":["GET"]}}],"collection":[{"href":"https:\/\/nordlinepaadid.ee\/et\/wp-json\/wp\/v2\/product"}],"about":[{"href":"https:\/\/nordlinepaadid.ee\/et\/wp-json\/wp\/v2\/types\/product"}],"wp:featuredmedia":[{"embeddable":true,"href":"https:\/\/nordlinepaadid.ee\/et\/wp-json\/wp\/v2\/media\/53759"}],"wp:attachment":[{"href":"https:\/\/nordlinepaadid.ee\/et\/wp-json\/wp\/v2\/media?parent=53758"}],"wp:term":[{"taxonomy":"product_brand","embeddable":true,"href":"https:\/\/nordlinepaadid.ee\/et\/wp-json\/wp\/v2\/product_brand?post=53758"},{"taxonomy":"product_cat","embeddable":true,"href":"https:\/\/nordlinepaadid.ee\/et\/wp-json\/wp\/v2\/product_cat?post=53758"},{"taxonomy":"product_tag","embeddable":true,"href":"https:\/\/nordlinepaadid.ee\/et\/wp-json\/wp\/v2\/product_tag?post=53758"}],"curies":[{"name":"wp","href":"https:\/\/api.w.org\/{rel}","templated":true}]}}