{"id":53787,"date":"2026-04-07T03:31:29","date_gmt":"2026-04-07T00:31:29","guid":{"rendered":"https:\/\/nordlinepaadid.ee\/pood\/maaratlemata\/esm-deluxe-sport-ulesavatav-iste-h52-valge\/"},"modified":"2026-04-07T03:31:29","modified_gmt":"2026-04-07T00:31:29","slug":"esm-deluxe-sport-ulesavatav-iste-h52-valge","status":"publish","type":"product","link":"https:\/\/nordlinepaadid.ee\/et\/pood\/cabin-interior\/tables-seats\/esm-deluxe-sport-ulesavatav-iste-h52-valge\/","title":{"rendered":"ESM DELUXE SPORT \u00dcLESAVATAV ISTE H52 &#8211; VALGE"},"content":{"rendered":"<p>\u00c4\u00e4rmiselt v\u00f5imas ja mugav paadiiste, mis on valmistatud parimast merevin\u00fc\u00fclist. Istme esiosa \u00fcles keerates saate mugava toe roolimiseks p\u00fcsti seistes.<\/p>\n<p>&#13;<br \/>\n&#13;<\/p>\n<p>&nbsp;<\/p>\n<p>&#13;<br \/>\n&#13;<\/p>\n<p>Detailid:<\/p>\n<p>&#13;<br \/>\n&#13;<\/p>\n<p>Laius: 52.50 cm<\/p>\n<p>&#13;<br \/>\n&#13;<\/p>\n<p>S\u00fcgavus: 67.00 cm<\/p>\n<p>&#13;<br \/>\n&#13;<\/p>\n<p>K\u00f5rgus: 60.00 cm<\/p>\n<p>&#13;<\/p>\n","protected":false},"excerpt":{"rendered":"<p>\u00c4\u00e4rmiselt v\u00f5imas ja mugav paadiiste, mis on valmistatud parimast merevin\u00fc\u00fclist. Istme esiosa \u00fcles keerates saate mugava toe roolimiseks p\u00fcsti seistes. &#13; &#13; &nbsp; &#13; &#13; Detailid: &#13; &#13; Laius: 52.50 cm &#13; &#13; S\u00fcgavus: 67.00 cm &#13; &#13; K\u00f5rgus: 60.00 cm &#13;<\/p>\n","protected":false},"featured_media":56388,"template":"","meta":{"_kad_blocks_custom_css":"","_kad_blocks_head_custom_js":"","_kad_blocks_body_custom_js":"","_kad_blocks_footer_custom_js":"","_kad_post_transparent":"","_kad_post_title":"","_kad_post_layout":"","_kad_post_sidebar_id":"","_kad_post_content_style":"","_kad_post_vertical_padding":"","_kad_post_feature":"","_kad_post_feature_position":"","_kad_post_header":false,"_kad_post_footer":false,"_kad_post_classname":""},"product_brand":[],"product_cat":[1752,290,291],"product_tag":[],"class_list":{"0":"post-53787","1":"product","2":"type-product","3":"status-publish","4":"has-post-thumbnail","6":"product_cat-kajutisisustus-ja-interjoor","7":"product_cat-cabin-interior","8":"product_cat-tables-seats","9":"pa_color-valge","10":"pa_producer-nautec","11":"pa_unit-pcs","12":"tm-no-options","14":"first","15":"onbackorder","16":"taxable","17":"shipping-taxable","18":"purchasable","19":"product-type-simple","20":"entry","21":"content-bg","22":"loop-entry"},"yoast_head":"<!-- This site is optimized with the Yoast SEO plugin v27.3 - https:\/\/yoast.com\/product\/yoast-seo-wordpress\/ -->\n<title>ESM DELUXE SPORT \u00dcLESAVATAV ISTE H52 - VALGE - NORDLINE s\u00f5udepaadid ja mootorpaadid. Klaasfiiber materjalist.<\/title>\n<meta name=\"robots\" content=\"index, follow, max-snippet:-1, max-image-preview:large, max-video-preview:-1\" \/>\n<link rel=\"canonical\" href=\"https:\/\/nordlinepaadid.ee\/et\/pood\/cabin-interior\/tables-seats\/esm-deluxe-sport-ulesavatav-iste-h52-valge\/\" \/>\n<meta property=\"og:locale\" content=\"et_EE\" \/>\n<meta property=\"og:type\" content=\"article\" \/>\n<meta property=\"og:title\" content=\"ESM DELUXE SPORT \u00dcLESAVATAV ISTE H52 - VALGE - NORDLINE s\u00f5udepaadid ja mootorpaadid. Klaasfiiber materjalist.\" \/>\n<meta property=\"og:description\" content=\"\u00c4\u00e4rmiselt v\u00f5imas ja mugav paadiiste, mis on valmistatud parimast merevin\u00fc\u00fclist. Istme esiosa \u00fcles keerates saate mugava toe roolimiseks p\u00fcsti seistes. &#013; &#013; &nbsp; &#013; &#013; Detailid: &#013; &#013; Laius: 52.50 cm &#013; &#013; S\u00fcgavus: 67.00 cm &#013; &#013; K\u00f5rgus: 60.00 cm &#013;\" \/>\n<meta property=\"og:url\" content=\"https:\/\/nordlinepaadid.ee\/et\/pood\/cabin-interior\/tables-seats\/esm-deluxe-sport-ulesavatav-iste-h52-valge\/\" \/>\n<meta property=\"og:site_name\" content=\"NORDLINE s\u00f5udepaadid ja mootorpaadid. Klaasfiiber materjalist.\" \/>\n<meta property=\"article:publisher\" content=\"https:\/\/www.facebook.com\/nordlineboats\" \/>\n<meta property=\"og:image\" content=\"https:\/\/nordlinepaadid.ee\/wp-content\/uploads\/2026\/02\/13462_1120966_1.jpg\" \/>\n\t<meta property=\"og:image:width\" content=\"600\" \/>\n\t<meta property=\"og:image:height\" content=\"600\" \/>\n\t<meta property=\"og:image:type\" content=\"image\/jpeg\" \/>\n<meta name=\"twitter:card\" content=\"summary_large_image\" \/>\n<script type=\"application\/ld+json\" class=\"yoast-schema-graph\">{\"@context\":\"https:\\\/\\\/schema.org\",\"@graph\":[{\"@type\":\"WebPage\",\"@id\":\"https:\\\/\\\/nordlinepaadid.ee\\\/et\\\/pood\\\/cabin-interior\\\/tables-seats\\\/esm-deluxe-sport-ulesavatav-iste-h52-valge\\\/\",\"url\":\"https:\\\/\\\/nordlinepaadid.ee\\\/et\\\/pood\\\/cabin-interior\\\/tables-seats\\\/esm-deluxe-sport-ulesavatav-iste-h52-valge\\\/\",\"name\":\"ESM DELUXE SPORT \u00dcLESAVATAV ISTE H52 - VALGE - NORDLINE s\u00f5udepaadid ja mootorpaadid. Klaasfiiber materjalist.\",\"isPartOf\":{\"@id\":\"https:\\\/\\\/nordlinepaadid.ee\\\/et\\\/#website\"},\"primaryImageOfPage\":{\"@id\":\"https:\\\/\\\/nordlinepaadid.ee\\\/et\\\/pood\\\/cabin-interior\\\/tables-seats\\\/esm-deluxe-sport-ulesavatav-iste-h52-valge\\\/#primaryimage\"},\"image\":{\"@id\":\"https:\\\/\\\/nordlinepaadid.ee\\\/et\\\/pood\\\/cabin-interior\\\/tables-seats\\\/esm-deluxe-sport-ulesavatav-iste-h52-valge\\\/#primaryimage\"},\"thumbnailUrl\":\"https:\\\/\\\/nordlinepaadid.ee\\\/wp-content\\\/uploads\\\/2026\\\/02\\\/13462_1120966_1.jpg\",\"datePublished\":\"2026-04-07T00:31:29+00:00\",\"breadcrumb\":{\"@id\":\"https:\\\/\\\/nordlinepaadid.ee\\\/et\\\/pood\\\/cabin-interior\\\/tables-seats\\\/esm-deluxe-sport-ulesavatav-iste-h52-valge\\\/#breadcrumb\"},\"inLanguage\":\"et\",\"potentialAction\":[{\"@type\":\"ReadAction\",\"target\":[\"https:\\\/\\\/nordlinepaadid.ee\\\/et\\\/pood\\\/cabin-interior\\\/tables-seats\\\/esm-deluxe-sport-ulesavatav-iste-h52-valge\\\/\"]}]},{\"@type\":\"ImageObject\",\"inLanguage\":\"et\",\"@id\":\"https:\\\/\\\/nordlinepaadid.ee\\\/et\\\/pood\\\/cabin-interior\\\/tables-seats\\\/esm-deluxe-sport-ulesavatav-iste-h52-valge\\\/#primaryimage\",\"url\":\"https:\\\/\\\/nordlinepaadid.ee\\\/wp-content\\\/uploads\\\/2026\\\/02\\\/13462_1120966_1.jpg\",\"contentUrl\":\"https:\\\/\\\/nordlinepaadid.ee\\\/wp-content\\\/uploads\\\/2026\\\/02\\\/13462_1120966_1.jpg\",\"width\":600,\"height\":600},{\"@type\":\"BreadcrumbList\",\"@id\":\"https:\\\/\\\/nordlinepaadid.ee\\\/et\\\/pood\\\/cabin-interior\\\/tables-seats\\\/esm-deluxe-sport-ulesavatav-iste-h52-valge\\\/#breadcrumb\",\"itemListElement\":[{\"@type\":\"ListItem\",\"position\":1,\"name\":\"Home\",\"item\":\"https:\\\/\\\/nordlinepaadid.ee\\\/et\\\/\"},{\"@type\":\"ListItem\",\"position\":2,\"name\":\"Pood\",\"item\":\"https:\\\/\\\/nordlinepaadid.ee\\\/et\\\/pood\\\/\"},{\"@type\":\"ListItem\",\"position\":3,\"name\":\"ESM DELUXE SPORT \u00dcLESAVATAV ISTE H52 &#8211; VALGE\"}]},{\"@type\":\"WebSite\",\"@id\":\"https:\\\/\\\/nordlinepaadid.ee\\\/et\\\/#website\",\"url\":\"https:\\\/\\\/nordlinepaadid.ee\\\/et\\\/\",\"name\":\"NORDLINE s\u00f5udepaadid ja mootorpaadid. Klaasfiiber materjalist.\",\"description\":\"\",\"publisher\":{\"@id\":\"https:\\\/\\\/nordlinepaadid.ee\\\/et\\\/#organization\"},\"potentialAction\":[{\"@type\":\"SearchAction\",\"target\":{\"@type\":\"EntryPoint\",\"urlTemplate\":\"https:\\\/\\\/nordlinepaadid.ee\\\/et\\\/?s={search_term_string}\"},\"query-input\":{\"@type\":\"PropertyValueSpecification\",\"valueRequired\":true,\"valueName\":\"search_term_string\"}}],\"inLanguage\":\"et\"},{\"@type\":\"Organization\",\"@id\":\"https:\\\/\\\/nordlinepaadid.ee\\\/et\\\/#organization\",\"name\":\"Nordlineboats\",\"url\":\"https:\\\/\\\/nordlinepaadid.ee\\\/et\\\/\",\"logo\":{\"@type\":\"ImageObject\",\"inLanguage\":\"et\",\"@id\":\"https:\\\/\\\/nordlinepaadid.ee\\\/et\\\/#\\\/schema\\\/logo\\\/image\\\/\",\"url\":\"https:\\\/\\\/nordlinepaadid.ee\\\/wp-content\\\/uploads\\\/2023\\\/01\\\/fulllogo_transparent_nobuffer-e1672750475494.png\",\"contentUrl\":\"https:\\\/\\\/nordlinepaadid.ee\\\/wp-content\\\/uploads\\\/2023\\\/01\\\/fulllogo_transparent_nobuffer-e1672750475494.png\",\"width\":150,\"height\":119,\"caption\":\"Nordlineboats\"},\"image\":{\"@id\":\"https:\\\/\\\/nordlinepaadid.ee\\\/et\\\/#\\\/schema\\\/logo\\\/image\\\/\"},\"sameAs\":[\"https:\\\/\\\/www.facebook.com\\\/nordlineboats\",\"https:\\\/\\\/www.youtube.com\\\/channel\\\/UCbgF0fy02y3QkFnujaLTaCA\"]}]}<\/script>\n<!-- \/ Yoast SEO plugin. -->","yoast_head_json":{"title":"ESM DELUXE SPORT \u00dcLESAVATAV ISTE H52 - VALGE - NORDLINE s\u00f5udepaadid ja mootorpaadid. Klaasfiiber materjalist.","robots":{"index":"index","follow":"follow","max-snippet":"max-snippet:-1","max-image-preview":"max-image-preview:large","max-video-preview":"max-video-preview:-1"},"canonical":"https:\/\/nordlinepaadid.ee\/et\/pood\/cabin-interior\/tables-seats\/esm-deluxe-sport-ulesavatav-iste-h52-valge\/","og_locale":"et_EE","og_type":"article","og_title":"ESM DELUXE SPORT \u00dcLESAVATAV ISTE H52 - VALGE - NORDLINE s\u00f5udepaadid ja mootorpaadid. Klaasfiiber materjalist.","og_description":"\u00c4\u00e4rmiselt v\u00f5imas ja mugav paadiiste, mis on valmistatud parimast merevin\u00fc\u00fclist. Istme esiosa \u00fcles keerates saate mugava toe roolimiseks p\u00fcsti seistes. &#13; &#13; &nbsp; &#13; &#13; Detailid: &#13; &#13; Laius: 52.50 cm &#13; &#13; S\u00fcgavus: 67.00 cm &#13; &#13; K\u00f5rgus: 60.00 cm &#13;","og_url":"https:\/\/nordlinepaadid.ee\/et\/pood\/cabin-interior\/tables-seats\/esm-deluxe-sport-ulesavatav-iste-h52-valge\/","og_site_name":"NORDLINE s\u00f5udepaadid ja mootorpaadid. Klaasfiiber materjalist.","article_publisher":"https:\/\/www.facebook.com\/nordlineboats","og_image":[{"width":600,"height":600,"url":"https:\/\/nordlinepaadid.ee\/wp-content\/uploads\/2026\/02\/13462_1120966_1.jpg","type":"image\/jpeg"}],"twitter_card":"summary_large_image","schema":{"@context":"https:\/\/schema.org","@graph":[{"@type":"WebPage","@id":"https:\/\/nordlinepaadid.ee\/et\/pood\/cabin-interior\/tables-seats\/esm-deluxe-sport-ulesavatav-iste-h52-valge\/","url":"https:\/\/nordlinepaadid.ee\/et\/pood\/cabin-interior\/tables-seats\/esm-deluxe-sport-ulesavatav-iste-h52-valge\/","name":"ESM DELUXE SPORT \u00dcLESAVATAV ISTE H52 - VALGE - NORDLINE s\u00f5udepaadid ja mootorpaadid. Klaasfiiber materjalist.","isPartOf":{"@id":"https:\/\/nordlinepaadid.ee\/et\/#website"},"primaryImageOfPage":{"@id":"https:\/\/nordlinepaadid.ee\/et\/pood\/cabin-interior\/tables-seats\/esm-deluxe-sport-ulesavatav-iste-h52-valge\/#primaryimage"},"image":{"@id":"https:\/\/nordlinepaadid.ee\/et\/pood\/cabin-interior\/tables-seats\/esm-deluxe-sport-ulesavatav-iste-h52-valge\/#primaryimage"},"thumbnailUrl":"https:\/\/nordlinepaadid.ee\/wp-content\/uploads\/2026\/02\/13462_1120966_1.jpg","datePublished":"2026-04-07T00:31:29+00:00","breadcrumb":{"@id":"https:\/\/nordlinepaadid.ee\/et\/pood\/cabin-interior\/tables-seats\/esm-deluxe-sport-ulesavatav-iste-h52-valge\/#breadcrumb"},"inLanguage":"et","potentialAction":[{"@type":"ReadAction","target":["https:\/\/nordlinepaadid.ee\/et\/pood\/cabin-interior\/tables-seats\/esm-deluxe-sport-ulesavatav-iste-h52-valge\/"]}]},{"@type":"ImageObject","inLanguage":"et","@id":"https:\/\/nordlinepaadid.ee\/et\/pood\/cabin-interior\/tables-seats\/esm-deluxe-sport-ulesavatav-iste-h52-valge\/#primaryimage","url":"https:\/\/nordlinepaadid.ee\/wp-content\/uploads\/2026\/02\/13462_1120966_1.jpg","contentUrl":"https:\/\/nordlinepaadid.ee\/wp-content\/uploads\/2026\/02\/13462_1120966_1.jpg","width":600,"height":600},{"@type":"BreadcrumbList","@id":"https:\/\/nordlinepaadid.ee\/et\/pood\/cabin-interior\/tables-seats\/esm-deluxe-sport-ulesavatav-iste-h52-valge\/#breadcrumb","itemListElement":[{"@type":"ListItem","position":1,"name":"Home","item":"https:\/\/nordlinepaadid.ee\/et\/"},{"@type":"ListItem","position":2,"name":"Pood","item":"https:\/\/nordlinepaadid.ee\/et\/pood\/"},{"@type":"ListItem","position":3,"name":"ESM DELUXE SPORT \u00dcLESAVATAV ISTE H52 &#8211; VALGE"}]},{"@type":"WebSite","@id":"https:\/\/nordlinepaadid.ee\/et\/#website","url":"https:\/\/nordlinepaadid.ee\/et\/","name":"NORDLINE s\u00f5udepaadid ja mootorpaadid. Klaasfiiber materjalist.","description":"","publisher":{"@id":"https:\/\/nordlinepaadid.ee\/et\/#organization"},"potentialAction":[{"@type":"SearchAction","target":{"@type":"EntryPoint","urlTemplate":"https:\/\/nordlinepaadid.ee\/et\/?s={search_term_string}"},"query-input":{"@type":"PropertyValueSpecification","valueRequired":true,"valueName":"search_term_string"}}],"inLanguage":"et"},{"@type":"Organization","@id":"https:\/\/nordlinepaadid.ee\/et\/#organization","name":"Nordlineboats","url":"https:\/\/nordlinepaadid.ee\/et\/","logo":{"@type":"ImageObject","inLanguage":"et","@id":"https:\/\/nordlinepaadid.ee\/et\/#\/schema\/logo\/image\/","url":"https:\/\/nordlinepaadid.ee\/wp-content\/uploads\/2023\/01\/fulllogo_transparent_nobuffer-e1672750475494.png","contentUrl":"https:\/\/nordlinepaadid.ee\/wp-content\/uploads\/2023\/01\/fulllogo_transparent_nobuffer-e1672750475494.png","width":150,"height":119,"caption":"Nordlineboats"},"image":{"@id":"https:\/\/nordlinepaadid.ee\/et\/#\/schema\/logo\/image\/"},"sameAs":["https:\/\/www.facebook.com\/nordlineboats","https:\/\/www.youtube.com\/channel\/UCbgF0fy02y3QkFnujaLTaCA"]}]}},"taxonomy_info":{"product_cat":[{"value":1752,"label":"KAJUTISISUSTUS JA INTERJ\u00d6\u00d6R"},{"value":290,"label":"KAJUTISISUSTUS JA INTERJ\u00d6\u00d6R"},{"value":291,"label":"Toolid, Lauad, Lauajalad"}],"pa_color":[{"value":677,"label":"Valge"}],"pa_producer":[{"value":1842,"label":"Nautec"}],"pa_unit":[{"value":416,"label":"pcs"}]},"featured_image_src_large":["https:\/\/nordlinepaadid.ee\/wp-content\/uploads\/2026\/02\/13462_1120966_1.jpg",600,600,false],"author_info":[],"comment_info":"","_links":{"self":[{"href":"https:\/\/nordlinepaadid.ee\/et\/wp-json\/wp\/v2\/product\/53787","targetHints":{"allow":["GET"]}}],"collection":[{"href":"https:\/\/nordlinepaadid.ee\/et\/wp-json\/wp\/v2\/product"}],"about":[{"href":"https:\/\/nordlinepaadid.ee\/et\/wp-json\/wp\/v2\/types\/product"}],"wp:featuredmedia":[{"embeddable":true,"href":"https:\/\/nordlinepaadid.ee\/et\/wp-json\/wp\/v2\/media\/56388"}],"wp:attachment":[{"href":"https:\/\/nordlinepaadid.ee\/et\/wp-json\/wp\/v2\/media?parent=53787"}],"wp:term":[{"taxonomy":"product_brand","embeddable":true,"href":"https:\/\/nordlinepaadid.ee\/et\/wp-json\/wp\/v2\/product_brand?post=53787"},{"taxonomy":"product_cat","embeddable":true,"href":"https:\/\/nordlinepaadid.ee\/et\/wp-json\/wp\/v2\/product_cat?post=53787"},{"taxonomy":"product_tag","embeddable":true,"href":"https:\/\/nordlinepaadid.ee\/et\/wp-json\/wp\/v2\/product_tag?post=53787"}],"curies":[{"name":"wp","href":"https:\/\/api.w.org\/{rel}","templated":true}]}}