{"id":53802,"date":"2026-01-29T12:42:55","date_gmt":"2026-01-29T10:42:55","guid":{"rendered":"https:\/\/nordlinepaadid.ee\/?post_type=product&#038;p=53802"},"modified":"2026-01-29T13:14:25","modified_gmt":"2026-01-29T11:14:25","slug":"mootorpaat-protagon-20","status":"publish","type":"product","link":"https:\/\/nordlinepaadid.ee\/et\/pood\/poseidon-paadid\/mootorpaat-protagon-20\/","title":{"rendered":"MOOTORPAAT PROTAGON 20"},"content":{"rendered":"<p>Mootorpaat Protagon 20 on elegantne ja sportlik <strong data-start=\"356\" data-end=\"388\">6 meetrine avatud mootorpaat<\/strong>, mis \u00fchendab <strong data-start=\"402\" data-end=\"431\">silmapaistva s\u00f5idumugavuse<\/strong>, <strong data-start=\"433\" data-end=\"446\">ruumikuse<\/strong> ja <strong data-start=\"450\" data-end=\"470\">modernse disaini<\/strong>. Sobib ideaalselt nii <strong data-start=\"493\" data-end=\"511\">p\u00e4evaretkedeks<\/strong>, <strong data-start=\"513\" data-end=\"539\">l\u00f5\u00f5gastavaks kruiisiks<\/strong> kui ka <strong data-start=\"547\" data-end=\"573\">aktiivseks veespordiks<\/strong> pere v\u00f5i s\u00f5pradega.<\/p>\n<h2>Mootorpaat PROTAGON 20 tehnilised andmed<\/h2>\n<table id=\"motors\">\n<tbody>\n<tr>\n<td>Pikkus<\/td>\n<td>5,95 m<\/td>\n<\/tr>\n<tr>\n<td>Laius<\/td>\n<td>2,30 m<\/td>\n<\/tr>\n<tr>\n<td>Kaal<\/td>\n<td>850 kg<\/td>\n<\/tr>\n<tr>\n<td>K\u00fctusepaak<\/td>\n<td>140L<\/td>\n<\/tr>\n<tr>\n<td>Soovituslik mootor<\/td>\n<td>100-200HJ<\/td>\n<\/tr>\n<tr>\n<td>Maks. lubatud inimeste arv pardal<\/td>\n<td>9<\/td>\n<\/tr>\n<tr>\n<td>Maksimaalne kandev\u00f5ime<\/td>\n<td><\/td>\n<\/tr>\n<tr>\n<td>Kategooria<\/td>\n<td>C<\/td>\n<\/tr>\n<\/tbody>\n<\/table>\n<p>&nbsp;<\/p>\n<h2 data-start=\"1325\" data-end=\"1456\">Paadi komplekti kuuluvad<\/h2>\n<p data-start=\"1325\" data-end=\"1456\">\u2022 Ahtris istmepink (back to back iste)<br data-start=\"168\" data-end=\"171\" \/>\u2022 Juhi ja kaass\u00f5itja sportistmed (bucket-istmed)<br data-start=\"219\" data-end=\"222\" \/>\u2022 K\u00fctusepaagis\u00fcsteem 250 liitrit<br data-start=\"254\" data-end=\"257\" \/>\u2022 T\u00e4ielik istmepolstrite komplekt<br data-start=\"290\" data-end=\"293\" \/>\u2022 Kokkupandav ahtripingiseljatugi<br data-start=\"326\" data-end=\"329\" \/>\u2022 Ahtriplatvormid koos ujumisredeliga<br data-start=\"366\" data-end=\"369\" data-is-only-node=\"\" \/>\u2022 Kajutivalgustus LED-tuled<br data-start=\"396\" data-end=\"399\" \/>\u2022 Du\u0161is\u00fcsteem tekil<br data-start=\"418\" data-end=\"421\" \/>\u2022 T\u00e4ielik roostevabast terasest reelingute komplekt (INOX 316L)<br data-start=\"484\" data-end=\"487\" \/>\u2022 Tekivalgustus LED-tuled (6 tk)<br data-start=\"519\" data-end=\"522\" \/>\u2022 Vahtkattega tekk v\u00f6\u00f6ris ankrukastil<br data-start=\"565\" data-end=\"568\" \/>\u2022 Mustaks v\u00e4rvitud roostevabad reelingud<br data-start=\"608\" data-end=\"611\" \/>\u2022 Automaatne pilsipump<br data-start=\"633\" data-end=\"636\" \/>\u2022 Elektris\u00fcsteemi paigaldus<br data-start=\"663\" data-end=\"666\" \/>\u2022 Akuvaliku l\u00fcliti (1 \/ 2 \/ m\u00f5lemad)<br data-start=\"702\" data-end=\"705\" \/>\u2022 Luksuslik l\u00fclitipaneel<br data-start=\"729\" data-end=\"732\" \/>\u2022 USB-pistik<br data-start=\"744\" data-end=\"747\" \/>\u2022 Armatuurlaud, istmed ja wetbar\u2019i kapp musta v\u00e4rvi<br data-start=\"798\" data-end=\"801\" \/>\u2022 Standardv\u00e4rvus: valge<\/p>\n<h2 data-start=\"1325\" data-end=\"1456\">Paadi lisavarustus<\/h2>\n<p data-start=\"137\" data-end=\"543\">\u2022 Must roostevabast terasest hard-top katus\u00a0<br data-start=\"194\" data-end=\"197\" \/>\u2022 Must roostevabast terasest soft-top katus\u00a0<br data-start=\"254\" data-end=\"257\" \/>\u2022 Must alumiiniumist T-top katus\u00a0<br data-start=\"303\" data-end=\"306\" \/>\u2022 Must roostevabast terasest bimini katus\u00a0<br data-start=\"359\" data-end=\"362\" \/>\u2022 H\u00fcdrauliline roolis\u00fcsteem<br data-start=\"401\" data-end=\"404\" \/>\u2022 Wetbar iste koos valamuga\u00a0<br data-start=\"443\" data-end=\"446\" \/>\u2022 Ahtrilaud ja p\u00e4evitustasapinna pikendusega\u00a0<br data-start=\"499\" data-end=\"502\" \/>\u2022 P\u00e4ikesevari nelja postiga<\/p>\n<p data-start=\"545\" data-end=\"719\">\u2022 Elektriline WC-s\u00fcsteem koos reoveepaagi, valamu ja du\u0161iga konsoolis\u00a0<br data-start=\"628\" data-end=\"631\" \/>\u2022 Elektriline k\u00fclmik Vitrifrigo\u00ae\u00a0<br data-start=\"675\" data-end=\"678\" \/>\u2022 Elektriline ankrivints*<\/p>\n<p data-start=\"721\" data-end=\"890\">\u2022 Fusion raadio (Bluetooth) 4 k\u00f5lariga\u00a0<br data-start=\"771\" data-end=\"774\" \/>\u2022 Gaasipliidis\u00fcsteem (ainult koos wetbar\u2019iga)\u00a0<br data-start=\"831\" data-end=\"834\" \/>\u2022 Must roostevabast terasest veesuusa raam<\/p>\n<p data-start=\"892\" data-end=\"1073\">\u2022 Veealused LED-tuled (2 tk)\u00a0<br data-start=\"932\" data-end=\"935\" \/>\u2022 Vahtkattega tekk (foam deck)\u00a0<br data-start=\"979\" data-end=\"982\" \/>\u2022 Kattekate seismiseks\/parkimiseks\u00a0<br data-start=\"1030\" data-end=\"1033\" \/>\u2022 Konsooli ja istmete kate<\/p>\n<p data-start=\"1075\" data-end=\"1186\">\u2022 K\u00f5rged v\u00f6\u00f6rireelingud\u00a0<br data-start=\"1110\" data-end=\"1113\" \/>\u2022 Kogu paadi h\u00f5behall eriversioon (Total Silver Grey Edition)<\/p>\n<hr data-start=\"2317\" data-end=\"2320\" \/>\n<h3 data-start=\"2322\" data-end=\"2370\"><\/h3>\n","protected":false},"excerpt":{"rendered":"<p>Mootorpaat Protagon 20 on elegantne ja sportlik 6 meetrine avatud mootorpaat, mis \u00fchendab silmapaistva s\u00f5idumugavuse, ruumikuse ja modernse disaini. Sobib ideaalselt nii p\u00e4evaretkedeks, l\u00f5\u00f5gastavaks kruiisiks kui ka aktiivseks veespordiks pere v\u00f5i s\u00f5pradega. Mootorpaat PROTAGON 20 tehnilised andmed Pikkus 5,95 m Laius 2,30 m Kaal 850 kg K\u00fctusepaak 140L Soovituslik mootor 100-200HJ Maks. lubatud inimeste arv&#8230;<\/p>\n","protected":false},"featured_media":53803,"template":"","meta":{"_kad_blocks_custom_css":"","_kad_blocks_head_custom_js":"","_kad_blocks_body_custom_js":"","_kad_blocks_footer_custom_js":"","_kad_post_transparent":"default","_kad_post_title":"","_kad_post_layout":"default","_kad_post_sidebar_id":"","_kad_post_content_style":"default","_kad_post_vertical_padding":"default","_kad_post_feature":"","_kad_post_feature_position":"","_kad_post_header":false,"_kad_post_footer":false,"_kad_post_classname":""},"product_brand":[],"product_cat":[1836,1850],"product_tag":[],"class_list":{"0":"post-53802","1":"product","2":"type-product","3":"status-publish","4":"has-post-thumbnail","6":"product_cat-poseidon-paadid","7":"product_cat-protagon-paadid","8":"pa_producer-nordline-boats","9":"pa_unit-pcs","10":"tm-no-options","12":"first","13":"onbackorder","14":"taxable","15":"shipping-taxable","16":"purchasable","17":"product-type-simple","18":"entry","19":"content-bg","20":"loop-entry"},"yoast_head":"<!-- This site is optimized with the Yoast SEO plugin v27.3 - https:\/\/yoast.com\/product\/yoast-seo-wordpress\/ -->\n<title>Mootorpaat PROTAGON 20<\/title>\n<meta name=\"description\" content=\"PROTAGON 20Protagon 20 sportlik mootorpaat pakub suurep\u00e4raseid s\u00f5iduomadusi, mahutab kuni 9 inimest ning 80\u2013200 hj mootorivaliku ja laia lisade valikuga.\" \/>\n<meta name=\"robots\" content=\"index, follow, max-snippet:-1, max-image-preview:large, max-video-preview:-1\" \/>\n<link rel=\"canonical\" href=\"https:\/\/nordlinepaadid.ee\/et\/pood\/poseidon-paadid\/mootorpaat-protagon-20\/\" \/>\n<meta property=\"og:locale\" content=\"et_EE\" \/>\n<meta property=\"og:type\" content=\"article\" \/>\n<meta property=\"og:title\" content=\"Mootorpaat PROTAGON 20\" \/>\n<meta property=\"og:description\" content=\"PROTAGON 20Protagon 20 sportlik mootorpaat pakub suurep\u00e4raseid s\u00f5iduomadusi, mahutab kuni 9 inimest ning 80\u2013200 hj mootorivaliku ja laia lisade valikuga.\" \/>\n<meta property=\"og:url\" content=\"https:\/\/nordlinepaadid.ee\/et\/pood\/poseidon-paadid\/mootorpaat-protagon-20\/\" \/>\n<meta property=\"og:site_name\" content=\"NORDLINE s\u00f5udepaadid ja mootorpaadid. Klaasfiiber materjalist.\" \/>\n<meta property=\"article:publisher\" content=\"https:\/\/www.facebook.com\/nordlineboats\" \/>\n<meta property=\"article:modified_time\" content=\"2026-01-29T11:14:25+00:00\" \/>\n<meta property=\"og:image\" content=\"https:\/\/nordlinepaadid.ee\/wp-content\/uploads\/2026\/01\/Mootorpaat-Protagon-20-bowrider.webp\" \/>\n\t<meta property=\"og:image:width\" content=\"622\" \/>\n\t<meta property=\"og:image:height\" content=\"797\" \/>\n\t<meta property=\"og:image:type\" content=\"image\/webp\" \/>\n<meta name=\"twitter:card\" content=\"summary_large_image\" \/>\n<meta name=\"twitter:label1\" content=\"Est. reading time\" \/>\n\t<meta name=\"twitter:data1\" content=\"2 minutit\" \/>\n<script type=\"application\/ld+json\" class=\"yoast-schema-graph\">{\"@context\":\"https:\\\/\\\/schema.org\",\"@graph\":[{\"@type\":\"WebPage\",\"@id\":\"https:\\\/\\\/nordlinepaadid.ee\\\/et\\\/pood\\\/poseidon-paadid\\\/mootorpaat-protagon-20\\\/\",\"url\":\"https:\\\/\\\/nordlinepaadid.ee\\\/et\\\/pood\\\/poseidon-paadid\\\/mootorpaat-protagon-20\\\/\",\"name\":\"Mootorpaat PROTAGON 20\",\"isPartOf\":{\"@id\":\"https:\\\/\\\/nordlinepaadid.ee\\\/et\\\/#website\"},\"primaryImageOfPage\":{\"@id\":\"https:\\\/\\\/nordlinepaadid.ee\\\/et\\\/pood\\\/poseidon-paadid\\\/mootorpaat-protagon-20\\\/#primaryimage\"},\"image\":{\"@id\":\"https:\\\/\\\/nordlinepaadid.ee\\\/et\\\/pood\\\/poseidon-paadid\\\/mootorpaat-protagon-20\\\/#primaryimage\"},\"thumbnailUrl\":\"https:\\\/\\\/nordlinepaadid.ee\\\/wp-content\\\/uploads\\\/2026\\\/01\\\/Mootorpaat-Protagon-20-bowrider.webp\",\"datePublished\":\"2026-01-29T10:42:55+00:00\",\"dateModified\":\"2026-01-29T11:14:25+00:00\",\"description\":\"PROTAGON 20Protagon 20 sportlik mootorpaat pakub suurep\u00e4raseid s\u00f5iduomadusi, mahutab kuni 9 inimest ning 80\u2013200 hj mootorivaliku ja laia lisade valikuga.\",\"breadcrumb\":{\"@id\":\"https:\\\/\\\/nordlinepaadid.ee\\\/et\\\/pood\\\/poseidon-paadid\\\/mootorpaat-protagon-20\\\/#breadcrumb\"},\"inLanguage\":\"et\",\"potentialAction\":[{\"@type\":\"ReadAction\",\"target\":[\"https:\\\/\\\/nordlinepaadid.ee\\\/et\\\/pood\\\/poseidon-paadid\\\/mootorpaat-protagon-20\\\/\"]}]},{\"@type\":\"ImageObject\",\"inLanguage\":\"et\",\"@id\":\"https:\\\/\\\/nordlinepaadid.ee\\\/et\\\/pood\\\/poseidon-paadid\\\/mootorpaat-protagon-20\\\/#primaryimage\",\"url\":\"https:\\\/\\\/nordlinepaadid.ee\\\/wp-content\\\/uploads\\\/2026\\\/01\\\/Mootorpaat-Protagon-20-bowrider.webp\",\"contentUrl\":\"https:\\\/\\\/nordlinepaadid.ee\\\/wp-content\\\/uploads\\\/2026\\\/01\\\/Mootorpaat-Protagon-20-bowrider.webp\",\"width\":622,\"height\":797,\"caption\":\"Mootorpaat Protagon 20 bowrider\"},{\"@type\":\"BreadcrumbList\",\"@id\":\"https:\\\/\\\/nordlinepaadid.ee\\\/et\\\/pood\\\/poseidon-paadid\\\/mootorpaat-protagon-20\\\/#breadcrumb\",\"itemListElement\":[{\"@type\":\"ListItem\",\"position\":1,\"name\":\"Home\",\"item\":\"https:\\\/\\\/nordlinepaadid.ee\\\/et\\\/\"},{\"@type\":\"ListItem\",\"position\":2,\"name\":\"Pood\",\"item\":\"https:\\\/\\\/nordlinepaadid.ee\\\/et\\\/pood\\\/\"},{\"@type\":\"ListItem\",\"position\":3,\"name\":\"MOOTORPAAT PROTAGON 20\"}]},{\"@type\":\"WebSite\",\"@id\":\"https:\\\/\\\/nordlinepaadid.ee\\\/et\\\/#website\",\"url\":\"https:\\\/\\\/nordlinepaadid.ee\\\/et\\\/\",\"name\":\"NORDLINE s\u00f5udepaadid ja mootorpaadid. Klaasfiiber materjalist.\",\"description\":\"\",\"publisher\":{\"@id\":\"https:\\\/\\\/nordlinepaadid.ee\\\/et\\\/#organization\"},\"potentialAction\":[{\"@type\":\"SearchAction\",\"target\":{\"@type\":\"EntryPoint\",\"urlTemplate\":\"https:\\\/\\\/nordlinepaadid.ee\\\/et\\\/?s={search_term_string}\"},\"query-input\":{\"@type\":\"PropertyValueSpecification\",\"valueRequired\":true,\"valueName\":\"search_term_string\"}}],\"inLanguage\":\"et\"},{\"@type\":\"Organization\",\"@id\":\"https:\\\/\\\/nordlinepaadid.ee\\\/et\\\/#organization\",\"name\":\"Nordlineboats\",\"url\":\"https:\\\/\\\/nordlinepaadid.ee\\\/et\\\/\",\"logo\":{\"@type\":\"ImageObject\",\"inLanguage\":\"et\",\"@id\":\"https:\\\/\\\/nordlinepaadid.ee\\\/et\\\/#\\\/schema\\\/logo\\\/image\\\/\",\"url\":\"https:\\\/\\\/nordlinepaadid.ee\\\/wp-content\\\/uploads\\\/2023\\\/01\\\/fulllogo_transparent_nobuffer-e1672750475494.png\",\"contentUrl\":\"https:\\\/\\\/nordlinepaadid.ee\\\/wp-content\\\/uploads\\\/2023\\\/01\\\/fulllogo_transparent_nobuffer-e1672750475494.png\",\"width\":150,\"height\":119,\"caption\":\"Nordlineboats\"},\"image\":{\"@id\":\"https:\\\/\\\/nordlinepaadid.ee\\\/et\\\/#\\\/schema\\\/logo\\\/image\\\/\"},\"sameAs\":[\"https:\\\/\\\/www.facebook.com\\\/nordlineboats\",\"https:\\\/\\\/www.youtube.com\\\/channel\\\/UCbgF0fy02y3QkFnujaLTaCA\"]}]}<\/script>\n<!-- \/ Yoast SEO plugin. -->","yoast_head_json":{"title":"Mootorpaat PROTAGON 20","description":"PROTAGON 20Protagon 20 sportlik mootorpaat pakub suurep\u00e4raseid s\u00f5iduomadusi, mahutab kuni 9 inimest ning 80\u2013200 hj mootorivaliku ja laia lisade valikuga.","robots":{"index":"index","follow":"follow","max-snippet":"max-snippet:-1","max-image-preview":"max-image-preview:large","max-video-preview":"max-video-preview:-1"},"canonical":"https:\/\/nordlinepaadid.ee\/et\/pood\/poseidon-paadid\/mootorpaat-protagon-20\/","og_locale":"et_EE","og_type":"article","og_title":"Mootorpaat PROTAGON 20","og_description":"PROTAGON 20Protagon 20 sportlik mootorpaat pakub suurep\u00e4raseid s\u00f5iduomadusi, mahutab kuni 9 inimest ning 80\u2013200 hj mootorivaliku ja laia lisade valikuga.","og_url":"https:\/\/nordlinepaadid.ee\/et\/pood\/poseidon-paadid\/mootorpaat-protagon-20\/","og_site_name":"NORDLINE s\u00f5udepaadid ja mootorpaadid. Klaasfiiber materjalist.","article_publisher":"https:\/\/www.facebook.com\/nordlineboats","article_modified_time":"2026-01-29T11:14:25+00:00","og_image":[{"width":622,"height":797,"url":"https:\/\/nordlinepaadid.ee\/wp-content\/uploads\/2026\/01\/Mootorpaat-Protagon-20-bowrider.webp","type":"image\/webp"}],"twitter_card":"summary_large_image","twitter_misc":{"Est. reading time":"2 minutit"},"schema":{"@context":"https:\/\/schema.org","@graph":[{"@type":"WebPage","@id":"https:\/\/nordlinepaadid.ee\/et\/pood\/poseidon-paadid\/mootorpaat-protagon-20\/","url":"https:\/\/nordlinepaadid.ee\/et\/pood\/poseidon-paadid\/mootorpaat-protagon-20\/","name":"Mootorpaat PROTAGON 20","isPartOf":{"@id":"https:\/\/nordlinepaadid.ee\/et\/#website"},"primaryImageOfPage":{"@id":"https:\/\/nordlinepaadid.ee\/et\/pood\/poseidon-paadid\/mootorpaat-protagon-20\/#primaryimage"},"image":{"@id":"https:\/\/nordlinepaadid.ee\/et\/pood\/poseidon-paadid\/mootorpaat-protagon-20\/#primaryimage"},"thumbnailUrl":"https:\/\/nordlinepaadid.ee\/wp-content\/uploads\/2026\/01\/Mootorpaat-Protagon-20-bowrider.webp","datePublished":"2026-01-29T10:42:55+00:00","dateModified":"2026-01-29T11:14:25+00:00","description":"PROTAGON 20Protagon 20 sportlik mootorpaat pakub suurep\u00e4raseid s\u00f5iduomadusi, mahutab kuni 9 inimest ning 80\u2013200 hj mootorivaliku ja laia lisade valikuga.","breadcrumb":{"@id":"https:\/\/nordlinepaadid.ee\/et\/pood\/poseidon-paadid\/mootorpaat-protagon-20\/#breadcrumb"},"inLanguage":"et","potentialAction":[{"@type":"ReadAction","target":["https:\/\/nordlinepaadid.ee\/et\/pood\/poseidon-paadid\/mootorpaat-protagon-20\/"]}]},{"@type":"ImageObject","inLanguage":"et","@id":"https:\/\/nordlinepaadid.ee\/et\/pood\/poseidon-paadid\/mootorpaat-protagon-20\/#primaryimage","url":"https:\/\/nordlinepaadid.ee\/wp-content\/uploads\/2026\/01\/Mootorpaat-Protagon-20-bowrider.webp","contentUrl":"https:\/\/nordlinepaadid.ee\/wp-content\/uploads\/2026\/01\/Mootorpaat-Protagon-20-bowrider.webp","width":622,"height":797,"caption":"Mootorpaat Protagon 20 bowrider"},{"@type":"BreadcrumbList","@id":"https:\/\/nordlinepaadid.ee\/et\/pood\/poseidon-paadid\/mootorpaat-protagon-20\/#breadcrumb","itemListElement":[{"@type":"ListItem","position":1,"name":"Home","item":"https:\/\/nordlinepaadid.ee\/et\/"},{"@type":"ListItem","position":2,"name":"Pood","item":"https:\/\/nordlinepaadid.ee\/et\/pood\/"},{"@type":"ListItem","position":3,"name":"MOOTORPAAT PROTAGON 20"}]},{"@type":"WebSite","@id":"https:\/\/nordlinepaadid.ee\/et\/#website","url":"https:\/\/nordlinepaadid.ee\/et\/","name":"NORDLINE s\u00f5udepaadid ja mootorpaadid. Klaasfiiber materjalist.","description":"","publisher":{"@id":"https:\/\/nordlinepaadid.ee\/et\/#organization"},"potentialAction":[{"@type":"SearchAction","target":{"@type":"EntryPoint","urlTemplate":"https:\/\/nordlinepaadid.ee\/et\/?s={search_term_string}"},"query-input":{"@type":"PropertyValueSpecification","valueRequired":true,"valueName":"search_term_string"}}],"inLanguage":"et"},{"@type":"Organization","@id":"https:\/\/nordlinepaadid.ee\/et\/#organization","name":"Nordlineboats","url":"https:\/\/nordlinepaadid.ee\/et\/","logo":{"@type":"ImageObject","inLanguage":"et","@id":"https:\/\/nordlinepaadid.ee\/et\/#\/schema\/logo\/image\/","url":"https:\/\/nordlinepaadid.ee\/wp-content\/uploads\/2023\/01\/fulllogo_transparent_nobuffer-e1672750475494.png","contentUrl":"https:\/\/nordlinepaadid.ee\/wp-content\/uploads\/2023\/01\/fulllogo_transparent_nobuffer-e1672750475494.png","width":150,"height":119,"caption":"Nordlineboats"},"image":{"@id":"https:\/\/nordlinepaadid.ee\/et\/#\/schema\/logo\/image\/"},"sameAs":["https:\/\/www.facebook.com\/nordlineboats","https:\/\/www.youtube.com\/channel\/UCbgF0fy02y3QkFnujaLTaCA"]}]}},"taxonomy_info":{"product_cat":[{"value":1836,"label":"POSEIDON PAADID"},{"value":1850,"label":"PROTAGON PAADID"}],"pa_producer":[{"value":580,"label":"Nordline Boats"}],"pa_unit":[{"value":416,"label":"pcs"}]},"featured_image_src_large":["https:\/\/nordlinepaadid.ee\/wp-content\/uploads\/2026\/01\/Mootorpaat-Protagon-20-bowrider.webp",622,797,false],"author_info":[],"comment_info":"","_links":{"self":[{"href":"https:\/\/nordlinepaadid.ee\/et\/wp-json\/wp\/v2\/product\/53802","targetHints":{"allow":["GET"]}}],"collection":[{"href":"https:\/\/nordlinepaadid.ee\/et\/wp-json\/wp\/v2\/product"}],"about":[{"href":"https:\/\/nordlinepaadid.ee\/et\/wp-json\/wp\/v2\/types\/product"}],"wp:featuredmedia":[{"embeddable":true,"href":"https:\/\/nordlinepaadid.ee\/et\/wp-json\/wp\/v2\/media\/53803"}],"wp:attachment":[{"href":"https:\/\/nordlinepaadid.ee\/et\/wp-json\/wp\/v2\/media?parent=53802"}],"wp:term":[{"taxonomy":"product_brand","embeddable":true,"href":"https:\/\/nordlinepaadid.ee\/et\/wp-json\/wp\/v2\/product_brand?post=53802"},{"taxonomy":"product_cat","embeddable":true,"href":"https:\/\/nordlinepaadid.ee\/et\/wp-json\/wp\/v2\/product_cat?post=53802"},{"taxonomy":"product_tag","embeddable":true,"href":"https:\/\/nordlinepaadid.ee\/et\/wp-json\/wp\/v2\/product_tag?post=53802"}],"curies":[{"name":"wp","href":"https:\/\/api.w.org\/{rel}","templated":true}]}}