{"id":53868,"date":"2026-01-29T13:30:44","date_gmt":"2026-01-29T11:30:44","guid":{"rendered":"https:\/\/nordlinepaadid.ee\/?post_type=product&#038;p=53868"},"modified":"2026-01-29T13:50:02","modified_gmt":"2026-01-29T11:50:02","slug":"mootorpaat-protagon-25-sundeck","status":"publish","type":"product","link":"https:\/\/nordlinepaadid.ee\/et\/pood\/poseidon-paadid\/mootorpaat-protagon-25-sundeck\/","title":{"rendered":"MOOTORPAAT PROTAGON 25 Sundeck"},"content":{"rendered":"<p>Mootorpaat Protagon 25 Sundeck on elegantne ja sportlik 8<strong data-start=\"356\" data-end=\"388\">\u00a0meetrine avatud mootorpaat<\/strong>, mis \u00fchendab <strong data-start=\"402\" data-end=\"431\">silmapaistva s\u00f5idumugavuse<\/strong>, <strong data-start=\"433\" data-end=\"446\">ruumikuse<\/strong> ja <strong data-start=\"450\" data-end=\"470\">modernse disaini<\/strong>. Sobib ideaalselt nii <strong data-start=\"493\" data-end=\"511\">p\u00e4evaretkedeks<\/strong>, <strong data-start=\"513\" data-end=\"539\">l\u00f5\u00f5gastavaks kruiisiks<\/strong> kui ka <strong data-start=\"547\" data-end=\"573\">aktiivseks veespordiks<\/strong> pere v\u00f5i s\u00f5pradega.<\/p>\n<h2>MOOTORPAAT PROTAGON 25 Sundeck tehnilised andmed<\/h2>\n<table id=\"motors\">\n<tbody>\n<tr>\n<td>Pikkus<\/td>\n<td>8,00 m<\/td>\n<\/tr>\n<tr>\n<td>Laius<\/td>\n<td>2,45 m<\/td>\n<\/tr>\n<tr>\n<td>Kaal<\/td>\n<td>1460 kg<\/td>\n<\/tr>\n<tr>\n<td>K\u00fctusepaak<\/td>\n<td>250L<\/td>\n<\/tr>\n<tr>\n<td>Soovituslik mootor<\/td>\n<td>200-300HJ<\/td>\n<\/tr>\n<tr>\n<td>Maks. lubatud inimeste arv pardal<\/td>\n<td>12<\/td>\n<\/tr>\n<tr>\n<td>Maksimaalne kandev\u00f5ime<\/td>\n<td><\/td>\n<\/tr>\n<tr>\n<td>Kategooria<\/td>\n<td>C<\/td>\n<\/tr>\n<\/tbody>\n<\/table>\n<p>&nbsp;<\/p>\n<h2 data-start=\"1325\" data-end=\"1456\">Paadi komplekti kuuluvad<\/h2>\n<p data-start=\"117\" data-end=\"361\">\u2022 Ahtri vastas istepink (back to back iste)<br data-start=\"165\" data-end=\"168\" \/>\u2022 Juhi ja kaass\u00f5itja sportistmed (bucket-istmed)<br data-start=\"216\" data-end=\"219\" \/>\u2022 K\u00fctusepaagis\u00fcsteem 250 liitrit<br data-start=\"251\" data-end=\"254\" \/>\u2022 T\u00e4ielik polstrite komplekt<br data-start=\"282\" data-end=\"285\" \/>\u2022 Kokkupandav ahtripingi seljatugi<br data-start=\"319\" data-end=\"322\" \/>\u2022 Ahtriplatvormid koos ujumisredeliga<\/p>\n<p data-start=\"363\" data-end=\"414\">\u2022 Kajutivalgustus LED-tuled<br data-start=\"390\" data-end=\"393\" \/>\u2022 Du\u0161is\u00fcsteem tekil<\/p>\n<p data-start=\"416\" data-end=\"599\">\u2022 T\u00e4ielik roostevabast terasest reelingute komplekt (INOX 316L)<br data-start=\"479\" data-end=\"482\" \/>\u2022 LED-tekivalgustus (6 tk)<br data-start=\"508\" data-end=\"511\" \/>\u2022 Vahtkattega tekk ankruhoidlas ja jalatoel<br data-start=\"554\" data-end=\"557\" \/>\u2022 Mustaks v\u00e4rvitud roostevabad reelingud<\/p>\n<p data-start=\"601\" data-end=\"736\">\u2022 Automaatne pilsipump<br data-start=\"623\" data-end=\"626\" \/>\u2022 Elektris\u00fcsteemi paigaldus<br data-start=\"653\" data-end=\"656\" \/>\u2022 Akuvaliku l\u00fcliti (1 \/ 2 \/ m\u00f5lemad)<br data-start=\"692\" data-end=\"695\" \/>\u2022 Luksuslik l\u00fclitipaneel<br data-start=\"719\" data-end=\"722\" \/>\u2022 USB-pistik<\/p>\n<p data-start=\"738\" data-end=\"817\">\u2022 Armatuurlaud, istmed ja wetbar\u2019i kapp musta v\u00e4rvi<br data-start=\"789\" data-end=\"792\" \/>\u2022 Standardv\u00e4rvus: valge<\/p>\n<p data-start=\"129\" data-end=\"421\"><span style=\"font-family: inherit; font-size: 28px; font-weight: bold;\">Paadi lisavarustus<\/span><\/p>\n<p data-start=\"159\" data-end=\"381\">\u2022 Must roostevabast terasest hard-top katus\u00a0<br data-start=\"216\" data-end=\"219\" \/>\u2022 Must roostevabast terasest soft-top katus\u00a0<br data-start=\"276\" data-end=\"279\" \/>\u2022 Must alumiiniumist T-top katus\u00a0<br data-start=\"325\" data-end=\"328\" \/>\u2022 Must roostevabast terasest bimini katus<\/p>\n<p data-start=\"383\" data-end=\"562\">\u2022 H\u00fcdrauliline roolis\u00fcsteem\u00a0<br data-start=\"422\" data-end=\"425\" \/>\u2022 Wetbar iste koos valamuga\u00a0<br data-start=\"464\" data-end=\"467\" \/>\u2022 Ahtrilaud ja p\u00e4evitustasapinna pikendus<br data-start=\"520\" data-end=\"523\" \/>\u2022 P\u00e4ikesevari nelja postiga<\/p>\n<p data-start=\"564\" data-end=\"736\">\u2022 Elektriline WC-s\u00fcsteem koos reoveepaagi, valamu ja du\u0161iga konsoolis\u00a0<br data-start=\"647\" data-end=\"650\" \/>\u2022 Elektriline k\u00fclmik Vitrifrigo\u00ae\u00a0<br data-start=\"694\" data-end=\"697\" \/>\u2022 Elektriline ankrivints*<\/p>\n<p data-start=\"738\" data-end=\"893\">\u2022 Fusion raadio 4 k\u00f5lariga\u00a0<br data-start=\"776\" data-end=\"779\" \/>\u2022 Gaasipliidis\u00fcsteem (ainult koos wetbar\u2019iga)\u00a0<br data-start=\"836\" data-end=\"839\" \/>\u2022 Must roostevabast terasest veesuusa raam<\/p>\n<p data-start=\"895\" data-end=\"1054\">\u2022 Veealused LED-tuled (2 tk)\u00a0<br data-start=\"935\" data-end=\"938\" \/>\u2022 Vahtkattega tekk (foam deck)\u00a0<br data-start=\"982\" data-end=\"985\" \/>\u2022 Parkimiskate\u00a0<br data-start=\"1013\" data-end=\"1016\" \/>\u2022 Konsooli ja istmete kate<\/p>\n<p data-start=\"1056\" data-end=\"1167\">\u2022 K\u00f5rged v\u00f6\u00f6rireelingud\u00a0<br data-start=\"1091\" data-end=\"1094\" \/>\u2022 Kogu paadi h\u00f5behall eriversioon (Total Silver Grey Edition)<\/p>\n","protected":false},"excerpt":{"rendered":"<p>Mootorpaat Protagon 25 Sundeck on elegantne ja sportlik 8\u00a0meetrine avatud mootorpaat, mis \u00fchendab silmapaistva s\u00f5idumugavuse, ruumikuse ja modernse disaini. Sobib ideaalselt nii p\u00e4evaretkedeks, l\u00f5\u00f5gastavaks kruiisiks kui ka aktiivseks veespordiks pere v\u00f5i s\u00f5pradega. MOOTORPAAT PROTAGON 25 Sundeck tehnilised andmed Pikkus 8,00 m Laius 2,45 m Kaal 1460 kg K\u00fctusepaak 250L Soovituslik mootor 200-300HJ Maks. lubatud inimeste&#8230;<\/p>\n","protected":false},"featured_media":53869,"template":"","meta":{"_kad_blocks_custom_css":"","_kad_blocks_head_custom_js":"","_kad_blocks_body_custom_js":"","_kad_blocks_footer_custom_js":"","_kad_post_transparent":"default","_kad_post_title":"","_kad_post_layout":"default","_kad_post_sidebar_id":"","_kad_post_content_style":"default","_kad_post_vertical_padding":"default","_kad_post_feature":"","_kad_post_feature_position":"","_kad_post_header":false,"_kad_post_footer":false,"_kad_post_classname":""},"product_brand":[],"product_cat":[1836,1850],"product_tag":[],"class_list":{"0":"post-53868","1":"product","2":"type-product","3":"status-publish","4":"has-post-thumbnail","6":"product_cat-poseidon-paadid","7":"product_cat-protagon-paadid","8":"pa_producer-nordline-boats","9":"pa_unit-pcs","10":"tm-no-options","12":"first","13":"onbackorder","14":"taxable","15":"shipping-taxable","16":"purchasable","17":"product-type-simple","18":"entry","19":"content-bg","20":"loop-entry"},"yoast_head":"<!-- This site is optimized with the Yoast SEO plugin v27.3 - https:\/\/yoast.com\/product\/yoast-seo-wordpress\/ -->\n<title>MOOTORPAAT PROTAGON 25 Sundeck<\/title>\n<meta name=\"description\" content=\"MOOTORPAAT PROTAGON 25 Sundeck sportlik mootorpaat pakub suurep\u00e4raseid s\u00f5iduomadusi, mahutab kuni 12 inimest ning 200\u2013300 hj mootorivaliku ja laia lisade valikuga.\" \/>\n<meta name=\"robots\" content=\"index, follow, max-snippet:-1, max-image-preview:large, max-video-preview:-1\" \/>\n<link rel=\"canonical\" href=\"https:\/\/nordlinepaadid.ee\/et\/pood\/poseidon-paadid\/mootorpaat-protagon-25-sundeck\/\" \/>\n<meta property=\"og:locale\" content=\"et_EE\" \/>\n<meta property=\"og:type\" content=\"article\" \/>\n<meta property=\"og:title\" content=\"MOOTORPAAT PROTAGON 25 Sundeck\" \/>\n<meta property=\"og:description\" content=\"MOOTORPAAT PROTAGON 25 Sundeck sportlik mootorpaat pakub suurep\u00e4raseid s\u00f5iduomadusi, mahutab kuni 12 inimest ning 200\u2013300 hj mootorivaliku ja laia lisade valikuga.\" \/>\n<meta property=\"og:url\" content=\"https:\/\/nordlinepaadid.ee\/et\/pood\/poseidon-paadid\/mootorpaat-protagon-25-sundeck\/\" \/>\n<meta property=\"og:site_name\" content=\"NORDLINE s\u00f5udepaadid ja mootorpaadid. Klaasfiiber materjalist.\" \/>\n<meta property=\"article:publisher\" content=\"https:\/\/www.facebook.com\/nordlineboats\" \/>\n<meta property=\"article:modified_time\" content=\"2026-01-29T11:50:02+00:00\" \/>\n<meta property=\"og:image\" content=\"https:\/\/nordlinepaadid.ee\/wp-content\/uploads\/2026\/01\/Mootorpaat-protagon-25-sundeck-katusega.webp\" \/>\n\t<meta property=\"og:image:width\" content=\"1920\" \/>\n\t<meta property=\"og:image:height\" content=\"1080\" \/>\n\t<meta property=\"og:image:type\" content=\"image\/webp\" \/>\n<meta name=\"twitter:card\" content=\"summary_large_image\" \/>\n<meta name=\"twitter:label1\" content=\"Est. reading time\" \/>\n\t<meta name=\"twitter:data1\" content=\"2 minutit\" \/>\n<script type=\"application\/ld+json\" class=\"yoast-schema-graph\">{\"@context\":\"https:\\\/\\\/schema.org\",\"@graph\":[{\"@type\":\"WebPage\",\"@id\":\"https:\\\/\\\/nordlinepaadid.ee\\\/et\\\/pood\\\/poseidon-paadid\\\/mootorpaat-protagon-25-sundeck\\\/\",\"url\":\"https:\\\/\\\/nordlinepaadid.ee\\\/et\\\/pood\\\/poseidon-paadid\\\/mootorpaat-protagon-25-sundeck\\\/\",\"name\":\"MOOTORPAAT PROTAGON 25 Sundeck\",\"isPartOf\":{\"@id\":\"https:\\\/\\\/nordlinepaadid.ee\\\/et\\\/#website\"},\"primaryImageOfPage\":{\"@id\":\"https:\\\/\\\/nordlinepaadid.ee\\\/et\\\/pood\\\/poseidon-paadid\\\/mootorpaat-protagon-25-sundeck\\\/#primaryimage\"},\"image\":{\"@id\":\"https:\\\/\\\/nordlinepaadid.ee\\\/et\\\/pood\\\/poseidon-paadid\\\/mootorpaat-protagon-25-sundeck\\\/#primaryimage\"},\"thumbnailUrl\":\"https:\\\/\\\/nordlinepaadid.ee\\\/wp-content\\\/uploads\\\/2026\\\/01\\\/Mootorpaat-protagon-25-sundeck-katusega.webp\",\"datePublished\":\"2026-01-29T11:30:44+00:00\",\"dateModified\":\"2026-01-29T11:50:02+00:00\",\"description\":\"MOOTORPAAT PROTAGON 25 Sundeck sportlik mootorpaat pakub suurep\u00e4raseid s\u00f5iduomadusi, mahutab kuni 12 inimest ning 200\u2013300 hj mootorivaliku ja laia lisade valikuga.\",\"breadcrumb\":{\"@id\":\"https:\\\/\\\/nordlinepaadid.ee\\\/et\\\/pood\\\/poseidon-paadid\\\/mootorpaat-protagon-25-sundeck\\\/#breadcrumb\"},\"inLanguage\":\"et\",\"potentialAction\":[{\"@type\":\"ReadAction\",\"target\":[\"https:\\\/\\\/nordlinepaadid.ee\\\/et\\\/pood\\\/poseidon-paadid\\\/mootorpaat-protagon-25-sundeck\\\/\"]}]},{\"@type\":\"ImageObject\",\"inLanguage\":\"et\",\"@id\":\"https:\\\/\\\/nordlinepaadid.ee\\\/et\\\/pood\\\/poseidon-paadid\\\/mootorpaat-protagon-25-sundeck\\\/#primaryimage\",\"url\":\"https:\\\/\\\/nordlinepaadid.ee\\\/wp-content\\\/uploads\\\/2026\\\/01\\\/Mootorpaat-protagon-25-sundeck-katusega.webp\",\"contentUrl\":\"https:\\\/\\\/nordlinepaadid.ee\\\/wp-content\\\/uploads\\\/2026\\\/01\\\/Mootorpaat-protagon-25-sundeck-katusega.webp\",\"width\":1920,\"height\":1080,\"caption\":\"Mootorpaat protagon 25 sundeck katusega\"},{\"@type\":\"BreadcrumbList\",\"@id\":\"https:\\\/\\\/nordlinepaadid.ee\\\/et\\\/pood\\\/poseidon-paadid\\\/mootorpaat-protagon-25-sundeck\\\/#breadcrumb\",\"itemListElement\":[{\"@type\":\"ListItem\",\"position\":1,\"name\":\"Home\",\"item\":\"https:\\\/\\\/nordlinepaadid.ee\\\/et\\\/\"},{\"@type\":\"ListItem\",\"position\":2,\"name\":\"Pood\",\"item\":\"https:\\\/\\\/nordlinepaadid.ee\\\/et\\\/pood\\\/\"},{\"@type\":\"ListItem\",\"position\":3,\"name\":\"MOOTORPAAT PROTAGON 25 Sundeck\"}]},{\"@type\":\"WebSite\",\"@id\":\"https:\\\/\\\/nordlinepaadid.ee\\\/et\\\/#website\",\"url\":\"https:\\\/\\\/nordlinepaadid.ee\\\/et\\\/\",\"name\":\"NORDLINE s\u00f5udepaadid ja mootorpaadid. Klaasfiiber materjalist.\",\"description\":\"\",\"publisher\":{\"@id\":\"https:\\\/\\\/nordlinepaadid.ee\\\/et\\\/#organization\"},\"potentialAction\":[{\"@type\":\"SearchAction\",\"target\":{\"@type\":\"EntryPoint\",\"urlTemplate\":\"https:\\\/\\\/nordlinepaadid.ee\\\/et\\\/?s={search_term_string}\"},\"query-input\":{\"@type\":\"PropertyValueSpecification\",\"valueRequired\":true,\"valueName\":\"search_term_string\"}}],\"inLanguage\":\"et\"},{\"@type\":\"Organization\",\"@id\":\"https:\\\/\\\/nordlinepaadid.ee\\\/et\\\/#organization\",\"name\":\"Nordlineboats\",\"url\":\"https:\\\/\\\/nordlinepaadid.ee\\\/et\\\/\",\"logo\":{\"@type\":\"ImageObject\",\"inLanguage\":\"et\",\"@id\":\"https:\\\/\\\/nordlinepaadid.ee\\\/et\\\/#\\\/schema\\\/logo\\\/image\\\/\",\"url\":\"https:\\\/\\\/nordlinepaadid.ee\\\/wp-content\\\/uploads\\\/2023\\\/01\\\/fulllogo_transparent_nobuffer-e1672750475494.png\",\"contentUrl\":\"https:\\\/\\\/nordlinepaadid.ee\\\/wp-content\\\/uploads\\\/2023\\\/01\\\/fulllogo_transparent_nobuffer-e1672750475494.png\",\"width\":150,\"height\":119,\"caption\":\"Nordlineboats\"},\"image\":{\"@id\":\"https:\\\/\\\/nordlinepaadid.ee\\\/et\\\/#\\\/schema\\\/logo\\\/image\\\/\"},\"sameAs\":[\"https:\\\/\\\/www.facebook.com\\\/nordlineboats\",\"https:\\\/\\\/www.youtube.com\\\/channel\\\/UCbgF0fy02y3QkFnujaLTaCA\"]}]}<\/script>\n<!-- \/ Yoast SEO plugin. -->","yoast_head_json":{"title":"MOOTORPAAT PROTAGON 25 Sundeck","description":"MOOTORPAAT PROTAGON 25 Sundeck sportlik mootorpaat pakub suurep\u00e4raseid s\u00f5iduomadusi, mahutab kuni 12 inimest ning 200\u2013300 hj mootorivaliku ja laia lisade valikuga.","robots":{"index":"index","follow":"follow","max-snippet":"max-snippet:-1","max-image-preview":"max-image-preview:large","max-video-preview":"max-video-preview:-1"},"canonical":"https:\/\/nordlinepaadid.ee\/et\/pood\/poseidon-paadid\/mootorpaat-protagon-25-sundeck\/","og_locale":"et_EE","og_type":"article","og_title":"MOOTORPAAT PROTAGON 25 Sundeck","og_description":"MOOTORPAAT PROTAGON 25 Sundeck sportlik mootorpaat pakub suurep\u00e4raseid s\u00f5iduomadusi, mahutab kuni 12 inimest ning 200\u2013300 hj mootorivaliku ja laia lisade valikuga.","og_url":"https:\/\/nordlinepaadid.ee\/et\/pood\/poseidon-paadid\/mootorpaat-protagon-25-sundeck\/","og_site_name":"NORDLINE s\u00f5udepaadid ja mootorpaadid. Klaasfiiber materjalist.","article_publisher":"https:\/\/www.facebook.com\/nordlineboats","article_modified_time":"2026-01-29T11:50:02+00:00","og_image":[{"width":1920,"height":1080,"url":"https:\/\/nordlinepaadid.ee\/wp-content\/uploads\/2026\/01\/Mootorpaat-protagon-25-sundeck-katusega.webp","type":"image\/webp"}],"twitter_card":"summary_large_image","twitter_misc":{"Est. reading time":"2 minutit"},"schema":{"@context":"https:\/\/schema.org","@graph":[{"@type":"WebPage","@id":"https:\/\/nordlinepaadid.ee\/et\/pood\/poseidon-paadid\/mootorpaat-protagon-25-sundeck\/","url":"https:\/\/nordlinepaadid.ee\/et\/pood\/poseidon-paadid\/mootorpaat-protagon-25-sundeck\/","name":"MOOTORPAAT PROTAGON 25 Sundeck","isPartOf":{"@id":"https:\/\/nordlinepaadid.ee\/et\/#website"},"primaryImageOfPage":{"@id":"https:\/\/nordlinepaadid.ee\/et\/pood\/poseidon-paadid\/mootorpaat-protagon-25-sundeck\/#primaryimage"},"image":{"@id":"https:\/\/nordlinepaadid.ee\/et\/pood\/poseidon-paadid\/mootorpaat-protagon-25-sundeck\/#primaryimage"},"thumbnailUrl":"https:\/\/nordlinepaadid.ee\/wp-content\/uploads\/2026\/01\/Mootorpaat-protagon-25-sundeck-katusega.webp","datePublished":"2026-01-29T11:30:44+00:00","dateModified":"2026-01-29T11:50:02+00:00","description":"MOOTORPAAT PROTAGON 25 Sundeck sportlik mootorpaat pakub suurep\u00e4raseid s\u00f5iduomadusi, mahutab kuni 12 inimest ning 200\u2013300 hj mootorivaliku ja laia lisade valikuga.","breadcrumb":{"@id":"https:\/\/nordlinepaadid.ee\/et\/pood\/poseidon-paadid\/mootorpaat-protagon-25-sundeck\/#breadcrumb"},"inLanguage":"et","potentialAction":[{"@type":"ReadAction","target":["https:\/\/nordlinepaadid.ee\/et\/pood\/poseidon-paadid\/mootorpaat-protagon-25-sundeck\/"]}]},{"@type":"ImageObject","inLanguage":"et","@id":"https:\/\/nordlinepaadid.ee\/et\/pood\/poseidon-paadid\/mootorpaat-protagon-25-sundeck\/#primaryimage","url":"https:\/\/nordlinepaadid.ee\/wp-content\/uploads\/2026\/01\/Mootorpaat-protagon-25-sundeck-katusega.webp","contentUrl":"https:\/\/nordlinepaadid.ee\/wp-content\/uploads\/2026\/01\/Mootorpaat-protagon-25-sundeck-katusega.webp","width":1920,"height":1080,"caption":"Mootorpaat protagon 25 sundeck katusega"},{"@type":"BreadcrumbList","@id":"https:\/\/nordlinepaadid.ee\/et\/pood\/poseidon-paadid\/mootorpaat-protagon-25-sundeck\/#breadcrumb","itemListElement":[{"@type":"ListItem","position":1,"name":"Home","item":"https:\/\/nordlinepaadid.ee\/et\/"},{"@type":"ListItem","position":2,"name":"Pood","item":"https:\/\/nordlinepaadid.ee\/et\/pood\/"},{"@type":"ListItem","position":3,"name":"MOOTORPAAT PROTAGON 25 Sundeck"}]},{"@type":"WebSite","@id":"https:\/\/nordlinepaadid.ee\/et\/#website","url":"https:\/\/nordlinepaadid.ee\/et\/","name":"NORDLINE s\u00f5udepaadid ja mootorpaadid. Klaasfiiber materjalist.","description":"","publisher":{"@id":"https:\/\/nordlinepaadid.ee\/et\/#organization"},"potentialAction":[{"@type":"SearchAction","target":{"@type":"EntryPoint","urlTemplate":"https:\/\/nordlinepaadid.ee\/et\/?s={search_term_string}"},"query-input":{"@type":"PropertyValueSpecification","valueRequired":true,"valueName":"search_term_string"}}],"inLanguage":"et"},{"@type":"Organization","@id":"https:\/\/nordlinepaadid.ee\/et\/#organization","name":"Nordlineboats","url":"https:\/\/nordlinepaadid.ee\/et\/","logo":{"@type":"ImageObject","inLanguage":"et","@id":"https:\/\/nordlinepaadid.ee\/et\/#\/schema\/logo\/image\/","url":"https:\/\/nordlinepaadid.ee\/wp-content\/uploads\/2023\/01\/fulllogo_transparent_nobuffer-e1672750475494.png","contentUrl":"https:\/\/nordlinepaadid.ee\/wp-content\/uploads\/2023\/01\/fulllogo_transparent_nobuffer-e1672750475494.png","width":150,"height":119,"caption":"Nordlineboats"},"image":{"@id":"https:\/\/nordlinepaadid.ee\/et\/#\/schema\/logo\/image\/"},"sameAs":["https:\/\/www.facebook.com\/nordlineboats","https:\/\/www.youtube.com\/channel\/UCbgF0fy02y3QkFnujaLTaCA"]}]}},"taxonomy_info":{"product_cat":[{"value":1836,"label":"POSEIDON PAADID"},{"value":1850,"label":"PROTAGON PAADID"}],"pa_producer":[{"value":580,"label":"Nordline Boats"}],"pa_unit":[{"value":416,"label":"pcs"}]},"featured_image_src_large":["https:\/\/nordlinepaadid.ee\/wp-content\/uploads\/2026\/01\/Mootorpaat-protagon-25-sundeck-katusega-1024x576.webp",1024,576,true],"author_info":[],"comment_info":"","_links":{"self":[{"href":"https:\/\/nordlinepaadid.ee\/et\/wp-json\/wp\/v2\/product\/53868","targetHints":{"allow":["GET"]}}],"collection":[{"href":"https:\/\/nordlinepaadid.ee\/et\/wp-json\/wp\/v2\/product"}],"about":[{"href":"https:\/\/nordlinepaadid.ee\/et\/wp-json\/wp\/v2\/types\/product"}],"wp:featuredmedia":[{"embeddable":true,"href":"https:\/\/nordlinepaadid.ee\/et\/wp-json\/wp\/v2\/media\/53869"}],"wp:attachment":[{"href":"https:\/\/nordlinepaadid.ee\/et\/wp-json\/wp\/v2\/media?parent=53868"}],"wp:term":[{"taxonomy":"product_brand","embeddable":true,"href":"https:\/\/nordlinepaadid.ee\/et\/wp-json\/wp\/v2\/product_brand?post=53868"},{"taxonomy":"product_cat","embeddable":true,"href":"https:\/\/nordlinepaadid.ee\/et\/wp-json\/wp\/v2\/product_cat?post=53868"},{"taxonomy":"product_tag","embeddable":true,"href":"https:\/\/nordlinepaadid.ee\/et\/wp-json\/wp\/v2\/product_tag?post=53868"}],"curies":[{"name":"wp","href":"https:\/\/api.w.org\/{rel}","templated":true}]}}