{"id":53952,"date":"2026-02-03T12:26:16","date_gmt":"2026-02-03T10:26:16","guid":{"rendered":"https:\/\/nordlinepaadid.ee\/?post_type=product&#038;p=53952"},"modified":"2026-05-12T16:05:56","modified_gmt":"2026-05-12T13:05:56","slug":"moodulraam-modex-g","status":"publish","type":"product","link":"https:\/\/nordlinepaadid.ee\/et\/pood\/moodulraamid\/moodulraam-modex-g\/","title":{"rendered":"Moodulraam Modex G 6x3x3"},"content":{"rendered":"<h1 style=\"font-weight: 400;\">Moodulraam Modex G 6x3x3<\/h1>\n<p style=\"font-weight: 400;\"><strong>Valmiskomplekteeritud vastupidav modulaarne konteiner-garaa\u017e lahendus kohe kasutamiseks<\/strong><\/p>\n<p>NB! V\u00f5imalik tellida erinevas suuruses (pikkus 3, 6 v\u00f5i 12m), v\u00e4rvuses ja konfiguratsioonis.<\/p>\n<p style=\"font-weight: 400;\">See tsingitud terasraam on varustatud pulberkattega, mis tagab k\u00f5rge korrosioonikindluse ja vastupidavuse ka v\u00e4litingimustes. Raami materjal on tugev \u2014 peamine terase paksus on 2\u20133 mm, mist\u00f5ttu sobib see nii ajutiste kui p\u00fcsivate projektide jaoks.<\/p>\n<div class=\"pooleks\">\n<h2>Tehnilised andmed<\/h2>\n<table id=\"motors\">\n<tbody>\n<tr>\n<td>Pikkus<\/td>\n<td>5940 mm<\/td>\n<\/tr>\n<tr>\n<td>Laius<\/td>\n<td>3010 mm<\/td>\n<\/tr>\n<tr>\n<td>K\u00f5rgus<\/td>\n<td>2810 mm<\/td>\n<\/tr>\n<tr>\n<td>Talade materjali paksus<\/td>\n<td>2,3 mm + v\u00e4rvi paksus<\/td>\n<\/tr>\n<tr>\n<td>\u00dchendus ja t\u00f5stekohtade materjali paksus<\/td>\n<td>3,75 mm + v\u00e4rvi paksus<\/td>\n<\/tr>\n<tr>\n<td>P\u00f5rand<\/td>\n<td>Komplektis<\/td>\n<\/tr>\n<tr>\n<td>Katus<\/td>\n<td>Komplektis<\/td>\n<\/tr>\n<tr>\n<td>Uks<\/td>\n<td>T\u00f5stetav paneeluks<\/td>\n<\/tr>\n<tr>\n<td>Aknad<\/td>\n<td>Pakettaknad<\/td>\n<\/tr>\n<\/tbody>\n<\/table>\n<\/div>\n<div class=\"pooleks\">\n<h2>Omadused<\/h2>\n<table id=\"motors\">\n<tbody>\n<tr>\n<td>Tsingitud raam, kaetud pulberv\u00e4rviga<\/td>\n<td><\/td>\n<\/tr>\n<tr>\n<td>Tugev 2-3mm terasmaterjal<\/td>\n<td><\/td>\n<\/tr>\n<tr>\n<td>Koormus raamile 150-200kg\/m2<\/td>\n<td><\/td>\n<\/tr>\n<tr>\n<td>T\u00e4ielikult poltliidestest<\/td>\n<td><\/td>\n<\/tr>\n<tr>\n<td>V\u00e4ga lai kasutusvaldkond<\/td>\n<td><\/td>\n<\/tr>\n<\/tbody>\n<\/table>\n<\/div>\n<div style=\"display: inline-block;\">\n<p data-start=\"427\" data-end=\"937\">Meie <strong>Moodulraam Modex G<\/strong> on ideaalne modulaarne konteinerlahendus nii era- kui \u00e4rikasutajale, kes otsib vastupidavat, paindlikku ja kiiresti paigaldatavat garaa\u017ei v\u00f5i hoiuruumi. See konteiner-t\u00fc\u00fcpi varjualune on valmistatud kvaliteetsest <strong data-start=\"690\" data-end=\"722\">galvaniseeritud terasraamist<\/strong>, mille <strong data-start=\"730\" data-end=\"794\">pulberkattega viimistlus tagab suurep\u00e4rase korrosioonikaitse ja<\/strong>\u00a0mis sobib h\u00e4sti nii koduhoovi, t\u00f6\u00f6kotta kui ka ehitus- v\u00f5i logistikaprojekti tarbeks.<\/p>\n<p data-start=\"939\" data-end=\"1345\"><strong data-start=\"939\" data-end=\"976\">Kvaliteet ja tugev konstruktsioon<\/strong> \u2013 tugev p\u00f5hiline terasraam on 2\u20133 mm paksune, mis tagab suure kandev\u00f5ime ja pikaealisuse. Konteiner-garaa\u017e sobib ideaalselt autode, masinate, t\u00f6\u00f6riistade ning muude v\u00e4\u00e4rtuslike seadmete turvaliseks hoiustamiseks. See lahendus on m\u00e4rkimisv\u00e4\u00e4rselt tugev ning seda saab kombineerida teiste \u00fchikutega suuremate struktuuride loomiseks.<\/p>\n<p data-start=\"1347\" data-end=\"1702\"><strong data-start=\"1347\" data-end=\"1380\">Lihtne transport ja paigaldus<\/strong> \u2013 toode ei vaja keerulist kraanat ega spetsiaalset t\u00f5stetehnikat, kuna konteinereid saab k\u00e4sitleda sektsioonidena ja neid on lihtne kokku panna. See muudab konteiner-garaa\u017ei ideaalseks nii ajutiseks kui ka p\u00fcsivaks lahenduseks, kus kiire paigaldus ja madalad t\u00f6\u00f6de kulud on olulised.<\/p>\n<p data-start=\"1704\" data-end=\"2028\"><strong data-start=\"1704\" data-end=\"1738\">Mitmek\u00fclgsed kasutusv\u00f5imalused<\/strong> \u2013 konteiner-garaa\u017ei saab kasutada kodu- v\u00f5i \u00e4riruumina, t\u00f6\u00f6koja varjualusena, masinate ja varustuse hoiuruumina v\u00f5i mahutina ehitusplatsil. T\u00e4nu modulaarsele disainile saab seda h\u00f5lpsalt laiendada v\u00f5i \u00fcmber paigutada vastavalt muutuvatele vajadustele.<\/p>\n<p data-start=\"2030\" data-end=\"2063\"><strong data-start=\"2030\" data-end=\"2063\">T\u00e4iendavad eelised kliendile:<\/strong><\/p>\n<ul data-start=\"2064\" data-end=\"2289\">\n<li data-start=\"2064\" data-end=\"2088\">\n<p data-start=\"2066\" data-end=\"2088\">Suur sise- ja hoiuruum<\/p>\n<\/li>\n<li data-start=\"2089\" data-end=\"2141\">\n<p data-start=\"2091\" data-end=\"2141\">V\u00f5imalus kombineerida ja virnastada \u00fcksteise peale<\/p>\n<\/li>\n<li data-start=\"2142\" data-end=\"2197\">\n<p data-start=\"2144\" data-end=\"2197\">Sobib nii l\u00fchiajaliseks kui ka pikaajaliseks kasutuseks<\/p>\n<\/li>\n<li data-start=\"2198\" data-end=\"2289\">\n<p data-start=\"2200\" data-end=\"2289\">Vastupidav ilmastiku- ja korrosioonikindel lahendus<\/p>\n<\/li>\n<\/ul>\n<p data-start=\"2291\" data-end=\"2586\">Kui otsid <strong data-start=\"2301\" data-end=\"2373\">vastupidavat, paindlikku ja h\u00f5lpsalt paigaldatavat konteiner-garaa\u017ei<\/strong>, mis tagab sinu varade turvalisuse ja pikaajalise kasutuse, on see Moodulraam Modex G \u00fcks parimaid valikuid. V\u00f5ta meiega \u00fchendust, et saada kohandatud lahendus v\u00f5i t\u00e4psem hinnapakkumine!<\/p>\n<\/div>\n","protected":false},"excerpt":{"rendered":"<p>NB! Pildil sisalduv ei pruugi k\u00f5ik olla komplektis. T\u00e4pne kirjeldus tehnilistes andmetes.<\/p>\n","protected":false},"featured_media":53953,"template":"","meta":{"_kad_blocks_custom_css":"","_kad_blocks_head_custom_js":"","_kad_blocks_body_custom_js":"","_kad_blocks_footer_custom_js":"","_kad_post_transparent":"default","_kad_post_title":"","_kad_post_layout":"default","_kad_post_sidebar_id":"","_kad_post_content_style":"default","_kad_post_vertical_padding":"default","_kad_post_feature":"","_kad_post_feature_position":"","_kad_post_header":false,"_kad_post_footer":false,"_kad_post_classname":""},"product_brand":[],"product_cat":[1843],"product_tag":[],"class_list":{"0":"post-53952","1":"product","2":"type-product","3":"status-publish","4":"has-post-thumbnail","6":"product_cat-moodulraamid","7":"product_shipping_class-kaup-mis-ei-mahu-euroalusele","8":"tm-no-options","10":"first","11":"onbackorder","12":"sale","13":"taxable","14":"shipping-taxable","15":"purchasable","16":"product-type-simple","17":"entry","18":"content-bg","19":"loop-entry"},"yoast_head":"<!-- This site is optimized with the Yoast SEO plugin v27.5 - https:\/\/yoast.com\/product\/yoast-seo-wordpress\/ -->\n<title>Moodulraam Modex G<\/title>\n<meta name=\"description\" content=\"Moodulraam Modex G on soodsaim lahendus varjualuseks v\u00f5i garaaziks. Neid on lihtne liita ja ehitusega saab iga\u00fcks hakkama.\" \/>\n<meta name=\"robots\" content=\"index, follow, max-snippet:-1, max-image-preview:large, max-video-preview:-1\" \/>\n<link rel=\"canonical\" href=\"https:\/\/nordlinepaadid.ee\/et\/pood\/moodulraamid\/moodulraam-modex-g\/\" \/>\n<meta property=\"og:locale\" content=\"et_EE\" \/>\n<meta property=\"og:type\" content=\"article\" \/>\n<meta property=\"og:title\" content=\"Moodulraam Modex G\" \/>\n<meta property=\"og:description\" content=\"Moodulraam Modex G on soodsaim lahendus varjualuseks v\u00f5i garaaziks. Neid on lihtne liita ja ehitusega saab iga\u00fcks hakkama.\" \/>\n<meta property=\"og:url\" content=\"https:\/\/nordlinepaadid.ee\/et\/pood\/moodulraamid\/moodulraam-modex-g\/\" \/>\n<meta property=\"og:site_name\" content=\"NORDLINE s\u00f5udepaadid ja mootorpaadid. Klaasfiiber materjalist.\" \/>\n<meta property=\"article:publisher\" content=\"https:\/\/www.facebook.com\/nordlineboats\" \/>\n<meta property=\"article:modified_time\" content=\"2026-05-12T13:05:56+00:00\" \/>\n<meta property=\"og:image\" content=\"https:\/\/nordlinepaadid.ee\/wp-content\/uploads\/2026\/02\/Moodulraam-garaaz-hoiu-ja-panipaik.jpeg\" \/>\n\t<meta property=\"og:image:width\" content=\"1080\" \/>\n\t<meta property=\"og:image:height\" content=\"1080\" \/>\n\t<meta property=\"og:image:type\" content=\"image\/jpeg\" \/>\n<meta name=\"twitter:card\" content=\"summary_large_image\" \/>\n<meta name=\"twitter:label1\" content=\"Est. reading time\" \/>\n\t<meta name=\"twitter:data1\" content=\"3 minutit\" \/>\n<script type=\"application\/ld+json\" class=\"yoast-schema-graph\">{\"@context\":\"https:\\\/\\\/schema.org\",\"@graph\":[{\"@type\":\"WebPage\",\"@id\":\"https:\\\/\\\/nordlinepaadid.ee\\\/et\\\/pood\\\/moodulraamid\\\/moodulraam-modex-g\\\/\",\"url\":\"https:\\\/\\\/nordlinepaadid.ee\\\/et\\\/pood\\\/moodulraamid\\\/moodulraam-modex-g\\\/\",\"name\":\"Moodulraam Modex G\",\"isPartOf\":{\"@id\":\"https:\\\/\\\/nordlinepaadid.ee\\\/et\\\/#website\"},\"primaryImageOfPage\":{\"@id\":\"https:\\\/\\\/nordlinepaadid.ee\\\/et\\\/pood\\\/moodulraamid\\\/moodulraam-modex-g\\\/#primaryimage\"},\"image\":{\"@id\":\"https:\\\/\\\/nordlinepaadid.ee\\\/et\\\/pood\\\/moodulraamid\\\/moodulraam-modex-g\\\/#primaryimage\"},\"thumbnailUrl\":\"https:\\\/\\\/nordlinepaadid.ee\\\/wp-content\\\/uploads\\\/2026\\\/02\\\/Moodulraam-garaaz-hoiu-ja-panipaik.jpeg\",\"datePublished\":\"2026-02-03T10:26:16+00:00\",\"dateModified\":\"2026-05-12T13:05:56+00:00\",\"description\":\"Moodulraam Modex G on soodsaim lahendus varjualuseks v\u00f5i garaaziks. Neid on lihtne liita ja ehitusega saab iga\u00fcks hakkama.\",\"breadcrumb\":{\"@id\":\"https:\\\/\\\/nordlinepaadid.ee\\\/et\\\/pood\\\/moodulraamid\\\/moodulraam-modex-g\\\/#breadcrumb\"},\"inLanguage\":\"et\",\"potentialAction\":[{\"@type\":\"ReadAction\",\"target\":[\"https:\\\/\\\/nordlinepaadid.ee\\\/et\\\/pood\\\/moodulraamid\\\/moodulraam-modex-g\\\/\"]}]},{\"@type\":\"ImageObject\",\"inLanguage\":\"et\",\"@id\":\"https:\\\/\\\/nordlinepaadid.ee\\\/et\\\/pood\\\/moodulraamid\\\/moodulraam-modex-g\\\/#primaryimage\",\"url\":\"https:\\\/\\\/nordlinepaadid.ee\\\/wp-content\\\/uploads\\\/2026\\\/02\\\/Moodulraam-garaaz-hoiu-ja-panipaik.jpeg\",\"contentUrl\":\"https:\\\/\\\/nordlinepaadid.ee\\\/wp-content\\\/uploads\\\/2026\\\/02\\\/Moodulraam-garaaz-hoiu-ja-panipaik.jpeg\",\"width\":1080,\"height\":1080,\"caption\":\"Moodulraam Modex G garaa\u017e hoiu ja panipaik\"},{\"@type\":\"BreadcrumbList\",\"@id\":\"https:\\\/\\\/nordlinepaadid.ee\\\/et\\\/pood\\\/moodulraamid\\\/moodulraam-modex-g\\\/#breadcrumb\",\"itemListElement\":[{\"@type\":\"ListItem\",\"position\":1,\"name\":\"Home\",\"item\":\"https:\\\/\\\/nordlinepaadid.ee\\\/et\\\/\"},{\"@type\":\"ListItem\",\"position\":2,\"name\":\"Pood\",\"item\":\"https:\\\/\\\/nordlinepaadid.ee\\\/et\\\/pood\\\/\"},{\"@type\":\"ListItem\",\"position\":3,\"name\":\"Moodulraam Modex G 6x3x3\"}]},{\"@type\":\"WebSite\",\"@id\":\"https:\\\/\\\/nordlinepaadid.ee\\\/et\\\/#website\",\"url\":\"https:\\\/\\\/nordlinepaadid.ee\\\/et\\\/\",\"name\":\"NORDLINE s\u00f5udepaadid ja mootorpaadid. Klaasfiiber materjalist.\",\"description\":\"\",\"publisher\":{\"@id\":\"https:\\\/\\\/nordlinepaadid.ee\\\/et\\\/#organization\"},\"potentialAction\":[{\"@type\":\"SearchAction\",\"target\":{\"@type\":\"EntryPoint\",\"urlTemplate\":\"https:\\\/\\\/nordlinepaadid.ee\\\/et\\\/?s={search_term_string}\"},\"query-input\":{\"@type\":\"PropertyValueSpecification\",\"valueRequired\":true,\"valueName\":\"search_term_string\"}}],\"inLanguage\":\"et\"},{\"@type\":\"Organization\",\"@id\":\"https:\\\/\\\/nordlinepaadid.ee\\\/et\\\/#organization\",\"name\":\"Nordlineboats\",\"url\":\"https:\\\/\\\/nordlinepaadid.ee\\\/et\\\/\",\"logo\":{\"@type\":\"ImageObject\",\"inLanguage\":\"et\",\"@id\":\"https:\\\/\\\/nordlinepaadid.ee\\\/et\\\/#\\\/schema\\\/logo\\\/image\\\/\",\"url\":\"https:\\\/\\\/nordlinepaadid.ee\\\/wp-content\\\/uploads\\\/2023\\\/01\\\/fulllogo_transparent_nobuffer-e1672750475494.png\",\"contentUrl\":\"https:\\\/\\\/nordlinepaadid.ee\\\/wp-content\\\/uploads\\\/2023\\\/01\\\/fulllogo_transparent_nobuffer-e1672750475494.png\",\"width\":150,\"height\":119,\"caption\":\"Nordlineboats\"},\"image\":{\"@id\":\"https:\\\/\\\/nordlinepaadid.ee\\\/et\\\/#\\\/schema\\\/logo\\\/image\\\/\"},\"sameAs\":[\"https:\\\/\\\/www.facebook.com\\\/nordlineboats\",\"https:\\\/\\\/www.youtube.com\\\/channel\\\/UCbgF0fy02y3QkFnujaLTaCA\"]}]}<\/script>\n<!-- \/ Yoast SEO plugin. -->","yoast_head_json":{"title":"Moodulraam Modex G","description":"Moodulraam Modex G on soodsaim lahendus varjualuseks v\u00f5i garaaziks. Neid on lihtne liita ja ehitusega saab iga\u00fcks hakkama.","robots":{"index":"index","follow":"follow","max-snippet":"max-snippet:-1","max-image-preview":"max-image-preview:large","max-video-preview":"max-video-preview:-1"},"canonical":"https:\/\/nordlinepaadid.ee\/et\/pood\/moodulraamid\/moodulraam-modex-g\/","og_locale":"et_EE","og_type":"article","og_title":"Moodulraam Modex G","og_description":"Moodulraam Modex G on soodsaim lahendus varjualuseks v\u00f5i garaaziks. Neid on lihtne liita ja ehitusega saab iga\u00fcks hakkama.","og_url":"https:\/\/nordlinepaadid.ee\/et\/pood\/moodulraamid\/moodulraam-modex-g\/","og_site_name":"NORDLINE s\u00f5udepaadid ja mootorpaadid. Klaasfiiber materjalist.","article_publisher":"https:\/\/www.facebook.com\/nordlineboats","article_modified_time":"2026-05-12T13:05:56+00:00","og_image":[{"width":1080,"height":1080,"url":"https:\/\/nordlinepaadid.ee\/wp-content\/uploads\/2026\/02\/Moodulraam-garaaz-hoiu-ja-panipaik.jpeg","type":"image\/jpeg"}],"twitter_card":"summary_large_image","twitter_misc":{"Est. reading time":"3 minutit"},"schema":{"@context":"https:\/\/schema.org","@graph":[{"@type":"WebPage","@id":"https:\/\/nordlinepaadid.ee\/et\/pood\/moodulraamid\/moodulraam-modex-g\/","url":"https:\/\/nordlinepaadid.ee\/et\/pood\/moodulraamid\/moodulraam-modex-g\/","name":"Moodulraam Modex G","isPartOf":{"@id":"https:\/\/nordlinepaadid.ee\/et\/#website"},"primaryImageOfPage":{"@id":"https:\/\/nordlinepaadid.ee\/et\/pood\/moodulraamid\/moodulraam-modex-g\/#primaryimage"},"image":{"@id":"https:\/\/nordlinepaadid.ee\/et\/pood\/moodulraamid\/moodulraam-modex-g\/#primaryimage"},"thumbnailUrl":"https:\/\/nordlinepaadid.ee\/wp-content\/uploads\/2026\/02\/Moodulraam-garaaz-hoiu-ja-panipaik.jpeg","datePublished":"2026-02-03T10:26:16+00:00","dateModified":"2026-05-12T13:05:56+00:00","description":"Moodulraam Modex G on soodsaim lahendus varjualuseks v\u00f5i garaaziks. Neid on lihtne liita ja ehitusega saab iga\u00fcks hakkama.","breadcrumb":{"@id":"https:\/\/nordlinepaadid.ee\/et\/pood\/moodulraamid\/moodulraam-modex-g\/#breadcrumb"},"inLanguage":"et","potentialAction":[{"@type":"ReadAction","target":["https:\/\/nordlinepaadid.ee\/et\/pood\/moodulraamid\/moodulraam-modex-g\/"]}]},{"@type":"ImageObject","inLanguage":"et","@id":"https:\/\/nordlinepaadid.ee\/et\/pood\/moodulraamid\/moodulraam-modex-g\/#primaryimage","url":"https:\/\/nordlinepaadid.ee\/wp-content\/uploads\/2026\/02\/Moodulraam-garaaz-hoiu-ja-panipaik.jpeg","contentUrl":"https:\/\/nordlinepaadid.ee\/wp-content\/uploads\/2026\/02\/Moodulraam-garaaz-hoiu-ja-panipaik.jpeg","width":1080,"height":1080,"caption":"Moodulraam Modex G garaa\u017e hoiu ja panipaik"},{"@type":"BreadcrumbList","@id":"https:\/\/nordlinepaadid.ee\/et\/pood\/moodulraamid\/moodulraam-modex-g\/#breadcrumb","itemListElement":[{"@type":"ListItem","position":1,"name":"Home","item":"https:\/\/nordlinepaadid.ee\/et\/"},{"@type":"ListItem","position":2,"name":"Pood","item":"https:\/\/nordlinepaadid.ee\/et\/pood\/"},{"@type":"ListItem","position":3,"name":"Moodulraam Modex G 6x3x3"}]},{"@type":"WebSite","@id":"https:\/\/nordlinepaadid.ee\/et\/#website","url":"https:\/\/nordlinepaadid.ee\/et\/","name":"NORDLINE s\u00f5udepaadid ja mootorpaadid. Klaasfiiber materjalist.","description":"","publisher":{"@id":"https:\/\/nordlinepaadid.ee\/et\/#organization"},"potentialAction":[{"@type":"SearchAction","target":{"@type":"EntryPoint","urlTemplate":"https:\/\/nordlinepaadid.ee\/et\/?s={search_term_string}"},"query-input":{"@type":"PropertyValueSpecification","valueRequired":true,"valueName":"search_term_string"}}],"inLanguage":"et"},{"@type":"Organization","@id":"https:\/\/nordlinepaadid.ee\/et\/#organization","name":"Nordlineboats","url":"https:\/\/nordlinepaadid.ee\/et\/","logo":{"@type":"ImageObject","inLanguage":"et","@id":"https:\/\/nordlinepaadid.ee\/et\/#\/schema\/logo\/image\/","url":"https:\/\/nordlinepaadid.ee\/wp-content\/uploads\/2023\/01\/fulllogo_transparent_nobuffer-e1672750475494.png","contentUrl":"https:\/\/nordlinepaadid.ee\/wp-content\/uploads\/2023\/01\/fulllogo_transparent_nobuffer-e1672750475494.png","width":150,"height":119,"caption":"Nordlineboats"},"image":{"@id":"https:\/\/nordlinepaadid.ee\/et\/#\/schema\/logo\/image\/"},"sameAs":["https:\/\/www.facebook.com\/nordlineboats","https:\/\/www.youtube.com\/channel\/UCbgF0fy02y3QkFnujaLTaCA"]}]}},"taxonomy_info":{"product_cat":[{"value":1843,"label":"MOODULRAAMID"}]},"featured_image_src_large":["https:\/\/nordlinepaadid.ee\/wp-content\/uploads\/2026\/02\/Moodulraam-garaaz-hoiu-ja-panipaik-1024x1024.jpeg",1024,1024,true],"author_info":[],"comment_info":"","_links":{"self":[{"href":"https:\/\/nordlinepaadid.ee\/et\/wp-json\/wp\/v2\/product\/53952","targetHints":{"allow":["GET"]}}],"collection":[{"href":"https:\/\/nordlinepaadid.ee\/et\/wp-json\/wp\/v2\/product"}],"about":[{"href":"https:\/\/nordlinepaadid.ee\/et\/wp-json\/wp\/v2\/types\/product"}],"wp:featuredmedia":[{"embeddable":true,"href":"https:\/\/nordlinepaadid.ee\/et\/wp-json\/wp\/v2\/media\/53953"}],"wp:attachment":[{"href":"https:\/\/nordlinepaadid.ee\/et\/wp-json\/wp\/v2\/media?parent=53952"}],"wp:term":[{"taxonomy":"product_brand","embeddable":true,"href":"https:\/\/nordlinepaadid.ee\/et\/wp-json\/wp\/v2\/product_brand?post=53952"},{"taxonomy":"product_cat","embeddable":true,"href":"https:\/\/nordlinepaadid.ee\/et\/wp-json\/wp\/v2\/product_cat?post=53952"},{"taxonomy":"product_tag","embeddable":true,"href":"https:\/\/nordlinepaadid.ee\/et\/wp-json\/wp\/v2\/product_tag?post=53952"}],"curies":[{"name":"wp","href":"https:\/\/api.w.org\/{rel}","templated":true}]}}