{"id":54403,"date":"2026-04-14T03:31:46","date_gmt":"2026-04-14T00:31:46","guid":{"rendered":"https:\/\/nordlinepaadid.ee\/pood\/maaratlemata\/soojus-ja-heliisolatsioon-plaat-istmetele-750-mm-x-1500-mm-x-5-mm-must\/"},"modified":"2026-04-14T03:31:46","modified_gmt":"2026-04-14T00:31:46","slug":"soojus-ja-heliisolatsioon-plaat-istmetele-750-mm-x-1500-mm-x-5-mm-must","status":"publish","type":"product","link":"https:\/\/nordlinepaadid.ee\/et\/pood\/varuosad-mootorpaatidele\/soojus-ja-heliisolatsioon-plaat-istmetele-750-mm-x-1500-mm-x-5-mm-must\/","title":{"rendered":"SOOJUS- JA HELIISOLATSIOON PLAAT ISTMETELE &#8211; 750 x 1500 x 5 MM, MUST"},"content":{"rendered":"<p style=\"text-align: justify;\">Noiseless Reduce\u00ae istmelaminaati kasutatakse mitmetes alumiiniumpaatides originaalse paigaldusmaterjalina. See kahekihiline pol\u00fcet\u00fcleenvaht pakub suurep\u00e4rast istumismugavust, ei ima vett ja hoiab \u00e4ra paadis libisemise. Eriti funktsionaalne alumiiniumpindadel ja toode on v\u00e4ga vastupidav \u2013 see v\u00f5ib kesta kauem kui paadi eluiga. Nautige mugavust ja j\u00f5udlust oma paadis iga p\u00e4ev. Lihtne paigaldada isekleepuvale pinnale. Saab l\u00f5igata soovitud kuju ja suurusega.<\/p>\n<p>&#13;<\/p>\n","protected":false},"excerpt":{"rendered":"<p>Noiseless Reduce\u00ae istmelaminaati kasutatakse mitmetes alumiiniumpaatides originaalse paigaldusmaterjalina. See kahekihiline pol\u00fcet\u00fcleenvaht pakub suurep\u00e4rast istumismugavust, ei ima vett ja hoiab \u00e4ra paadis libisemise. Eriti funktsionaalne alumiiniumpindadel ja toode on v\u00e4ga vastupidav \u2013 see v\u00f5ib kesta kauem kui paadi eluiga. Nautige mugavust ja j\u00f5udlust oma paadis iga p\u00e4ev. Lihtne paigaldada isekleepuvale pinnale. Saab l\u00f5igata soovitud kuju ja&#8230;<\/p>\n","protected":false},"featured_media":54404,"template":"","meta":{"_kad_blocks_custom_css":"","_kad_blocks_head_custom_js":"","_kad_blocks_body_custom_js":"","_kad_blocks_footer_custom_js":"","_kad_post_transparent":"","_kad_post_title":"","_kad_post_layout":"","_kad_post_sidebar_id":"","_kad_post_content_style":"","_kad_post_vertical_padding":"","_kad_post_feature":"","_kad_post_feature_position":"","_kad_post_header":false,"_kad_post_footer":false,"_kad_post_classname":""},"product_brand":[],"product_cat":[249],"product_tag":[],"class_list":{"0":"post-54403","1":"product","2":"type-product","3":"status-publish","4":"has-post-thumbnail","6":"product_cat-varuosad-mootorpaatidele","7":"pa_color-must","8":"pa_producer-meluton","9":"pa_unit-pcs","10":"tm-no-options","12":"first","13":"onbackorder","14":"taxable","15":"shipping-taxable","16":"purchasable","17":"product-type-simple","18":"entry","19":"content-bg","20":"loop-entry"},"yoast_head":"<!-- This site is optimized with the Yoast SEO plugin v27.3 - https:\/\/yoast.com\/product\/yoast-seo-wordpress\/ -->\n<title>SOOJUS- JA HELIISOLATSIOON PLAAT ISTMETELE - 750 x 1500 x 5 MM, MUST - NORDLINE s\u00f5udepaadid ja mootorpaadid. Klaasfiiber materjalist.<\/title>\n<meta name=\"robots\" content=\"index, follow, max-snippet:-1, max-image-preview:large, max-video-preview:-1\" \/>\n<link rel=\"canonical\" href=\"https:\/\/nordlinepaadid.ee\/et\/pood\/varuosad-mootorpaatidele\/soojus-ja-heliisolatsioon-plaat-istmetele-750-mm-x-1500-mm-x-5-mm-must\/\" \/>\n<meta property=\"og:locale\" content=\"et_EE\" \/>\n<meta property=\"og:type\" content=\"article\" \/>\n<meta property=\"og:title\" content=\"SOOJUS- JA HELIISOLATSIOON PLAAT ISTMETELE - 750 x 1500 x 5 MM, MUST - NORDLINE s\u00f5udepaadid ja mootorpaadid. Klaasfiiber materjalist.\" \/>\n<meta property=\"og:description\" content=\"Noiseless Reduce\u00ae istmelaminaati kasutatakse mitmetes alumiiniumpaatides originaalse paigaldusmaterjalina. See kahekihiline pol\u00fcet\u00fcleenvaht pakub suurep\u00e4rast istumismugavust, ei ima vett ja hoiab \u00e4ra paadis libisemise. Eriti funktsionaalne alumiiniumpindadel ja toode on v\u00e4ga vastupidav \u2013 see v\u00f5ib kesta kauem kui paadi eluiga. Nautige mugavust ja j\u00f5udlust oma paadis iga p\u00e4ev. Lihtne paigaldada isekleepuvale pinnale. Saab l\u00f5igata soovitud kuju ja...\" \/>\n<meta property=\"og:url\" content=\"https:\/\/nordlinepaadid.ee\/et\/pood\/varuosad-mootorpaatidele\/soojus-ja-heliisolatsioon-plaat-istmetele-750-mm-x-1500-mm-x-5-mm-must\/\" \/>\n<meta property=\"og:site_name\" content=\"NORDLINE s\u00f5udepaadid ja mootorpaadid. Klaasfiiber materjalist.\" \/>\n<meta property=\"article:publisher\" content=\"https:\/\/www.facebook.com\/nordlineboats\" \/>\n<meta property=\"og:image\" content=\"https:\/\/nordlinepaadid.ee\/wp-content\/uploads\/2026\/02\/13499_Meluton_1-scaled.jpg\" \/>\n\t<meta property=\"og:image:width\" content=\"1707\" \/>\n\t<meta property=\"og:image:height\" content=\"2560\" \/>\n\t<meta property=\"og:image:type\" content=\"image\/jpeg\" \/>\n<meta name=\"twitter:card\" content=\"summary_large_image\" \/>\n<script type=\"application\/ld+json\" class=\"yoast-schema-graph\">{\"@context\":\"https:\\\/\\\/schema.org\",\"@graph\":[{\"@type\":\"WebPage\",\"@id\":\"https:\\\/\\\/nordlinepaadid.ee\\\/et\\\/pood\\\/varuosad-mootorpaatidele\\\/soojus-ja-heliisolatsioon-plaat-istmetele-750-mm-x-1500-mm-x-5-mm-must\\\/\",\"url\":\"https:\\\/\\\/nordlinepaadid.ee\\\/et\\\/pood\\\/varuosad-mootorpaatidele\\\/soojus-ja-heliisolatsioon-plaat-istmetele-750-mm-x-1500-mm-x-5-mm-must\\\/\",\"name\":\"SOOJUS- JA HELIISOLATSIOON PLAAT ISTMETELE - 750 x 1500 x 5 MM, MUST - NORDLINE s\u00f5udepaadid ja mootorpaadid. Klaasfiiber materjalist.\",\"isPartOf\":{\"@id\":\"https:\\\/\\\/nordlinepaadid.ee\\\/et\\\/#website\"},\"primaryImageOfPage\":{\"@id\":\"https:\\\/\\\/nordlinepaadid.ee\\\/et\\\/pood\\\/varuosad-mootorpaatidele\\\/soojus-ja-heliisolatsioon-plaat-istmetele-750-mm-x-1500-mm-x-5-mm-must\\\/#primaryimage\"},\"image\":{\"@id\":\"https:\\\/\\\/nordlinepaadid.ee\\\/et\\\/pood\\\/varuosad-mootorpaatidele\\\/soojus-ja-heliisolatsioon-plaat-istmetele-750-mm-x-1500-mm-x-5-mm-must\\\/#primaryimage\"},\"thumbnailUrl\":\"https:\\\/\\\/nordlinepaadid.ee\\\/wp-content\\\/uploads\\\/2026\\\/02\\\/13499_Meluton_1-scaled.jpg\",\"datePublished\":\"2026-04-14T00:31:46+00:00\",\"breadcrumb\":{\"@id\":\"https:\\\/\\\/nordlinepaadid.ee\\\/et\\\/pood\\\/varuosad-mootorpaatidele\\\/soojus-ja-heliisolatsioon-plaat-istmetele-750-mm-x-1500-mm-x-5-mm-must\\\/#breadcrumb\"},\"inLanguage\":\"et\",\"potentialAction\":[{\"@type\":\"ReadAction\",\"target\":[\"https:\\\/\\\/nordlinepaadid.ee\\\/et\\\/pood\\\/varuosad-mootorpaatidele\\\/soojus-ja-heliisolatsioon-plaat-istmetele-750-mm-x-1500-mm-x-5-mm-must\\\/\"]}]},{\"@type\":\"ImageObject\",\"inLanguage\":\"et\",\"@id\":\"https:\\\/\\\/nordlinepaadid.ee\\\/et\\\/pood\\\/varuosad-mootorpaatidele\\\/soojus-ja-heliisolatsioon-plaat-istmetele-750-mm-x-1500-mm-x-5-mm-must\\\/#primaryimage\",\"url\":\"https:\\\/\\\/nordlinepaadid.ee\\\/wp-content\\\/uploads\\\/2026\\\/02\\\/13499_Meluton_1-scaled.jpg\",\"contentUrl\":\"https:\\\/\\\/nordlinepaadid.ee\\\/wp-content\\\/uploads\\\/2026\\\/02\\\/13499_Meluton_1-scaled.jpg\",\"width\":1707,\"height\":2560},{\"@type\":\"BreadcrumbList\",\"@id\":\"https:\\\/\\\/nordlinepaadid.ee\\\/et\\\/pood\\\/varuosad-mootorpaatidele\\\/soojus-ja-heliisolatsioon-plaat-istmetele-750-mm-x-1500-mm-x-5-mm-must\\\/#breadcrumb\",\"itemListElement\":[{\"@type\":\"ListItem\",\"position\":1,\"name\":\"Home\",\"item\":\"https:\\\/\\\/nordlinepaadid.ee\\\/et\\\/\"},{\"@type\":\"ListItem\",\"position\":2,\"name\":\"Pood\",\"item\":\"https:\\\/\\\/nordlinepaadid.ee\\\/et\\\/pood\\\/\"},{\"@type\":\"ListItem\",\"position\":3,\"name\":\"SOOJUS- JA HELIISOLATSIOON PLAAT ISTMETELE &#8211; 750 x 1500 x 5 MM, MUST\"}]},{\"@type\":\"WebSite\",\"@id\":\"https:\\\/\\\/nordlinepaadid.ee\\\/et\\\/#website\",\"url\":\"https:\\\/\\\/nordlinepaadid.ee\\\/et\\\/\",\"name\":\"NORDLINE s\u00f5udepaadid ja mootorpaadid. Klaasfiiber materjalist.\",\"description\":\"\",\"publisher\":{\"@id\":\"https:\\\/\\\/nordlinepaadid.ee\\\/et\\\/#organization\"},\"potentialAction\":[{\"@type\":\"SearchAction\",\"target\":{\"@type\":\"EntryPoint\",\"urlTemplate\":\"https:\\\/\\\/nordlinepaadid.ee\\\/et\\\/?s={search_term_string}\"},\"query-input\":{\"@type\":\"PropertyValueSpecification\",\"valueRequired\":true,\"valueName\":\"search_term_string\"}}],\"inLanguage\":\"et\"},{\"@type\":\"Organization\",\"@id\":\"https:\\\/\\\/nordlinepaadid.ee\\\/et\\\/#organization\",\"name\":\"Nordlineboats\",\"url\":\"https:\\\/\\\/nordlinepaadid.ee\\\/et\\\/\",\"logo\":{\"@type\":\"ImageObject\",\"inLanguage\":\"et\",\"@id\":\"https:\\\/\\\/nordlinepaadid.ee\\\/et\\\/#\\\/schema\\\/logo\\\/image\\\/\",\"url\":\"https:\\\/\\\/nordlinepaadid.ee\\\/wp-content\\\/uploads\\\/2023\\\/01\\\/fulllogo_transparent_nobuffer-e1672750475494.png\",\"contentUrl\":\"https:\\\/\\\/nordlinepaadid.ee\\\/wp-content\\\/uploads\\\/2023\\\/01\\\/fulllogo_transparent_nobuffer-e1672750475494.png\",\"width\":150,\"height\":119,\"caption\":\"Nordlineboats\"},\"image\":{\"@id\":\"https:\\\/\\\/nordlinepaadid.ee\\\/et\\\/#\\\/schema\\\/logo\\\/image\\\/\"},\"sameAs\":[\"https:\\\/\\\/www.facebook.com\\\/nordlineboats\",\"https:\\\/\\\/www.youtube.com\\\/channel\\\/UCbgF0fy02y3QkFnujaLTaCA\"]}]}<\/script>\n<!-- \/ Yoast SEO plugin. -->","yoast_head_json":{"title":"SOOJUS- JA HELIISOLATSIOON PLAAT ISTMETELE - 750 x 1500 x 5 MM, MUST - NORDLINE s\u00f5udepaadid ja mootorpaadid. Klaasfiiber materjalist.","robots":{"index":"index","follow":"follow","max-snippet":"max-snippet:-1","max-image-preview":"max-image-preview:large","max-video-preview":"max-video-preview:-1"},"canonical":"https:\/\/nordlinepaadid.ee\/et\/pood\/varuosad-mootorpaatidele\/soojus-ja-heliisolatsioon-plaat-istmetele-750-mm-x-1500-mm-x-5-mm-must\/","og_locale":"et_EE","og_type":"article","og_title":"SOOJUS- JA HELIISOLATSIOON PLAAT ISTMETELE - 750 x 1500 x 5 MM, MUST - NORDLINE s\u00f5udepaadid ja mootorpaadid. Klaasfiiber materjalist.","og_description":"Noiseless Reduce\u00ae istmelaminaati kasutatakse mitmetes alumiiniumpaatides originaalse paigaldusmaterjalina. See kahekihiline pol\u00fcet\u00fcleenvaht pakub suurep\u00e4rast istumismugavust, ei ima vett ja hoiab \u00e4ra paadis libisemise. Eriti funktsionaalne alumiiniumpindadel ja toode on v\u00e4ga vastupidav \u2013 see v\u00f5ib kesta kauem kui paadi eluiga. Nautige mugavust ja j\u00f5udlust oma paadis iga p\u00e4ev. Lihtne paigaldada isekleepuvale pinnale. Saab l\u00f5igata soovitud kuju ja...","og_url":"https:\/\/nordlinepaadid.ee\/et\/pood\/varuosad-mootorpaatidele\/soojus-ja-heliisolatsioon-plaat-istmetele-750-mm-x-1500-mm-x-5-mm-must\/","og_site_name":"NORDLINE s\u00f5udepaadid ja mootorpaadid. Klaasfiiber materjalist.","article_publisher":"https:\/\/www.facebook.com\/nordlineboats","og_image":[{"width":1707,"height":2560,"url":"https:\/\/nordlinepaadid.ee\/wp-content\/uploads\/2026\/02\/13499_Meluton_1-scaled.jpg","type":"image\/jpeg"}],"twitter_card":"summary_large_image","schema":{"@context":"https:\/\/schema.org","@graph":[{"@type":"WebPage","@id":"https:\/\/nordlinepaadid.ee\/et\/pood\/varuosad-mootorpaatidele\/soojus-ja-heliisolatsioon-plaat-istmetele-750-mm-x-1500-mm-x-5-mm-must\/","url":"https:\/\/nordlinepaadid.ee\/et\/pood\/varuosad-mootorpaatidele\/soojus-ja-heliisolatsioon-plaat-istmetele-750-mm-x-1500-mm-x-5-mm-must\/","name":"SOOJUS- JA HELIISOLATSIOON PLAAT ISTMETELE - 750 x 1500 x 5 MM, MUST - NORDLINE s\u00f5udepaadid ja mootorpaadid. Klaasfiiber materjalist.","isPartOf":{"@id":"https:\/\/nordlinepaadid.ee\/et\/#website"},"primaryImageOfPage":{"@id":"https:\/\/nordlinepaadid.ee\/et\/pood\/varuosad-mootorpaatidele\/soojus-ja-heliisolatsioon-plaat-istmetele-750-mm-x-1500-mm-x-5-mm-must\/#primaryimage"},"image":{"@id":"https:\/\/nordlinepaadid.ee\/et\/pood\/varuosad-mootorpaatidele\/soojus-ja-heliisolatsioon-plaat-istmetele-750-mm-x-1500-mm-x-5-mm-must\/#primaryimage"},"thumbnailUrl":"https:\/\/nordlinepaadid.ee\/wp-content\/uploads\/2026\/02\/13499_Meluton_1-scaled.jpg","datePublished":"2026-04-14T00:31:46+00:00","breadcrumb":{"@id":"https:\/\/nordlinepaadid.ee\/et\/pood\/varuosad-mootorpaatidele\/soojus-ja-heliisolatsioon-plaat-istmetele-750-mm-x-1500-mm-x-5-mm-must\/#breadcrumb"},"inLanguage":"et","potentialAction":[{"@type":"ReadAction","target":["https:\/\/nordlinepaadid.ee\/et\/pood\/varuosad-mootorpaatidele\/soojus-ja-heliisolatsioon-plaat-istmetele-750-mm-x-1500-mm-x-5-mm-must\/"]}]},{"@type":"ImageObject","inLanguage":"et","@id":"https:\/\/nordlinepaadid.ee\/et\/pood\/varuosad-mootorpaatidele\/soojus-ja-heliisolatsioon-plaat-istmetele-750-mm-x-1500-mm-x-5-mm-must\/#primaryimage","url":"https:\/\/nordlinepaadid.ee\/wp-content\/uploads\/2026\/02\/13499_Meluton_1-scaled.jpg","contentUrl":"https:\/\/nordlinepaadid.ee\/wp-content\/uploads\/2026\/02\/13499_Meluton_1-scaled.jpg","width":1707,"height":2560},{"@type":"BreadcrumbList","@id":"https:\/\/nordlinepaadid.ee\/et\/pood\/varuosad-mootorpaatidele\/soojus-ja-heliisolatsioon-plaat-istmetele-750-mm-x-1500-mm-x-5-mm-must\/#breadcrumb","itemListElement":[{"@type":"ListItem","position":1,"name":"Home","item":"https:\/\/nordlinepaadid.ee\/et\/"},{"@type":"ListItem","position":2,"name":"Pood","item":"https:\/\/nordlinepaadid.ee\/et\/pood\/"},{"@type":"ListItem","position":3,"name":"SOOJUS- JA HELIISOLATSIOON PLAAT ISTMETELE &#8211; 750 x 1500 x 5 MM, MUST"}]},{"@type":"WebSite","@id":"https:\/\/nordlinepaadid.ee\/et\/#website","url":"https:\/\/nordlinepaadid.ee\/et\/","name":"NORDLINE s\u00f5udepaadid ja mootorpaadid. Klaasfiiber materjalist.","description":"","publisher":{"@id":"https:\/\/nordlinepaadid.ee\/et\/#organization"},"potentialAction":[{"@type":"SearchAction","target":{"@type":"EntryPoint","urlTemplate":"https:\/\/nordlinepaadid.ee\/et\/?s={search_term_string}"},"query-input":{"@type":"PropertyValueSpecification","valueRequired":true,"valueName":"search_term_string"}}],"inLanguage":"et"},{"@type":"Organization","@id":"https:\/\/nordlinepaadid.ee\/et\/#organization","name":"Nordlineboats","url":"https:\/\/nordlinepaadid.ee\/et\/","logo":{"@type":"ImageObject","inLanguage":"et","@id":"https:\/\/nordlinepaadid.ee\/et\/#\/schema\/logo\/image\/","url":"https:\/\/nordlinepaadid.ee\/wp-content\/uploads\/2023\/01\/fulllogo_transparent_nobuffer-e1672750475494.png","contentUrl":"https:\/\/nordlinepaadid.ee\/wp-content\/uploads\/2023\/01\/fulllogo_transparent_nobuffer-e1672750475494.png","width":150,"height":119,"caption":"Nordlineboats"},"image":{"@id":"https:\/\/nordlinepaadid.ee\/et\/#\/schema\/logo\/image\/"},"sameAs":["https:\/\/www.facebook.com\/nordlineboats","https:\/\/www.youtube.com\/channel\/UCbgF0fy02y3QkFnujaLTaCA"]}]}},"taxonomy_info":{"product_cat":[{"value":249,"label":"VARUOSAD MOOTORPAATIDELE"}],"pa_color":[{"value":684,"label":"Must"}],"pa_producer":[{"value":1851,"label":"Meluton"}],"pa_unit":[{"value":416,"label":"pcs"}]},"featured_image_src_large":["https:\/\/nordlinepaadid.ee\/wp-content\/uploads\/2026\/02\/13499_Meluton_1-683x1024.jpg",683,1024,true],"author_info":[],"comment_info":"","_links":{"self":[{"href":"https:\/\/nordlinepaadid.ee\/et\/wp-json\/wp\/v2\/product\/54403","targetHints":{"allow":["GET"]}}],"collection":[{"href":"https:\/\/nordlinepaadid.ee\/et\/wp-json\/wp\/v2\/product"}],"about":[{"href":"https:\/\/nordlinepaadid.ee\/et\/wp-json\/wp\/v2\/types\/product"}],"wp:featuredmedia":[{"embeddable":true,"href":"https:\/\/nordlinepaadid.ee\/et\/wp-json\/wp\/v2\/media\/54404"}],"wp:attachment":[{"href":"https:\/\/nordlinepaadid.ee\/et\/wp-json\/wp\/v2\/media?parent=54403"}],"wp:term":[{"taxonomy":"product_brand","embeddable":true,"href":"https:\/\/nordlinepaadid.ee\/et\/wp-json\/wp\/v2\/product_brand?post=54403"},{"taxonomy":"product_cat","embeddable":true,"href":"https:\/\/nordlinepaadid.ee\/et\/wp-json\/wp\/v2\/product_cat?post=54403"},{"taxonomy":"product_tag","embeddable":true,"href":"https:\/\/nordlinepaadid.ee\/et\/wp-json\/wp\/v2\/product_tag?post=54403"}],"curies":[{"name":"wp","href":"https:\/\/api.w.org\/{rel}","templated":true}]}}