{"id":54412,"date":"2026-04-14T03:31:47","date_gmt":"2026-04-14T00:31:47","guid":{"rendered":"https:\/\/nordlinepaadid.ee\/pood\/maaratlemata\/muravaba-tulekindel-soojusisolatsiooniplaat-400-mm-x-480-mm-x-2-mm-hall-hobe\/"},"modified":"2026-04-14T03:31:47","modified_gmt":"2026-04-14T00:31:47","slug":"muravaba-tulekindel-soojusisolatsiooniplaat-400-mm-x-480-mm-x-2-mm-hall-hobe","status":"publish","type":"product","link":"https:\/\/nordlinepaadid.ee\/et\/pood\/varuosad-mootorpaatidele\/muravaba-tulekindel-soojusisolatsiooniplaat-400-mm-x-480-mm-x-2-mm-hall-hobe\/","title":{"rendered":"M\u00dcRAVABA, TULEKINDEL SOOJUSISOLATSIOONIPLAAT &#8211; 400 x 480 x 2 MM, HALL\/H\u00d5BE"},"content":{"rendered":"<p style=\"text-align:justify\">Noiseless Reduce\u00ae Heat on loodud teie paadi jahedana hoidmiseks ja heliisolatsioonimaterjalide kaitsmiseks kuumade mootoriosade, n\u00e4iteks turbo\u00fclelaaduri v\u00f5i v\u00e4ljalasketoru t\u00f5usutoru eest. See materjal on v\u00e4ga vastupidav k\u00f5rgetele temperatuuridele ja pakub suurep\u00e4rast kaitset nii kuumuse kui ka tuleohutuse osas. See sobib ideaalselt kohtadesse, kus on vaja soojusisolatsiooni ja kaitseb k\u00f5rgete temperatuuride eest, n\u00e4iteks mootoriruumid, heitgaaside t\u00f6\u00f6tluss\u00fcsteemid ja muud kuumad alad paadi v\u00f5i s\u00f5iduki peal. Suurep\u00e4rane valik paadi mootoriruumi osadele, mis puutuvad kokku v\u00e4ga k\u00f5rgete temperatuuridega, ennetades kahjustusi ja pikendades heliisolatsioonimaterjalide eluiga. See aitab tagada, et heliisolatsioonimaterjal ei kahjustu liigse kuumuse t\u00f5ttu ja s\u00e4ilitab oma efektiivsuse kauem.<\/p>\n<p>&#13;<br \/>\n&#13;<\/p>\n<p>&nbsp;<\/p>\n<p>&#13;<br \/>\n&#13;<\/p>\n<p>&#8211; Tarnitakse plaatidena<\/p>\n<p>&#13;<br \/>\n&#13;<\/p>\n<p>&#8211; Plaadi suurus: 400 mm x 480 mm<\/p>\n<p>&#13;<br \/>\n&#13;<\/p>\n<p>&#8211; Paksus: 7 mm<\/p>\n<p>&#13;<br \/>\n&#13;<\/p>\n<p>&#8211; Kaal: u. 2 kg\/m2<\/p>\n<p>&#13;<br \/>\n&#13;<\/p>\n<p>&#8211; Temperatuurikindlus: 2 tundi 180 \u00b0C, kiirgustemperatuur 250 \u00b0C<\/p>\n<p>&#13;<br \/>\n&#13;<\/p>\n<p>&#8211; Tulekindluse klassifikatsioon: Isekustuv, FMVSS 302 ja ECE R118; Lisad 6, 7, 8 ja 9.<\/p>\n<p>&#13;<br \/>\n&#13;<\/p>\n<p>&#8211; SOOJUSJUHTIVUS ISO 8301 [W\/mK]: 0,035<\/p>\n<p>&#13;<\/p>\n","protected":false},"excerpt":{"rendered":"<p>Noiseless Reduce\u00ae Heat on loodud teie paadi jahedana hoidmiseks ja heliisolatsioonimaterjalide kaitsmiseks kuumade mootoriosade, n\u00e4iteks turbo\u00fclelaaduri v\u00f5i v\u00e4ljalasketoru t\u00f5usutoru eest. See materjal on v\u00e4ga vastupidav k\u00f5rgetele temperatuuridele ja pakub suurep\u00e4rast kaitset nii kuumuse kui ka tuleohutuse osas. See sobib ideaalselt kohtadesse, kus on vaja soojusisolatsiooni ja kaitseb k\u00f5rgete temperatuuride eest, n\u00e4iteks mootoriruumid, heitgaaside t\u00f6\u00f6tluss\u00fcsteemid ja&#8230;<\/p>\n","protected":false},"featured_media":54413,"template":"","meta":{"_kad_blocks_custom_css":"","_kad_blocks_head_custom_js":"","_kad_blocks_body_custom_js":"","_kad_blocks_footer_custom_js":"","_kad_post_transparent":"","_kad_post_title":"","_kad_post_layout":"","_kad_post_sidebar_id":"","_kad_post_content_style":"","_kad_post_vertical_padding":"","_kad_post_feature":"","_kad_post_feature_position":"","_kad_post_header":false,"_kad_post_footer":false,"_kad_post_classname":""},"product_brand":[],"product_cat":[249],"product_tag":[],"class_list":{"0":"post-54412","1":"product","2":"type-product","3":"status-publish","4":"has-post-thumbnail","6":"product_cat-varuosad-mootorpaatidele","7":"pa_color-hobe-hall","8":"pa_producer-meluton","9":"pa_unit-pcs","10":"tm-no-options","12":"first","13":"onbackorder","14":"taxable","15":"shipping-taxable","16":"purchasable","17":"product-type-simple","18":"entry","19":"content-bg","20":"loop-entry"},"yoast_head":"<!-- This site is optimized with the Yoast SEO plugin v27.3 - https:\/\/yoast.com\/product\/yoast-seo-wordpress\/ -->\n<title>M\u00dcRAVABA, TULEKINDEL SOOJUSISOLATSIOONIPLAAT - 400 x 480 x 2 MM, HALL\/H\u00d5BE - NORDLINE s\u00f5udepaadid ja mootorpaadid. Klaasfiiber materjalist.<\/title>\n<meta name=\"robots\" content=\"index, follow, max-snippet:-1, max-image-preview:large, max-video-preview:-1\" \/>\n<link rel=\"canonical\" href=\"https:\/\/nordlinepaadid.ee\/et\/pood\/varuosad-mootorpaatidele\/muravaba-tulekindel-soojusisolatsiooniplaat-400-mm-x-480-mm-x-2-mm-hall-hobe\/\" \/>\n<meta property=\"og:locale\" content=\"et_EE\" \/>\n<meta property=\"og:type\" content=\"article\" \/>\n<meta property=\"og:title\" content=\"M\u00dcRAVABA, TULEKINDEL SOOJUSISOLATSIOONIPLAAT - 400 x 480 x 2 MM, HALL\/H\u00d5BE - NORDLINE s\u00f5udepaadid ja mootorpaadid. Klaasfiiber materjalist.\" \/>\n<meta property=\"og:description\" content=\"Noiseless Reduce\u00ae Heat on loodud teie paadi jahedana hoidmiseks ja heliisolatsioonimaterjalide kaitsmiseks kuumade mootoriosade, n\u00e4iteks turbo\u00fclelaaduri v\u00f5i v\u00e4ljalasketoru t\u00f5usutoru eest. See materjal on v\u00e4ga vastupidav k\u00f5rgetele temperatuuridele ja pakub suurep\u00e4rast kaitset nii kuumuse kui ka tuleohutuse osas. See sobib ideaalselt kohtadesse, kus on vaja soojusisolatsiooni ja kaitseb k\u00f5rgete temperatuuride eest, n\u00e4iteks mootoriruumid, heitgaaside t\u00f6\u00f6tluss\u00fcsteemid ja...\" \/>\n<meta property=\"og:url\" content=\"https:\/\/nordlinepaadid.ee\/et\/pood\/varuosad-mootorpaatidele\/muravaba-tulekindel-soojusisolatsiooniplaat-400-mm-x-480-mm-x-2-mm-hall-hobe\/\" \/>\n<meta property=\"og:site_name\" content=\"NORDLINE s\u00f5udepaadid ja mootorpaadid. Klaasfiiber materjalist.\" \/>\n<meta property=\"article:publisher\" content=\"https:\/\/www.facebook.com\/nordlineboats\" \/>\n<meta property=\"og:image\" content=\"https:\/\/nordlinepaadid.ee\/wp-content\/uploads\/2026\/02\/13503_Meluton_5-683x1024.png\" \/>\n\t<meta property=\"og:image:width\" content=\"683\" \/>\n\t<meta property=\"og:image:height\" content=\"1024\" \/>\n\t<meta property=\"og:image:type\" content=\"image\/png\" \/>\n<meta name=\"twitter:card\" content=\"summary_large_image\" \/>\n<meta name=\"twitter:label1\" content=\"Est. reading time\" \/>\n\t<meta name=\"twitter:data1\" content=\"1 minut\" \/>\n<script type=\"application\/ld+json\" class=\"yoast-schema-graph\">{\"@context\":\"https:\\\/\\\/schema.org\",\"@graph\":[{\"@type\":\"WebPage\",\"@id\":\"https:\\\/\\\/nordlinepaadid.ee\\\/et\\\/pood\\\/varuosad-mootorpaatidele\\\/muravaba-tulekindel-soojusisolatsiooniplaat-400-mm-x-480-mm-x-2-mm-hall-hobe\\\/\",\"url\":\"https:\\\/\\\/nordlinepaadid.ee\\\/et\\\/pood\\\/varuosad-mootorpaatidele\\\/muravaba-tulekindel-soojusisolatsiooniplaat-400-mm-x-480-mm-x-2-mm-hall-hobe\\\/\",\"name\":\"M\u00dcRAVABA, TULEKINDEL SOOJUSISOLATSIOONIPLAAT - 400 x 480 x 2 MM, HALL\\\/H\u00d5BE - NORDLINE s\u00f5udepaadid ja mootorpaadid. Klaasfiiber materjalist.\",\"isPartOf\":{\"@id\":\"https:\\\/\\\/nordlinepaadid.ee\\\/et\\\/#website\"},\"primaryImageOfPage\":{\"@id\":\"https:\\\/\\\/nordlinepaadid.ee\\\/et\\\/pood\\\/varuosad-mootorpaatidele\\\/muravaba-tulekindel-soojusisolatsiooniplaat-400-mm-x-480-mm-x-2-mm-hall-hobe\\\/#primaryimage\"},\"image\":{\"@id\":\"https:\\\/\\\/nordlinepaadid.ee\\\/et\\\/pood\\\/varuosad-mootorpaatidele\\\/muravaba-tulekindel-soojusisolatsiooniplaat-400-mm-x-480-mm-x-2-mm-hall-hobe\\\/#primaryimage\"},\"thumbnailUrl\":\"https:\\\/\\\/nordlinepaadid.ee\\\/wp-content\\\/uploads\\\/2026\\\/02\\\/13503_Meluton_5-scaled.png\",\"datePublished\":\"2026-04-14T00:31:47+00:00\",\"breadcrumb\":{\"@id\":\"https:\\\/\\\/nordlinepaadid.ee\\\/et\\\/pood\\\/varuosad-mootorpaatidele\\\/muravaba-tulekindel-soojusisolatsiooniplaat-400-mm-x-480-mm-x-2-mm-hall-hobe\\\/#breadcrumb\"},\"inLanguage\":\"et\",\"potentialAction\":[{\"@type\":\"ReadAction\",\"target\":[\"https:\\\/\\\/nordlinepaadid.ee\\\/et\\\/pood\\\/varuosad-mootorpaatidele\\\/muravaba-tulekindel-soojusisolatsiooniplaat-400-mm-x-480-mm-x-2-mm-hall-hobe\\\/\"]}]},{\"@type\":\"ImageObject\",\"inLanguage\":\"et\",\"@id\":\"https:\\\/\\\/nordlinepaadid.ee\\\/et\\\/pood\\\/varuosad-mootorpaatidele\\\/muravaba-tulekindel-soojusisolatsiooniplaat-400-mm-x-480-mm-x-2-mm-hall-hobe\\\/#primaryimage\",\"url\":\"https:\\\/\\\/nordlinepaadid.ee\\\/wp-content\\\/uploads\\\/2026\\\/02\\\/13503_Meluton_5-scaled.png\",\"contentUrl\":\"https:\\\/\\\/nordlinepaadid.ee\\\/wp-content\\\/uploads\\\/2026\\\/02\\\/13503_Meluton_5-scaled.png\",\"width\":1707,\"height\":2560},{\"@type\":\"BreadcrumbList\",\"@id\":\"https:\\\/\\\/nordlinepaadid.ee\\\/et\\\/pood\\\/varuosad-mootorpaatidele\\\/muravaba-tulekindel-soojusisolatsiooniplaat-400-mm-x-480-mm-x-2-mm-hall-hobe\\\/#breadcrumb\",\"itemListElement\":[{\"@type\":\"ListItem\",\"position\":1,\"name\":\"Home\",\"item\":\"https:\\\/\\\/nordlinepaadid.ee\\\/et\\\/\"},{\"@type\":\"ListItem\",\"position\":2,\"name\":\"Pood\",\"item\":\"https:\\\/\\\/nordlinepaadid.ee\\\/et\\\/pood\\\/\"},{\"@type\":\"ListItem\",\"position\":3,\"name\":\"M\u00dcRAVABA, TULEKINDEL SOOJUSISOLATSIOONIPLAAT &#8211; 400 x 480 x 2 MM, HALL\\\/H\u00d5BE\"}]},{\"@type\":\"WebSite\",\"@id\":\"https:\\\/\\\/nordlinepaadid.ee\\\/et\\\/#website\",\"url\":\"https:\\\/\\\/nordlinepaadid.ee\\\/et\\\/\",\"name\":\"NORDLINE s\u00f5udepaadid ja mootorpaadid. Klaasfiiber materjalist.\",\"description\":\"\",\"publisher\":{\"@id\":\"https:\\\/\\\/nordlinepaadid.ee\\\/et\\\/#organization\"},\"potentialAction\":[{\"@type\":\"SearchAction\",\"target\":{\"@type\":\"EntryPoint\",\"urlTemplate\":\"https:\\\/\\\/nordlinepaadid.ee\\\/et\\\/?s={search_term_string}\"},\"query-input\":{\"@type\":\"PropertyValueSpecification\",\"valueRequired\":true,\"valueName\":\"search_term_string\"}}],\"inLanguage\":\"et\"},{\"@type\":\"Organization\",\"@id\":\"https:\\\/\\\/nordlinepaadid.ee\\\/et\\\/#organization\",\"name\":\"Nordlineboats\",\"url\":\"https:\\\/\\\/nordlinepaadid.ee\\\/et\\\/\",\"logo\":{\"@type\":\"ImageObject\",\"inLanguage\":\"et\",\"@id\":\"https:\\\/\\\/nordlinepaadid.ee\\\/et\\\/#\\\/schema\\\/logo\\\/image\\\/\",\"url\":\"https:\\\/\\\/nordlinepaadid.ee\\\/wp-content\\\/uploads\\\/2023\\\/01\\\/fulllogo_transparent_nobuffer-e1672750475494.png\",\"contentUrl\":\"https:\\\/\\\/nordlinepaadid.ee\\\/wp-content\\\/uploads\\\/2023\\\/01\\\/fulllogo_transparent_nobuffer-e1672750475494.png\",\"width\":150,\"height\":119,\"caption\":\"Nordlineboats\"},\"image\":{\"@id\":\"https:\\\/\\\/nordlinepaadid.ee\\\/et\\\/#\\\/schema\\\/logo\\\/image\\\/\"},\"sameAs\":[\"https:\\\/\\\/www.facebook.com\\\/nordlineboats\",\"https:\\\/\\\/www.youtube.com\\\/channel\\\/UCbgF0fy02y3QkFnujaLTaCA\"]}]}<\/script>\n<!-- \/ Yoast SEO plugin. -->","yoast_head_json":{"title":"M\u00dcRAVABA, TULEKINDEL SOOJUSISOLATSIOONIPLAAT - 400 x 480 x 2 MM, HALL\/H\u00d5BE - NORDLINE s\u00f5udepaadid ja mootorpaadid. Klaasfiiber materjalist.","robots":{"index":"index","follow":"follow","max-snippet":"max-snippet:-1","max-image-preview":"max-image-preview:large","max-video-preview":"max-video-preview:-1"},"canonical":"https:\/\/nordlinepaadid.ee\/et\/pood\/varuosad-mootorpaatidele\/muravaba-tulekindel-soojusisolatsiooniplaat-400-mm-x-480-mm-x-2-mm-hall-hobe\/","og_locale":"et_EE","og_type":"article","og_title":"M\u00dcRAVABA, TULEKINDEL SOOJUSISOLATSIOONIPLAAT - 400 x 480 x 2 MM, HALL\/H\u00d5BE - NORDLINE s\u00f5udepaadid ja mootorpaadid. Klaasfiiber materjalist.","og_description":"Noiseless Reduce\u00ae Heat on loodud teie paadi jahedana hoidmiseks ja heliisolatsioonimaterjalide kaitsmiseks kuumade mootoriosade, n\u00e4iteks turbo\u00fclelaaduri v\u00f5i v\u00e4ljalasketoru t\u00f5usutoru eest. See materjal on v\u00e4ga vastupidav k\u00f5rgetele temperatuuridele ja pakub suurep\u00e4rast kaitset nii kuumuse kui ka tuleohutuse osas. See sobib ideaalselt kohtadesse, kus on vaja soojusisolatsiooni ja kaitseb k\u00f5rgete temperatuuride eest, n\u00e4iteks mootoriruumid, heitgaaside t\u00f6\u00f6tluss\u00fcsteemid ja...","og_url":"https:\/\/nordlinepaadid.ee\/et\/pood\/varuosad-mootorpaatidele\/muravaba-tulekindel-soojusisolatsiooniplaat-400-mm-x-480-mm-x-2-mm-hall-hobe\/","og_site_name":"NORDLINE s\u00f5udepaadid ja mootorpaadid. Klaasfiiber materjalist.","article_publisher":"https:\/\/www.facebook.com\/nordlineboats","og_image":[{"width":683,"height":1024,"url":"https:\/\/nordlinepaadid.ee\/wp-content\/uploads\/2026\/02\/13503_Meluton_5-683x1024.png","type":"image\/png"}],"twitter_card":"summary_large_image","twitter_misc":{"Est. reading time":"1 minut"},"schema":{"@context":"https:\/\/schema.org","@graph":[{"@type":"WebPage","@id":"https:\/\/nordlinepaadid.ee\/et\/pood\/varuosad-mootorpaatidele\/muravaba-tulekindel-soojusisolatsiooniplaat-400-mm-x-480-mm-x-2-mm-hall-hobe\/","url":"https:\/\/nordlinepaadid.ee\/et\/pood\/varuosad-mootorpaatidele\/muravaba-tulekindel-soojusisolatsiooniplaat-400-mm-x-480-mm-x-2-mm-hall-hobe\/","name":"M\u00dcRAVABA, TULEKINDEL SOOJUSISOLATSIOONIPLAAT - 400 x 480 x 2 MM, HALL\/H\u00d5BE - NORDLINE s\u00f5udepaadid ja mootorpaadid. Klaasfiiber materjalist.","isPartOf":{"@id":"https:\/\/nordlinepaadid.ee\/et\/#website"},"primaryImageOfPage":{"@id":"https:\/\/nordlinepaadid.ee\/et\/pood\/varuosad-mootorpaatidele\/muravaba-tulekindel-soojusisolatsiooniplaat-400-mm-x-480-mm-x-2-mm-hall-hobe\/#primaryimage"},"image":{"@id":"https:\/\/nordlinepaadid.ee\/et\/pood\/varuosad-mootorpaatidele\/muravaba-tulekindel-soojusisolatsiooniplaat-400-mm-x-480-mm-x-2-mm-hall-hobe\/#primaryimage"},"thumbnailUrl":"https:\/\/nordlinepaadid.ee\/wp-content\/uploads\/2026\/02\/13503_Meluton_5-scaled.png","datePublished":"2026-04-14T00:31:47+00:00","breadcrumb":{"@id":"https:\/\/nordlinepaadid.ee\/et\/pood\/varuosad-mootorpaatidele\/muravaba-tulekindel-soojusisolatsiooniplaat-400-mm-x-480-mm-x-2-mm-hall-hobe\/#breadcrumb"},"inLanguage":"et","potentialAction":[{"@type":"ReadAction","target":["https:\/\/nordlinepaadid.ee\/et\/pood\/varuosad-mootorpaatidele\/muravaba-tulekindel-soojusisolatsiooniplaat-400-mm-x-480-mm-x-2-mm-hall-hobe\/"]}]},{"@type":"ImageObject","inLanguage":"et","@id":"https:\/\/nordlinepaadid.ee\/et\/pood\/varuosad-mootorpaatidele\/muravaba-tulekindel-soojusisolatsiooniplaat-400-mm-x-480-mm-x-2-mm-hall-hobe\/#primaryimage","url":"https:\/\/nordlinepaadid.ee\/wp-content\/uploads\/2026\/02\/13503_Meluton_5-scaled.png","contentUrl":"https:\/\/nordlinepaadid.ee\/wp-content\/uploads\/2026\/02\/13503_Meluton_5-scaled.png","width":1707,"height":2560},{"@type":"BreadcrumbList","@id":"https:\/\/nordlinepaadid.ee\/et\/pood\/varuosad-mootorpaatidele\/muravaba-tulekindel-soojusisolatsiooniplaat-400-mm-x-480-mm-x-2-mm-hall-hobe\/#breadcrumb","itemListElement":[{"@type":"ListItem","position":1,"name":"Home","item":"https:\/\/nordlinepaadid.ee\/et\/"},{"@type":"ListItem","position":2,"name":"Pood","item":"https:\/\/nordlinepaadid.ee\/et\/pood\/"},{"@type":"ListItem","position":3,"name":"M\u00dcRAVABA, TULEKINDEL SOOJUSISOLATSIOONIPLAAT &#8211; 400 x 480 x 2 MM, HALL\/H\u00d5BE"}]},{"@type":"WebSite","@id":"https:\/\/nordlinepaadid.ee\/et\/#website","url":"https:\/\/nordlinepaadid.ee\/et\/","name":"NORDLINE s\u00f5udepaadid ja mootorpaadid. Klaasfiiber materjalist.","description":"","publisher":{"@id":"https:\/\/nordlinepaadid.ee\/et\/#organization"},"potentialAction":[{"@type":"SearchAction","target":{"@type":"EntryPoint","urlTemplate":"https:\/\/nordlinepaadid.ee\/et\/?s={search_term_string}"},"query-input":{"@type":"PropertyValueSpecification","valueRequired":true,"valueName":"search_term_string"}}],"inLanguage":"et"},{"@type":"Organization","@id":"https:\/\/nordlinepaadid.ee\/et\/#organization","name":"Nordlineboats","url":"https:\/\/nordlinepaadid.ee\/et\/","logo":{"@type":"ImageObject","inLanguage":"et","@id":"https:\/\/nordlinepaadid.ee\/et\/#\/schema\/logo\/image\/","url":"https:\/\/nordlinepaadid.ee\/wp-content\/uploads\/2023\/01\/fulllogo_transparent_nobuffer-e1672750475494.png","contentUrl":"https:\/\/nordlinepaadid.ee\/wp-content\/uploads\/2023\/01\/fulllogo_transparent_nobuffer-e1672750475494.png","width":150,"height":119,"caption":"Nordlineboats"},"image":{"@id":"https:\/\/nordlinepaadid.ee\/et\/#\/schema\/logo\/image\/"},"sameAs":["https:\/\/www.facebook.com\/nordlineboats","https:\/\/www.youtube.com\/channel\/UCbgF0fy02y3QkFnujaLTaCA"]}]}},"taxonomy_info":{"product_cat":[{"value":249,"label":"VARUOSAD MOOTORPAATIDELE"}],"pa_color":[{"value":1852,"label":"H\u00f5be\/Hall"}],"pa_producer":[{"value":1851,"label":"Meluton"}],"pa_unit":[{"value":416,"label":"pcs"}]},"featured_image_src_large":["https:\/\/nordlinepaadid.ee\/wp-content\/uploads\/2026\/02\/13503_Meluton_5-683x1024.png",683,1024,true],"author_info":[],"comment_info":"","_links":{"self":[{"href":"https:\/\/nordlinepaadid.ee\/et\/wp-json\/wp\/v2\/product\/54412","targetHints":{"allow":["GET"]}}],"collection":[{"href":"https:\/\/nordlinepaadid.ee\/et\/wp-json\/wp\/v2\/product"}],"about":[{"href":"https:\/\/nordlinepaadid.ee\/et\/wp-json\/wp\/v2\/types\/product"}],"wp:featuredmedia":[{"embeddable":true,"href":"https:\/\/nordlinepaadid.ee\/et\/wp-json\/wp\/v2\/media\/54413"}],"wp:attachment":[{"href":"https:\/\/nordlinepaadid.ee\/et\/wp-json\/wp\/v2\/media?parent=54412"}],"wp:term":[{"taxonomy":"product_brand","embeddable":true,"href":"https:\/\/nordlinepaadid.ee\/et\/wp-json\/wp\/v2\/product_brand?post=54412"},{"taxonomy":"product_cat","embeddable":true,"href":"https:\/\/nordlinepaadid.ee\/et\/wp-json\/wp\/v2\/product_cat?post=54412"},{"taxonomy":"product_tag","embeddable":true,"href":"https:\/\/nordlinepaadid.ee\/et\/wp-json\/wp\/v2\/product_tag?post=54412"}],"curies":[{"name":"wp","href":"https:\/\/api.w.org\/{rel}","templated":true}]}}