{"id":54418,"date":"2026-04-14T03:31:47","date_gmt":"2026-04-14T00:31:47","guid":{"rendered":"https:\/\/nordlinepaadid.ee\/pood\/maaratlemata\/muravaba-reduce-pro-a8-heliisolatsioonplaat-495-mm-x-1000-mm-x-35-mm-must\/"},"modified":"2026-04-14T03:31:47","modified_gmt":"2026-04-14T00:31:47","slug":"muravaba-reduce-pro-a8-heliisolatsioonplaat-495-mm-x-1000-mm-x-35-mm-must","status":"publish","type":"product","link":"https:\/\/nordlinepaadid.ee\/et\/pood\/varuosad-mootorpaatidele\/muravaba-reduce-pro-a8-heliisolatsioonplaat-495-mm-x-1000-mm-x-35-mm-must\/","title":{"rendered":"M\u00dcRAVABA REDUCE PRO A8 HELIISOLATSIOONPLAAT- 495 x 1000 x 35 MM, MUST"},"content":{"rendered":"<p style=\"text-align:justify\">Reduce\u00ae Pro mitte ainult ei paranda heliisolatsiooni, vaid v\u00f5imaldab teil seda ka h\u00f5lpsalt uuendada, et pakkuda turul maksimaalset heliisolatsiooni. See toode pakub tipptasemel heliisolatsiooni ja tuleohutust ning vastab v\u00e4ga rangetele eeskirjadele nii paatides kui ka \u00fchistranspordivahendites. V\u00e4ga mitmek\u00fclgne ja ohutu valik, kui soovite parimat v\u00f5imalikku kaitset ja heliisolatsiooni.<\/p>\n<p>&#13;<br \/>\n&#13;<\/p>\n<p>&nbsp;<\/p>\n<p>&#13;<br \/>\n&#13;<\/p>\n<p>&#8211; Tarnitakse plaatidena<\/p>\n<p>&#13;<br \/>\n&#13;<\/p>\n<p>&#8211; Plaadi suurus: 495 mm x 1000 mm<\/p>\n<p>&#13;<br \/>\n&#13;<\/p>\n<p>&#8211; Mehaaniline paigaldus v\u00f5i kinnitus liimiga<\/p>\n<p>&#13;<br \/>\n&#13;<\/p>\n<p>&#8211; Hinnanguline paksus 35 mm<\/p>\n<p>&#13;<br \/>\n&#13;<\/p>\n<p>&#8211; Hinnanguline kaal 8 kg\/m2<\/p>\n<p>&#13;<br \/>\n&#13;<\/p>\n<p>&#8211; Isekustuv, saab kasutada heliisolatsioonina s\u00f5idukites ja mootorire\u017eiimides CE-sertifikaadiga l\u00f5bus\u00f5idulaevades<\/p>\n<p>&#13;<br \/>\n&#13;<\/p>\n<p>&#8211; Toode vastab FMVSS 302 tulekindluse klassifikatsioonile ja ECE R118 lisa 6\/7\/8\/9 rangeimatele n\u00f5uetele \u00fchistranspordivahendites<\/p>\n<p>&#13;<\/p>\n","protected":false},"excerpt":{"rendered":"<p>Reduce\u00ae Pro mitte ainult ei paranda heliisolatsiooni, vaid v\u00f5imaldab teil seda ka h\u00f5lpsalt uuendada, et pakkuda turul maksimaalset heliisolatsiooni. See toode pakub tipptasemel heliisolatsiooni ja tuleohutust ning vastab v\u00e4ga rangetele eeskirjadele nii paatides kui ka \u00fchistranspordivahendites. V\u00e4ga mitmek\u00fclgne ja ohutu valik, kui soovite parimat v\u00f5imalikku kaitset ja heliisolatsiooni. &#13; &#13; &nbsp; &#13; &#13; &#8211; Tarnitakse&#8230;<\/p>\n","protected":false},"featured_media":54419,"template":"","meta":{"_kad_blocks_custom_css":"","_kad_blocks_head_custom_js":"","_kad_blocks_body_custom_js":"","_kad_blocks_footer_custom_js":"","_kad_post_transparent":"","_kad_post_title":"","_kad_post_layout":"","_kad_post_sidebar_id":"","_kad_post_content_style":"","_kad_post_vertical_padding":"","_kad_post_feature":"","_kad_post_feature_position":"","_kad_post_header":false,"_kad_post_footer":false,"_kad_post_classname":""},"product_brand":[],"product_cat":[249],"product_tag":[],"class_list":{"0":"post-54418","1":"product","2":"type-product","3":"status-publish","4":"has-post-thumbnail","6":"product_cat-varuosad-mootorpaatidele","7":"pa_color-must","8":"pa_producer-meluton","9":"pa_unit-pcs","10":"tm-no-options","12":"first","13":"onbackorder","14":"taxable","15":"shipping-taxable","16":"purchasable","17":"product-type-simple","18":"entry","19":"content-bg","20":"loop-entry"},"yoast_head":"<!-- This site is optimized with the Yoast SEO plugin v27.3 - https:\/\/yoast.com\/product\/yoast-seo-wordpress\/ -->\n<title>M\u00dcRAVABA REDUCE PRO A8 HELIISOLATSIOONPLAAT- 495 x 1000 x 35 MM, MUST - NORDLINE s\u00f5udepaadid ja mootorpaadid. Klaasfiiber materjalist.<\/title>\n<meta name=\"robots\" content=\"index, follow, max-snippet:-1, max-image-preview:large, max-video-preview:-1\" \/>\n<link rel=\"canonical\" href=\"https:\/\/nordlinepaadid.ee\/et\/pood\/varuosad-mootorpaatidele\/muravaba-reduce-pro-a8-heliisolatsioonplaat-495-mm-x-1000-mm-x-35-mm-must\/\" \/>\n<meta property=\"og:locale\" content=\"et_EE\" \/>\n<meta property=\"og:type\" content=\"article\" \/>\n<meta property=\"og:title\" content=\"M\u00dcRAVABA REDUCE PRO A8 HELIISOLATSIOONPLAAT- 495 x 1000 x 35 MM, MUST - NORDLINE s\u00f5udepaadid ja mootorpaadid. Klaasfiiber materjalist.\" \/>\n<meta property=\"og:description\" content=\"Reduce\u00ae Pro mitte ainult ei paranda heliisolatsiooni, vaid v\u00f5imaldab teil seda ka h\u00f5lpsalt uuendada, et pakkuda turul maksimaalset heliisolatsiooni. See toode pakub tipptasemel heliisolatsiooni ja tuleohutust ning vastab v\u00e4ga rangetele eeskirjadele nii paatides kui ka \u00fchistranspordivahendites. V\u00e4ga mitmek\u00fclgne ja ohutu valik, kui soovite parimat v\u00f5imalikku kaitset ja heliisolatsiooni. &#013; &#013; &nbsp; &#013; &#013; &#8211; Tarnitakse...\" \/>\n<meta property=\"og:url\" content=\"https:\/\/nordlinepaadid.ee\/et\/pood\/varuosad-mootorpaatidele\/muravaba-reduce-pro-a8-heliisolatsioonplaat-495-mm-x-1000-mm-x-35-mm-must\/\" \/>\n<meta property=\"og:site_name\" content=\"NORDLINE s\u00f5udepaadid ja mootorpaadid. Klaasfiiber materjalist.\" \/>\n<meta property=\"article:publisher\" content=\"https:\/\/www.facebook.com\/nordlineboats\" \/>\n<meta property=\"og:image\" content=\"https:\/\/nordlinepaadid.ee\/wp-content\/uploads\/2026\/02\/13505_Meluton_7-scaled.jpg\" \/>\n\t<meta property=\"og:image:width\" content=\"1707\" \/>\n\t<meta property=\"og:image:height\" content=\"2560\" \/>\n\t<meta property=\"og:image:type\" content=\"image\/jpeg\" \/>\n<meta name=\"twitter:card\" content=\"summary_large_image\" \/>\n<meta name=\"twitter:label1\" content=\"Est. reading time\" \/>\n\t<meta name=\"twitter:data1\" content=\"1 minut\" \/>\n<script type=\"application\/ld+json\" class=\"yoast-schema-graph\">{\"@context\":\"https:\\\/\\\/schema.org\",\"@graph\":[{\"@type\":\"WebPage\",\"@id\":\"https:\\\/\\\/nordlinepaadid.ee\\\/et\\\/pood\\\/varuosad-mootorpaatidele\\\/muravaba-reduce-pro-a8-heliisolatsioonplaat-495-mm-x-1000-mm-x-35-mm-must\\\/\",\"url\":\"https:\\\/\\\/nordlinepaadid.ee\\\/et\\\/pood\\\/varuosad-mootorpaatidele\\\/muravaba-reduce-pro-a8-heliisolatsioonplaat-495-mm-x-1000-mm-x-35-mm-must\\\/\",\"name\":\"M\u00dcRAVABA REDUCE PRO A8 HELIISOLATSIOONPLAAT- 495 x 1000 x 35 MM, MUST - NORDLINE s\u00f5udepaadid ja mootorpaadid. Klaasfiiber materjalist.\",\"isPartOf\":{\"@id\":\"https:\\\/\\\/nordlinepaadid.ee\\\/et\\\/#website\"},\"primaryImageOfPage\":{\"@id\":\"https:\\\/\\\/nordlinepaadid.ee\\\/et\\\/pood\\\/varuosad-mootorpaatidele\\\/muravaba-reduce-pro-a8-heliisolatsioonplaat-495-mm-x-1000-mm-x-35-mm-must\\\/#primaryimage\"},\"image\":{\"@id\":\"https:\\\/\\\/nordlinepaadid.ee\\\/et\\\/pood\\\/varuosad-mootorpaatidele\\\/muravaba-reduce-pro-a8-heliisolatsioonplaat-495-mm-x-1000-mm-x-35-mm-must\\\/#primaryimage\"},\"thumbnailUrl\":\"https:\\\/\\\/nordlinepaadid.ee\\\/wp-content\\\/uploads\\\/2026\\\/02\\\/13505_Meluton_7-scaled.jpg\",\"datePublished\":\"2026-04-14T00:31:47+00:00\",\"breadcrumb\":{\"@id\":\"https:\\\/\\\/nordlinepaadid.ee\\\/et\\\/pood\\\/varuosad-mootorpaatidele\\\/muravaba-reduce-pro-a8-heliisolatsioonplaat-495-mm-x-1000-mm-x-35-mm-must\\\/#breadcrumb\"},\"inLanguage\":\"et\",\"potentialAction\":[{\"@type\":\"ReadAction\",\"target\":[\"https:\\\/\\\/nordlinepaadid.ee\\\/et\\\/pood\\\/varuosad-mootorpaatidele\\\/muravaba-reduce-pro-a8-heliisolatsioonplaat-495-mm-x-1000-mm-x-35-mm-must\\\/\"]}]},{\"@type\":\"ImageObject\",\"inLanguage\":\"et\",\"@id\":\"https:\\\/\\\/nordlinepaadid.ee\\\/et\\\/pood\\\/varuosad-mootorpaatidele\\\/muravaba-reduce-pro-a8-heliisolatsioonplaat-495-mm-x-1000-mm-x-35-mm-must\\\/#primaryimage\",\"url\":\"https:\\\/\\\/nordlinepaadid.ee\\\/wp-content\\\/uploads\\\/2026\\\/02\\\/13505_Meluton_7-scaled.jpg\",\"contentUrl\":\"https:\\\/\\\/nordlinepaadid.ee\\\/wp-content\\\/uploads\\\/2026\\\/02\\\/13505_Meluton_7-scaled.jpg\",\"width\":1707,\"height\":2560},{\"@type\":\"BreadcrumbList\",\"@id\":\"https:\\\/\\\/nordlinepaadid.ee\\\/et\\\/pood\\\/varuosad-mootorpaatidele\\\/muravaba-reduce-pro-a8-heliisolatsioonplaat-495-mm-x-1000-mm-x-35-mm-must\\\/#breadcrumb\",\"itemListElement\":[{\"@type\":\"ListItem\",\"position\":1,\"name\":\"Home\",\"item\":\"https:\\\/\\\/nordlinepaadid.ee\\\/et\\\/\"},{\"@type\":\"ListItem\",\"position\":2,\"name\":\"Pood\",\"item\":\"https:\\\/\\\/nordlinepaadid.ee\\\/et\\\/pood\\\/\"},{\"@type\":\"ListItem\",\"position\":3,\"name\":\"M\u00dcRAVABA REDUCE PRO A8 HELIISOLATSIOONPLAAT- 495 x 1000 x 35 MM, MUST\"}]},{\"@type\":\"WebSite\",\"@id\":\"https:\\\/\\\/nordlinepaadid.ee\\\/et\\\/#website\",\"url\":\"https:\\\/\\\/nordlinepaadid.ee\\\/et\\\/\",\"name\":\"NORDLINE s\u00f5udepaadid ja mootorpaadid. Klaasfiiber materjalist.\",\"description\":\"\",\"publisher\":{\"@id\":\"https:\\\/\\\/nordlinepaadid.ee\\\/et\\\/#organization\"},\"potentialAction\":[{\"@type\":\"SearchAction\",\"target\":{\"@type\":\"EntryPoint\",\"urlTemplate\":\"https:\\\/\\\/nordlinepaadid.ee\\\/et\\\/?s={search_term_string}\"},\"query-input\":{\"@type\":\"PropertyValueSpecification\",\"valueRequired\":true,\"valueName\":\"search_term_string\"}}],\"inLanguage\":\"et\"},{\"@type\":\"Organization\",\"@id\":\"https:\\\/\\\/nordlinepaadid.ee\\\/et\\\/#organization\",\"name\":\"Nordlineboats\",\"url\":\"https:\\\/\\\/nordlinepaadid.ee\\\/et\\\/\",\"logo\":{\"@type\":\"ImageObject\",\"inLanguage\":\"et\",\"@id\":\"https:\\\/\\\/nordlinepaadid.ee\\\/et\\\/#\\\/schema\\\/logo\\\/image\\\/\",\"url\":\"https:\\\/\\\/nordlinepaadid.ee\\\/wp-content\\\/uploads\\\/2023\\\/01\\\/fulllogo_transparent_nobuffer-e1672750475494.png\",\"contentUrl\":\"https:\\\/\\\/nordlinepaadid.ee\\\/wp-content\\\/uploads\\\/2023\\\/01\\\/fulllogo_transparent_nobuffer-e1672750475494.png\",\"width\":150,\"height\":119,\"caption\":\"Nordlineboats\"},\"image\":{\"@id\":\"https:\\\/\\\/nordlinepaadid.ee\\\/et\\\/#\\\/schema\\\/logo\\\/image\\\/\"},\"sameAs\":[\"https:\\\/\\\/www.facebook.com\\\/nordlineboats\",\"https:\\\/\\\/www.youtube.com\\\/channel\\\/UCbgF0fy02y3QkFnujaLTaCA\"]}]}<\/script>\n<!-- \/ Yoast SEO plugin. -->","yoast_head_json":{"title":"M\u00dcRAVABA REDUCE PRO A8 HELIISOLATSIOONPLAAT- 495 x 1000 x 35 MM, MUST - NORDLINE s\u00f5udepaadid ja mootorpaadid. Klaasfiiber materjalist.","robots":{"index":"index","follow":"follow","max-snippet":"max-snippet:-1","max-image-preview":"max-image-preview:large","max-video-preview":"max-video-preview:-1"},"canonical":"https:\/\/nordlinepaadid.ee\/et\/pood\/varuosad-mootorpaatidele\/muravaba-reduce-pro-a8-heliisolatsioonplaat-495-mm-x-1000-mm-x-35-mm-must\/","og_locale":"et_EE","og_type":"article","og_title":"M\u00dcRAVABA REDUCE PRO A8 HELIISOLATSIOONPLAAT- 495 x 1000 x 35 MM, MUST - NORDLINE s\u00f5udepaadid ja mootorpaadid. Klaasfiiber materjalist.","og_description":"Reduce\u00ae Pro mitte ainult ei paranda heliisolatsiooni, vaid v\u00f5imaldab teil seda ka h\u00f5lpsalt uuendada, et pakkuda turul maksimaalset heliisolatsiooni. See toode pakub tipptasemel heliisolatsiooni ja tuleohutust ning vastab v\u00e4ga rangetele eeskirjadele nii paatides kui ka \u00fchistranspordivahendites. V\u00e4ga mitmek\u00fclgne ja ohutu valik, kui soovite parimat v\u00f5imalikku kaitset ja heliisolatsiooni. &#13; &#13; &nbsp; &#13; &#13; &#8211; Tarnitakse...","og_url":"https:\/\/nordlinepaadid.ee\/et\/pood\/varuosad-mootorpaatidele\/muravaba-reduce-pro-a8-heliisolatsioonplaat-495-mm-x-1000-mm-x-35-mm-must\/","og_site_name":"NORDLINE s\u00f5udepaadid ja mootorpaadid. Klaasfiiber materjalist.","article_publisher":"https:\/\/www.facebook.com\/nordlineboats","og_image":[{"width":1707,"height":2560,"url":"https:\/\/nordlinepaadid.ee\/wp-content\/uploads\/2026\/02\/13505_Meluton_7-scaled.jpg","type":"image\/jpeg"}],"twitter_card":"summary_large_image","twitter_misc":{"Est. reading time":"1 minut"},"schema":{"@context":"https:\/\/schema.org","@graph":[{"@type":"WebPage","@id":"https:\/\/nordlinepaadid.ee\/et\/pood\/varuosad-mootorpaatidele\/muravaba-reduce-pro-a8-heliisolatsioonplaat-495-mm-x-1000-mm-x-35-mm-must\/","url":"https:\/\/nordlinepaadid.ee\/et\/pood\/varuosad-mootorpaatidele\/muravaba-reduce-pro-a8-heliisolatsioonplaat-495-mm-x-1000-mm-x-35-mm-must\/","name":"M\u00dcRAVABA REDUCE PRO A8 HELIISOLATSIOONPLAAT- 495 x 1000 x 35 MM, MUST - NORDLINE s\u00f5udepaadid ja mootorpaadid. Klaasfiiber materjalist.","isPartOf":{"@id":"https:\/\/nordlinepaadid.ee\/et\/#website"},"primaryImageOfPage":{"@id":"https:\/\/nordlinepaadid.ee\/et\/pood\/varuosad-mootorpaatidele\/muravaba-reduce-pro-a8-heliisolatsioonplaat-495-mm-x-1000-mm-x-35-mm-must\/#primaryimage"},"image":{"@id":"https:\/\/nordlinepaadid.ee\/et\/pood\/varuosad-mootorpaatidele\/muravaba-reduce-pro-a8-heliisolatsioonplaat-495-mm-x-1000-mm-x-35-mm-must\/#primaryimage"},"thumbnailUrl":"https:\/\/nordlinepaadid.ee\/wp-content\/uploads\/2026\/02\/13505_Meluton_7-scaled.jpg","datePublished":"2026-04-14T00:31:47+00:00","breadcrumb":{"@id":"https:\/\/nordlinepaadid.ee\/et\/pood\/varuosad-mootorpaatidele\/muravaba-reduce-pro-a8-heliisolatsioonplaat-495-mm-x-1000-mm-x-35-mm-must\/#breadcrumb"},"inLanguage":"et","potentialAction":[{"@type":"ReadAction","target":["https:\/\/nordlinepaadid.ee\/et\/pood\/varuosad-mootorpaatidele\/muravaba-reduce-pro-a8-heliisolatsioonplaat-495-mm-x-1000-mm-x-35-mm-must\/"]}]},{"@type":"ImageObject","inLanguage":"et","@id":"https:\/\/nordlinepaadid.ee\/et\/pood\/varuosad-mootorpaatidele\/muravaba-reduce-pro-a8-heliisolatsioonplaat-495-mm-x-1000-mm-x-35-mm-must\/#primaryimage","url":"https:\/\/nordlinepaadid.ee\/wp-content\/uploads\/2026\/02\/13505_Meluton_7-scaled.jpg","contentUrl":"https:\/\/nordlinepaadid.ee\/wp-content\/uploads\/2026\/02\/13505_Meluton_7-scaled.jpg","width":1707,"height":2560},{"@type":"BreadcrumbList","@id":"https:\/\/nordlinepaadid.ee\/et\/pood\/varuosad-mootorpaatidele\/muravaba-reduce-pro-a8-heliisolatsioonplaat-495-mm-x-1000-mm-x-35-mm-must\/#breadcrumb","itemListElement":[{"@type":"ListItem","position":1,"name":"Home","item":"https:\/\/nordlinepaadid.ee\/et\/"},{"@type":"ListItem","position":2,"name":"Pood","item":"https:\/\/nordlinepaadid.ee\/et\/pood\/"},{"@type":"ListItem","position":3,"name":"M\u00dcRAVABA REDUCE PRO A8 HELIISOLATSIOONPLAAT- 495 x 1000 x 35 MM, MUST"}]},{"@type":"WebSite","@id":"https:\/\/nordlinepaadid.ee\/et\/#website","url":"https:\/\/nordlinepaadid.ee\/et\/","name":"NORDLINE s\u00f5udepaadid ja mootorpaadid. Klaasfiiber materjalist.","description":"","publisher":{"@id":"https:\/\/nordlinepaadid.ee\/et\/#organization"},"potentialAction":[{"@type":"SearchAction","target":{"@type":"EntryPoint","urlTemplate":"https:\/\/nordlinepaadid.ee\/et\/?s={search_term_string}"},"query-input":{"@type":"PropertyValueSpecification","valueRequired":true,"valueName":"search_term_string"}}],"inLanguage":"et"},{"@type":"Organization","@id":"https:\/\/nordlinepaadid.ee\/et\/#organization","name":"Nordlineboats","url":"https:\/\/nordlinepaadid.ee\/et\/","logo":{"@type":"ImageObject","inLanguage":"et","@id":"https:\/\/nordlinepaadid.ee\/et\/#\/schema\/logo\/image\/","url":"https:\/\/nordlinepaadid.ee\/wp-content\/uploads\/2023\/01\/fulllogo_transparent_nobuffer-e1672750475494.png","contentUrl":"https:\/\/nordlinepaadid.ee\/wp-content\/uploads\/2023\/01\/fulllogo_transparent_nobuffer-e1672750475494.png","width":150,"height":119,"caption":"Nordlineboats"},"image":{"@id":"https:\/\/nordlinepaadid.ee\/et\/#\/schema\/logo\/image\/"},"sameAs":["https:\/\/www.facebook.com\/nordlineboats","https:\/\/www.youtube.com\/channel\/UCbgF0fy02y3QkFnujaLTaCA"]}]}},"taxonomy_info":{"product_cat":[{"value":249,"label":"VARUOSAD MOOTORPAATIDELE"}],"pa_color":[{"value":684,"label":"Must"}],"pa_producer":[{"value":1851,"label":"Meluton"}],"pa_unit":[{"value":416,"label":"pcs"}]},"featured_image_src_large":["https:\/\/nordlinepaadid.ee\/wp-content\/uploads\/2026\/02\/13505_Meluton_7-683x1024.jpg",683,1024,true],"author_info":[],"comment_info":"","_links":{"self":[{"href":"https:\/\/nordlinepaadid.ee\/et\/wp-json\/wp\/v2\/product\/54418","targetHints":{"allow":["GET"]}}],"collection":[{"href":"https:\/\/nordlinepaadid.ee\/et\/wp-json\/wp\/v2\/product"}],"about":[{"href":"https:\/\/nordlinepaadid.ee\/et\/wp-json\/wp\/v2\/types\/product"}],"wp:featuredmedia":[{"embeddable":true,"href":"https:\/\/nordlinepaadid.ee\/et\/wp-json\/wp\/v2\/media\/54419"}],"wp:attachment":[{"href":"https:\/\/nordlinepaadid.ee\/et\/wp-json\/wp\/v2\/media?parent=54418"}],"wp:term":[{"taxonomy":"product_brand","embeddable":true,"href":"https:\/\/nordlinepaadid.ee\/et\/wp-json\/wp\/v2\/product_brand?post=54418"},{"taxonomy":"product_cat","embeddable":true,"href":"https:\/\/nordlinepaadid.ee\/et\/wp-json\/wp\/v2\/product_cat?post=54418"},{"taxonomy":"product_tag","embeddable":true,"href":"https:\/\/nordlinepaadid.ee\/et\/wp-json\/wp\/v2\/product_tag?post=54418"}],"curies":[{"name":"wp","href":"https:\/\/api.w.org\/{rel}","templated":true}]}}