{"id":56449,"date":"2026-02-08T16:26:06","date_gmt":"2026-02-08T14:26:06","guid":{"rendered":"https:\/\/nordlinepaadid.ee\/?post_type=product&#038;p=56449"},"modified":"2026-04-19T16:03:33","modified_gmt":"2026-04-19T13:03:33","slug":"puidukutteahi-35-kw","status":"publish","type":"product","link":"https:\/\/nordlinepaadid.ee\/et\/pood\/kumblustunnid\/kumblustunni-lisaseadmed\/puidukutteahi-35-kw\/","title":{"rendered":"Puiduk\u00fctteahi 35 kW"},"content":{"rendered":"<h1>Puiduk\u00fctteahi 35 kW<\/h1>\n<p>K\u00fcmblust\u00fcnni v\u00e4lisahi\u00a0on valmistatud kvaliteetsest merealumiiniumist, mis on k\u00f5rge korrosioonitaluvusega ning kiire soojusvahetusega.<br \/>\nVee kiiremaks soojenemiseks on ahju sisemuses l\u00e4bivooluga vahelagi ja kaks 60 mm l\u00e4bim\u00f5\u00f5duga l\u00e4bivoolutoru.<br \/>\nAhju sisemuses on malmist tuharest.<\/p>\n<h3>M\u00f5\u00f5dud:<\/h3>\n<p>Laius: 450 mm<br \/>\nK\u00f5rgus: 650 mm<br \/>\nS\u00fcgavus: 600 mm<br \/>\nKaal: 45 kg<\/p>\n<p>Komplekti kuuluvad 2 meetri k\u00f5rgune roostevabast terasest korsten (l\u00e4bim\u00f5\u00f5duga 150 mm) ja \u00fchenduskomplekt ahju \u00fchendamiseks t\u00fcnni k\u00fclge. Vastavalt kliendi soovile on v\u00f5imalik tellida l\u00e4bivoolutorude paigutus kas ahju tagumisele v\u00f5i k\u00fclgmisele k\u00fcljele.<\/p>\n","protected":false},"excerpt":{"rendered":"<p>Puiduk\u00fctteahi 35 kW K\u00fcmblust\u00fcnni v\u00e4lisahi\u00a0on valmistatud kvaliteetsest merealumiiniumist, mis on k\u00f5rge korrosioonitaluvusega ning kiire soojusvahetusega. Vee kiiremaks soojenemiseks on ahju sisemuses l\u00e4bivooluga vahelagi ja kaks 60 mm l\u00e4bim\u00f5\u00f5duga l\u00e4bivoolutoru. Ahju sisemuses on malmist tuharest. M\u00f5\u00f5dud: Laius: 450 mm K\u00f5rgus: 650 mm S\u00fcgavus: 600 mm Kaal: 45 kg Komplekti kuuluvad 2 meetri k\u00f5rgune roostevabast terasest korsten&#8230;<\/p>\n","protected":false},"featured_media":56463,"template":"","meta":{"_kad_blocks_custom_css":"","_kad_blocks_head_custom_js":"","_kad_blocks_body_custom_js":"","_kad_blocks_footer_custom_js":"","_kad_post_transparent":"default","_kad_post_title":"","_kad_post_layout":"default","_kad_post_sidebar_id":"","_kad_post_content_style":"default","_kad_post_vertical_padding":"default","_kad_post_feature":"","_kad_post_feature_position":"","_kad_post_header":false,"_kad_post_footer":false,"_kad_post_classname":""},"product_brand":[],"product_cat":[1854],"product_tag":[],"class_list":{"0":"post-56449","1":"product","2":"type-product","3":"status-publish","4":"has-post-thumbnail","6":"product_cat-kumblustunni-lisaseadmed","7":"tm-no-options","9":"first","10":"onbackorder","11":"sale","12":"taxable","13":"shipping-taxable","14":"purchasable","15":"product-type-simple","16":"entry","17":"content-bg","18":"loop-entry"},"yoast_head":"<!-- This site is optimized with the Yoast SEO plugin v27.3 - https:\/\/yoast.com\/product\/yoast-seo-wordpress\/ -->\n<title>K\u00fcmblust\u00fcnni puuk\u00fctteahi 35kW<\/title>\n<meta name=\"description\" content=\"Merealumiiniumist tugev ja t\u00e4iustatud vees\u00e4rgiga puuk\u00fctteahi. Kaasas 2m korsten koos s\u00e4demep\u00fc\u00fcdjaga, tuharest ja \u00fchendustarvikud.\" \/>\n<meta name=\"robots\" content=\"index, follow, max-snippet:-1, max-image-preview:large, max-video-preview:-1\" \/>\n<link rel=\"canonical\" href=\"https:\/\/nordlinepaadid.ee\/et\/pood\/kumblustunnid\/kumblustunni-lisaseadmed\/puidukutteahi-35-kw\/\" \/>\n<meta property=\"og:locale\" content=\"et_EE\" \/>\n<meta property=\"og:type\" content=\"article\" \/>\n<meta property=\"og:title\" content=\"K\u00fcmblust\u00fcnni puuk\u00fctteahi 35kW\" \/>\n<meta property=\"og:description\" content=\"Merealumiiniumist tugev ja t\u00e4iustatud vees\u00e4rgiga puuk\u00fctteahi. Kaasas 2m korsten koos s\u00e4demep\u00fc\u00fcdjaga, tuharest ja \u00fchendustarvikud.\" \/>\n<meta property=\"og:url\" content=\"https:\/\/nordlinepaadid.ee\/et\/pood\/kumblustunnid\/kumblustunni-lisaseadmed\/puidukutteahi-35-kw\/\" \/>\n<meta property=\"og:site_name\" content=\"NORDLINE s\u00f5udepaadid ja mootorpaadid. Klaasfiiber materjalist.\" \/>\n<meta property=\"article:publisher\" content=\"https:\/\/www.facebook.com\/nordlineboats\" \/>\n<meta property=\"article:modified_time\" content=\"2026-04-19T13:03:33+00:00\" \/>\n<meta property=\"og:image\" content=\"https:\/\/nordlinepaadid.ee\/wp-content\/uploads\/2026\/02\/Kumblustunn-Hot-tube-\u041a\u0443\u043f\u0435\u043b\u044c-Kylpytynnyri-Nordline-alumiiniumist.jpg\" \/>\n\t<meta property=\"og:image:width\" content=\"2029\" \/>\n\t<meta property=\"og:image:height\" content=\"960\" \/>\n\t<meta property=\"og:image:type\" content=\"image\/jpeg\" \/>\n<meta name=\"twitter:card\" content=\"summary_large_image\" \/>\n<meta name=\"twitter:label1\" content=\"Est. reading time\" \/>\n\t<meta name=\"twitter:data1\" content=\"1 minut\" \/>\n<script type=\"application\/ld+json\" class=\"yoast-schema-graph\">{\"@context\":\"https:\\\/\\\/schema.org\",\"@graph\":[{\"@type\":\"WebPage\",\"@id\":\"https:\\\/\\\/nordlinepaadid.ee\\\/et\\\/pood\\\/kumblustunnid\\\/kumblustunni-lisaseadmed\\\/puidukutteahi-35-kw\\\/\",\"url\":\"https:\\\/\\\/nordlinepaadid.ee\\\/et\\\/pood\\\/kumblustunnid\\\/kumblustunni-lisaseadmed\\\/puidukutteahi-35-kw\\\/\",\"name\":\"K\u00fcmblust\u00fcnni puuk\u00fctteahi 35kW\",\"isPartOf\":{\"@id\":\"https:\\\/\\\/nordlinepaadid.ee\\\/et\\\/#website\"},\"primaryImageOfPage\":{\"@id\":\"https:\\\/\\\/nordlinepaadid.ee\\\/et\\\/pood\\\/kumblustunnid\\\/kumblustunni-lisaseadmed\\\/puidukutteahi-35-kw\\\/#primaryimage\"},\"image\":{\"@id\":\"https:\\\/\\\/nordlinepaadid.ee\\\/et\\\/pood\\\/kumblustunnid\\\/kumblustunni-lisaseadmed\\\/puidukutteahi-35-kw\\\/#primaryimage\"},\"thumbnailUrl\":\"https:\\\/\\\/nordlinepaadid.ee\\\/wp-content\\\/uploads\\\/2026\\\/02\\\/Kumblustunn-Hot-tube-\u041a\u0443\u043f\u0435\u043b\u044c-Kylpytynnyri-Nordline-alumiiniumist.jpg\",\"datePublished\":\"2026-02-08T14:26:06+00:00\",\"dateModified\":\"2026-04-19T13:03:33+00:00\",\"description\":\"Merealumiiniumist tugev ja t\u00e4iustatud vees\u00e4rgiga puuk\u00fctteahi. Kaasas 2m korsten koos s\u00e4demep\u00fc\u00fcdjaga, tuharest ja \u00fchendustarvikud.\",\"breadcrumb\":{\"@id\":\"https:\\\/\\\/nordlinepaadid.ee\\\/et\\\/pood\\\/kumblustunnid\\\/kumblustunni-lisaseadmed\\\/puidukutteahi-35-kw\\\/#breadcrumb\"},\"inLanguage\":\"et\",\"potentialAction\":[{\"@type\":\"ReadAction\",\"target\":[\"https:\\\/\\\/nordlinepaadid.ee\\\/et\\\/pood\\\/kumblustunnid\\\/kumblustunni-lisaseadmed\\\/puidukutteahi-35-kw\\\/\"]}]},{\"@type\":\"ImageObject\",\"inLanguage\":\"et\",\"@id\":\"https:\\\/\\\/nordlinepaadid.ee\\\/et\\\/pood\\\/kumblustunnid\\\/kumblustunni-lisaseadmed\\\/puidukutteahi-35-kw\\\/#primaryimage\",\"url\":\"https:\\\/\\\/nordlinepaadid.ee\\\/wp-content\\\/uploads\\\/2026\\\/02\\\/Kumblustunn-Hot-tube-\u041a\u0443\u043f\u0435\u043b\u044c-Kylpytynnyri-Nordline-alumiiniumist.jpg\",\"contentUrl\":\"https:\\\/\\\/nordlinepaadid.ee\\\/wp-content\\\/uploads\\\/2026\\\/02\\\/Kumblustunn-Hot-tube-\u041a\u0443\u043f\u0435\u043b\u044c-Kylpytynnyri-Nordline-alumiiniumist.jpg\",\"width\":2029,\"height\":960,\"caption\":\"K\u00fcmblust\u00fcnni ahi, puiduk\u00fcte\"},{\"@type\":\"BreadcrumbList\",\"@id\":\"https:\\\/\\\/nordlinepaadid.ee\\\/et\\\/pood\\\/kumblustunnid\\\/kumblustunni-lisaseadmed\\\/puidukutteahi-35-kw\\\/#breadcrumb\",\"itemListElement\":[{\"@type\":\"ListItem\",\"position\":1,\"name\":\"Home\",\"item\":\"https:\\\/\\\/nordlinepaadid.ee\\\/et\\\/\"},{\"@type\":\"ListItem\",\"position\":2,\"name\":\"Pood\",\"item\":\"https:\\\/\\\/nordlinepaadid.ee\\\/et\\\/pood\\\/\"},{\"@type\":\"ListItem\",\"position\":3,\"name\":\"Puiduk\u00fctteahi 35 kW\"}]},{\"@type\":\"WebSite\",\"@id\":\"https:\\\/\\\/nordlinepaadid.ee\\\/et\\\/#website\",\"url\":\"https:\\\/\\\/nordlinepaadid.ee\\\/et\\\/\",\"name\":\"NORDLINE s\u00f5udepaadid ja mootorpaadid. Klaasfiiber materjalist.\",\"description\":\"\",\"publisher\":{\"@id\":\"https:\\\/\\\/nordlinepaadid.ee\\\/et\\\/#organization\"},\"potentialAction\":[{\"@type\":\"SearchAction\",\"target\":{\"@type\":\"EntryPoint\",\"urlTemplate\":\"https:\\\/\\\/nordlinepaadid.ee\\\/et\\\/?s={search_term_string}\"},\"query-input\":{\"@type\":\"PropertyValueSpecification\",\"valueRequired\":true,\"valueName\":\"search_term_string\"}}],\"inLanguage\":\"et\"},{\"@type\":\"Organization\",\"@id\":\"https:\\\/\\\/nordlinepaadid.ee\\\/et\\\/#organization\",\"name\":\"Nordlineboats\",\"url\":\"https:\\\/\\\/nordlinepaadid.ee\\\/et\\\/\",\"logo\":{\"@type\":\"ImageObject\",\"inLanguage\":\"et\",\"@id\":\"https:\\\/\\\/nordlinepaadid.ee\\\/et\\\/#\\\/schema\\\/logo\\\/image\\\/\",\"url\":\"https:\\\/\\\/nordlinepaadid.ee\\\/wp-content\\\/uploads\\\/2023\\\/01\\\/fulllogo_transparent_nobuffer-e1672750475494.png\",\"contentUrl\":\"https:\\\/\\\/nordlinepaadid.ee\\\/wp-content\\\/uploads\\\/2023\\\/01\\\/fulllogo_transparent_nobuffer-e1672750475494.png\",\"width\":150,\"height\":119,\"caption\":\"Nordlineboats\"},\"image\":{\"@id\":\"https:\\\/\\\/nordlinepaadid.ee\\\/et\\\/#\\\/schema\\\/logo\\\/image\\\/\"},\"sameAs\":[\"https:\\\/\\\/www.facebook.com\\\/nordlineboats\",\"https:\\\/\\\/www.youtube.com\\\/channel\\\/UCbgF0fy02y3QkFnujaLTaCA\"]}]}<\/script>\n<!-- \/ Yoast SEO plugin. -->","yoast_head_json":{"title":"K\u00fcmblust\u00fcnni puuk\u00fctteahi 35kW","description":"Merealumiiniumist tugev ja t\u00e4iustatud vees\u00e4rgiga puuk\u00fctteahi. Kaasas 2m korsten koos s\u00e4demep\u00fc\u00fcdjaga, tuharest ja \u00fchendustarvikud.","robots":{"index":"index","follow":"follow","max-snippet":"max-snippet:-1","max-image-preview":"max-image-preview:large","max-video-preview":"max-video-preview:-1"},"canonical":"https:\/\/nordlinepaadid.ee\/et\/pood\/kumblustunnid\/kumblustunni-lisaseadmed\/puidukutteahi-35-kw\/","og_locale":"et_EE","og_type":"article","og_title":"K\u00fcmblust\u00fcnni puuk\u00fctteahi 35kW","og_description":"Merealumiiniumist tugev ja t\u00e4iustatud vees\u00e4rgiga puuk\u00fctteahi. Kaasas 2m korsten koos s\u00e4demep\u00fc\u00fcdjaga, tuharest ja \u00fchendustarvikud.","og_url":"https:\/\/nordlinepaadid.ee\/et\/pood\/kumblustunnid\/kumblustunni-lisaseadmed\/puidukutteahi-35-kw\/","og_site_name":"NORDLINE s\u00f5udepaadid ja mootorpaadid. Klaasfiiber materjalist.","article_publisher":"https:\/\/www.facebook.com\/nordlineboats","article_modified_time":"2026-04-19T13:03:33+00:00","og_image":[{"width":2029,"height":960,"url":"https:\/\/nordlinepaadid.ee\/wp-content\/uploads\/2026\/02\/Kumblustunn-Hot-tube-\u041a\u0443\u043f\u0435\u043b\u044c-Kylpytynnyri-Nordline-alumiiniumist.jpg","type":"image\/jpeg"}],"twitter_card":"summary_large_image","twitter_misc":{"Est. reading time":"1 minut"},"schema":{"@context":"https:\/\/schema.org","@graph":[{"@type":"WebPage","@id":"https:\/\/nordlinepaadid.ee\/et\/pood\/kumblustunnid\/kumblustunni-lisaseadmed\/puidukutteahi-35-kw\/","url":"https:\/\/nordlinepaadid.ee\/et\/pood\/kumblustunnid\/kumblustunni-lisaseadmed\/puidukutteahi-35-kw\/","name":"K\u00fcmblust\u00fcnni puuk\u00fctteahi 35kW","isPartOf":{"@id":"https:\/\/nordlinepaadid.ee\/et\/#website"},"primaryImageOfPage":{"@id":"https:\/\/nordlinepaadid.ee\/et\/pood\/kumblustunnid\/kumblustunni-lisaseadmed\/puidukutteahi-35-kw\/#primaryimage"},"image":{"@id":"https:\/\/nordlinepaadid.ee\/et\/pood\/kumblustunnid\/kumblustunni-lisaseadmed\/puidukutteahi-35-kw\/#primaryimage"},"thumbnailUrl":"https:\/\/nordlinepaadid.ee\/wp-content\/uploads\/2026\/02\/Kumblustunn-Hot-tube-\u041a\u0443\u043f\u0435\u043b\u044c-Kylpytynnyri-Nordline-alumiiniumist.jpg","datePublished":"2026-02-08T14:26:06+00:00","dateModified":"2026-04-19T13:03:33+00:00","description":"Merealumiiniumist tugev ja t\u00e4iustatud vees\u00e4rgiga puuk\u00fctteahi. Kaasas 2m korsten koos s\u00e4demep\u00fc\u00fcdjaga, tuharest ja \u00fchendustarvikud.","breadcrumb":{"@id":"https:\/\/nordlinepaadid.ee\/et\/pood\/kumblustunnid\/kumblustunni-lisaseadmed\/puidukutteahi-35-kw\/#breadcrumb"},"inLanguage":"et","potentialAction":[{"@type":"ReadAction","target":["https:\/\/nordlinepaadid.ee\/et\/pood\/kumblustunnid\/kumblustunni-lisaseadmed\/puidukutteahi-35-kw\/"]}]},{"@type":"ImageObject","inLanguage":"et","@id":"https:\/\/nordlinepaadid.ee\/et\/pood\/kumblustunnid\/kumblustunni-lisaseadmed\/puidukutteahi-35-kw\/#primaryimage","url":"https:\/\/nordlinepaadid.ee\/wp-content\/uploads\/2026\/02\/Kumblustunn-Hot-tube-\u041a\u0443\u043f\u0435\u043b\u044c-Kylpytynnyri-Nordline-alumiiniumist.jpg","contentUrl":"https:\/\/nordlinepaadid.ee\/wp-content\/uploads\/2026\/02\/Kumblustunn-Hot-tube-\u041a\u0443\u043f\u0435\u043b\u044c-Kylpytynnyri-Nordline-alumiiniumist.jpg","width":2029,"height":960,"caption":"K\u00fcmblust\u00fcnni ahi, puiduk\u00fcte"},{"@type":"BreadcrumbList","@id":"https:\/\/nordlinepaadid.ee\/et\/pood\/kumblustunnid\/kumblustunni-lisaseadmed\/puidukutteahi-35-kw\/#breadcrumb","itemListElement":[{"@type":"ListItem","position":1,"name":"Home","item":"https:\/\/nordlinepaadid.ee\/et\/"},{"@type":"ListItem","position":2,"name":"Pood","item":"https:\/\/nordlinepaadid.ee\/et\/pood\/"},{"@type":"ListItem","position":3,"name":"Puiduk\u00fctteahi 35 kW"}]},{"@type":"WebSite","@id":"https:\/\/nordlinepaadid.ee\/et\/#website","url":"https:\/\/nordlinepaadid.ee\/et\/","name":"NORDLINE s\u00f5udepaadid ja mootorpaadid. Klaasfiiber materjalist.","description":"","publisher":{"@id":"https:\/\/nordlinepaadid.ee\/et\/#organization"},"potentialAction":[{"@type":"SearchAction","target":{"@type":"EntryPoint","urlTemplate":"https:\/\/nordlinepaadid.ee\/et\/?s={search_term_string}"},"query-input":{"@type":"PropertyValueSpecification","valueRequired":true,"valueName":"search_term_string"}}],"inLanguage":"et"},{"@type":"Organization","@id":"https:\/\/nordlinepaadid.ee\/et\/#organization","name":"Nordlineboats","url":"https:\/\/nordlinepaadid.ee\/et\/","logo":{"@type":"ImageObject","inLanguage":"et","@id":"https:\/\/nordlinepaadid.ee\/et\/#\/schema\/logo\/image\/","url":"https:\/\/nordlinepaadid.ee\/wp-content\/uploads\/2023\/01\/fulllogo_transparent_nobuffer-e1672750475494.png","contentUrl":"https:\/\/nordlinepaadid.ee\/wp-content\/uploads\/2023\/01\/fulllogo_transparent_nobuffer-e1672750475494.png","width":150,"height":119,"caption":"Nordlineboats"},"image":{"@id":"https:\/\/nordlinepaadid.ee\/et\/#\/schema\/logo\/image\/"},"sameAs":["https:\/\/www.facebook.com\/nordlineboats","https:\/\/www.youtube.com\/channel\/UCbgF0fy02y3QkFnujaLTaCA"]}]}},"taxonomy_info":{"product_cat":[{"value":1854,"label":"K\u00fcmblust\u00fcnni lisaseadmed"}]},"featured_image_src_large":["https:\/\/nordlinepaadid.ee\/wp-content\/uploads\/2026\/02\/Kumblustunn-Hot-tube-\u041a\u0443\u043f\u0435\u043b\u044c-Kylpytynnyri-Nordline-alumiiniumist-1024x484.jpg",1024,484,true],"author_info":[],"comment_info":"","_links":{"self":[{"href":"https:\/\/nordlinepaadid.ee\/et\/wp-json\/wp\/v2\/product\/56449","targetHints":{"allow":["GET"]}}],"collection":[{"href":"https:\/\/nordlinepaadid.ee\/et\/wp-json\/wp\/v2\/product"}],"about":[{"href":"https:\/\/nordlinepaadid.ee\/et\/wp-json\/wp\/v2\/types\/product"}],"wp:featuredmedia":[{"embeddable":true,"href":"https:\/\/nordlinepaadid.ee\/et\/wp-json\/wp\/v2\/media\/56463"}],"wp:attachment":[{"href":"https:\/\/nordlinepaadid.ee\/et\/wp-json\/wp\/v2\/media?parent=56449"}],"wp:term":[{"taxonomy":"product_brand","embeddable":true,"href":"https:\/\/nordlinepaadid.ee\/et\/wp-json\/wp\/v2\/product_brand?post=56449"},{"taxonomy":"product_cat","embeddable":true,"href":"https:\/\/nordlinepaadid.ee\/et\/wp-json\/wp\/v2\/product_cat?post=56449"},{"taxonomy":"product_tag","embeddable":true,"href":"https:\/\/nordlinepaadid.ee\/et\/wp-json\/wp\/v2\/product_tag?post=56449"}],"curies":[{"name":"wp","href":"https:\/\/api.w.org\/{rel}","templated":true}]}}