{"id":56457,"date":"2026-02-08T16:26:07","date_gmt":"2026-02-08T14:26:07","guid":{"rendered":"https:\/\/nordlinepaadid.ee\/?post_type=product&#038;p=56457"},"modified":"2026-02-08T16:26:12","modified_gmt":"2026-02-08T14:26:12","slug":"kumblustunni-filtersusteem-2","status":"publish","type":"product","link":"https:\/\/nordlinepaadid.ee\/et\/pood\/kumblustunnid\/kumblustunni-lisaseadmed\/kumblustunni-filtersusteem-2\/","title":{"rendered":"K\u00fcmblust\u00fcnni filters\u00fcsteem"},"content":{"rendered":"<h1>K\u00fcmblust\u00fcnni filters\u00fcsteem<\/h1>\n<p>K\u00fcmblust\u00fcnni filters\u00fcsteem on peamiselt m\u00f5ldud vee puhastamiseks v\u00e4ikestest osakestest. Vesi pumbatakse l\u00e4bi liivafiltri. Tegemist on v\u00f5imsa pumbaga, mille abil on v\u00f5imalik terve k\u00fcmblust\u00fcnni t\u00e4is vett suhteliselt kiiresti l\u00e4bi filtri pumbata. Filtriga v\u00f5ib veel \u00fchendada elektrik\u00fctte, et hoida k\u00fcmblust\u00fcnni temperatuuri soovitud tasemel.<\/p>\n<h2>Komplekti kuuluvad:<\/h2>\n<ul>\n<li>Filters\u00fcsteem pumbaga<\/li>\n<\/ul>\n<p>Juurde on vaja soetada voolik, vastavalt soovitud pikkusele.<\/p>\n","protected":false},"excerpt":{"rendered":"<p>K\u00fcmblust\u00fcnni filters\u00fcsteem K\u00fcmblust\u00fcnni filters\u00fcsteem on peamiselt m\u00f5ldud vee puhastamiseks v\u00e4ikestest osakestest. Vesi pumbatakse l\u00e4bi liivafiltri. Tegemist on v\u00f5imsa pumbaga, mille abil on v\u00f5imalik terve k\u00fcmblust\u00fcnni t\u00e4is vett suhteliselt kiiresti l\u00e4bi filtri pumbata. Filtriga v\u00f5ib veel \u00fchendada elektrik\u00fctte, et hoida k\u00fcmblust\u00fcnni temperatuuri soovitud tasemel. Komplekti kuuluvad: Filters\u00fcsteem pumbaga Juurde on vaja soetada voolik, vastavalt soovitud pikkusele.<\/p>\n","protected":false},"featured_media":56485,"template":"","meta":{"_kad_blocks_custom_css":"","_kad_blocks_head_custom_js":"","_kad_blocks_body_custom_js":"","_kad_blocks_footer_custom_js":"","_kad_post_transparent":"default","_kad_post_title":"","_kad_post_layout":"default","_kad_post_sidebar_id":"","_kad_post_content_style":"default","_kad_post_vertical_padding":"default","_kad_post_feature":"","_kad_post_feature_position":"","_kad_post_header":false,"_kad_post_footer":false,"_kad_post_classname":""},"product_brand":[],"product_cat":[1854],"product_tag":[],"class_list":{"0":"post-56457","1":"product","2":"type-product","3":"status-publish","4":"has-post-thumbnail","6":"product_cat-kumblustunni-lisaseadmed","7":"product_shipping_class-euroalusele-mahtuv-kaup","8":"tm-no-options","10":"first","11":"instock","12":"sale","13":"taxable","14":"shipping-taxable","15":"purchasable","16":"product-type-simple","17":"entry","18":"content-bg","19":"loop-entry"},"yoast_head":"<!-- This site is optimized with the Yoast SEO plugin v27.3 - https:\/\/yoast.com\/product\/yoast-seo-wordpress\/ -->\n<title>K\u00fcmblust\u00fcnni filters\u00fcsteem<\/title>\n<meta name=\"description\" content=\"K\u00fcmblust\u00fcnni filters\u00fcsteem on peamiselt m\u00f5ldud vee puhastamiseks v\u00e4ikestest osakestest. Vesi pumbatakse l\u00e4bi liivafiltri.\" \/>\n<meta name=\"robots\" content=\"index, follow, max-snippet:-1, max-image-preview:large, max-video-preview:-1\" \/>\n<link rel=\"canonical\" href=\"https:\/\/nordlinepaadid.ee\/et\/pood\/kumblustunnid\/kumblustunni-lisaseadmed\/kumblustunni-filtersusteem-2\/\" \/>\n<meta property=\"og:locale\" content=\"et_EE\" \/>\n<meta property=\"og:type\" content=\"article\" \/>\n<meta property=\"og:title\" content=\"K\u00fcmblust\u00fcnni filters\u00fcsteem\" \/>\n<meta property=\"og:description\" content=\"K\u00fcmblust\u00fcnni filters\u00fcsteem on peamiselt m\u00f5ldud vee puhastamiseks v\u00e4ikestest osakestest. Vesi pumbatakse l\u00e4bi liivafiltri.\" \/>\n<meta property=\"og:url\" content=\"https:\/\/nordlinepaadid.ee\/et\/pood\/kumblustunnid\/kumblustunni-lisaseadmed\/kumblustunni-filtersusteem-2\/\" \/>\n<meta property=\"og:site_name\" content=\"NORDLINE s\u00f5udepaadid ja mootorpaadid. Klaasfiiber materjalist.\" \/>\n<meta property=\"article:publisher\" content=\"https:\/\/www.facebook.com\/nordlineboats\" \/>\n<meta property=\"article:modified_time\" content=\"2026-02-08T14:26:12+00:00\" \/>\n<meta property=\"og:image\" content=\"https:\/\/nordlinepaadid.ee\/wp-content\/uploads\/2026\/02\/kumblustunni-filtrisusteem.jpg\" \/>\n\t<meta property=\"og:image:width\" content=\"1500\" \/>\n\t<meta property=\"og:image:height\" content=\"1799\" \/>\n\t<meta property=\"og:image:type\" content=\"image\/jpeg\" \/>\n<meta name=\"twitter:card\" content=\"summary_large_image\" \/>\n<meta name=\"twitter:label1\" content=\"Est. reading time\" \/>\n\t<meta name=\"twitter:data1\" content=\"1 minut\" \/>\n<script type=\"application\/ld+json\" class=\"yoast-schema-graph\">{\"@context\":\"https:\\\/\\\/schema.org\",\"@graph\":[{\"@type\":\"WebPage\",\"@id\":\"https:\\\/\\\/nordlinepaadid.ee\\\/et\\\/pood\\\/kumblustunnid\\\/kumblustunni-lisaseadmed\\\/kumblustunni-filtersusteem-2\\\/\",\"url\":\"https:\\\/\\\/nordlinepaadid.ee\\\/et\\\/pood\\\/kumblustunnid\\\/kumblustunni-lisaseadmed\\\/kumblustunni-filtersusteem-2\\\/\",\"name\":\"K\u00fcmblust\u00fcnni filters\u00fcsteem\",\"isPartOf\":{\"@id\":\"https:\\\/\\\/nordlinepaadid.ee\\\/et\\\/#website\"},\"primaryImageOfPage\":{\"@id\":\"https:\\\/\\\/nordlinepaadid.ee\\\/et\\\/pood\\\/kumblustunnid\\\/kumblustunni-lisaseadmed\\\/kumblustunni-filtersusteem-2\\\/#primaryimage\"},\"image\":{\"@id\":\"https:\\\/\\\/nordlinepaadid.ee\\\/et\\\/pood\\\/kumblustunnid\\\/kumblustunni-lisaseadmed\\\/kumblustunni-filtersusteem-2\\\/#primaryimage\"},\"thumbnailUrl\":\"https:\\\/\\\/nordlinepaadid.ee\\\/wp-content\\\/uploads\\\/2026\\\/02\\\/kumblustunni-filtrisusteem.jpg\",\"datePublished\":\"2026-02-08T14:26:07+00:00\",\"dateModified\":\"2026-02-08T14:26:12+00:00\",\"description\":\"K\u00fcmblust\u00fcnni filters\u00fcsteem on peamiselt m\u00f5ldud vee puhastamiseks v\u00e4ikestest osakestest. Vesi pumbatakse l\u00e4bi liivafiltri.\",\"breadcrumb\":{\"@id\":\"https:\\\/\\\/nordlinepaadid.ee\\\/et\\\/pood\\\/kumblustunnid\\\/kumblustunni-lisaseadmed\\\/kumblustunni-filtersusteem-2\\\/#breadcrumb\"},\"inLanguage\":\"et\",\"potentialAction\":[{\"@type\":\"ReadAction\",\"target\":[\"https:\\\/\\\/nordlinepaadid.ee\\\/et\\\/pood\\\/kumblustunnid\\\/kumblustunni-lisaseadmed\\\/kumblustunni-filtersusteem-2\\\/\"]}]},{\"@type\":\"ImageObject\",\"inLanguage\":\"et\",\"@id\":\"https:\\\/\\\/nordlinepaadid.ee\\\/et\\\/pood\\\/kumblustunnid\\\/kumblustunni-lisaseadmed\\\/kumblustunni-filtersusteem-2\\\/#primaryimage\",\"url\":\"https:\\\/\\\/nordlinepaadid.ee\\\/wp-content\\\/uploads\\\/2026\\\/02\\\/kumblustunni-filtrisusteem.jpg\",\"contentUrl\":\"https:\\\/\\\/nordlinepaadid.ee\\\/wp-content\\\/uploads\\\/2026\\\/02\\\/kumblustunni-filtrisusteem.jpg\",\"width\":1500,\"height\":1799},{\"@type\":\"BreadcrumbList\",\"@id\":\"https:\\\/\\\/nordlinepaadid.ee\\\/et\\\/pood\\\/kumblustunnid\\\/kumblustunni-lisaseadmed\\\/kumblustunni-filtersusteem-2\\\/#breadcrumb\",\"itemListElement\":[{\"@type\":\"ListItem\",\"position\":1,\"name\":\"Home\",\"item\":\"https:\\\/\\\/nordlinepaadid.ee\\\/et\\\/\"},{\"@type\":\"ListItem\",\"position\":2,\"name\":\"Pood\",\"item\":\"https:\\\/\\\/nordlinepaadid.ee\\\/et\\\/pood\\\/\"},{\"@type\":\"ListItem\",\"position\":3,\"name\":\"K\u00fcmblust\u00fcnni filters\u00fcsteem\"}]},{\"@type\":\"WebSite\",\"@id\":\"https:\\\/\\\/nordlinepaadid.ee\\\/et\\\/#website\",\"url\":\"https:\\\/\\\/nordlinepaadid.ee\\\/et\\\/\",\"name\":\"NORDLINE s\u00f5udepaadid ja mootorpaadid. Klaasfiiber materjalist.\",\"description\":\"\",\"publisher\":{\"@id\":\"https:\\\/\\\/nordlinepaadid.ee\\\/et\\\/#organization\"},\"potentialAction\":[{\"@type\":\"SearchAction\",\"target\":{\"@type\":\"EntryPoint\",\"urlTemplate\":\"https:\\\/\\\/nordlinepaadid.ee\\\/et\\\/?s={search_term_string}\"},\"query-input\":{\"@type\":\"PropertyValueSpecification\",\"valueRequired\":true,\"valueName\":\"search_term_string\"}}],\"inLanguage\":\"et\"},{\"@type\":\"Organization\",\"@id\":\"https:\\\/\\\/nordlinepaadid.ee\\\/et\\\/#organization\",\"name\":\"Nordlineboats\",\"url\":\"https:\\\/\\\/nordlinepaadid.ee\\\/et\\\/\",\"logo\":{\"@type\":\"ImageObject\",\"inLanguage\":\"et\",\"@id\":\"https:\\\/\\\/nordlinepaadid.ee\\\/et\\\/#\\\/schema\\\/logo\\\/image\\\/\",\"url\":\"https:\\\/\\\/nordlinepaadid.ee\\\/wp-content\\\/uploads\\\/2023\\\/01\\\/fulllogo_transparent_nobuffer-e1672750475494.png\",\"contentUrl\":\"https:\\\/\\\/nordlinepaadid.ee\\\/wp-content\\\/uploads\\\/2023\\\/01\\\/fulllogo_transparent_nobuffer-e1672750475494.png\",\"width\":150,\"height\":119,\"caption\":\"Nordlineboats\"},\"image\":{\"@id\":\"https:\\\/\\\/nordlinepaadid.ee\\\/et\\\/#\\\/schema\\\/logo\\\/image\\\/\"},\"sameAs\":[\"https:\\\/\\\/www.facebook.com\\\/nordlineboats\",\"https:\\\/\\\/www.youtube.com\\\/channel\\\/UCbgF0fy02y3QkFnujaLTaCA\"]}]}<\/script>\n<!-- \/ Yoast SEO plugin. -->","yoast_head_json":{"title":"K\u00fcmblust\u00fcnni filters\u00fcsteem","description":"K\u00fcmblust\u00fcnni filters\u00fcsteem on peamiselt m\u00f5ldud vee puhastamiseks v\u00e4ikestest osakestest. Vesi pumbatakse l\u00e4bi liivafiltri.","robots":{"index":"index","follow":"follow","max-snippet":"max-snippet:-1","max-image-preview":"max-image-preview:large","max-video-preview":"max-video-preview:-1"},"canonical":"https:\/\/nordlinepaadid.ee\/et\/pood\/kumblustunnid\/kumblustunni-lisaseadmed\/kumblustunni-filtersusteem-2\/","og_locale":"et_EE","og_type":"article","og_title":"K\u00fcmblust\u00fcnni filters\u00fcsteem","og_description":"K\u00fcmblust\u00fcnni filters\u00fcsteem on peamiselt m\u00f5ldud vee puhastamiseks v\u00e4ikestest osakestest. Vesi pumbatakse l\u00e4bi liivafiltri.","og_url":"https:\/\/nordlinepaadid.ee\/et\/pood\/kumblustunnid\/kumblustunni-lisaseadmed\/kumblustunni-filtersusteem-2\/","og_site_name":"NORDLINE s\u00f5udepaadid ja mootorpaadid. Klaasfiiber materjalist.","article_publisher":"https:\/\/www.facebook.com\/nordlineboats","article_modified_time":"2026-02-08T14:26:12+00:00","og_image":[{"width":1500,"height":1799,"url":"https:\/\/nordlinepaadid.ee\/wp-content\/uploads\/2026\/02\/kumblustunni-filtrisusteem.jpg","type":"image\/jpeg"}],"twitter_card":"summary_large_image","twitter_misc":{"Est. reading time":"1 minut"},"schema":{"@context":"https:\/\/schema.org","@graph":[{"@type":"WebPage","@id":"https:\/\/nordlinepaadid.ee\/et\/pood\/kumblustunnid\/kumblustunni-lisaseadmed\/kumblustunni-filtersusteem-2\/","url":"https:\/\/nordlinepaadid.ee\/et\/pood\/kumblustunnid\/kumblustunni-lisaseadmed\/kumblustunni-filtersusteem-2\/","name":"K\u00fcmblust\u00fcnni filters\u00fcsteem","isPartOf":{"@id":"https:\/\/nordlinepaadid.ee\/et\/#website"},"primaryImageOfPage":{"@id":"https:\/\/nordlinepaadid.ee\/et\/pood\/kumblustunnid\/kumblustunni-lisaseadmed\/kumblustunni-filtersusteem-2\/#primaryimage"},"image":{"@id":"https:\/\/nordlinepaadid.ee\/et\/pood\/kumblustunnid\/kumblustunni-lisaseadmed\/kumblustunni-filtersusteem-2\/#primaryimage"},"thumbnailUrl":"https:\/\/nordlinepaadid.ee\/wp-content\/uploads\/2026\/02\/kumblustunni-filtrisusteem.jpg","datePublished":"2026-02-08T14:26:07+00:00","dateModified":"2026-02-08T14:26:12+00:00","description":"K\u00fcmblust\u00fcnni filters\u00fcsteem on peamiselt m\u00f5ldud vee puhastamiseks v\u00e4ikestest osakestest. Vesi pumbatakse l\u00e4bi liivafiltri.","breadcrumb":{"@id":"https:\/\/nordlinepaadid.ee\/et\/pood\/kumblustunnid\/kumblustunni-lisaseadmed\/kumblustunni-filtersusteem-2\/#breadcrumb"},"inLanguage":"et","potentialAction":[{"@type":"ReadAction","target":["https:\/\/nordlinepaadid.ee\/et\/pood\/kumblustunnid\/kumblustunni-lisaseadmed\/kumblustunni-filtersusteem-2\/"]}]},{"@type":"ImageObject","inLanguage":"et","@id":"https:\/\/nordlinepaadid.ee\/et\/pood\/kumblustunnid\/kumblustunni-lisaseadmed\/kumblustunni-filtersusteem-2\/#primaryimage","url":"https:\/\/nordlinepaadid.ee\/wp-content\/uploads\/2026\/02\/kumblustunni-filtrisusteem.jpg","contentUrl":"https:\/\/nordlinepaadid.ee\/wp-content\/uploads\/2026\/02\/kumblustunni-filtrisusteem.jpg","width":1500,"height":1799},{"@type":"BreadcrumbList","@id":"https:\/\/nordlinepaadid.ee\/et\/pood\/kumblustunnid\/kumblustunni-lisaseadmed\/kumblustunni-filtersusteem-2\/#breadcrumb","itemListElement":[{"@type":"ListItem","position":1,"name":"Home","item":"https:\/\/nordlinepaadid.ee\/et\/"},{"@type":"ListItem","position":2,"name":"Pood","item":"https:\/\/nordlinepaadid.ee\/et\/pood\/"},{"@type":"ListItem","position":3,"name":"K\u00fcmblust\u00fcnni filters\u00fcsteem"}]},{"@type":"WebSite","@id":"https:\/\/nordlinepaadid.ee\/et\/#website","url":"https:\/\/nordlinepaadid.ee\/et\/","name":"NORDLINE s\u00f5udepaadid ja mootorpaadid. Klaasfiiber materjalist.","description":"","publisher":{"@id":"https:\/\/nordlinepaadid.ee\/et\/#organization"},"potentialAction":[{"@type":"SearchAction","target":{"@type":"EntryPoint","urlTemplate":"https:\/\/nordlinepaadid.ee\/et\/?s={search_term_string}"},"query-input":{"@type":"PropertyValueSpecification","valueRequired":true,"valueName":"search_term_string"}}],"inLanguage":"et"},{"@type":"Organization","@id":"https:\/\/nordlinepaadid.ee\/et\/#organization","name":"Nordlineboats","url":"https:\/\/nordlinepaadid.ee\/et\/","logo":{"@type":"ImageObject","inLanguage":"et","@id":"https:\/\/nordlinepaadid.ee\/et\/#\/schema\/logo\/image\/","url":"https:\/\/nordlinepaadid.ee\/wp-content\/uploads\/2023\/01\/fulllogo_transparent_nobuffer-e1672750475494.png","contentUrl":"https:\/\/nordlinepaadid.ee\/wp-content\/uploads\/2023\/01\/fulllogo_transparent_nobuffer-e1672750475494.png","width":150,"height":119,"caption":"Nordlineboats"},"image":{"@id":"https:\/\/nordlinepaadid.ee\/et\/#\/schema\/logo\/image\/"},"sameAs":["https:\/\/www.facebook.com\/nordlineboats","https:\/\/www.youtube.com\/channel\/UCbgF0fy02y3QkFnujaLTaCA"]}]}},"taxonomy_info":{"product_cat":[{"value":1854,"label":"K\u00fcmblust\u00fcnni lisaseadmed"}]},"featured_image_src_large":["https:\/\/nordlinepaadid.ee\/wp-content\/uploads\/2026\/02\/kumblustunni-filtrisusteem-854x1024.jpg",854,1024,true],"author_info":[],"comment_info":"","_links":{"self":[{"href":"https:\/\/nordlinepaadid.ee\/et\/wp-json\/wp\/v2\/product\/56457","targetHints":{"allow":["GET"]}}],"collection":[{"href":"https:\/\/nordlinepaadid.ee\/et\/wp-json\/wp\/v2\/product"}],"about":[{"href":"https:\/\/nordlinepaadid.ee\/et\/wp-json\/wp\/v2\/types\/product"}],"wp:featuredmedia":[{"embeddable":true,"href":"https:\/\/nordlinepaadid.ee\/et\/wp-json\/wp\/v2\/media\/56485"}],"wp:attachment":[{"href":"https:\/\/nordlinepaadid.ee\/et\/wp-json\/wp\/v2\/media?parent=56457"}],"wp:term":[{"taxonomy":"product_brand","embeddable":true,"href":"https:\/\/nordlinepaadid.ee\/et\/wp-json\/wp\/v2\/product_brand?post=56457"},{"taxonomy":"product_cat","embeddable":true,"href":"https:\/\/nordlinepaadid.ee\/et\/wp-json\/wp\/v2\/product_cat?post=56457"},{"taxonomy":"product_tag","embeddable":true,"href":"https:\/\/nordlinepaadid.ee\/et\/wp-json\/wp\/v2\/product_tag?post=56457"}],"curies":[{"name":"wp","href":"https:\/\/api.w.org\/{rel}","templated":true}]}}