{"id":56493,"date":"2026-02-08T16:40:59","date_gmt":"2026-02-08T14:40:59","guid":{"rendered":"https:\/\/nordlinepaadid.ee\/?post_type=product&#038;p=56493"},"modified":"2026-03-10T14:43:32","modified_gmt":"2026-03-10T12:43:32","slug":"kumblustunn-deluxe-sisu","status":"publish","type":"product","link":"https:\/\/nordlinepaadid.ee\/et\/pood\/kumblustunnid\/kumblustunni-sisud\/kumblustunn-deluxe-sisu\/","title":{"rendered":"K\u00fcmblust\u00fcnn Deluxe sisu"},"content":{"rendered":"<h1>K\u00fcmblust\u00fcnn Deluxe sisu<\/h1>\n<p>K\u00fcmblust\u00fcnn Deluxe on kvaliteetsetest klaasfiiber materjalidest ja mahukas k\u00fcmblust\u00fcnn. K\u00fcmblust\u00fcnn on v\u00e4ga ergonoomilise ehitusega ning \u00fclimalt mugav. Spetsiaalselt mugava istumise jaoks v\u00e4ljat\u00f6\u00f6tatud disain. V\u00f5imalik on valida erinevate v\u00e4rvide vahel.<\/p>\n<h2><strong>Klaasfiibrist sisu<\/strong><\/h2>\n<p>Klaasfiibrist sisu on v\u00e4ga tugev ja pika elueaga. T\u00fcnn on valmistatud 4-6 kihilisest materjalist ja peab h\u00e4sti vastu l\u00f6\u00f6kidele ja p\u00f5rutustele. Klaasfiibri pind on absoluutselt veekindel ja vastupidav p\u00e4iksele. Kasutatud on ultraviolett kiirgusele eriti vastupidavat pinnakatet. Pinda on v\u00e4ga kerge puhtana hoida ja pesta. Pind s\u00e4ilib pikka aega l\u00e4ikivana ja tuhmudes on seda v\u00f5imalik poleerida suurema l\u00e4ike saamiseks. Klaasfiibri sisse on v\u00e4ga lihtne paigaldada lisaseadmeid nagu led tuled ja mullis\u00fcsteem.<\/p>\n<h2><strong>V\u00e4rvivalik<\/strong><\/h2>\n<p>V\u00e4rvivalik on vastavalt soovile <a href=\"http:\/\/www.ralcolors.com\">RAL v\u00e4rvikaardi<\/a> j\u00e4rgi. M\u00f5ningate toonide puhul v\u00f5ib hind erineda standardsest hinnast. Standardselt saadaval tumehallid, hallid, helehallid, sinised.<\/p>\n<p><strong>Helista 50 55 152 v\u00f5i kirjuta meile info@nordlinekumblustunnid.ee \u00a0Vastame sulle esimesel v\u00f5imalusel.<\/strong><\/p>\n","protected":false},"excerpt":{"rendered":"<p>Suurim saadaolev k\u00fcmblust\u00fcnn! Laius 2,2 meetrit. K\u00fcmblust\u00fcnn Deluxe on klaasplastist, ergonoomilise kujuga ja h\u00fcgeeniliselt lihtne hooldada.<\/p>\n","protected":false},"featured_media":56507,"template":"","meta":{"_kad_blocks_custom_css":"","_kad_blocks_head_custom_js":"","_kad_blocks_body_custom_js":"","_kad_blocks_footer_custom_js":"","_kad_post_transparent":"default","_kad_post_title":"","_kad_post_layout":"default","_kad_post_sidebar_id":"","_kad_post_content_style":"default","_kad_post_vertical_padding":"default","_kad_post_feature":"","_kad_post_feature_position":"","_kad_post_header":false,"_kad_post_footer":false,"_kad_post_classname":""},"product_brand":[],"product_cat":[1855],"product_tag":[],"class_list":{"0":"post-56493","1":"product","2":"type-product","3":"status-publish","4":"has-post-thumbnail","6":"product_cat-kumblustunni-sisud","7":"product_shipping_class-kaup-mis-ei-mahu-euroalusele","8":"tm-no-options","10":"first","11":"instock","12":"sale","13":"taxable","14":"shipping-taxable","15":"purchasable","16":"product-type-simple","17":"entry","18":"content-bg","19":"loop-entry"},"yoast_head":"<!-- This site is optimized with the Yoast SEO plugin v27.3 - https:\/\/yoast.com\/product\/yoast-seo-wordpress\/ -->\n<title>K\u00dcMBLUST\u00dcNN DELUXE - puitk\u00fcttel ahjuga<\/title>\n<meta name=\"description\" content=\"K\u00fcmblust\u00fcnn deluxe on ainulaadse disainiga mugav ja efektse v\u00e4rvistruktuuriga k\u00fcmblust\u00fcnn. V\u00f5imalik varustada automaatse soojuspumbaga.\" \/>\n<meta name=\"robots\" content=\"index, follow, max-snippet:-1, max-image-preview:large, max-video-preview:-1\" \/>\n<link rel=\"canonical\" href=\"https:\/\/nordlinepaadid.ee\/et\/pood\/kumblustunnid\/kumblustunni-sisud\/kumblustunn-deluxe-sisu\/\" \/>\n<meta property=\"og:locale\" content=\"et_EE\" \/>\n<meta property=\"og:type\" content=\"article\" \/>\n<meta property=\"og:title\" content=\"K\u00dcMBLUST\u00dcNN DELUXE - puitk\u00fcttel ahjuga\" \/>\n<meta property=\"og:description\" content=\"K\u00fcmblust\u00fcnn deluxe on ainulaadse disainiga mugav ja efektse v\u00e4rvistruktuuriga k\u00fcmblust\u00fcnn. V\u00f5imalik varustada automaatse soojuspumbaga.\" \/>\n<meta property=\"og:url\" content=\"https:\/\/nordlinepaadid.ee\/et\/pood\/kumblustunnid\/kumblustunni-sisud\/kumblustunn-deluxe-sisu\/\" \/>\n<meta property=\"og:site_name\" content=\"NORDLINE s\u00f5udepaadid ja mootorpaadid. Klaasfiiber materjalist.\" \/>\n<meta property=\"article:publisher\" content=\"https:\/\/www.facebook.com\/nordlineboats\" \/>\n<meta property=\"article:modified_time\" content=\"2026-03-10T12:43:32+00:00\" \/>\n<meta property=\"og:image\" content=\"https:\/\/nordlinepaadid.ee\/wp-content\/uploads\/2026\/02\/Nordline-kumblustunn-Deluxe-umar-plastik.jpg\" \/>\n\t<meta property=\"og:image:width\" content=\"1280\" \/>\n\t<meta property=\"og:image:height\" content=\"607\" \/>\n\t<meta property=\"og:image:type\" content=\"image\/jpeg\" \/>\n<meta name=\"twitter:card\" content=\"summary_large_image\" \/>\n<meta name=\"twitter:label1\" content=\"Est. reading time\" \/>\n\t<meta name=\"twitter:data1\" content=\"1 minut\" \/>\n<script type=\"application\/ld+json\" class=\"yoast-schema-graph\">{\"@context\":\"https:\\\/\\\/schema.org\",\"@graph\":[{\"@type\":\"WebPage\",\"@id\":\"https:\\\/\\\/nordlinepaadid.ee\\\/et\\\/pood\\\/kumblustunnid\\\/kumblustunni-sisud\\\/kumblustunn-deluxe-sisu\\\/\",\"url\":\"https:\\\/\\\/nordlinepaadid.ee\\\/et\\\/pood\\\/kumblustunnid\\\/kumblustunni-sisud\\\/kumblustunn-deluxe-sisu\\\/\",\"name\":\"K\u00dcMBLUST\u00dcNN DELUXE - puitk\u00fcttel ahjuga\",\"isPartOf\":{\"@id\":\"https:\\\/\\\/nordlinepaadid.ee\\\/et\\\/#website\"},\"primaryImageOfPage\":{\"@id\":\"https:\\\/\\\/nordlinepaadid.ee\\\/et\\\/pood\\\/kumblustunnid\\\/kumblustunni-sisud\\\/kumblustunn-deluxe-sisu\\\/#primaryimage\"},\"image\":{\"@id\":\"https:\\\/\\\/nordlinepaadid.ee\\\/et\\\/pood\\\/kumblustunnid\\\/kumblustunni-sisud\\\/kumblustunn-deluxe-sisu\\\/#primaryimage\"},\"thumbnailUrl\":\"https:\\\/\\\/nordlinepaadid.ee\\\/wp-content\\\/uploads\\\/2026\\\/02\\\/Nordline-kumblustunn-Deluxe-umar-plastik.jpg\",\"datePublished\":\"2026-02-08T14:40:59+00:00\",\"dateModified\":\"2026-03-10T12:43:32+00:00\",\"description\":\"K\u00fcmblust\u00fcnn deluxe on ainulaadse disainiga mugav ja efektse v\u00e4rvistruktuuriga k\u00fcmblust\u00fcnn. V\u00f5imalik varustada automaatse soojuspumbaga.\",\"breadcrumb\":{\"@id\":\"https:\\\/\\\/nordlinepaadid.ee\\\/et\\\/pood\\\/kumblustunnid\\\/kumblustunni-sisud\\\/kumblustunn-deluxe-sisu\\\/#breadcrumb\"},\"inLanguage\":\"et\",\"potentialAction\":[{\"@type\":\"ReadAction\",\"target\":[\"https:\\\/\\\/nordlinepaadid.ee\\\/et\\\/pood\\\/kumblustunnid\\\/kumblustunni-sisud\\\/kumblustunn-deluxe-sisu\\\/\"]}]},{\"@type\":\"ImageObject\",\"inLanguage\":\"et\",\"@id\":\"https:\\\/\\\/nordlinepaadid.ee\\\/et\\\/pood\\\/kumblustunnid\\\/kumblustunni-sisud\\\/kumblustunn-deluxe-sisu\\\/#primaryimage\",\"url\":\"https:\\\/\\\/nordlinepaadid.ee\\\/wp-content\\\/uploads\\\/2026\\\/02\\\/Nordline-kumblustunn-Deluxe-umar-plastik.jpg\",\"contentUrl\":\"https:\\\/\\\/nordlinepaadid.ee\\\/wp-content\\\/uploads\\\/2026\\\/02\\\/Nordline-kumblustunn-Deluxe-umar-plastik.jpg\",\"width\":1280,\"height\":607},{\"@type\":\"BreadcrumbList\",\"@id\":\"https:\\\/\\\/nordlinepaadid.ee\\\/et\\\/pood\\\/kumblustunnid\\\/kumblustunni-sisud\\\/kumblustunn-deluxe-sisu\\\/#breadcrumb\",\"itemListElement\":[{\"@type\":\"ListItem\",\"position\":1,\"name\":\"Home\",\"item\":\"https:\\\/\\\/nordlinepaadid.ee\\\/et\\\/\"},{\"@type\":\"ListItem\",\"position\":2,\"name\":\"Pood\",\"item\":\"https:\\\/\\\/nordlinepaadid.ee\\\/et\\\/pood\\\/\"},{\"@type\":\"ListItem\",\"position\":3,\"name\":\"K\u00fcmblust\u00fcnn Deluxe sisu\"}]},{\"@type\":\"WebSite\",\"@id\":\"https:\\\/\\\/nordlinepaadid.ee\\\/et\\\/#website\",\"url\":\"https:\\\/\\\/nordlinepaadid.ee\\\/et\\\/\",\"name\":\"NORDLINE s\u00f5udepaadid ja mootorpaadid. Klaasfiiber materjalist.\",\"description\":\"\",\"publisher\":{\"@id\":\"https:\\\/\\\/nordlinepaadid.ee\\\/et\\\/#organization\"},\"potentialAction\":[{\"@type\":\"SearchAction\",\"target\":{\"@type\":\"EntryPoint\",\"urlTemplate\":\"https:\\\/\\\/nordlinepaadid.ee\\\/et\\\/?s={search_term_string}\"},\"query-input\":{\"@type\":\"PropertyValueSpecification\",\"valueRequired\":true,\"valueName\":\"search_term_string\"}}],\"inLanguage\":\"et\"},{\"@type\":\"Organization\",\"@id\":\"https:\\\/\\\/nordlinepaadid.ee\\\/et\\\/#organization\",\"name\":\"Nordlineboats\",\"url\":\"https:\\\/\\\/nordlinepaadid.ee\\\/et\\\/\",\"logo\":{\"@type\":\"ImageObject\",\"inLanguage\":\"et\",\"@id\":\"https:\\\/\\\/nordlinepaadid.ee\\\/et\\\/#\\\/schema\\\/logo\\\/image\\\/\",\"url\":\"https:\\\/\\\/nordlinepaadid.ee\\\/wp-content\\\/uploads\\\/2023\\\/01\\\/fulllogo_transparent_nobuffer-e1672750475494.png\",\"contentUrl\":\"https:\\\/\\\/nordlinepaadid.ee\\\/wp-content\\\/uploads\\\/2023\\\/01\\\/fulllogo_transparent_nobuffer-e1672750475494.png\",\"width\":150,\"height\":119,\"caption\":\"Nordlineboats\"},\"image\":{\"@id\":\"https:\\\/\\\/nordlinepaadid.ee\\\/et\\\/#\\\/schema\\\/logo\\\/image\\\/\"},\"sameAs\":[\"https:\\\/\\\/www.facebook.com\\\/nordlineboats\",\"https:\\\/\\\/www.youtube.com\\\/channel\\\/UCbgF0fy02y3QkFnujaLTaCA\"]}]}<\/script>\n<!-- \/ Yoast SEO plugin. -->","yoast_head_json":{"title":"K\u00dcMBLUST\u00dcNN DELUXE - puitk\u00fcttel ahjuga","description":"K\u00fcmblust\u00fcnn deluxe on ainulaadse disainiga mugav ja efektse v\u00e4rvistruktuuriga k\u00fcmblust\u00fcnn. V\u00f5imalik varustada automaatse soojuspumbaga.","robots":{"index":"index","follow":"follow","max-snippet":"max-snippet:-1","max-image-preview":"max-image-preview:large","max-video-preview":"max-video-preview:-1"},"canonical":"https:\/\/nordlinepaadid.ee\/et\/pood\/kumblustunnid\/kumblustunni-sisud\/kumblustunn-deluxe-sisu\/","og_locale":"et_EE","og_type":"article","og_title":"K\u00dcMBLUST\u00dcNN DELUXE - puitk\u00fcttel ahjuga","og_description":"K\u00fcmblust\u00fcnn deluxe on ainulaadse disainiga mugav ja efektse v\u00e4rvistruktuuriga k\u00fcmblust\u00fcnn. V\u00f5imalik varustada automaatse soojuspumbaga.","og_url":"https:\/\/nordlinepaadid.ee\/et\/pood\/kumblustunnid\/kumblustunni-sisud\/kumblustunn-deluxe-sisu\/","og_site_name":"NORDLINE s\u00f5udepaadid ja mootorpaadid. Klaasfiiber materjalist.","article_publisher":"https:\/\/www.facebook.com\/nordlineboats","article_modified_time":"2026-03-10T12:43:32+00:00","og_image":[{"width":1280,"height":607,"url":"https:\/\/nordlinepaadid.ee\/wp-content\/uploads\/2026\/02\/Nordline-kumblustunn-Deluxe-umar-plastik.jpg","type":"image\/jpeg"}],"twitter_card":"summary_large_image","twitter_misc":{"Est. reading time":"1 minut"},"schema":{"@context":"https:\/\/schema.org","@graph":[{"@type":"WebPage","@id":"https:\/\/nordlinepaadid.ee\/et\/pood\/kumblustunnid\/kumblustunni-sisud\/kumblustunn-deluxe-sisu\/","url":"https:\/\/nordlinepaadid.ee\/et\/pood\/kumblustunnid\/kumblustunni-sisud\/kumblustunn-deluxe-sisu\/","name":"K\u00dcMBLUST\u00dcNN DELUXE - puitk\u00fcttel ahjuga","isPartOf":{"@id":"https:\/\/nordlinepaadid.ee\/et\/#website"},"primaryImageOfPage":{"@id":"https:\/\/nordlinepaadid.ee\/et\/pood\/kumblustunnid\/kumblustunni-sisud\/kumblustunn-deluxe-sisu\/#primaryimage"},"image":{"@id":"https:\/\/nordlinepaadid.ee\/et\/pood\/kumblustunnid\/kumblustunni-sisud\/kumblustunn-deluxe-sisu\/#primaryimage"},"thumbnailUrl":"https:\/\/nordlinepaadid.ee\/wp-content\/uploads\/2026\/02\/Nordline-kumblustunn-Deluxe-umar-plastik.jpg","datePublished":"2026-02-08T14:40:59+00:00","dateModified":"2026-03-10T12:43:32+00:00","description":"K\u00fcmblust\u00fcnn deluxe on ainulaadse disainiga mugav ja efektse v\u00e4rvistruktuuriga k\u00fcmblust\u00fcnn. V\u00f5imalik varustada automaatse soojuspumbaga.","breadcrumb":{"@id":"https:\/\/nordlinepaadid.ee\/et\/pood\/kumblustunnid\/kumblustunni-sisud\/kumblustunn-deluxe-sisu\/#breadcrumb"},"inLanguage":"et","potentialAction":[{"@type":"ReadAction","target":["https:\/\/nordlinepaadid.ee\/et\/pood\/kumblustunnid\/kumblustunni-sisud\/kumblustunn-deluxe-sisu\/"]}]},{"@type":"ImageObject","inLanguage":"et","@id":"https:\/\/nordlinepaadid.ee\/et\/pood\/kumblustunnid\/kumblustunni-sisud\/kumblustunn-deluxe-sisu\/#primaryimage","url":"https:\/\/nordlinepaadid.ee\/wp-content\/uploads\/2026\/02\/Nordline-kumblustunn-Deluxe-umar-plastik.jpg","contentUrl":"https:\/\/nordlinepaadid.ee\/wp-content\/uploads\/2026\/02\/Nordline-kumblustunn-Deluxe-umar-plastik.jpg","width":1280,"height":607},{"@type":"BreadcrumbList","@id":"https:\/\/nordlinepaadid.ee\/et\/pood\/kumblustunnid\/kumblustunni-sisud\/kumblustunn-deluxe-sisu\/#breadcrumb","itemListElement":[{"@type":"ListItem","position":1,"name":"Home","item":"https:\/\/nordlinepaadid.ee\/et\/"},{"@type":"ListItem","position":2,"name":"Pood","item":"https:\/\/nordlinepaadid.ee\/et\/pood\/"},{"@type":"ListItem","position":3,"name":"K\u00fcmblust\u00fcnn Deluxe sisu"}]},{"@type":"WebSite","@id":"https:\/\/nordlinepaadid.ee\/et\/#website","url":"https:\/\/nordlinepaadid.ee\/et\/","name":"NORDLINE s\u00f5udepaadid ja mootorpaadid. Klaasfiiber materjalist.","description":"","publisher":{"@id":"https:\/\/nordlinepaadid.ee\/et\/#organization"},"potentialAction":[{"@type":"SearchAction","target":{"@type":"EntryPoint","urlTemplate":"https:\/\/nordlinepaadid.ee\/et\/?s={search_term_string}"},"query-input":{"@type":"PropertyValueSpecification","valueRequired":true,"valueName":"search_term_string"}}],"inLanguage":"et"},{"@type":"Organization","@id":"https:\/\/nordlinepaadid.ee\/et\/#organization","name":"Nordlineboats","url":"https:\/\/nordlinepaadid.ee\/et\/","logo":{"@type":"ImageObject","inLanguage":"et","@id":"https:\/\/nordlinepaadid.ee\/et\/#\/schema\/logo\/image\/","url":"https:\/\/nordlinepaadid.ee\/wp-content\/uploads\/2023\/01\/fulllogo_transparent_nobuffer-e1672750475494.png","contentUrl":"https:\/\/nordlinepaadid.ee\/wp-content\/uploads\/2023\/01\/fulllogo_transparent_nobuffer-e1672750475494.png","width":150,"height":119,"caption":"Nordlineboats"},"image":{"@id":"https:\/\/nordlinepaadid.ee\/et\/#\/schema\/logo\/image\/"},"sameAs":["https:\/\/www.facebook.com\/nordlineboats","https:\/\/www.youtube.com\/channel\/UCbgF0fy02y3QkFnujaLTaCA"]}]}},"taxonomy_info":{"product_cat":[{"value":1855,"label":"K\u00fcmblust\u00fcnni sisud"}]},"featured_image_src_large":["https:\/\/nordlinepaadid.ee\/wp-content\/uploads\/2026\/02\/Nordline-kumblustunn-Deluxe-umar-plastik-1024x486.jpg",1024,486,true],"author_info":[],"comment_info":"","_links":{"self":[{"href":"https:\/\/nordlinepaadid.ee\/et\/wp-json\/wp\/v2\/product\/56493","targetHints":{"allow":["GET"]}}],"collection":[{"href":"https:\/\/nordlinepaadid.ee\/et\/wp-json\/wp\/v2\/product"}],"about":[{"href":"https:\/\/nordlinepaadid.ee\/et\/wp-json\/wp\/v2\/types\/product"}],"wp:featuredmedia":[{"embeddable":true,"href":"https:\/\/nordlinepaadid.ee\/et\/wp-json\/wp\/v2\/media\/56507"}],"wp:attachment":[{"href":"https:\/\/nordlinepaadid.ee\/et\/wp-json\/wp\/v2\/media?parent=56493"}],"wp:term":[{"taxonomy":"product_brand","embeddable":true,"href":"https:\/\/nordlinepaadid.ee\/et\/wp-json\/wp\/v2\/product_brand?post=56493"},{"taxonomy":"product_cat","embeddable":true,"href":"https:\/\/nordlinepaadid.ee\/et\/wp-json\/wp\/v2\/product_cat?post=56493"},{"taxonomy":"product_tag","embeddable":true,"href":"https:\/\/nordlinepaadid.ee\/et\/wp-json\/wp\/v2\/product_tag?post=56493"}],"curies":[{"name":"wp","href":"https:\/\/api.w.org\/{rel}","templated":true}]}}