{"id":56524,"date":"2026-02-16T15:03:20","date_gmt":"2026-02-16T13:03:20","guid":{"rendered":"https:\/\/nordlinepaadid.ee\/?post_type=product&#038;p=56524"},"modified":"2026-02-16T16:00:16","modified_gmt":"2026-02-16T14:00:16","slug":"akulaadija-victron-smart-12v-25a-ip65","status":"publish","type":"product","link":"https:\/\/nordlinepaadid.ee\/et\/pood\/electrical-equipments\/batteries-chargers-inverters\/akulaadija-victron-smart-12v-25a-ip65\/","title":{"rendered":"Akulaadija Victron SMART 12V 25A IP65"},"content":{"rendered":"<h2 data-start=\"0\" data-end=\"40\">Victron SMART 12V 25A IP65 akulaadija<\/h2>\n<ul data-start=\"60\" data-end=\"219\">\n<li data-start=\"60\" data-end=\"105\">\n<p data-start=\"62\" data-end=\"105\">Nutikas automaatne akulaadija 12V akudele<\/p>\n<\/li>\n<li data-start=\"106\" data-end=\"165\">\n<p data-start=\"108\" data-end=\"165\">Sobib suuremate akude laadimiseks ja hoolduslaadimiseks<\/p>\n<\/li>\n<li data-start=\"166\" data-end=\"219\">\n<p data-start=\"168\" data-end=\"219\">Pidevaks \u00fchendamiseks \u2013 hoiab aku alati t\u00f6\u00f6valmis<\/p>\n<\/li>\n<\/ul>\n<hr data-start=\"221\" data-end=\"224\" \/>\n<h3 data-start=\"226\" data-end=\"260\">Peamised eelised kliendi jaoks<\/h3>\n<ul data-start=\"261\" data-end=\"538\">\n<li data-start=\"261\" data-end=\"297\">\n<p data-start=\"263\" data-end=\"297\">Kiire laadimine \u2013 25A laadimisvool<\/p>\n<\/li>\n<li data-start=\"261\" data-end=\"297\">Laadimisvool \u2013 10A<\/li>\n<li data-start=\"298\" data-end=\"345\">\n<p data-start=\"300\" data-end=\"345\">Bluetooth juhtimine (VictronConnect rakendus)<\/p>\n<\/li>\n<li data-start=\"346\" data-end=\"397\">\n<p data-start=\"348\" data-end=\"397\">Ohutu akule \u2013 adaptiivne mitmeastmeline laadimine<\/p>\n<\/li>\n<li data-start=\"398\" data-end=\"438\">\n<p data-start=\"400\" data-end=\"438\">Sobib LiFePO4, AGM, GEL ja pliiakudele<\/p>\n<\/li>\n<li data-start=\"439\" data-end=\"475\">\n<p data-start=\"441\" data-end=\"475\">Taastab s\u00fcgavalt t\u00fchjenenud akusid<\/p>\n<\/li>\n<li data-start=\"476\" data-end=\"509\">\n<p data-start=\"478\" data-end=\"509\">Hooldusre\u017eiim pikaks seismiseks<\/p>\n<\/li>\n<li data-start=\"510\" data-end=\"538\">\n<p data-start=\"512\" data-end=\"538\">Tolmu- ja veekindel (IP65)<\/p>\n<\/li>\n<\/ul>\n<hr data-start=\"540\" data-end=\"543\" \/>\n<h3 data-start=\"545\" data-end=\"566\">Tehnilised andmed<\/h3>\n<ul data-start=\"567\" data-end=\"1003\">\n<li data-start=\"567\" data-end=\"593\">\n<p data-start=\"569\" data-end=\"593\">Tootja: Victron Energy<\/p>\n<\/li>\n<li data-start=\"594\" data-end=\"628\">\n<p data-start=\"596\" data-end=\"628\">Mudel: Blue Smart Charger IP65<\/p>\n<\/li>\n<li data-start=\"629\" data-end=\"667\">\n<p data-start=\"631\" data-end=\"667\">Sisendpinge: 180\u2013265 VAC, 45\u201365 Hz<\/p>\n<\/li>\n<li data-start=\"668\" data-end=\"690\">\n<p data-start=\"670\" data-end=\"690\">Laadimispinged \u2013 14,2V\/14,4V\/14,7V ( recond 15,8V)<\/p>\n<\/li>\n<li data-start=\"691\" data-end=\"725\">\n<p data-start=\"693\" data-end=\"725\">Maksimaalne laadimisvool: 25 A<\/p>\n<\/li>\n<li data-start=\"726\" data-end=\"770\">\n<p data-start=\"728\" data-end=\"770\">Laadimisalgoritm: 7-astmeline adaptiivne<\/p>\n<\/li>\n<li data-start=\"771\" data-end=\"833\">\n<p data-start=\"773\" data-end=\"786\">Sobivad akud:<\/p>\n<ul data-start=\"789\" data-end=\"833\">\n<li data-start=\"789\" data-end=\"805\">\n<p data-start=\"791\" data-end=\"805\">Pliihape (WET)<\/p>\n<\/li>\n<li data-start=\"808\" data-end=\"813\">\n<p data-start=\"810\" data-end=\"813\">AGM<\/p>\n<\/li>\n<li data-start=\"816\" data-end=\"821\">\n<p data-start=\"818\" data-end=\"821\">GEL<\/p>\n<\/li>\n<li data-start=\"824\" data-end=\"833\">\n<p data-start=\"826\" data-end=\"833\">LiFePO4<\/p>\n<\/li>\n<\/ul>\n<\/li>\n<li data-start=\"834\" data-end=\"876\">\n<p data-start=\"836\" data-end=\"876\">Temperatuurikompensatsioon: automaatne<\/p>\n<\/li>\n<li data-start=\"877\" data-end=\"905\">\n<p data-start=\"879\" data-end=\"905\">Bluetooth: sisseehitatud<\/p>\n<\/li>\n<li data-start=\"906\" data-end=\"927\">\n<p data-start=\"908\" data-end=\"927\">Kaitseklass: IP65<\/p>\n<\/li>\n<li data-start=\"928\" data-end=\"966\">\n<p data-start=\"930\" data-end=\"966\">\u00dchendus: krokodillid + M8 silmused<\/p>\n<\/li>\n<li data-start=\"967\" data-end=\"1003\">\n<p data-start=\"969\" data-end=\"1003\">T\u00f6\u00f6temperatuur: \u201330\u00b0C kuni +50\u00b0C<\/p>\n<\/li>\n<\/ul>\n<hr data-start=\"1005\" data-end=\"1008\" \/>\n<h3 data-start=\"1010\" data-end=\"1024\">Komplektis<\/h3>\n<ul data-start=\"1025\" data-end=\"1123\">\n<li data-start=\"1025\" data-end=\"1039\">\n<p data-start=\"1027\" data-end=\"1039\">Akulaadija<\/p>\n<\/li>\n<li data-start=\"1040\" data-end=\"1069\">\n<p data-start=\"1042\" data-end=\"1069\">Aku klemmid (krokodillid)<\/p>\n<\/li>\n<li data-start=\"1070\" data-end=\"1105\">\n<p data-start=\"1072\" data-end=\"1105\">P\u00fcsikinnitus kaablid (silmused)<\/p>\n<\/li>\n<li data-start=\"1106\" data-end=\"1123\">\n<p data-start=\"1108\" data-end=\"1123\">Kasutusjuhend<\/p>\n<\/li>\n<\/ul>\n<hr data-start=\"1125\" data-end=\"1128\" \/>\n<h3 data-start=\"1130\" data-end=\"1149\">Kasutusvaldkond<\/h3>\n<ul data-start=\"1150\" data-end=\"1296\">\n<li data-start=\"1150\" data-end=\"1179\">\n<p data-start=\"1152\" data-end=\"1179\">Paadid ja elektrimootorid<\/p>\n<\/li>\n<li data-start=\"1180\" data-end=\"1206\">\n<p data-start=\"1182\" data-end=\"1206\">Matkaautod ja haagised<\/p>\n<\/li>\n<li data-start=\"1207\" data-end=\"1241\">\n<p data-start=\"1209\" data-end=\"1241\">Suured teenindus- ja tarbeakud<\/p>\n<\/li>\n<li data-start=\"1242\" data-end=\"1265\">\n<p data-start=\"1244\" data-end=\"1265\">Talvine hoiustamine<\/p>\n<\/li>\n<li data-start=\"1266\" data-end=\"1296\">\n<p data-start=\"1268\" data-end=\"1296\">T\u00f6\u00f6stus- ja varutoite akud<\/p>\n<\/li>\n<\/ul>\n<hr data-start=\"1298\" data-end=\"1301\" \/>\n<h3 data-start=\"1303\" data-end=\"1321\">Lisav\u00f5imalused<\/h3>\n<ul data-start=\"1322\" data-end=\"1454\" data-is-last-node=\"\" data-is-only-node=\"\">\n<li data-start=\"1322\" data-end=\"1363\">\n<p data-start=\"1324\" data-end=\"1363\">Laadimisre\u017eiimide muutmine telefonist<\/p>\n<\/li>\n<li data-start=\"1364\" data-end=\"1400\">\n<p data-start=\"1366\" data-end=\"1400\">Aku seisundi j\u00e4lgimine reaalajas<\/p>\n<\/li>\n<li data-start=\"1401\" data-end=\"1424\">\n<p data-start=\"1403\" data-end=\"1424\">Laadimisajaloo logi<\/p>\n<\/li>\n<li data-start=\"1425\" data-end=\"1454\" data-is-last-node=\"\">\n<p data-start=\"1427\" data-end=\"1454\" data-is-last-node=\"\">Bluetooth tarkvarauuendused<\/p>\n<\/li>\n<\/ul>\n","protected":false},"excerpt":{"rendered":"<ul data-start=\"261\" data-end=\"538\">\n<li data-start=\"261\" data-end=\"297\">\n<p data-start=\"263\" data-end=\"297\">Kiire laadimine \u2013 25A laadimisvool<\/p>\n<\/li>\n<li data-start=\"261\" data-end=\"297\">Laadimisvool \u2013 10A<\/li>\n<li data-start=\"298\" data-end=\"345\">\n<p data-start=\"300\" data-end=\"345\">Bluetooth juhtimine (VictronConnect rakendus)<\/p>\n<\/li>\n<li data-start=\"346\" data-end=\"397\">\n<p data-start=\"348\" data-end=\"397\">Ohutu akule \u2013 adaptiivne mitmeastmeline laadimine<\/p>\n<\/li>\n<li data-start=\"398\" data-end=\"438\">\n<p data-start=\"400\" data-end=\"438\">Sobib LiFePO4, AGM, GEL ja pliiakudele<\/p>\n<\/li>\n<li data-start=\"439\" data-end=\"475\">\n<p data-start=\"441\" data-end=\"475\">Taastab s\u00fcgavalt t\u00fchjenenud akusid<\/p>\n<\/li>\n<li data-start=\"476\" data-end=\"509\">\n<p data-start=\"478\" data-end=\"509\">Hooldusre\u017eiim pikaks seismiseks<\/p>\n<\/li>\n<li data-start=\"510\" data-end=\"538\">\n<p data-start=\"512\" data-end=\"538\">Tolmu- ja veekindel (IP65)<\/p>\n<\/li>\n<\/ul>\n","protected":false},"featured_media":56533,"template":"","meta":{"_kad_blocks_custom_css":"","_kad_blocks_head_custom_js":"","_kad_blocks_body_custom_js":"","_kad_blocks_footer_custom_js":"","_kad_post_transparent":"default","_kad_post_title":"","_kad_post_layout":"default","_kad_post_sidebar_id":"","_kad_post_content_style":"default","_kad_post_vertical_padding":"default","_kad_post_feature":"","_kad_post_feature_position":"","_kad_post_header":false,"_kad_post_footer":false,"_kad_post_classname":""},"product_brand":[],"product_cat":[251,1862],"product_tag":[],"class_list":{"0":"post-56524","1":"product","2":"type-product","3":"status-publish","4":"has-post-thumbnail","6":"product_cat-batteries-chargers-inverters","7":"product_cat-akulaadijad","8":"tm-no-options","10":"first","11":"onbackorder","12":"sale","13":"taxable","14":"shipping-taxable","15":"purchasable","16":"product-type-simple","17":"entry","18":"content-bg","19":"loop-entry"},"yoast_head":"<!-- This site is optimized with the Yoast SEO plugin v27.3 - https:\/\/yoast.com\/product\/yoast-seo-wordpress\/ -->\n<title>Akulaadija Victron SMART 12V 25A IP65<\/title>\n<meta name=\"description\" content=\"Akulaadija Victron laadimisvooluga 25A, bluetooth \u00fchendus, v\u00f5ib j\u00e4tta kuudeks \u00fchendatuks (hooldusre\u017eiim), taastab s\u00fcgavalt t\u00fchjenenud akusid.\" \/>\n<meta name=\"robots\" content=\"index, follow, max-snippet:-1, max-image-preview:large, max-video-preview:-1\" \/>\n<link rel=\"canonical\" href=\"https:\/\/nordlinepaadid.ee\/et\/pood\/electrical-equipments\/batteries-chargers-inverters\/akulaadija-victron-smart-12v-25a-ip65\/\" \/>\n<meta property=\"og:locale\" content=\"et_EE\" \/>\n<meta property=\"og:type\" content=\"article\" \/>\n<meta property=\"og:title\" content=\"Akulaadija Victron SMART 12V 25A IP65\" \/>\n<meta property=\"og:description\" content=\"Akulaadija Victron laadimisvooluga 25A, bluetooth \u00fchendus, v\u00f5ib j\u00e4tta kuudeks \u00fchendatuks (hooldusre\u017eiim), taastab s\u00fcgavalt t\u00fchjenenud akusid.\" \/>\n<meta property=\"og:url\" content=\"https:\/\/nordlinepaadid.ee\/et\/pood\/electrical-equipments\/batteries-chargers-inverters\/akulaadija-victron-smart-12v-25a-ip65\/\" \/>\n<meta property=\"og:site_name\" content=\"NORDLINE s\u00f5udepaadid ja mootorpaadid. Klaasfiiber materjalist.\" \/>\n<meta property=\"article:publisher\" content=\"https:\/\/www.facebook.com\/nordlineboats\" \/>\n<meta property=\"article:modified_time\" content=\"2026-02-16T14:00:16+00:00\" \/>\n<meta property=\"og:image\" content=\"https:\/\/nordlinepaadid.ee\/wp-content\/uploads\/2026\/02\/Akulaadija-Victron-SMART-12V-15A-IP65-bluetooth-paadile.jpg\" \/>\n\t<meta property=\"og:image:width\" content=\"909\" \/>\n\t<meta property=\"og:image:height\" content=\"1024\" \/>\n\t<meta property=\"og:image:type\" content=\"image\/jpeg\" \/>\n<meta name=\"twitter:card\" content=\"summary_large_image\" \/>\n<meta name=\"twitter:label1\" content=\"Est. reading time\" \/>\n\t<meta name=\"twitter:data1\" content=\"1 minut\" \/>\n<script type=\"application\/ld+json\" class=\"yoast-schema-graph\">{\"@context\":\"https:\\\/\\\/schema.org\",\"@graph\":[{\"@type\":\"WebPage\",\"@id\":\"https:\\\/\\\/nordlinepaadid.ee\\\/et\\\/pood\\\/electrical-equipments\\\/batteries-chargers-inverters\\\/akulaadija-victron-smart-12v-25a-ip65\\\/\",\"url\":\"https:\\\/\\\/nordlinepaadid.ee\\\/et\\\/pood\\\/electrical-equipments\\\/batteries-chargers-inverters\\\/akulaadija-victron-smart-12v-25a-ip65\\\/\",\"name\":\"Akulaadija Victron SMART 12V 25A IP65\",\"isPartOf\":{\"@id\":\"https:\\\/\\\/nordlinepaadid.ee\\\/et\\\/#website\"},\"primaryImageOfPage\":{\"@id\":\"https:\\\/\\\/nordlinepaadid.ee\\\/et\\\/pood\\\/electrical-equipments\\\/batteries-chargers-inverters\\\/akulaadija-victron-smart-12v-25a-ip65\\\/#primaryimage\"},\"image\":{\"@id\":\"https:\\\/\\\/nordlinepaadid.ee\\\/et\\\/pood\\\/electrical-equipments\\\/batteries-chargers-inverters\\\/akulaadija-victron-smart-12v-25a-ip65\\\/#primaryimage\"},\"thumbnailUrl\":\"https:\\\/\\\/nordlinepaadid.ee\\\/wp-content\\\/uploads\\\/2026\\\/02\\\/Akulaadija-Victron-SMART-12V-15A-IP65-bluetooth-paadile.jpg\",\"datePublished\":\"2026-02-16T13:03:20+00:00\",\"dateModified\":\"2026-02-16T14:00:16+00:00\",\"description\":\"Akulaadija Victron laadimisvooluga 25A, bluetooth \u00fchendus, v\u00f5ib j\u00e4tta kuudeks \u00fchendatuks (hooldusre\u017eiim), taastab s\u00fcgavalt t\u00fchjenenud akusid.\",\"breadcrumb\":{\"@id\":\"https:\\\/\\\/nordlinepaadid.ee\\\/et\\\/pood\\\/electrical-equipments\\\/batteries-chargers-inverters\\\/akulaadija-victron-smart-12v-25a-ip65\\\/#breadcrumb\"},\"inLanguage\":\"et\",\"potentialAction\":[{\"@type\":\"ReadAction\",\"target\":[\"https:\\\/\\\/nordlinepaadid.ee\\\/et\\\/pood\\\/electrical-equipments\\\/batteries-chargers-inverters\\\/akulaadija-victron-smart-12v-25a-ip65\\\/\"]}]},{\"@type\":\"ImageObject\",\"inLanguage\":\"et\",\"@id\":\"https:\\\/\\\/nordlinepaadid.ee\\\/et\\\/pood\\\/electrical-equipments\\\/batteries-chargers-inverters\\\/akulaadija-victron-smart-12v-25a-ip65\\\/#primaryimage\",\"url\":\"https:\\\/\\\/nordlinepaadid.ee\\\/wp-content\\\/uploads\\\/2026\\\/02\\\/Akulaadija-Victron-SMART-12V-15A-IP65-bluetooth-paadile.jpg\",\"contentUrl\":\"https:\\\/\\\/nordlinepaadid.ee\\\/wp-content\\\/uploads\\\/2026\\\/02\\\/Akulaadija-Victron-SMART-12V-15A-IP65-bluetooth-paadile.jpg\",\"width\":909,\"height\":1024,\"caption\":\"Akulaadija Victron SMART 12V 15A IP65 bluetooth paadile\"},{\"@type\":\"BreadcrumbList\",\"@id\":\"https:\\\/\\\/nordlinepaadid.ee\\\/et\\\/pood\\\/electrical-equipments\\\/batteries-chargers-inverters\\\/akulaadija-victron-smart-12v-25a-ip65\\\/#breadcrumb\",\"itemListElement\":[{\"@type\":\"ListItem\",\"position\":1,\"name\":\"Home\",\"item\":\"https:\\\/\\\/nordlinepaadid.ee\\\/et\\\/\"},{\"@type\":\"ListItem\",\"position\":2,\"name\":\"Pood\",\"item\":\"https:\\\/\\\/nordlinepaadid.ee\\\/et\\\/pood\\\/\"},{\"@type\":\"ListItem\",\"position\":3,\"name\":\"Akulaadija Victron SMART 12V 25A IP65\"}]},{\"@type\":\"WebSite\",\"@id\":\"https:\\\/\\\/nordlinepaadid.ee\\\/et\\\/#website\",\"url\":\"https:\\\/\\\/nordlinepaadid.ee\\\/et\\\/\",\"name\":\"NORDLINE s\u00f5udepaadid ja mootorpaadid. Klaasfiiber materjalist.\",\"description\":\"\",\"publisher\":{\"@id\":\"https:\\\/\\\/nordlinepaadid.ee\\\/et\\\/#organization\"},\"potentialAction\":[{\"@type\":\"SearchAction\",\"target\":{\"@type\":\"EntryPoint\",\"urlTemplate\":\"https:\\\/\\\/nordlinepaadid.ee\\\/et\\\/?s={search_term_string}\"},\"query-input\":{\"@type\":\"PropertyValueSpecification\",\"valueRequired\":true,\"valueName\":\"search_term_string\"}}],\"inLanguage\":\"et\"},{\"@type\":\"Organization\",\"@id\":\"https:\\\/\\\/nordlinepaadid.ee\\\/et\\\/#organization\",\"name\":\"Nordlineboats\",\"url\":\"https:\\\/\\\/nordlinepaadid.ee\\\/et\\\/\",\"logo\":{\"@type\":\"ImageObject\",\"inLanguage\":\"et\",\"@id\":\"https:\\\/\\\/nordlinepaadid.ee\\\/et\\\/#\\\/schema\\\/logo\\\/image\\\/\",\"url\":\"https:\\\/\\\/nordlinepaadid.ee\\\/wp-content\\\/uploads\\\/2023\\\/01\\\/fulllogo_transparent_nobuffer-e1672750475494.png\",\"contentUrl\":\"https:\\\/\\\/nordlinepaadid.ee\\\/wp-content\\\/uploads\\\/2023\\\/01\\\/fulllogo_transparent_nobuffer-e1672750475494.png\",\"width\":150,\"height\":119,\"caption\":\"Nordlineboats\"},\"image\":{\"@id\":\"https:\\\/\\\/nordlinepaadid.ee\\\/et\\\/#\\\/schema\\\/logo\\\/image\\\/\"},\"sameAs\":[\"https:\\\/\\\/www.facebook.com\\\/nordlineboats\",\"https:\\\/\\\/www.youtube.com\\\/channel\\\/UCbgF0fy02y3QkFnujaLTaCA\"]}]}<\/script>\n<!-- \/ Yoast SEO plugin. -->","yoast_head_json":{"title":"Akulaadija Victron SMART 12V 25A IP65","description":"Akulaadija Victron laadimisvooluga 25A, bluetooth \u00fchendus, v\u00f5ib j\u00e4tta kuudeks \u00fchendatuks (hooldusre\u017eiim), taastab s\u00fcgavalt t\u00fchjenenud akusid.","robots":{"index":"index","follow":"follow","max-snippet":"max-snippet:-1","max-image-preview":"max-image-preview:large","max-video-preview":"max-video-preview:-1"},"canonical":"https:\/\/nordlinepaadid.ee\/et\/pood\/electrical-equipments\/batteries-chargers-inverters\/akulaadija-victron-smart-12v-25a-ip65\/","og_locale":"et_EE","og_type":"article","og_title":"Akulaadija Victron SMART 12V 25A IP65","og_description":"Akulaadija Victron laadimisvooluga 25A, bluetooth \u00fchendus, v\u00f5ib j\u00e4tta kuudeks \u00fchendatuks (hooldusre\u017eiim), taastab s\u00fcgavalt t\u00fchjenenud akusid.","og_url":"https:\/\/nordlinepaadid.ee\/et\/pood\/electrical-equipments\/batteries-chargers-inverters\/akulaadija-victron-smart-12v-25a-ip65\/","og_site_name":"NORDLINE s\u00f5udepaadid ja mootorpaadid. Klaasfiiber materjalist.","article_publisher":"https:\/\/www.facebook.com\/nordlineboats","article_modified_time":"2026-02-16T14:00:16+00:00","og_image":[{"width":909,"height":1024,"url":"https:\/\/nordlinepaadid.ee\/wp-content\/uploads\/2026\/02\/Akulaadija-Victron-SMART-12V-15A-IP65-bluetooth-paadile.jpg","type":"image\/jpeg"}],"twitter_card":"summary_large_image","twitter_misc":{"Est. reading time":"1 minut"},"schema":{"@context":"https:\/\/schema.org","@graph":[{"@type":"WebPage","@id":"https:\/\/nordlinepaadid.ee\/et\/pood\/electrical-equipments\/batteries-chargers-inverters\/akulaadija-victron-smart-12v-25a-ip65\/","url":"https:\/\/nordlinepaadid.ee\/et\/pood\/electrical-equipments\/batteries-chargers-inverters\/akulaadija-victron-smart-12v-25a-ip65\/","name":"Akulaadija Victron SMART 12V 25A IP65","isPartOf":{"@id":"https:\/\/nordlinepaadid.ee\/et\/#website"},"primaryImageOfPage":{"@id":"https:\/\/nordlinepaadid.ee\/et\/pood\/electrical-equipments\/batteries-chargers-inverters\/akulaadija-victron-smart-12v-25a-ip65\/#primaryimage"},"image":{"@id":"https:\/\/nordlinepaadid.ee\/et\/pood\/electrical-equipments\/batteries-chargers-inverters\/akulaadija-victron-smart-12v-25a-ip65\/#primaryimage"},"thumbnailUrl":"https:\/\/nordlinepaadid.ee\/wp-content\/uploads\/2026\/02\/Akulaadija-Victron-SMART-12V-15A-IP65-bluetooth-paadile.jpg","datePublished":"2026-02-16T13:03:20+00:00","dateModified":"2026-02-16T14:00:16+00:00","description":"Akulaadija Victron laadimisvooluga 25A, bluetooth \u00fchendus, v\u00f5ib j\u00e4tta kuudeks \u00fchendatuks (hooldusre\u017eiim), taastab s\u00fcgavalt t\u00fchjenenud akusid.","breadcrumb":{"@id":"https:\/\/nordlinepaadid.ee\/et\/pood\/electrical-equipments\/batteries-chargers-inverters\/akulaadija-victron-smart-12v-25a-ip65\/#breadcrumb"},"inLanguage":"et","potentialAction":[{"@type":"ReadAction","target":["https:\/\/nordlinepaadid.ee\/et\/pood\/electrical-equipments\/batteries-chargers-inverters\/akulaadija-victron-smart-12v-25a-ip65\/"]}]},{"@type":"ImageObject","inLanguage":"et","@id":"https:\/\/nordlinepaadid.ee\/et\/pood\/electrical-equipments\/batteries-chargers-inverters\/akulaadija-victron-smart-12v-25a-ip65\/#primaryimage","url":"https:\/\/nordlinepaadid.ee\/wp-content\/uploads\/2026\/02\/Akulaadija-Victron-SMART-12V-15A-IP65-bluetooth-paadile.jpg","contentUrl":"https:\/\/nordlinepaadid.ee\/wp-content\/uploads\/2026\/02\/Akulaadija-Victron-SMART-12V-15A-IP65-bluetooth-paadile.jpg","width":909,"height":1024,"caption":"Akulaadija Victron SMART 12V 15A IP65 bluetooth paadile"},{"@type":"BreadcrumbList","@id":"https:\/\/nordlinepaadid.ee\/et\/pood\/electrical-equipments\/batteries-chargers-inverters\/akulaadija-victron-smart-12v-25a-ip65\/#breadcrumb","itemListElement":[{"@type":"ListItem","position":1,"name":"Home","item":"https:\/\/nordlinepaadid.ee\/et\/"},{"@type":"ListItem","position":2,"name":"Pood","item":"https:\/\/nordlinepaadid.ee\/et\/pood\/"},{"@type":"ListItem","position":3,"name":"Akulaadija Victron SMART 12V 25A IP65"}]},{"@type":"WebSite","@id":"https:\/\/nordlinepaadid.ee\/et\/#website","url":"https:\/\/nordlinepaadid.ee\/et\/","name":"NORDLINE s\u00f5udepaadid ja mootorpaadid. Klaasfiiber materjalist.","description":"","publisher":{"@id":"https:\/\/nordlinepaadid.ee\/et\/#organization"},"potentialAction":[{"@type":"SearchAction","target":{"@type":"EntryPoint","urlTemplate":"https:\/\/nordlinepaadid.ee\/et\/?s={search_term_string}"},"query-input":{"@type":"PropertyValueSpecification","valueRequired":true,"valueName":"search_term_string"}}],"inLanguage":"et"},{"@type":"Organization","@id":"https:\/\/nordlinepaadid.ee\/et\/#organization","name":"Nordlineboats","url":"https:\/\/nordlinepaadid.ee\/et\/","logo":{"@type":"ImageObject","inLanguage":"et","@id":"https:\/\/nordlinepaadid.ee\/et\/#\/schema\/logo\/image\/","url":"https:\/\/nordlinepaadid.ee\/wp-content\/uploads\/2023\/01\/fulllogo_transparent_nobuffer-e1672750475494.png","contentUrl":"https:\/\/nordlinepaadid.ee\/wp-content\/uploads\/2023\/01\/fulllogo_transparent_nobuffer-e1672750475494.png","width":150,"height":119,"caption":"Nordlineboats"},"image":{"@id":"https:\/\/nordlinepaadid.ee\/et\/#\/schema\/logo\/image\/"},"sameAs":["https:\/\/www.facebook.com\/nordlineboats","https:\/\/www.youtube.com\/channel\/UCbgF0fy02y3QkFnujaLTaCA"]}]}},"taxonomy_info":{"product_cat":[{"value":251,"label":"Akud, Akulaadijad, Inverterid"},{"value":1862,"label":"Akulaadijad"}]},"featured_image_src_large":["https:\/\/nordlinepaadid.ee\/wp-content\/uploads\/2026\/02\/Akulaadija-Victron-SMART-12V-15A-IP65-bluetooth-paadile.jpg",909,1024,false],"author_info":[],"comment_info":"","_links":{"self":[{"href":"https:\/\/nordlinepaadid.ee\/et\/wp-json\/wp\/v2\/product\/56524","targetHints":{"allow":["GET"]}}],"collection":[{"href":"https:\/\/nordlinepaadid.ee\/et\/wp-json\/wp\/v2\/product"}],"about":[{"href":"https:\/\/nordlinepaadid.ee\/et\/wp-json\/wp\/v2\/types\/product"}],"wp:featuredmedia":[{"embeddable":true,"href":"https:\/\/nordlinepaadid.ee\/et\/wp-json\/wp\/v2\/media\/56533"}],"wp:attachment":[{"href":"https:\/\/nordlinepaadid.ee\/et\/wp-json\/wp\/v2\/media?parent=56524"}],"wp:term":[{"taxonomy":"product_brand","embeddable":true,"href":"https:\/\/nordlinepaadid.ee\/et\/wp-json\/wp\/v2\/product_brand?post=56524"},{"taxonomy":"product_cat","embeddable":true,"href":"https:\/\/nordlinepaadid.ee\/et\/wp-json\/wp\/v2\/product_cat?post=56524"},{"taxonomy":"product_tag","embeddable":true,"href":"https:\/\/nordlinepaadid.ee\/et\/wp-json\/wp\/v2\/product_tag?post=56524"}],"curies":[{"name":"wp","href":"https:\/\/api.w.org\/{rel}","templated":true}]}}