{"id":56536,"date":"2026-02-16T15:16:25","date_gmt":"2026-02-16T13:16:25","guid":{"rendered":"https:\/\/nordlinepaadid.ee\/?post_type=product&#038;p=56536"},"modified":"2026-02-16T16:01:07","modified_gmt":"2026-02-16T14:01:07","slug":"akulaadija-victron-12v-30a-ip223smart","status":"publish","type":"product","link":"https:\/\/nordlinepaadid.ee\/et\/pood\/electrical-equipments\/akulaadijad\/akulaadija-victron-12v-30a-ip223smart\/","title":{"rendered":"Akulaadija Victron 12V 30A IP22(3)Smart"},"content":{"rendered":"<h2 data-start=\"0\" data-end=\"43\">Victron SMART 12V 30A IP22(3) akulaadija<\/h2>\n<ul data-start=\"63\" data-end=\"218\">\n<li data-start=\"63\" data-end=\"103\">\n<p data-start=\"65\" data-end=\"103\">Statsionaarne nutikas 12V akulaadija<\/p>\n<\/li>\n<li data-start=\"104\" data-end=\"161\">\n<p data-start=\"106\" data-end=\"161\">M\u00f5eldud p\u00fcsipaigalduseks (paadid, matkaautod, garaa\u017e)<\/p>\n<\/li>\n<li data-start=\"162\" data-end=\"218\">\n<p data-start=\"164\" data-end=\"218\">3 eraldi v\u00e4ljundit mitme aku samaaegseks laadimiseks<\/p>\n<\/li>\n<\/ul>\n<hr data-start=\"220\" data-end=\"223\" \/>\n<h3 data-start=\"225\" data-end=\"259\">Peamised eelised kliendi jaoks<\/h3>\n<ul data-start=\"260\" data-end=\"519\">\n<li data-start=\"260\" data-end=\"296\">\n<p data-start=\"262\" data-end=\"296\">Laeb starter- ja tarbeakud korraga<\/p>\n<\/li>\n<li data-start=\"297\" data-end=\"340\">\n<p data-start=\"299\" data-end=\"340\">30A laadimisvool \u2013 sobib suurtele akudele<\/p>\n<\/li>\n<li data-start=\"341\" data-end=\"392\">\n<p data-start=\"343\" data-end=\"392\">Bluetooth juhtimine ja j\u00e4lgimine (VictronConnect)<\/p>\n<\/li>\n<li data-start=\"393\" data-end=\"435\">\n<p data-start=\"395\" data-end=\"435\">Ohutu k\u00f5igile akukeemiatele (ka LiFePO4)<\/p>\n<\/li>\n<li data-start=\"436\" data-end=\"468\">\n<p data-start=\"438\" data-end=\"468\">V\u00f5ib j\u00e4\u00e4da p\u00fcsivalt \u00fchendatuks<\/p>\n<\/li>\n<li data-start=\"469\" data-end=\"519\">\n<p data-start=\"471\" data-end=\"519\">Pikendab aku eluiga (temperatuurikompensatsioon)<\/p>\n<\/li>\n<\/ul>\n<hr data-start=\"521\" data-end=\"524\" \/>\n<h3 data-start=\"526\" data-end=\"547\">Tehnilised andmed<\/h3>\n<ul data-start=\"548\" data-end=\"978\">\n<li data-start=\"548\" data-end=\"572\">\n<p data-start=\"550\" data-end=\"572\">Tootja: Victron Energy<\/p>\n<\/li>\n<li data-start=\"615\" data-end=\"651\">\n<p data-start=\"617\" data-end=\"651\">Sisendpinge: 180\u2013265 VAC, 45\u201365 Hz<\/p>\n<\/li>\n<li data-start=\"652\" data-end=\"672\">\n<p data-start=\"654\" data-end=\"672\">Laadimispinged \u2013 14,2V\/14,4V\/14,7V<\/p>\n<\/li>\n<li data-start=\"673\" data-end=\"705\">\n<p data-start=\"675\" data-end=\"705\">Maksimaalne laadimisvool: 30 A ( 15A madal laadimisvool)<\/p>\n<\/li>\n<li data-start=\"706\" data-end=\"739\">\n<p data-start=\"708\" data-end=\"739\">V\u00e4ljundite arv: 3 (isoleeritud)<\/p>\n<\/li>\n<li data-start=\"740\" data-end=\"785\">\n<p data-start=\"742\" data-end=\"785\">Laadimisalgoritm: 6 astmeline t\u00e4isautomaatne laadimine<\/p>\n<\/li>\n<li data-start=\"786\" data-end=\"844\">\n<p data-start=\"788\" data-end=\"801\">Sobivad akud:<\/p>\n<ul data-start=\"804\" data-end=\"844\">\n<li data-start=\"804\" data-end=\"816\">\n<p data-start=\"806\" data-end=\"816\">WET (plii)<\/p>\n<\/li>\n<li data-start=\"819\" data-end=\"824\">\n<p data-start=\"821\" data-end=\"824\">AGM<\/p>\n<\/li>\n<li data-start=\"827\" data-end=\"832\">\n<p data-start=\"829\" data-end=\"832\">GEL<\/p>\n<\/li>\n<li data-start=\"835\" data-end=\"844\">\n<p data-start=\"837\" data-end=\"844\">LiFePO4<\/p>\n<\/li>\n<\/ul>\n<\/li>\n<li data-start=\"845\" data-end=\"871\">\n<p data-start=\"847\" data-end=\"871\">Bluetooth: sisseehitatud<\/p>\n<\/li>\n<li data-start=\"872\" data-end=\"902\">\n<p data-start=\"874\" data-end=\"902\">Kaitseklass: IP22 (siseruum)<\/p>\n<\/li>\n<li data-start=\"903\" data-end=\"943\">\n<p data-start=\"905\" data-end=\"943\">Temperatuurikompensatsioon: automaatne<\/p>\n<\/li>\n<li data-start=\"944\" data-end=\"978\">\n<p data-start=\"946\" data-end=\"978\">T\u00f6\u00f6temperatuur: \u201320\u00b0C kuni +50\u00b0C<\/p>\n<\/li>\n<\/ul>\n<hr data-start=\"980\" data-end=\"983\" \/>\n<h3 data-start=\"985\" data-end=\"999\">Komplektis<\/h3>\n<ul data-start=\"1000\" data-end=\"1030\">\n<li data-start=\"1000\" data-end=\"1012\">\n<p data-start=\"1002\" data-end=\"1012\">Akulaadija<\/p>\n<\/li>\n<li data-start=\"1013\" data-end=\"1030\">\n<p data-start=\"1015\" data-end=\"1030\">Paigaldusjuhend<\/p>\n<\/li>\n<\/ul>\n<hr data-start=\"1032\" data-end=\"1035\" \/>\n<h3 data-start=\"1037\" data-end=\"1056\">Kasutusvaldkond<\/h3>\n<ul data-start=\"1057\" data-end=\"1158\">\n<li data-start=\"1057\" data-end=\"1087\">\n<p data-start=\"1059\" data-end=\"1087\">Paadid (starter + tarbeakud)<\/p>\n<\/li>\n<li data-start=\"1088\" data-end=\"1100\">\n<p data-start=\"1090\" data-end=\"1100\">Matkaautod<\/p>\n<\/li>\n<li data-start=\"1101\" data-end=\"1135\">\n<p data-start=\"1103\" data-end=\"1135\">Teenindus- ja varutoites\u00fcsteemid<\/p>\n<\/li>\n<li data-start=\"1136\" data-end=\"1158\">\n<p data-start=\"1138\" data-end=\"1158\">Garaa\u017eid ja t\u00f6\u00f6kojad<\/p>\n<\/li>\n<\/ul>\n<hr data-start=\"1160\" data-end=\"1163\" \/>\n<h3 data-start=\"1165\" data-end=\"1183\">Lisav\u00f5imalused<\/h3>\n<ul data-start=\"1184\" data-end=\"1308\" data-is-last-node=\"\" data-is-only-node=\"\">\n<li data-start=\"1184\" data-end=\"1218\">\n<p data-start=\"1186\" data-end=\"1218\">Aku seisundi j\u00e4lgimine telefonis<\/p>\n<\/li>\n<li data-start=\"1219\" data-end=\"1245\">\n<p data-start=\"1221\" data-end=\"1245\">Laadimisre\u017eiimi muutmine<\/p>\n<\/li>\n<li data-start=\"1246\" data-end=\"1278\">\n<p data-start=\"1248\" data-end=\"1278\">Diagnostika ja laadimisajalugu<\/p>\n<\/li>\n<li data-start=\"1279\" data-end=\"1308\" data-is-last-node=\"\">\n<p data-start=\"1281\" data-end=\"1308\" data-is-last-node=\"\">Bluetooth tarkvarauuendused<\/p>\n<\/li>\n<\/ul>\n","protected":false},"excerpt":{"rendered":"<ul data-start=\"261\" data-end=\"538\">\n<li data-start=\"261\" data-end=\"297\">\n<ul data-start=\"548\" data-end=\"978\">\n<li data-start=\"652\" data-end=\"672\">\n<p data-start=\"654\" data-end=\"672\">Laadimispinged \u2013 14,2V\/14,4V\/14,7V<\/p>\n<\/li>\n<li data-start=\"673\" data-end=\"705\">\n<p data-start=\"675\" data-end=\"705\">Maksimaalne laadimisvool: 30 A ( 15A madal laadimisvool)<\/p>\n<\/li>\n<li data-start=\"706\" data-end=\"739\">\n<p data-start=\"708\" data-end=\"739\">V\u00e4ljundite arv: 3 (isoleeritud)<\/p>\n<\/li>\n<li data-start=\"740\" data-end=\"785\">\n<p data-start=\"742\" data-end=\"785\">Laadimisalgoritm: 6 astmeline t\u00e4isautomaatne laadimine<\/p>\n<\/li>\n<li data-start=\"786\" data-end=\"844\">\n<p data-start=\"788\" data-end=\"801\">Sobivad akud: <span style=\"font-family: var(--global-body-font-family);\">WET (plii); <\/span><span style=\"font-family: var(--global-body-font-family);\">AGM; <\/span><span style=\"font-family: var(--global-body-font-family);\">GEL; <\/span><span style=\"font-family: var(--global-body-font-family);\">LiFePO4<\/span><\/p>\n<\/li>\n<li data-start=\"845\" data-end=\"871\">\n<p data-start=\"847\" data-end=\"871\">Bluetooth: sisseehitatud<\/p>\n<\/li>\n<\/ul>\n<\/li>\n<\/ul>\n","protected":false},"featured_media":56539,"template":"","meta":{"_kad_blocks_custom_css":"","_kad_blocks_head_custom_js":"","_kad_blocks_body_custom_js":"","_kad_blocks_footer_custom_js":"","_kad_post_transparent":"default","_kad_post_title":"","_kad_post_layout":"default","_kad_post_sidebar_id":"","_kad_post_content_style":"default","_kad_post_vertical_padding":"default","_kad_post_feature":"","_kad_post_feature_position":"","_kad_post_header":false,"_kad_post_footer":false,"_kad_post_classname":""},"product_brand":[],"product_cat":[1862],"product_tag":[],"class_list":{"0":"post-56536","1":"product","2":"type-product","3":"status-publish","4":"has-post-thumbnail","6":"product_cat-akulaadijad","7":"tm-no-options","9":"first","10":"onbackorder","11":"sale","12":"taxable","13":"shipping-taxable","14":"purchasable","15":"product-type-simple","16":"entry","17":"content-bg","18":"loop-entry"},"yoast_head":"<!-- This site is optimized with the Yoast SEO plugin v27.3 - https:\/\/yoast.com\/product\/yoast-seo-wordpress\/ -->\n<title>Akulaadija Victron SMART 12V 25A IP65Akulaadija Victron 12V 30A IP22(3)Smart<\/title>\n<meta name=\"description\" content=\"Akulaadija Victron 12V 30A IP22(3)Smart - kolme v\u00e4ljundiga tark laadija. Laadimisvool 30A, 6 astmeline t\u00e4isautomaatne laadimine.\" \/>\n<meta name=\"robots\" content=\"index, follow, max-snippet:-1, max-image-preview:large, max-video-preview:-1\" \/>\n<link rel=\"canonical\" href=\"https:\/\/nordlinepaadid.ee\/et\/pood\/electrical-equipments\/akulaadijad\/akulaadija-victron-12v-30a-ip223smart\/\" \/>\n<meta property=\"og:locale\" content=\"et_EE\" \/>\n<meta property=\"og:type\" content=\"article\" \/>\n<meta property=\"og:title\" content=\"Akulaadija Victron SMART 12V 25A IP65Akulaadija Victron 12V 30A IP22(3)Smart\" \/>\n<meta property=\"og:description\" content=\"Akulaadija Victron 12V 30A IP22(3)Smart - kolme v\u00e4ljundiga tark laadija. Laadimisvool 30A, 6 astmeline t\u00e4isautomaatne laadimine.\" \/>\n<meta property=\"og:url\" content=\"https:\/\/nordlinepaadid.ee\/et\/pood\/electrical-equipments\/akulaadijad\/akulaadija-victron-12v-30a-ip223smart\/\" \/>\n<meta property=\"og:site_name\" content=\"NORDLINE s\u00f5udepaadid ja mootorpaadid. Klaasfiiber materjalist.\" \/>\n<meta property=\"article:publisher\" content=\"https:\/\/www.facebook.com\/nordlineboats\" \/>\n<meta property=\"article:modified_time\" content=\"2026-02-16T14:01:07+00:00\" \/>\n<meta property=\"og:image\" content=\"https:\/\/nordlinepaadid.ee\/wp-content\/uploads\/2026\/02\/Akulaadija-Victron-12V-30A-IP223Smart-scaled.jpg\" \/>\n\t<meta property=\"og:image:width\" content=\"2560\" \/>\n\t<meta property=\"og:image:height\" content=\"1829\" \/>\n\t<meta property=\"og:image:type\" content=\"image\/jpeg\" \/>\n<meta name=\"twitter:card\" content=\"summary_large_image\" \/>\n<meta name=\"twitter:label1\" content=\"Est. reading time\" \/>\n\t<meta name=\"twitter:data1\" content=\"1 minut\" \/>\n<script type=\"application\/ld+json\" class=\"yoast-schema-graph\">{\"@context\":\"https:\\\/\\\/schema.org\",\"@graph\":[{\"@type\":\"WebPage\",\"@id\":\"https:\\\/\\\/nordlinepaadid.ee\\\/et\\\/pood\\\/electrical-equipments\\\/akulaadijad\\\/akulaadija-victron-12v-30a-ip223smart\\\/\",\"url\":\"https:\\\/\\\/nordlinepaadid.ee\\\/et\\\/pood\\\/electrical-equipments\\\/akulaadijad\\\/akulaadija-victron-12v-30a-ip223smart\\\/\",\"name\":\"Akulaadija Victron SMART 12V 25A IP65Akulaadija Victron 12V 30A IP22(3)Smart\",\"isPartOf\":{\"@id\":\"https:\\\/\\\/nordlinepaadid.ee\\\/et\\\/#website\"},\"primaryImageOfPage\":{\"@id\":\"https:\\\/\\\/nordlinepaadid.ee\\\/et\\\/pood\\\/electrical-equipments\\\/akulaadijad\\\/akulaadija-victron-12v-30a-ip223smart\\\/#primaryimage\"},\"image\":{\"@id\":\"https:\\\/\\\/nordlinepaadid.ee\\\/et\\\/pood\\\/electrical-equipments\\\/akulaadijad\\\/akulaadija-victron-12v-30a-ip223smart\\\/#primaryimage\"},\"thumbnailUrl\":\"https:\\\/\\\/nordlinepaadid.ee\\\/wp-content\\\/uploads\\\/2026\\\/02\\\/Akulaadija-Victron-12V-30A-IP223Smart-scaled.jpg\",\"datePublished\":\"2026-02-16T13:16:25+00:00\",\"dateModified\":\"2026-02-16T14:01:07+00:00\",\"description\":\"Akulaadija Victron 12V 30A IP22(3)Smart - kolme v\u00e4ljundiga tark laadija. Laadimisvool 30A, 6 astmeline t\u00e4isautomaatne laadimine.\",\"breadcrumb\":{\"@id\":\"https:\\\/\\\/nordlinepaadid.ee\\\/et\\\/pood\\\/electrical-equipments\\\/akulaadijad\\\/akulaadija-victron-12v-30a-ip223smart\\\/#breadcrumb\"},\"inLanguage\":\"et\",\"potentialAction\":[{\"@type\":\"ReadAction\",\"target\":[\"https:\\\/\\\/nordlinepaadid.ee\\\/et\\\/pood\\\/electrical-equipments\\\/akulaadijad\\\/akulaadija-victron-12v-30a-ip223smart\\\/\"]}]},{\"@type\":\"ImageObject\",\"inLanguage\":\"et\",\"@id\":\"https:\\\/\\\/nordlinepaadid.ee\\\/et\\\/pood\\\/electrical-equipments\\\/akulaadijad\\\/akulaadija-victron-12v-30a-ip223smart\\\/#primaryimage\",\"url\":\"https:\\\/\\\/nordlinepaadid.ee\\\/wp-content\\\/uploads\\\/2026\\\/02\\\/Akulaadija-Victron-12V-30A-IP223Smart-scaled.jpg\",\"contentUrl\":\"https:\\\/\\\/nordlinepaadid.ee\\\/wp-content\\\/uploads\\\/2026\\\/02\\\/Akulaadija-Victron-12V-30A-IP223Smart-scaled.jpg\",\"width\":2560,\"height\":1829,\"caption\":\"Akulaadija Victron 12V 30A IP22(3)Smart\"},{\"@type\":\"BreadcrumbList\",\"@id\":\"https:\\\/\\\/nordlinepaadid.ee\\\/et\\\/pood\\\/electrical-equipments\\\/akulaadijad\\\/akulaadija-victron-12v-30a-ip223smart\\\/#breadcrumb\",\"itemListElement\":[{\"@type\":\"ListItem\",\"position\":1,\"name\":\"Home\",\"item\":\"https:\\\/\\\/nordlinepaadid.ee\\\/et\\\/\"},{\"@type\":\"ListItem\",\"position\":2,\"name\":\"Pood\",\"item\":\"https:\\\/\\\/nordlinepaadid.ee\\\/et\\\/pood\\\/\"},{\"@type\":\"ListItem\",\"position\":3,\"name\":\"Akulaadija Victron 12V 30A IP22(3)Smart\"}]},{\"@type\":\"WebSite\",\"@id\":\"https:\\\/\\\/nordlinepaadid.ee\\\/et\\\/#website\",\"url\":\"https:\\\/\\\/nordlinepaadid.ee\\\/et\\\/\",\"name\":\"NORDLINE s\u00f5udepaadid ja mootorpaadid. Klaasfiiber materjalist.\",\"description\":\"\",\"publisher\":{\"@id\":\"https:\\\/\\\/nordlinepaadid.ee\\\/et\\\/#organization\"},\"potentialAction\":[{\"@type\":\"SearchAction\",\"target\":{\"@type\":\"EntryPoint\",\"urlTemplate\":\"https:\\\/\\\/nordlinepaadid.ee\\\/et\\\/?s={search_term_string}\"},\"query-input\":{\"@type\":\"PropertyValueSpecification\",\"valueRequired\":true,\"valueName\":\"search_term_string\"}}],\"inLanguage\":\"et\"},{\"@type\":\"Organization\",\"@id\":\"https:\\\/\\\/nordlinepaadid.ee\\\/et\\\/#organization\",\"name\":\"Nordlineboats\",\"url\":\"https:\\\/\\\/nordlinepaadid.ee\\\/et\\\/\",\"logo\":{\"@type\":\"ImageObject\",\"inLanguage\":\"et\",\"@id\":\"https:\\\/\\\/nordlinepaadid.ee\\\/et\\\/#\\\/schema\\\/logo\\\/image\\\/\",\"url\":\"https:\\\/\\\/nordlinepaadid.ee\\\/wp-content\\\/uploads\\\/2023\\\/01\\\/fulllogo_transparent_nobuffer-e1672750475494.png\",\"contentUrl\":\"https:\\\/\\\/nordlinepaadid.ee\\\/wp-content\\\/uploads\\\/2023\\\/01\\\/fulllogo_transparent_nobuffer-e1672750475494.png\",\"width\":150,\"height\":119,\"caption\":\"Nordlineboats\"},\"image\":{\"@id\":\"https:\\\/\\\/nordlinepaadid.ee\\\/et\\\/#\\\/schema\\\/logo\\\/image\\\/\"},\"sameAs\":[\"https:\\\/\\\/www.facebook.com\\\/nordlineboats\",\"https:\\\/\\\/www.youtube.com\\\/channel\\\/UCbgF0fy02y3QkFnujaLTaCA\"]}]}<\/script>\n<!-- \/ Yoast SEO plugin. -->","yoast_head_json":{"title":"Akulaadija Victron SMART 12V 25A IP65Akulaadija Victron 12V 30A IP22(3)Smart","description":"Akulaadija Victron 12V 30A IP22(3)Smart - kolme v\u00e4ljundiga tark laadija. Laadimisvool 30A, 6 astmeline t\u00e4isautomaatne laadimine.","robots":{"index":"index","follow":"follow","max-snippet":"max-snippet:-1","max-image-preview":"max-image-preview:large","max-video-preview":"max-video-preview:-1"},"canonical":"https:\/\/nordlinepaadid.ee\/et\/pood\/electrical-equipments\/akulaadijad\/akulaadija-victron-12v-30a-ip223smart\/","og_locale":"et_EE","og_type":"article","og_title":"Akulaadija Victron SMART 12V 25A IP65Akulaadija Victron 12V 30A IP22(3)Smart","og_description":"Akulaadija Victron 12V 30A IP22(3)Smart - kolme v\u00e4ljundiga tark laadija. Laadimisvool 30A, 6 astmeline t\u00e4isautomaatne laadimine.","og_url":"https:\/\/nordlinepaadid.ee\/et\/pood\/electrical-equipments\/akulaadijad\/akulaadija-victron-12v-30a-ip223smart\/","og_site_name":"NORDLINE s\u00f5udepaadid ja mootorpaadid. Klaasfiiber materjalist.","article_publisher":"https:\/\/www.facebook.com\/nordlineboats","article_modified_time":"2026-02-16T14:01:07+00:00","og_image":[{"width":2560,"height":1829,"url":"https:\/\/nordlinepaadid.ee\/wp-content\/uploads\/2026\/02\/Akulaadija-Victron-12V-30A-IP223Smart-scaled.jpg","type":"image\/jpeg"}],"twitter_card":"summary_large_image","twitter_misc":{"Est. reading time":"1 minut"},"schema":{"@context":"https:\/\/schema.org","@graph":[{"@type":"WebPage","@id":"https:\/\/nordlinepaadid.ee\/et\/pood\/electrical-equipments\/akulaadijad\/akulaadija-victron-12v-30a-ip223smart\/","url":"https:\/\/nordlinepaadid.ee\/et\/pood\/electrical-equipments\/akulaadijad\/akulaadija-victron-12v-30a-ip223smart\/","name":"Akulaadija Victron SMART 12V 25A IP65Akulaadija Victron 12V 30A IP22(3)Smart","isPartOf":{"@id":"https:\/\/nordlinepaadid.ee\/et\/#website"},"primaryImageOfPage":{"@id":"https:\/\/nordlinepaadid.ee\/et\/pood\/electrical-equipments\/akulaadijad\/akulaadija-victron-12v-30a-ip223smart\/#primaryimage"},"image":{"@id":"https:\/\/nordlinepaadid.ee\/et\/pood\/electrical-equipments\/akulaadijad\/akulaadija-victron-12v-30a-ip223smart\/#primaryimage"},"thumbnailUrl":"https:\/\/nordlinepaadid.ee\/wp-content\/uploads\/2026\/02\/Akulaadija-Victron-12V-30A-IP223Smart-scaled.jpg","datePublished":"2026-02-16T13:16:25+00:00","dateModified":"2026-02-16T14:01:07+00:00","description":"Akulaadija Victron 12V 30A IP22(3)Smart - kolme v\u00e4ljundiga tark laadija. Laadimisvool 30A, 6 astmeline t\u00e4isautomaatne laadimine.","breadcrumb":{"@id":"https:\/\/nordlinepaadid.ee\/et\/pood\/electrical-equipments\/akulaadijad\/akulaadija-victron-12v-30a-ip223smart\/#breadcrumb"},"inLanguage":"et","potentialAction":[{"@type":"ReadAction","target":["https:\/\/nordlinepaadid.ee\/et\/pood\/electrical-equipments\/akulaadijad\/akulaadija-victron-12v-30a-ip223smart\/"]}]},{"@type":"ImageObject","inLanguage":"et","@id":"https:\/\/nordlinepaadid.ee\/et\/pood\/electrical-equipments\/akulaadijad\/akulaadija-victron-12v-30a-ip223smart\/#primaryimage","url":"https:\/\/nordlinepaadid.ee\/wp-content\/uploads\/2026\/02\/Akulaadija-Victron-12V-30A-IP223Smart-scaled.jpg","contentUrl":"https:\/\/nordlinepaadid.ee\/wp-content\/uploads\/2026\/02\/Akulaadija-Victron-12V-30A-IP223Smart-scaled.jpg","width":2560,"height":1829,"caption":"Akulaadija Victron 12V 30A IP22(3)Smart"},{"@type":"BreadcrumbList","@id":"https:\/\/nordlinepaadid.ee\/et\/pood\/electrical-equipments\/akulaadijad\/akulaadija-victron-12v-30a-ip223smart\/#breadcrumb","itemListElement":[{"@type":"ListItem","position":1,"name":"Home","item":"https:\/\/nordlinepaadid.ee\/et\/"},{"@type":"ListItem","position":2,"name":"Pood","item":"https:\/\/nordlinepaadid.ee\/et\/pood\/"},{"@type":"ListItem","position":3,"name":"Akulaadija Victron 12V 30A IP22(3)Smart"}]},{"@type":"WebSite","@id":"https:\/\/nordlinepaadid.ee\/et\/#website","url":"https:\/\/nordlinepaadid.ee\/et\/","name":"NORDLINE s\u00f5udepaadid ja mootorpaadid. Klaasfiiber materjalist.","description":"","publisher":{"@id":"https:\/\/nordlinepaadid.ee\/et\/#organization"},"potentialAction":[{"@type":"SearchAction","target":{"@type":"EntryPoint","urlTemplate":"https:\/\/nordlinepaadid.ee\/et\/?s={search_term_string}"},"query-input":{"@type":"PropertyValueSpecification","valueRequired":true,"valueName":"search_term_string"}}],"inLanguage":"et"},{"@type":"Organization","@id":"https:\/\/nordlinepaadid.ee\/et\/#organization","name":"Nordlineboats","url":"https:\/\/nordlinepaadid.ee\/et\/","logo":{"@type":"ImageObject","inLanguage":"et","@id":"https:\/\/nordlinepaadid.ee\/et\/#\/schema\/logo\/image\/","url":"https:\/\/nordlinepaadid.ee\/wp-content\/uploads\/2023\/01\/fulllogo_transparent_nobuffer-e1672750475494.png","contentUrl":"https:\/\/nordlinepaadid.ee\/wp-content\/uploads\/2023\/01\/fulllogo_transparent_nobuffer-e1672750475494.png","width":150,"height":119,"caption":"Nordlineboats"},"image":{"@id":"https:\/\/nordlinepaadid.ee\/et\/#\/schema\/logo\/image\/"},"sameAs":["https:\/\/www.facebook.com\/nordlineboats","https:\/\/www.youtube.com\/channel\/UCbgF0fy02y3QkFnujaLTaCA"]}]}},"taxonomy_info":{"product_cat":[{"value":1862,"label":"Akulaadijad"}]},"featured_image_src_large":["https:\/\/nordlinepaadid.ee\/wp-content\/uploads\/2026\/02\/Akulaadija-Victron-12V-30A-IP223Smart-1024x731.jpg",1024,731,true],"author_info":[],"comment_info":"","_links":{"self":[{"href":"https:\/\/nordlinepaadid.ee\/et\/wp-json\/wp\/v2\/product\/56536","targetHints":{"allow":["GET"]}}],"collection":[{"href":"https:\/\/nordlinepaadid.ee\/et\/wp-json\/wp\/v2\/product"}],"about":[{"href":"https:\/\/nordlinepaadid.ee\/et\/wp-json\/wp\/v2\/types\/product"}],"wp:featuredmedia":[{"embeddable":true,"href":"https:\/\/nordlinepaadid.ee\/et\/wp-json\/wp\/v2\/media\/56539"}],"wp:attachment":[{"href":"https:\/\/nordlinepaadid.ee\/et\/wp-json\/wp\/v2\/media?parent=56536"}],"wp:term":[{"taxonomy":"product_brand","embeddable":true,"href":"https:\/\/nordlinepaadid.ee\/et\/wp-json\/wp\/v2\/product_brand?post=56536"},{"taxonomy":"product_cat","embeddable":true,"href":"https:\/\/nordlinepaadid.ee\/et\/wp-json\/wp\/v2\/product_cat?post=56536"},{"taxonomy":"product_tag","embeddable":true,"href":"https:\/\/nordlinepaadid.ee\/et\/wp-json\/wp\/v2\/product_tag?post=56536"}],"curies":[{"name":"wp","href":"https:\/\/api.w.org\/{rel}","templated":true}]}}