{"id":56541,"date":"2026-02-16T15:41:57","date_gmt":"2026-02-16T13:41:57","guid":{"rendered":"https:\/\/nordlinepaadid.ee\/?post_type=product&#038;p=56541"},"modified":"2026-02-16T16:01:29","modified_gmt":"2026-02-16T14:01:29","slug":"akulaadija-victron-12v-30a-ip22-1-blue","status":"publish","type":"product","link":"https:\/\/nordlinepaadid.ee\/et\/pood\/electrical-equipments\/akulaadijad\/akulaadija-victron-12v-30a-ip22-1-blue\/","title":{"rendered":"Akulaadija Victron 12V 30A IP22 (1) Blue"},"content":{"rendered":"<h2 data-start=\"0\" data-end=\"45\">Victron 12V 30A IP22 (1) Blue akulaadija<\/h2>\n<ul data-start=\"98\" data-end=\"246\">\n<li data-start=\"98\" data-end=\"149\">\n<p data-start=\"100\" data-end=\"149\">Automaatne statsionaarne akulaadija 12V akudele<\/p>\n<\/li>\n<li data-start=\"150\" data-end=\"185\">\n<p data-start=\"152\" data-end=\"185\">\u00dche v\u00e4ljundiga (laeb \u00fchte akut)<\/p>\n<\/li>\n<li data-start=\"186\" data-end=\"246\">\n<p data-start=\"188\" data-end=\"246\">M\u00f5eldud p\u00fcsipaigalduseks garaa\u017ei, paati v\u00f5i matkaautosse<\/p>\n<\/li>\n<\/ul>\n<hr data-start=\"248\" data-end=\"251\" \/>\n<h3 data-start=\"253\" data-end=\"287\">Peamised eelised kliendi jaoks<\/h3>\n<ul data-start=\"288\" data-end=\"540\">\n<li data-start=\"288\" data-end=\"331\">\n<p data-start=\"290\" data-end=\"331\">30A laadimisvool \u2013 sobib suurtele akudele<\/p>\n<\/li>\n<li data-start=\"332\" data-end=\"383\">\n<p data-start=\"334\" data-end=\"383\">Hoolduslaadimine \u2013 v\u00f5ib j\u00e4\u00e4da p\u00fcsivalt \u00fchendatuks<\/p>\n<\/li>\n<li data-start=\"384\" data-end=\"417\">\n<p data-start=\"386\" data-end=\"417\">Taastab s\u00fcgavalt t\u00fchjenenud aku<\/p>\n<\/li>\n<li data-start=\"418\" data-end=\"466\">\n<p data-start=\"420\" data-end=\"466\">Pikendab aku eluiga (mitmeastmeline laadimine)<\/p>\n<\/li>\n<li data-start=\"467\" data-end=\"498\">\n<p data-start=\"469\" data-end=\"498\">Saab kasutada ka toiteplokina<\/p>\n<\/li>\n<li data-start=\"499\" data-end=\"540\">\n<p data-start=\"501\" data-end=\"540\">V\u00e4ga madal energiatarve t\u00e4is aku korral<\/p>\n<\/li>\n<\/ul>\n<hr data-start=\"542\" data-end=\"545\" \/>\n<h3 data-start=\"547\" data-end=\"568\">Tehnilised andmed<\/h3>\n<ul data-start=\"569\" data-end=\"972\">\n<li data-start=\"569\" data-end=\"593\">\n<p data-start=\"571\" data-end=\"593\">Tootja: Victron Energy<\/p>\n<\/li>\n<li data-start=\"594\" data-end=\"621\">\n<p data-start=\"596\" data-end=\"621\">Mudel: Blue IP22 12\/30(1)<\/p>\n<\/li>\n<li data-start=\"648\" data-end=\"668\">\n<p data-start=\"650\" data-end=\"668\">Laadimispinged \u2013 14,2V\/14,4V\/14,7V<\/p>\n<\/li>\n<li data-start=\"669\" data-end=\"701\">\n<p data-start=\"671\" data-end=\"701\">Maksimaalne laadimisvool: 30 A ( 15A madal laadimisvool)<\/p>\n<\/li>\n<li data-start=\"702\" data-end=\"721\">\n<p data-start=\"704\" data-end=\"721\">V\u00e4ljundite arv: 1<\/p>\n<\/li>\n<li data-start=\"722\" data-end=\"758\">\n<p data-start=\"724\" data-end=\"758\">Sisendpinge: 180\u2013265 VAC, 45\u201365 Hz<\/p>\n<\/li>\n<li data-start=\"759\" data-end=\"821\">\n<p data-start=\"761\" data-end=\"821\">Efektiivsus: kuni ~94%<\/p>\n<\/li>\n<li data-start=\"822\" data-end=\"852\">\n<p data-start=\"824\" data-end=\"852\">Kaitseklass: IP22 (siseruum)<\/p>\n<\/li>\n<li data-start=\"853\" data-end=\"918\">\n<p data-start=\"855\" data-end=\"918\">M\u00f5\u00f5dud: 235 \u00d7 108 \u00d7 65 mm<\/p>\n<\/li>\n<li data-start=\"919\" data-end=\"972\">\n<p data-start=\"921\" data-end=\"972\">Kaal: ~1,6 kg<\/p>\n<\/li>\n<\/ul>\n<hr data-start=\"974\" data-end=\"977\" \/>\n<h3 data-start=\"979\" data-end=\"999\">Laadimisalgoritm<\/h3>\n<p data-start=\"1000\" data-end=\"1036\">Adaptiivne mitmeastmeline laadimine:<\/p>\n<ul data-start=\"1037\" data-end=\"1159\">\n<li data-start=\"1037\" data-end=\"1059\">\n<p data-start=\"1039\" data-end=\"1059\">Bulk (kiirlaadimine)<\/p>\n<\/li>\n<li data-start=\"1060\" data-end=\"1072\">\n<p data-start=\"1062\" data-end=\"1072\">Absorption<\/p>\n<\/li>\n<li data-start=\"1073\" data-end=\"1080\">\n<p data-start=\"1075\" data-end=\"1080\">Float<\/p>\n<\/li>\n<li data-start=\"1081\" data-end=\"1090\">\n<p data-start=\"1083\" data-end=\"1090\">Storage<\/p>\n<\/li>\n<li data-start=\"1091\" data-end=\"1159\">\n<p data-start=\"1093\" data-end=\"1159\">Recondition (aku taastamine)<\/p>\n<\/li>\n<\/ul>\n<hr data-start=\"1161\" data-end=\"1164\" \/>\n<h3 data-start=\"1166\" data-end=\"1183\">Aku \u00fchilduvus<\/h3>\n<ul data-start=\"1184\" data-end=\"1265\">\n<li data-start=\"1184\" data-end=\"1200\">\n<p data-start=\"1186\" data-end=\"1200\">Pliihape (WET)<\/p>\n<\/li>\n<li data-start=\"1201\" data-end=\"1206\">\n<p data-start=\"1203\" data-end=\"1206\">AGM<\/p>\n<\/li>\n<li data-start=\"1207\" data-end=\"1212\">\n<p data-start=\"1209\" data-end=\"1212\">GEL<\/p>\n<\/li>\n<li data-start=\"1213\" data-end=\"1265\">\n<p data-start=\"1215\" data-end=\"1265\">Ca \/ MF akud<\/p>\n<\/li>\n<\/ul>\n<hr data-start=\"1267\" data-end=\"1270\" \/>\n<h3 data-start=\"1272\" data-end=\"1288\">Funktsioonid<\/h3>\n<ul data-start=\"1289\" data-end=\"1678\">\n<li data-start=\"1289\" data-end=\"1366\">\n<p data-start=\"1291\" data-end=\"1366\">Automaatne temperatuurikompensatsioon<\/p>\n<\/li>\n<li data-start=\"1367\" data-end=\"1441\">\n<p data-start=\"1369\" data-end=\"1441\">S\u00fcgavalt t\u00fchjenenud aku taastamine<\/p>\n<\/li>\n<li data-start=\"1442\" data-end=\"1513\">\n<p data-start=\"1444\" data-end=\"1513\">\u00dclekuumenemise ja l\u00fchise kaitse<\/p>\n<\/li>\n<li data-start=\"1514\" data-end=\"1594\">\n<p data-start=\"1516\" data-end=\"1594\">Madal voolutarve t\u00e4is aku korral (~0,5W)<\/p>\n<\/li>\n<li data-start=\"1595\" data-end=\"1678\">\n<p data-start=\"1597\" data-end=\"1678\">V\u00f5imalik kasutada alalisvoolu toiteallikana<\/p>\n<\/li>\n<\/ul>\n<hr data-start=\"1680\" data-end=\"1683\" \/>\n<h3 data-start=\"1685\" data-end=\"1704\">Kasutusvaldkond<\/h3>\n<ul data-start=\"1705\" data-end=\"1807\">\n<li data-start=\"1705\" data-end=\"1717\">\n<p data-start=\"1707\" data-end=\"1717\">Paadi akud<\/p>\n<\/li>\n<li data-start=\"1718\" data-end=\"1739\">\n<p data-start=\"1720\" data-end=\"1739\">Matkaauto ja haagis<\/p>\n<\/li>\n<li data-start=\"1740\" data-end=\"1763\">\n<p data-start=\"1742\" data-end=\"1763\">Autod ja mootorrattad<\/p>\n<\/li>\n<li data-start=\"1764\" data-end=\"1790\">\n<p data-start=\"1766\" data-end=\"1790\">Garaa\u017ei hoolduslaadimine<\/p>\n<\/li>\n<li data-start=\"1791\" data-end=\"1807\">\n<p data-start=\"1793\" data-end=\"1807\">Varutoite akud<\/p>\n<\/li>\n<\/ul>\n<hr data-start=\"1809\" data-end=\"1812\" \/>\n<h3 data-start=\"1814\" data-end=\"1826\">Komplekt<\/h3>\n<ul data-start=\"1827\" data-end=\"1869\">\n<li data-start=\"1827\" data-end=\"1839\">\n<p data-start=\"1829\" data-end=\"1839\">Akulaadija<\/p>\n<\/li>\n<li data-start=\"1840\" data-end=\"1851\">\n<p data-start=\"1842\" data-end=\"1851\">Toitejuhe<\/p>\n<\/li>\n<li data-start=\"1852\" data-end=\"1869\">\n<p data-start=\"1854\" data-end=\"1869\">Paigaldusjuhend<\/p>\n<\/li>\n<\/ul>\n","protected":false},"excerpt":{"rendered":"<p data-start=\"571\" data-end=\"593\">Tootja: Victron Energy<br \/>\nMudel: Blue IP22 12\/30(1)<br \/>\nLaadimispinged \u2013 14,2V\/14,4V\/14,7V<br \/>\nMaksimaalne laadimisvool: 30 A ( 15A madal laadimisvool)<br \/>\nV\u00e4ljundite arv: 1<br \/>\nSisendpinge: 180\u2013265 VAC, 45\u201365 Hz<br \/>\nEfektiivsus: kuni ~94%<br \/>\nKaitseklass: IP22 (siseruum)<\/p>\n","protected":false},"featured_media":56539,"template":"","meta":{"_kad_blocks_custom_css":"","_kad_blocks_head_custom_js":"","_kad_blocks_body_custom_js":"","_kad_blocks_footer_custom_js":"","_kad_post_transparent":"default","_kad_post_title":"","_kad_post_layout":"default","_kad_post_sidebar_id":"","_kad_post_content_style":"default","_kad_post_vertical_padding":"default","_kad_post_feature":"","_kad_post_feature_position":"","_kad_post_header":false,"_kad_post_footer":false,"_kad_post_classname":""},"product_brand":[],"product_cat":[1862],"product_tag":[],"class_list":{"0":"post-56541","1":"product","2":"type-product","3":"status-publish","4":"has-post-thumbnail","6":"product_cat-akulaadijad","7":"tm-no-options","9":"first","10":"onbackorder","11":"sale","12":"taxable","13":"shipping-taxable","14":"purchasable","15":"product-type-simple","16":"entry","17":"content-bg","18":"loop-entry"},"yoast_head":"<!-- This site is optimized with the Yoast SEO plugin v27.3 - https:\/\/yoast.com\/product\/yoast-seo-wordpress\/ -->\n<title>Akulaadija Victron 12V 30A IP22 (1) Blue<\/title>\n<meta name=\"description\" content=\"Akulaadija Victron 12V 30A IP22 (1) Blue- \u00fche v\u00e4ljundiga tark laadija. Laadimisvool 30A, 6 astmeline t\u00e4isautomaatne laadimine.\" \/>\n<meta name=\"robots\" content=\"index, follow, max-snippet:-1, max-image-preview:large, max-video-preview:-1\" \/>\n<link rel=\"canonical\" href=\"https:\/\/nordlinepaadid.ee\/et\/pood\/electrical-equipments\/akulaadijad\/akulaadija-victron-12v-30a-ip22-1-blue\/\" \/>\n<meta property=\"og:locale\" content=\"et_EE\" \/>\n<meta property=\"og:type\" content=\"article\" \/>\n<meta property=\"og:title\" content=\"Akulaadija Victron 12V 30A IP22 (1) Blue\" \/>\n<meta property=\"og:description\" content=\"Akulaadija Victron 12V 30A IP22 (1) Blue- \u00fche v\u00e4ljundiga tark laadija. Laadimisvool 30A, 6 astmeline t\u00e4isautomaatne laadimine.\" \/>\n<meta property=\"og:url\" content=\"https:\/\/nordlinepaadid.ee\/et\/pood\/electrical-equipments\/akulaadijad\/akulaadija-victron-12v-30a-ip22-1-blue\/\" \/>\n<meta property=\"og:site_name\" content=\"NORDLINE s\u00f5udepaadid ja mootorpaadid. Klaasfiiber materjalist.\" \/>\n<meta property=\"article:publisher\" content=\"https:\/\/www.facebook.com\/nordlineboats\" \/>\n<meta property=\"article:modified_time\" content=\"2026-02-16T14:01:29+00:00\" \/>\n<meta property=\"og:image\" content=\"https:\/\/nordlinepaadid.ee\/wp-content\/uploads\/2026\/02\/Akulaadija-Victron-12V-30A-IP223Smart-scaled.jpg\" \/>\n\t<meta property=\"og:image:width\" content=\"2560\" \/>\n\t<meta property=\"og:image:height\" content=\"1829\" \/>\n\t<meta property=\"og:image:type\" content=\"image\/jpeg\" \/>\n<meta name=\"twitter:card\" content=\"summary_large_image\" \/>\n<meta name=\"twitter:label1\" content=\"Est. reading time\" \/>\n\t<meta name=\"twitter:data1\" content=\"2 minutit\" \/>\n<script type=\"application\/ld+json\" class=\"yoast-schema-graph\">{\"@context\":\"https:\\\/\\\/schema.org\",\"@graph\":[{\"@type\":\"WebPage\",\"@id\":\"https:\\\/\\\/nordlinepaadid.ee\\\/et\\\/pood\\\/electrical-equipments\\\/akulaadijad\\\/akulaadija-victron-12v-30a-ip22-1-blue\\\/\",\"url\":\"https:\\\/\\\/nordlinepaadid.ee\\\/et\\\/pood\\\/electrical-equipments\\\/akulaadijad\\\/akulaadija-victron-12v-30a-ip22-1-blue\\\/\",\"name\":\"Akulaadija Victron 12V 30A IP22 (1) Blue\",\"isPartOf\":{\"@id\":\"https:\\\/\\\/nordlinepaadid.ee\\\/et\\\/#website\"},\"primaryImageOfPage\":{\"@id\":\"https:\\\/\\\/nordlinepaadid.ee\\\/et\\\/pood\\\/electrical-equipments\\\/akulaadijad\\\/akulaadija-victron-12v-30a-ip22-1-blue\\\/#primaryimage\"},\"image\":{\"@id\":\"https:\\\/\\\/nordlinepaadid.ee\\\/et\\\/pood\\\/electrical-equipments\\\/akulaadijad\\\/akulaadija-victron-12v-30a-ip22-1-blue\\\/#primaryimage\"},\"thumbnailUrl\":\"https:\\\/\\\/nordlinepaadid.ee\\\/wp-content\\\/uploads\\\/2026\\\/02\\\/Akulaadija-Victron-12V-30A-IP223Smart-scaled.jpg\",\"datePublished\":\"2026-02-16T13:41:57+00:00\",\"dateModified\":\"2026-02-16T14:01:29+00:00\",\"description\":\"Akulaadija Victron 12V 30A IP22 (1) Blue- \u00fche v\u00e4ljundiga tark laadija. Laadimisvool 30A, 6 astmeline t\u00e4isautomaatne laadimine.\",\"breadcrumb\":{\"@id\":\"https:\\\/\\\/nordlinepaadid.ee\\\/et\\\/pood\\\/electrical-equipments\\\/akulaadijad\\\/akulaadija-victron-12v-30a-ip22-1-blue\\\/#breadcrumb\"},\"inLanguage\":\"et\",\"potentialAction\":[{\"@type\":\"ReadAction\",\"target\":[\"https:\\\/\\\/nordlinepaadid.ee\\\/et\\\/pood\\\/electrical-equipments\\\/akulaadijad\\\/akulaadija-victron-12v-30a-ip22-1-blue\\\/\"]}]},{\"@type\":\"ImageObject\",\"inLanguage\":\"et\",\"@id\":\"https:\\\/\\\/nordlinepaadid.ee\\\/et\\\/pood\\\/electrical-equipments\\\/akulaadijad\\\/akulaadija-victron-12v-30a-ip22-1-blue\\\/#primaryimage\",\"url\":\"https:\\\/\\\/nordlinepaadid.ee\\\/wp-content\\\/uploads\\\/2026\\\/02\\\/Akulaadija-Victron-12V-30A-IP223Smart-scaled.jpg\",\"contentUrl\":\"https:\\\/\\\/nordlinepaadid.ee\\\/wp-content\\\/uploads\\\/2026\\\/02\\\/Akulaadija-Victron-12V-30A-IP223Smart-scaled.jpg\",\"width\":2560,\"height\":1829,\"caption\":\"Akulaadija Victron 12V 30A IP22(3)Smart\"},{\"@type\":\"BreadcrumbList\",\"@id\":\"https:\\\/\\\/nordlinepaadid.ee\\\/et\\\/pood\\\/electrical-equipments\\\/akulaadijad\\\/akulaadija-victron-12v-30a-ip22-1-blue\\\/#breadcrumb\",\"itemListElement\":[{\"@type\":\"ListItem\",\"position\":1,\"name\":\"Home\",\"item\":\"https:\\\/\\\/nordlinepaadid.ee\\\/et\\\/\"},{\"@type\":\"ListItem\",\"position\":2,\"name\":\"Pood\",\"item\":\"https:\\\/\\\/nordlinepaadid.ee\\\/et\\\/pood\\\/\"},{\"@type\":\"ListItem\",\"position\":3,\"name\":\"Akulaadija Victron 12V 30A IP22 (1) Blue\"}]},{\"@type\":\"WebSite\",\"@id\":\"https:\\\/\\\/nordlinepaadid.ee\\\/et\\\/#website\",\"url\":\"https:\\\/\\\/nordlinepaadid.ee\\\/et\\\/\",\"name\":\"NORDLINE s\u00f5udepaadid ja mootorpaadid. Klaasfiiber materjalist.\",\"description\":\"\",\"publisher\":{\"@id\":\"https:\\\/\\\/nordlinepaadid.ee\\\/et\\\/#organization\"},\"potentialAction\":[{\"@type\":\"SearchAction\",\"target\":{\"@type\":\"EntryPoint\",\"urlTemplate\":\"https:\\\/\\\/nordlinepaadid.ee\\\/et\\\/?s={search_term_string}\"},\"query-input\":{\"@type\":\"PropertyValueSpecification\",\"valueRequired\":true,\"valueName\":\"search_term_string\"}}],\"inLanguage\":\"et\"},{\"@type\":\"Organization\",\"@id\":\"https:\\\/\\\/nordlinepaadid.ee\\\/et\\\/#organization\",\"name\":\"Nordlineboats\",\"url\":\"https:\\\/\\\/nordlinepaadid.ee\\\/et\\\/\",\"logo\":{\"@type\":\"ImageObject\",\"inLanguage\":\"et\",\"@id\":\"https:\\\/\\\/nordlinepaadid.ee\\\/et\\\/#\\\/schema\\\/logo\\\/image\\\/\",\"url\":\"https:\\\/\\\/nordlinepaadid.ee\\\/wp-content\\\/uploads\\\/2023\\\/01\\\/fulllogo_transparent_nobuffer-e1672750475494.png\",\"contentUrl\":\"https:\\\/\\\/nordlinepaadid.ee\\\/wp-content\\\/uploads\\\/2023\\\/01\\\/fulllogo_transparent_nobuffer-e1672750475494.png\",\"width\":150,\"height\":119,\"caption\":\"Nordlineboats\"},\"image\":{\"@id\":\"https:\\\/\\\/nordlinepaadid.ee\\\/et\\\/#\\\/schema\\\/logo\\\/image\\\/\"},\"sameAs\":[\"https:\\\/\\\/www.facebook.com\\\/nordlineboats\",\"https:\\\/\\\/www.youtube.com\\\/channel\\\/UCbgF0fy02y3QkFnujaLTaCA\"]}]}<\/script>\n<!-- \/ Yoast SEO plugin. -->","yoast_head_json":{"title":"Akulaadija Victron 12V 30A IP22 (1) Blue","description":"Akulaadija Victron 12V 30A IP22 (1) Blue- \u00fche v\u00e4ljundiga tark laadija. Laadimisvool 30A, 6 astmeline t\u00e4isautomaatne laadimine.","robots":{"index":"index","follow":"follow","max-snippet":"max-snippet:-1","max-image-preview":"max-image-preview:large","max-video-preview":"max-video-preview:-1"},"canonical":"https:\/\/nordlinepaadid.ee\/et\/pood\/electrical-equipments\/akulaadijad\/akulaadija-victron-12v-30a-ip22-1-blue\/","og_locale":"et_EE","og_type":"article","og_title":"Akulaadija Victron 12V 30A IP22 (1) Blue","og_description":"Akulaadija Victron 12V 30A IP22 (1) Blue- \u00fche v\u00e4ljundiga tark laadija. Laadimisvool 30A, 6 astmeline t\u00e4isautomaatne laadimine.","og_url":"https:\/\/nordlinepaadid.ee\/et\/pood\/electrical-equipments\/akulaadijad\/akulaadija-victron-12v-30a-ip22-1-blue\/","og_site_name":"NORDLINE s\u00f5udepaadid ja mootorpaadid. Klaasfiiber materjalist.","article_publisher":"https:\/\/www.facebook.com\/nordlineboats","article_modified_time":"2026-02-16T14:01:29+00:00","og_image":[{"width":2560,"height":1829,"url":"https:\/\/nordlinepaadid.ee\/wp-content\/uploads\/2026\/02\/Akulaadija-Victron-12V-30A-IP223Smart-scaled.jpg","type":"image\/jpeg"}],"twitter_card":"summary_large_image","twitter_misc":{"Est. reading time":"2 minutit"},"schema":{"@context":"https:\/\/schema.org","@graph":[{"@type":"WebPage","@id":"https:\/\/nordlinepaadid.ee\/et\/pood\/electrical-equipments\/akulaadijad\/akulaadija-victron-12v-30a-ip22-1-blue\/","url":"https:\/\/nordlinepaadid.ee\/et\/pood\/electrical-equipments\/akulaadijad\/akulaadija-victron-12v-30a-ip22-1-blue\/","name":"Akulaadija Victron 12V 30A IP22 (1) Blue","isPartOf":{"@id":"https:\/\/nordlinepaadid.ee\/et\/#website"},"primaryImageOfPage":{"@id":"https:\/\/nordlinepaadid.ee\/et\/pood\/electrical-equipments\/akulaadijad\/akulaadija-victron-12v-30a-ip22-1-blue\/#primaryimage"},"image":{"@id":"https:\/\/nordlinepaadid.ee\/et\/pood\/electrical-equipments\/akulaadijad\/akulaadija-victron-12v-30a-ip22-1-blue\/#primaryimage"},"thumbnailUrl":"https:\/\/nordlinepaadid.ee\/wp-content\/uploads\/2026\/02\/Akulaadija-Victron-12V-30A-IP223Smart-scaled.jpg","datePublished":"2026-02-16T13:41:57+00:00","dateModified":"2026-02-16T14:01:29+00:00","description":"Akulaadija Victron 12V 30A IP22 (1) Blue- \u00fche v\u00e4ljundiga tark laadija. Laadimisvool 30A, 6 astmeline t\u00e4isautomaatne laadimine.","breadcrumb":{"@id":"https:\/\/nordlinepaadid.ee\/et\/pood\/electrical-equipments\/akulaadijad\/akulaadija-victron-12v-30a-ip22-1-blue\/#breadcrumb"},"inLanguage":"et","potentialAction":[{"@type":"ReadAction","target":["https:\/\/nordlinepaadid.ee\/et\/pood\/electrical-equipments\/akulaadijad\/akulaadija-victron-12v-30a-ip22-1-blue\/"]}]},{"@type":"ImageObject","inLanguage":"et","@id":"https:\/\/nordlinepaadid.ee\/et\/pood\/electrical-equipments\/akulaadijad\/akulaadija-victron-12v-30a-ip22-1-blue\/#primaryimage","url":"https:\/\/nordlinepaadid.ee\/wp-content\/uploads\/2026\/02\/Akulaadija-Victron-12V-30A-IP223Smart-scaled.jpg","contentUrl":"https:\/\/nordlinepaadid.ee\/wp-content\/uploads\/2026\/02\/Akulaadija-Victron-12V-30A-IP223Smart-scaled.jpg","width":2560,"height":1829,"caption":"Akulaadija Victron 12V 30A IP22(3)Smart"},{"@type":"BreadcrumbList","@id":"https:\/\/nordlinepaadid.ee\/et\/pood\/electrical-equipments\/akulaadijad\/akulaadija-victron-12v-30a-ip22-1-blue\/#breadcrumb","itemListElement":[{"@type":"ListItem","position":1,"name":"Home","item":"https:\/\/nordlinepaadid.ee\/et\/"},{"@type":"ListItem","position":2,"name":"Pood","item":"https:\/\/nordlinepaadid.ee\/et\/pood\/"},{"@type":"ListItem","position":3,"name":"Akulaadija Victron 12V 30A IP22 (1) Blue"}]},{"@type":"WebSite","@id":"https:\/\/nordlinepaadid.ee\/et\/#website","url":"https:\/\/nordlinepaadid.ee\/et\/","name":"NORDLINE s\u00f5udepaadid ja mootorpaadid. Klaasfiiber materjalist.","description":"","publisher":{"@id":"https:\/\/nordlinepaadid.ee\/et\/#organization"},"potentialAction":[{"@type":"SearchAction","target":{"@type":"EntryPoint","urlTemplate":"https:\/\/nordlinepaadid.ee\/et\/?s={search_term_string}"},"query-input":{"@type":"PropertyValueSpecification","valueRequired":true,"valueName":"search_term_string"}}],"inLanguage":"et"},{"@type":"Organization","@id":"https:\/\/nordlinepaadid.ee\/et\/#organization","name":"Nordlineboats","url":"https:\/\/nordlinepaadid.ee\/et\/","logo":{"@type":"ImageObject","inLanguage":"et","@id":"https:\/\/nordlinepaadid.ee\/et\/#\/schema\/logo\/image\/","url":"https:\/\/nordlinepaadid.ee\/wp-content\/uploads\/2023\/01\/fulllogo_transparent_nobuffer-e1672750475494.png","contentUrl":"https:\/\/nordlinepaadid.ee\/wp-content\/uploads\/2023\/01\/fulllogo_transparent_nobuffer-e1672750475494.png","width":150,"height":119,"caption":"Nordlineboats"},"image":{"@id":"https:\/\/nordlinepaadid.ee\/et\/#\/schema\/logo\/image\/"},"sameAs":["https:\/\/www.facebook.com\/nordlineboats","https:\/\/www.youtube.com\/channel\/UCbgF0fy02y3QkFnujaLTaCA"]}]}},"taxonomy_info":{"product_cat":[{"value":1862,"label":"Akulaadijad"}]},"featured_image_src_large":["https:\/\/nordlinepaadid.ee\/wp-content\/uploads\/2026\/02\/Akulaadija-Victron-12V-30A-IP223Smart-1024x731.jpg",1024,731,true],"author_info":[],"comment_info":"","_links":{"self":[{"href":"https:\/\/nordlinepaadid.ee\/et\/wp-json\/wp\/v2\/product\/56541","targetHints":{"allow":["GET"]}}],"collection":[{"href":"https:\/\/nordlinepaadid.ee\/et\/wp-json\/wp\/v2\/product"}],"about":[{"href":"https:\/\/nordlinepaadid.ee\/et\/wp-json\/wp\/v2\/types\/product"}],"wp:featuredmedia":[{"embeddable":true,"href":"https:\/\/nordlinepaadid.ee\/et\/wp-json\/wp\/v2\/media\/56539"}],"wp:attachment":[{"href":"https:\/\/nordlinepaadid.ee\/et\/wp-json\/wp\/v2\/media?parent=56541"}],"wp:term":[{"taxonomy":"product_brand","embeddable":true,"href":"https:\/\/nordlinepaadid.ee\/et\/wp-json\/wp\/v2\/product_brand?post=56541"},{"taxonomy":"product_cat","embeddable":true,"href":"https:\/\/nordlinepaadid.ee\/et\/wp-json\/wp\/v2\/product_cat?post=56541"},{"taxonomy":"product_tag","embeddable":true,"href":"https:\/\/nordlinepaadid.ee\/et\/wp-json\/wp\/v2\/product_tag?post=56541"}],"curies":[{"name":"wp","href":"https:\/\/api.w.org\/{rel}","templated":true}]}}