{"id":56570,"date":"2026-02-17T09:23:30","date_gmt":"2026-02-17T07:23:30","guid":{"rendered":"https:\/\/nordlinepaadid.ee\/?post_type=product&#038;p=56570"},"modified":"2026-02-17T09:27:47","modified_gmt":"2026-02-17T07:27:47","slug":"akulaadija-victron-smart-12v-4a-ip65","status":"publish","type":"product","link":"https:\/\/nordlinepaadid.ee\/et\/pood\/electrical-equipments\/batteries-chargers-inverters\/akulaadija-victron-smart-12v-4a-ip65\/","title":{"rendered":"Akulaadija Victron SMART 12V 4A IP65"},"content":{"rendered":"<h2 data-start=\"0\" data-end=\"39\">Victron SMART 12V 4A IP65 akulaadija<\/h2>\n<ul data-start=\"64\" data-end=\"236\">\n<li data-start=\"64\" data-end=\"120\">\n<p data-start=\"66\" data-end=\"120\">Nutikas automaatne akulaadija v\u00e4ikestele 12V akudele<\/p>\n<\/li>\n<li data-start=\"121\" data-end=\"179\">\n<p data-start=\"123\" data-end=\"179\">M\u00f5eldud hoolduslaadimiseks ja pikaajaliseks \u00fchenduseks<\/p>\n<\/li>\n<li data-start=\"180\" data-end=\"236\">\n<p data-start=\"182\" data-end=\"236\">Sobib mootorratastele, ATV-dele ja hooajas\u00f5idukitele<\/p>\n<\/li>\n<\/ul>\n<hr data-start=\"238\" data-end=\"241\" \/>\n<h3 data-start=\"243\" data-end=\"277\">Peamised eelised kliendi jaoks<\/h3>\n<ul data-start=\"278\" data-end=\"492\">\n<li data-start=\"278\" data-end=\"322\">\n<p data-start=\"280\" data-end=\"322\">V\u00f5ib j\u00e4\u00e4da kuudeks \u00fchendatuks (hoiure\u017eiim)<\/p>\n<\/li>\n<li data-start=\"323\" data-end=\"372\">\n<p data-start=\"325\" data-end=\"372\">Bluetooth j\u00e4lgimine telefonist (VictronConnect)<\/p>\n<\/li>\n<li data-start=\"373\" data-end=\"401\">\n<p data-start=\"375\" data-end=\"401\">Ei keeda ega kahjusta akut<\/p>\n<\/li>\n<li data-start=\"402\" data-end=\"426\">\n<p data-start=\"404\" data-end=\"426\">Taastab t\u00fchjenenud aku<\/p>\n<\/li>\n<li data-start=\"427\" data-end=\"452\">\n<p data-start=\"429\" data-end=\"452\">V\u00e4ga v\u00e4ike energiatarve<\/p>\n<\/li>\n<li data-start=\"453\" data-end=\"492\">\n<p data-start=\"455\" data-end=\"492\">T\u00e4ielikult vee- ja tolmukindel (IP65)<\/p>\n<\/li>\n<\/ul>\n<hr data-start=\"494\" data-end=\"497\" \/>\n<h3 data-start=\"499\" data-end=\"520\">Tehnilised andmed<\/h3>\n<ul data-start=\"521\" data-end=\"861\">\n<li data-start=\"521\" data-end=\"545\">\n<p data-start=\"523\" data-end=\"545\">Tootja: Victron Energy<\/p>\n<\/li>\n<li data-start=\"546\" data-end=\"583\">\n<p data-start=\"548\" data-end=\"583\">Mudel: Blue Smart Charger IP65 12\/4<\/p>\n<\/li>\n<li data-start=\"584\" data-end=\"604\">\n<p data-start=\"586\" data-end=\"604\">V\u00e4ljundpinge: 12 V<\/p>\n<\/li>\n<li data-start=\"605\" data-end=\"636\">\n<p data-start=\"607\" data-end=\"636\">Maksimaalne laadimisvool: 4 A ( 2A madal laadimisvool)<\/p>\n<\/li>\n<li data-start=\"637\" data-end=\"673\">\n<p data-start=\"639\" data-end=\"673\">Sisendpinge: 180\u2013265 VAC, 45\u201365 Hz<\/p>\n<\/li>\n<li data-start=\"674\" data-end=\"716\">\n<p data-start=\"676\" data-end=\"716\">Laadimisalgoritm: 7-astmeline adaptiivne<\/p>\n<\/li>\n<li data-start=\"717\" data-end=\"779\">\n<p data-start=\"719\" data-end=\"732\">Sobivad akud:<\/p>\n<ul data-start=\"735\" data-end=\"779\">\n<li data-start=\"735\" data-end=\"751\">\n<p data-start=\"737\" data-end=\"751\">Pliihape (WET)<\/p>\n<\/li>\n<li data-start=\"754\" data-end=\"759\">\n<p data-start=\"756\" data-end=\"759\">AGM<\/p>\n<\/li>\n<li data-start=\"762\" data-end=\"767\">\n<p data-start=\"764\" data-end=\"767\">GEL<\/p>\n<\/li>\n<li data-start=\"770\" data-end=\"779\">\n<p data-start=\"772\" data-end=\"779\">LiFePO4<\/p>\n<\/li>\n<\/ul>\n<\/li>\n<li data-start=\"780\" data-end=\"806\">\n<p data-start=\"782\" data-end=\"806\">Bluetooth: sisseehitatud<\/p>\n<\/li>\n<li data-start=\"807\" data-end=\"826\">\n<p data-start=\"809\" data-end=\"826\">Kaitseklass: IP65<\/p>\n<\/li>\n<li data-start=\"827\" data-end=\"861\">\n<p data-start=\"829\" data-end=\"861\">T\u00f6\u00f6temperatuur: \u201330\u00b0C kuni +50\u00b0C<\/p>\n<\/li>\n<\/ul>\n<hr data-start=\"863\" data-end=\"866\" \/>\n<h3 data-start=\"868\" data-end=\"884\">Funktsioonid<\/h3>\n<ul data-start=\"885\" data-end=\"1043\">\n<li data-start=\"885\" data-end=\"912\">\n<p data-start=\"887\" data-end=\"912\">Hooldus- ja hoiulaadimine<\/p>\n<\/li>\n<li data-start=\"913\" data-end=\"949\">\n<p data-start=\"915\" data-end=\"949\">S\u00fcgavalt t\u00fchjenenud aku taastamine<\/p>\n<\/li>\n<li data-start=\"950\" data-end=\"978\">\n<p data-start=\"952\" data-end=\"978\">Temperatuurikompensatsioon<\/p>\n<\/li>\n<li data-start=\"979\" data-end=\"1012\">\n<p data-start=\"981\" data-end=\"1012\">\u00dclekuumenemise ja l\u00fchise kaitse<\/p>\n<\/li>\n<li data-start=\"1013\" data-end=\"1043\">\n<p data-start=\"1015\" data-end=\"1043\">Tarkvarauuendused telefonist<\/p>\n<\/li>\n<\/ul>\n<hr data-start=\"1045\" data-end=\"1048\" \/>\n<h3 data-start=\"1050\" data-end=\"1062\">Komplekt<\/h3>\n<ul data-start=\"1063\" data-end=\"1139\">\n<li data-start=\"1063\" data-end=\"1075\">\n<p data-start=\"1065\" data-end=\"1075\">Akulaadija<\/p>\n<\/li>\n<li data-start=\"1076\" data-end=\"1094\">\n<p data-start=\"1078\" data-end=\"1094\">Krokodillklemmid<\/p>\n<\/li>\n<li data-start=\"1095\" data-end=\"1123\">\n<p data-start=\"1097\" data-end=\"1123\">P\u00fcsikinnitus silmusklemmid<\/p>\n<\/li>\n<li data-start=\"1124\" data-end=\"1139\">\n<p data-start=\"1126\" data-end=\"1139\">Kasutusjuhend<\/p>\n<\/li>\n<\/ul>\n<hr data-start=\"1141\" data-end=\"1144\" \/>\n<h3 data-start=\"1146\" data-end=\"1165\">Kasutusvaldkond<\/h3>\n<ul data-start=\"1166\" data-end=\"1263\">\n<li data-start=\"1166\" data-end=\"1180\">\n<p data-start=\"1168\" data-end=\"1180\">Mootorrattad<\/p>\n<\/li>\n<li data-start=\"1181\" data-end=\"1201\">\n<p data-start=\"1183\" data-end=\"1201\">ATV ja murutraktor<\/p>\n<\/li>\n<li data-start=\"1202\" data-end=\"1220\">\n<p data-start=\"1204\" data-end=\"1220\">Paadi starteraku<\/p>\n<\/li>\n<li data-start=\"1221\" data-end=\"1237\">\n<p data-start=\"1223\" data-end=\"1237\">Hooajas\u00f5idukid<\/p>\n<\/li>\n<li data-start=\"1238\" data-end=\"1263\">\n<p data-start=\"1240\" data-end=\"1263\">V\u00e4ikesed varutoite akud<\/p>\n<\/li>\n<\/ul>\n","protected":false},"excerpt":{"rendered":"<p data-start=\"263\" data-end=\"297\">Sisendpinge \u2013 220-240V, 50-60Hz<br \/>\nLaadimispinged \u2013 14,2V\/14,4V\/14,7V ( recond 15,8V)<br \/>\nLaadimisvool \u2013 4A ( 2A madal laadimisvool)<br \/>\nLaadimise algoritm \u2013 7 astmeline t\u00e4isautomaatne laadimine<br \/>\nIP65<\/p>\n","protected":false},"featured_media":56533,"template":"","meta":{"_kad_blocks_custom_css":"","_kad_blocks_head_custom_js":"","_kad_blocks_body_custom_js":"","_kad_blocks_footer_custom_js":"","_kad_post_transparent":"default","_kad_post_title":"","_kad_post_layout":"default","_kad_post_sidebar_id":"","_kad_post_content_style":"default","_kad_post_vertical_padding":"default","_kad_post_feature":"","_kad_post_feature_position":"","_kad_post_header":false,"_kad_post_footer":false,"_kad_post_classname":""},"product_brand":[],"product_cat":[251,1862],"product_tag":[],"class_list":{"0":"post-56570","1":"product","2":"type-product","3":"status-publish","4":"has-post-thumbnail","6":"product_cat-batteries-chargers-inverters","7":"product_cat-akulaadijad","8":"tm-no-options","10":"first","11":"onbackorder","12":"sale","13":"taxable","14":"shipping-taxable","15":"purchasable","16":"product-type-simple","17":"entry","18":"content-bg","19":"loop-entry"},"yoast_head":"<!-- This site is optimized with the Yoast SEO plugin v27.3 - https:\/\/yoast.com\/product\/yoast-seo-wordpress\/ -->\n<title>Akulaadija Victron SMART 12V 4A IP65<\/title>\n<meta name=\"description\" content=\"Akulaadija Victron laadimisvooluga 4A, bluetooth \u00fchendus, v\u00f5ib j\u00e4tta kuudeks \u00fchendatuks (hooldusre\u017eiim), taastab s\u00fcgavalt t\u00fchjenenud akusid.\" \/>\n<meta name=\"robots\" content=\"index, follow, max-snippet:-1, max-image-preview:large, max-video-preview:-1\" \/>\n<link rel=\"canonical\" href=\"https:\/\/nordlinepaadid.ee\/et\/pood\/electrical-equipments\/batteries-chargers-inverters\/akulaadija-victron-smart-12v-4a-ip65\/\" \/>\n<meta property=\"og:locale\" content=\"et_EE\" \/>\n<meta property=\"og:type\" content=\"article\" \/>\n<meta property=\"og:title\" content=\"Akulaadija Victron SMART 12V 4A IP65\" \/>\n<meta property=\"og:description\" content=\"Akulaadija Victron laadimisvooluga 4A, bluetooth \u00fchendus, v\u00f5ib j\u00e4tta kuudeks \u00fchendatuks (hooldusre\u017eiim), taastab s\u00fcgavalt t\u00fchjenenud akusid.\" \/>\n<meta property=\"og:url\" content=\"https:\/\/nordlinepaadid.ee\/et\/pood\/electrical-equipments\/batteries-chargers-inverters\/akulaadija-victron-smart-12v-4a-ip65\/\" \/>\n<meta property=\"og:site_name\" content=\"NORDLINE s\u00f5udepaadid ja mootorpaadid. Klaasfiiber materjalist.\" \/>\n<meta property=\"article:publisher\" content=\"https:\/\/www.facebook.com\/nordlineboats\" \/>\n<meta property=\"article:modified_time\" content=\"2026-02-17T07:27:47+00:00\" \/>\n<meta property=\"og:image\" content=\"https:\/\/nordlinepaadid.ee\/wp-content\/uploads\/2026\/02\/Akulaadija-Victron-SMART-12V-15A-IP65-bluetooth-paadile.jpg\" \/>\n\t<meta property=\"og:image:width\" content=\"909\" \/>\n\t<meta property=\"og:image:height\" content=\"1024\" \/>\n\t<meta property=\"og:image:type\" content=\"image\/jpeg\" \/>\n<meta name=\"twitter:card\" content=\"summary_large_image\" \/>\n<meta name=\"twitter:label1\" content=\"Est. reading time\" \/>\n\t<meta name=\"twitter:data1\" content=\"1 minut\" \/>\n<script type=\"application\/ld+json\" class=\"yoast-schema-graph\">{\"@context\":\"https:\\\/\\\/schema.org\",\"@graph\":[{\"@type\":\"WebPage\",\"@id\":\"https:\\\/\\\/nordlinepaadid.ee\\\/et\\\/pood\\\/electrical-equipments\\\/batteries-chargers-inverters\\\/akulaadija-victron-smart-12v-4a-ip65\\\/\",\"url\":\"https:\\\/\\\/nordlinepaadid.ee\\\/et\\\/pood\\\/electrical-equipments\\\/batteries-chargers-inverters\\\/akulaadija-victron-smart-12v-4a-ip65\\\/\",\"name\":\"Akulaadija Victron SMART 12V 4A IP65\",\"isPartOf\":{\"@id\":\"https:\\\/\\\/nordlinepaadid.ee\\\/et\\\/#website\"},\"primaryImageOfPage\":{\"@id\":\"https:\\\/\\\/nordlinepaadid.ee\\\/et\\\/pood\\\/electrical-equipments\\\/batteries-chargers-inverters\\\/akulaadija-victron-smart-12v-4a-ip65\\\/#primaryimage\"},\"image\":{\"@id\":\"https:\\\/\\\/nordlinepaadid.ee\\\/et\\\/pood\\\/electrical-equipments\\\/batteries-chargers-inverters\\\/akulaadija-victron-smart-12v-4a-ip65\\\/#primaryimage\"},\"thumbnailUrl\":\"https:\\\/\\\/nordlinepaadid.ee\\\/wp-content\\\/uploads\\\/2026\\\/02\\\/Akulaadija-Victron-SMART-12V-15A-IP65-bluetooth-paadile.jpg\",\"datePublished\":\"2026-02-17T07:23:30+00:00\",\"dateModified\":\"2026-02-17T07:27:47+00:00\",\"description\":\"Akulaadija Victron laadimisvooluga 4A, bluetooth \u00fchendus, v\u00f5ib j\u00e4tta kuudeks \u00fchendatuks (hooldusre\u017eiim), taastab s\u00fcgavalt t\u00fchjenenud akusid.\",\"breadcrumb\":{\"@id\":\"https:\\\/\\\/nordlinepaadid.ee\\\/et\\\/pood\\\/electrical-equipments\\\/batteries-chargers-inverters\\\/akulaadija-victron-smart-12v-4a-ip65\\\/#breadcrumb\"},\"inLanguage\":\"et\",\"potentialAction\":[{\"@type\":\"ReadAction\",\"target\":[\"https:\\\/\\\/nordlinepaadid.ee\\\/et\\\/pood\\\/electrical-equipments\\\/batteries-chargers-inverters\\\/akulaadija-victron-smart-12v-4a-ip65\\\/\"]}]},{\"@type\":\"ImageObject\",\"inLanguage\":\"et\",\"@id\":\"https:\\\/\\\/nordlinepaadid.ee\\\/et\\\/pood\\\/electrical-equipments\\\/batteries-chargers-inverters\\\/akulaadija-victron-smart-12v-4a-ip65\\\/#primaryimage\",\"url\":\"https:\\\/\\\/nordlinepaadid.ee\\\/wp-content\\\/uploads\\\/2026\\\/02\\\/Akulaadija-Victron-SMART-12V-15A-IP65-bluetooth-paadile.jpg\",\"contentUrl\":\"https:\\\/\\\/nordlinepaadid.ee\\\/wp-content\\\/uploads\\\/2026\\\/02\\\/Akulaadija-Victron-SMART-12V-15A-IP65-bluetooth-paadile.jpg\",\"width\":909,\"height\":1024,\"caption\":\"Akulaadija Victron SMART 12V 15A IP65 bluetooth paadile\"},{\"@type\":\"BreadcrumbList\",\"@id\":\"https:\\\/\\\/nordlinepaadid.ee\\\/et\\\/pood\\\/electrical-equipments\\\/batteries-chargers-inverters\\\/akulaadija-victron-smart-12v-4a-ip65\\\/#breadcrumb\",\"itemListElement\":[{\"@type\":\"ListItem\",\"position\":1,\"name\":\"Home\",\"item\":\"https:\\\/\\\/nordlinepaadid.ee\\\/et\\\/\"},{\"@type\":\"ListItem\",\"position\":2,\"name\":\"Pood\",\"item\":\"https:\\\/\\\/nordlinepaadid.ee\\\/et\\\/pood\\\/\"},{\"@type\":\"ListItem\",\"position\":3,\"name\":\"Akulaadija Victron SMART 12V 4A IP65\"}]},{\"@type\":\"WebSite\",\"@id\":\"https:\\\/\\\/nordlinepaadid.ee\\\/et\\\/#website\",\"url\":\"https:\\\/\\\/nordlinepaadid.ee\\\/et\\\/\",\"name\":\"NORDLINE s\u00f5udepaadid ja mootorpaadid. Klaasfiiber materjalist.\",\"description\":\"\",\"publisher\":{\"@id\":\"https:\\\/\\\/nordlinepaadid.ee\\\/et\\\/#organization\"},\"potentialAction\":[{\"@type\":\"SearchAction\",\"target\":{\"@type\":\"EntryPoint\",\"urlTemplate\":\"https:\\\/\\\/nordlinepaadid.ee\\\/et\\\/?s={search_term_string}\"},\"query-input\":{\"@type\":\"PropertyValueSpecification\",\"valueRequired\":true,\"valueName\":\"search_term_string\"}}],\"inLanguage\":\"et\"},{\"@type\":\"Organization\",\"@id\":\"https:\\\/\\\/nordlinepaadid.ee\\\/et\\\/#organization\",\"name\":\"Nordlineboats\",\"url\":\"https:\\\/\\\/nordlinepaadid.ee\\\/et\\\/\",\"logo\":{\"@type\":\"ImageObject\",\"inLanguage\":\"et\",\"@id\":\"https:\\\/\\\/nordlinepaadid.ee\\\/et\\\/#\\\/schema\\\/logo\\\/image\\\/\",\"url\":\"https:\\\/\\\/nordlinepaadid.ee\\\/wp-content\\\/uploads\\\/2023\\\/01\\\/fulllogo_transparent_nobuffer-e1672750475494.png\",\"contentUrl\":\"https:\\\/\\\/nordlinepaadid.ee\\\/wp-content\\\/uploads\\\/2023\\\/01\\\/fulllogo_transparent_nobuffer-e1672750475494.png\",\"width\":150,\"height\":119,\"caption\":\"Nordlineboats\"},\"image\":{\"@id\":\"https:\\\/\\\/nordlinepaadid.ee\\\/et\\\/#\\\/schema\\\/logo\\\/image\\\/\"},\"sameAs\":[\"https:\\\/\\\/www.facebook.com\\\/nordlineboats\",\"https:\\\/\\\/www.youtube.com\\\/channel\\\/UCbgF0fy02y3QkFnujaLTaCA\"]}]}<\/script>\n<!-- \/ Yoast SEO plugin. -->","yoast_head_json":{"title":"Akulaadija Victron SMART 12V 4A IP65","description":"Akulaadija Victron laadimisvooluga 4A, bluetooth \u00fchendus, v\u00f5ib j\u00e4tta kuudeks \u00fchendatuks (hooldusre\u017eiim), taastab s\u00fcgavalt t\u00fchjenenud akusid.","robots":{"index":"index","follow":"follow","max-snippet":"max-snippet:-1","max-image-preview":"max-image-preview:large","max-video-preview":"max-video-preview:-1"},"canonical":"https:\/\/nordlinepaadid.ee\/et\/pood\/electrical-equipments\/batteries-chargers-inverters\/akulaadija-victron-smart-12v-4a-ip65\/","og_locale":"et_EE","og_type":"article","og_title":"Akulaadija Victron SMART 12V 4A IP65","og_description":"Akulaadija Victron laadimisvooluga 4A, bluetooth \u00fchendus, v\u00f5ib j\u00e4tta kuudeks \u00fchendatuks (hooldusre\u017eiim), taastab s\u00fcgavalt t\u00fchjenenud akusid.","og_url":"https:\/\/nordlinepaadid.ee\/et\/pood\/electrical-equipments\/batteries-chargers-inverters\/akulaadija-victron-smart-12v-4a-ip65\/","og_site_name":"NORDLINE s\u00f5udepaadid ja mootorpaadid. Klaasfiiber materjalist.","article_publisher":"https:\/\/www.facebook.com\/nordlineboats","article_modified_time":"2026-02-17T07:27:47+00:00","og_image":[{"width":909,"height":1024,"url":"https:\/\/nordlinepaadid.ee\/wp-content\/uploads\/2026\/02\/Akulaadija-Victron-SMART-12V-15A-IP65-bluetooth-paadile.jpg","type":"image\/jpeg"}],"twitter_card":"summary_large_image","twitter_misc":{"Est. reading time":"1 minut"},"schema":{"@context":"https:\/\/schema.org","@graph":[{"@type":"WebPage","@id":"https:\/\/nordlinepaadid.ee\/et\/pood\/electrical-equipments\/batteries-chargers-inverters\/akulaadija-victron-smart-12v-4a-ip65\/","url":"https:\/\/nordlinepaadid.ee\/et\/pood\/electrical-equipments\/batteries-chargers-inverters\/akulaadija-victron-smart-12v-4a-ip65\/","name":"Akulaadija Victron SMART 12V 4A IP65","isPartOf":{"@id":"https:\/\/nordlinepaadid.ee\/et\/#website"},"primaryImageOfPage":{"@id":"https:\/\/nordlinepaadid.ee\/et\/pood\/electrical-equipments\/batteries-chargers-inverters\/akulaadija-victron-smart-12v-4a-ip65\/#primaryimage"},"image":{"@id":"https:\/\/nordlinepaadid.ee\/et\/pood\/electrical-equipments\/batteries-chargers-inverters\/akulaadija-victron-smart-12v-4a-ip65\/#primaryimage"},"thumbnailUrl":"https:\/\/nordlinepaadid.ee\/wp-content\/uploads\/2026\/02\/Akulaadija-Victron-SMART-12V-15A-IP65-bluetooth-paadile.jpg","datePublished":"2026-02-17T07:23:30+00:00","dateModified":"2026-02-17T07:27:47+00:00","description":"Akulaadija Victron laadimisvooluga 4A, bluetooth \u00fchendus, v\u00f5ib j\u00e4tta kuudeks \u00fchendatuks (hooldusre\u017eiim), taastab s\u00fcgavalt t\u00fchjenenud akusid.","breadcrumb":{"@id":"https:\/\/nordlinepaadid.ee\/et\/pood\/electrical-equipments\/batteries-chargers-inverters\/akulaadija-victron-smart-12v-4a-ip65\/#breadcrumb"},"inLanguage":"et","potentialAction":[{"@type":"ReadAction","target":["https:\/\/nordlinepaadid.ee\/et\/pood\/electrical-equipments\/batteries-chargers-inverters\/akulaadija-victron-smart-12v-4a-ip65\/"]}]},{"@type":"ImageObject","inLanguage":"et","@id":"https:\/\/nordlinepaadid.ee\/et\/pood\/electrical-equipments\/batteries-chargers-inverters\/akulaadija-victron-smart-12v-4a-ip65\/#primaryimage","url":"https:\/\/nordlinepaadid.ee\/wp-content\/uploads\/2026\/02\/Akulaadija-Victron-SMART-12V-15A-IP65-bluetooth-paadile.jpg","contentUrl":"https:\/\/nordlinepaadid.ee\/wp-content\/uploads\/2026\/02\/Akulaadija-Victron-SMART-12V-15A-IP65-bluetooth-paadile.jpg","width":909,"height":1024,"caption":"Akulaadija Victron SMART 12V 15A IP65 bluetooth paadile"},{"@type":"BreadcrumbList","@id":"https:\/\/nordlinepaadid.ee\/et\/pood\/electrical-equipments\/batteries-chargers-inverters\/akulaadija-victron-smart-12v-4a-ip65\/#breadcrumb","itemListElement":[{"@type":"ListItem","position":1,"name":"Home","item":"https:\/\/nordlinepaadid.ee\/et\/"},{"@type":"ListItem","position":2,"name":"Pood","item":"https:\/\/nordlinepaadid.ee\/et\/pood\/"},{"@type":"ListItem","position":3,"name":"Akulaadija Victron SMART 12V 4A IP65"}]},{"@type":"WebSite","@id":"https:\/\/nordlinepaadid.ee\/et\/#website","url":"https:\/\/nordlinepaadid.ee\/et\/","name":"NORDLINE s\u00f5udepaadid ja mootorpaadid. Klaasfiiber materjalist.","description":"","publisher":{"@id":"https:\/\/nordlinepaadid.ee\/et\/#organization"},"potentialAction":[{"@type":"SearchAction","target":{"@type":"EntryPoint","urlTemplate":"https:\/\/nordlinepaadid.ee\/et\/?s={search_term_string}"},"query-input":{"@type":"PropertyValueSpecification","valueRequired":true,"valueName":"search_term_string"}}],"inLanguage":"et"},{"@type":"Organization","@id":"https:\/\/nordlinepaadid.ee\/et\/#organization","name":"Nordlineboats","url":"https:\/\/nordlinepaadid.ee\/et\/","logo":{"@type":"ImageObject","inLanguage":"et","@id":"https:\/\/nordlinepaadid.ee\/et\/#\/schema\/logo\/image\/","url":"https:\/\/nordlinepaadid.ee\/wp-content\/uploads\/2023\/01\/fulllogo_transparent_nobuffer-e1672750475494.png","contentUrl":"https:\/\/nordlinepaadid.ee\/wp-content\/uploads\/2023\/01\/fulllogo_transparent_nobuffer-e1672750475494.png","width":150,"height":119,"caption":"Nordlineboats"},"image":{"@id":"https:\/\/nordlinepaadid.ee\/et\/#\/schema\/logo\/image\/"},"sameAs":["https:\/\/www.facebook.com\/nordlineboats","https:\/\/www.youtube.com\/channel\/UCbgF0fy02y3QkFnujaLTaCA"]}]}},"taxonomy_info":{"product_cat":[{"value":251,"label":"Akud, Akulaadijad, Inverterid"},{"value":1862,"label":"Akulaadijad"}]},"featured_image_src_large":["https:\/\/nordlinepaadid.ee\/wp-content\/uploads\/2026\/02\/Akulaadija-Victron-SMART-12V-15A-IP65-bluetooth-paadile.jpg",909,1024,false],"author_info":[],"comment_info":"","_links":{"self":[{"href":"https:\/\/nordlinepaadid.ee\/et\/wp-json\/wp\/v2\/product\/56570","targetHints":{"allow":["GET"]}}],"collection":[{"href":"https:\/\/nordlinepaadid.ee\/et\/wp-json\/wp\/v2\/product"}],"about":[{"href":"https:\/\/nordlinepaadid.ee\/et\/wp-json\/wp\/v2\/types\/product"}],"wp:featuredmedia":[{"embeddable":true,"href":"https:\/\/nordlinepaadid.ee\/et\/wp-json\/wp\/v2\/media\/56533"}],"wp:attachment":[{"href":"https:\/\/nordlinepaadid.ee\/et\/wp-json\/wp\/v2\/media?parent=56570"}],"wp:term":[{"taxonomy":"product_brand","embeddable":true,"href":"https:\/\/nordlinepaadid.ee\/et\/wp-json\/wp\/v2\/product_brand?post=56570"},{"taxonomy":"product_cat","embeddable":true,"href":"https:\/\/nordlinepaadid.ee\/et\/wp-json\/wp\/v2\/product_cat?post=56570"},{"taxonomy":"product_tag","embeddable":true,"href":"https:\/\/nordlinepaadid.ee\/et\/wp-json\/wp\/v2\/product_tag?post=56570"}],"curies":[{"name":"wp","href":"https:\/\/api.w.org\/{rel}","templated":true}]}}