{"id":56571,"date":"2026-02-17T09:29:49","date_gmt":"2026-02-17T07:29:49","guid":{"rendered":"https:\/\/nordlinepaadid.ee\/?post_type=product&#038;p=56571"},"modified":"2026-02-17T09:33:22","modified_gmt":"2026-02-17T07:33:22","slug":"akulaadija-victron-smart-12v-5a-ip65","status":"publish","type":"product","link":"https:\/\/nordlinepaadid.ee\/et\/pood\/electrical-equipments\/batteries-chargers-inverters\/akulaadija-victron-smart-12v-5a-ip65\/","title":{"rendered":"Akulaadija Victron SMART 12V 5A IP65"},"content":{"rendered":"<h2 data-start=\"0\" data-end=\"39\">Victron SMART 12V 5A IP65 akulaadija<\/h2>\n<ul data-start=\"64\" data-end=\"233\">\n<li data-start=\"64\" data-end=\"109\">\n<p data-start=\"66\" data-end=\"109\">Nutikas automaatne akulaadija 12V akudele<\/p>\n<\/li>\n<li data-start=\"110\" data-end=\"173\">\n<p data-start=\"112\" data-end=\"173\">M\u00f5eldud v\u00e4ikeste ja keskmiste akude hooldus- ja laadimiseks<\/p>\n<\/li>\n<li data-start=\"174\" data-end=\"233\">\n<p data-start=\"176\" data-end=\"233\">Sobib paadile, mootorrattale, autole ja hooajas\u00f5idukile<\/p>\n<\/li>\n<\/ul>\n<hr data-start=\"235\" data-end=\"238\" \/>\n<h3 data-start=\"240\" data-end=\"274\">Peamised eelised kliendi jaoks<\/h3>\n<ul data-start=\"275\" data-end=\"512\">\n<li data-start=\"275\" data-end=\"323\">\n<p data-start=\"277\" data-end=\"323\">V\u00f5ib j\u00e4\u00e4da p\u00fcsivalt \u00fchendatuks (hoiulaadimine)<\/p>\n<\/li>\n<li data-start=\"324\" data-end=\"372\">\n<p data-start=\"326\" data-end=\"372\">Bluetooth j\u00e4lgimine ja seadistamine telefonist<\/p>\n<\/li>\n<li data-start=\"373\" data-end=\"406\">\n<p data-start=\"375\" data-end=\"406\">Taastab s\u00fcgavalt t\u00fchjenenud aku<\/p>\n<\/li>\n<li data-start=\"407\" data-end=\"432\">\n<p data-start=\"409\" data-end=\"432\">Sobib ka liitiumakudele<\/p>\n<\/li>\n<li data-start=\"433\" data-end=\"472\">\n<p data-start=\"435\" data-end=\"472\">V\u00e4ga madal voolutarve t\u00e4is aku korral<\/p>\n<\/li>\n<li data-start=\"473\" data-end=\"512\">\n<p data-start=\"475\" data-end=\"512\">Veekindel \u2013 sobib niiskesse keskkonda<\/p>\n<\/li>\n<\/ul>\n<hr data-start=\"514\" data-end=\"517\" \/>\n<h3 data-start=\"519\" data-end=\"540\">Tehnilised andmed<\/h3>\n<ul data-start=\"541\" data-end=\"1085\">\n<li data-start=\"541\" data-end=\"567\">\n<p data-start=\"543\" data-end=\"567\">Tootja: Victron Energy<\/p>\n<\/li>\n<li data-start=\"568\" data-end=\"599\">\n<p data-start=\"570\" data-end=\"599\">Mudel: Blue Smart IP65 12\/5<\/p>\n<\/li>\n<li data-start=\"600\" data-end=\"622\">\n<p data-start=\"602\" data-end=\"622\">V\u00e4ljundpinge: 12 V<\/p>\n<\/li>\n<li data-start=\"623\" data-end=\"694\">\n<p data-start=\"625\" data-end=\"694\">Laadimisvool \u2013 5A ( 2A madal laadimisvool)<\/p>\n<\/li>\n<li data-start=\"695\" data-end=\"771\">\n<p data-start=\"697\" data-end=\"771\">Sisendpinge: 180\u2013265 VAC, 45\u201365 Hz<\/p>\n<\/li>\n<li data-start=\"772\" data-end=\"831\">\n<p data-start=\"774\" data-end=\"831\">Kaitseklass: IP65<\/p>\n<\/li>\n<li data-start=\"832\" data-end=\"901\">\n<p data-start=\"834\" data-end=\"901\">M\u00f5\u00f5dud: u 190 \u00d7 105 \u00d7 60 mm<\/p>\n<\/li>\n<li data-start=\"902\" data-end=\"957\">\n<p data-start=\"904\" data-end=\"957\">Kaal: ~0,9 kg<\/p>\n<\/li>\n<li data-start=\"958\" data-end=\"1017\">\n<p data-start=\"960\" data-end=\"1017\">Efektiivsus: ~94%<\/p>\n<\/li>\n<li data-start=\"1018\" data-end=\"1085\">\n<p data-start=\"1020\" data-end=\"1085\">Ootere\u017eiimi tarve: &lt;0,5 W<\/p>\n<\/li>\n<\/ul>\n<hr data-start=\"1087\" data-end=\"1090\" \/>\n<h3 data-start=\"1092\" data-end=\"1112\">Laadimisalgoritm<\/h3>\n<ul data-start=\"1113\" data-end=\"1393\">\n<li data-start=\"1113\" data-end=\"1187\">\n<p data-start=\"1115\" data-end=\"1187\">7-astmeline adaptiivne laadimine<\/p>\n<\/li>\n<li data-start=\"1188\" data-end=\"1249\">\n<p data-start=\"1190\" data-end=\"1249\">Aku taastamisre\u017eiim<\/p>\n<\/li>\n<li data-start=\"1250\" data-end=\"1322\">\n<p data-start=\"1252\" data-end=\"1322\">Hoiure\u017eiim pika seismise jaoks<\/p>\n<\/li>\n<li data-start=\"1323\" data-end=\"1393\">\n<p data-start=\"1325\" data-end=\"1393\">Temperatuurikompensatsioon<\/p>\n<\/li>\n<\/ul>\n<hr data-start=\"1395\" data-end=\"1398\" \/>\n<h3 data-start=\"1400\" data-end=\"1417\">Aku \u00fchilduvus<\/h3>\n<ul data-start=\"1418\" data-end=\"1498\">\n<li data-start=\"1418\" data-end=\"1434\">\n<p data-start=\"1420\" data-end=\"1434\">Pliihape (WET)<\/p>\n<\/li>\n<li data-start=\"1435\" data-end=\"1440\">\n<p data-start=\"1437\" data-end=\"1440\">AGM<\/p>\n<\/li>\n<li data-start=\"1441\" data-end=\"1446\">\n<p data-start=\"1443\" data-end=\"1446\">GEL<\/p>\n<\/li>\n<li data-start=\"1447\" data-end=\"1498\">\n<p data-start=\"1449\" data-end=\"1498\">LiFePO4<\/p>\n<\/li>\n<\/ul>\n<hr data-start=\"1500\" data-end=\"1503\" \/>\n<h3 data-start=\"1505\" data-end=\"1521\">Funktsioonid<\/h3>\n<ul data-start=\"1522\" data-end=\"1907\">\n<li data-start=\"1522\" data-end=\"1606\">\n<p data-start=\"1524\" data-end=\"1606\">Sisseehitatud Bluetooth (VictronConnect)<\/p>\n<\/li>\n<li data-start=\"1607\" data-end=\"1693\">\n<p data-start=\"1609\" data-end=\"1693\">Pinge ja laadimisinfo j\u00e4lgimine telefonist<\/p>\n<\/li>\n<li data-start=\"1694\" data-end=\"1767\">\n<p data-start=\"1696\" data-end=\"1767\">S\u00fcgavalt t\u00fchja aku taastamine<\/p>\n<\/li>\n<li data-start=\"1768\" data-end=\"1845\">\n<p data-start=\"1770\" data-end=\"1845\">\u00dclekuumenemise ja polaarsuskaitse<\/p>\n<\/li>\n<li data-start=\"1846\" data-end=\"1907\">\n<p data-start=\"1848\" data-end=\"1907\">Toiteploki re\u017eiim<\/p>\n<\/li>\n<\/ul>\n<hr data-start=\"1909\" data-end=\"1912\" \/>\n<h3 data-start=\"1914\" data-end=\"1926\">Komplekt<\/h3>\n<ul data-start=\"1927\" data-end=\"2019\">\n<li data-start=\"1927\" data-end=\"1939\">\n<p data-start=\"1929\" data-end=\"1939\">Akulaadija<\/p>\n<\/li>\n<li data-start=\"1940\" data-end=\"1958\">\n<p data-start=\"1942\" data-end=\"1958\">Krokodillklemmid<\/p>\n<\/li>\n<li data-start=\"1959\" data-end=\"2019\">\n<p data-start=\"1961\" data-end=\"2019\">M8 silmusklemmid<\/p>\n<\/li>\n<\/ul>\n<hr data-start=\"2021\" data-end=\"2024\" \/>\n<h3 data-start=\"2026\" data-end=\"2045\">Kasutusvaldkond<\/h3>\n<ul data-start=\"2046\" data-end=\"2155\">\n<li data-start=\"2046\" data-end=\"2067\">\n<p data-start=\"2048\" data-end=\"2067\">Mootorrattad ja ATV<\/p>\n<\/li>\n<li data-start=\"2068\" data-end=\"2086\">\n<p data-start=\"2070\" data-end=\"2086\">Paadi starteraku<\/p>\n<\/li>\n<li data-start=\"2087\" data-end=\"2112\">\n<p data-start=\"2089\" data-end=\"2112\">Autod ja hooajas\u00f5idukid<\/p>\n<\/li>\n<li data-start=\"2113\" data-end=\"2133\">\n<p data-start=\"2115\" data-end=\"2133\">V\u00e4ikesed tarbeakud<\/p>\n<\/li>\n<li data-start=\"2134\" data-end=\"2155\">\n<p data-start=\"2136\" data-end=\"2155\">Talvine hoiustamine<\/p>\n<\/li>\n<\/ul>\n","protected":false},"excerpt":{"rendered":"<p data-start=\"263\" data-end=\"297\">Laadimisvool \u2013 5A ( 2A madal laadimisvool)<br \/>\nBluetooth juhtimine (VictronConnect rakendus)<br \/>\nOhutu akule \u2013 adaptiivne mitmeastmeline laadimine<br \/>\nSobib LiFePO4, AGM, GEL ja pliiakudele<br \/>\nTaastab s\u00fcgavalt t\u00fchjenenud akusid<br \/>\nHooldusre\u017eiim pikaks seismiseks<br \/>\nTolmu- ja veekindel (IP65)<\/p>\n","protected":false},"featured_media":56533,"template":"","meta":{"_kad_blocks_custom_css":"","_kad_blocks_head_custom_js":"","_kad_blocks_body_custom_js":"","_kad_blocks_footer_custom_js":"","_kad_post_transparent":"default","_kad_post_title":"","_kad_post_layout":"default","_kad_post_sidebar_id":"","_kad_post_content_style":"default","_kad_post_vertical_padding":"default","_kad_post_feature":"","_kad_post_feature_position":"","_kad_post_header":false,"_kad_post_footer":false,"_kad_post_classname":""},"product_brand":[],"product_cat":[251,1862],"product_tag":[],"class_list":{"0":"post-56571","1":"product","2":"type-product","3":"status-publish","4":"has-post-thumbnail","6":"product_cat-batteries-chargers-inverters","7":"product_cat-akulaadijad","8":"tm-no-options","10":"first","11":"onbackorder","12":"sale","13":"taxable","14":"shipping-taxable","15":"purchasable","16":"product-type-simple","17":"entry","18":"content-bg","19":"loop-entry"},"yoast_head":"<!-- This site is optimized with the Yoast SEO plugin v27.3 - https:\/\/yoast.com\/product\/yoast-seo-wordpress\/ -->\n<title>Akulaadija Victron SMART 12V 5A IP65<\/title>\n<meta name=\"description\" content=\"Akulaadija Victron laadimisvooluga 5A, bluetooth \u00fchendus, v\u00f5ib j\u00e4tta kuudeks \u00fchendatuks (hooldusre\u017eiim), taastab s\u00fcgavalt t\u00fchjenenud akusid.\" \/>\n<meta name=\"robots\" content=\"index, follow, max-snippet:-1, max-image-preview:large, max-video-preview:-1\" \/>\n<link rel=\"canonical\" href=\"https:\/\/nordlinepaadid.ee\/et\/pood\/electrical-equipments\/batteries-chargers-inverters\/akulaadija-victron-smart-12v-5a-ip65\/\" \/>\n<meta property=\"og:locale\" content=\"et_EE\" \/>\n<meta property=\"og:type\" content=\"article\" \/>\n<meta property=\"og:title\" content=\"Akulaadija Victron SMART 12V 5A IP65\" \/>\n<meta property=\"og:description\" content=\"Akulaadija Victron laadimisvooluga 5A, bluetooth \u00fchendus, v\u00f5ib j\u00e4tta kuudeks \u00fchendatuks (hooldusre\u017eiim), taastab s\u00fcgavalt t\u00fchjenenud akusid.\" \/>\n<meta property=\"og:url\" content=\"https:\/\/nordlinepaadid.ee\/et\/pood\/electrical-equipments\/batteries-chargers-inverters\/akulaadija-victron-smart-12v-5a-ip65\/\" \/>\n<meta property=\"og:site_name\" content=\"NORDLINE s\u00f5udepaadid ja mootorpaadid. Klaasfiiber materjalist.\" \/>\n<meta property=\"article:publisher\" content=\"https:\/\/www.facebook.com\/nordlineboats\" \/>\n<meta property=\"article:modified_time\" content=\"2026-02-17T07:33:22+00:00\" \/>\n<meta property=\"og:image\" content=\"https:\/\/nordlinepaadid.ee\/wp-content\/uploads\/2026\/02\/Akulaadija-Victron-SMART-12V-15A-IP65-bluetooth-paadile.jpg\" \/>\n\t<meta property=\"og:image:width\" content=\"909\" \/>\n\t<meta property=\"og:image:height\" content=\"1024\" \/>\n\t<meta property=\"og:image:type\" content=\"image\/jpeg\" \/>\n<meta name=\"twitter:card\" content=\"summary_large_image\" \/>\n<meta name=\"twitter:label1\" content=\"Est. reading time\" \/>\n\t<meta name=\"twitter:data1\" content=\"2 minutit\" \/>\n<script type=\"application\/ld+json\" class=\"yoast-schema-graph\">{\"@context\":\"https:\\\/\\\/schema.org\",\"@graph\":[{\"@type\":\"WebPage\",\"@id\":\"https:\\\/\\\/nordlinepaadid.ee\\\/et\\\/pood\\\/electrical-equipments\\\/batteries-chargers-inverters\\\/akulaadija-victron-smart-12v-5a-ip65\\\/\",\"url\":\"https:\\\/\\\/nordlinepaadid.ee\\\/et\\\/pood\\\/electrical-equipments\\\/batteries-chargers-inverters\\\/akulaadija-victron-smart-12v-5a-ip65\\\/\",\"name\":\"Akulaadija Victron SMART 12V 5A IP65\",\"isPartOf\":{\"@id\":\"https:\\\/\\\/nordlinepaadid.ee\\\/et\\\/#website\"},\"primaryImageOfPage\":{\"@id\":\"https:\\\/\\\/nordlinepaadid.ee\\\/et\\\/pood\\\/electrical-equipments\\\/batteries-chargers-inverters\\\/akulaadija-victron-smart-12v-5a-ip65\\\/#primaryimage\"},\"image\":{\"@id\":\"https:\\\/\\\/nordlinepaadid.ee\\\/et\\\/pood\\\/electrical-equipments\\\/batteries-chargers-inverters\\\/akulaadija-victron-smart-12v-5a-ip65\\\/#primaryimage\"},\"thumbnailUrl\":\"https:\\\/\\\/nordlinepaadid.ee\\\/wp-content\\\/uploads\\\/2026\\\/02\\\/Akulaadija-Victron-SMART-12V-15A-IP65-bluetooth-paadile.jpg\",\"datePublished\":\"2026-02-17T07:29:49+00:00\",\"dateModified\":\"2026-02-17T07:33:22+00:00\",\"description\":\"Akulaadija Victron laadimisvooluga 5A, bluetooth \u00fchendus, v\u00f5ib j\u00e4tta kuudeks \u00fchendatuks (hooldusre\u017eiim), taastab s\u00fcgavalt t\u00fchjenenud akusid.\",\"breadcrumb\":{\"@id\":\"https:\\\/\\\/nordlinepaadid.ee\\\/et\\\/pood\\\/electrical-equipments\\\/batteries-chargers-inverters\\\/akulaadija-victron-smart-12v-5a-ip65\\\/#breadcrumb\"},\"inLanguage\":\"et\",\"potentialAction\":[{\"@type\":\"ReadAction\",\"target\":[\"https:\\\/\\\/nordlinepaadid.ee\\\/et\\\/pood\\\/electrical-equipments\\\/batteries-chargers-inverters\\\/akulaadija-victron-smart-12v-5a-ip65\\\/\"]}]},{\"@type\":\"ImageObject\",\"inLanguage\":\"et\",\"@id\":\"https:\\\/\\\/nordlinepaadid.ee\\\/et\\\/pood\\\/electrical-equipments\\\/batteries-chargers-inverters\\\/akulaadija-victron-smart-12v-5a-ip65\\\/#primaryimage\",\"url\":\"https:\\\/\\\/nordlinepaadid.ee\\\/wp-content\\\/uploads\\\/2026\\\/02\\\/Akulaadija-Victron-SMART-12V-15A-IP65-bluetooth-paadile.jpg\",\"contentUrl\":\"https:\\\/\\\/nordlinepaadid.ee\\\/wp-content\\\/uploads\\\/2026\\\/02\\\/Akulaadija-Victron-SMART-12V-15A-IP65-bluetooth-paadile.jpg\",\"width\":909,\"height\":1024,\"caption\":\"Akulaadija Victron SMART 12V 15A IP65 bluetooth paadile\"},{\"@type\":\"BreadcrumbList\",\"@id\":\"https:\\\/\\\/nordlinepaadid.ee\\\/et\\\/pood\\\/electrical-equipments\\\/batteries-chargers-inverters\\\/akulaadija-victron-smart-12v-5a-ip65\\\/#breadcrumb\",\"itemListElement\":[{\"@type\":\"ListItem\",\"position\":1,\"name\":\"Home\",\"item\":\"https:\\\/\\\/nordlinepaadid.ee\\\/et\\\/\"},{\"@type\":\"ListItem\",\"position\":2,\"name\":\"Pood\",\"item\":\"https:\\\/\\\/nordlinepaadid.ee\\\/et\\\/pood\\\/\"},{\"@type\":\"ListItem\",\"position\":3,\"name\":\"Akulaadija Victron SMART 12V 5A IP65\"}]},{\"@type\":\"WebSite\",\"@id\":\"https:\\\/\\\/nordlinepaadid.ee\\\/et\\\/#website\",\"url\":\"https:\\\/\\\/nordlinepaadid.ee\\\/et\\\/\",\"name\":\"NORDLINE s\u00f5udepaadid ja mootorpaadid. Klaasfiiber materjalist.\",\"description\":\"\",\"publisher\":{\"@id\":\"https:\\\/\\\/nordlinepaadid.ee\\\/et\\\/#organization\"},\"potentialAction\":[{\"@type\":\"SearchAction\",\"target\":{\"@type\":\"EntryPoint\",\"urlTemplate\":\"https:\\\/\\\/nordlinepaadid.ee\\\/et\\\/?s={search_term_string}\"},\"query-input\":{\"@type\":\"PropertyValueSpecification\",\"valueRequired\":true,\"valueName\":\"search_term_string\"}}],\"inLanguage\":\"et\"},{\"@type\":\"Organization\",\"@id\":\"https:\\\/\\\/nordlinepaadid.ee\\\/et\\\/#organization\",\"name\":\"Nordlineboats\",\"url\":\"https:\\\/\\\/nordlinepaadid.ee\\\/et\\\/\",\"logo\":{\"@type\":\"ImageObject\",\"inLanguage\":\"et\",\"@id\":\"https:\\\/\\\/nordlinepaadid.ee\\\/et\\\/#\\\/schema\\\/logo\\\/image\\\/\",\"url\":\"https:\\\/\\\/nordlinepaadid.ee\\\/wp-content\\\/uploads\\\/2023\\\/01\\\/fulllogo_transparent_nobuffer-e1672750475494.png\",\"contentUrl\":\"https:\\\/\\\/nordlinepaadid.ee\\\/wp-content\\\/uploads\\\/2023\\\/01\\\/fulllogo_transparent_nobuffer-e1672750475494.png\",\"width\":150,\"height\":119,\"caption\":\"Nordlineboats\"},\"image\":{\"@id\":\"https:\\\/\\\/nordlinepaadid.ee\\\/et\\\/#\\\/schema\\\/logo\\\/image\\\/\"},\"sameAs\":[\"https:\\\/\\\/www.facebook.com\\\/nordlineboats\",\"https:\\\/\\\/www.youtube.com\\\/channel\\\/UCbgF0fy02y3QkFnujaLTaCA\"]}]}<\/script>\n<!-- \/ Yoast SEO plugin. -->","yoast_head_json":{"title":"Akulaadija Victron SMART 12V 5A IP65","description":"Akulaadija Victron laadimisvooluga 5A, bluetooth \u00fchendus, v\u00f5ib j\u00e4tta kuudeks \u00fchendatuks (hooldusre\u017eiim), taastab s\u00fcgavalt t\u00fchjenenud akusid.","robots":{"index":"index","follow":"follow","max-snippet":"max-snippet:-1","max-image-preview":"max-image-preview:large","max-video-preview":"max-video-preview:-1"},"canonical":"https:\/\/nordlinepaadid.ee\/et\/pood\/electrical-equipments\/batteries-chargers-inverters\/akulaadija-victron-smart-12v-5a-ip65\/","og_locale":"et_EE","og_type":"article","og_title":"Akulaadija Victron SMART 12V 5A IP65","og_description":"Akulaadija Victron laadimisvooluga 5A, bluetooth \u00fchendus, v\u00f5ib j\u00e4tta kuudeks \u00fchendatuks (hooldusre\u017eiim), taastab s\u00fcgavalt t\u00fchjenenud akusid.","og_url":"https:\/\/nordlinepaadid.ee\/et\/pood\/electrical-equipments\/batteries-chargers-inverters\/akulaadija-victron-smart-12v-5a-ip65\/","og_site_name":"NORDLINE s\u00f5udepaadid ja mootorpaadid. Klaasfiiber materjalist.","article_publisher":"https:\/\/www.facebook.com\/nordlineboats","article_modified_time":"2026-02-17T07:33:22+00:00","og_image":[{"width":909,"height":1024,"url":"https:\/\/nordlinepaadid.ee\/wp-content\/uploads\/2026\/02\/Akulaadija-Victron-SMART-12V-15A-IP65-bluetooth-paadile.jpg","type":"image\/jpeg"}],"twitter_card":"summary_large_image","twitter_misc":{"Est. reading time":"2 minutit"},"schema":{"@context":"https:\/\/schema.org","@graph":[{"@type":"WebPage","@id":"https:\/\/nordlinepaadid.ee\/et\/pood\/electrical-equipments\/batteries-chargers-inverters\/akulaadija-victron-smart-12v-5a-ip65\/","url":"https:\/\/nordlinepaadid.ee\/et\/pood\/electrical-equipments\/batteries-chargers-inverters\/akulaadija-victron-smart-12v-5a-ip65\/","name":"Akulaadija Victron SMART 12V 5A IP65","isPartOf":{"@id":"https:\/\/nordlinepaadid.ee\/et\/#website"},"primaryImageOfPage":{"@id":"https:\/\/nordlinepaadid.ee\/et\/pood\/electrical-equipments\/batteries-chargers-inverters\/akulaadija-victron-smart-12v-5a-ip65\/#primaryimage"},"image":{"@id":"https:\/\/nordlinepaadid.ee\/et\/pood\/electrical-equipments\/batteries-chargers-inverters\/akulaadija-victron-smart-12v-5a-ip65\/#primaryimage"},"thumbnailUrl":"https:\/\/nordlinepaadid.ee\/wp-content\/uploads\/2026\/02\/Akulaadija-Victron-SMART-12V-15A-IP65-bluetooth-paadile.jpg","datePublished":"2026-02-17T07:29:49+00:00","dateModified":"2026-02-17T07:33:22+00:00","description":"Akulaadija Victron laadimisvooluga 5A, bluetooth \u00fchendus, v\u00f5ib j\u00e4tta kuudeks \u00fchendatuks (hooldusre\u017eiim), taastab s\u00fcgavalt t\u00fchjenenud akusid.","breadcrumb":{"@id":"https:\/\/nordlinepaadid.ee\/et\/pood\/electrical-equipments\/batteries-chargers-inverters\/akulaadija-victron-smart-12v-5a-ip65\/#breadcrumb"},"inLanguage":"et","potentialAction":[{"@type":"ReadAction","target":["https:\/\/nordlinepaadid.ee\/et\/pood\/electrical-equipments\/batteries-chargers-inverters\/akulaadija-victron-smart-12v-5a-ip65\/"]}]},{"@type":"ImageObject","inLanguage":"et","@id":"https:\/\/nordlinepaadid.ee\/et\/pood\/electrical-equipments\/batteries-chargers-inverters\/akulaadija-victron-smart-12v-5a-ip65\/#primaryimage","url":"https:\/\/nordlinepaadid.ee\/wp-content\/uploads\/2026\/02\/Akulaadija-Victron-SMART-12V-15A-IP65-bluetooth-paadile.jpg","contentUrl":"https:\/\/nordlinepaadid.ee\/wp-content\/uploads\/2026\/02\/Akulaadija-Victron-SMART-12V-15A-IP65-bluetooth-paadile.jpg","width":909,"height":1024,"caption":"Akulaadija Victron SMART 12V 15A IP65 bluetooth paadile"},{"@type":"BreadcrumbList","@id":"https:\/\/nordlinepaadid.ee\/et\/pood\/electrical-equipments\/batteries-chargers-inverters\/akulaadija-victron-smart-12v-5a-ip65\/#breadcrumb","itemListElement":[{"@type":"ListItem","position":1,"name":"Home","item":"https:\/\/nordlinepaadid.ee\/et\/"},{"@type":"ListItem","position":2,"name":"Pood","item":"https:\/\/nordlinepaadid.ee\/et\/pood\/"},{"@type":"ListItem","position":3,"name":"Akulaadija Victron SMART 12V 5A IP65"}]},{"@type":"WebSite","@id":"https:\/\/nordlinepaadid.ee\/et\/#website","url":"https:\/\/nordlinepaadid.ee\/et\/","name":"NORDLINE s\u00f5udepaadid ja mootorpaadid. Klaasfiiber materjalist.","description":"","publisher":{"@id":"https:\/\/nordlinepaadid.ee\/et\/#organization"},"potentialAction":[{"@type":"SearchAction","target":{"@type":"EntryPoint","urlTemplate":"https:\/\/nordlinepaadid.ee\/et\/?s={search_term_string}"},"query-input":{"@type":"PropertyValueSpecification","valueRequired":true,"valueName":"search_term_string"}}],"inLanguage":"et"},{"@type":"Organization","@id":"https:\/\/nordlinepaadid.ee\/et\/#organization","name":"Nordlineboats","url":"https:\/\/nordlinepaadid.ee\/et\/","logo":{"@type":"ImageObject","inLanguage":"et","@id":"https:\/\/nordlinepaadid.ee\/et\/#\/schema\/logo\/image\/","url":"https:\/\/nordlinepaadid.ee\/wp-content\/uploads\/2023\/01\/fulllogo_transparent_nobuffer-e1672750475494.png","contentUrl":"https:\/\/nordlinepaadid.ee\/wp-content\/uploads\/2023\/01\/fulllogo_transparent_nobuffer-e1672750475494.png","width":150,"height":119,"caption":"Nordlineboats"},"image":{"@id":"https:\/\/nordlinepaadid.ee\/et\/#\/schema\/logo\/image\/"},"sameAs":["https:\/\/www.facebook.com\/nordlineboats","https:\/\/www.youtube.com\/channel\/UCbgF0fy02y3QkFnujaLTaCA"]}]}},"taxonomy_info":{"product_cat":[{"value":251,"label":"Akud, Akulaadijad, Inverterid"},{"value":1862,"label":"Akulaadijad"}]},"featured_image_src_large":["https:\/\/nordlinepaadid.ee\/wp-content\/uploads\/2026\/02\/Akulaadija-Victron-SMART-12V-15A-IP65-bluetooth-paadile.jpg",909,1024,false],"author_info":[],"comment_info":"","_links":{"self":[{"href":"https:\/\/nordlinepaadid.ee\/et\/wp-json\/wp\/v2\/product\/56571","targetHints":{"allow":["GET"]}}],"collection":[{"href":"https:\/\/nordlinepaadid.ee\/et\/wp-json\/wp\/v2\/product"}],"about":[{"href":"https:\/\/nordlinepaadid.ee\/et\/wp-json\/wp\/v2\/types\/product"}],"wp:featuredmedia":[{"embeddable":true,"href":"https:\/\/nordlinepaadid.ee\/et\/wp-json\/wp\/v2\/media\/56533"}],"wp:attachment":[{"href":"https:\/\/nordlinepaadid.ee\/et\/wp-json\/wp\/v2\/media?parent=56571"}],"wp:term":[{"taxonomy":"product_brand","embeddable":true,"href":"https:\/\/nordlinepaadid.ee\/et\/wp-json\/wp\/v2\/product_brand?post=56571"},{"taxonomy":"product_cat","embeddable":true,"href":"https:\/\/nordlinepaadid.ee\/et\/wp-json\/wp\/v2\/product_cat?post=56571"},{"taxonomy":"product_tag","embeddable":true,"href":"https:\/\/nordlinepaadid.ee\/et\/wp-json\/wp\/v2\/product_tag?post=56571"}],"curies":[{"name":"wp","href":"https:\/\/api.w.org\/{rel}","templated":true}]}}