{"id":56574,"date":"2026-02-17T09:39:51","date_gmt":"2026-02-17T07:39:51","guid":{"rendered":"https:\/\/nordlinepaadid.ee\/?post_type=product&#038;p=56574"},"modified":"2026-02-17T09:44:25","modified_gmt":"2026-02-17T07:44:25","slug":"akulaadija-victron-smart-12v-7a-ip67-1","status":"publish","type":"product","link":"https:\/\/nordlinepaadid.ee\/et\/pood\/electrical-equipments\/batteries-chargers-inverters\/akulaadija-victron-smart-12v-7a-ip67-1\/","title":{"rendered":"Akulaadija Victron SMART 12V 7A IP67 (1)"},"content":{"rendered":"<h2 data-start=\"0\" data-end=\"43\">Victron SMART 12V 7A IP67 (1) akulaadija<\/h2>\n<p>&nbsp;<\/p>\n<h3 data-start=\"265\" data-end=\"299\">Peamised eelised<\/h3>\n<ul data-start=\"300\" data-end=\"587\">\n<li data-start=\"300\" data-end=\"368\">\n<p data-start=\"302\" data-end=\"368\">T\u00e4ielikult hermeetiline korpus \u2013 v\u00f5ib paigaldada v\u00e4litingimustesse<\/p>\n<\/li>\n<li data-start=\"369\" data-end=\"417\">\n<p data-start=\"371\" data-end=\"417\">Bluetooth j\u00e4lgimine ja seadistamine telefonist<\/p>\n<\/li>\n<li data-start=\"418\" data-end=\"455\">\n<p data-start=\"420\" data-end=\"455\">Laeb ka 0V s\u00fcgavalt t\u00fchjenenud akut<\/p>\n<\/li>\n<li data-start=\"456\" data-end=\"488\">\n<p data-start=\"458\" data-end=\"488\">V\u00f5ib j\u00e4\u00e4da p\u00fcsivalt \u00fchendatuks<\/p>\n<\/li>\n<li data-start=\"489\" data-end=\"520\">\n<p data-start=\"491\" data-end=\"520\">Sobib liitium- ja pliiakudele<\/p>\n<\/li>\n<li data-start=\"521\" data-end=\"549\">\n<p data-start=\"523\" data-end=\"549\">T\u00f6\u00f6tab k\u00fclmas ja niiskuses<\/p>\n<\/li>\n<li data-start=\"550\" data-end=\"587\">\n<p data-start=\"552\" data-end=\"587\">Sobib ka toiteallikana kasutamiseks<\/p>\n<\/li>\n<\/ul>\n<hr data-start=\"589\" data-end=\"592\" \/>\n<h3 data-start=\"594\" data-end=\"615\">Tehnilised andmed<\/h3>\n<ul data-start=\"616\" data-end=\"1157\">\n<li data-start=\"616\" data-end=\"642\">\n<p data-start=\"618\" data-end=\"642\">Tootja: Victron Energy<\/p>\n<\/li>\n<li data-start=\"643\" data-end=\"677\">\n<p data-start=\"645\" data-end=\"677\">Mudel: Blue Smart IP67 12\/7(1)<\/p>\n<\/li>\n<li data-start=\"678\" data-end=\"700\">\n<p data-start=\"680\" data-end=\"700\">V\u00e4ljundpinge: 12 V<\/p>\n<\/li>\n<li data-start=\"701\" data-end=\"734\">\n<p data-start=\"703\" data-end=\"734\">Maksimaalne laadimisvool: 7 A<\/p>\n<\/li>\n<li data-start=\"735\" data-end=\"802\">\n<p data-start=\"737\" data-end=\"802\">Madal laadimisre\u017eiim: 2 A<\/p>\n<\/li>\n<li data-start=\"735\" data-end=\"802\">Laadimise algoritm \u2013 5 astmeline t\u00e4isautomaatne laadimine<\/li>\n<li data-start=\"803\" data-end=\"879\">\n<p data-start=\"805\" data-end=\"879\">Sisendpinge: 180\u2013265 VAC, 45\u201365 Hz<\/p>\n<\/li>\n<li data-start=\"880\" data-end=\"939\">\n<p data-start=\"882\" data-end=\"939\">Efektiivsus: ~93%<\/p>\n<\/li>\n<li data-start=\"940\" data-end=\"1034\">\n<p data-start=\"942\" data-end=\"1034\">Kaitseklass: IP67 (talub ajutist vee alla sattumist)<\/p>\n<\/li>\n<li data-start=\"1035\" data-end=\"1101\">\n<p data-start=\"1037\" data-end=\"1101\">M\u00f5\u00f5dud: 85 \u00d7 211 \u00d7 60 mm<\/p>\n<\/li>\n<li data-start=\"1102\" data-end=\"1157\">\n<p data-start=\"1104\" data-end=\"1157\">Kaal: ~1,8 kg<\/p>\n<\/li>\n<\/ul>\n<hr data-start=\"1159\" data-end=\"1162\" \/>\n<h3 data-start=\"1164\" data-end=\"1184\">Laadimisomadused<\/h3>\n<ul data-start=\"1185\" data-end=\"1382\">\n<li data-start=\"1185\" data-end=\"1224\">\n<p data-start=\"1187\" data-end=\"1224\">Mitmeastmeline adaptiivne laadimine<\/p>\n<\/li>\n<li data-start=\"1225\" data-end=\"1257\">\n<p data-start=\"1227\" data-end=\"1257\">Hoiure\u017eiim aku s\u00e4ilitamiseks<\/p>\n<\/li>\n<li data-start=\"1258\" data-end=\"1288\">\n<p data-start=\"1260\" data-end=\"1288\">Sulfaatunud aku taastamine<\/p>\n<\/li>\n<li data-start=\"1289\" data-end=\"1319\">\n<p data-start=\"1291\" data-end=\"1319\">Temperatuurikompensatsioon<\/p>\n<\/li>\n<li data-start=\"1320\" data-end=\"1382\">\n<p data-start=\"1322\" data-end=\"1382\">Laeb alates 0V akust<\/p>\n<\/li>\n<\/ul>\n<hr data-start=\"1384\" data-end=\"1387\" \/>\n<h3 data-start=\"1389\" data-end=\"1406\">Aku \u00fchilduvus<\/h3>\n<ul data-start=\"1407\" data-end=\"1491\">\n<li data-start=\"1407\" data-end=\"1425\">\n<p data-start=\"1409\" data-end=\"1425\">Pliihape (WET)<\/p>\n<\/li>\n<li data-start=\"1426\" data-end=\"1433\">\n<p data-start=\"1428\" data-end=\"1433\">AGM<\/p>\n<\/li>\n<li data-start=\"1434\" data-end=\"1441\">\n<p data-start=\"1436\" data-end=\"1441\">GEL<\/p>\n<\/li>\n<li data-start=\"1442\" data-end=\"1491\">\n<p data-start=\"1444\" data-end=\"1491\">LiFePO4<\/p>\n<\/li>\n<\/ul>\n<hr data-start=\"1493\" data-end=\"1496\" \/>\n<h3 data-start=\"1498\" data-end=\"1514\">Funktsioonid<\/h3>\n<ul data-start=\"1515\" data-end=\"1846\">\n<li data-start=\"1515\" data-end=\"1597\">\n<p data-start=\"1517\" data-end=\"1597\">Sisseehitatud Bluetooth (VictronConnect)<\/p>\n<\/li>\n<li data-start=\"1598\" data-end=\"1674\">\n<p data-start=\"1600\" data-end=\"1674\">Reaalajas pinge ja voolu j\u00e4lgimine<\/p>\n<\/li>\n<li data-start=\"1675\" data-end=\"1696\">\n<p data-start=\"1677\" data-end=\"1696\">Tarkvarauuendused<\/p>\n<\/li>\n<li data-start=\"1697\" data-end=\"1758\">\n<p data-start=\"1699\" data-end=\"1758\">Toiteploki re\u017eiim<\/p>\n<\/li>\n<li data-start=\"1759\" data-end=\"1846\">\n<p data-start=\"1761\" data-end=\"1846\">L\u00fchise, \u00fclekuumenemise ja polaarsuse kaitse<\/p>\n<\/li>\n<\/ul>\n<hr data-start=\"1848\" data-end=\"1851\" \/>\n<h3 data-start=\"1853\" data-end=\"1865\">Komplekt<\/h3>\n<ul data-start=\"1866\" data-end=\"1917\">\n<li data-start=\"1866\" data-end=\"1878\">\n<p data-start=\"1868\" data-end=\"1878\">Akulaadija<\/p>\n<\/li>\n<li data-start=\"1879\" data-end=\"1892\">\n<p data-start=\"1881\" data-end=\"1892\">Toitekaabel<\/p>\n<\/li>\n<li data-start=\"1893\" data-end=\"1917\">\n<p data-start=\"1895\" data-end=\"1917\">P\u00fcsikinnitus akukaabel<\/p>\n<\/li>\n<\/ul>\n<hr data-start=\"1919\" data-end=\"1922\" \/>\n<h3 data-start=\"1924\" data-end=\"1943\">Kasutusvaldkond<\/h3>\n<ul data-start=\"1944\" data-end=\"2093\">\n<li data-start=\"1944\" data-end=\"1967\">\n<p data-start=\"1946\" data-end=\"1967\">Paadid ja vees\u00f5idukid<\/p>\n<\/li>\n<li data-start=\"1968\" data-end=\"1992\">\n<p data-start=\"1970\" data-end=\"1992\">Haagised ja t\u00f6\u00f6masinad<\/p>\n<\/li>\n<li data-start=\"1993\" data-end=\"2019\">\n<p data-start=\"1995\" data-end=\"2019\">Off-road ja metsatehnika<\/p>\n<\/li>\n<li data-start=\"2020\" data-end=\"2055\">\n<p data-start=\"2022\" data-end=\"2055\">P\u00fcsivalt paigaldatud akus\u00fcsteemid<\/p>\n<\/li>\n<li data-start=\"2056\" data-end=\"2093\">\n<p data-start=\"2058\" data-end=\"2093\">V\u00e4litingimustes kasutatavad seadmed<\/p>\n<\/li>\n<\/ul>\n<hr data-start=\"2095\" data-end=\"2098\" \/>\n<p data-start=\"2100\" data-end=\"2250\"><strong data-start=\"2100\" data-end=\"2117\">IP67 vs IP65:<\/strong><br data-start=\"2117\" data-end=\"2120\" \/>IP67 on t\u00e4ielikult suletud \u2013 v\u00f5ib paigaldada otse niiskesse, porisesse v\u00f5i vibratsiooniga keskkonda (nt mootoriruum, paadi tr\u00fcmm).<\/p>\n","protected":false},"excerpt":{"rendered":"<p data-start=\"70\" data-end=\"123\">T\u00e4ielikult veekindel nutikas akulaadija 12V akudele<br \/>\nM\u00f5eldud p\u00fcsipaigalduseks niiskesse ja vibratsiooniga keskkonda<br \/>\nSobib paatidele, haagistele, t\u00f6\u00f6masinatele ja v\u00e4litingimustesse<br \/>\nLaadimispinged \u2013 14,2V\/14,4V\/14,7V<br \/>\nLaadimisvool \u2013 7A ( 2A madal laadimisvool)<\/p>\n","protected":false},"featured_media":56575,"template":"","meta":{"_kad_blocks_custom_css":"","_kad_blocks_head_custom_js":"","_kad_blocks_body_custom_js":"","_kad_blocks_footer_custom_js":"","_kad_post_transparent":"default","_kad_post_title":"","_kad_post_layout":"default","_kad_post_sidebar_id":"","_kad_post_content_style":"default","_kad_post_vertical_padding":"default","_kad_post_feature":"","_kad_post_feature_position":"","_kad_post_header":false,"_kad_post_footer":false,"_kad_post_classname":""},"product_brand":[],"product_cat":[251,1862],"product_tag":[],"class_list":{"0":"post-56574","1":"product","2":"type-product","3":"status-publish","4":"has-post-thumbnail","6":"product_cat-batteries-chargers-inverters","7":"product_cat-akulaadijad","8":"tm-no-options","10":"first","11":"onbackorder","12":"sale","13":"taxable","14":"shipping-taxable","15":"purchasable","16":"product-type-simple","17":"entry","18":"content-bg","19":"loop-entry"},"yoast_head":"<!-- This site is optimized with the Yoast SEO plugin v27.3 - https:\/\/yoast.com\/product\/yoast-seo-wordpress\/ -->\n<title>Akulaadija Victron SMART 12V 7A IP67 (1)<\/title>\n<meta name=\"description\" content=\"Akulaadija Victron laadimisvooluga 7A, bluetooth \u00fchendus, v\u00f5ib j\u00e4tta kuudeks \u00fchendatuks (hooldusre\u017eiim), taastab s\u00fcgavalt t\u00fchjenenud akusid.\" \/>\n<meta name=\"robots\" content=\"index, follow, max-snippet:-1, max-image-preview:large, max-video-preview:-1\" \/>\n<link rel=\"canonical\" href=\"https:\/\/nordlinepaadid.ee\/et\/pood\/electrical-equipments\/batteries-chargers-inverters\/akulaadija-victron-smart-12v-7a-ip67-1\/\" \/>\n<meta property=\"og:locale\" content=\"et_EE\" \/>\n<meta property=\"og:type\" content=\"article\" \/>\n<meta property=\"og:title\" content=\"Akulaadija Victron SMART 12V 7A IP67 (1)\" \/>\n<meta property=\"og:description\" content=\"Akulaadija Victron laadimisvooluga 7A, bluetooth \u00fchendus, v\u00f5ib j\u00e4tta kuudeks \u00fchendatuks (hooldusre\u017eiim), taastab s\u00fcgavalt t\u00fchjenenud akusid.\" \/>\n<meta property=\"og:url\" content=\"https:\/\/nordlinepaadid.ee\/et\/pood\/electrical-equipments\/batteries-chargers-inverters\/akulaadija-victron-smart-12v-7a-ip67-1\/\" \/>\n<meta property=\"og:site_name\" content=\"NORDLINE s\u00f5udepaadid ja mootorpaadid. Klaasfiiber materjalist.\" \/>\n<meta property=\"article:publisher\" content=\"https:\/\/www.facebook.com\/nordlineboats\" \/>\n<meta property=\"article:modified_time\" content=\"2026-02-17T07:44:25+00:00\" \/>\n<meta property=\"og:image\" content=\"https:\/\/nordlinepaadid.ee\/wp-content\/uploads\/2026\/02\/Akulaadija-Victron-SMART-12V-7A-IP67-1.jpg\" \/>\n\t<meta property=\"og:image:width\" content=\"1000\" \/>\n\t<meta property=\"og:image:height\" content=\"1000\" \/>\n\t<meta property=\"og:image:type\" content=\"image\/jpeg\" \/>\n<meta name=\"twitter:card\" content=\"summary_large_image\" \/>\n<meta name=\"twitter:label1\" content=\"Est. reading time\" \/>\n\t<meta name=\"twitter:data1\" content=\"2 minutit\" \/>\n<script type=\"application\/ld+json\" class=\"yoast-schema-graph\">{\"@context\":\"https:\\\/\\\/schema.org\",\"@graph\":[{\"@type\":\"WebPage\",\"@id\":\"https:\\\/\\\/nordlinepaadid.ee\\\/et\\\/pood\\\/electrical-equipments\\\/batteries-chargers-inverters\\\/akulaadija-victron-smart-12v-7a-ip67-1\\\/\",\"url\":\"https:\\\/\\\/nordlinepaadid.ee\\\/et\\\/pood\\\/electrical-equipments\\\/batteries-chargers-inverters\\\/akulaadija-victron-smart-12v-7a-ip67-1\\\/\",\"name\":\"Akulaadija Victron SMART 12V 7A IP67 (1)\",\"isPartOf\":{\"@id\":\"https:\\\/\\\/nordlinepaadid.ee\\\/et\\\/#website\"},\"primaryImageOfPage\":{\"@id\":\"https:\\\/\\\/nordlinepaadid.ee\\\/et\\\/pood\\\/electrical-equipments\\\/batteries-chargers-inverters\\\/akulaadija-victron-smart-12v-7a-ip67-1\\\/#primaryimage\"},\"image\":{\"@id\":\"https:\\\/\\\/nordlinepaadid.ee\\\/et\\\/pood\\\/electrical-equipments\\\/batteries-chargers-inverters\\\/akulaadija-victron-smart-12v-7a-ip67-1\\\/#primaryimage\"},\"thumbnailUrl\":\"https:\\\/\\\/nordlinepaadid.ee\\\/wp-content\\\/uploads\\\/2026\\\/02\\\/Akulaadija-Victron-SMART-12V-7A-IP67-1.jpg\",\"datePublished\":\"2026-02-17T07:39:51+00:00\",\"dateModified\":\"2026-02-17T07:44:25+00:00\",\"description\":\"Akulaadija Victron laadimisvooluga 7A, bluetooth \u00fchendus, v\u00f5ib j\u00e4tta kuudeks \u00fchendatuks (hooldusre\u017eiim), taastab s\u00fcgavalt t\u00fchjenenud akusid.\",\"breadcrumb\":{\"@id\":\"https:\\\/\\\/nordlinepaadid.ee\\\/et\\\/pood\\\/electrical-equipments\\\/batteries-chargers-inverters\\\/akulaadija-victron-smart-12v-7a-ip67-1\\\/#breadcrumb\"},\"inLanguage\":\"et\",\"potentialAction\":[{\"@type\":\"ReadAction\",\"target\":[\"https:\\\/\\\/nordlinepaadid.ee\\\/et\\\/pood\\\/electrical-equipments\\\/batteries-chargers-inverters\\\/akulaadija-victron-smart-12v-7a-ip67-1\\\/\"]}]},{\"@type\":\"ImageObject\",\"inLanguage\":\"et\",\"@id\":\"https:\\\/\\\/nordlinepaadid.ee\\\/et\\\/pood\\\/electrical-equipments\\\/batteries-chargers-inverters\\\/akulaadija-victron-smart-12v-7a-ip67-1\\\/#primaryimage\",\"url\":\"https:\\\/\\\/nordlinepaadid.ee\\\/wp-content\\\/uploads\\\/2026\\\/02\\\/Akulaadija-Victron-SMART-12V-7A-IP67-1.jpg\",\"contentUrl\":\"https:\\\/\\\/nordlinepaadid.ee\\\/wp-content\\\/uploads\\\/2026\\\/02\\\/Akulaadija-Victron-SMART-12V-7A-IP67-1.jpg\",\"width\":1000,\"height\":1000,\"caption\":\"Akulaadija Victron SMART 12V 7A IP67 (1)\"},{\"@type\":\"BreadcrumbList\",\"@id\":\"https:\\\/\\\/nordlinepaadid.ee\\\/et\\\/pood\\\/electrical-equipments\\\/batteries-chargers-inverters\\\/akulaadija-victron-smart-12v-7a-ip67-1\\\/#breadcrumb\",\"itemListElement\":[{\"@type\":\"ListItem\",\"position\":1,\"name\":\"Home\",\"item\":\"https:\\\/\\\/nordlinepaadid.ee\\\/et\\\/\"},{\"@type\":\"ListItem\",\"position\":2,\"name\":\"Pood\",\"item\":\"https:\\\/\\\/nordlinepaadid.ee\\\/et\\\/pood\\\/\"},{\"@type\":\"ListItem\",\"position\":3,\"name\":\"Akulaadija Victron SMART 12V 7A IP67 (1)\"}]},{\"@type\":\"WebSite\",\"@id\":\"https:\\\/\\\/nordlinepaadid.ee\\\/et\\\/#website\",\"url\":\"https:\\\/\\\/nordlinepaadid.ee\\\/et\\\/\",\"name\":\"NORDLINE s\u00f5udepaadid ja mootorpaadid. Klaasfiiber materjalist.\",\"description\":\"\",\"publisher\":{\"@id\":\"https:\\\/\\\/nordlinepaadid.ee\\\/et\\\/#organization\"},\"potentialAction\":[{\"@type\":\"SearchAction\",\"target\":{\"@type\":\"EntryPoint\",\"urlTemplate\":\"https:\\\/\\\/nordlinepaadid.ee\\\/et\\\/?s={search_term_string}\"},\"query-input\":{\"@type\":\"PropertyValueSpecification\",\"valueRequired\":true,\"valueName\":\"search_term_string\"}}],\"inLanguage\":\"et\"},{\"@type\":\"Organization\",\"@id\":\"https:\\\/\\\/nordlinepaadid.ee\\\/et\\\/#organization\",\"name\":\"Nordlineboats\",\"url\":\"https:\\\/\\\/nordlinepaadid.ee\\\/et\\\/\",\"logo\":{\"@type\":\"ImageObject\",\"inLanguage\":\"et\",\"@id\":\"https:\\\/\\\/nordlinepaadid.ee\\\/et\\\/#\\\/schema\\\/logo\\\/image\\\/\",\"url\":\"https:\\\/\\\/nordlinepaadid.ee\\\/wp-content\\\/uploads\\\/2023\\\/01\\\/fulllogo_transparent_nobuffer-e1672750475494.png\",\"contentUrl\":\"https:\\\/\\\/nordlinepaadid.ee\\\/wp-content\\\/uploads\\\/2023\\\/01\\\/fulllogo_transparent_nobuffer-e1672750475494.png\",\"width\":150,\"height\":119,\"caption\":\"Nordlineboats\"},\"image\":{\"@id\":\"https:\\\/\\\/nordlinepaadid.ee\\\/et\\\/#\\\/schema\\\/logo\\\/image\\\/\"},\"sameAs\":[\"https:\\\/\\\/www.facebook.com\\\/nordlineboats\",\"https:\\\/\\\/www.youtube.com\\\/channel\\\/UCbgF0fy02y3QkFnujaLTaCA\"]}]}<\/script>\n<!-- \/ Yoast SEO plugin. -->","yoast_head_json":{"title":"Akulaadija Victron SMART 12V 7A IP67 (1)","description":"Akulaadija Victron laadimisvooluga 7A, bluetooth \u00fchendus, v\u00f5ib j\u00e4tta kuudeks \u00fchendatuks (hooldusre\u017eiim), taastab s\u00fcgavalt t\u00fchjenenud akusid.","robots":{"index":"index","follow":"follow","max-snippet":"max-snippet:-1","max-image-preview":"max-image-preview:large","max-video-preview":"max-video-preview:-1"},"canonical":"https:\/\/nordlinepaadid.ee\/et\/pood\/electrical-equipments\/batteries-chargers-inverters\/akulaadija-victron-smart-12v-7a-ip67-1\/","og_locale":"et_EE","og_type":"article","og_title":"Akulaadija Victron SMART 12V 7A IP67 (1)","og_description":"Akulaadija Victron laadimisvooluga 7A, bluetooth \u00fchendus, v\u00f5ib j\u00e4tta kuudeks \u00fchendatuks (hooldusre\u017eiim), taastab s\u00fcgavalt t\u00fchjenenud akusid.","og_url":"https:\/\/nordlinepaadid.ee\/et\/pood\/electrical-equipments\/batteries-chargers-inverters\/akulaadija-victron-smart-12v-7a-ip67-1\/","og_site_name":"NORDLINE s\u00f5udepaadid ja mootorpaadid. Klaasfiiber materjalist.","article_publisher":"https:\/\/www.facebook.com\/nordlineboats","article_modified_time":"2026-02-17T07:44:25+00:00","og_image":[{"width":1000,"height":1000,"url":"https:\/\/nordlinepaadid.ee\/wp-content\/uploads\/2026\/02\/Akulaadija-Victron-SMART-12V-7A-IP67-1.jpg","type":"image\/jpeg"}],"twitter_card":"summary_large_image","twitter_misc":{"Est. reading time":"2 minutit"},"schema":{"@context":"https:\/\/schema.org","@graph":[{"@type":"WebPage","@id":"https:\/\/nordlinepaadid.ee\/et\/pood\/electrical-equipments\/batteries-chargers-inverters\/akulaadija-victron-smart-12v-7a-ip67-1\/","url":"https:\/\/nordlinepaadid.ee\/et\/pood\/electrical-equipments\/batteries-chargers-inverters\/akulaadija-victron-smart-12v-7a-ip67-1\/","name":"Akulaadija Victron SMART 12V 7A IP67 (1)","isPartOf":{"@id":"https:\/\/nordlinepaadid.ee\/et\/#website"},"primaryImageOfPage":{"@id":"https:\/\/nordlinepaadid.ee\/et\/pood\/electrical-equipments\/batteries-chargers-inverters\/akulaadija-victron-smart-12v-7a-ip67-1\/#primaryimage"},"image":{"@id":"https:\/\/nordlinepaadid.ee\/et\/pood\/electrical-equipments\/batteries-chargers-inverters\/akulaadija-victron-smart-12v-7a-ip67-1\/#primaryimage"},"thumbnailUrl":"https:\/\/nordlinepaadid.ee\/wp-content\/uploads\/2026\/02\/Akulaadija-Victron-SMART-12V-7A-IP67-1.jpg","datePublished":"2026-02-17T07:39:51+00:00","dateModified":"2026-02-17T07:44:25+00:00","description":"Akulaadija Victron laadimisvooluga 7A, bluetooth \u00fchendus, v\u00f5ib j\u00e4tta kuudeks \u00fchendatuks (hooldusre\u017eiim), taastab s\u00fcgavalt t\u00fchjenenud akusid.","breadcrumb":{"@id":"https:\/\/nordlinepaadid.ee\/et\/pood\/electrical-equipments\/batteries-chargers-inverters\/akulaadija-victron-smart-12v-7a-ip67-1\/#breadcrumb"},"inLanguage":"et","potentialAction":[{"@type":"ReadAction","target":["https:\/\/nordlinepaadid.ee\/et\/pood\/electrical-equipments\/batteries-chargers-inverters\/akulaadija-victron-smart-12v-7a-ip67-1\/"]}]},{"@type":"ImageObject","inLanguage":"et","@id":"https:\/\/nordlinepaadid.ee\/et\/pood\/electrical-equipments\/batteries-chargers-inverters\/akulaadija-victron-smart-12v-7a-ip67-1\/#primaryimage","url":"https:\/\/nordlinepaadid.ee\/wp-content\/uploads\/2026\/02\/Akulaadija-Victron-SMART-12V-7A-IP67-1.jpg","contentUrl":"https:\/\/nordlinepaadid.ee\/wp-content\/uploads\/2026\/02\/Akulaadija-Victron-SMART-12V-7A-IP67-1.jpg","width":1000,"height":1000,"caption":"Akulaadija Victron SMART 12V 7A IP67 (1)"},{"@type":"BreadcrumbList","@id":"https:\/\/nordlinepaadid.ee\/et\/pood\/electrical-equipments\/batteries-chargers-inverters\/akulaadija-victron-smart-12v-7a-ip67-1\/#breadcrumb","itemListElement":[{"@type":"ListItem","position":1,"name":"Home","item":"https:\/\/nordlinepaadid.ee\/et\/"},{"@type":"ListItem","position":2,"name":"Pood","item":"https:\/\/nordlinepaadid.ee\/et\/pood\/"},{"@type":"ListItem","position":3,"name":"Akulaadija Victron SMART 12V 7A IP67 (1)"}]},{"@type":"WebSite","@id":"https:\/\/nordlinepaadid.ee\/et\/#website","url":"https:\/\/nordlinepaadid.ee\/et\/","name":"NORDLINE s\u00f5udepaadid ja mootorpaadid. Klaasfiiber materjalist.","description":"","publisher":{"@id":"https:\/\/nordlinepaadid.ee\/et\/#organization"},"potentialAction":[{"@type":"SearchAction","target":{"@type":"EntryPoint","urlTemplate":"https:\/\/nordlinepaadid.ee\/et\/?s={search_term_string}"},"query-input":{"@type":"PropertyValueSpecification","valueRequired":true,"valueName":"search_term_string"}}],"inLanguage":"et"},{"@type":"Organization","@id":"https:\/\/nordlinepaadid.ee\/et\/#organization","name":"Nordlineboats","url":"https:\/\/nordlinepaadid.ee\/et\/","logo":{"@type":"ImageObject","inLanguage":"et","@id":"https:\/\/nordlinepaadid.ee\/et\/#\/schema\/logo\/image\/","url":"https:\/\/nordlinepaadid.ee\/wp-content\/uploads\/2023\/01\/fulllogo_transparent_nobuffer-e1672750475494.png","contentUrl":"https:\/\/nordlinepaadid.ee\/wp-content\/uploads\/2023\/01\/fulllogo_transparent_nobuffer-e1672750475494.png","width":150,"height":119,"caption":"Nordlineboats"},"image":{"@id":"https:\/\/nordlinepaadid.ee\/et\/#\/schema\/logo\/image\/"},"sameAs":["https:\/\/www.facebook.com\/nordlineboats","https:\/\/www.youtube.com\/channel\/UCbgF0fy02y3QkFnujaLTaCA"]}]}},"taxonomy_info":{"product_cat":[{"value":251,"label":"Akud, Akulaadijad, Inverterid"},{"value":1862,"label":"Akulaadijad"}]},"featured_image_src_large":["https:\/\/nordlinepaadid.ee\/wp-content\/uploads\/2026\/02\/Akulaadija-Victron-SMART-12V-7A-IP67-1.jpg",1000,1000,false],"author_info":[],"comment_info":"","_links":{"self":[{"href":"https:\/\/nordlinepaadid.ee\/et\/wp-json\/wp\/v2\/product\/56574","targetHints":{"allow":["GET"]}}],"collection":[{"href":"https:\/\/nordlinepaadid.ee\/et\/wp-json\/wp\/v2\/product"}],"about":[{"href":"https:\/\/nordlinepaadid.ee\/et\/wp-json\/wp\/v2\/types\/product"}],"wp:featuredmedia":[{"embeddable":true,"href":"https:\/\/nordlinepaadid.ee\/et\/wp-json\/wp\/v2\/media\/56575"}],"wp:attachment":[{"href":"https:\/\/nordlinepaadid.ee\/et\/wp-json\/wp\/v2\/media?parent=56574"}],"wp:term":[{"taxonomy":"product_brand","embeddable":true,"href":"https:\/\/nordlinepaadid.ee\/et\/wp-json\/wp\/v2\/product_brand?post=56574"},{"taxonomy":"product_cat","embeddable":true,"href":"https:\/\/nordlinepaadid.ee\/et\/wp-json\/wp\/v2\/product_cat?post=56574"},{"taxonomy":"product_tag","embeddable":true,"href":"https:\/\/nordlinepaadid.ee\/et\/wp-json\/wp\/v2\/product_tag?post=56574"}],"curies":[{"name":"wp","href":"https:\/\/api.w.org\/{rel}","templated":true}]}}