{"id":56577,"date":"2026-02-17T09:45:02","date_gmt":"2026-02-17T07:45:02","guid":{"rendered":"https:\/\/nordlinepaadid.ee\/?post_type=product&#038;p=56577"},"modified":"2026-02-17T09:48:10","modified_gmt":"2026-02-17T07:48:10","slug":"akulaadija-victron-smart-12v-13a-ip671","status":"publish","type":"product","link":"https:\/\/nordlinepaadid.ee\/et\/pood\/electrical-equipments\/batteries-chargers-inverters\/akulaadija-victron-smart-12v-13a-ip671\/","title":{"rendered":"Akulaadija Victron SMART 12V 13A IP67(1)"},"content":{"rendered":"<h2 data-start=\"0\" data-end=\"44\">Victron SMART 12V 13A IP67 (1) akulaadija<\/h2>\n<h3 data-start=\"245\" data-end=\"279\">Peamised eelised<\/h3>\n<ul data-start=\"280\" data-end=\"560\">\n<li data-start=\"280\" data-end=\"337\">\n<p data-start=\"282\" data-end=\"337\">Hermeetiline korpus \u2013 v\u00f5ib paigaldada v\u00e4litingimustesse<\/p>\n<\/li>\n<li data-start=\"338\" data-end=\"375\">\n<p data-start=\"340\" data-end=\"375\">Laeb ka t\u00e4iesti t\u00fchjenenud (0V) aku<\/p>\n<\/li>\n<li data-start=\"376\" data-end=\"419\">\n<p data-start=\"378\" data-end=\"419\">V\u00f5ib olla p\u00fcsivalt \u00fchendatud (hoiure\u017eiim)<\/p>\n<\/li>\n<li data-start=\"420\" data-end=\"451\">\n<p data-start=\"422\" data-end=\"451\">Sobib liitium- ja pliiakudele<\/p>\n<\/li>\n<li data-start=\"452\" data-end=\"501\">\n<p data-start=\"454\" data-end=\"501\">V\u00e4ga v\u00e4ike energiatarve t\u00e4is aku korral (~0,5W)<\/p>\n<\/li>\n<li data-start=\"502\" data-end=\"534\">\n<p data-start=\"504\" data-end=\"534\">Vibratsiooni- ja niiskuskindel<\/p>\n<\/li>\n<li data-start=\"535\" data-end=\"560\">\n<p data-start=\"537\" data-end=\"560\">Toimib ka toiteallikana<\/p>\n<\/li>\n<\/ul>\n<hr data-start=\"562\" data-end=\"565\" \/>\n<h3 data-start=\"567\" data-end=\"588\">Tehnilised andmed<\/h3>\n<ul data-start=\"589\" data-end=\"1132\">\n<li data-start=\"589\" data-end=\"615\">\n<p data-start=\"591\" data-end=\"615\">Tootja: Victron Energy<\/p>\n<\/li>\n<li data-start=\"616\" data-end=\"651\">\n<p data-start=\"618\" data-end=\"651\">Mudel: Blue Smart IP67 12\/13(1)<\/p>\n<\/li>\n<li data-start=\"652\" data-end=\"674\">\n<p data-start=\"654\" data-end=\"674\">V\u00e4ljundpinge: 12 V<\/p>\n<\/li>\n<li data-start=\"675\" data-end=\"709\">\n<p data-start=\"677\" data-end=\"709\">Maksimaalne laadimisvool: 13 A<\/p>\n<\/li>\n<li data-start=\"710\" data-end=\"777\">\n<p data-start=\"712\" data-end=\"777\">Madal laadimisre\u017eiim: 4 A<\/p>\n<\/li>\n<li data-start=\"778\" data-end=\"854\">\n<p data-start=\"780\" data-end=\"854\">Sisendpinge: 180\u2013265 VAC, 45\u201365 Hz<\/p>\n<\/li>\n<li data-start=\"855\" data-end=\"914\">\n<p data-start=\"857\" data-end=\"914\">Efektiivsus: ~93%<\/p>\n<\/li>\n<li data-start=\"915\" data-end=\"1009\">\n<p data-start=\"917\" data-end=\"1009\">Kaitseklass: IP67 (talub ajutist vee alla sattumist)<\/p>\n<\/li>\n<li data-start=\"1010\" data-end=\"1076\">\n<p data-start=\"1012\" data-end=\"1076\">M\u00f5\u00f5dud: 85 \u00d7 211 \u00d7 60 mm<\/p>\n<\/li>\n<li data-start=\"1077\" data-end=\"1132\">\n<p data-start=\"1079\" data-end=\"1132\">Kaal: ~1.8 kg<\/p>\n<\/li>\n<\/ul>\n<hr data-start=\"1134\" data-end=\"1137\" \/>\n<h3 data-start=\"1139\" data-end=\"1159\">Laadimisalgoritm<\/h3>\n<ul data-start=\"1160\" data-end=\"1427\">\n<li data-start=\"1160\" data-end=\"1237\">\n<p data-start=\"1162\" data-end=\"1237\">Adaptiivne mitmeastmeline laadimine<\/p>\n<\/li>\n<li data-start=\"1238\" data-end=\"1319\">\n<p data-start=\"1240\" data-end=\"1319\">Hoiure\u017eiim aku vananemise v\u00e4hendamiseks<\/p>\n<\/li>\n<li data-start=\"1320\" data-end=\"1396\">\n<p data-start=\"1322\" data-end=\"1396\">S\u00fcgavalt t\u00fchjenenud aku taastamine<\/p>\n<\/li>\n<li data-start=\"1397\" data-end=\"1427\">\n<p data-start=\"1399\" data-end=\"1427\">Temperatuurikompensatsioon<\/p>\n<\/li>\n<\/ul>\n<hr data-start=\"1429\" data-end=\"1432\" \/>\n<h3 data-start=\"1434\" data-end=\"1451\">Aku \u00fchilduvus<\/h3>\n<ul data-start=\"1452\" data-end=\"1536\">\n<li data-start=\"1452\" data-end=\"1470\">\n<p data-start=\"1454\" data-end=\"1470\">Pliihape (WET)<\/p>\n<\/li>\n<li data-start=\"1471\" data-end=\"1478\">\n<p data-start=\"1473\" data-end=\"1478\">AGM<\/p>\n<\/li>\n<li data-start=\"1479\" data-end=\"1486\">\n<p data-start=\"1481\" data-end=\"1486\">GEL<\/p>\n<\/li>\n<li data-start=\"1487\" data-end=\"1536\">\n<p data-start=\"1489\" data-end=\"1536\">LiFePO4<\/p>\n<\/li>\n<\/ul>\n<hr data-start=\"1538\" data-end=\"1541\" \/>\n<h3 data-start=\"1543\" data-end=\"1559\">Funktsioonid<\/h3>\n<ul data-start=\"1560\" data-end=\"1922\">\n<li data-start=\"1560\" data-end=\"1644\">\n<p data-start=\"1562\" data-end=\"1644\">Sisseehitatud Bluetooth (VictronConnect)<\/p>\n<\/li>\n<li data-start=\"1645\" data-end=\"1724\">\n<p data-start=\"1647\" data-end=\"1724\">Pinge ja voolu j\u00e4lgimine telefonist<\/p>\n<\/li>\n<li data-start=\"1725\" data-end=\"1746\">\n<p data-start=\"1727\" data-end=\"1746\">Tarkvarauuendused<\/p>\n<\/li>\n<li data-start=\"1747\" data-end=\"1834\">\n<p data-start=\"1749\" data-end=\"1834\">L\u00fchise, polaarsuse ja \u00fclekuumenemise kaitse<\/p>\n<\/li>\n<li data-start=\"1835\" data-end=\"1922\">\n<p data-start=\"1837\" data-end=\"1922\">V\u00f5imalik kasutada alalisvoolu toiteallikana<\/p>\n<\/li>\n<\/ul>\n<hr data-start=\"1924\" data-end=\"1927\" \/>\n<h3 data-start=\"1929\" data-end=\"1941\">Komplekt<\/h3>\n<ul data-start=\"1942\" data-end=\"1997\">\n<li data-start=\"1942\" data-end=\"1956\">\n<p data-start=\"1944\" data-end=\"1956\">Akulaadija<\/p>\n<\/li>\n<li data-start=\"1957\" data-end=\"1983\">\n<p data-start=\"1959\" data-end=\"1983\">P\u00fcsikinnitus akukaabel<\/p>\n<\/li>\n<li data-start=\"1984\" data-end=\"1997\">\n<p data-start=\"1986\" data-end=\"1997\">Toitejuhe<\/p>\n<\/li>\n<\/ul>\n<hr data-start=\"1999\" data-end=\"2002\" \/>\n<h3 data-start=\"2004\" data-end=\"2023\">Kasutusvaldkond<\/h3>\n<ul data-start=\"2024\" data-end=\"2159\">\n<li data-start=\"2024\" data-end=\"2049\">\n<p data-start=\"2026\" data-end=\"2049\">Paadid ja vees\u00f5idukid<\/p>\n<\/li>\n<li data-start=\"2050\" data-end=\"2079\">\n<p data-start=\"2052\" data-end=\"2079\">Haagised ja haagissuvilad<\/p>\n<\/li>\n<li data-start=\"2080\" data-end=\"2094\">\n<p data-start=\"2082\" data-end=\"2094\">Matkaautod<\/p>\n<\/li>\n<li data-start=\"2095\" data-end=\"2121\">\n<p data-start=\"2097\" data-end=\"2121\">Off-road ja t\u00f6\u00f6masinad<\/p>\n<\/li>\n<li data-start=\"2122\" data-end=\"2159\">\n<p data-start=\"2124\" data-end=\"2159\">P\u00fcsivalt paigaldatud akus\u00fcsteemid<\/p>\n<\/li>\n<\/ul>\n<hr data-start=\"2161\" data-end=\"2164\" \/>\n<p data-start=\"2166\" data-end=\"2327\"><strong data-start=\"2166\" data-end=\"2190\">IP67 seeria erip\u00e4ra:<\/strong><br data-start=\"2190\" data-end=\"2193\" \/>Elektroonika on vaiguga valatud alumiiniumkorpuses \u2013 talub vett, \u00f5li, vibratsiooni ja mustust.<\/p>\n","protected":false},"excerpt":{"rendered":"<p data-start=\"71\" data-end=\"116\">T\u00e4ielikult veekindel nutikas 12V akulaadija<br \/>\nP\u00fcsipaigalduseks karmidesse tingimustesse (paat, haagis, t\u00f6\u00f6masin)<br \/>\nBluetooth j\u00e4lgimine ja seadistamine telefonist<br \/>\nLaadimispinged \u2013 14,2V\/14,4V\/14,7V<br \/>\nLaadimisvool \u2013 13A ( 4A madal laadimisvool)<\/p>\n","protected":false},"featured_media":56575,"template":"","meta":{"_kad_blocks_custom_css":"","_kad_blocks_head_custom_js":"","_kad_blocks_body_custom_js":"","_kad_blocks_footer_custom_js":"","_kad_post_transparent":"default","_kad_post_title":"","_kad_post_layout":"default","_kad_post_sidebar_id":"","_kad_post_content_style":"default","_kad_post_vertical_padding":"default","_kad_post_feature":"","_kad_post_feature_position":"","_kad_post_header":false,"_kad_post_footer":false,"_kad_post_classname":""},"product_brand":[],"product_cat":[251,1862],"product_tag":[],"class_list":{"0":"post-56577","1":"product","2":"type-product","3":"status-publish","4":"has-post-thumbnail","6":"product_cat-batteries-chargers-inverters","7":"product_cat-akulaadijad","8":"tm-no-options","10":"first","11":"onbackorder","12":"sale","13":"taxable","14":"shipping-taxable","15":"purchasable","16":"product-type-simple","17":"entry","18":"content-bg","19":"loop-entry"},"yoast_head":"<!-- This site is optimized with the Yoast SEO plugin v27.3 - https:\/\/yoast.com\/product\/yoast-seo-wordpress\/ -->\n<title>Akulaadija Victron SMART 12V 13A IP67(1)<\/title>\n<meta name=\"description\" content=\"Akulaadija Victron laadimisvooluga 13A, bluetooth \u00fchendus, v\u00f5ib j\u00e4tta kuudeks \u00fchendatuks (hooldusre\u017eiim), taastab s\u00fcgavalt t\u00fchjenenud akusid.\" \/>\n<meta name=\"robots\" content=\"index, follow, max-snippet:-1, max-image-preview:large, max-video-preview:-1\" \/>\n<link rel=\"canonical\" href=\"https:\/\/nordlinepaadid.ee\/et\/pood\/electrical-equipments\/batteries-chargers-inverters\/akulaadija-victron-smart-12v-13a-ip671\/\" \/>\n<meta property=\"og:locale\" content=\"et_EE\" \/>\n<meta property=\"og:type\" content=\"article\" \/>\n<meta property=\"og:title\" content=\"Akulaadija Victron SMART 12V 13A IP67(1)\" \/>\n<meta property=\"og:description\" content=\"Akulaadija Victron laadimisvooluga 13A, bluetooth \u00fchendus, v\u00f5ib j\u00e4tta kuudeks \u00fchendatuks (hooldusre\u017eiim), taastab s\u00fcgavalt t\u00fchjenenud akusid.\" \/>\n<meta property=\"og:url\" content=\"https:\/\/nordlinepaadid.ee\/et\/pood\/electrical-equipments\/batteries-chargers-inverters\/akulaadija-victron-smart-12v-13a-ip671\/\" \/>\n<meta property=\"og:site_name\" content=\"NORDLINE s\u00f5udepaadid ja mootorpaadid. Klaasfiiber materjalist.\" \/>\n<meta property=\"article:publisher\" content=\"https:\/\/www.facebook.com\/nordlineboats\" \/>\n<meta property=\"article:modified_time\" content=\"2026-02-17T07:48:10+00:00\" \/>\n<meta property=\"og:image\" content=\"https:\/\/nordlinepaadid.ee\/wp-content\/uploads\/2026\/02\/Akulaadija-Victron-SMART-12V-7A-IP67-1.jpg\" \/>\n\t<meta property=\"og:image:width\" content=\"1000\" \/>\n\t<meta property=\"og:image:height\" content=\"1000\" \/>\n\t<meta property=\"og:image:type\" content=\"image\/jpeg\" \/>\n<meta name=\"twitter:card\" content=\"summary_large_image\" \/>\n<meta name=\"twitter:label1\" content=\"Est. reading time\" \/>\n\t<meta name=\"twitter:data1\" content=\"2 minutit\" \/>\n<script type=\"application\/ld+json\" class=\"yoast-schema-graph\">{\"@context\":\"https:\\\/\\\/schema.org\",\"@graph\":[{\"@type\":\"WebPage\",\"@id\":\"https:\\\/\\\/nordlinepaadid.ee\\\/et\\\/pood\\\/electrical-equipments\\\/batteries-chargers-inverters\\\/akulaadija-victron-smart-12v-13a-ip671\\\/\",\"url\":\"https:\\\/\\\/nordlinepaadid.ee\\\/et\\\/pood\\\/electrical-equipments\\\/batteries-chargers-inverters\\\/akulaadija-victron-smart-12v-13a-ip671\\\/\",\"name\":\"Akulaadija Victron SMART 12V 13A IP67(1)\",\"isPartOf\":{\"@id\":\"https:\\\/\\\/nordlinepaadid.ee\\\/et\\\/#website\"},\"primaryImageOfPage\":{\"@id\":\"https:\\\/\\\/nordlinepaadid.ee\\\/et\\\/pood\\\/electrical-equipments\\\/batteries-chargers-inverters\\\/akulaadija-victron-smart-12v-13a-ip671\\\/#primaryimage\"},\"image\":{\"@id\":\"https:\\\/\\\/nordlinepaadid.ee\\\/et\\\/pood\\\/electrical-equipments\\\/batteries-chargers-inverters\\\/akulaadija-victron-smart-12v-13a-ip671\\\/#primaryimage\"},\"thumbnailUrl\":\"https:\\\/\\\/nordlinepaadid.ee\\\/wp-content\\\/uploads\\\/2026\\\/02\\\/Akulaadija-Victron-SMART-12V-7A-IP67-1.jpg\",\"datePublished\":\"2026-02-17T07:45:02+00:00\",\"dateModified\":\"2026-02-17T07:48:10+00:00\",\"description\":\"Akulaadija Victron laadimisvooluga 13A, bluetooth \u00fchendus, v\u00f5ib j\u00e4tta kuudeks \u00fchendatuks (hooldusre\u017eiim), taastab s\u00fcgavalt t\u00fchjenenud akusid.\",\"breadcrumb\":{\"@id\":\"https:\\\/\\\/nordlinepaadid.ee\\\/et\\\/pood\\\/electrical-equipments\\\/batteries-chargers-inverters\\\/akulaadija-victron-smart-12v-13a-ip671\\\/#breadcrumb\"},\"inLanguage\":\"et\",\"potentialAction\":[{\"@type\":\"ReadAction\",\"target\":[\"https:\\\/\\\/nordlinepaadid.ee\\\/et\\\/pood\\\/electrical-equipments\\\/batteries-chargers-inverters\\\/akulaadija-victron-smart-12v-13a-ip671\\\/\"]}]},{\"@type\":\"ImageObject\",\"inLanguage\":\"et\",\"@id\":\"https:\\\/\\\/nordlinepaadid.ee\\\/et\\\/pood\\\/electrical-equipments\\\/batteries-chargers-inverters\\\/akulaadija-victron-smart-12v-13a-ip671\\\/#primaryimage\",\"url\":\"https:\\\/\\\/nordlinepaadid.ee\\\/wp-content\\\/uploads\\\/2026\\\/02\\\/Akulaadija-Victron-SMART-12V-7A-IP67-1.jpg\",\"contentUrl\":\"https:\\\/\\\/nordlinepaadid.ee\\\/wp-content\\\/uploads\\\/2026\\\/02\\\/Akulaadija-Victron-SMART-12V-7A-IP67-1.jpg\",\"width\":1000,\"height\":1000,\"caption\":\"Akulaadija Victron SMART 12V 7A IP67 (1)\"},{\"@type\":\"BreadcrumbList\",\"@id\":\"https:\\\/\\\/nordlinepaadid.ee\\\/et\\\/pood\\\/electrical-equipments\\\/batteries-chargers-inverters\\\/akulaadija-victron-smart-12v-13a-ip671\\\/#breadcrumb\",\"itemListElement\":[{\"@type\":\"ListItem\",\"position\":1,\"name\":\"Home\",\"item\":\"https:\\\/\\\/nordlinepaadid.ee\\\/et\\\/\"},{\"@type\":\"ListItem\",\"position\":2,\"name\":\"Pood\",\"item\":\"https:\\\/\\\/nordlinepaadid.ee\\\/et\\\/pood\\\/\"},{\"@type\":\"ListItem\",\"position\":3,\"name\":\"Akulaadija Victron SMART 12V 13A IP67(1)\"}]},{\"@type\":\"WebSite\",\"@id\":\"https:\\\/\\\/nordlinepaadid.ee\\\/et\\\/#website\",\"url\":\"https:\\\/\\\/nordlinepaadid.ee\\\/et\\\/\",\"name\":\"NORDLINE s\u00f5udepaadid ja mootorpaadid. Klaasfiiber materjalist.\",\"description\":\"\",\"publisher\":{\"@id\":\"https:\\\/\\\/nordlinepaadid.ee\\\/et\\\/#organization\"},\"potentialAction\":[{\"@type\":\"SearchAction\",\"target\":{\"@type\":\"EntryPoint\",\"urlTemplate\":\"https:\\\/\\\/nordlinepaadid.ee\\\/et\\\/?s={search_term_string}\"},\"query-input\":{\"@type\":\"PropertyValueSpecification\",\"valueRequired\":true,\"valueName\":\"search_term_string\"}}],\"inLanguage\":\"et\"},{\"@type\":\"Organization\",\"@id\":\"https:\\\/\\\/nordlinepaadid.ee\\\/et\\\/#organization\",\"name\":\"Nordlineboats\",\"url\":\"https:\\\/\\\/nordlinepaadid.ee\\\/et\\\/\",\"logo\":{\"@type\":\"ImageObject\",\"inLanguage\":\"et\",\"@id\":\"https:\\\/\\\/nordlinepaadid.ee\\\/et\\\/#\\\/schema\\\/logo\\\/image\\\/\",\"url\":\"https:\\\/\\\/nordlinepaadid.ee\\\/wp-content\\\/uploads\\\/2023\\\/01\\\/fulllogo_transparent_nobuffer-e1672750475494.png\",\"contentUrl\":\"https:\\\/\\\/nordlinepaadid.ee\\\/wp-content\\\/uploads\\\/2023\\\/01\\\/fulllogo_transparent_nobuffer-e1672750475494.png\",\"width\":150,\"height\":119,\"caption\":\"Nordlineboats\"},\"image\":{\"@id\":\"https:\\\/\\\/nordlinepaadid.ee\\\/et\\\/#\\\/schema\\\/logo\\\/image\\\/\"},\"sameAs\":[\"https:\\\/\\\/www.facebook.com\\\/nordlineboats\",\"https:\\\/\\\/www.youtube.com\\\/channel\\\/UCbgF0fy02y3QkFnujaLTaCA\"]}]}<\/script>\n<!-- \/ Yoast SEO plugin. -->","yoast_head_json":{"title":"Akulaadija Victron SMART 12V 13A IP67(1)","description":"Akulaadija Victron laadimisvooluga 13A, bluetooth \u00fchendus, v\u00f5ib j\u00e4tta kuudeks \u00fchendatuks (hooldusre\u017eiim), taastab s\u00fcgavalt t\u00fchjenenud akusid.","robots":{"index":"index","follow":"follow","max-snippet":"max-snippet:-1","max-image-preview":"max-image-preview:large","max-video-preview":"max-video-preview:-1"},"canonical":"https:\/\/nordlinepaadid.ee\/et\/pood\/electrical-equipments\/batteries-chargers-inverters\/akulaadija-victron-smart-12v-13a-ip671\/","og_locale":"et_EE","og_type":"article","og_title":"Akulaadija Victron SMART 12V 13A IP67(1)","og_description":"Akulaadija Victron laadimisvooluga 13A, bluetooth \u00fchendus, v\u00f5ib j\u00e4tta kuudeks \u00fchendatuks (hooldusre\u017eiim), taastab s\u00fcgavalt t\u00fchjenenud akusid.","og_url":"https:\/\/nordlinepaadid.ee\/et\/pood\/electrical-equipments\/batteries-chargers-inverters\/akulaadija-victron-smart-12v-13a-ip671\/","og_site_name":"NORDLINE s\u00f5udepaadid ja mootorpaadid. Klaasfiiber materjalist.","article_publisher":"https:\/\/www.facebook.com\/nordlineboats","article_modified_time":"2026-02-17T07:48:10+00:00","og_image":[{"width":1000,"height":1000,"url":"https:\/\/nordlinepaadid.ee\/wp-content\/uploads\/2026\/02\/Akulaadija-Victron-SMART-12V-7A-IP67-1.jpg","type":"image\/jpeg"}],"twitter_card":"summary_large_image","twitter_misc":{"Est. reading time":"2 minutit"},"schema":{"@context":"https:\/\/schema.org","@graph":[{"@type":"WebPage","@id":"https:\/\/nordlinepaadid.ee\/et\/pood\/electrical-equipments\/batteries-chargers-inverters\/akulaadija-victron-smart-12v-13a-ip671\/","url":"https:\/\/nordlinepaadid.ee\/et\/pood\/electrical-equipments\/batteries-chargers-inverters\/akulaadija-victron-smart-12v-13a-ip671\/","name":"Akulaadija Victron SMART 12V 13A IP67(1)","isPartOf":{"@id":"https:\/\/nordlinepaadid.ee\/et\/#website"},"primaryImageOfPage":{"@id":"https:\/\/nordlinepaadid.ee\/et\/pood\/electrical-equipments\/batteries-chargers-inverters\/akulaadija-victron-smart-12v-13a-ip671\/#primaryimage"},"image":{"@id":"https:\/\/nordlinepaadid.ee\/et\/pood\/electrical-equipments\/batteries-chargers-inverters\/akulaadija-victron-smart-12v-13a-ip671\/#primaryimage"},"thumbnailUrl":"https:\/\/nordlinepaadid.ee\/wp-content\/uploads\/2026\/02\/Akulaadija-Victron-SMART-12V-7A-IP67-1.jpg","datePublished":"2026-02-17T07:45:02+00:00","dateModified":"2026-02-17T07:48:10+00:00","description":"Akulaadija Victron laadimisvooluga 13A, bluetooth \u00fchendus, v\u00f5ib j\u00e4tta kuudeks \u00fchendatuks (hooldusre\u017eiim), taastab s\u00fcgavalt t\u00fchjenenud akusid.","breadcrumb":{"@id":"https:\/\/nordlinepaadid.ee\/et\/pood\/electrical-equipments\/batteries-chargers-inverters\/akulaadija-victron-smart-12v-13a-ip671\/#breadcrumb"},"inLanguage":"et","potentialAction":[{"@type":"ReadAction","target":["https:\/\/nordlinepaadid.ee\/et\/pood\/electrical-equipments\/batteries-chargers-inverters\/akulaadija-victron-smart-12v-13a-ip671\/"]}]},{"@type":"ImageObject","inLanguage":"et","@id":"https:\/\/nordlinepaadid.ee\/et\/pood\/electrical-equipments\/batteries-chargers-inverters\/akulaadija-victron-smart-12v-13a-ip671\/#primaryimage","url":"https:\/\/nordlinepaadid.ee\/wp-content\/uploads\/2026\/02\/Akulaadija-Victron-SMART-12V-7A-IP67-1.jpg","contentUrl":"https:\/\/nordlinepaadid.ee\/wp-content\/uploads\/2026\/02\/Akulaadija-Victron-SMART-12V-7A-IP67-1.jpg","width":1000,"height":1000,"caption":"Akulaadija Victron SMART 12V 7A IP67 (1)"},{"@type":"BreadcrumbList","@id":"https:\/\/nordlinepaadid.ee\/et\/pood\/electrical-equipments\/batteries-chargers-inverters\/akulaadija-victron-smart-12v-13a-ip671\/#breadcrumb","itemListElement":[{"@type":"ListItem","position":1,"name":"Home","item":"https:\/\/nordlinepaadid.ee\/et\/"},{"@type":"ListItem","position":2,"name":"Pood","item":"https:\/\/nordlinepaadid.ee\/et\/pood\/"},{"@type":"ListItem","position":3,"name":"Akulaadija Victron SMART 12V 13A IP67(1)"}]},{"@type":"WebSite","@id":"https:\/\/nordlinepaadid.ee\/et\/#website","url":"https:\/\/nordlinepaadid.ee\/et\/","name":"NORDLINE s\u00f5udepaadid ja mootorpaadid. Klaasfiiber materjalist.","description":"","publisher":{"@id":"https:\/\/nordlinepaadid.ee\/et\/#organization"},"potentialAction":[{"@type":"SearchAction","target":{"@type":"EntryPoint","urlTemplate":"https:\/\/nordlinepaadid.ee\/et\/?s={search_term_string}"},"query-input":{"@type":"PropertyValueSpecification","valueRequired":true,"valueName":"search_term_string"}}],"inLanguage":"et"},{"@type":"Organization","@id":"https:\/\/nordlinepaadid.ee\/et\/#organization","name":"Nordlineboats","url":"https:\/\/nordlinepaadid.ee\/et\/","logo":{"@type":"ImageObject","inLanguage":"et","@id":"https:\/\/nordlinepaadid.ee\/et\/#\/schema\/logo\/image\/","url":"https:\/\/nordlinepaadid.ee\/wp-content\/uploads\/2023\/01\/fulllogo_transparent_nobuffer-e1672750475494.png","contentUrl":"https:\/\/nordlinepaadid.ee\/wp-content\/uploads\/2023\/01\/fulllogo_transparent_nobuffer-e1672750475494.png","width":150,"height":119,"caption":"Nordlineboats"},"image":{"@id":"https:\/\/nordlinepaadid.ee\/et\/#\/schema\/logo\/image\/"},"sameAs":["https:\/\/www.facebook.com\/nordlineboats","https:\/\/www.youtube.com\/channel\/UCbgF0fy02y3QkFnujaLTaCA"]}]}},"taxonomy_info":{"product_cat":[{"value":251,"label":"Akud, Akulaadijad, Inverterid"},{"value":1862,"label":"Akulaadijad"}]},"featured_image_src_large":["https:\/\/nordlinepaadid.ee\/wp-content\/uploads\/2026\/02\/Akulaadija-Victron-SMART-12V-7A-IP67-1.jpg",1000,1000,false],"author_info":[],"comment_info":"","_links":{"self":[{"href":"https:\/\/nordlinepaadid.ee\/et\/wp-json\/wp\/v2\/product\/56577","targetHints":{"allow":["GET"]}}],"collection":[{"href":"https:\/\/nordlinepaadid.ee\/et\/wp-json\/wp\/v2\/product"}],"about":[{"href":"https:\/\/nordlinepaadid.ee\/et\/wp-json\/wp\/v2\/types\/product"}],"wp:featuredmedia":[{"embeddable":true,"href":"https:\/\/nordlinepaadid.ee\/et\/wp-json\/wp\/v2\/media\/56575"}],"wp:attachment":[{"href":"https:\/\/nordlinepaadid.ee\/et\/wp-json\/wp\/v2\/media?parent=56577"}],"wp:term":[{"taxonomy":"product_brand","embeddable":true,"href":"https:\/\/nordlinepaadid.ee\/et\/wp-json\/wp\/v2\/product_brand?post=56577"},{"taxonomy":"product_cat","embeddable":true,"href":"https:\/\/nordlinepaadid.ee\/et\/wp-json\/wp\/v2\/product_cat?post=56577"},{"taxonomy":"product_tag","embeddable":true,"href":"https:\/\/nordlinepaadid.ee\/et\/wp-json\/wp\/v2\/product_tag?post=56577"}],"curies":[{"name":"wp","href":"https:\/\/api.w.org\/{rel}","templated":true}]}}