{"id":56578,"date":"2026-02-17T09:48:29","date_gmt":"2026-02-17T07:48:29","guid":{"rendered":"https:\/\/nordlinepaadid.ee\/?post_type=product&#038;p=56578"},"modified":"2026-02-17T09:54:03","modified_gmt":"2026-02-17T07:54:03","slug":"akulaadija-victron-12v-25a-ip67-veekindel","status":"publish","type":"product","link":"https:\/\/nordlinepaadid.ee\/et\/pood\/electrical-equipments\/batteries-chargers-inverters\/akulaadija-victron-12v-25a-ip67-veekindel\/","title":{"rendered":"Akulaadija Victron 12V 25A IP67 Veekindel"},"content":{"rendered":"<h1 class=\"product_title entry-title\">Akulaadija Victron 12V 25A IP67 Veekindel<\/h1>\n<p><span style=\"font-family: inherit; font-size: 24px; font-weight: bold;\">Peamised eelised\u00a0<\/span><\/p>\n<ul data-start=\"299\" data-end=\"586\">\n<li data-start=\"299\" data-end=\"352\">\n<p data-start=\"301\" data-end=\"352\">T\u00e4ielikult veekindel \u2013 v\u00f5ib paigaldada mootoriruumi<\/p>\n<\/li>\n<li data-start=\"353\" data-end=\"385\">\n<p data-start=\"355\" data-end=\"385\">Laeb ka t\u00e4iesti t\u00fchja aku (0V)<\/p>\n<\/li>\n<li data-start=\"386\" data-end=\"417\">\n<p data-start=\"388\" data-end=\"417\">Sobib liitium- ja pliiakudele<\/p>\n<\/li>\n<li data-start=\"418\" data-end=\"463\">\n<p data-start=\"420\" data-end=\"463\">V\u00f5ib j\u00e4\u00e4da p\u00fcsivalt \u00fchendatuks (hoiure\u017eiim)<\/p>\n<\/li>\n<li data-start=\"464\" data-end=\"504\">\n<p data-start=\"466\" data-end=\"504\">Ei karda vibratsiooni, \u00f5li ega mustust<\/p>\n<\/li>\n<li data-start=\"505\" data-end=\"541\">\n<p data-start=\"507\" data-end=\"541\">Saab kasutada ka 12V toiteallikana<\/p>\n<\/li>\n<li data-start=\"542\" data-end=\"586\">\n<p data-start=\"544\" data-end=\"586\">Pikendab aku eluiga adaptiivse laadimisega<\/p>\n<\/li>\n<\/ul>\n<p data-start=\"588\" data-end=\"712\">(IP67 korpus on vaiguga valatud alumiinium \u2013 vesi, \u00f5li ja mustus ei kahjusta laadijat)<\/p>\n<hr data-start=\"714\" data-end=\"717\" \/>\n<h3 data-start=\"719\" data-end=\"740\">Tehnilised andmed<\/h3>\n<ul data-start=\"741\" data-end=\"1291\">\n<li data-start=\"741\" data-end=\"767\">\n<p data-start=\"743\" data-end=\"767\">Tootja: Victron Energy<\/p>\n<\/li>\n<li data-start=\"768\" data-end=\"800\">\n<p data-start=\"770\" data-end=\"800\">Mudel: Blue Smart IP67 12\/25<\/p>\n<\/li>\n<li data-start=\"801\" data-end=\"823\">\n<p data-start=\"803\" data-end=\"823\">V\u00e4ljundpinge: 12 V<\/p>\n<\/li>\n<li data-start=\"824\" data-end=\"894\">\n<p data-start=\"826\" data-end=\"894\">Maksimaalne laadimisvool: 25 A<\/p>\n<\/li>\n<li data-start=\"895\" data-end=\"961\">\n<p data-start=\"897\" data-end=\"961\">Madal laadimisre\u017eiim: ~10 A<\/p>\n<\/li>\n<li data-start=\"895\" data-end=\"961\">Laadimise algoritm \u2013 5 astmeline t\u00e4isautomaatne laadimine<\/li>\n<li data-start=\"962\" data-end=\"1036\">\n<p data-start=\"964\" data-end=\"1036\">Sisendpinge: 180\u2013265 VAC, 45\u201365 Hz<\/p>\n<\/li>\n<li data-start=\"1037\" data-end=\"1106\">\n<p data-start=\"1039\" data-end=\"1106\">Kaitseklass: IP67 (veekindel)<\/p>\n<\/li>\n<li data-start=\"1107\" data-end=\"1172\">\n<p data-start=\"1109\" data-end=\"1172\">M\u00f5\u00f5dud: ~99 \u00d7 219 \u00d7 65 mm<\/p>\n<\/li>\n<li data-start=\"1173\" data-end=\"1226\">\n<p data-start=\"1175\" data-end=\"1226\">Kaal: ~2,4 kg<\/p>\n<\/li>\n<li data-start=\"1227\" data-end=\"1291\">\n<p data-start=\"1229\" data-end=\"1291\">Bluetooth: sisseehitatud<\/p>\n<\/li>\n<\/ul>\n<hr data-start=\"1293\" data-end=\"1296\" \/>\n<h3 data-start=\"1298\" data-end=\"1318\">Laadimisalgoritm<\/h3>\n<p data-start=\"1319\" data-end=\"1355\">Adaptiivne mitmeastmeline laadimine:<\/p>\n<ul data-start=\"1356\" data-end=\"1409\">\n<li data-start=\"1356\" data-end=\"1362\">\n<p data-start=\"1358\" data-end=\"1362\">Bulk<\/p>\n<\/li>\n<li data-start=\"1363\" data-end=\"1375\">\n<p data-start=\"1365\" data-end=\"1375\">Absorption<\/p>\n<\/li>\n<li data-start=\"1376\" data-end=\"1383\">\n<p data-start=\"1378\" data-end=\"1383\">Float<\/p>\n<\/li>\n<li data-start=\"1384\" data-end=\"1393\">\n<p data-start=\"1386\" data-end=\"1393\">Storage<\/p>\n<\/li>\n<li data-start=\"1394\" data-end=\"1409\">\n<p data-start=\"1396\" data-end=\"1409\">Taastusre\u017eiim<\/p>\n<\/li>\n<\/ul>\n<p data-start=\"1411\" data-end=\"1513\">Optimeerib laadimist vastavalt aku kasutusele ja pikendab eluiga<\/p>\n<hr data-start=\"1515\" data-end=\"1518\" \/>\n<h3 data-start=\"1520\" data-end=\"1537\">Aku \u00fchilduvus<\/h3>\n<ul data-start=\"1538\" data-end=\"1614\">\n<li data-start=\"1538\" data-end=\"1554\">\n<p data-start=\"1540\" data-end=\"1554\">Pliihape (WET)<\/p>\n<\/li>\n<li data-start=\"1555\" data-end=\"1560\">\n<p data-start=\"1557\" data-end=\"1560\">AGM<\/p>\n<\/li>\n<li data-start=\"1561\" data-end=\"1566\">\n<p data-start=\"1563\" data-end=\"1566\">GEL<\/p>\n<\/li>\n<li data-start=\"1567\" data-end=\"1614\">\n<p data-start=\"1569\" data-end=\"1614\">LiFePO4<\/p>\n<\/li>\n<\/ul>\n<hr data-start=\"1616\" data-end=\"1619\" \/>\n<h3 data-start=\"1621\" data-end=\"1637\">Funktsioonid<\/h3>\n<ul data-start=\"1638\" data-end=\"1976\">\n<li data-start=\"1638\" data-end=\"1724\">\n<p data-start=\"1640\" data-end=\"1724\">VictronConnect rakendus \u2013 pinge, vool, logid<\/p>\n<\/li>\n<li data-start=\"1725\" data-end=\"1796\">\n<p data-start=\"1727\" data-end=\"1796\">S\u00fcgavalt t\u00fchja aku taastamine<\/p>\n<\/li>\n<li data-start=\"1797\" data-end=\"1830\">\n<p data-start=\"1799\" data-end=\"1830\">Temperatuurist s\u00f5ltuv laadimine<\/p>\n<\/li>\n<li data-start=\"1831\" data-end=\"1916\">\n<p data-start=\"1833\" data-end=\"1916\">L\u00fchise, \u00fclekuumenemise ja polaarsuse kaitse<\/p>\n<\/li>\n<li data-start=\"1917\" data-end=\"1976\">\n<p data-start=\"1919\" data-end=\"1976\">Toiteploki re\u017eiim<\/p>\n<\/li>\n<\/ul>\n<hr data-start=\"1978\" data-end=\"1981\" \/>\n<h3 data-start=\"1983\" data-end=\"1995\">Komplekt<\/h3>\n<ul data-start=\"1996\" data-end=\"2045\">\n<li data-start=\"1996\" data-end=\"2008\">\n<p data-start=\"1998\" data-end=\"2008\">Akulaadija<\/p>\n<\/li>\n<li data-start=\"2009\" data-end=\"2033\">\n<p data-start=\"2011\" data-end=\"2033\">P\u00fcsikinnitus akukaabel<\/p>\n<\/li>\n<li data-start=\"2034\" data-end=\"2045\">\n<p data-start=\"2036\" data-end=\"2045\">Toitejuhe<\/p>\n<\/li>\n<\/ul>\n<hr data-start=\"2047\" data-end=\"2050\" \/>\n<h3 data-start=\"2052\" data-end=\"2071\">Kasutusvaldkond<\/h3>\n<ul data-start=\"2072\" data-end=\"2188\">\n<li data-start=\"2072\" data-end=\"2091\">\n<p data-start=\"2074\" data-end=\"2091\">Paadid ja kaatrid<\/p>\n<\/li>\n<li data-start=\"2092\" data-end=\"2119\">\n<p data-start=\"2094\" data-end=\"2119\">Haagised ja haagissuvilad<\/p>\n<\/li>\n<li data-start=\"2120\" data-end=\"2132\">\n<p data-start=\"2122\" data-end=\"2132\">Matkaautod<\/p>\n<\/li>\n<li data-start=\"2133\" data-end=\"2157\">\n<p data-start=\"2135\" data-end=\"2157\">Off-road ja t\u00f6\u00f6masinad<\/p>\n<\/li>\n<li data-start=\"2158\" data-end=\"2188\">\n<p data-start=\"2160\" data-end=\"2188\">P\u00fcsipaigaldatud akus\u00fcsteemid<\/p>\n<\/li>\n<\/ul>\n<hr data-start=\"2190\" data-end=\"2193\" \/>\n<p data-start=\"2195\" data-end=\"2363\"><strong data-start=\"2195\" data-end=\"2230\">Oluline erinevus IP65 seeriast:<\/strong><br data-start=\"2230\" data-end=\"2233\" \/>IP67 laadija on m\u00f5eldud p\u00fcsipaigalduseks ja v\u00f5ib t\u00f6\u00f6tada m\u00e4rjas, porises v\u00f5i vibratsiooniga keskkonnas (nt tr\u00fcmm v\u00f5i mootoriruum).<\/p>\n","protected":false},"excerpt":{"rendered":"<p data-start=\"71\" data-end=\"133\">T\u00e4ielikult veekindel nutikas 12V akulaadija p\u00fcsipaigalduseks<br \/>\nM\u00f5eldud paatidele, haagistele, t\u00f6\u00f6masinatele ja v\u00e4litingimustesse<br \/>\nBluetooth j\u00e4lgimine ja seadistamine telefonist<br \/>\nLaadimispinged \u2013 14,2V\/14,4V\/14,7V<br \/>\nLaadimisvool \u2013 25A ( 10A madal laadimisvool)<\/p>\n","protected":false},"featured_media":56575,"template":"","meta":{"_kad_blocks_custom_css":"","_kad_blocks_head_custom_js":"","_kad_blocks_body_custom_js":"","_kad_blocks_footer_custom_js":"","_kad_post_transparent":"default","_kad_post_title":"","_kad_post_layout":"default","_kad_post_sidebar_id":"","_kad_post_content_style":"default","_kad_post_vertical_padding":"default","_kad_post_feature":"","_kad_post_feature_position":"","_kad_post_header":false,"_kad_post_footer":false,"_kad_post_classname":""},"product_brand":[],"product_cat":[251,1862],"product_tag":[],"class_list":{"0":"post-56578","1":"product","2":"type-product","3":"status-publish","4":"has-post-thumbnail","6":"product_cat-batteries-chargers-inverters","7":"product_cat-akulaadijad","8":"tm-no-options","10":"first","11":"onbackorder","12":"sale","13":"taxable","14":"shipping-taxable","15":"purchasable","16":"product-type-simple","17":"entry","18":"content-bg","19":"loop-entry"},"yoast_head":"<!-- This site is optimized with the Yoast SEO plugin v27.3 - https:\/\/yoast.com\/product\/yoast-seo-wordpress\/ -->\n<title>Akulaadija Victron 12V 25A IP67 Veekindel<\/title>\n<meta name=\"description\" content=\"Akulaadija Victron laadimisvooluga 25A, bluetooth \u00fchendus, v\u00f5ib j\u00e4tta kuudeks \u00fchendatuks (hooldusre\u017eiim), taastab s\u00fcgavalt t\u00fchjenenud akusid.\" \/>\n<meta name=\"robots\" content=\"index, follow, max-snippet:-1, max-image-preview:large, max-video-preview:-1\" \/>\n<link rel=\"canonical\" href=\"https:\/\/nordlinepaadid.ee\/et\/pood\/electrical-equipments\/batteries-chargers-inverters\/akulaadija-victron-12v-25a-ip67-veekindel\/\" \/>\n<meta property=\"og:locale\" content=\"et_EE\" \/>\n<meta property=\"og:type\" content=\"article\" \/>\n<meta property=\"og:title\" content=\"Akulaadija Victron 12V 25A IP67 Veekindel\" \/>\n<meta property=\"og:description\" content=\"Akulaadija Victron laadimisvooluga 25A, bluetooth \u00fchendus, v\u00f5ib j\u00e4tta kuudeks \u00fchendatuks (hooldusre\u017eiim), taastab s\u00fcgavalt t\u00fchjenenud akusid.\" \/>\n<meta property=\"og:url\" content=\"https:\/\/nordlinepaadid.ee\/et\/pood\/electrical-equipments\/batteries-chargers-inverters\/akulaadija-victron-12v-25a-ip67-veekindel\/\" \/>\n<meta property=\"og:site_name\" content=\"NORDLINE s\u00f5udepaadid ja mootorpaadid. Klaasfiiber materjalist.\" \/>\n<meta property=\"article:publisher\" content=\"https:\/\/www.facebook.com\/nordlineboats\" \/>\n<meta property=\"article:modified_time\" content=\"2026-02-17T07:54:03+00:00\" \/>\n<meta property=\"og:image\" content=\"https:\/\/nordlinepaadid.ee\/wp-content\/uploads\/2026\/02\/Akulaadija-Victron-SMART-12V-7A-IP67-1.jpg\" \/>\n\t<meta property=\"og:image:width\" content=\"1000\" \/>\n\t<meta property=\"og:image:height\" content=\"1000\" \/>\n\t<meta property=\"og:image:type\" content=\"image\/jpeg\" \/>\n<meta name=\"twitter:card\" content=\"summary_large_image\" \/>\n<meta name=\"twitter:label1\" content=\"Est. reading time\" \/>\n\t<meta name=\"twitter:data1\" content=\"2 minutit\" \/>\n<script type=\"application\/ld+json\" class=\"yoast-schema-graph\">{\"@context\":\"https:\\\/\\\/schema.org\",\"@graph\":[{\"@type\":\"WebPage\",\"@id\":\"https:\\\/\\\/nordlinepaadid.ee\\\/et\\\/pood\\\/electrical-equipments\\\/batteries-chargers-inverters\\\/akulaadija-victron-12v-25a-ip67-veekindel\\\/\",\"url\":\"https:\\\/\\\/nordlinepaadid.ee\\\/et\\\/pood\\\/electrical-equipments\\\/batteries-chargers-inverters\\\/akulaadija-victron-12v-25a-ip67-veekindel\\\/\",\"name\":\"Akulaadija Victron 12V 25A IP67 Veekindel\",\"isPartOf\":{\"@id\":\"https:\\\/\\\/nordlinepaadid.ee\\\/et\\\/#website\"},\"primaryImageOfPage\":{\"@id\":\"https:\\\/\\\/nordlinepaadid.ee\\\/et\\\/pood\\\/electrical-equipments\\\/batteries-chargers-inverters\\\/akulaadija-victron-12v-25a-ip67-veekindel\\\/#primaryimage\"},\"image\":{\"@id\":\"https:\\\/\\\/nordlinepaadid.ee\\\/et\\\/pood\\\/electrical-equipments\\\/batteries-chargers-inverters\\\/akulaadija-victron-12v-25a-ip67-veekindel\\\/#primaryimage\"},\"thumbnailUrl\":\"https:\\\/\\\/nordlinepaadid.ee\\\/wp-content\\\/uploads\\\/2026\\\/02\\\/Akulaadija-Victron-SMART-12V-7A-IP67-1.jpg\",\"datePublished\":\"2026-02-17T07:48:29+00:00\",\"dateModified\":\"2026-02-17T07:54:03+00:00\",\"description\":\"Akulaadija Victron laadimisvooluga 25A, bluetooth \u00fchendus, v\u00f5ib j\u00e4tta kuudeks \u00fchendatuks (hooldusre\u017eiim), taastab s\u00fcgavalt t\u00fchjenenud akusid.\",\"breadcrumb\":{\"@id\":\"https:\\\/\\\/nordlinepaadid.ee\\\/et\\\/pood\\\/electrical-equipments\\\/batteries-chargers-inverters\\\/akulaadija-victron-12v-25a-ip67-veekindel\\\/#breadcrumb\"},\"inLanguage\":\"et\",\"potentialAction\":[{\"@type\":\"ReadAction\",\"target\":[\"https:\\\/\\\/nordlinepaadid.ee\\\/et\\\/pood\\\/electrical-equipments\\\/batteries-chargers-inverters\\\/akulaadija-victron-12v-25a-ip67-veekindel\\\/\"]}]},{\"@type\":\"ImageObject\",\"inLanguage\":\"et\",\"@id\":\"https:\\\/\\\/nordlinepaadid.ee\\\/et\\\/pood\\\/electrical-equipments\\\/batteries-chargers-inverters\\\/akulaadija-victron-12v-25a-ip67-veekindel\\\/#primaryimage\",\"url\":\"https:\\\/\\\/nordlinepaadid.ee\\\/wp-content\\\/uploads\\\/2026\\\/02\\\/Akulaadija-Victron-SMART-12V-7A-IP67-1.jpg\",\"contentUrl\":\"https:\\\/\\\/nordlinepaadid.ee\\\/wp-content\\\/uploads\\\/2026\\\/02\\\/Akulaadija-Victron-SMART-12V-7A-IP67-1.jpg\",\"width\":1000,\"height\":1000,\"caption\":\"Akulaadija Victron SMART 12V 7A IP67 (1)\"},{\"@type\":\"BreadcrumbList\",\"@id\":\"https:\\\/\\\/nordlinepaadid.ee\\\/et\\\/pood\\\/electrical-equipments\\\/batteries-chargers-inverters\\\/akulaadija-victron-12v-25a-ip67-veekindel\\\/#breadcrumb\",\"itemListElement\":[{\"@type\":\"ListItem\",\"position\":1,\"name\":\"Home\",\"item\":\"https:\\\/\\\/nordlinepaadid.ee\\\/et\\\/\"},{\"@type\":\"ListItem\",\"position\":2,\"name\":\"Pood\",\"item\":\"https:\\\/\\\/nordlinepaadid.ee\\\/et\\\/pood\\\/\"},{\"@type\":\"ListItem\",\"position\":3,\"name\":\"Akulaadija Victron 12V 25A IP67 Veekindel\"}]},{\"@type\":\"WebSite\",\"@id\":\"https:\\\/\\\/nordlinepaadid.ee\\\/et\\\/#website\",\"url\":\"https:\\\/\\\/nordlinepaadid.ee\\\/et\\\/\",\"name\":\"NORDLINE s\u00f5udepaadid ja mootorpaadid. Klaasfiiber materjalist.\",\"description\":\"\",\"publisher\":{\"@id\":\"https:\\\/\\\/nordlinepaadid.ee\\\/et\\\/#organization\"},\"potentialAction\":[{\"@type\":\"SearchAction\",\"target\":{\"@type\":\"EntryPoint\",\"urlTemplate\":\"https:\\\/\\\/nordlinepaadid.ee\\\/et\\\/?s={search_term_string}\"},\"query-input\":{\"@type\":\"PropertyValueSpecification\",\"valueRequired\":true,\"valueName\":\"search_term_string\"}}],\"inLanguage\":\"et\"},{\"@type\":\"Organization\",\"@id\":\"https:\\\/\\\/nordlinepaadid.ee\\\/et\\\/#organization\",\"name\":\"Nordlineboats\",\"url\":\"https:\\\/\\\/nordlinepaadid.ee\\\/et\\\/\",\"logo\":{\"@type\":\"ImageObject\",\"inLanguage\":\"et\",\"@id\":\"https:\\\/\\\/nordlinepaadid.ee\\\/et\\\/#\\\/schema\\\/logo\\\/image\\\/\",\"url\":\"https:\\\/\\\/nordlinepaadid.ee\\\/wp-content\\\/uploads\\\/2023\\\/01\\\/fulllogo_transparent_nobuffer-e1672750475494.png\",\"contentUrl\":\"https:\\\/\\\/nordlinepaadid.ee\\\/wp-content\\\/uploads\\\/2023\\\/01\\\/fulllogo_transparent_nobuffer-e1672750475494.png\",\"width\":150,\"height\":119,\"caption\":\"Nordlineboats\"},\"image\":{\"@id\":\"https:\\\/\\\/nordlinepaadid.ee\\\/et\\\/#\\\/schema\\\/logo\\\/image\\\/\"},\"sameAs\":[\"https:\\\/\\\/www.facebook.com\\\/nordlineboats\",\"https:\\\/\\\/www.youtube.com\\\/channel\\\/UCbgF0fy02y3QkFnujaLTaCA\"]}]}<\/script>\n<!-- \/ Yoast SEO plugin. -->","yoast_head_json":{"title":"Akulaadija Victron 12V 25A IP67 Veekindel","description":"Akulaadija Victron laadimisvooluga 25A, bluetooth \u00fchendus, v\u00f5ib j\u00e4tta kuudeks \u00fchendatuks (hooldusre\u017eiim), taastab s\u00fcgavalt t\u00fchjenenud akusid.","robots":{"index":"index","follow":"follow","max-snippet":"max-snippet:-1","max-image-preview":"max-image-preview:large","max-video-preview":"max-video-preview:-1"},"canonical":"https:\/\/nordlinepaadid.ee\/et\/pood\/electrical-equipments\/batteries-chargers-inverters\/akulaadija-victron-12v-25a-ip67-veekindel\/","og_locale":"et_EE","og_type":"article","og_title":"Akulaadija Victron 12V 25A IP67 Veekindel","og_description":"Akulaadija Victron laadimisvooluga 25A, bluetooth \u00fchendus, v\u00f5ib j\u00e4tta kuudeks \u00fchendatuks (hooldusre\u017eiim), taastab s\u00fcgavalt t\u00fchjenenud akusid.","og_url":"https:\/\/nordlinepaadid.ee\/et\/pood\/electrical-equipments\/batteries-chargers-inverters\/akulaadija-victron-12v-25a-ip67-veekindel\/","og_site_name":"NORDLINE s\u00f5udepaadid ja mootorpaadid. Klaasfiiber materjalist.","article_publisher":"https:\/\/www.facebook.com\/nordlineboats","article_modified_time":"2026-02-17T07:54:03+00:00","og_image":[{"width":1000,"height":1000,"url":"https:\/\/nordlinepaadid.ee\/wp-content\/uploads\/2026\/02\/Akulaadija-Victron-SMART-12V-7A-IP67-1.jpg","type":"image\/jpeg"}],"twitter_card":"summary_large_image","twitter_misc":{"Est. reading time":"2 minutit"},"schema":{"@context":"https:\/\/schema.org","@graph":[{"@type":"WebPage","@id":"https:\/\/nordlinepaadid.ee\/et\/pood\/electrical-equipments\/batteries-chargers-inverters\/akulaadija-victron-12v-25a-ip67-veekindel\/","url":"https:\/\/nordlinepaadid.ee\/et\/pood\/electrical-equipments\/batteries-chargers-inverters\/akulaadija-victron-12v-25a-ip67-veekindel\/","name":"Akulaadija Victron 12V 25A IP67 Veekindel","isPartOf":{"@id":"https:\/\/nordlinepaadid.ee\/et\/#website"},"primaryImageOfPage":{"@id":"https:\/\/nordlinepaadid.ee\/et\/pood\/electrical-equipments\/batteries-chargers-inverters\/akulaadija-victron-12v-25a-ip67-veekindel\/#primaryimage"},"image":{"@id":"https:\/\/nordlinepaadid.ee\/et\/pood\/electrical-equipments\/batteries-chargers-inverters\/akulaadija-victron-12v-25a-ip67-veekindel\/#primaryimage"},"thumbnailUrl":"https:\/\/nordlinepaadid.ee\/wp-content\/uploads\/2026\/02\/Akulaadija-Victron-SMART-12V-7A-IP67-1.jpg","datePublished":"2026-02-17T07:48:29+00:00","dateModified":"2026-02-17T07:54:03+00:00","description":"Akulaadija Victron laadimisvooluga 25A, bluetooth \u00fchendus, v\u00f5ib j\u00e4tta kuudeks \u00fchendatuks (hooldusre\u017eiim), taastab s\u00fcgavalt t\u00fchjenenud akusid.","breadcrumb":{"@id":"https:\/\/nordlinepaadid.ee\/et\/pood\/electrical-equipments\/batteries-chargers-inverters\/akulaadija-victron-12v-25a-ip67-veekindel\/#breadcrumb"},"inLanguage":"et","potentialAction":[{"@type":"ReadAction","target":["https:\/\/nordlinepaadid.ee\/et\/pood\/electrical-equipments\/batteries-chargers-inverters\/akulaadija-victron-12v-25a-ip67-veekindel\/"]}]},{"@type":"ImageObject","inLanguage":"et","@id":"https:\/\/nordlinepaadid.ee\/et\/pood\/electrical-equipments\/batteries-chargers-inverters\/akulaadija-victron-12v-25a-ip67-veekindel\/#primaryimage","url":"https:\/\/nordlinepaadid.ee\/wp-content\/uploads\/2026\/02\/Akulaadija-Victron-SMART-12V-7A-IP67-1.jpg","contentUrl":"https:\/\/nordlinepaadid.ee\/wp-content\/uploads\/2026\/02\/Akulaadija-Victron-SMART-12V-7A-IP67-1.jpg","width":1000,"height":1000,"caption":"Akulaadija Victron SMART 12V 7A IP67 (1)"},{"@type":"BreadcrumbList","@id":"https:\/\/nordlinepaadid.ee\/et\/pood\/electrical-equipments\/batteries-chargers-inverters\/akulaadija-victron-12v-25a-ip67-veekindel\/#breadcrumb","itemListElement":[{"@type":"ListItem","position":1,"name":"Home","item":"https:\/\/nordlinepaadid.ee\/et\/"},{"@type":"ListItem","position":2,"name":"Pood","item":"https:\/\/nordlinepaadid.ee\/et\/pood\/"},{"@type":"ListItem","position":3,"name":"Akulaadija Victron 12V 25A IP67 Veekindel"}]},{"@type":"WebSite","@id":"https:\/\/nordlinepaadid.ee\/et\/#website","url":"https:\/\/nordlinepaadid.ee\/et\/","name":"NORDLINE s\u00f5udepaadid ja mootorpaadid. Klaasfiiber materjalist.","description":"","publisher":{"@id":"https:\/\/nordlinepaadid.ee\/et\/#organization"},"potentialAction":[{"@type":"SearchAction","target":{"@type":"EntryPoint","urlTemplate":"https:\/\/nordlinepaadid.ee\/et\/?s={search_term_string}"},"query-input":{"@type":"PropertyValueSpecification","valueRequired":true,"valueName":"search_term_string"}}],"inLanguage":"et"},{"@type":"Organization","@id":"https:\/\/nordlinepaadid.ee\/et\/#organization","name":"Nordlineboats","url":"https:\/\/nordlinepaadid.ee\/et\/","logo":{"@type":"ImageObject","inLanguage":"et","@id":"https:\/\/nordlinepaadid.ee\/et\/#\/schema\/logo\/image\/","url":"https:\/\/nordlinepaadid.ee\/wp-content\/uploads\/2023\/01\/fulllogo_transparent_nobuffer-e1672750475494.png","contentUrl":"https:\/\/nordlinepaadid.ee\/wp-content\/uploads\/2023\/01\/fulllogo_transparent_nobuffer-e1672750475494.png","width":150,"height":119,"caption":"Nordlineboats"},"image":{"@id":"https:\/\/nordlinepaadid.ee\/et\/#\/schema\/logo\/image\/"},"sameAs":["https:\/\/www.facebook.com\/nordlineboats","https:\/\/www.youtube.com\/channel\/UCbgF0fy02y3QkFnujaLTaCA"]}]}},"taxonomy_info":{"product_cat":[{"value":251,"label":"Akud, Akulaadijad, Inverterid"},{"value":1862,"label":"Akulaadijad"}]},"featured_image_src_large":["https:\/\/nordlinepaadid.ee\/wp-content\/uploads\/2026\/02\/Akulaadija-Victron-SMART-12V-7A-IP67-1.jpg",1000,1000,false],"author_info":[],"comment_info":"","_links":{"self":[{"href":"https:\/\/nordlinepaadid.ee\/et\/wp-json\/wp\/v2\/product\/56578","targetHints":{"allow":["GET"]}}],"collection":[{"href":"https:\/\/nordlinepaadid.ee\/et\/wp-json\/wp\/v2\/product"}],"about":[{"href":"https:\/\/nordlinepaadid.ee\/et\/wp-json\/wp\/v2\/types\/product"}],"wp:featuredmedia":[{"embeddable":true,"href":"https:\/\/nordlinepaadid.ee\/et\/wp-json\/wp\/v2\/media\/56575"}],"wp:attachment":[{"href":"https:\/\/nordlinepaadid.ee\/et\/wp-json\/wp\/v2\/media?parent=56578"}],"wp:term":[{"taxonomy":"product_brand","embeddable":true,"href":"https:\/\/nordlinepaadid.ee\/et\/wp-json\/wp\/v2\/product_brand?post=56578"},{"taxonomy":"product_cat","embeddable":true,"href":"https:\/\/nordlinepaadid.ee\/et\/wp-json\/wp\/v2\/product_cat?post=56578"},{"taxonomy":"product_tag","embeddable":true,"href":"https:\/\/nordlinepaadid.ee\/et\/wp-json\/wp\/v2\/product_tag?post=56578"}],"curies":[{"name":"wp","href":"https:\/\/api.w.org\/{rel}","templated":true}]}}