{"id":56584,"date":"2026-02-17T10:06:56","date_gmt":"2026-02-17T08:06:56","guid":{"rendered":"https:\/\/nordlinepaadid.ee\/?post_type=product&#038;p=56584"},"modified":"2026-02-17T10:15:10","modified_gmt":"2026-02-17T08:15:10","slug":"akulaadija-victron-centaur-12-30-3","status":"publish","type":"product","link":"https:\/\/nordlinepaadid.ee\/et\/pood\/electrical-equipments\/batteries-chargers-inverters\/akulaadija-victron-centaur-12-30-3\/","title":{"rendered":"Akulaadija Victron Centaur 12\/30 (3)"},"content":{"rendered":"<h2 data-start=\"0\" data-end=\"39\">Victron Centaur 12\/30 (3) akulaadija<\/h2>\n<h3 data-start=\"230\" data-end=\"264\">Peamised eelised<\/h3>\n<ul data-start=\"265\" data-end=\"522\">\n<li data-start=\"265\" data-end=\"301\">\n<p data-start=\"267\" data-end=\"301\">Laeb starter- ja tarbeakud korraga<\/p>\n<\/li>\n<li data-start=\"302\" data-end=\"340\">\n<p data-start=\"304\" data-end=\"340\">Iga v\u00e4ljund annab t\u00e4isv\u00f5imsuse (30A)<\/p>\n<\/li>\n<li data-start=\"341\" data-end=\"389\">\n<p data-start=\"343\" data-end=\"389\">V\u00e4ga vastupidav niiskes ja soolases keskkonnas<\/p>\n<\/li>\n<li data-start=\"390\" data-end=\"459\">\n<p data-start=\"392\" data-end=\"459\">Lihtne ja t\u00f6\u00f6kindel \u2013 ilma elektrooniliste \u00e4ppide ja seadistamiseta<\/p>\n<\/li>\n<li data-start=\"460\" data-end=\"499\">\n<p data-start=\"462\" data-end=\"499\">Automaatne temperatuurikompensatsioon<\/p>\n<\/li>\n<li data-start=\"500\" data-end=\"522\">\n<p data-start=\"502\" data-end=\"522\">Sobib pidevaks t\u00f6\u00f6ks<\/p>\n<\/li>\n<\/ul>\n<hr data-start=\"524\" data-end=\"527\" \/>\n<h3 data-start=\"529\" data-end=\"550\">Tehnilised andmed<\/h3>\n<ul data-start=\"551\" data-end=\"851\">\n<li data-start=\"551\" data-end=\"575\">\n<p data-start=\"553\" data-end=\"575\">Tootja: Victron Energy<\/p>\n<\/li>\n<li data-start=\"576\" data-end=\"602\">\n<p data-start=\"578\" data-end=\"602\">Mudel: Centaur 12\/30 (3)<\/p>\n<\/li>\n<li data-start=\"603\" data-end=\"623\">\n<p data-start=\"605\" data-end=\"623\">V\u00e4ljundpinge: 12 V<\/p>\n<\/li>\n<li data-start=\"624\" data-end=\"656\">\n<p data-start=\"626\" data-end=\"656\">Maksimaalne laadimisvool: 30 A<\/p>\n<\/li>\n<li data-start=\"657\" data-end=\"688\">\n<p data-start=\"659\" data-end=\"688\">V\u00e4ljundite arv: 3 isoleeritud<\/p>\n<\/li>\n<li data-start=\"689\" data-end=\"714\">\n<p data-start=\"691\" data-end=\"714\">Sisendpinge: 90\u2013265 VAC<\/p>\n<\/li>\n<li data-start=\"715\" data-end=\"738\">\n<p data-start=\"717\" data-end=\"738\">Sisend DC: 90\u2013400 VDC<\/p>\n<\/li>\n<li data-start=\"739\" data-end=\"758\">\n<p data-start=\"741\" data-end=\"758\">Sagedus: 45\u201365 Hz<\/p>\n<\/li>\n<li data-start=\"759\" data-end=\"778\">\n<p data-start=\"761\" data-end=\"778\">Kaitseklass: IP20<\/p>\n<\/li>\n<li data-start=\"779\" data-end=\"806\">\n<p data-start=\"781\" data-end=\"806\">T\u00f6\u00f6temperatuur: \u221220\u2026+60\u00b0C<\/p>\n<\/li>\n<li data-start=\"807\" data-end=\"822\">\n<p data-start=\"809\" data-end=\"822\">Kaal: ~3,8 kg<\/p>\n<\/li>\n<li data-start=\"823\" data-end=\"851\">\n<p data-start=\"825\" data-end=\"851\">M\u00f5\u00f5dud: 351 \u00d7 214 \u00d7 110 mm<\/p>\n<\/li>\n<\/ul>\n<p data-start=\"853\" data-end=\"935\">(Igal v\u00e4ljundil v\u00f5imalik anda t\u00e4is nimivool)<\/p>\n<hr data-start=\"937\" data-end=\"940\" \/>\n<h3 data-start=\"942\" data-end=\"962\">Laadimisalgoritm<\/h3>\n<ul data-start=\"963\" data-end=\"1132\">\n<li data-start=\"963\" data-end=\"1041\">\n<p data-start=\"965\" data-end=\"995\">IUoU kolmeastmeline laadimine:<\/p>\n<ul data-start=\"998\" data-end=\"1041\">\n<li data-start=\"998\" data-end=\"1004\">\n<p data-start=\"1000\" data-end=\"1004\">Bulk<\/p>\n<\/li>\n<li data-start=\"1007\" data-end=\"1031\">\n<p data-start=\"1009\" data-end=\"1031\">Absorption (ajastatud)<\/p>\n<\/li>\n<li data-start=\"1034\" data-end=\"1041\">\n<p data-start=\"1036\" data-end=\"1041\">Float<\/p>\n<\/li>\n<\/ul>\n<\/li>\n<li data-start=\"1042\" data-end=\"1132\">\n<p data-start=\"1044\" data-end=\"1132\">Temperatuurikompensatsioon \u22122 mV\/\u00b0C elemendi kohta<\/p>\n<\/li>\n<\/ul>\n<hr data-start=\"1134\" data-end=\"1137\" \/>\n<h3 data-start=\"1139\" data-end=\"1156\">Aku \u00fchilduvus<\/h3>\n<p data-start=\"1157\" data-end=\"1178\">Valitav DIP-l\u00fclitiga:<\/p>\n<ul data-start=\"1179\" data-end=\"1245\">\n<li data-start=\"1179\" data-end=\"1195\">\n<p data-start=\"1181\" data-end=\"1195\">Pliihape (WET)<\/p>\n<\/li>\n<li data-start=\"1196\" data-end=\"1201\">\n<p data-start=\"1198\" data-end=\"1201\">AGM<\/p>\n<\/li>\n<li data-start=\"1202\" data-end=\"1245\">\n<p data-start=\"1204\" data-end=\"1245\">GEL<\/p>\n<\/li>\n<\/ul>\n<hr data-start=\"1247\" data-end=\"1250\" \/>\n<h3 data-start=\"1252\" data-end=\"1270\">Konstruktsioon<\/h3>\n<ul data-start=\"1271\" data-end=\"1436\">\n<li data-start=\"1271\" data-end=\"1304\">\n<p data-start=\"1273\" data-end=\"1304\">Pulberv\u00e4rvitud alumiiniumkorpus<\/p>\n<\/li>\n<li data-start=\"1305\" data-end=\"1339\">\n<p data-start=\"1307\" data-end=\"1339\">Korrosioonikaitsega elektroonika<\/p>\n<\/li>\n<li data-start=\"1340\" data-end=\"1364\">\n<p data-start=\"1342\" data-end=\"1364\">Ventilaatoriga jahutus<\/p>\n<\/li>\n<li data-start=\"1365\" data-end=\"1436\">\n<p data-start=\"1367\" data-end=\"1436\">L\u00fchise ja \u00fclekuumenemise kaitse<\/p>\n<\/li>\n<\/ul>\n<hr data-start=\"1438\" data-end=\"1441\" \/>\n<h3 data-start=\"1443\" data-end=\"1462\">Kasutusvaldkond<\/h3>\n<ul data-start=\"1463\" data-end=\"1568\">\n<li data-start=\"1463\" data-end=\"1490\">\n<p data-start=\"1465\" data-end=\"1490\">Paadi starter + tarbeakud<\/p>\n<\/li>\n<li data-start=\"1491\" data-end=\"1507\">\n<p data-start=\"1493\" data-end=\"1507\">T\u00f6\u00f6stusseadmed<\/p>\n<\/li>\n<li data-start=\"1508\" data-end=\"1534\">\n<p data-start=\"1510\" data-end=\"1534\">Generaatori akus\u00fcsteemid<\/p>\n<\/li>\n<li data-start=\"1535\" data-end=\"1552\">\n<p data-start=\"1537\" data-end=\"1552\">P\u00fcsipaigaldused<\/p>\n<\/li>\n<li data-start=\"1553\" data-end=\"1568\">\n<p data-start=\"1555\" data-end=\"1568\">Teenindusakud<\/p>\n<\/li>\n<\/ul>\n<hr data-start=\"1570\" data-end=\"1573\" \/>\n<h3 data-start=\"1575\" data-end=\"1587\">Komplekt<\/h3>\n<ul data-start=\"1588\" data-end=\"1633\">\n<li data-start=\"1588\" data-end=\"1600\">\n<p data-start=\"1590\" data-end=\"1600\">Akulaadija<\/p>\n<\/li>\n<li data-start=\"1601\" data-end=\"1617\">\n<p data-start=\"1603\" data-end=\"1617\">Paigaldusplaat<\/p>\n<\/li>\n<li data-start=\"1618\" data-end=\"1633\">\n<p data-start=\"1620\" data-end=\"1633\">Kasutusjuhend<\/p>\n<\/li>\n<\/ul>\n<hr data-start=\"1635\" data-end=\"1638\" \/>\n<p data-start=\"1640\" data-end=\"1802\"><strong data-start=\"1640\" data-end=\"1667\">Centaur seeria erip\u00e4ra:<\/strong><br data-start=\"1667\" data-end=\"1670\" \/>Mehaaniliselt v\u00e4ga vastupidav ja pidevaks t\u00f6\u00f6ks m\u00f5eldud laadija \u2013 eelistatud merenduses ja t\u00f6\u00f6stuses, kus nutifunktsioone ei vajata.<\/p>\n","protected":false},"excerpt":{"rendered":"<p data-start=\"66\" data-end=\"114\">T\u00f6\u00f6kindel statsionaarne akulaadija 12V akudele<br \/>\n3 eraldi v\u00e4ljundit \u2013 kolme aku samaaegne laadimine<br \/>\nM\u00f5eldud paatidele, t\u00f6\u00f6stusele ja p\u00fcsipaigalduseks<br \/>\nLaadimispinge \u2013 14,3V<br \/>\nLaadimisvool \u2013 30A<\/p>\n","protected":false},"featured_media":56585,"template":"","meta":{"_kad_blocks_custom_css":"","_kad_blocks_head_custom_js":"","_kad_blocks_body_custom_js":"","_kad_blocks_footer_custom_js":"","_kad_post_transparent":"default","_kad_post_title":"","_kad_post_layout":"default","_kad_post_sidebar_id":"","_kad_post_content_style":"default","_kad_post_vertical_padding":"default","_kad_post_feature":"","_kad_post_feature_position":"","_kad_post_header":false,"_kad_post_footer":false,"_kad_post_classname":""},"product_brand":[],"product_cat":[251,1862],"product_tag":[],"class_list":{"0":"post-56584","1":"product","2":"type-product","3":"status-publish","4":"has-post-thumbnail","6":"product_cat-batteries-chargers-inverters","7":"product_cat-akulaadijad","8":"tm-no-options","10":"first","11":"onbackorder","12":"sale","13":"taxable","14":"shipping-taxable","15":"purchasable","16":"product-type-simple","17":"entry","18":"content-bg","19":"loop-entry"},"yoast_head":"<!-- This site is optimized with the Yoast SEO plugin v27.3 - https:\/\/yoast.com\/product\/yoast-seo-wordpress\/ -->\n<title>Akulaadija Victron Centaur 12\/30 (3)<\/title>\n<meta name=\"description\" content=\"Laadimisvool \u2013 30A. 3 eraldi v\u00e4ljundit \u2013 kolme aku samaaegne laadimine. M\u00f5eldud paatidele, t\u00f6\u00f6stusele ja p\u00fcsipaigalduseks.\" \/>\n<meta name=\"robots\" content=\"index, follow, max-snippet:-1, max-image-preview:large, max-video-preview:-1\" \/>\n<link rel=\"canonical\" href=\"https:\/\/nordlinepaadid.ee\/et\/pood\/electrical-equipments\/batteries-chargers-inverters\/akulaadija-victron-centaur-12-30-3\/\" \/>\n<meta property=\"og:locale\" content=\"et_EE\" \/>\n<meta property=\"og:type\" content=\"article\" \/>\n<meta property=\"og:title\" content=\"Akulaadija Victron Centaur 12\/30 (3)\" \/>\n<meta property=\"og:description\" content=\"Laadimisvool \u2013 30A. 3 eraldi v\u00e4ljundit \u2013 kolme aku samaaegne laadimine. M\u00f5eldud paatidele, t\u00f6\u00f6stusele ja p\u00fcsipaigalduseks.\" \/>\n<meta property=\"og:url\" content=\"https:\/\/nordlinepaadid.ee\/et\/pood\/electrical-equipments\/batteries-chargers-inverters\/akulaadija-victron-centaur-12-30-3\/\" \/>\n<meta property=\"og:site_name\" content=\"NORDLINE s\u00f5udepaadid ja mootorpaadid. Klaasfiiber materjalist.\" \/>\n<meta property=\"article:publisher\" content=\"https:\/\/www.facebook.com\/nordlineboats\" \/>\n<meta property=\"article:modified_time\" content=\"2026-02-17T08:15:10+00:00\" \/>\n<meta property=\"og:image\" content=\"https:\/\/nordlinepaadid.ee\/wp-content\/uploads\/2026\/02\/Akulaadija-Victron-Centaur-1230-3.jpg\" \/>\n\t<meta property=\"og:image:width\" content=\"919\" \/>\n\t<meta property=\"og:image:height\" content=\"1500\" \/>\n\t<meta property=\"og:image:type\" content=\"image\/jpeg\" \/>\n<meta name=\"twitter:card\" content=\"summary_large_image\" \/>\n<meta name=\"twitter:label1\" content=\"Est. reading time\" \/>\n\t<meta name=\"twitter:data1\" content=\"2 minutit\" \/>\n<script type=\"application\/ld+json\" class=\"yoast-schema-graph\">{\"@context\":\"https:\\\/\\\/schema.org\",\"@graph\":[{\"@type\":\"WebPage\",\"@id\":\"https:\\\/\\\/nordlinepaadid.ee\\\/et\\\/pood\\\/electrical-equipments\\\/batteries-chargers-inverters\\\/akulaadija-victron-centaur-12-30-3\\\/\",\"url\":\"https:\\\/\\\/nordlinepaadid.ee\\\/et\\\/pood\\\/electrical-equipments\\\/batteries-chargers-inverters\\\/akulaadija-victron-centaur-12-30-3\\\/\",\"name\":\"Akulaadija Victron Centaur 12\\\/30 (3)\",\"isPartOf\":{\"@id\":\"https:\\\/\\\/nordlinepaadid.ee\\\/et\\\/#website\"},\"primaryImageOfPage\":{\"@id\":\"https:\\\/\\\/nordlinepaadid.ee\\\/et\\\/pood\\\/electrical-equipments\\\/batteries-chargers-inverters\\\/akulaadija-victron-centaur-12-30-3\\\/#primaryimage\"},\"image\":{\"@id\":\"https:\\\/\\\/nordlinepaadid.ee\\\/et\\\/pood\\\/electrical-equipments\\\/batteries-chargers-inverters\\\/akulaadija-victron-centaur-12-30-3\\\/#primaryimage\"},\"thumbnailUrl\":\"https:\\\/\\\/nordlinepaadid.ee\\\/wp-content\\\/uploads\\\/2026\\\/02\\\/Akulaadija-Victron-Centaur-1230-3.jpg\",\"datePublished\":\"2026-02-17T08:06:56+00:00\",\"dateModified\":\"2026-02-17T08:15:10+00:00\",\"description\":\"Laadimisvool \u2013 30A. 3 eraldi v\u00e4ljundit \u2013 kolme aku samaaegne laadimine. M\u00f5eldud paatidele, t\u00f6\u00f6stusele ja p\u00fcsipaigalduseks.\",\"breadcrumb\":{\"@id\":\"https:\\\/\\\/nordlinepaadid.ee\\\/et\\\/pood\\\/electrical-equipments\\\/batteries-chargers-inverters\\\/akulaadija-victron-centaur-12-30-3\\\/#breadcrumb\"},\"inLanguage\":\"et\",\"potentialAction\":[{\"@type\":\"ReadAction\",\"target\":[\"https:\\\/\\\/nordlinepaadid.ee\\\/et\\\/pood\\\/electrical-equipments\\\/batteries-chargers-inverters\\\/akulaadija-victron-centaur-12-30-3\\\/\"]}]},{\"@type\":\"ImageObject\",\"inLanguage\":\"et\",\"@id\":\"https:\\\/\\\/nordlinepaadid.ee\\\/et\\\/pood\\\/electrical-equipments\\\/batteries-chargers-inverters\\\/akulaadija-victron-centaur-12-30-3\\\/#primaryimage\",\"url\":\"https:\\\/\\\/nordlinepaadid.ee\\\/wp-content\\\/uploads\\\/2026\\\/02\\\/Akulaadija-Victron-Centaur-1230-3.jpg\",\"contentUrl\":\"https:\\\/\\\/nordlinepaadid.ee\\\/wp-content\\\/uploads\\\/2026\\\/02\\\/Akulaadija-Victron-Centaur-1230-3.jpg\",\"width\":919,\"height\":1500,\"caption\":\"Akulaadija Victron Centaur 12:30 (3)\"},{\"@type\":\"BreadcrumbList\",\"@id\":\"https:\\\/\\\/nordlinepaadid.ee\\\/et\\\/pood\\\/electrical-equipments\\\/batteries-chargers-inverters\\\/akulaadija-victron-centaur-12-30-3\\\/#breadcrumb\",\"itemListElement\":[{\"@type\":\"ListItem\",\"position\":1,\"name\":\"Home\",\"item\":\"https:\\\/\\\/nordlinepaadid.ee\\\/et\\\/\"},{\"@type\":\"ListItem\",\"position\":2,\"name\":\"Pood\",\"item\":\"https:\\\/\\\/nordlinepaadid.ee\\\/et\\\/pood\\\/\"},{\"@type\":\"ListItem\",\"position\":3,\"name\":\"Akulaadija Victron Centaur 12\\\/30 (3)\"}]},{\"@type\":\"WebSite\",\"@id\":\"https:\\\/\\\/nordlinepaadid.ee\\\/et\\\/#website\",\"url\":\"https:\\\/\\\/nordlinepaadid.ee\\\/et\\\/\",\"name\":\"NORDLINE s\u00f5udepaadid ja mootorpaadid. Klaasfiiber materjalist.\",\"description\":\"\",\"publisher\":{\"@id\":\"https:\\\/\\\/nordlinepaadid.ee\\\/et\\\/#organization\"},\"potentialAction\":[{\"@type\":\"SearchAction\",\"target\":{\"@type\":\"EntryPoint\",\"urlTemplate\":\"https:\\\/\\\/nordlinepaadid.ee\\\/et\\\/?s={search_term_string}\"},\"query-input\":{\"@type\":\"PropertyValueSpecification\",\"valueRequired\":true,\"valueName\":\"search_term_string\"}}],\"inLanguage\":\"et\"},{\"@type\":\"Organization\",\"@id\":\"https:\\\/\\\/nordlinepaadid.ee\\\/et\\\/#organization\",\"name\":\"Nordlineboats\",\"url\":\"https:\\\/\\\/nordlinepaadid.ee\\\/et\\\/\",\"logo\":{\"@type\":\"ImageObject\",\"inLanguage\":\"et\",\"@id\":\"https:\\\/\\\/nordlinepaadid.ee\\\/et\\\/#\\\/schema\\\/logo\\\/image\\\/\",\"url\":\"https:\\\/\\\/nordlinepaadid.ee\\\/wp-content\\\/uploads\\\/2023\\\/01\\\/fulllogo_transparent_nobuffer-e1672750475494.png\",\"contentUrl\":\"https:\\\/\\\/nordlinepaadid.ee\\\/wp-content\\\/uploads\\\/2023\\\/01\\\/fulllogo_transparent_nobuffer-e1672750475494.png\",\"width\":150,\"height\":119,\"caption\":\"Nordlineboats\"},\"image\":{\"@id\":\"https:\\\/\\\/nordlinepaadid.ee\\\/et\\\/#\\\/schema\\\/logo\\\/image\\\/\"},\"sameAs\":[\"https:\\\/\\\/www.facebook.com\\\/nordlineboats\",\"https:\\\/\\\/www.youtube.com\\\/channel\\\/UCbgF0fy02y3QkFnujaLTaCA\"]}]}<\/script>\n<!-- \/ Yoast SEO plugin. -->","yoast_head_json":{"title":"Akulaadija Victron Centaur 12\/30 (3)","description":"Laadimisvool \u2013 30A. 3 eraldi v\u00e4ljundit \u2013 kolme aku samaaegne laadimine. M\u00f5eldud paatidele, t\u00f6\u00f6stusele ja p\u00fcsipaigalduseks.","robots":{"index":"index","follow":"follow","max-snippet":"max-snippet:-1","max-image-preview":"max-image-preview:large","max-video-preview":"max-video-preview:-1"},"canonical":"https:\/\/nordlinepaadid.ee\/et\/pood\/electrical-equipments\/batteries-chargers-inverters\/akulaadija-victron-centaur-12-30-3\/","og_locale":"et_EE","og_type":"article","og_title":"Akulaadija Victron Centaur 12\/30 (3)","og_description":"Laadimisvool \u2013 30A. 3 eraldi v\u00e4ljundit \u2013 kolme aku samaaegne laadimine. M\u00f5eldud paatidele, t\u00f6\u00f6stusele ja p\u00fcsipaigalduseks.","og_url":"https:\/\/nordlinepaadid.ee\/et\/pood\/electrical-equipments\/batteries-chargers-inverters\/akulaadija-victron-centaur-12-30-3\/","og_site_name":"NORDLINE s\u00f5udepaadid ja mootorpaadid. Klaasfiiber materjalist.","article_publisher":"https:\/\/www.facebook.com\/nordlineboats","article_modified_time":"2026-02-17T08:15:10+00:00","og_image":[{"width":919,"height":1500,"url":"https:\/\/nordlinepaadid.ee\/wp-content\/uploads\/2026\/02\/Akulaadija-Victron-Centaur-1230-3.jpg","type":"image\/jpeg"}],"twitter_card":"summary_large_image","twitter_misc":{"Est. reading time":"2 minutit"},"schema":{"@context":"https:\/\/schema.org","@graph":[{"@type":"WebPage","@id":"https:\/\/nordlinepaadid.ee\/et\/pood\/electrical-equipments\/batteries-chargers-inverters\/akulaadija-victron-centaur-12-30-3\/","url":"https:\/\/nordlinepaadid.ee\/et\/pood\/electrical-equipments\/batteries-chargers-inverters\/akulaadija-victron-centaur-12-30-3\/","name":"Akulaadija Victron Centaur 12\/30 (3)","isPartOf":{"@id":"https:\/\/nordlinepaadid.ee\/et\/#website"},"primaryImageOfPage":{"@id":"https:\/\/nordlinepaadid.ee\/et\/pood\/electrical-equipments\/batteries-chargers-inverters\/akulaadija-victron-centaur-12-30-3\/#primaryimage"},"image":{"@id":"https:\/\/nordlinepaadid.ee\/et\/pood\/electrical-equipments\/batteries-chargers-inverters\/akulaadija-victron-centaur-12-30-3\/#primaryimage"},"thumbnailUrl":"https:\/\/nordlinepaadid.ee\/wp-content\/uploads\/2026\/02\/Akulaadija-Victron-Centaur-1230-3.jpg","datePublished":"2026-02-17T08:06:56+00:00","dateModified":"2026-02-17T08:15:10+00:00","description":"Laadimisvool \u2013 30A. 3 eraldi v\u00e4ljundit \u2013 kolme aku samaaegne laadimine. M\u00f5eldud paatidele, t\u00f6\u00f6stusele ja p\u00fcsipaigalduseks.","breadcrumb":{"@id":"https:\/\/nordlinepaadid.ee\/et\/pood\/electrical-equipments\/batteries-chargers-inverters\/akulaadija-victron-centaur-12-30-3\/#breadcrumb"},"inLanguage":"et","potentialAction":[{"@type":"ReadAction","target":["https:\/\/nordlinepaadid.ee\/et\/pood\/electrical-equipments\/batteries-chargers-inverters\/akulaadija-victron-centaur-12-30-3\/"]}]},{"@type":"ImageObject","inLanguage":"et","@id":"https:\/\/nordlinepaadid.ee\/et\/pood\/electrical-equipments\/batteries-chargers-inverters\/akulaadija-victron-centaur-12-30-3\/#primaryimage","url":"https:\/\/nordlinepaadid.ee\/wp-content\/uploads\/2026\/02\/Akulaadija-Victron-Centaur-1230-3.jpg","contentUrl":"https:\/\/nordlinepaadid.ee\/wp-content\/uploads\/2026\/02\/Akulaadija-Victron-Centaur-1230-3.jpg","width":919,"height":1500,"caption":"Akulaadija Victron Centaur 12:30 (3)"},{"@type":"BreadcrumbList","@id":"https:\/\/nordlinepaadid.ee\/et\/pood\/electrical-equipments\/batteries-chargers-inverters\/akulaadija-victron-centaur-12-30-3\/#breadcrumb","itemListElement":[{"@type":"ListItem","position":1,"name":"Home","item":"https:\/\/nordlinepaadid.ee\/et\/"},{"@type":"ListItem","position":2,"name":"Pood","item":"https:\/\/nordlinepaadid.ee\/et\/pood\/"},{"@type":"ListItem","position":3,"name":"Akulaadija Victron Centaur 12\/30 (3)"}]},{"@type":"WebSite","@id":"https:\/\/nordlinepaadid.ee\/et\/#website","url":"https:\/\/nordlinepaadid.ee\/et\/","name":"NORDLINE s\u00f5udepaadid ja mootorpaadid. Klaasfiiber materjalist.","description":"","publisher":{"@id":"https:\/\/nordlinepaadid.ee\/et\/#organization"},"potentialAction":[{"@type":"SearchAction","target":{"@type":"EntryPoint","urlTemplate":"https:\/\/nordlinepaadid.ee\/et\/?s={search_term_string}"},"query-input":{"@type":"PropertyValueSpecification","valueRequired":true,"valueName":"search_term_string"}}],"inLanguage":"et"},{"@type":"Organization","@id":"https:\/\/nordlinepaadid.ee\/et\/#organization","name":"Nordlineboats","url":"https:\/\/nordlinepaadid.ee\/et\/","logo":{"@type":"ImageObject","inLanguage":"et","@id":"https:\/\/nordlinepaadid.ee\/et\/#\/schema\/logo\/image\/","url":"https:\/\/nordlinepaadid.ee\/wp-content\/uploads\/2023\/01\/fulllogo_transparent_nobuffer-e1672750475494.png","contentUrl":"https:\/\/nordlinepaadid.ee\/wp-content\/uploads\/2023\/01\/fulllogo_transparent_nobuffer-e1672750475494.png","width":150,"height":119,"caption":"Nordlineboats"},"image":{"@id":"https:\/\/nordlinepaadid.ee\/et\/#\/schema\/logo\/image\/"},"sameAs":["https:\/\/www.facebook.com\/nordlineboats","https:\/\/www.youtube.com\/channel\/UCbgF0fy02y3QkFnujaLTaCA"]}]}},"taxonomy_info":{"product_cat":[{"value":251,"label":"Akud, Akulaadijad, Inverterid"},{"value":1862,"label":"Akulaadijad"}]},"featured_image_src_large":["https:\/\/nordlinepaadid.ee\/wp-content\/uploads\/2026\/02\/Akulaadija-Victron-Centaur-1230-3-627x1024.jpg",627,1024,true],"author_info":[],"comment_info":"","_links":{"self":[{"href":"https:\/\/nordlinepaadid.ee\/et\/wp-json\/wp\/v2\/product\/56584","targetHints":{"allow":["GET"]}}],"collection":[{"href":"https:\/\/nordlinepaadid.ee\/et\/wp-json\/wp\/v2\/product"}],"about":[{"href":"https:\/\/nordlinepaadid.ee\/et\/wp-json\/wp\/v2\/types\/product"}],"wp:featuredmedia":[{"embeddable":true,"href":"https:\/\/nordlinepaadid.ee\/et\/wp-json\/wp\/v2\/media\/56585"}],"wp:attachment":[{"href":"https:\/\/nordlinepaadid.ee\/et\/wp-json\/wp\/v2\/media?parent=56584"}],"wp:term":[{"taxonomy":"product_brand","embeddable":true,"href":"https:\/\/nordlinepaadid.ee\/et\/wp-json\/wp\/v2\/product_brand?post=56584"},{"taxonomy":"product_cat","embeddable":true,"href":"https:\/\/nordlinepaadid.ee\/et\/wp-json\/wp\/v2\/product_cat?post=56584"},{"taxonomy":"product_tag","embeddable":true,"href":"https:\/\/nordlinepaadid.ee\/et\/wp-json\/wp\/v2\/product_tag?post=56584"}],"curies":[{"name":"wp","href":"https:\/\/api.w.org\/{rel}","templated":true}]}}