{"id":56590,"date":"2026-02-17T10:20:59","date_gmt":"2026-02-17T08:20:59","guid":{"rendered":"https:\/\/nordlinepaadid.ee\/?post_type=product&#038;p=56590"},"modified":"2026-02-17T10:24:30","modified_gmt":"2026-02-17T08:24:30","slug":"akulaadija-victron-centaur-12-50-3","status":"publish","type":"product","link":"https:\/\/nordlinepaadid.ee\/et\/pood\/electrical-equipments\/batteries-chargers-inverters\/akulaadija-victron-centaur-12-50-3\/","title":{"rendered":"Akulaadija Victron Centaur 12\/50 (3)"},"content":{"rendered":"<h2 data-start=\"0\" data-end=\"39\">Victron Centaur 12\/50 (3) akulaadija<\/h2>\n<p>&nbsp;<\/p>\n<h3 data-start=\"234\" data-end=\"268\">Peamised eelised<\/h3>\n<ul data-start=\"269\" data-end=\"472\">\n<li data-start=\"269\" data-end=\"305\">\n<p data-start=\"271\" data-end=\"305\">Laeb starter- ja tarbeakud korraga<\/p>\n<\/li>\n<li data-start=\"306\" data-end=\"344\">\n<p data-start=\"308\" data-end=\"344\">Iga v\u00e4ljund annab t\u00e4is laadimisvoolu<\/p>\n<\/li>\n<li data-start=\"345\" data-end=\"377\">\n<p data-start=\"347\" data-end=\"377\">Talub ebastabiilset vooluv\u00f5rku<\/p>\n<\/li>\n<li data-start=\"378\" data-end=\"396\">\n<p data-start=\"380\" data-end=\"396\">Sobib 24\/7 t\u00f6\u00f6ks<\/p>\n<\/li>\n<li data-start=\"397\" data-end=\"428\">\n<p data-start=\"399\" data-end=\"428\">Ei vaja seadistamist ega \u00e4ppi<\/p>\n<\/li>\n<li data-start=\"429\" data-end=\"472\">\n<p data-start=\"431\" data-end=\"472\">Vastupidav niiskes ja soolases keskkonnas<\/p>\n<\/li>\n<\/ul>\n<hr data-start=\"474\" data-end=\"477\" \/>\n<h3 data-start=\"479\" data-end=\"500\">Tehnilised andmed<\/h3>\n<ul data-start=\"501\" data-end=\"1376\">\n<li data-start=\"501\" data-end=\"525\">\n<p data-start=\"503\" data-end=\"525\">Tootja: Victron Energy<\/p>\n<\/li>\n<li data-start=\"526\" data-end=\"552\">\n<p data-start=\"528\" data-end=\"552\">Mudel: Centaur 12\/50 (3)<\/p>\n<\/li>\n<li data-start=\"553\" data-end=\"570\">\n<p data-start=\"555\" data-end=\"570\">Nimipinge: 12 V<\/p>\n<\/li>\n<li data-start=\"571\" data-end=\"603\">\n<p data-start=\"573\" data-end=\"603\">Maksimaalne laadimisvool: 50 A<\/p>\n<\/li>\n<li data-start=\"604\" data-end=\"635\">\n<p data-start=\"606\" data-end=\"635\">V\u00e4ljundite arv: 3 isoleeritud<\/p>\n<\/li>\n<li data-start=\"636\" data-end=\"714\">\n<p data-start=\"638\" data-end=\"714\">Sisendpinge: 90\u2013265 VAC v\u00f5i 90\u2013400 VDC<\/p>\n<\/li>\n<li data-start=\"715\" data-end=\"772\">\n<p data-start=\"717\" data-end=\"772\">Sagedus: 45\u201365 Hz<\/p>\n<\/li>\n<li data-start=\"773\" data-end=\"848\">\n<p data-start=\"775\" data-end=\"848\">Laadimisre\u017eiim: IUoU kolmeastmeline<\/p>\n<\/li>\n<li data-start=\"849\" data-end=\"913\">\n<p data-start=\"851\" data-end=\"913\">Absorption pinge: 14,3 V<\/p>\n<\/li>\n<li data-start=\"914\" data-end=\"973\">\n<p data-start=\"916\" data-end=\"973\">Float pinge: 13,5 V<\/p>\n<\/li>\n<li data-start=\"974\" data-end=\"1046\">\n<p data-start=\"976\" data-end=\"1046\">Soovituslik aku maht: 200\u2013500 Ah<\/p>\n<\/li>\n<li data-start=\"1047\" data-end=\"1104\">\n<p data-start=\"1049\" data-end=\"1104\">Kaitseklass: IP20<\/p>\n<\/li>\n<li data-start=\"1105\" data-end=\"1170\">\n<p data-start=\"1107\" data-end=\"1170\">T\u00f6\u00f6temperatuur: \u221220\u2026+60\u00b0C<\/p>\n<\/li>\n<li data-start=\"1171\" data-end=\"1255\">\n<p data-start=\"1173\" data-end=\"1255\">Jahutus: temperatuurijuhtimisega ventilaator<\/p>\n<\/li>\n<li data-start=\"1256\" data-end=\"1322\">\n<p data-start=\"1258\" data-end=\"1322\">M\u00f5\u00f5dud: 437 \u00d7 239 \u00d7 110 mm<\/p>\n<\/li>\n<li data-start=\"1323\" data-end=\"1376\">\n<p data-start=\"1325\" data-end=\"1376\">Kaal: ~5 kg<\/p>\n<\/li>\n<\/ul>\n<hr data-start=\"1378\" data-end=\"1381\" \/>\n<h3 data-start=\"1383\" data-end=\"1403\">Laadimisalgoritm<\/h3>\n<ul data-start=\"1404\" data-end=\"1538\">\n<li data-start=\"1404\" data-end=\"1410\">\n<p data-start=\"1406\" data-end=\"1410\">Bulk<\/p>\n<\/li>\n<li data-start=\"1411\" data-end=\"1435\">\n<p data-start=\"1413\" data-end=\"1435\">Absorption (ajastatud)<\/p>\n<\/li>\n<li data-start=\"1436\" data-end=\"1445\">\n<p data-start=\"1438\" data-end=\"1445\">Float<\/p>\n<\/li>\n<li data-start=\"1446\" data-end=\"1538\">\n<p data-start=\"1448\" data-end=\"1538\">Temperatuurikompensatsioon \u22122 mV\/\u00b0C elemendi kohta<\/p>\n<\/li>\n<\/ul>\n<hr data-start=\"1540\" data-end=\"1543\" \/>\n<h3 data-start=\"1545\" data-end=\"1562\">Aku \u00fchilduvus<\/h3>\n<p data-start=\"1563\" data-end=\"1580\">Valitav l\u00fclitiga:<\/p>\n<ul data-start=\"1581\" data-end=\"1649\">\n<li data-start=\"1581\" data-end=\"1597\">\n<p data-start=\"1583\" data-end=\"1597\">Pliihape (WET)<\/p>\n<\/li>\n<li data-start=\"1598\" data-end=\"1603\">\n<p data-start=\"1600\" data-end=\"1603\">AGM<\/p>\n<\/li>\n<li data-start=\"1604\" data-end=\"1649\">\n<p data-start=\"1606\" data-end=\"1649\">GEL<\/p>\n<\/li>\n<\/ul>\n<hr data-start=\"1651\" data-end=\"1654\" \/>\n<h3 data-start=\"1656\" data-end=\"1672\">Funktsioonid<\/h3>\n<ul data-start=\"1673\" data-end=\"2038\">\n<li data-start=\"1673\" data-end=\"1740\">\n<p data-start=\"1675\" data-end=\"1740\">3 aku samaaegne laadimine<\/p>\n<\/li>\n<li data-start=\"1741\" data-end=\"1815\">\n<p data-start=\"1743\" data-end=\"1815\">Iga v\u00e4ljund annab t\u00e4is nimivoolu<\/p>\n<\/li>\n<li data-start=\"1816\" data-end=\"1889\">\n<p data-start=\"1818\" data-end=\"1889\">Automaatne sisendpinge tuvastus<\/p>\n<\/li>\n<li data-start=\"1890\" data-end=\"1963\">\n<p data-start=\"1892\" data-end=\"1963\">L\u00fchise ja \u00fclekuumenemise kaitse<\/p>\n<\/li>\n<li data-start=\"1964\" data-end=\"2038\">\n<p data-start=\"1966\" data-end=\"2038\">Korrosioonikaitsega elektroonika<\/p>\n<\/li>\n<\/ul>\n<hr data-start=\"2040\" data-end=\"2043\" \/>\n<h3 data-start=\"2045\" data-end=\"2064\">Kasutusvaldkond<\/h3>\n<ul data-start=\"2065\" data-end=\"2188\">\n<li data-start=\"2065\" data-end=\"2095\">\n<p data-start=\"2067\" data-end=\"2095\">Paadid (starter + tarbeakud)<\/p>\n<\/li>\n<li data-start=\"2096\" data-end=\"2122\">\n<p data-start=\"2098\" data-end=\"2122\">Generaatori akus\u00fcsteemid<\/p>\n<\/li>\n<li data-start=\"2123\" data-end=\"2139\">\n<p data-start=\"2125\" data-end=\"2139\">T\u00f6\u00f6stusseadmed<\/p>\n<\/li>\n<li data-start=\"2140\" data-end=\"2160\">\n<p data-start=\"2142\" data-end=\"2160\">Off-grid s\u00fcsteemid<\/p>\n<\/li>\n<li data-start=\"2161\" data-end=\"2188\">\n<p data-start=\"2163\" data-end=\"2188\">P\u00fcsipaigaldatud akupangad<\/p>\n<\/li>\n<\/ul>\n<hr data-start=\"2190\" data-end=\"2193\" \/>\n<h3 data-start=\"2195\" data-end=\"2207\">Komplekt<\/h3>\n<ul data-start=\"2208\" data-end=\"2238\">\n<li data-start=\"2208\" data-end=\"2220\">\n<p data-start=\"2210\" data-end=\"2220\">Akulaadija<\/p>\n<\/li>\n<li data-start=\"2221\" data-end=\"2238\">\n<p data-start=\"2223\" data-end=\"2238\">Paigaldusjuhend<\/p>\n<\/li>\n<\/ul>\n<hr data-start=\"2240\" data-end=\"2243\" \/>\n<p data-start=\"2245\" data-end=\"2362\"><strong data-start=\"2245\" data-end=\"2264\">Centaur seeria:<\/strong> mehaaniliselt vastupidav laadija keskkondadesse, kus t\u00f6\u00f6kindlus on olulisem kui nutifunktsioonid.<\/p>\n","protected":false},"excerpt":{"rendered":"<p data-start=\"66\" data-end=\"106\">T\u00f6\u00f6kindel statsionaarne 12V akulaadija<br \/>\n3 eraldi isoleeritud v\u00e4ljundit \u2013 kolme aku samaaegne laadimine<br \/>\nM\u00f5eldud paatidele, t\u00f6\u00f6stusele ja p\u00fcsipaigalduseks<br \/>\nLaadimispinge \u2013 14,3V<br \/>\nLaadimisvool \u2013 50A<\/p>\n","protected":false},"featured_media":56591,"template":"","meta":{"_kad_blocks_custom_css":"","_kad_blocks_head_custom_js":"","_kad_blocks_body_custom_js":"","_kad_blocks_footer_custom_js":"","_kad_post_transparent":"default","_kad_post_title":"","_kad_post_layout":"default","_kad_post_sidebar_id":"","_kad_post_content_style":"default","_kad_post_vertical_padding":"default","_kad_post_feature":"","_kad_post_feature_position":"","_kad_post_header":false,"_kad_post_footer":false,"_kad_post_classname":""},"product_brand":[],"product_cat":[251,1862],"product_tag":[],"class_list":{"0":"post-56590","1":"product","2":"type-product","3":"status-publish","4":"has-post-thumbnail","6":"product_cat-batteries-chargers-inverters","7":"product_cat-akulaadijad","8":"tm-no-options","10":"first","11":"onbackorder","12":"sale","13":"taxable","14":"shipping-taxable","15":"purchasable","16":"product-type-simple","17":"entry","18":"content-bg","19":"loop-entry"},"yoast_head":"<!-- This site is optimized with the Yoast SEO plugin v27.3 - https:\/\/yoast.com\/product\/yoast-seo-wordpress\/ -->\n<title>Akulaadija Victron Centaur 12\/50 (3)<\/title>\n<meta name=\"description\" content=\"Laadimisvool \u2013 50A. 3 eraldi v\u00e4ljundit \u2013 kolme aku samaaegne laadimine. M\u00f5eldud paatidele, t\u00f6\u00f6stusele ja p\u00fcsipaigalduseks.\" \/>\n<meta name=\"robots\" content=\"index, follow, max-snippet:-1, max-image-preview:large, max-video-preview:-1\" \/>\n<link rel=\"canonical\" href=\"https:\/\/nordlinepaadid.ee\/et\/pood\/electrical-equipments\/batteries-chargers-inverters\/akulaadija-victron-centaur-12-50-3\/\" \/>\n<meta property=\"og:locale\" content=\"et_EE\" \/>\n<meta property=\"og:type\" content=\"article\" \/>\n<meta property=\"og:title\" content=\"Akulaadija Victron Centaur 12\/50 (3)\" \/>\n<meta property=\"og:description\" content=\"Laadimisvool \u2013 50A. 3 eraldi v\u00e4ljundit \u2013 kolme aku samaaegne laadimine. M\u00f5eldud paatidele, t\u00f6\u00f6stusele ja p\u00fcsipaigalduseks.\" \/>\n<meta property=\"og:url\" content=\"https:\/\/nordlinepaadid.ee\/et\/pood\/electrical-equipments\/batteries-chargers-inverters\/akulaadija-victron-centaur-12-50-3\/\" \/>\n<meta property=\"og:site_name\" content=\"NORDLINE s\u00f5udepaadid ja mootorpaadid. Klaasfiiber materjalist.\" \/>\n<meta property=\"article:publisher\" content=\"https:\/\/www.facebook.com\/nordlineboats\" \/>\n<meta property=\"article:modified_time\" content=\"2026-02-17T08:24:30+00:00\" \/>\n<meta property=\"og:image\" content=\"https:\/\/nordlinepaadid.ee\/wp-content\/uploads\/2026\/02\/Akulaadija-Victron-Centaur-1250-3.jpg\" \/>\n\t<meta property=\"og:image:width\" content=\"800\" \/>\n\t<meta property=\"og:image:height\" content=\"800\" \/>\n\t<meta property=\"og:image:type\" content=\"image\/jpeg\" \/>\n<meta name=\"twitter:card\" content=\"summary_large_image\" \/>\n<meta name=\"twitter:label1\" content=\"Est. reading time\" \/>\n\t<meta name=\"twitter:data1\" content=\"2 minutit\" \/>\n<script type=\"application\/ld+json\" class=\"yoast-schema-graph\">{\"@context\":\"https:\\\/\\\/schema.org\",\"@graph\":[{\"@type\":\"WebPage\",\"@id\":\"https:\\\/\\\/nordlinepaadid.ee\\\/et\\\/pood\\\/electrical-equipments\\\/batteries-chargers-inverters\\\/akulaadija-victron-centaur-12-50-3\\\/\",\"url\":\"https:\\\/\\\/nordlinepaadid.ee\\\/et\\\/pood\\\/electrical-equipments\\\/batteries-chargers-inverters\\\/akulaadija-victron-centaur-12-50-3\\\/\",\"name\":\"Akulaadija Victron Centaur 12\\\/50 (3)\",\"isPartOf\":{\"@id\":\"https:\\\/\\\/nordlinepaadid.ee\\\/et\\\/#website\"},\"primaryImageOfPage\":{\"@id\":\"https:\\\/\\\/nordlinepaadid.ee\\\/et\\\/pood\\\/electrical-equipments\\\/batteries-chargers-inverters\\\/akulaadija-victron-centaur-12-50-3\\\/#primaryimage\"},\"image\":{\"@id\":\"https:\\\/\\\/nordlinepaadid.ee\\\/et\\\/pood\\\/electrical-equipments\\\/batteries-chargers-inverters\\\/akulaadija-victron-centaur-12-50-3\\\/#primaryimage\"},\"thumbnailUrl\":\"https:\\\/\\\/nordlinepaadid.ee\\\/wp-content\\\/uploads\\\/2026\\\/02\\\/Akulaadija-Victron-Centaur-1250-3.jpg\",\"datePublished\":\"2026-02-17T08:20:59+00:00\",\"dateModified\":\"2026-02-17T08:24:30+00:00\",\"description\":\"Laadimisvool \u2013 50A. 3 eraldi v\u00e4ljundit \u2013 kolme aku samaaegne laadimine. M\u00f5eldud paatidele, t\u00f6\u00f6stusele ja p\u00fcsipaigalduseks.\",\"breadcrumb\":{\"@id\":\"https:\\\/\\\/nordlinepaadid.ee\\\/et\\\/pood\\\/electrical-equipments\\\/batteries-chargers-inverters\\\/akulaadija-victron-centaur-12-50-3\\\/#breadcrumb\"},\"inLanguage\":\"et\",\"potentialAction\":[{\"@type\":\"ReadAction\",\"target\":[\"https:\\\/\\\/nordlinepaadid.ee\\\/et\\\/pood\\\/electrical-equipments\\\/batteries-chargers-inverters\\\/akulaadija-victron-centaur-12-50-3\\\/\"]}]},{\"@type\":\"ImageObject\",\"inLanguage\":\"et\",\"@id\":\"https:\\\/\\\/nordlinepaadid.ee\\\/et\\\/pood\\\/electrical-equipments\\\/batteries-chargers-inverters\\\/akulaadija-victron-centaur-12-50-3\\\/#primaryimage\",\"url\":\"https:\\\/\\\/nordlinepaadid.ee\\\/wp-content\\\/uploads\\\/2026\\\/02\\\/Akulaadija-Victron-Centaur-1250-3.jpg\",\"contentUrl\":\"https:\\\/\\\/nordlinepaadid.ee\\\/wp-content\\\/uploads\\\/2026\\\/02\\\/Akulaadija-Victron-Centaur-1250-3.jpg\",\"width\":800,\"height\":800,\"caption\":\"Akulaadija Victron Centaur 12:50 (3)\"},{\"@type\":\"BreadcrumbList\",\"@id\":\"https:\\\/\\\/nordlinepaadid.ee\\\/et\\\/pood\\\/electrical-equipments\\\/batteries-chargers-inverters\\\/akulaadija-victron-centaur-12-50-3\\\/#breadcrumb\",\"itemListElement\":[{\"@type\":\"ListItem\",\"position\":1,\"name\":\"Home\",\"item\":\"https:\\\/\\\/nordlinepaadid.ee\\\/et\\\/\"},{\"@type\":\"ListItem\",\"position\":2,\"name\":\"Pood\",\"item\":\"https:\\\/\\\/nordlinepaadid.ee\\\/et\\\/pood\\\/\"},{\"@type\":\"ListItem\",\"position\":3,\"name\":\"Akulaadija Victron Centaur 12\\\/50 (3)\"}]},{\"@type\":\"WebSite\",\"@id\":\"https:\\\/\\\/nordlinepaadid.ee\\\/et\\\/#website\",\"url\":\"https:\\\/\\\/nordlinepaadid.ee\\\/et\\\/\",\"name\":\"NORDLINE s\u00f5udepaadid ja mootorpaadid. Klaasfiiber materjalist.\",\"description\":\"\",\"publisher\":{\"@id\":\"https:\\\/\\\/nordlinepaadid.ee\\\/et\\\/#organization\"},\"potentialAction\":[{\"@type\":\"SearchAction\",\"target\":{\"@type\":\"EntryPoint\",\"urlTemplate\":\"https:\\\/\\\/nordlinepaadid.ee\\\/et\\\/?s={search_term_string}\"},\"query-input\":{\"@type\":\"PropertyValueSpecification\",\"valueRequired\":true,\"valueName\":\"search_term_string\"}}],\"inLanguage\":\"et\"},{\"@type\":\"Organization\",\"@id\":\"https:\\\/\\\/nordlinepaadid.ee\\\/et\\\/#organization\",\"name\":\"Nordlineboats\",\"url\":\"https:\\\/\\\/nordlinepaadid.ee\\\/et\\\/\",\"logo\":{\"@type\":\"ImageObject\",\"inLanguage\":\"et\",\"@id\":\"https:\\\/\\\/nordlinepaadid.ee\\\/et\\\/#\\\/schema\\\/logo\\\/image\\\/\",\"url\":\"https:\\\/\\\/nordlinepaadid.ee\\\/wp-content\\\/uploads\\\/2023\\\/01\\\/fulllogo_transparent_nobuffer-e1672750475494.png\",\"contentUrl\":\"https:\\\/\\\/nordlinepaadid.ee\\\/wp-content\\\/uploads\\\/2023\\\/01\\\/fulllogo_transparent_nobuffer-e1672750475494.png\",\"width\":150,\"height\":119,\"caption\":\"Nordlineboats\"},\"image\":{\"@id\":\"https:\\\/\\\/nordlinepaadid.ee\\\/et\\\/#\\\/schema\\\/logo\\\/image\\\/\"},\"sameAs\":[\"https:\\\/\\\/www.facebook.com\\\/nordlineboats\",\"https:\\\/\\\/www.youtube.com\\\/channel\\\/UCbgF0fy02y3QkFnujaLTaCA\"]}]}<\/script>\n<!-- \/ Yoast SEO plugin. -->","yoast_head_json":{"title":"Akulaadija Victron Centaur 12\/50 (3)","description":"Laadimisvool \u2013 50A. 3 eraldi v\u00e4ljundit \u2013 kolme aku samaaegne laadimine. M\u00f5eldud paatidele, t\u00f6\u00f6stusele ja p\u00fcsipaigalduseks.","robots":{"index":"index","follow":"follow","max-snippet":"max-snippet:-1","max-image-preview":"max-image-preview:large","max-video-preview":"max-video-preview:-1"},"canonical":"https:\/\/nordlinepaadid.ee\/et\/pood\/electrical-equipments\/batteries-chargers-inverters\/akulaadija-victron-centaur-12-50-3\/","og_locale":"et_EE","og_type":"article","og_title":"Akulaadija Victron Centaur 12\/50 (3)","og_description":"Laadimisvool \u2013 50A. 3 eraldi v\u00e4ljundit \u2013 kolme aku samaaegne laadimine. M\u00f5eldud paatidele, t\u00f6\u00f6stusele ja p\u00fcsipaigalduseks.","og_url":"https:\/\/nordlinepaadid.ee\/et\/pood\/electrical-equipments\/batteries-chargers-inverters\/akulaadija-victron-centaur-12-50-3\/","og_site_name":"NORDLINE s\u00f5udepaadid ja mootorpaadid. Klaasfiiber materjalist.","article_publisher":"https:\/\/www.facebook.com\/nordlineboats","article_modified_time":"2026-02-17T08:24:30+00:00","og_image":[{"width":800,"height":800,"url":"https:\/\/nordlinepaadid.ee\/wp-content\/uploads\/2026\/02\/Akulaadija-Victron-Centaur-1250-3.jpg","type":"image\/jpeg"}],"twitter_card":"summary_large_image","twitter_misc":{"Est. reading time":"2 minutit"},"schema":{"@context":"https:\/\/schema.org","@graph":[{"@type":"WebPage","@id":"https:\/\/nordlinepaadid.ee\/et\/pood\/electrical-equipments\/batteries-chargers-inverters\/akulaadija-victron-centaur-12-50-3\/","url":"https:\/\/nordlinepaadid.ee\/et\/pood\/electrical-equipments\/batteries-chargers-inverters\/akulaadija-victron-centaur-12-50-3\/","name":"Akulaadija Victron Centaur 12\/50 (3)","isPartOf":{"@id":"https:\/\/nordlinepaadid.ee\/et\/#website"},"primaryImageOfPage":{"@id":"https:\/\/nordlinepaadid.ee\/et\/pood\/electrical-equipments\/batteries-chargers-inverters\/akulaadija-victron-centaur-12-50-3\/#primaryimage"},"image":{"@id":"https:\/\/nordlinepaadid.ee\/et\/pood\/electrical-equipments\/batteries-chargers-inverters\/akulaadija-victron-centaur-12-50-3\/#primaryimage"},"thumbnailUrl":"https:\/\/nordlinepaadid.ee\/wp-content\/uploads\/2026\/02\/Akulaadija-Victron-Centaur-1250-3.jpg","datePublished":"2026-02-17T08:20:59+00:00","dateModified":"2026-02-17T08:24:30+00:00","description":"Laadimisvool \u2013 50A. 3 eraldi v\u00e4ljundit \u2013 kolme aku samaaegne laadimine. M\u00f5eldud paatidele, t\u00f6\u00f6stusele ja p\u00fcsipaigalduseks.","breadcrumb":{"@id":"https:\/\/nordlinepaadid.ee\/et\/pood\/electrical-equipments\/batteries-chargers-inverters\/akulaadija-victron-centaur-12-50-3\/#breadcrumb"},"inLanguage":"et","potentialAction":[{"@type":"ReadAction","target":["https:\/\/nordlinepaadid.ee\/et\/pood\/electrical-equipments\/batteries-chargers-inverters\/akulaadija-victron-centaur-12-50-3\/"]}]},{"@type":"ImageObject","inLanguage":"et","@id":"https:\/\/nordlinepaadid.ee\/et\/pood\/electrical-equipments\/batteries-chargers-inverters\/akulaadija-victron-centaur-12-50-3\/#primaryimage","url":"https:\/\/nordlinepaadid.ee\/wp-content\/uploads\/2026\/02\/Akulaadija-Victron-Centaur-1250-3.jpg","contentUrl":"https:\/\/nordlinepaadid.ee\/wp-content\/uploads\/2026\/02\/Akulaadija-Victron-Centaur-1250-3.jpg","width":800,"height":800,"caption":"Akulaadija Victron Centaur 12:50 (3)"},{"@type":"BreadcrumbList","@id":"https:\/\/nordlinepaadid.ee\/et\/pood\/electrical-equipments\/batteries-chargers-inverters\/akulaadija-victron-centaur-12-50-3\/#breadcrumb","itemListElement":[{"@type":"ListItem","position":1,"name":"Home","item":"https:\/\/nordlinepaadid.ee\/et\/"},{"@type":"ListItem","position":2,"name":"Pood","item":"https:\/\/nordlinepaadid.ee\/et\/pood\/"},{"@type":"ListItem","position":3,"name":"Akulaadija Victron Centaur 12\/50 (3)"}]},{"@type":"WebSite","@id":"https:\/\/nordlinepaadid.ee\/et\/#website","url":"https:\/\/nordlinepaadid.ee\/et\/","name":"NORDLINE s\u00f5udepaadid ja mootorpaadid. Klaasfiiber materjalist.","description":"","publisher":{"@id":"https:\/\/nordlinepaadid.ee\/et\/#organization"},"potentialAction":[{"@type":"SearchAction","target":{"@type":"EntryPoint","urlTemplate":"https:\/\/nordlinepaadid.ee\/et\/?s={search_term_string}"},"query-input":{"@type":"PropertyValueSpecification","valueRequired":true,"valueName":"search_term_string"}}],"inLanguage":"et"},{"@type":"Organization","@id":"https:\/\/nordlinepaadid.ee\/et\/#organization","name":"Nordlineboats","url":"https:\/\/nordlinepaadid.ee\/et\/","logo":{"@type":"ImageObject","inLanguage":"et","@id":"https:\/\/nordlinepaadid.ee\/et\/#\/schema\/logo\/image\/","url":"https:\/\/nordlinepaadid.ee\/wp-content\/uploads\/2023\/01\/fulllogo_transparent_nobuffer-e1672750475494.png","contentUrl":"https:\/\/nordlinepaadid.ee\/wp-content\/uploads\/2023\/01\/fulllogo_transparent_nobuffer-e1672750475494.png","width":150,"height":119,"caption":"Nordlineboats"},"image":{"@id":"https:\/\/nordlinepaadid.ee\/et\/#\/schema\/logo\/image\/"},"sameAs":["https:\/\/www.facebook.com\/nordlineboats","https:\/\/www.youtube.com\/channel\/UCbgF0fy02y3QkFnujaLTaCA"]}]}},"taxonomy_info":{"product_cat":[{"value":251,"label":"Akud, Akulaadijad, Inverterid"},{"value":1862,"label":"Akulaadijad"}]},"featured_image_src_large":["https:\/\/nordlinepaadid.ee\/wp-content\/uploads\/2026\/02\/Akulaadija-Victron-Centaur-1250-3.jpg",800,800,false],"author_info":[],"comment_info":"","_links":{"self":[{"href":"https:\/\/nordlinepaadid.ee\/et\/wp-json\/wp\/v2\/product\/56590","targetHints":{"allow":["GET"]}}],"collection":[{"href":"https:\/\/nordlinepaadid.ee\/et\/wp-json\/wp\/v2\/product"}],"about":[{"href":"https:\/\/nordlinepaadid.ee\/et\/wp-json\/wp\/v2\/types\/product"}],"wp:featuredmedia":[{"embeddable":true,"href":"https:\/\/nordlinepaadid.ee\/et\/wp-json\/wp\/v2\/media\/56591"}],"wp:attachment":[{"href":"https:\/\/nordlinepaadid.ee\/et\/wp-json\/wp\/v2\/media?parent=56590"}],"wp:term":[{"taxonomy":"product_brand","embeddable":true,"href":"https:\/\/nordlinepaadid.ee\/et\/wp-json\/wp\/v2\/product_brand?post=56590"},{"taxonomy":"product_cat","embeddable":true,"href":"https:\/\/nordlinepaadid.ee\/et\/wp-json\/wp\/v2\/product_cat?post=56590"},{"taxonomy":"product_tag","embeddable":true,"href":"https:\/\/nordlinepaadid.ee\/et\/wp-json\/wp\/v2\/product_tag?post=56590"}],"curies":[{"name":"wp","href":"https:\/\/api.w.org\/{rel}","templated":true}]}}