{"id":56606,"date":"2026-02-17T11:44:40","date_gmt":"2026-02-17T09:44:40","guid":{"rendered":"https:\/\/nordlinepaadid.ee\/?post_type=product&#038;p=56606"},"modified":"2026-02-17T11:47:51","modified_gmt":"2026-02-17T09:47:51","slug":"akulaadija-victron-smart-ip43-charger-12-30-3","status":"publish","type":"product","link":"https:\/\/nordlinepaadid.ee\/et\/pood\/electrical-equipments\/batteries-chargers-inverters\/akulaadija-victron-smart-ip43-charger-12-30-3\/","title":{"rendered":"Akulaadija Victron Smart IP43 Charger 12\/30(3)"},"content":{"rendered":"<div class=\"flex flex-col text-sm pb-25\">\n<article class=\"text-token-text-primary w-full focus:outline-none [--shadow-height:45px] has-data-writing-block:pointer-events-none has-data-writing-block:-mt-(--shadow-height) has-data-writing-block:pt-(--shadow-height) [&amp;:has([data-writing-block])&gt;*]:pointer-events-auto scroll-mt-[calc(var(--header-height)+min(200px,max(70px,20svh)))]\" dir=\"auto\" tabindex=\"-1\" data-turn-id=\"request-699311c8-a280-8386-a266-addaa119dced-22\" data-testid=\"conversation-turn-58\" data-scroll-anchor=\"true\" data-turn=\"assistant\">\n<div class=\"text-base my-auto mx-auto pb-10 [--thread-content-margin:--spacing(4)] @w-sm\/main:[--thread-content-margin:--spacing(6)] @w-lg\/main:[--thread-content-margin:--spacing(16)] px-(--thread-content-margin)\">\n<div class=\"[--thread-content-max-width:40rem] @w-lg\/main:[--thread-content-max-width:48rem] mx-auto max-w-(--thread-content-max-width) flex-1 group\/turn-messages focus-visible:outline-hidden relative flex w-full min-w-0 flex-col agent-turn\" tabindex=\"-1\">\n<div class=\"flex max-w-full flex-col grow\">\n<div class=\"min-h-8 text-message relative flex w-full flex-col items-end gap-2 text-start break-words whitespace-normal [.text-message+&amp;]:mt-1\" dir=\"auto\" data-message-author-role=\"assistant\" data-message-id=\"e80047aa-5f91-4d47-b558-3bb1055b5c7e\" data-message-model-slug=\"gpt-5-2\">\n<div class=\"flex w-full flex-col gap-1 empty:hidden first:pt-[1px]\">\n<div class=\"markdown prose dark:prose-invert w-full wrap-break-word light markdown-new-styling\">\n<h1 class=\"product_title entry-title\">Akulaadija Victron Smart IP43 Charger 12\/30(3)<\/h1>\n<p><span style=\"font-family: inherit; font-size: 24px; font-weight: bold;\">Peamised eelised\u00a0<\/span><\/p>\n<ul data-start=\"306\" data-end=\"546\">\n<li data-start=\"306\" data-end=\"359\">\n<p data-start=\"308\" data-end=\"359\">Laeb tarbeaku ja hoiab starteraku automaatselt t\u00e4is<\/p>\n<\/li>\n<li data-start=\"360\" data-end=\"390\">\n<p data-start=\"362\" data-end=\"390\">Sobib LiFePO4 ja pliiakudele<\/p>\n<\/li>\n<li data-start=\"391\" data-end=\"423\">\n<p data-start=\"393\" data-end=\"423\">V\u00f5ib j\u00e4\u00e4da p\u00fcsivalt \u00fchendatuks<\/p>\n<\/li>\n<li data-start=\"424\" data-end=\"465\">\n<p data-start=\"426\" data-end=\"465\">N\u00e4ed laadimist ja veateateid telefonist<\/p>\n<\/li>\n<li data-start=\"466\" data-end=\"510\">\n<p data-start=\"468\" data-end=\"510\">Pikendab aku eluiga adaptiivse laadimisega<\/p>\n<\/li>\n<li data-start=\"511\" data-end=\"546\">\n<p data-start=\"513\" data-end=\"546\">Ideaalne paatidele ja camperitele<\/p>\n<\/li>\n<\/ul>\n<p data-start=\"548\" data-end=\"659\"><em data-start=\"548\" data-end=\"621\">(1+1 mudel: p\u00f5hi v\u00e4ljund t\u00e4isv\u00f5imsusega, starteraku v\u00e4ljund kuni ~3\u20134A)<\/em><\/p>\n<hr data-start=\"661\" data-end=\"664\" \/>\n<h3 data-start=\"666\" data-end=\"687\">Tehnilised andmed<\/h3>\n<ul data-start=\"688\" data-end=\"1407\">\n<li data-start=\"688\" data-end=\"712\">\n<p data-start=\"690\" data-end=\"712\">Tootja: Victron Energy<\/p>\n<\/li>\n<li data-start=\"713\" data-end=\"752\">\n<p data-start=\"715\" data-end=\"752\">Mudel: Smart IP43 Charger 12\/30 (1+1)<\/p>\n<\/li>\n<li data-start=\"753\" data-end=\"770\">\n<p data-start=\"755\" data-end=\"770\">Laadimispinge \u2013 14,2V\/14,4V\/14,7V<\/p>\n<\/li>\n<li data-start=\"771\" data-end=\"841\">\n<p data-start=\"773\" data-end=\"841\">Maksimaalne laadimisvool: 30 A ( 15A madal laadimisvool)<\/p>\n<\/li>\n<li data-start=\"842\" data-end=\"910\">\n<p data-start=\"844\" data-end=\"910\">Starteraku v\u00e4ljund: kuni 4 A<\/p>\n<\/li>\n<li data-start=\"911\" data-end=\"947\">\n<p data-start=\"913\" data-end=\"947\">V\u00e4ljundite arv: 3<\/p>\n<\/li>\n<li data-start=\"948\" data-end=\"1012\">\n<p data-start=\"950\" data-end=\"1012\">Sisendpinge: 120\u2013240 VAC<\/p>\n<\/li>\n<li data-start=\"1013\" data-end=\"1078\">\n<p data-start=\"1015\" data-end=\"1078\">Sisendvahemik: 85\u2013250 VAC<\/p>\n<\/li>\n<li data-start=\"1079\" data-end=\"1136\">\n<p data-start=\"1081\" data-end=\"1136\">Sagedus: 45\u201365 Hz<\/p>\n<\/li>\n<li data-start=\"1137\" data-end=\"1199\">\n<p data-start=\"1139\" data-end=\"1199\">Efektiivsus: kuni ~95%<\/p>\n<\/li>\n<li data-start=\"1200\" data-end=\"1286\">\n<p data-start=\"1202\" data-end=\"1286\">Kaitseklass: elektroonika IP43, \u00fchendused IP22<\/p>\n<\/li>\n<li data-start=\"1287\" data-end=\"1353\">\n<p data-start=\"1289\" data-end=\"1353\">M\u00f5\u00f5dud: 180 \u00d7 249 \u00d7 116 mm<\/p>\n<\/li>\n<li data-start=\"1354\" data-end=\"1407\">\n<p data-start=\"1356\" data-end=\"1407\">Kaal: ~2,7 kg<\/p>\n<\/li>\n<\/ul>\n<hr data-start=\"1409\" data-end=\"1412\" \/>\n<h3 data-start=\"1414\" data-end=\"1434\">Laadimisalgoritm<\/h3>\n<p data-start=\"1435\" data-end=\"1471\">Adaptiivne mitmeastmeline laadimine:<\/p>\n<ul data-start=\"1472\" data-end=\"1563\">\n<li data-start=\"1472\" data-end=\"1478\">\n<p data-start=\"1474\" data-end=\"1478\">Bulk<\/p>\n<\/li>\n<li data-start=\"1479\" data-end=\"1491\">\n<p data-start=\"1481\" data-end=\"1491\">Absorption<\/p>\n<\/li>\n<li data-start=\"1492\" data-end=\"1505\">\n<p data-start=\"1494\" data-end=\"1505\">Recondition<\/p>\n<\/li>\n<li data-start=\"1506\" data-end=\"1513\">\n<p data-start=\"1508\" data-end=\"1513\">Float<\/p>\n<\/li>\n<li data-start=\"1514\" data-end=\"1563\">\n<p data-start=\"1516\" data-end=\"1563\">Storage<\/p>\n<\/li>\n<\/ul>\n<p data-start=\"1565\" data-end=\"1654\">Automaatne laadimise optimeerimine kasutuse j\u00e4rgi<\/p>\n<hr data-start=\"1656\" data-end=\"1659\" \/>\n<h3 data-start=\"1661\" data-end=\"1678\">Aku \u00fchilduvus<\/h3>\n<ul data-start=\"1679\" data-end=\"1757\">\n<li data-start=\"1679\" data-end=\"1695\">\n<p data-start=\"1681\" data-end=\"1695\">Pliihape (WET)<\/p>\n<\/li>\n<li data-start=\"1696\" data-end=\"1701\">\n<p data-start=\"1698\" data-end=\"1701\">AGM<\/p>\n<\/li>\n<li data-start=\"1702\" data-end=\"1707\">\n<p data-start=\"1704\" data-end=\"1707\">GEL<\/p>\n<\/li>\n<li data-start=\"1708\" data-end=\"1757\">\n<p data-start=\"1710\" data-end=\"1757\">LiFePO4<\/p>\n<\/li>\n<\/ul>\n<hr data-start=\"1759\" data-end=\"1762\" \/>\n<h3 data-start=\"1764\" data-end=\"1780\">Funktsioonid<\/h3>\n<ul data-start=\"1781\" data-end=\"2206\">\n<li data-start=\"1781\" data-end=\"1849\">\n<p data-start=\"1783\" data-end=\"1849\">Bluetooth (VictronConnect)<\/p>\n<\/li>\n<li data-start=\"1850\" data-end=\"1908\">\n<p data-start=\"1852\" data-end=\"1908\">VE.Direct liides<\/p>\n<\/li>\n<li data-start=\"1909\" data-end=\"1972\">\n<p data-start=\"1911\" data-end=\"1972\">Programmeeritav relee<\/p>\n<\/li>\n<li data-start=\"1973\" data-end=\"2041\">\n<p data-start=\"1975\" data-end=\"2041\">Temperatuurikompensatsioon<\/p>\n<\/li>\n<li data-start=\"2042\" data-end=\"2120\">\n<p data-start=\"2044\" data-end=\"2120\">Hoolduslaadimine pika seismise jaoks<\/p>\n<\/li>\n<li data-start=\"2121\" data-end=\"2206\">\n<p data-start=\"2123\" data-end=\"2206\">L\u00fchise, \u00fclekuumenemise ja polaarsuse kaitse<\/p>\n<\/li>\n<\/ul>\n<hr data-start=\"2208\" data-end=\"2211\" \/>\n<h3 data-start=\"2213\" data-end=\"2225\">Komplekt<\/h3>\n<ul data-start=\"2226\" data-end=\"2335\">\n<li data-start=\"2226\" data-end=\"2238\">\n<p data-start=\"2228\" data-end=\"2238\">Akulaadija<\/p>\n<\/li>\n<li data-start=\"2239\" data-end=\"2335\">\n<p data-start=\"2241\" data-end=\"2335\">Paigaldusjuhend<br data-start=\"2256\" data-end=\"2259\" \/><em data-start=\"2259\" data-end=\"2295\">(AC toitekaabel tellitakse eraldi)<\/em><\/p>\n<\/li>\n<\/ul>\n<hr data-start=\"2337\" data-end=\"2340\" \/>\n<h3 data-start=\"2342\" data-end=\"2361\">Kasutusvaldkond<\/h3>\n<ul data-start=\"2362\" data-end=\"2471\">\n<li data-start=\"2362\" data-end=\"2391\">\n<p data-start=\"2364\" data-end=\"2391\">Paadid (starter + tarbeaku)<\/p>\n<\/li>\n<li data-start=\"2392\" data-end=\"2421\">\n<p data-start=\"2394\" data-end=\"2421\">Matkaautod ja haagissuvilad<\/p>\n<\/li>\n<li data-start=\"2422\" data-end=\"2442\">\n<p data-start=\"2424\" data-end=\"2442\">Off-grid s\u00fcsteemid<\/p>\n<\/li>\n<li data-start=\"2443\" data-end=\"2471\">\n<p data-start=\"2445\" data-end=\"2471\">P\u00fcsipaigaldusega akupangad<\/p>\n<\/li>\n<\/ul>\n<hr data-start=\"2473\" data-end=\"2476\" \/>\n<p data-start=\"2478\" data-end=\"2593\"><strong data-start=\"2478\" data-end=\"2498\">1+1 mudeli m\u00f5te:<\/strong><br data-start=\"2498\" data-end=\"2501\" \/>\u00fcks laadija hooldab kahte akut \u2013 suur tarbeaku saab p\u00f5hivoolu ja starteraku j\u00e4\u00e4b alati t\u00e4is.<\/p>\n<\/div>\n<\/div>\n<\/div>\n<\/div>\n<div class=\"z-0 flex min-h-[46px] justify-start\"><\/div>\n<div class=\"mt-3 w-full empty:hidden\"><\/div>\n<\/div>\n<\/div>\n<\/article>\n<\/div>\n","protected":false},"excerpt":{"rendered":"<p>V\u00e4ljundid: 3 (n\u00e4iteks \u00a02 koduakut + starteraku hooldus)<br \/>\nNutikas statsionaarne 12V akulaadija<br \/>\n1 p\u00f5hiaku v\u00e4ljund + starteraku hooldusv\u00e4ljund<br \/>\nBluetooth j\u00e4lgimine ja seadistamine telefonist<br \/>\n\u00dcks laadija hoiab korraga korras nii tarbeaku kui starteraku \u2013 eraldi laadijat pole vaja.<br \/>\nLaadimisvool \u2013 30A ( 15A madal laadimisvool)<\/p>\n","protected":false},"featured_media":56607,"template":"","meta":{"_kad_blocks_custom_css":"","_kad_blocks_head_custom_js":"","_kad_blocks_body_custom_js":"","_kad_blocks_footer_custom_js":"","_kad_post_transparent":"default","_kad_post_title":"","_kad_post_layout":"default","_kad_post_sidebar_id":"","_kad_post_content_style":"default","_kad_post_vertical_padding":"default","_kad_post_feature":"","_kad_post_feature_position":"","_kad_post_header":false,"_kad_post_footer":false,"_kad_post_classname":""},"product_brand":[],"product_cat":[251,1862],"product_tag":[],"class_list":{"0":"post-56606","1":"product","2":"type-product","3":"status-publish","4":"has-post-thumbnail","6":"product_cat-batteries-chargers-inverters","7":"product_cat-akulaadijad","8":"tm-no-options","10":"first","11":"onbackorder","12":"sale","13":"taxable","14":"shipping-taxable","15":"purchasable","16":"product-type-simple","17":"entry","18":"content-bg","19":"loop-entry"},"yoast_head":"<!-- This site is optimized with the Yoast SEO plugin v27.3 - https:\/\/yoast.com\/product\/yoast-seo-wordpress\/ -->\n<title>Akulaadija Victron Smart IP43 Charger 12\/30 (3)<\/title>\n<meta name=\"description\" content=\"12V laadija 30A laadimisvooluga. V\u00e4ljundid: 3 (n\u00e4iteks \u00a02 koduakut + starteraku hooldus). Bluetooth j\u00e4lgimine ja seadistamine telefonist.\" \/>\n<meta name=\"robots\" content=\"index, follow, max-snippet:-1, max-image-preview:large, max-video-preview:-1\" \/>\n<link rel=\"canonical\" href=\"https:\/\/nordlinepaadid.ee\/et\/pood\/electrical-equipments\/batteries-chargers-inverters\/akulaadija-victron-smart-ip43-charger-12-30-3\/\" \/>\n<meta property=\"og:locale\" content=\"et_EE\" \/>\n<meta property=\"og:type\" content=\"article\" \/>\n<meta property=\"og:title\" content=\"Akulaadija Victron Smart IP43 Charger 12\/30 (3)\" \/>\n<meta property=\"og:description\" content=\"12V laadija 30A laadimisvooluga. V\u00e4ljundid: 3 (n\u00e4iteks \u00a02 koduakut + starteraku hooldus). Bluetooth j\u00e4lgimine ja seadistamine telefonist.\" \/>\n<meta property=\"og:url\" content=\"https:\/\/nordlinepaadid.ee\/et\/pood\/electrical-equipments\/batteries-chargers-inverters\/akulaadija-victron-smart-ip43-charger-12-30-3\/\" \/>\n<meta property=\"og:site_name\" content=\"NORDLINE s\u00f5udepaadid ja mootorpaadid. Klaasfiiber materjalist.\" \/>\n<meta property=\"article:publisher\" content=\"https:\/\/www.facebook.com\/nordlineboats\" \/>\n<meta property=\"article:modified_time\" content=\"2026-02-17T09:47:51+00:00\" \/>\n<meta property=\"og:image\" content=\"https:\/\/nordlinepaadid.ee\/wp-content\/uploads\/2026\/02\/Akulaadija-Victron-Smart-IP43-Charger-12303.jpg\" \/>\n\t<meta property=\"og:image:width\" content=\"425\" \/>\n\t<meta property=\"og:image:height\" content=\"354\" \/>\n\t<meta property=\"og:image:type\" content=\"image\/jpeg\" \/>\n<meta name=\"twitter:card\" content=\"summary_large_image\" \/>\n<meta name=\"twitter:label1\" content=\"Est. reading time\" \/>\n\t<meta name=\"twitter:data1\" content=\"2 minutit\" \/>\n<script type=\"application\/ld+json\" class=\"yoast-schema-graph\">{\"@context\":\"https:\\\/\\\/schema.org\",\"@graph\":[{\"@type\":\"WebPage\",\"@id\":\"https:\\\/\\\/nordlinepaadid.ee\\\/et\\\/pood\\\/electrical-equipments\\\/batteries-chargers-inverters\\\/akulaadija-victron-smart-ip43-charger-12-30-3\\\/\",\"url\":\"https:\\\/\\\/nordlinepaadid.ee\\\/et\\\/pood\\\/electrical-equipments\\\/batteries-chargers-inverters\\\/akulaadija-victron-smart-ip43-charger-12-30-3\\\/\",\"name\":\"Akulaadija Victron Smart IP43 Charger 12\\\/30 (3)\",\"isPartOf\":{\"@id\":\"https:\\\/\\\/nordlinepaadid.ee\\\/et\\\/#website\"},\"primaryImageOfPage\":{\"@id\":\"https:\\\/\\\/nordlinepaadid.ee\\\/et\\\/pood\\\/electrical-equipments\\\/batteries-chargers-inverters\\\/akulaadija-victron-smart-ip43-charger-12-30-3\\\/#primaryimage\"},\"image\":{\"@id\":\"https:\\\/\\\/nordlinepaadid.ee\\\/et\\\/pood\\\/electrical-equipments\\\/batteries-chargers-inverters\\\/akulaadija-victron-smart-ip43-charger-12-30-3\\\/#primaryimage\"},\"thumbnailUrl\":\"https:\\\/\\\/nordlinepaadid.ee\\\/wp-content\\\/uploads\\\/2026\\\/02\\\/Akulaadija-Victron-Smart-IP43-Charger-12303.jpg\",\"datePublished\":\"2026-02-17T09:44:40+00:00\",\"dateModified\":\"2026-02-17T09:47:51+00:00\",\"description\":\"12V laadija 30A laadimisvooluga. V\u00e4ljundid: 3 (n\u00e4iteks \u00a02 koduakut + starteraku hooldus). Bluetooth j\u00e4lgimine ja seadistamine telefonist.\",\"breadcrumb\":{\"@id\":\"https:\\\/\\\/nordlinepaadid.ee\\\/et\\\/pood\\\/electrical-equipments\\\/batteries-chargers-inverters\\\/akulaadija-victron-smart-ip43-charger-12-30-3\\\/#breadcrumb\"},\"inLanguage\":\"et\",\"potentialAction\":[{\"@type\":\"ReadAction\",\"target\":[\"https:\\\/\\\/nordlinepaadid.ee\\\/et\\\/pood\\\/electrical-equipments\\\/batteries-chargers-inverters\\\/akulaadija-victron-smart-ip43-charger-12-30-3\\\/\"]}]},{\"@type\":\"ImageObject\",\"inLanguage\":\"et\",\"@id\":\"https:\\\/\\\/nordlinepaadid.ee\\\/et\\\/pood\\\/electrical-equipments\\\/batteries-chargers-inverters\\\/akulaadija-victron-smart-ip43-charger-12-30-3\\\/#primaryimage\",\"url\":\"https:\\\/\\\/nordlinepaadid.ee\\\/wp-content\\\/uploads\\\/2026\\\/02\\\/Akulaadija-Victron-Smart-IP43-Charger-12303.jpg\",\"contentUrl\":\"https:\\\/\\\/nordlinepaadid.ee\\\/wp-content\\\/uploads\\\/2026\\\/02\\\/Akulaadija-Victron-Smart-IP43-Charger-12303.jpg\",\"width\":425,\"height\":354,\"caption\":\"Akulaadija Victron Smart IP43 Charger 12:30(3)\"},{\"@type\":\"BreadcrumbList\",\"@id\":\"https:\\\/\\\/nordlinepaadid.ee\\\/et\\\/pood\\\/electrical-equipments\\\/batteries-chargers-inverters\\\/akulaadija-victron-smart-ip43-charger-12-30-3\\\/#breadcrumb\",\"itemListElement\":[{\"@type\":\"ListItem\",\"position\":1,\"name\":\"Home\",\"item\":\"https:\\\/\\\/nordlinepaadid.ee\\\/et\\\/\"},{\"@type\":\"ListItem\",\"position\":2,\"name\":\"Pood\",\"item\":\"https:\\\/\\\/nordlinepaadid.ee\\\/et\\\/pood\\\/\"},{\"@type\":\"ListItem\",\"position\":3,\"name\":\"Akulaadija Victron Smart IP43 Charger 12\\\/30(3)\"}]},{\"@type\":\"WebSite\",\"@id\":\"https:\\\/\\\/nordlinepaadid.ee\\\/et\\\/#website\",\"url\":\"https:\\\/\\\/nordlinepaadid.ee\\\/et\\\/\",\"name\":\"NORDLINE s\u00f5udepaadid ja mootorpaadid. Klaasfiiber materjalist.\",\"description\":\"\",\"publisher\":{\"@id\":\"https:\\\/\\\/nordlinepaadid.ee\\\/et\\\/#organization\"},\"potentialAction\":[{\"@type\":\"SearchAction\",\"target\":{\"@type\":\"EntryPoint\",\"urlTemplate\":\"https:\\\/\\\/nordlinepaadid.ee\\\/et\\\/?s={search_term_string}\"},\"query-input\":{\"@type\":\"PropertyValueSpecification\",\"valueRequired\":true,\"valueName\":\"search_term_string\"}}],\"inLanguage\":\"et\"},{\"@type\":\"Organization\",\"@id\":\"https:\\\/\\\/nordlinepaadid.ee\\\/et\\\/#organization\",\"name\":\"Nordlineboats\",\"url\":\"https:\\\/\\\/nordlinepaadid.ee\\\/et\\\/\",\"logo\":{\"@type\":\"ImageObject\",\"inLanguage\":\"et\",\"@id\":\"https:\\\/\\\/nordlinepaadid.ee\\\/et\\\/#\\\/schema\\\/logo\\\/image\\\/\",\"url\":\"https:\\\/\\\/nordlinepaadid.ee\\\/wp-content\\\/uploads\\\/2023\\\/01\\\/fulllogo_transparent_nobuffer-e1672750475494.png\",\"contentUrl\":\"https:\\\/\\\/nordlinepaadid.ee\\\/wp-content\\\/uploads\\\/2023\\\/01\\\/fulllogo_transparent_nobuffer-e1672750475494.png\",\"width\":150,\"height\":119,\"caption\":\"Nordlineboats\"},\"image\":{\"@id\":\"https:\\\/\\\/nordlinepaadid.ee\\\/et\\\/#\\\/schema\\\/logo\\\/image\\\/\"},\"sameAs\":[\"https:\\\/\\\/www.facebook.com\\\/nordlineboats\",\"https:\\\/\\\/www.youtube.com\\\/channel\\\/UCbgF0fy02y3QkFnujaLTaCA\"]}]}<\/script>\n<!-- \/ Yoast SEO plugin. -->","yoast_head_json":{"title":"Akulaadija Victron Smart IP43 Charger 12\/30 (3)","description":"12V laadija 30A laadimisvooluga. V\u00e4ljundid: 3 (n\u00e4iteks \u00a02 koduakut + starteraku hooldus). Bluetooth j\u00e4lgimine ja seadistamine telefonist.","robots":{"index":"index","follow":"follow","max-snippet":"max-snippet:-1","max-image-preview":"max-image-preview:large","max-video-preview":"max-video-preview:-1"},"canonical":"https:\/\/nordlinepaadid.ee\/et\/pood\/electrical-equipments\/batteries-chargers-inverters\/akulaadija-victron-smart-ip43-charger-12-30-3\/","og_locale":"et_EE","og_type":"article","og_title":"Akulaadija Victron Smart IP43 Charger 12\/30 (3)","og_description":"12V laadija 30A laadimisvooluga. V\u00e4ljundid: 3 (n\u00e4iteks \u00a02 koduakut + starteraku hooldus). Bluetooth j\u00e4lgimine ja seadistamine telefonist.","og_url":"https:\/\/nordlinepaadid.ee\/et\/pood\/electrical-equipments\/batteries-chargers-inverters\/akulaadija-victron-smart-ip43-charger-12-30-3\/","og_site_name":"NORDLINE s\u00f5udepaadid ja mootorpaadid. Klaasfiiber materjalist.","article_publisher":"https:\/\/www.facebook.com\/nordlineboats","article_modified_time":"2026-02-17T09:47:51+00:00","og_image":[{"width":425,"height":354,"url":"https:\/\/nordlinepaadid.ee\/wp-content\/uploads\/2026\/02\/Akulaadija-Victron-Smart-IP43-Charger-12303.jpg","type":"image\/jpeg"}],"twitter_card":"summary_large_image","twitter_misc":{"Est. reading time":"2 minutit"},"schema":{"@context":"https:\/\/schema.org","@graph":[{"@type":"WebPage","@id":"https:\/\/nordlinepaadid.ee\/et\/pood\/electrical-equipments\/batteries-chargers-inverters\/akulaadija-victron-smart-ip43-charger-12-30-3\/","url":"https:\/\/nordlinepaadid.ee\/et\/pood\/electrical-equipments\/batteries-chargers-inverters\/akulaadija-victron-smart-ip43-charger-12-30-3\/","name":"Akulaadija Victron Smart IP43 Charger 12\/30 (3)","isPartOf":{"@id":"https:\/\/nordlinepaadid.ee\/et\/#website"},"primaryImageOfPage":{"@id":"https:\/\/nordlinepaadid.ee\/et\/pood\/electrical-equipments\/batteries-chargers-inverters\/akulaadija-victron-smart-ip43-charger-12-30-3\/#primaryimage"},"image":{"@id":"https:\/\/nordlinepaadid.ee\/et\/pood\/electrical-equipments\/batteries-chargers-inverters\/akulaadija-victron-smart-ip43-charger-12-30-3\/#primaryimage"},"thumbnailUrl":"https:\/\/nordlinepaadid.ee\/wp-content\/uploads\/2026\/02\/Akulaadija-Victron-Smart-IP43-Charger-12303.jpg","datePublished":"2026-02-17T09:44:40+00:00","dateModified":"2026-02-17T09:47:51+00:00","description":"12V laadija 30A laadimisvooluga. V\u00e4ljundid: 3 (n\u00e4iteks \u00a02 koduakut + starteraku hooldus). Bluetooth j\u00e4lgimine ja seadistamine telefonist.","breadcrumb":{"@id":"https:\/\/nordlinepaadid.ee\/et\/pood\/electrical-equipments\/batteries-chargers-inverters\/akulaadija-victron-smart-ip43-charger-12-30-3\/#breadcrumb"},"inLanguage":"et","potentialAction":[{"@type":"ReadAction","target":["https:\/\/nordlinepaadid.ee\/et\/pood\/electrical-equipments\/batteries-chargers-inverters\/akulaadija-victron-smart-ip43-charger-12-30-3\/"]}]},{"@type":"ImageObject","inLanguage":"et","@id":"https:\/\/nordlinepaadid.ee\/et\/pood\/electrical-equipments\/batteries-chargers-inverters\/akulaadija-victron-smart-ip43-charger-12-30-3\/#primaryimage","url":"https:\/\/nordlinepaadid.ee\/wp-content\/uploads\/2026\/02\/Akulaadija-Victron-Smart-IP43-Charger-12303.jpg","contentUrl":"https:\/\/nordlinepaadid.ee\/wp-content\/uploads\/2026\/02\/Akulaadija-Victron-Smart-IP43-Charger-12303.jpg","width":425,"height":354,"caption":"Akulaadija Victron Smart IP43 Charger 12:30(3)"},{"@type":"BreadcrumbList","@id":"https:\/\/nordlinepaadid.ee\/et\/pood\/electrical-equipments\/batteries-chargers-inverters\/akulaadija-victron-smart-ip43-charger-12-30-3\/#breadcrumb","itemListElement":[{"@type":"ListItem","position":1,"name":"Home","item":"https:\/\/nordlinepaadid.ee\/et\/"},{"@type":"ListItem","position":2,"name":"Pood","item":"https:\/\/nordlinepaadid.ee\/et\/pood\/"},{"@type":"ListItem","position":3,"name":"Akulaadija Victron Smart IP43 Charger 12\/30(3)"}]},{"@type":"WebSite","@id":"https:\/\/nordlinepaadid.ee\/et\/#website","url":"https:\/\/nordlinepaadid.ee\/et\/","name":"NORDLINE s\u00f5udepaadid ja mootorpaadid. Klaasfiiber materjalist.","description":"","publisher":{"@id":"https:\/\/nordlinepaadid.ee\/et\/#organization"},"potentialAction":[{"@type":"SearchAction","target":{"@type":"EntryPoint","urlTemplate":"https:\/\/nordlinepaadid.ee\/et\/?s={search_term_string}"},"query-input":{"@type":"PropertyValueSpecification","valueRequired":true,"valueName":"search_term_string"}}],"inLanguage":"et"},{"@type":"Organization","@id":"https:\/\/nordlinepaadid.ee\/et\/#organization","name":"Nordlineboats","url":"https:\/\/nordlinepaadid.ee\/et\/","logo":{"@type":"ImageObject","inLanguage":"et","@id":"https:\/\/nordlinepaadid.ee\/et\/#\/schema\/logo\/image\/","url":"https:\/\/nordlinepaadid.ee\/wp-content\/uploads\/2023\/01\/fulllogo_transparent_nobuffer-e1672750475494.png","contentUrl":"https:\/\/nordlinepaadid.ee\/wp-content\/uploads\/2023\/01\/fulllogo_transparent_nobuffer-e1672750475494.png","width":150,"height":119,"caption":"Nordlineboats"},"image":{"@id":"https:\/\/nordlinepaadid.ee\/et\/#\/schema\/logo\/image\/"},"sameAs":["https:\/\/www.facebook.com\/nordlineboats","https:\/\/www.youtube.com\/channel\/UCbgF0fy02y3QkFnujaLTaCA"]}]}},"taxonomy_info":{"product_cat":[{"value":251,"label":"Akud, Akulaadijad, Inverterid"},{"value":1862,"label":"Akulaadijad"}]},"featured_image_src_large":["https:\/\/nordlinepaadid.ee\/wp-content\/uploads\/2026\/02\/Akulaadija-Victron-Smart-IP43-Charger-12303.jpg",425,354,false],"author_info":[],"comment_info":"","_links":{"self":[{"href":"https:\/\/nordlinepaadid.ee\/et\/wp-json\/wp\/v2\/product\/56606","targetHints":{"allow":["GET"]}}],"collection":[{"href":"https:\/\/nordlinepaadid.ee\/et\/wp-json\/wp\/v2\/product"}],"about":[{"href":"https:\/\/nordlinepaadid.ee\/et\/wp-json\/wp\/v2\/types\/product"}],"wp:featuredmedia":[{"embeddable":true,"href":"https:\/\/nordlinepaadid.ee\/et\/wp-json\/wp\/v2\/media\/56607"}],"wp:attachment":[{"href":"https:\/\/nordlinepaadid.ee\/et\/wp-json\/wp\/v2\/media?parent=56606"}],"wp:term":[{"taxonomy":"product_brand","embeddable":true,"href":"https:\/\/nordlinepaadid.ee\/et\/wp-json\/wp\/v2\/product_brand?post=56606"},{"taxonomy":"product_cat","embeddable":true,"href":"https:\/\/nordlinepaadid.ee\/et\/wp-json\/wp\/v2\/product_cat?post=56606"},{"taxonomy":"product_tag","embeddable":true,"href":"https:\/\/nordlinepaadid.ee\/et\/wp-json\/wp\/v2\/product_tag?post=56606"}],"curies":[{"name":"wp","href":"https:\/\/api.w.org\/{rel}","templated":true}]}}