{"id":56613,"date":"2026-02-17T12:59:54","date_gmt":"2026-02-17T10:59:54","guid":{"rendered":"https:\/\/nordlinepaadid.ee\/?post_type=product&#038;p=56613"},"modified":"2026-02-17T13:13:14","modified_gmt":"2026-02-17T11:13:14","slug":"akulaadija-inverter-victron-multiplus-12-1600-70-16","status":"publish","type":"product","link":"https:\/\/nordlinepaadid.ee\/et\/pood\/electrical-equipments\/inverter-laadijad\/akulaadija-inverter-victron-multiplus-12-1600-70-16\/","title":{"rendered":"Akulaadija-inverter Victron MultiPlus 12\/1600\/70-16"},"content":{"rendered":"<h2 data-start=\"41\" data-end=\"110\"><span class=\"hover:entity-accent entity-underline inline cursor-pointer align-baseline\"><span class=\"whitespace-normal\">Victron MultiPlus 12\/1600\/70-16<\/span><\/span><\/h2>\n<p data-start=\"50\" data-end=\"289\">Victron <strong data-start=\"58\" data-end=\"79\">MultiPlus Compact<\/strong>, <strong data-start=\"81\" data-end=\"94\">MultiPlus<\/strong> ja <strong data-start=\"98\" data-end=\"114\">MultiPlus II<\/strong> teevad k\u00f5ik sama p\u00f5hit\u00f6\u00f6d \u2013 nad on inverter-laadijad, mis muudavad aku 230 V-ks ja laevad akut kaldavoolust. Erinevus seisneb selles, kui \u201cnutikad\u201d ja milleks m\u00f5eldud nad on.<\/p>\n<ul data-start=\"291\" data-end=\"813\">\n<li data-start=\"291\" data-end=\"448\">\n<p data-start=\"293\" data-end=\"448\"><strong data-start=\"293\" data-end=\"314\">MultiPlus Compact<\/strong> \u2013 k\u00f5ige lihtsam ja vanem lahendus. M\u00f5eldud v\u00e4iksematele s\u00fcsteemidele (paat, matkaauto, suvila), kus vaja lihtsalt voolu ja laadimist.<\/p>\n<\/li>\n<li data-start=\"449\" data-end=\"631\">\n<p data-start=\"451\" data-end=\"631\"><strong data-start=\"451\" data-end=\"464\">MultiPlus<\/strong> \u2013 uuem ja v\u00f5imsam universaalmudel. Paadi ja camperi standard: parem laadimine, paralleelt\u00f6\u00f6 ja s\u00fcsteemi j\u00e4lgimine, kuid ei t\u00f6\u00f6ta v\u00f5rku tagasi andva energias\u00fcsteemina.<\/p>\n<\/li>\n<li data-start=\"632\" data-end=\"813\">\n<p data-start=\"634\" data-end=\"813\"><strong data-start=\"634\" data-end=\"650\">MultiPlus II<\/strong> \u2013 h\u00fcbriidinverter. M\u00f5eldud majadele ja p\u00e4ikeseelektrijaamadele: suudab juhtida energiatarbimist, t\u00f6\u00f6tada koos elektriv\u00f5rguga ja anda vajadusel voolu v\u00f5rku tagasi.<\/p>\n<\/li>\n<\/ul>\n<hr data-start=\"277\" data-end=\"280\" \/>\n<h1 data-start=\"282\" data-end=\"294\">P\u00f5hiandmed<\/h1>\n<ul data-start=\"295\" data-end=\"844\">\n<li data-start=\"295\" data-end=\"320\">\n<p data-start=\"297\" data-end=\"320\">S\u00fcsteemipinge: <strong data-start=\"312\" data-end=\"320\">12 V<\/strong><\/p>\n<\/li>\n<li data-start=\"321\" data-end=\"398\">\n<p data-start=\"323\" data-end=\"398\">Inverter: <strong data-start=\"333\" data-end=\"360\">1600 VA (~1300 W pidev)<\/strong><\/p>\n<\/li>\n<li data-start=\"399\" data-end=\"467\">\n<p data-start=\"401\" data-end=\"467\">Tippv\u00f5imsus: kuni <strong data-start=\"419\" data-end=\"429\">2800 W<\/strong><\/p>\n<\/li>\n<li data-start=\"399\" data-end=\"467\">Sisendpinge vahemik \u2013 9,5-17V<\/li>\n<li data-start=\"468\" data-end=\"525\">\n<p data-start=\"470\" data-end=\"525\">Laadimisvool \u2013 <strong>70A<\/strong><\/p>\n<\/li>\n<li data-start=\"526\" data-end=\"599\">\n<p data-start=\"528\" data-end=\"599\">Automaatne \u00fcmberl\u00fclitus: <strong data-start=\"553\" data-end=\"561\">16 A<\/strong><\/p>\n<\/li>\n<li data-start=\"600\" data-end=\"659\">\n<p data-start=\"602\" data-end=\"659\">Puhas siinusv\u00e4ljund<\/p>\n<\/li>\n<li data-start=\"660\" data-end=\"723\">\n<p data-start=\"662\" data-end=\"723\">UPS funktsioon (&lt;20 ms)<\/p>\n<\/li>\n<li data-start=\"724\" data-end=\"782\">\n<p data-start=\"726\" data-end=\"782\">Efektiivsus: ~93 %<\/p>\n<\/li>\n<li data-start=\"783\" data-end=\"844\">\n<p data-start=\"785\" data-end=\"844\">Paralleelt\u00f6\u00f6 v\u00f5imalik<\/p>\n<\/li>\n<\/ul>\n<p data-start=\"846\" data-end=\"868\">\ud83d\udc49 Ehk lihtsas keeles: <span style=\"font-family: var(--global-body-font-family);\">V\u00e4ike-keskmine paadi v\u00f5i camperi inverter-laadija, mis suudab ka kompressori, kohvimasina v\u00f5i v\u00e4ikse veepumba k\u00e4ivitada.<\/span><\/p>\n<hr data-start=\"993\" data-end=\"996\" \/>\n<h1 data-start=\"998\" data-end=\"1022\">Mida see p\u00e4riselt teeb<\/h1>\n<p data-start=\"1023\" data-end=\"1047\">See on <strong data-start=\"1030\" data-end=\"1046\">3-in-1 seade<\/strong>:<\/p>\n<h3 data-start=\"1049\" data-end=\"1064\">1) Inverter<\/h3>\n<p data-start=\"1065\" data-end=\"1139\">12 V aku \u2192 230 V koduvool<br data-start=\"1090\" data-end=\"1093\" \/>(t\u00f6\u00f6tavad k\u00f5ik seadmed, ka tundlik elektroonika)<\/p>\n<h3 data-start=\"1141\" data-end=\"1158\">2) Akulaadija<\/h3>\n<p data-start=\"1159\" data-end=\"1271\">Kaldavool \/ generaator \u2192 laeb akut<br data-start=\"1193\" data-end=\"1196\" \/>(adaptiivne laadimine, aku s\u00e4\u00e4stmine)<\/p>\n<h3 data-start=\"1273\" data-end=\"1303\">3) Automaatne \u00fcmberl\u00fclitus<\/h3>\n<p data-start=\"1304\" data-end=\"1365\">Kui kaldavool kaob \u2192 l\u00e4heb hetkega akule<\/p>\n<h1 data-start=\"1921\" data-end=\"1953\">Mille jaoks see k\u00f5ige parem on<\/h1>\n<p data-start=\"1954\" data-end=\"1976\">Praktiliselt ideaalne:<\/p>\n<ul data-start=\"1978\" data-end=\"2058\">\n<li data-start=\"1978\" data-end=\"1991\">\n<p data-start=\"1980\" data-end=\"1991\">kajutpaadid<\/p>\n<\/li>\n<li data-start=\"1992\" data-end=\"2004\">\n<p data-start=\"1994\" data-end=\"2004\">kalapaadid<\/p>\n<\/li>\n<li data-start=\"2005\" data-end=\"2016\">\n<p data-start=\"2007\" data-end=\"2016\">campervan<\/p>\n<\/li>\n<li data-start=\"2017\" data-end=\"2034\">\n<p data-start=\"2019\" data-end=\"2034\">off-grid suvila<\/p>\n<\/li>\n<li data-start=\"2035\" data-end=\"2058\">\n<p data-start=\"2037\" data-end=\"2058\">generaatoriga s\u00fcsteem<\/p>\n<\/li>\n<\/ul>\n<p data-start=\"2060\" data-end=\"2068\">Ei sobi:<\/p>\n<ul data-start=\"2069\" data-end=\"2126\">\n<li data-start=\"2069\" data-end=\"2093\">\n<p data-start=\"2071\" data-end=\"2093\">v\u00f5rku tagasi m\u00fc\u00fcmiseks<\/p>\n<\/li>\n<li data-start=\"2094\" data-end=\"2126\">\n<p data-start=\"2096\" data-end=\"2126\">koduseks p\u00e4ikeseelektrijaamaks<\/p>\n<\/li>\n<\/ul>\n<hr data-start=\"1367\" data-end=\"1370\" \/>\n","protected":false},"excerpt":{"rendered":"<p>S\u00fcsteemipinge: <strong data-start=\"312\" data-end=\"320\">12 V<br \/>\n<\/strong>Inverter: <strong data-start=\"333\" data-end=\"360\">1600 VA (~1300 W pidev)<br \/>\n<\/strong>Tippv\u00f5imsus: kuni <strong data-start=\"419\" data-end=\"429\">2800 W<br \/>\n<\/strong>Sisendpinge vahemik \u2013 9,5-17V<br \/>\nLaadimisvool \u2013 <strong>70A<\/strong><\/p>\n","protected":false},"featured_media":56614,"template":"","meta":{"_kad_blocks_custom_css":"","_kad_blocks_head_custom_js":"","_kad_blocks_body_custom_js":"","_kad_blocks_footer_custom_js":"","_kad_post_transparent":"default","_kad_post_title":"","_kad_post_layout":"default","_kad_post_sidebar_id":"","_kad_post_content_style":"default","_kad_post_vertical_padding":"default","_kad_post_feature":"","_kad_post_feature_position":"","_kad_post_header":false,"_kad_post_footer":false,"_kad_post_classname":""},"product_brand":[],"product_cat":[1863],"product_tag":[],"class_list":{"0":"post-56613","1":"product","2":"type-product","3":"status-publish","4":"has-post-thumbnail","6":"product_cat-inverter-laadijad","7":"tm-no-options","9":"first","10":"onbackorder","11":"sale","12":"taxable","13":"shipping-taxable","14":"purchasable","15":"product-type-simple","16":"entry","17":"content-bg","18":"loop-entry"},"yoast_head":"<!-- This site is optimized with the Yoast SEO plugin v27.3 - https:\/\/yoast.com\/product\/yoast-seo-wordpress\/ -->\n<title>Akulaadija-inverter Victron MultiPlus 12\/1600\/70-16<\/title>\n<meta name=\"description\" content=\"Kombineeritud inverter + akulaadija + automaatne \u00fcmberl\u00fclitiMuudab 12V aku 230V vooluks ja laeb akut samal ajalUPS funktsioon \u2013 katkestuseta voolutarne.\" \/>\n<meta name=\"robots\" content=\"index, follow, max-snippet:-1, max-image-preview:large, max-video-preview:-1\" \/>\n<link rel=\"canonical\" href=\"https:\/\/nordlinepaadid.ee\/et\/pood\/electrical-equipments\/inverter-laadijad\/akulaadija-inverter-victron-multiplus-12-1600-70-16\/\" \/>\n<meta property=\"og:locale\" content=\"et_EE\" \/>\n<meta property=\"og:type\" content=\"article\" \/>\n<meta property=\"og:title\" content=\"Akulaadija-inverter Victron MultiPlus 12\/1600\/70-16\" \/>\n<meta property=\"og:description\" content=\"Kombineeritud inverter + akulaadija + automaatne \u00fcmberl\u00fclitiMuudab 12V aku 230V vooluks ja laeb akut samal ajalUPS funktsioon \u2013 katkestuseta voolutarne.\" \/>\n<meta property=\"og:url\" content=\"https:\/\/nordlinepaadid.ee\/et\/pood\/electrical-equipments\/inverter-laadijad\/akulaadija-inverter-victron-multiplus-12-1600-70-16\/\" \/>\n<meta property=\"og:site_name\" content=\"NORDLINE s\u00f5udepaadid ja mootorpaadid. Klaasfiiber materjalist.\" \/>\n<meta property=\"article:publisher\" content=\"https:\/\/www.facebook.com\/nordlineboats\" \/>\n<meta property=\"article:modified_time\" content=\"2026-02-17T11:13:14+00:00\" \/>\n<meta property=\"og:image\" content=\"https:\/\/nordlinepaadid.ee\/wp-content\/uploads\/2026\/02\/Victron-MultiPlus-12160070-16.jpg\" \/>\n\t<meta property=\"og:image:width\" content=\"530\" \/>\n\t<meta property=\"og:image:height\" content=\"530\" \/>\n\t<meta property=\"og:image:type\" content=\"image\/jpeg\" \/>\n<meta name=\"twitter:card\" content=\"summary_large_image\" \/>\n<meta name=\"twitter:label1\" content=\"Est. reading time\" \/>\n\t<meta name=\"twitter:data1\" content=\"2 minutit\" \/>\n<script type=\"application\/ld+json\" class=\"yoast-schema-graph\">{\"@context\":\"https:\\\/\\\/schema.org\",\"@graph\":[{\"@type\":\"WebPage\",\"@id\":\"https:\\\/\\\/nordlinepaadid.ee\\\/et\\\/pood\\\/electrical-equipments\\\/inverter-laadijad\\\/akulaadija-inverter-victron-multiplus-12-1600-70-16\\\/\",\"url\":\"https:\\\/\\\/nordlinepaadid.ee\\\/et\\\/pood\\\/electrical-equipments\\\/inverter-laadijad\\\/akulaadija-inverter-victron-multiplus-12-1600-70-16\\\/\",\"name\":\"Akulaadija-inverter Victron MultiPlus 12\\\/1600\\\/70-16\",\"isPartOf\":{\"@id\":\"https:\\\/\\\/nordlinepaadid.ee\\\/et\\\/#website\"},\"primaryImageOfPage\":{\"@id\":\"https:\\\/\\\/nordlinepaadid.ee\\\/et\\\/pood\\\/electrical-equipments\\\/inverter-laadijad\\\/akulaadija-inverter-victron-multiplus-12-1600-70-16\\\/#primaryimage\"},\"image\":{\"@id\":\"https:\\\/\\\/nordlinepaadid.ee\\\/et\\\/pood\\\/electrical-equipments\\\/inverter-laadijad\\\/akulaadija-inverter-victron-multiplus-12-1600-70-16\\\/#primaryimage\"},\"thumbnailUrl\":\"https:\\\/\\\/nordlinepaadid.ee\\\/wp-content\\\/uploads\\\/2026\\\/02\\\/Victron-MultiPlus-12160070-16.jpg\",\"datePublished\":\"2026-02-17T10:59:54+00:00\",\"dateModified\":\"2026-02-17T11:13:14+00:00\",\"description\":\"Kombineeritud inverter + akulaadija + automaatne \u00fcmberl\u00fclitiMuudab 12V aku 230V vooluks ja laeb akut samal ajalUPS funktsioon \u2013 katkestuseta voolutarne.\",\"breadcrumb\":{\"@id\":\"https:\\\/\\\/nordlinepaadid.ee\\\/et\\\/pood\\\/electrical-equipments\\\/inverter-laadijad\\\/akulaadija-inverter-victron-multiplus-12-1600-70-16\\\/#breadcrumb\"},\"inLanguage\":\"et\",\"potentialAction\":[{\"@type\":\"ReadAction\",\"target\":[\"https:\\\/\\\/nordlinepaadid.ee\\\/et\\\/pood\\\/electrical-equipments\\\/inverter-laadijad\\\/akulaadija-inverter-victron-multiplus-12-1600-70-16\\\/\"]}]},{\"@type\":\"ImageObject\",\"inLanguage\":\"et\",\"@id\":\"https:\\\/\\\/nordlinepaadid.ee\\\/et\\\/pood\\\/electrical-equipments\\\/inverter-laadijad\\\/akulaadija-inverter-victron-multiplus-12-1600-70-16\\\/#primaryimage\",\"url\":\"https:\\\/\\\/nordlinepaadid.ee\\\/wp-content\\\/uploads\\\/2026\\\/02\\\/Victron-MultiPlus-12160070-16.jpg\",\"contentUrl\":\"https:\\\/\\\/nordlinepaadid.ee\\\/wp-content\\\/uploads\\\/2026\\\/02\\\/Victron-MultiPlus-12160070-16.jpg\",\"width\":530,\"height\":530,\"caption\":\"Victron MultiPlus 12:1600:70-16\"},{\"@type\":\"BreadcrumbList\",\"@id\":\"https:\\\/\\\/nordlinepaadid.ee\\\/et\\\/pood\\\/electrical-equipments\\\/inverter-laadijad\\\/akulaadija-inverter-victron-multiplus-12-1600-70-16\\\/#breadcrumb\",\"itemListElement\":[{\"@type\":\"ListItem\",\"position\":1,\"name\":\"Home\",\"item\":\"https:\\\/\\\/nordlinepaadid.ee\\\/et\\\/\"},{\"@type\":\"ListItem\",\"position\":2,\"name\":\"Pood\",\"item\":\"https:\\\/\\\/nordlinepaadid.ee\\\/et\\\/pood\\\/\"},{\"@type\":\"ListItem\",\"position\":3,\"name\":\"Akulaadija-inverter Victron MultiPlus 12\\\/1600\\\/70-16\"}]},{\"@type\":\"WebSite\",\"@id\":\"https:\\\/\\\/nordlinepaadid.ee\\\/et\\\/#website\",\"url\":\"https:\\\/\\\/nordlinepaadid.ee\\\/et\\\/\",\"name\":\"NORDLINE s\u00f5udepaadid ja mootorpaadid. Klaasfiiber materjalist.\",\"description\":\"\",\"publisher\":{\"@id\":\"https:\\\/\\\/nordlinepaadid.ee\\\/et\\\/#organization\"},\"potentialAction\":[{\"@type\":\"SearchAction\",\"target\":{\"@type\":\"EntryPoint\",\"urlTemplate\":\"https:\\\/\\\/nordlinepaadid.ee\\\/et\\\/?s={search_term_string}\"},\"query-input\":{\"@type\":\"PropertyValueSpecification\",\"valueRequired\":true,\"valueName\":\"search_term_string\"}}],\"inLanguage\":\"et\"},{\"@type\":\"Organization\",\"@id\":\"https:\\\/\\\/nordlinepaadid.ee\\\/et\\\/#organization\",\"name\":\"Nordlineboats\",\"url\":\"https:\\\/\\\/nordlinepaadid.ee\\\/et\\\/\",\"logo\":{\"@type\":\"ImageObject\",\"inLanguage\":\"et\",\"@id\":\"https:\\\/\\\/nordlinepaadid.ee\\\/et\\\/#\\\/schema\\\/logo\\\/image\\\/\",\"url\":\"https:\\\/\\\/nordlinepaadid.ee\\\/wp-content\\\/uploads\\\/2023\\\/01\\\/fulllogo_transparent_nobuffer-e1672750475494.png\",\"contentUrl\":\"https:\\\/\\\/nordlinepaadid.ee\\\/wp-content\\\/uploads\\\/2023\\\/01\\\/fulllogo_transparent_nobuffer-e1672750475494.png\",\"width\":150,\"height\":119,\"caption\":\"Nordlineboats\"},\"image\":{\"@id\":\"https:\\\/\\\/nordlinepaadid.ee\\\/et\\\/#\\\/schema\\\/logo\\\/image\\\/\"},\"sameAs\":[\"https:\\\/\\\/www.facebook.com\\\/nordlineboats\",\"https:\\\/\\\/www.youtube.com\\\/channel\\\/UCbgF0fy02y3QkFnujaLTaCA\"]}]}<\/script>\n<!-- \/ Yoast SEO plugin. -->","yoast_head_json":{"title":"Akulaadija-inverter Victron MultiPlus 12\/1600\/70-16","description":"Kombineeritud inverter + akulaadija + automaatne \u00fcmberl\u00fclitiMuudab 12V aku 230V vooluks ja laeb akut samal ajalUPS funktsioon \u2013 katkestuseta voolutarne.","robots":{"index":"index","follow":"follow","max-snippet":"max-snippet:-1","max-image-preview":"max-image-preview:large","max-video-preview":"max-video-preview:-1"},"canonical":"https:\/\/nordlinepaadid.ee\/et\/pood\/electrical-equipments\/inverter-laadijad\/akulaadija-inverter-victron-multiplus-12-1600-70-16\/","og_locale":"et_EE","og_type":"article","og_title":"Akulaadija-inverter Victron MultiPlus 12\/1600\/70-16","og_description":"Kombineeritud inverter + akulaadija + automaatne \u00fcmberl\u00fclitiMuudab 12V aku 230V vooluks ja laeb akut samal ajalUPS funktsioon \u2013 katkestuseta voolutarne.","og_url":"https:\/\/nordlinepaadid.ee\/et\/pood\/electrical-equipments\/inverter-laadijad\/akulaadija-inverter-victron-multiplus-12-1600-70-16\/","og_site_name":"NORDLINE s\u00f5udepaadid ja mootorpaadid. Klaasfiiber materjalist.","article_publisher":"https:\/\/www.facebook.com\/nordlineboats","article_modified_time":"2026-02-17T11:13:14+00:00","og_image":[{"width":530,"height":530,"url":"https:\/\/nordlinepaadid.ee\/wp-content\/uploads\/2026\/02\/Victron-MultiPlus-12160070-16.jpg","type":"image\/jpeg"}],"twitter_card":"summary_large_image","twitter_misc":{"Est. reading time":"2 minutit"},"schema":{"@context":"https:\/\/schema.org","@graph":[{"@type":"WebPage","@id":"https:\/\/nordlinepaadid.ee\/et\/pood\/electrical-equipments\/inverter-laadijad\/akulaadija-inverter-victron-multiplus-12-1600-70-16\/","url":"https:\/\/nordlinepaadid.ee\/et\/pood\/electrical-equipments\/inverter-laadijad\/akulaadija-inverter-victron-multiplus-12-1600-70-16\/","name":"Akulaadija-inverter Victron MultiPlus 12\/1600\/70-16","isPartOf":{"@id":"https:\/\/nordlinepaadid.ee\/et\/#website"},"primaryImageOfPage":{"@id":"https:\/\/nordlinepaadid.ee\/et\/pood\/electrical-equipments\/inverter-laadijad\/akulaadija-inverter-victron-multiplus-12-1600-70-16\/#primaryimage"},"image":{"@id":"https:\/\/nordlinepaadid.ee\/et\/pood\/electrical-equipments\/inverter-laadijad\/akulaadija-inverter-victron-multiplus-12-1600-70-16\/#primaryimage"},"thumbnailUrl":"https:\/\/nordlinepaadid.ee\/wp-content\/uploads\/2026\/02\/Victron-MultiPlus-12160070-16.jpg","datePublished":"2026-02-17T10:59:54+00:00","dateModified":"2026-02-17T11:13:14+00:00","description":"Kombineeritud inverter + akulaadija + automaatne \u00fcmberl\u00fclitiMuudab 12V aku 230V vooluks ja laeb akut samal ajalUPS funktsioon \u2013 katkestuseta voolutarne.","breadcrumb":{"@id":"https:\/\/nordlinepaadid.ee\/et\/pood\/electrical-equipments\/inverter-laadijad\/akulaadija-inverter-victron-multiplus-12-1600-70-16\/#breadcrumb"},"inLanguage":"et","potentialAction":[{"@type":"ReadAction","target":["https:\/\/nordlinepaadid.ee\/et\/pood\/electrical-equipments\/inverter-laadijad\/akulaadija-inverter-victron-multiplus-12-1600-70-16\/"]}]},{"@type":"ImageObject","inLanguage":"et","@id":"https:\/\/nordlinepaadid.ee\/et\/pood\/electrical-equipments\/inverter-laadijad\/akulaadija-inverter-victron-multiplus-12-1600-70-16\/#primaryimage","url":"https:\/\/nordlinepaadid.ee\/wp-content\/uploads\/2026\/02\/Victron-MultiPlus-12160070-16.jpg","contentUrl":"https:\/\/nordlinepaadid.ee\/wp-content\/uploads\/2026\/02\/Victron-MultiPlus-12160070-16.jpg","width":530,"height":530,"caption":"Victron MultiPlus 12:1600:70-16"},{"@type":"BreadcrumbList","@id":"https:\/\/nordlinepaadid.ee\/et\/pood\/electrical-equipments\/inverter-laadijad\/akulaadija-inverter-victron-multiplus-12-1600-70-16\/#breadcrumb","itemListElement":[{"@type":"ListItem","position":1,"name":"Home","item":"https:\/\/nordlinepaadid.ee\/et\/"},{"@type":"ListItem","position":2,"name":"Pood","item":"https:\/\/nordlinepaadid.ee\/et\/pood\/"},{"@type":"ListItem","position":3,"name":"Akulaadija-inverter Victron MultiPlus 12\/1600\/70-16"}]},{"@type":"WebSite","@id":"https:\/\/nordlinepaadid.ee\/et\/#website","url":"https:\/\/nordlinepaadid.ee\/et\/","name":"NORDLINE s\u00f5udepaadid ja mootorpaadid. Klaasfiiber materjalist.","description":"","publisher":{"@id":"https:\/\/nordlinepaadid.ee\/et\/#organization"},"potentialAction":[{"@type":"SearchAction","target":{"@type":"EntryPoint","urlTemplate":"https:\/\/nordlinepaadid.ee\/et\/?s={search_term_string}"},"query-input":{"@type":"PropertyValueSpecification","valueRequired":true,"valueName":"search_term_string"}}],"inLanguage":"et"},{"@type":"Organization","@id":"https:\/\/nordlinepaadid.ee\/et\/#organization","name":"Nordlineboats","url":"https:\/\/nordlinepaadid.ee\/et\/","logo":{"@type":"ImageObject","inLanguage":"et","@id":"https:\/\/nordlinepaadid.ee\/et\/#\/schema\/logo\/image\/","url":"https:\/\/nordlinepaadid.ee\/wp-content\/uploads\/2023\/01\/fulllogo_transparent_nobuffer-e1672750475494.png","contentUrl":"https:\/\/nordlinepaadid.ee\/wp-content\/uploads\/2023\/01\/fulllogo_transparent_nobuffer-e1672750475494.png","width":150,"height":119,"caption":"Nordlineboats"},"image":{"@id":"https:\/\/nordlinepaadid.ee\/et\/#\/schema\/logo\/image\/"},"sameAs":["https:\/\/www.facebook.com\/nordlineboats","https:\/\/www.youtube.com\/channel\/UCbgF0fy02y3QkFnujaLTaCA"]}]}},"taxonomy_info":{"product_cat":[{"value":1863,"label":"Inverter laadijad"}]},"featured_image_src_large":["https:\/\/nordlinepaadid.ee\/wp-content\/uploads\/2026\/02\/Victron-MultiPlus-12160070-16.jpg",530,530,false],"author_info":[],"comment_info":"","_links":{"self":[{"href":"https:\/\/nordlinepaadid.ee\/et\/wp-json\/wp\/v2\/product\/56613","targetHints":{"allow":["GET"]}}],"collection":[{"href":"https:\/\/nordlinepaadid.ee\/et\/wp-json\/wp\/v2\/product"}],"about":[{"href":"https:\/\/nordlinepaadid.ee\/et\/wp-json\/wp\/v2\/types\/product"}],"wp:featuredmedia":[{"embeddable":true,"href":"https:\/\/nordlinepaadid.ee\/et\/wp-json\/wp\/v2\/media\/56614"}],"wp:attachment":[{"href":"https:\/\/nordlinepaadid.ee\/et\/wp-json\/wp\/v2\/media?parent=56613"}],"wp:term":[{"taxonomy":"product_brand","embeddable":true,"href":"https:\/\/nordlinepaadid.ee\/et\/wp-json\/wp\/v2\/product_brand?post=56613"},{"taxonomy":"product_cat","embeddable":true,"href":"https:\/\/nordlinepaadid.ee\/et\/wp-json\/wp\/v2\/product_cat?post=56613"},{"taxonomy":"product_tag","embeddable":true,"href":"https:\/\/nordlinepaadid.ee\/et\/wp-json\/wp\/v2\/product_tag?post=56613"}],"curies":[{"name":"wp","href":"https:\/\/api.w.org\/{rel}","templated":true}]}}