{"id":56622,"date":"2026-02-18T11:35:17","date_gmt":"2026-02-18T09:35:17","guid":{"rendered":"https:\/\/nordlinepaadid.ee\/?post_type=product&#038;p=56622"},"modified":"2026-02-18T11:40:14","modified_gmt":"2026-02-18T09:40:14","slug":"paadi-starteri-aku-eco-force-agm-e115-12v-80ah-800a-en","status":"publish","type":"product","link":"https:\/\/nordlinepaadid.ee\/et\/pood\/electrical-equipments\/agm-starteri-akud\/paadi-starteri-aku-eco-force-agm-e115-12v-80ah-800a-en\/","title":{"rendered":"AGM Starteri aku Eco Force AGM E115 12V 80Ah 800A EN"},"content":{"rendered":"<h1><b>Paadi starteri aku <\/b>Eco Force AGM E115 12V 80Ah 800A EN<\/h1>\n<h2 data-start=\"91\" data-end=\"117\">Mis on AGM tehnoloogia?<\/h2>\n<p data-start=\"118\" data-end=\"329\"><strong data-start=\"118\" data-end=\"147\">AGM (Absorbent Glass Mat)<\/strong> on pliiaku t\u00fc\u00fcp, kus elektrol\u00fc\u00fct (hape) ei ole vedelana vabalt akus, vaid on <strong data-start=\"225\" data-end=\"258\">imendatud klaaskiudmati sisse<\/strong>.<br data-start=\"259\" data-end=\"262\" \/>See t\u00e4hendab, et hape on seotud materjaliga ning ei loksu ega leki.<\/p>\n<p data-start=\"331\" data-end=\"470\">\ud83d\udc49 Tegemist on <strong data-start=\"346\" data-end=\"388\">VRLA akuga (Valve Regulated Lead Acid)<\/strong> \u2013 suletud akuga, millel on r\u00f5huventiilid ja mida ei pea hooldama ega vett lisama.<\/p>\n<hr data-start=\"472\" data-end=\"475\" \/>\n<h2 data-start=\"477\" data-end=\"505\">Miks AGM akud on paremad?<\/h2>\n<h3 data-start=\"507\" data-end=\"534\">1. T\u00e4iesti hooldusvabad<\/h3>\n<ul data-start=\"535\" data-end=\"678\">\n<li data-start=\"535\" data-end=\"572\">\n<p data-start=\"537\" data-end=\"572\">Ei vaja destilleeritud vee lisamist<\/p>\n<\/li>\n<li data-start=\"573\" data-end=\"602\">\n<p data-start=\"575\" data-end=\"602\">Ei aurustu normaalkasutuses<\/p>\n<\/li>\n<li data-start=\"603\" data-end=\"678\">\n<p data-start=\"605\" data-end=\"678\">V\u00f5ib paigaldada ka raskesti ligip\u00e4\u00e4setavasse kohta (paat, haagis, camper)<\/p>\n<\/li>\n<\/ul>\n<h3 data-start=\"680\" data-end=\"707\">2. Ei leki ja on ohutum<\/h3>\n<ul data-start=\"708\" data-end=\"817\">\n<li data-start=\"708\" data-end=\"734\">\n<p data-start=\"710\" data-end=\"734\">Hape on klaasmatis kinni<\/p>\n<\/li>\n<li data-start=\"735\" data-end=\"768\">\n<p data-start=\"737\" data-end=\"768\">V\u00f5ib t\u00f6\u00f6tada kallutatud asendis<\/p>\n<\/li>\n<li data-start=\"769\" data-end=\"817\">\n<p data-start=\"771\" data-end=\"817\">V\u00e4ga sobiv paatidesse ja off-road s\u00f5idukitesse<\/p>\n<\/li>\n<\/ul>\n<h3 data-start=\"819\" data-end=\"845\">3. Suurem k\u00e4ivitusvool<\/h3>\n<ul data-start=\"846\" data-end=\"958\">\n<li data-start=\"846\" data-end=\"878\">\n<p data-start=\"848\" data-end=\"878\">Annab korraga v\u00e4ga suure voolu<\/p>\n<\/li>\n<li data-start=\"879\" data-end=\"958\">\n<p data-start=\"881\" data-end=\"958\">K\u00e4ivitab paremini suured mootorid (p\u00e4ramootorid, diisel, vintsid, inverterid)<\/p>\n<\/li>\n<\/ul>\n<h3 data-start=\"960\" data-end=\"983\">4. Kiirem laadimine<\/h3>\n<ul data-start=\"984\" data-end=\"1107\">\n<li data-start=\"984\" data-end=\"1006\">\n<p data-start=\"986\" data-end=\"1006\">Madalam sisetakistus<\/p>\n<\/li>\n<li data-start=\"1007\" data-end=\"1060\">\n<p data-start=\"1009\" data-end=\"1060\">V\u00f5tab generaatorilt ja laadijalt rohkem voolu vastu<\/p>\n<\/li>\n<li data-start=\"1061\" data-end=\"1107\">\n<p data-start=\"1063\" data-end=\"1107\">Laeb kuni ~2\u00d7 kiiremini kui tavaline pliiaku<\/p>\n<\/li>\n<\/ul>\n<h3 data-start=\"1109\" data-end=\"1146\">5. Talub vibratsiooni ja p\u00f5rutusi<\/h3>\n<ul data-start=\"1147\" data-end=\"1228\">\n<li data-start=\"1147\" data-end=\"1180\">\n<p data-start=\"1149\" data-end=\"1180\">Plaadid on tugevalt fikseeritud<\/p>\n<\/li>\n<li data-start=\"1181\" data-end=\"1228\">\n<p data-start=\"1183\" data-end=\"1228\">Ideaalne paatidesse, ATV-dele, matkaautodesse<\/p>\n<\/li>\n<\/ul>\n<h3 data-start=\"1230\" data-end=\"1257\">6. S\u00fcgavam t\u00fchjendamine<\/h3>\n<ul data-start=\"1258\" data-end=\"1350\">\n<li data-start=\"1258\" data-end=\"1291\">\n<p data-start=\"1260\" data-end=\"1291\">Talub rohkem t\u00fchjenemists\u00fckleid<\/p>\n<\/li>\n<li data-start=\"1292\" data-end=\"1350\">\n<p data-start=\"1294\" data-end=\"1350\">Sobib tarbeakuks (k\u00fclmik, valgustus, inverter, kajalood)<\/p>\n<\/li>\n<\/ul>\n<h3 data-start=\"1352\" data-end=\"1379\">7. V\u00e4ike iset\u00fchjenemine<\/h3>\n<ul data-start=\"1380\" data-end=\"1463\">\n<li data-start=\"1380\" data-end=\"1407\">\n<p data-start=\"1382\" data-end=\"1407\">Seistes s\u00e4ilib kauem t\u00e4is<\/p>\n<\/li>\n<li data-start=\"1408\" data-end=\"1463\">\n<p data-start=\"1410\" data-end=\"1463\">Sobib hooajalistele seadmetele (paadid, mootorrattad)<\/p>\n<\/li>\n<\/ul>\n<p>EcoForce 12V 80Ah 800A \u2013 v\u00f5imas ja t\u00f6\u00f6kindel Start-Stop aku<\/p>\n<p>EcoForce 12V 80Ah 800A (EN) on loodud tagama maksimaalset k\u00e4ivitusv\u00f5imsust ja vastupidavust ka k\u00f5ige n\u00f5udlikumates tingimustes. T\u00e4nu suurele mahutavusele ja tugevale k\u00e4ivitusvoolule sobib see aku ideaalselt ka Start-Stop s\u00fcsteemiga s\u00f5idukitele, kus aku peab taluma sagedasi k\u00e4ivitusi ja intensiivset koormust.<\/p>\n<p>Peamised eelised:<br \/>\nV\u00f5imas k\u00e4ivitusvool 800A (EN): Auto k\u00e4ivitub kindlalt ka k\u00fclmadel hommikutel.<br \/>\nMahutavus 80Ah: Tagab pikaajalise ja stabiilse energiavarustuse.<br \/>\nSobib Start-Stop s\u00fcsteemiga s\u00f5idukitele: Vastupidav aku, mis peab vastu korduvatele k\u00e4ivitustele.<br \/>\nKompaktne disain: M\u00f5\u00f5dud 315 \u00d7 175 \u00d7 190 mm \u2013 sobib paljudele automudelitele.<\/p>\n","protected":false},"excerpt":{"rendered":"<p>Tootja \u2013 EcoForce<br \/>\nPinge \u2013 12V<br \/>\nAku mahutavus \u2013 80Ah<br \/>\nK\u00e4ivitusvool \u2013 800A(EN)<br \/>\nKlemmid: -\/+<br \/>\nPikkus \u2013 315mm<br \/>\nLaius \u2013 175mm<br \/>\nK\u00f5rgus \u2013 190mm<br \/>\nNB! Sobib Start-Stop s\u00fcsteemiga autodele<br \/>\nGarantiiaeg: 24 kuud<\/p>\n","protected":false},"featured_media":56623,"template":"","meta":{"_kad_blocks_custom_css":"","_kad_blocks_head_custom_js":"","_kad_blocks_body_custom_js":"","_kad_blocks_footer_custom_js":"","_kad_post_transparent":"default","_kad_post_title":"","_kad_post_layout":"default","_kad_post_sidebar_id":"","_kad_post_content_style":"default","_kad_post_vertical_padding":"default","_kad_post_feature":"","_kad_post_feature_position":"","_kad_post_header":false,"_kad_post_footer":false,"_kad_post_classname":""},"product_brand":[],"product_cat":[1864],"product_tag":[],"class_list":{"0":"post-56622","1":"product","2":"type-product","3":"status-publish","4":"has-post-thumbnail","6":"product_cat-agm-starteri-akud","7":"tm-no-options","9":"first","10":"onbackorder","11":"sale","12":"taxable","13":"shipping-taxable","14":"purchasable","15":"product-type-simple","16":"entry","17":"content-bg","18":"loop-entry"},"yoast_head":"<!-- This site is optimized with the Yoast SEO plugin v27.3 - https:\/\/yoast.com\/product\/yoast-seo-wordpress\/ -->\n<title>Paadi starteri aku Eco Force AGM E115 12V 80Ah 800A EN\u00a0<\/title>\n<meta name=\"description\" content=\"Starteri aku keskmistele paadimootorile. Sobilik tavaliselt kuni 90HJ p\u00e4ramootorile. AGM tehnoloogia tagab vastupidavuse paadis.\" \/>\n<meta name=\"robots\" content=\"index, follow, max-snippet:-1, max-image-preview:large, max-video-preview:-1\" \/>\n<link rel=\"canonical\" href=\"https:\/\/nordlinepaadid.ee\/et\/pood\/electrical-equipments\/agm-starteri-akud\/paadi-starteri-aku-eco-force-agm-e115-12v-80ah-800a-en\/\" \/>\n<meta property=\"og:locale\" content=\"et_EE\" \/>\n<meta property=\"og:type\" content=\"article\" \/>\n<meta property=\"og:title\" content=\"Paadi starteri aku Eco Force AGM E115 12V 80Ah 800A EN\u00a0\" \/>\n<meta property=\"og:description\" content=\"Starteri aku keskmistele paadimootorile. Sobilik tavaliselt kuni 90HJ p\u00e4ramootorile. AGM tehnoloogia tagab vastupidavuse paadis.\" \/>\n<meta property=\"og:url\" content=\"https:\/\/nordlinepaadid.ee\/et\/pood\/electrical-equipments\/agm-starteri-akud\/paadi-starteri-aku-eco-force-agm-e115-12v-80ah-800a-en\/\" \/>\n<meta property=\"og:site_name\" content=\"NORDLINE s\u00f5udepaadid ja mootorpaadid. Klaasfiiber materjalist.\" \/>\n<meta property=\"article:publisher\" content=\"https:\/\/www.facebook.com\/nordlineboats\" \/>\n<meta property=\"article:modified_time\" content=\"2026-02-18T09:40:14+00:00\" \/>\n<meta property=\"og:image\" content=\"https:\/\/nordlinepaadid.ee\/wp-content\/uploads\/2026\/02\/Eco-Force-AGM-E115-12V-80Ah-800A-EN-Start-Stop-scaled.png\" \/>\n\t<meta property=\"og:image:width\" content=\"2560\" \/>\n\t<meta property=\"og:image:height\" content=\"2090\" \/>\n\t<meta property=\"og:image:type\" content=\"image\/png\" \/>\n<meta name=\"twitter:card\" content=\"summary_large_image\" \/>\n<meta name=\"twitter:label1\" content=\"Est. reading time\" \/>\n\t<meta name=\"twitter:data1\" content=\"2 minutit\" \/>\n<script type=\"application\/ld+json\" class=\"yoast-schema-graph\">{\"@context\":\"https:\\\/\\\/schema.org\",\"@graph\":[{\"@type\":\"WebPage\",\"@id\":\"https:\\\/\\\/nordlinepaadid.ee\\\/et\\\/pood\\\/electrical-equipments\\\/agm-starteri-akud\\\/paadi-starteri-aku-eco-force-agm-e115-12v-80ah-800a-en\\\/\",\"url\":\"https:\\\/\\\/nordlinepaadid.ee\\\/et\\\/pood\\\/electrical-equipments\\\/agm-starteri-akud\\\/paadi-starteri-aku-eco-force-agm-e115-12v-80ah-800a-en\\\/\",\"name\":\"Paadi starteri aku Eco Force AGM E115 12V 80Ah 800A EN\u00a0\",\"isPartOf\":{\"@id\":\"https:\\\/\\\/nordlinepaadid.ee\\\/et\\\/#website\"},\"primaryImageOfPage\":{\"@id\":\"https:\\\/\\\/nordlinepaadid.ee\\\/et\\\/pood\\\/electrical-equipments\\\/agm-starteri-akud\\\/paadi-starteri-aku-eco-force-agm-e115-12v-80ah-800a-en\\\/#primaryimage\"},\"image\":{\"@id\":\"https:\\\/\\\/nordlinepaadid.ee\\\/et\\\/pood\\\/electrical-equipments\\\/agm-starteri-akud\\\/paadi-starteri-aku-eco-force-agm-e115-12v-80ah-800a-en\\\/#primaryimage\"},\"thumbnailUrl\":\"https:\\\/\\\/nordlinepaadid.ee\\\/wp-content\\\/uploads\\\/2026\\\/02\\\/Eco-Force-AGM-E115-12V-80Ah-800A-EN-Start-Stop-scaled.png\",\"datePublished\":\"2026-02-18T09:35:17+00:00\",\"dateModified\":\"2026-02-18T09:40:14+00:00\",\"description\":\"Starteri aku keskmistele paadimootorile. Sobilik tavaliselt kuni 90HJ p\u00e4ramootorile. AGM tehnoloogia tagab vastupidavuse paadis.\",\"breadcrumb\":{\"@id\":\"https:\\\/\\\/nordlinepaadid.ee\\\/et\\\/pood\\\/electrical-equipments\\\/agm-starteri-akud\\\/paadi-starteri-aku-eco-force-agm-e115-12v-80ah-800a-en\\\/#breadcrumb\"},\"inLanguage\":\"et\",\"potentialAction\":[{\"@type\":\"ReadAction\",\"target\":[\"https:\\\/\\\/nordlinepaadid.ee\\\/et\\\/pood\\\/electrical-equipments\\\/agm-starteri-akud\\\/paadi-starteri-aku-eco-force-agm-e115-12v-80ah-800a-en\\\/\"]}]},{\"@type\":\"ImageObject\",\"inLanguage\":\"et\",\"@id\":\"https:\\\/\\\/nordlinepaadid.ee\\\/et\\\/pood\\\/electrical-equipments\\\/agm-starteri-akud\\\/paadi-starteri-aku-eco-force-agm-e115-12v-80ah-800a-en\\\/#primaryimage\",\"url\":\"https:\\\/\\\/nordlinepaadid.ee\\\/wp-content\\\/uploads\\\/2026\\\/02\\\/Eco-Force-AGM-E115-12V-80Ah-800A-EN-Start-Stop-scaled.png\",\"contentUrl\":\"https:\\\/\\\/nordlinepaadid.ee\\\/wp-content\\\/uploads\\\/2026\\\/02\\\/Eco-Force-AGM-E115-12V-80Ah-800A-EN-Start-Stop-scaled.png\",\"width\":2560,\"height\":2090,\"caption\":\"Paadi starteri aku Eco Force AGM E115 12V 80Ah\"},{\"@type\":\"BreadcrumbList\",\"@id\":\"https:\\\/\\\/nordlinepaadid.ee\\\/et\\\/pood\\\/electrical-equipments\\\/agm-starteri-akud\\\/paadi-starteri-aku-eco-force-agm-e115-12v-80ah-800a-en\\\/#breadcrumb\",\"itemListElement\":[{\"@type\":\"ListItem\",\"position\":1,\"name\":\"Home\",\"item\":\"https:\\\/\\\/nordlinepaadid.ee\\\/et\\\/\"},{\"@type\":\"ListItem\",\"position\":2,\"name\":\"Pood\",\"item\":\"https:\\\/\\\/nordlinepaadid.ee\\\/et\\\/pood\\\/\"},{\"@type\":\"ListItem\",\"position\":3,\"name\":\"AGM Starteri aku Eco Force AGM E115 12V 80Ah 800A EN\"}]},{\"@type\":\"WebSite\",\"@id\":\"https:\\\/\\\/nordlinepaadid.ee\\\/et\\\/#website\",\"url\":\"https:\\\/\\\/nordlinepaadid.ee\\\/et\\\/\",\"name\":\"NORDLINE s\u00f5udepaadid ja mootorpaadid. Klaasfiiber materjalist.\",\"description\":\"\",\"publisher\":{\"@id\":\"https:\\\/\\\/nordlinepaadid.ee\\\/et\\\/#organization\"},\"potentialAction\":[{\"@type\":\"SearchAction\",\"target\":{\"@type\":\"EntryPoint\",\"urlTemplate\":\"https:\\\/\\\/nordlinepaadid.ee\\\/et\\\/?s={search_term_string}\"},\"query-input\":{\"@type\":\"PropertyValueSpecification\",\"valueRequired\":true,\"valueName\":\"search_term_string\"}}],\"inLanguage\":\"et\"},{\"@type\":\"Organization\",\"@id\":\"https:\\\/\\\/nordlinepaadid.ee\\\/et\\\/#organization\",\"name\":\"Nordlineboats\",\"url\":\"https:\\\/\\\/nordlinepaadid.ee\\\/et\\\/\",\"logo\":{\"@type\":\"ImageObject\",\"inLanguage\":\"et\",\"@id\":\"https:\\\/\\\/nordlinepaadid.ee\\\/et\\\/#\\\/schema\\\/logo\\\/image\\\/\",\"url\":\"https:\\\/\\\/nordlinepaadid.ee\\\/wp-content\\\/uploads\\\/2023\\\/01\\\/fulllogo_transparent_nobuffer-e1672750475494.png\",\"contentUrl\":\"https:\\\/\\\/nordlinepaadid.ee\\\/wp-content\\\/uploads\\\/2023\\\/01\\\/fulllogo_transparent_nobuffer-e1672750475494.png\",\"width\":150,\"height\":119,\"caption\":\"Nordlineboats\"},\"image\":{\"@id\":\"https:\\\/\\\/nordlinepaadid.ee\\\/et\\\/#\\\/schema\\\/logo\\\/image\\\/\"},\"sameAs\":[\"https:\\\/\\\/www.facebook.com\\\/nordlineboats\",\"https:\\\/\\\/www.youtube.com\\\/channel\\\/UCbgF0fy02y3QkFnujaLTaCA\"]}]}<\/script>\n<!-- \/ Yoast SEO plugin. -->","yoast_head_json":{"title":"Paadi starteri aku Eco Force AGM E115 12V 80Ah 800A EN\u00a0","description":"Starteri aku keskmistele paadimootorile. Sobilik tavaliselt kuni 90HJ p\u00e4ramootorile. AGM tehnoloogia tagab vastupidavuse paadis.","robots":{"index":"index","follow":"follow","max-snippet":"max-snippet:-1","max-image-preview":"max-image-preview:large","max-video-preview":"max-video-preview:-1"},"canonical":"https:\/\/nordlinepaadid.ee\/et\/pood\/electrical-equipments\/agm-starteri-akud\/paadi-starteri-aku-eco-force-agm-e115-12v-80ah-800a-en\/","og_locale":"et_EE","og_type":"article","og_title":"Paadi starteri aku Eco Force AGM E115 12V 80Ah 800A EN\u00a0","og_description":"Starteri aku keskmistele paadimootorile. Sobilik tavaliselt kuni 90HJ p\u00e4ramootorile. AGM tehnoloogia tagab vastupidavuse paadis.","og_url":"https:\/\/nordlinepaadid.ee\/et\/pood\/electrical-equipments\/agm-starteri-akud\/paadi-starteri-aku-eco-force-agm-e115-12v-80ah-800a-en\/","og_site_name":"NORDLINE s\u00f5udepaadid ja mootorpaadid. Klaasfiiber materjalist.","article_publisher":"https:\/\/www.facebook.com\/nordlineboats","article_modified_time":"2026-02-18T09:40:14+00:00","og_image":[{"width":2560,"height":2090,"url":"https:\/\/nordlinepaadid.ee\/wp-content\/uploads\/2026\/02\/Eco-Force-AGM-E115-12V-80Ah-800A-EN-Start-Stop-scaled.png","type":"image\/png"}],"twitter_card":"summary_large_image","twitter_misc":{"Est. reading time":"2 minutit"},"schema":{"@context":"https:\/\/schema.org","@graph":[{"@type":"WebPage","@id":"https:\/\/nordlinepaadid.ee\/et\/pood\/electrical-equipments\/agm-starteri-akud\/paadi-starteri-aku-eco-force-agm-e115-12v-80ah-800a-en\/","url":"https:\/\/nordlinepaadid.ee\/et\/pood\/electrical-equipments\/agm-starteri-akud\/paadi-starteri-aku-eco-force-agm-e115-12v-80ah-800a-en\/","name":"Paadi starteri aku Eco Force AGM E115 12V 80Ah 800A EN\u00a0","isPartOf":{"@id":"https:\/\/nordlinepaadid.ee\/et\/#website"},"primaryImageOfPage":{"@id":"https:\/\/nordlinepaadid.ee\/et\/pood\/electrical-equipments\/agm-starteri-akud\/paadi-starteri-aku-eco-force-agm-e115-12v-80ah-800a-en\/#primaryimage"},"image":{"@id":"https:\/\/nordlinepaadid.ee\/et\/pood\/electrical-equipments\/agm-starteri-akud\/paadi-starteri-aku-eco-force-agm-e115-12v-80ah-800a-en\/#primaryimage"},"thumbnailUrl":"https:\/\/nordlinepaadid.ee\/wp-content\/uploads\/2026\/02\/Eco-Force-AGM-E115-12V-80Ah-800A-EN-Start-Stop-scaled.png","datePublished":"2026-02-18T09:35:17+00:00","dateModified":"2026-02-18T09:40:14+00:00","description":"Starteri aku keskmistele paadimootorile. Sobilik tavaliselt kuni 90HJ p\u00e4ramootorile. AGM tehnoloogia tagab vastupidavuse paadis.","breadcrumb":{"@id":"https:\/\/nordlinepaadid.ee\/et\/pood\/electrical-equipments\/agm-starteri-akud\/paadi-starteri-aku-eco-force-agm-e115-12v-80ah-800a-en\/#breadcrumb"},"inLanguage":"et","potentialAction":[{"@type":"ReadAction","target":["https:\/\/nordlinepaadid.ee\/et\/pood\/electrical-equipments\/agm-starteri-akud\/paadi-starteri-aku-eco-force-agm-e115-12v-80ah-800a-en\/"]}]},{"@type":"ImageObject","inLanguage":"et","@id":"https:\/\/nordlinepaadid.ee\/et\/pood\/electrical-equipments\/agm-starteri-akud\/paadi-starteri-aku-eco-force-agm-e115-12v-80ah-800a-en\/#primaryimage","url":"https:\/\/nordlinepaadid.ee\/wp-content\/uploads\/2026\/02\/Eco-Force-AGM-E115-12V-80Ah-800A-EN-Start-Stop-scaled.png","contentUrl":"https:\/\/nordlinepaadid.ee\/wp-content\/uploads\/2026\/02\/Eco-Force-AGM-E115-12V-80Ah-800A-EN-Start-Stop-scaled.png","width":2560,"height":2090,"caption":"Paadi starteri aku Eco Force AGM E115 12V 80Ah"},{"@type":"BreadcrumbList","@id":"https:\/\/nordlinepaadid.ee\/et\/pood\/electrical-equipments\/agm-starteri-akud\/paadi-starteri-aku-eco-force-agm-e115-12v-80ah-800a-en\/#breadcrumb","itemListElement":[{"@type":"ListItem","position":1,"name":"Home","item":"https:\/\/nordlinepaadid.ee\/et\/"},{"@type":"ListItem","position":2,"name":"Pood","item":"https:\/\/nordlinepaadid.ee\/et\/pood\/"},{"@type":"ListItem","position":3,"name":"AGM Starteri aku Eco Force AGM E115 12V 80Ah 800A EN"}]},{"@type":"WebSite","@id":"https:\/\/nordlinepaadid.ee\/et\/#website","url":"https:\/\/nordlinepaadid.ee\/et\/","name":"NORDLINE s\u00f5udepaadid ja mootorpaadid. Klaasfiiber materjalist.","description":"","publisher":{"@id":"https:\/\/nordlinepaadid.ee\/et\/#organization"},"potentialAction":[{"@type":"SearchAction","target":{"@type":"EntryPoint","urlTemplate":"https:\/\/nordlinepaadid.ee\/et\/?s={search_term_string}"},"query-input":{"@type":"PropertyValueSpecification","valueRequired":true,"valueName":"search_term_string"}}],"inLanguage":"et"},{"@type":"Organization","@id":"https:\/\/nordlinepaadid.ee\/et\/#organization","name":"Nordlineboats","url":"https:\/\/nordlinepaadid.ee\/et\/","logo":{"@type":"ImageObject","inLanguage":"et","@id":"https:\/\/nordlinepaadid.ee\/et\/#\/schema\/logo\/image\/","url":"https:\/\/nordlinepaadid.ee\/wp-content\/uploads\/2023\/01\/fulllogo_transparent_nobuffer-e1672750475494.png","contentUrl":"https:\/\/nordlinepaadid.ee\/wp-content\/uploads\/2023\/01\/fulllogo_transparent_nobuffer-e1672750475494.png","width":150,"height":119,"caption":"Nordlineboats"},"image":{"@id":"https:\/\/nordlinepaadid.ee\/et\/#\/schema\/logo\/image\/"},"sameAs":["https:\/\/www.facebook.com\/nordlineboats","https:\/\/www.youtube.com\/channel\/UCbgF0fy02y3QkFnujaLTaCA"]}]}},"taxonomy_info":{"product_cat":[{"value":1864,"label":"AGM starteri akud"}]},"featured_image_src_large":["https:\/\/nordlinepaadid.ee\/wp-content\/uploads\/2026\/02\/Eco-Force-AGM-E115-12V-80Ah-800A-EN-Start-Stop-1024x836.png",1024,836,true],"author_info":[],"comment_info":"","_links":{"self":[{"href":"https:\/\/nordlinepaadid.ee\/et\/wp-json\/wp\/v2\/product\/56622","targetHints":{"allow":["GET"]}}],"collection":[{"href":"https:\/\/nordlinepaadid.ee\/et\/wp-json\/wp\/v2\/product"}],"about":[{"href":"https:\/\/nordlinepaadid.ee\/et\/wp-json\/wp\/v2\/types\/product"}],"wp:featuredmedia":[{"embeddable":true,"href":"https:\/\/nordlinepaadid.ee\/et\/wp-json\/wp\/v2\/media\/56623"}],"wp:attachment":[{"href":"https:\/\/nordlinepaadid.ee\/et\/wp-json\/wp\/v2\/media?parent=56622"}],"wp:term":[{"taxonomy":"product_brand","embeddable":true,"href":"https:\/\/nordlinepaadid.ee\/et\/wp-json\/wp\/v2\/product_brand?post=56622"},{"taxonomy":"product_cat","embeddable":true,"href":"https:\/\/nordlinepaadid.ee\/et\/wp-json\/wp\/v2\/product_cat?post=56622"},{"taxonomy":"product_tag","embeddable":true,"href":"https:\/\/nordlinepaadid.ee\/et\/wp-json\/wp\/v2\/product_tag?post=56622"}],"curies":[{"name":"wp","href":"https:\/\/api.w.org\/{rel}","templated":true}]}}