{"id":56702,"date":"2026-02-18T14:40:49","date_gmt":"2026-02-18T12:40:49","guid":{"rendered":"https:\/\/nordlinepaadid.ee\/?post_type=product&#038;p=56702"},"modified":"2026-02-18T14:40:49","modified_gmt":"2026-02-18T12:40:49","slug":"tarbeaku-lithink-12v-314ah-mini-pro-lifepo4","status":"publish","type":"product","link":"https:\/\/nordlinepaadid.ee\/et\/pood\/electrical-equipments\/lifepo4-akud\/tarbeaku-lithink-12v-314ah-mini-pro-lifepo4\/","title":{"rendered":"Tarbeaku Lithink 12V, 314Ah Mini Pro LiFePO4"},"content":{"rendered":"<h3 data-start=\"0\" data-end=\"78\">Lithink 12V 314Ah MINI Pro LiFePO\u2084 aku \u2013 nutikas ja v\u00f5imas energialahendus<\/h3>\n<p data-start=\"80\" data-end=\"562\">Lithink 12V 314Ah MINI Pro on k\u00f5rge kvaliteediga LiFePO\u2084 (liitium-raudfosfaat) aku, mis on loodud kasutamiseks paatides, matkaautodes, off-grid p\u00e4ikeses\u00fcsteemides ja varutoites\u00fcsteemides. T\u00e4nu kompaktsele korpusele mahub aku ka istme alla v\u00f5i kitsasse tehnilisse ruumi, pakkudes samal ajal v\u00e4ga suurt energiamahtu. Nominaalmaht 314 Ah (reaalne u 330 Ah) annab kuni 4019 Wh energiat, mis v\u00f5imaldab kasutada ka v\u00f5imsamaid 12 V inverterseadmeid.<\/p>\n<p data-start=\"564\" data-end=\"871\">Aku kasutab kvaliteetseid A-klassi EVE elemente ning peab vastu kuni 8000 laadimists\u00fcklit 100% t\u00fchjenemisega, mis t\u00e4hendab mitmekordset eluiga v\u00f5rreldes pliiakudega. Samal ajal on kaal vaid umbes 28 kg, pakkudes paremat energiatihedust ja v\u00e4iksemat iset\u00fchjenemist (\u22642%).<\/p>\n<p data-start=\"873\" data-end=\"1215\"><strong>Sisseehitatud 300 A BMS<\/strong> kaitseb akut \u00fclepinge, alapinget, l\u00fchise, liigvoolu ja temperatuuriprobleemide eest. Aku suudab anda kuni 300 A pidevat voolu ning talub l\u00fchiajaliselt v\u00e4ga suuri k\u00e4ivituskoormusi (kuni 1000 A), mist\u00f5ttu sobib see h\u00e4sti inverteritele, pumpadele ja muudele v\u00f5imsatele tarbijatele.<\/p>\n<p data-start=\"1217\" data-end=\"1543\"><strong>Bluetooth-\u00fchendus<\/strong> v\u00f5imaldab nutirakenduse kaudu j\u00e4lgida reaalajas pinget, mahtuvust, temperatuuri ja h\u00e4ireid. Talvekasutuseks on akul <strong>automaatne madala temperatuuri kaitse<\/strong> ning <strong>sisseehitatud soojendus<\/strong>, mis aktiveerub laadimisel alla 5 \u00b0C juures ja soojendab elemendid t\u00f6\u00f6temperatuurini.<\/p>\n<p data-start=\"1545\" data-end=\"1848\">T\u00e4nu ECE R10 elektromagnetilise \u00fchilduvuse sertifikaadile t\u00f6\u00f6tab aku h\u00e4ireteta s\u00f5idukite elektris\u00fcsteemides. IP65 kaitseklassiga korpus talub niiskust ja v\u00e4litingimusi ning aku on laiendatav kuni 4P4S konfiguratsioonini suurema pinge v\u00f5i mahutavuse saavutamiseks.<\/p>\n<p data-start=\"1850\" data-end=\"1870\"><strong data-start=\"1850\" data-end=\"1870\">Peamised eelised<\/strong><\/p>\n<ul data-start=\"1871\" data-end=\"2120\">\n<li data-start=\"1871\" data-end=\"1909\">\n<p data-start=\"1873\" data-end=\"1909\">v\u00e4ga suur maht kompaktses korpuses<\/p>\n<\/li>\n<li data-start=\"1910\" data-end=\"1950\">\n<p data-start=\"1912\" data-end=\"1950\">kuni 8000 ts\u00fcklit ja pikk kasutusiga<\/p>\n<\/li>\n<li data-start=\"1951\" data-end=\"1986\">\n<p data-start=\"1953\" data-end=\"1986\">tugev BMS ja k\u00f5rge voolutaluvus<\/p>\n<\/li>\n<li data-start=\"1987\" data-end=\"2022\">\n<p data-start=\"1989\" data-end=\"2022\">Bluetooth monitooring telefonis<\/p>\n<\/li>\n<li data-start=\"2023\" data-end=\"2062\">\n<p data-start=\"2025\" data-end=\"2062\">automaatne k\u00fclmakaitse ja soojendus<\/p>\n<\/li>\n<li data-start=\"2063\" data-end=\"2120\">\n<p data-start=\"2065\" data-end=\"2120\">sobib paatidele, matkaautodele ja p\u00e4ikeses\u00fcsteemidele<\/p>\n<\/li>\n<\/ul>\n<p data-start=\"2122\" data-end=\"2316\">Lithink MINI Pro on universaalne ja t\u00f6\u00f6kindel energiaallikas, mis asendab edukalt rasked pliiakud ning tagab stabiilse toite nii igap\u00e4evaseks kasutamiseks kui ka autonoomseks elektrilahenduseks.<\/p>\n","protected":false},"excerpt":{"rendered":"<p>Pinge: 12 V <br data-start=\"113\" data-end=\"116\" \/>Nominaalmaht: 314 Ah (reaalne u 330 Ah) <br data-start=\"193\" data-end=\"196\" \/>Energia: 4019 Wh <br data-start=\"322\" data-end=\"325\" \/>Ts\u00fcklite arv: \u2265 8000 ts\u00fcklit (100% DoD) <br data-start=\"402\" data-end=\"405\" \/>Pidev t\u00fchjendusvool: 300 A <br data-start=\"469\" data-end=\"472\" \/>L\u00fchiajaline tippvool: kuni 1000 A <br data-start=\"543\" data-end=\"546\" \/>Maksimaalne laadimisvool: 300 A <br data-start=\"615\" data-end=\"618\" \/>Soovituslik laadimisvool: 62,8 A <br data-start=\"688\" data-end=\"691\" \/>Laadimispinge (l\u00f5pp): 14,6 V <br data-start=\"829\" data-end=\"832\" \/>Maksimaalne v\u00e4ljundv\u00f5imsus: kuni 3840 W <br data-start=\"911\" data-end=\"914\" \/>Kaitse: integreeritud 300 A BMS <br data-start=\"985\" data-end=\"988\" \/>Bluetooth monitooring: jah <br data-start=\"1054\" data-end=\"1057\" \/>Sisseehitatud soojendus: jah <br data-start=\"1125\" data-end=\"1128\" \/>Madaltemperatuuri kaitse: laadimine peatub 0 \u00b0C juures <br data-start=\"1222\" data-end=\"1225\" \/>Kaitseklass: IP65 <br data-start=\"1282\" data-end=\"1285\" \/>M\u00f5\u00f5dud: 383 \u00d7 204 \u00d7 268 mm <br data-start=\"1351\" data-end=\"1354\" \/>Kaal: umbes 28 kg<\/p>\n","protected":false},"featured_media":56703,"template":"","meta":{"_kad_blocks_custom_css":"","_kad_blocks_head_custom_js":"","_kad_blocks_body_custom_js":"","_kad_blocks_footer_custom_js":"","_kad_post_transparent":"default","_kad_post_title":"","_kad_post_layout":"default","_kad_post_sidebar_id":"","_kad_post_content_style":"default","_kad_post_vertical_padding":"default","_kad_post_feature":"","_kad_post_feature_position":"","_kad_post_header":false,"_kad_post_footer":false,"_kad_post_classname":""},"product_brand":[],"product_cat":[1866],"product_tag":[],"class_list":{"0":"post-56702","1":"product","2":"type-product","3":"status-publish","4":"has-post-thumbnail","6":"product_cat-lifepo4-akud","7":"tm-no-options","9":"first","10":"onbackorder","11":"sale","12":"taxable","13":"shipping-taxable","14":"purchasable","15":"product-type-simple","16":"entry","17":"content-bg","18":"loop-entry"},"yoast_head":"<!-- This site is optimized with the Yoast SEO plugin v27.3 - https:\/\/yoast.com\/product\/yoast-seo-wordpress\/ -->\n<title>Tarbeaku Lithink 12V, 314Ah Mini Pro LiFePO4<\/title>\n<meta name=\"description\" content=\"Tarbeaku Lithink 12V 314Ah Mini Pro LiFePO4 bluetoothiga varustatud koduaku seadmete p\u00fcsitoiteks. Varustatud k\u00fctteplaatidega k\u00fclmas laadimiseks\" \/>\n<meta name=\"robots\" content=\"index, follow, max-snippet:-1, max-image-preview:large, max-video-preview:-1\" \/>\n<link rel=\"canonical\" href=\"https:\/\/nordlinepaadid.ee\/et\/pood\/electrical-equipments\/lifepo4-akud\/tarbeaku-lithink-12v-314ah-mini-pro-lifepo4\/\" \/>\n<meta property=\"og:locale\" content=\"et_EE\" \/>\n<meta property=\"og:type\" content=\"article\" \/>\n<meta property=\"og:title\" content=\"Tarbeaku Lithink 12V, 314Ah Mini Pro LiFePO4\" \/>\n<meta property=\"og:description\" content=\"Tarbeaku Lithink 12V 314Ah Mini Pro LiFePO4 bluetoothiga varustatud koduaku seadmete p\u00fcsitoiteks. Varustatud k\u00fctteplaatidega k\u00fclmas laadimiseks\" \/>\n<meta property=\"og:url\" content=\"https:\/\/nordlinepaadid.ee\/et\/pood\/electrical-equipments\/lifepo4-akud\/tarbeaku-lithink-12v-314ah-mini-pro-lifepo4\/\" \/>\n<meta property=\"og:site_name\" content=\"NORDLINE s\u00f5udepaadid ja mootorpaadid. Klaasfiiber materjalist.\" \/>\n<meta property=\"article:publisher\" content=\"https:\/\/www.facebook.com\/nordlineboats\" \/>\n<meta property=\"og:image\" content=\"https:\/\/nordlinepaadid.ee\/wp-content\/uploads\/2026\/02\/Tarbeaku-Lithink-12V-314Ah-Mini-Pro-LiFePO4-.webp\" \/>\n\t<meta property=\"og:image:width\" content=\"1800\" \/>\n\t<meta property=\"og:image:height\" content=\"1800\" \/>\n\t<meta property=\"og:image:type\" content=\"image\/webp\" \/>\n<meta name=\"twitter:card\" content=\"summary_large_image\" \/>\n<meta name=\"twitter:label1\" content=\"Est. reading time\" \/>\n\t<meta name=\"twitter:data1\" content=\"2 minutit\" \/>\n<script type=\"application\/ld+json\" class=\"yoast-schema-graph\">{\"@context\":\"https:\\\/\\\/schema.org\",\"@graph\":[{\"@type\":\"WebPage\",\"@id\":\"https:\\\/\\\/nordlinepaadid.ee\\\/et\\\/pood\\\/electrical-equipments\\\/lifepo4-akud\\\/tarbeaku-lithink-12v-314ah-mini-pro-lifepo4\\\/\",\"url\":\"https:\\\/\\\/nordlinepaadid.ee\\\/et\\\/pood\\\/electrical-equipments\\\/lifepo4-akud\\\/tarbeaku-lithink-12v-314ah-mini-pro-lifepo4\\\/\",\"name\":\"Tarbeaku Lithink 12V, 314Ah Mini Pro LiFePO4\",\"isPartOf\":{\"@id\":\"https:\\\/\\\/nordlinepaadid.ee\\\/et\\\/#website\"},\"primaryImageOfPage\":{\"@id\":\"https:\\\/\\\/nordlinepaadid.ee\\\/et\\\/pood\\\/electrical-equipments\\\/lifepo4-akud\\\/tarbeaku-lithink-12v-314ah-mini-pro-lifepo4\\\/#primaryimage\"},\"image\":{\"@id\":\"https:\\\/\\\/nordlinepaadid.ee\\\/et\\\/pood\\\/electrical-equipments\\\/lifepo4-akud\\\/tarbeaku-lithink-12v-314ah-mini-pro-lifepo4\\\/#primaryimage\"},\"thumbnailUrl\":\"https:\\\/\\\/nordlinepaadid.ee\\\/wp-content\\\/uploads\\\/2026\\\/02\\\/Tarbeaku-Lithink-12V-314Ah-Mini-Pro-LiFePO4-.webp\",\"datePublished\":\"2026-02-18T12:40:49+00:00\",\"description\":\"Tarbeaku Lithink 12V 314Ah Mini Pro LiFePO4 bluetoothiga varustatud koduaku seadmete p\u00fcsitoiteks. Varustatud k\u00fctteplaatidega k\u00fclmas laadimiseks\",\"breadcrumb\":{\"@id\":\"https:\\\/\\\/nordlinepaadid.ee\\\/et\\\/pood\\\/electrical-equipments\\\/lifepo4-akud\\\/tarbeaku-lithink-12v-314ah-mini-pro-lifepo4\\\/#breadcrumb\"},\"inLanguage\":\"et\",\"potentialAction\":[{\"@type\":\"ReadAction\",\"target\":[\"https:\\\/\\\/nordlinepaadid.ee\\\/et\\\/pood\\\/electrical-equipments\\\/lifepo4-akud\\\/tarbeaku-lithink-12v-314ah-mini-pro-lifepo4\\\/\"]}]},{\"@type\":\"ImageObject\",\"inLanguage\":\"et\",\"@id\":\"https:\\\/\\\/nordlinepaadid.ee\\\/et\\\/pood\\\/electrical-equipments\\\/lifepo4-akud\\\/tarbeaku-lithink-12v-314ah-mini-pro-lifepo4\\\/#primaryimage\",\"url\":\"https:\\\/\\\/nordlinepaadid.ee\\\/wp-content\\\/uploads\\\/2026\\\/02\\\/Tarbeaku-Lithink-12V-314Ah-Mini-Pro-LiFePO4-.webp\",\"contentUrl\":\"https:\\\/\\\/nordlinepaadid.ee\\\/wp-content\\\/uploads\\\/2026\\\/02\\\/Tarbeaku-Lithink-12V-314Ah-Mini-Pro-LiFePO4-.webp\",\"width\":1800,\"height\":1800,\"caption\":\"Tarbeaku Lithink 12V, 314Ah Mini Pro LiFePO4\"},{\"@type\":\"BreadcrumbList\",\"@id\":\"https:\\\/\\\/nordlinepaadid.ee\\\/et\\\/pood\\\/electrical-equipments\\\/lifepo4-akud\\\/tarbeaku-lithink-12v-314ah-mini-pro-lifepo4\\\/#breadcrumb\",\"itemListElement\":[{\"@type\":\"ListItem\",\"position\":1,\"name\":\"Home\",\"item\":\"https:\\\/\\\/nordlinepaadid.ee\\\/et\\\/\"},{\"@type\":\"ListItem\",\"position\":2,\"name\":\"Pood\",\"item\":\"https:\\\/\\\/nordlinepaadid.ee\\\/et\\\/pood\\\/\"},{\"@type\":\"ListItem\",\"position\":3,\"name\":\"Tarbeaku Lithink 12V, 314Ah Mini Pro LiFePO4\"}]},{\"@type\":\"WebSite\",\"@id\":\"https:\\\/\\\/nordlinepaadid.ee\\\/et\\\/#website\",\"url\":\"https:\\\/\\\/nordlinepaadid.ee\\\/et\\\/\",\"name\":\"NORDLINE s\u00f5udepaadid ja mootorpaadid. Klaasfiiber materjalist.\",\"description\":\"\",\"publisher\":{\"@id\":\"https:\\\/\\\/nordlinepaadid.ee\\\/et\\\/#organization\"},\"potentialAction\":[{\"@type\":\"SearchAction\",\"target\":{\"@type\":\"EntryPoint\",\"urlTemplate\":\"https:\\\/\\\/nordlinepaadid.ee\\\/et\\\/?s={search_term_string}\"},\"query-input\":{\"@type\":\"PropertyValueSpecification\",\"valueRequired\":true,\"valueName\":\"search_term_string\"}}],\"inLanguage\":\"et\"},{\"@type\":\"Organization\",\"@id\":\"https:\\\/\\\/nordlinepaadid.ee\\\/et\\\/#organization\",\"name\":\"Nordlineboats\",\"url\":\"https:\\\/\\\/nordlinepaadid.ee\\\/et\\\/\",\"logo\":{\"@type\":\"ImageObject\",\"inLanguage\":\"et\",\"@id\":\"https:\\\/\\\/nordlinepaadid.ee\\\/et\\\/#\\\/schema\\\/logo\\\/image\\\/\",\"url\":\"https:\\\/\\\/nordlinepaadid.ee\\\/wp-content\\\/uploads\\\/2023\\\/01\\\/fulllogo_transparent_nobuffer-e1672750475494.png\",\"contentUrl\":\"https:\\\/\\\/nordlinepaadid.ee\\\/wp-content\\\/uploads\\\/2023\\\/01\\\/fulllogo_transparent_nobuffer-e1672750475494.png\",\"width\":150,\"height\":119,\"caption\":\"Nordlineboats\"},\"image\":{\"@id\":\"https:\\\/\\\/nordlinepaadid.ee\\\/et\\\/#\\\/schema\\\/logo\\\/image\\\/\"},\"sameAs\":[\"https:\\\/\\\/www.facebook.com\\\/nordlineboats\",\"https:\\\/\\\/www.youtube.com\\\/channel\\\/UCbgF0fy02y3QkFnujaLTaCA\"]}]}<\/script>\n<!-- \/ Yoast SEO plugin. -->","yoast_head_json":{"title":"Tarbeaku Lithink 12V, 314Ah Mini Pro LiFePO4","description":"Tarbeaku Lithink 12V 314Ah Mini Pro LiFePO4 bluetoothiga varustatud koduaku seadmete p\u00fcsitoiteks. Varustatud k\u00fctteplaatidega k\u00fclmas laadimiseks","robots":{"index":"index","follow":"follow","max-snippet":"max-snippet:-1","max-image-preview":"max-image-preview:large","max-video-preview":"max-video-preview:-1"},"canonical":"https:\/\/nordlinepaadid.ee\/et\/pood\/electrical-equipments\/lifepo4-akud\/tarbeaku-lithink-12v-314ah-mini-pro-lifepo4\/","og_locale":"et_EE","og_type":"article","og_title":"Tarbeaku Lithink 12V, 314Ah Mini Pro LiFePO4","og_description":"Tarbeaku Lithink 12V 314Ah Mini Pro LiFePO4 bluetoothiga varustatud koduaku seadmete p\u00fcsitoiteks. Varustatud k\u00fctteplaatidega k\u00fclmas laadimiseks","og_url":"https:\/\/nordlinepaadid.ee\/et\/pood\/electrical-equipments\/lifepo4-akud\/tarbeaku-lithink-12v-314ah-mini-pro-lifepo4\/","og_site_name":"NORDLINE s\u00f5udepaadid ja mootorpaadid. Klaasfiiber materjalist.","article_publisher":"https:\/\/www.facebook.com\/nordlineboats","og_image":[{"width":1800,"height":1800,"url":"https:\/\/nordlinepaadid.ee\/wp-content\/uploads\/2026\/02\/Tarbeaku-Lithink-12V-314Ah-Mini-Pro-LiFePO4-.webp","type":"image\/webp"}],"twitter_card":"summary_large_image","twitter_misc":{"Est. reading time":"2 minutit"},"schema":{"@context":"https:\/\/schema.org","@graph":[{"@type":"WebPage","@id":"https:\/\/nordlinepaadid.ee\/et\/pood\/electrical-equipments\/lifepo4-akud\/tarbeaku-lithink-12v-314ah-mini-pro-lifepo4\/","url":"https:\/\/nordlinepaadid.ee\/et\/pood\/electrical-equipments\/lifepo4-akud\/tarbeaku-lithink-12v-314ah-mini-pro-lifepo4\/","name":"Tarbeaku Lithink 12V, 314Ah Mini Pro LiFePO4","isPartOf":{"@id":"https:\/\/nordlinepaadid.ee\/et\/#website"},"primaryImageOfPage":{"@id":"https:\/\/nordlinepaadid.ee\/et\/pood\/electrical-equipments\/lifepo4-akud\/tarbeaku-lithink-12v-314ah-mini-pro-lifepo4\/#primaryimage"},"image":{"@id":"https:\/\/nordlinepaadid.ee\/et\/pood\/electrical-equipments\/lifepo4-akud\/tarbeaku-lithink-12v-314ah-mini-pro-lifepo4\/#primaryimage"},"thumbnailUrl":"https:\/\/nordlinepaadid.ee\/wp-content\/uploads\/2026\/02\/Tarbeaku-Lithink-12V-314Ah-Mini-Pro-LiFePO4-.webp","datePublished":"2026-02-18T12:40:49+00:00","description":"Tarbeaku Lithink 12V 314Ah Mini Pro LiFePO4 bluetoothiga varustatud koduaku seadmete p\u00fcsitoiteks. Varustatud k\u00fctteplaatidega k\u00fclmas laadimiseks","breadcrumb":{"@id":"https:\/\/nordlinepaadid.ee\/et\/pood\/electrical-equipments\/lifepo4-akud\/tarbeaku-lithink-12v-314ah-mini-pro-lifepo4\/#breadcrumb"},"inLanguage":"et","potentialAction":[{"@type":"ReadAction","target":["https:\/\/nordlinepaadid.ee\/et\/pood\/electrical-equipments\/lifepo4-akud\/tarbeaku-lithink-12v-314ah-mini-pro-lifepo4\/"]}]},{"@type":"ImageObject","inLanguage":"et","@id":"https:\/\/nordlinepaadid.ee\/et\/pood\/electrical-equipments\/lifepo4-akud\/tarbeaku-lithink-12v-314ah-mini-pro-lifepo4\/#primaryimage","url":"https:\/\/nordlinepaadid.ee\/wp-content\/uploads\/2026\/02\/Tarbeaku-Lithink-12V-314Ah-Mini-Pro-LiFePO4-.webp","contentUrl":"https:\/\/nordlinepaadid.ee\/wp-content\/uploads\/2026\/02\/Tarbeaku-Lithink-12V-314Ah-Mini-Pro-LiFePO4-.webp","width":1800,"height":1800,"caption":"Tarbeaku Lithink 12V, 314Ah Mini Pro LiFePO4"},{"@type":"BreadcrumbList","@id":"https:\/\/nordlinepaadid.ee\/et\/pood\/electrical-equipments\/lifepo4-akud\/tarbeaku-lithink-12v-314ah-mini-pro-lifepo4\/#breadcrumb","itemListElement":[{"@type":"ListItem","position":1,"name":"Home","item":"https:\/\/nordlinepaadid.ee\/et\/"},{"@type":"ListItem","position":2,"name":"Pood","item":"https:\/\/nordlinepaadid.ee\/et\/pood\/"},{"@type":"ListItem","position":3,"name":"Tarbeaku Lithink 12V, 314Ah Mini Pro LiFePO4"}]},{"@type":"WebSite","@id":"https:\/\/nordlinepaadid.ee\/et\/#website","url":"https:\/\/nordlinepaadid.ee\/et\/","name":"NORDLINE s\u00f5udepaadid ja mootorpaadid. Klaasfiiber materjalist.","description":"","publisher":{"@id":"https:\/\/nordlinepaadid.ee\/et\/#organization"},"potentialAction":[{"@type":"SearchAction","target":{"@type":"EntryPoint","urlTemplate":"https:\/\/nordlinepaadid.ee\/et\/?s={search_term_string}"},"query-input":{"@type":"PropertyValueSpecification","valueRequired":true,"valueName":"search_term_string"}}],"inLanguage":"et"},{"@type":"Organization","@id":"https:\/\/nordlinepaadid.ee\/et\/#organization","name":"Nordlineboats","url":"https:\/\/nordlinepaadid.ee\/et\/","logo":{"@type":"ImageObject","inLanguage":"et","@id":"https:\/\/nordlinepaadid.ee\/et\/#\/schema\/logo\/image\/","url":"https:\/\/nordlinepaadid.ee\/wp-content\/uploads\/2023\/01\/fulllogo_transparent_nobuffer-e1672750475494.png","contentUrl":"https:\/\/nordlinepaadid.ee\/wp-content\/uploads\/2023\/01\/fulllogo_transparent_nobuffer-e1672750475494.png","width":150,"height":119,"caption":"Nordlineboats"},"image":{"@id":"https:\/\/nordlinepaadid.ee\/et\/#\/schema\/logo\/image\/"},"sameAs":["https:\/\/www.facebook.com\/nordlineboats","https:\/\/www.youtube.com\/channel\/UCbgF0fy02y3QkFnujaLTaCA"]}]}},"taxonomy_info":{"product_cat":[{"value":1866,"label":"LiFePO4 akud"}]},"featured_image_src_large":["https:\/\/nordlinepaadid.ee\/wp-content\/uploads\/2026\/02\/Tarbeaku-Lithink-12V-314Ah-Mini-Pro-LiFePO4--1024x1024.webp",1024,1024,true],"author_info":[],"comment_info":"","_links":{"self":[{"href":"https:\/\/nordlinepaadid.ee\/et\/wp-json\/wp\/v2\/product\/56702","targetHints":{"allow":["GET"]}}],"collection":[{"href":"https:\/\/nordlinepaadid.ee\/et\/wp-json\/wp\/v2\/product"}],"about":[{"href":"https:\/\/nordlinepaadid.ee\/et\/wp-json\/wp\/v2\/types\/product"}],"wp:featuredmedia":[{"embeddable":true,"href":"https:\/\/nordlinepaadid.ee\/et\/wp-json\/wp\/v2\/media\/56703"}],"wp:attachment":[{"href":"https:\/\/nordlinepaadid.ee\/et\/wp-json\/wp\/v2\/media?parent=56702"}],"wp:term":[{"taxonomy":"product_brand","embeddable":true,"href":"https:\/\/nordlinepaadid.ee\/et\/wp-json\/wp\/v2\/product_brand?post=56702"},{"taxonomy":"product_cat","embeddable":true,"href":"https:\/\/nordlinepaadid.ee\/et\/wp-json\/wp\/v2\/product_cat?post=56702"},{"taxonomy":"product_tag","embeddable":true,"href":"https:\/\/nordlinepaadid.ee\/et\/wp-json\/wp\/v2\/product_tag?post=56702"}],"curies":[{"name":"wp","href":"https:\/\/api.w.org\/{rel}","templated":true}]}}