{"id":56744,"date":"2026-04-07T03:31:38","date_gmt":"2026-04-07T00:31:38","guid":{"rendered":"https:\/\/nordlinepaadid.ee\/pood\/maaratlemata\/allveedroon-chasing-x-standard\/"},"modified":"2026-04-07T03:31:38","modified_gmt":"2026-04-07T00:31:38","slug":"allveedroon-chasing-x-standard","status":"publish","type":"product","link":"https:\/\/nordlinepaadid.ee\/et\/pood\/navigatsiooni-vahendid\/underwater_drones-eng\/allveedroon-chasing-x-standard\/","title":{"rendered":"ALLVEEDROON &#8211; CHASING X STANDARD"},"content":{"rendered":"<p style=\"text-align:justify\">T\u00f6\u00f6stusklassi veealune ROV CHASING X on revolutsiooniline l\u00e4bimurre mere intelligentsete seadmete valdkonnas, mis on loodud kiireteks s\u00fcvamereuuringuteks ja turbulentsetes vetes tegutsemiseks. Selle uuenduslik OctoDrive toiteplokk v\u00f5imaldab t\u00e4pset ja stabiilset man\u00f6\u00f6verdamist isegi suure koormuse korral. Varustatud maailma esimese AnchorX nutika omnidirektsionaalse vastuvoolus\u00fcsteemiga &#8211; tuvastab ROV nutikalt hoovuse suuna ja kiiruse, et optimeerida positsioneerimist &#8211; tagades maksimaalse stabiilsuse ja kontrolli keerulistes veealustes keskkondades. CHASING X on varustatud 4K UHD kaameraga, millel on poolkerakujuline objektiiv, ja uuendusliku elektroonilise kaldenurga s\u00fcsteemiga sujuvaks panoraampildistamiseks. See pakub stabiilset ja k\u00f5rglahutusega pilti isegi h\u00e4maras valguses, mida t\u00e4iustavad 12 000-luumenilised LED-pro\u017eektorid. T\u00e4nu moodulkonstruktsioonile saab kaamerat ja muid lisatarvikuid h\u00f5lpsalt uuendada v\u00f5i vahetada vastavalt erinevatele t\u00f6\u00f6vajadustele. CHASING X vastupidav kaitseraam ja moodulkonstruktsioon tagavad usaldusv\u00e4\u00e4rse j\u00f5udluse pikaajaliste ja intensiivsete operatsioonide ajal. Olenemata sellest, kas ROV-i toidab 1000 Wh liitiumaku v\u00f5i valikuline kaldalt tulev toiteallikas, toetab see katkematut uurimist.<\/p>\n<p>&#13;<br \/>\n&#13;<\/p>\n<p>&nbsp;<\/p>\n<p>&#13;<br \/>\n&#13;<\/p>\n<p>CHASING X sobib paljudele t\u00f6\u00f6stusharudele, sealhulgas:<\/p>\n<p>&#13;<br \/>\n&#13;<\/p>\n<p>* Avamere puurimine ja tuuleenergia inspekteerimine<\/p>\n<p>&#13;<br \/>\n&#13;<\/p>\n<p>* \u200b\u200bVeealune arheoloogia ja teadusuuringud<\/p>\n<p>&#13;<br \/>\n&#13;<\/p>\n<p>* Torujuhtmete ja laevakere seire<\/p>\n<p>&#13;<br \/>\n&#13;<\/p>\n<p>* H\u00e4daolukorras p\u00e4\u00e4stmine ja keskkonnakaitse<\/p>\n<p>&#13;<br \/>\n&#13;<\/p>\n<p>&nbsp;<\/p>\n<p>&#13;<br \/>\n&#13;<\/p>\n<p>Peamised omadused:<\/p>\n<p>&#13;<br \/>\n&#13;<\/p>\n<p>* 4,5 s\u00f5lme edasiliikumiskiirus, 2 s\u00f5lme k\u00fclgkiirus<\/p>\n<p>&#13;<br \/>\n&#13;<\/p>\n<p>* Maksimaalne sukeldumiss\u00fcgavus 350 m (1148 jalga)<\/p>\n<p>&#13;<br \/>\n&#13;<\/p>\n<p>* Igasuunaline vastuvoolus\u00fcsteem 4,5 s\u00f5lme voolutakistusega<\/p>\n<p>&#13;<br \/>\n&#13;<\/p>\n<p>* Modulaarne disain lihtsaks hoolduseks ja uuendamiseks<\/p>\n<p>&#13;<br \/>\n&#13;<\/p>\n<p>* 4K UHD kaamera elektroonilise pan-tilt ja h\u00e4maras kasutatava objektiiviga<\/p>\n<p>&#13;<br \/>\n&#13;<\/p>\n<p>* OctoDrive toite paigutus 360\u00b0 t\u00e4isulatusega liikumiseks<\/p>\n<p>&#13;<br \/>\n&#13;<\/p>\n<p>* Kahekordne toiteallikas: eemaldatav aku ja kaldalt tulev toide<\/p>\n<p>&#13;<br \/>\n&#13;<\/p>\n<p>* Intelligentsed funktsioonid: takistuste v\u00e4ltimine, p\u00fcsikiiruse hoidmine ja j\u00e4lgimine<\/p>\n<p>&#13;<br \/>\n&#13;<\/p>\n<p>* \u200b\u200b12 000 luumeniga astmevabalt h\u00e4marduvad LED-pro\u017eektorid<\/p>\n<p>&#13;<br \/>\n&#13;<\/p>\n<p>* Kasutajas\u00f5bralik kaugjuhtimispult CHASING GO1 rakenduse integratsiooniga<\/p>\n<p>&#13;<br \/>\n&#13;<\/p>\n<p>&nbsp;<\/p>\n<p>&#13;<br \/>\n&#13;<\/p>\n<p>Tehnilised andmed:<\/p>\n<p>&#13;<br \/>\n&#13;<\/p>\n<p>* Suurus: 810 x 636 x 453 mm<\/p>\n<p>&#13;<br \/>\n&#13;<\/p>\n<p>* T\u00f6\u00f6aeg: Kuni 2 tundi (akutoitel)<\/p>\n<p>&#13;<br \/>\n&#13;<\/p>\n<p>* T\u00f6\u00f6temperatuur: -10\u2103 kuni 45\u2103<\/p>\n<p>&#13;<br \/>\n&#13;<\/p>\n<p>* Kaamera: 1\/1,8\u201d CMOS, 8 MP, 4K\/30FPS videoresolutsioon<\/p>\n<p>&#13;<br \/>\n&#13;<\/p>\n<p>* LED-heledus: 2 x 6000 luumenit<\/p>\n<p>&#13;<br \/>\n&#13;<\/p>\n<p>* Puldi t\u00f6\u00f6aeg: \u22656 tundi (7000mAh aku)<\/p>\n<p>&#13;<br \/>\n&#13;<\/p>\n<p>* Salvestusruum: Toetab kuni 1TB SD-kaarti<\/p>\n<p>&#13;<br \/>\n&#13;<\/p>\n<p>&nbsp;<\/p>\n<p>&#13;<br \/>\n&#13;<\/p>\n<h2><span style=\"font-size:22px\"><span style=\"color:#FF0000\">ESMASITLUS EESTIS &#8211; TALLINNA MEREMESSIL 05.m\u00e4rtsil 2026<\/span><\/span><\/h2>\n<p>&#13;<\/p>\n<p><iframe loading=\"lazy\" allowfullscreen=\"\" frameborder=\"0\" height=\"360\" src=\"\/\/www.youtube.com\/embed\/3NrkOsR3TzM\" width=\"640\"><\/iframe><\/p>\n<p>&#13;<\/p>\n","protected":false},"excerpt":{"rendered":"<p>T\u00f6\u00f6stusklassi veealune ROV CHASING X on revolutsiooniline l\u00e4bimurre mere intelligentsete seadmete valdkonnas, mis on loodud kiireteks s\u00fcvamereuuringuteks ja turbulentsetes vetes tegutsemiseks. Selle uuenduslik OctoDrive toiteplokk v\u00f5imaldab t\u00e4pset ja stabiilset man\u00f6\u00f6verdamist isegi suure koormuse korral. Varustatud maailma esimese AnchorX nutika omnidirektsionaalse vastuvoolus\u00fcsteemiga &#8211; tuvastab ROV nutikalt hoovuse suuna ja kiiruse, et optimeerida positsioneerimist &#8211; tagades maksimaalse&#8230;<\/p>\n","protected":false},"featured_media":0,"template":"","meta":{"_kad_blocks_custom_css":"","_kad_blocks_head_custom_js":"","_kad_blocks_body_custom_js":"","_kad_blocks_footer_custom_js":"","_kad_post_transparent":"","_kad_post_title":"","_kad_post_layout":"","_kad_post_sidebar_id":"","_kad_post_content_style":"","_kad_post_vertical_padding":"","_kad_post_feature":"","_kad_post_feature_position":"","_kad_post_header":false,"_kad_post_footer":false,"_kad_post_classname":""},"product_brand":[],"product_cat":[1806,415,247],"product_tag":[],"class_list":{"0":"post-56744","1":"product","2":"type-product","3":"status-publish","5":"product_cat-allveedroonid","6":"product_cat-underwater_drones-eng","7":"product_cat-navigatsiooni-vahendid","8":"pa_color-must","9":"pa_producer-chasing","10":"pa_unit-pcs","11":"tm-no-options","13":"first","14":"onbackorder","15":"taxable","16":"shipping-taxable","17":"purchasable","18":"product-type-simple","19":"entry","20":"content-bg","21":"loop-entry"},"yoast_head":"<!-- This site is optimized with the Yoast SEO plugin v27.3 - https:\/\/yoast.com\/product\/yoast-seo-wordpress\/ -->\n<title>ALLVEEDROON - CHASING X STANDARD - NORDLINE s\u00f5udepaadid ja mootorpaadid. Klaasfiiber materjalist.<\/title>\n<meta name=\"robots\" content=\"index, follow, max-snippet:-1, max-image-preview:large, max-video-preview:-1\" \/>\n<link rel=\"canonical\" href=\"https:\/\/nordlinepaadid.ee\/et\/pood\/navigatsiooni-vahendid\/underwater_drones-eng\/allveedroon-chasing-x-standard\/\" \/>\n<meta property=\"og:locale\" content=\"et_EE\" \/>\n<meta property=\"og:type\" content=\"article\" \/>\n<meta property=\"og:title\" content=\"ALLVEEDROON - CHASING X STANDARD - NORDLINE s\u00f5udepaadid ja mootorpaadid. Klaasfiiber materjalist.\" \/>\n<meta property=\"og:description\" content=\"T\u00f6\u00f6stusklassi veealune ROV CHASING X on revolutsiooniline l\u00e4bimurre mere intelligentsete seadmete valdkonnas, mis on loodud kiireteks s\u00fcvamereuuringuteks ja turbulentsetes vetes tegutsemiseks. Selle uuenduslik OctoDrive toiteplokk v\u00f5imaldab t\u00e4pset ja stabiilset man\u00f6\u00f6verdamist isegi suure koormuse korral. Varustatud maailma esimese AnchorX nutika omnidirektsionaalse vastuvoolus\u00fcsteemiga &#8211; tuvastab ROV nutikalt hoovuse suuna ja kiiruse, et optimeerida positsioneerimist &#8211; tagades maksimaalse...\" \/>\n<meta property=\"og:url\" content=\"https:\/\/nordlinepaadid.ee\/et\/pood\/navigatsiooni-vahendid\/underwater_drones-eng\/allveedroon-chasing-x-standard\/\" \/>\n<meta property=\"og:site_name\" content=\"NORDLINE s\u00f5udepaadid ja mootorpaadid. Klaasfiiber materjalist.\" \/>\n<meta property=\"article:publisher\" content=\"https:\/\/www.facebook.com\/nordlineboats\" \/>\n<meta name=\"twitter:card\" content=\"summary_large_image\" \/>\n<meta name=\"twitter:label1\" content=\"Est. reading time\" \/>\n\t<meta name=\"twitter:data1\" content=\"2 minutit\" \/>\n<script type=\"application\/ld+json\" class=\"yoast-schema-graph\">{\"@context\":\"https:\\\/\\\/schema.org\",\"@graph\":[{\"@type\":\"WebPage\",\"@id\":\"https:\\\/\\\/nordlinepaadid.ee\\\/et\\\/pood\\\/navigatsiooni-vahendid\\\/underwater_drones-eng\\\/allveedroon-chasing-x-standard\\\/\",\"url\":\"https:\\\/\\\/nordlinepaadid.ee\\\/et\\\/pood\\\/navigatsiooni-vahendid\\\/underwater_drones-eng\\\/allveedroon-chasing-x-standard\\\/\",\"name\":\"ALLVEEDROON - CHASING X STANDARD - NORDLINE s\u00f5udepaadid ja mootorpaadid. Klaasfiiber materjalist.\",\"isPartOf\":{\"@id\":\"https:\\\/\\\/nordlinepaadid.ee\\\/et\\\/#website\"},\"datePublished\":\"2026-04-07T00:31:38+00:00\",\"breadcrumb\":{\"@id\":\"https:\\\/\\\/nordlinepaadid.ee\\\/et\\\/pood\\\/navigatsiooni-vahendid\\\/underwater_drones-eng\\\/allveedroon-chasing-x-standard\\\/#breadcrumb\"},\"inLanguage\":\"et\",\"potentialAction\":[{\"@type\":\"ReadAction\",\"target\":[\"https:\\\/\\\/nordlinepaadid.ee\\\/et\\\/pood\\\/navigatsiooni-vahendid\\\/underwater_drones-eng\\\/allveedroon-chasing-x-standard\\\/\"]}]},{\"@type\":\"BreadcrumbList\",\"@id\":\"https:\\\/\\\/nordlinepaadid.ee\\\/et\\\/pood\\\/navigatsiooni-vahendid\\\/underwater_drones-eng\\\/allveedroon-chasing-x-standard\\\/#breadcrumb\",\"itemListElement\":[{\"@type\":\"ListItem\",\"position\":1,\"name\":\"Home\",\"item\":\"https:\\\/\\\/nordlinepaadid.ee\\\/et\\\/\"},{\"@type\":\"ListItem\",\"position\":2,\"name\":\"Pood\",\"item\":\"https:\\\/\\\/nordlinepaadid.ee\\\/et\\\/pood\\\/\"},{\"@type\":\"ListItem\",\"position\":3,\"name\":\"ALLVEEDROON &#8211; CHASING X STANDARD\"}]},{\"@type\":\"WebSite\",\"@id\":\"https:\\\/\\\/nordlinepaadid.ee\\\/et\\\/#website\",\"url\":\"https:\\\/\\\/nordlinepaadid.ee\\\/et\\\/\",\"name\":\"NORDLINE s\u00f5udepaadid ja mootorpaadid. Klaasfiiber materjalist.\",\"description\":\"\",\"publisher\":{\"@id\":\"https:\\\/\\\/nordlinepaadid.ee\\\/et\\\/#organization\"},\"potentialAction\":[{\"@type\":\"SearchAction\",\"target\":{\"@type\":\"EntryPoint\",\"urlTemplate\":\"https:\\\/\\\/nordlinepaadid.ee\\\/et\\\/?s={search_term_string}\"},\"query-input\":{\"@type\":\"PropertyValueSpecification\",\"valueRequired\":true,\"valueName\":\"search_term_string\"}}],\"inLanguage\":\"et\"},{\"@type\":\"Organization\",\"@id\":\"https:\\\/\\\/nordlinepaadid.ee\\\/et\\\/#organization\",\"name\":\"Nordlineboats\",\"url\":\"https:\\\/\\\/nordlinepaadid.ee\\\/et\\\/\",\"logo\":{\"@type\":\"ImageObject\",\"inLanguage\":\"et\",\"@id\":\"https:\\\/\\\/nordlinepaadid.ee\\\/et\\\/#\\\/schema\\\/logo\\\/image\\\/\",\"url\":\"https:\\\/\\\/nordlinepaadid.ee\\\/wp-content\\\/uploads\\\/2023\\\/01\\\/fulllogo_transparent_nobuffer-e1672750475494.png\",\"contentUrl\":\"https:\\\/\\\/nordlinepaadid.ee\\\/wp-content\\\/uploads\\\/2023\\\/01\\\/fulllogo_transparent_nobuffer-e1672750475494.png\",\"width\":150,\"height\":119,\"caption\":\"Nordlineboats\"},\"image\":{\"@id\":\"https:\\\/\\\/nordlinepaadid.ee\\\/et\\\/#\\\/schema\\\/logo\\\/image\\\/\"},\"sameAs\":[\"https:\\\/\\\/www.facebook.com\\\/nordlineboats\",\"https:\\\/\\\/www.youtube.com\\\/channel\\\/UCbgF0fy02y3QkFnujaLTaCA\"]}]}<\/script>\n<!-- \/ Yoast SEO plugin. -->","yoast_head_json":{"title":"ALLVEEDROON - CHASING X STANDARD - NORDLINE s\u00f5udepaadid ja mootorpaadid. Klaasfiiber materjalist.","robots":{"index":"index","follow":"follow","max-snippet":"max-snippet:-1","max-image-preview":"max-image-preview:large","max-video-preview":"max-video-preview:-1"},"canonical":"https:\/\/nordlinepaadid.ee\/et\/pood\/navigatsiooni-vahendid\/underwater_drones-eng\/allveedroon-chasing-x-standard\/","og_locale":"et_EE","og_type":"article","og_title":"ALLVEEDROON - CHASING X STANDARD - NORDLINE s\u00f5udepaadid ja mootorpaadid. Klaasfiiber materjalist.","og_description":"T\u00f6\u00f6stusklassi veealune ROV CHASING X on revolutsiooniline l\u00e4bimurre mere intelligentsete seadmete valdkonnas, mis on loodud kiireteks s\u00fcvamereuuringuteks ja turbulentsetes vetes tegutsemiseks. Selle uuenduslik OctoDrive toiteplokk v\u00f5imaldab t\u00e4pset ja stabiilset man\u00f6\u00f6verdamist isegi suure koormuse korral. Varustatud maailma esimese AnchorX nutika omnidirektsionaalse vastuvoolus\u00fcsteemiga &#8211; tuvastab ROV nutikalt hoovuse suuna ja kiiruse, et optimeerida positsioneerimist &#8211; tagades maksimaalse...","og_url":"https:\/\/nordlinepaadid.ee\/et\/pood\/navigatsiooni-vahendid\/underwater_drones-eng\/allveedroon-chasing-x-standard\/","og_site_name":"NORDLINE s\u00f5udepaadid ja mootorpaadid. Klaasfiiber materjalist.","article_publisher":"https:\/\/www.facebook.com\/nordlineboats","twitter_card":"summary_large_image","twitter_misc":{"Est. reading time":"2 minutit"},"schema":{"@context":"https:\/\/schema.org","@graph":[{"@type":"WebPage","@id":"https:\/\/nordlinepaadid.ee\/et\/pood\/navigatsiooni-vahendid\/underwater_drones-eng\/allveedroon-chasing-x-standard\/","url":"https:\/\/nordlinepaadid.ee\/et\/pood\/navigatsiooni-vahendid\/underwater_drones-eng\/allveedroon-chasing-x-standard\/","name":"ALLVEEDROON - CHASING X STANDARD - NORDLINE s\u00f5udepaadid ja mootorpaadid. Klaasfiiber materjalist.","isPartOf":{"@id":"https:\/\/nordlinepaadid.ee\/et\/#website"},"datePublished":"2026-04-07T00:31:38+00:00","breadcrumb":{"@id":"https:\/\/nordlinepaadid.ee\/et\/pood\/navigatsiooni-vahendid\/underwater_drones-eng\/allveedroon-chasing-x-standard\/#breadcrumb"},"inLanguage":"et","potentialAction":[{"@type":"ReadAction","target":["https:\/\/nordlinepaadid.ee\/et\/pood\/navigatsiooni-vahendid\/underwater_drones-eng\/allveedroon-chasing-x-standard\/"]}]},{"@type":"BreadcrumbList","@id":"https:\/\/nordlinepaadid.ee\/et\/pood\/navigatsiooni-vahendid\/underwater_drones-eng\/allveedroon-chasing-x-standard\/#breadcrumb","itemListElement":[{"@type":"ListItem","position":1,"name":"Home","item":"https:\/\/nordlinepaadid.ee\/et\/"},{"@type":"ListItem","position":2,"name":"Pood","item":"https:\/\/nordlinepaadid.ee\/et\/pood\/"},{"@type":"ListItem","position":3,"name":"ALLVEEDROON &#8211; CHASING X STANDARD"}]},{"@type":"WebSite","@id":"https:\/\/nordlinepaadid.ee\/et\/#website","url":"https:\/\/nordlinepaadid.ee\/et\/","name":"NORDLINE s\u00f5udepaadid ja mootorpaadid. Klaasfiiber materjalist.","description":"","publisher":{"@id":"https:\/\/nordlinepaadid.ee\/et\/#organization"},"potentialAction":[{"@type":"SearchAction","target":{"@type":"EntryPoint","urlTemplate":"https:\/\/nordlinepaadid.ee\/et\/?s={search_term_string}"},"query-input":{"@type":"PropertyValueSpecification","valueRequired":true,"valueName":"search_term_string"}}],"inLanguage":"et"},{"@type":"Organization","@id":"https:\/\/nordlinepaadid.ee\/et\/#organization","name":"Nordlineboats","url":"https:\/\/nordlinepaadid.ee\/et\/","logo":{"@type":"ImageObject","inLanguage":"et","@id":"https:\/\/nordlinepaadid.ee\/et\/#\/schema\/logo\/image\/","url":"https:\/\/nordlinepaadid.ee\/wp-content\/uploads\/2023\/01\/fulllogo_transparent_nobuffer-e1672750475494.png","contentUrl":"https:\/\/nordlinepaadid.ee\/wp-content\/uploads\/2023\/01\/fulllogo_transparent_nobuffer-e1672750475494.png","width":150,"height":119,"caption":"Nordlineboats"},"image":{"@id":"https:\/\/nordlinepaadid.ee\/et\/#\/schema\/logo\/image\/"},"sameAs":["https:\/\/www.facebook.com\/nordlineboats","https:\/\/www.youtube.com\/channel\/UCbgF0fy02y3QkFnujaLTaCA"]}]}},"taxonomy_info":{"product_cat":[{"value":1806,"label":"Allveedroonid"},{"value":415,"label":"Allveedroonid"},{"value":247,"label":"NAVIGATSIOONIVAHENDID"}],"pa_color":[{"value":684,"label":"Must"}],"pa_producer":[{"value":651,"label":"Chasing"}],"pa_unit":[{"value":416,"label":"pcs"}]},"featured_image_src_large":false,"author_info":[],"comment_info":"","_links":{"self":[{"href":"https:\/\/nordlinepaadid.ee\/et\/wp-json\/wp\/v2\/product\/56744","targetHints":{"allow":["GET"]}}],"collection":[{"href":"https:\/\/nordlinepaadid.ee\/et\/wp-json\/wp\/v2\/product"}],"about":[{"href":"https:\/\/nordlinepaadid.ee\/et\/wp-json\/wp\/v2\/types\/product"}],"wp:attachment":[{"href":"https:\/\/nordlinepaadid.ee\/et\/wp-json\/wp\/v2\/media?parent=56744"}],"wp:term":[{"taxonomy":"product_brand","embeddable":true,"href":"https:\/\/nordlinepaadid.ee\/et\/wp-json\/wp\/v2\/product_brand?post=56744"},{"taxonomy":"product_cat","embeddable":true,"href":"https:\/\/nordlinepaadid.ee\/et\/wp-json\/wp\/v2\/product_cat?post=56744"},{"taxonomy":"product_tag","embeddable":true,"href":"https:\/\/nordlinepaadid.ee\/et\/wp-json\/wp\/v2\/product_tag?post=56744"}],"curies":[{"name":"wp","href":"https:\/\/api.w.org\/{rel}","templated":true}]}}