{"id":56745,"date":"2026-04-07T03:31:38","date_gmt":"2026-04-07T00:31:38","guid":{"rendered":"https:\/\/nordlinepaadid.ee\/pood\/maaratlemata\/antibakteriaalne-diiselkutuse-lisand-liqui-moly-1-l\/"},"modified":"2026-04-07T03:31:38","modified_gmt":"2026-04-07T00:31:38","slug":"antibakteriaalne-diiselkutuse-lisand-liqui-moly-1-l","status":"publish","type":"product","link":"https:\/\/nordlinepaadid.ee\/et\/pood\/paadihooldusvahendid\/oils-greases\/antibakteriaalne-diiselkutuse-lisand-liqui-moly-1-l\/","title":{"rendered":"ANTIBAKTERIAALNE DIISELK\u00dcTUSE LISAND- LIQUI MOLY, 1 l"},"content":{"rendered":"<p style=\"text-align: justify;\">Efektiivne vahend bakterite, seente jms elusorganismide k\u00f5rvaldamiseks diiselk\u00fctuse toites\u00fcsteemidest. Hoiab puhtad ka pihustid, neutraliseerib happeid ning v\u00e4hendab heitgaaside hulka. Ennetav doseerimine 1:1000, \u00fchest 25 ml korgialusest anumast t\u00e4iest piisab 25 liitri diiselk\u00fctuse jaoks.<\/p>\n<p>&#13;<\/p>\n","protected":false},"excerpt":{"rendered":"<p>Efektiivne vahend bakterite, seente jms elusorganismide k\u00f5rvaldamiseks diiselk\u00fctuse toites\u00fcsteemidest. Hoiab puhtad ka pihustid, neutraliseerib happeid ning v\u00e4hendab heitgaaside hulka. Ennetav doseerimine 1:1000, \u00fchest 25 ml korgialusest anumast t\u00e4iest piisab 25 liitri diiselk\u00fctuse jaoks. &#13;<\/p>\n","protected":false},"featured_media":0,"template":"","meta":{"_kad_blocks_custom_css":"","_kad_blocks_head_custom_js":"","_kad_blocks_body_custom_js":"","_kad_blocks_footer_custom_js":"","_kad_post_transparent":"","_kad_post_title":"","_kad_post_layout":"","_kad_post_sidebar_id":"","_kad_post_content_style":"","_kad_post_vertical_padding":"","_kad_post_feature":"","_kad_post_feature_position":"","_kad_post_header":false,"_kad_post_footer":false,"_kad_post_classname":""},"product_brand":[],"product_cat":[286,284],"product_tag":[],"class_list":{"0":"post-56745","1":"product","2":"type-product","3":"status-publish","5":"product_cat-oils-greases","6":"product_cat-paadihooldusvahendid","7":"pa_producer-liqui-moly-2","8":"pa_unit-l","9":"tm-no-options","11":"first","12":"instock","13":"taxable","14":"shipping-taxable","15":"purchasable","16":"product-type-simple","17":"entry","18":"content-bg","19":"loop-entry"},"yoast_head":"<!-- This site is optimized with the Yoast SEO plugin v27.3 - https:\/\/yoast.com\/product\/yoast-seo-wordpress\/ -->\n<title>ANTIBAKTERIAALNE DIISELK\u00dcTUSE LISAND- LIQUI MOLY, 1 l - NORDLINE s\u00f5udepaadid ja mootorpaadid. Klaasfiiber materjalist.<\/title>\n<meta name=\"robots\" content=\"index, follow, max-snippet:-1, max-image-preview:large, max-video-preview:-1\" \/>\n<link rel=\"canonical\" href=\"https:\/\/nordlinepaadid.ee\/et\/pood\/paadihooldusvahendid\/oils-greases\/antibakteriaalne-diiselkutuse-lisand-liqui-moly-1-l\/\" \/>\n<meta property=\"og:locale\" content=\"et_EE\" \/>\n<meta property=\"og:type\" content=\"article\" \/>\n<meta property=\"og:title\" content=\"ANTIBAKTERIAALNE DIISELK\u00dcTUSE LISAND- LIQUI MOLY, 1 l - NORDLINE s\u00f5udepaadid ja mootorpaadid. Klaasfiiber materjalist.\" \/>\n<meta property=\"og:description\" content=\"Efektiivne vahend bakterite, seente jms elusorganismide k\u00f5rvaldamiseks diiselk\u00fctuse toites\u00fcsteemidest. Hoiab puhtad ka pihustid, neutraliseerib happeid ning v\u00e4hendab heitgaaside hulka. Ennetav doseerimine 1:1000, \u00fchest 25 ml korgialusest anumast t\u00e4iest piisab 25 liitri diiselk\u00fctuse jaoks. &#013;\" \/>\n<meta property=\"og:url\" content=\"https:\/\/nordlinepaadid.ee\/et\/pood\/paadihooldusvahendid\/oils-greases\/antibakteriaalne-diiselkutuse-lisand-liqui-moly-1-l\/\" \/>\n<meta property=\"og:site_name\" content=\"NORDLINE s\u00f5udepaadid ja mootorpaadid. Klaasfiiber materjalist.\" \/>\n<meta property=\"article:publisher\" content=\"https:\/\/www.facebook.com\/nordlineboats\" \/>\n<meta name=\"twitter:card\" content=\"summary_large_image\" \/>\n<script type=\"application\/ld+json\" class=\"yoast-schema-graph\">{\"@context\":\"https:\\\/\\\/schema.org\",\"@graph\":[{\"@type\":\"WebPage\",\"@id\":\"https:\\\/\\\/nordlinepaadid.ee\\\/et\\\/pood\\\/paadihooldusvahendid\\\/oils-greases\\\/antibakteriaalne-diiselkutuse-lisand-liqui-moly-1-l\\\/\",\"url\":\"https:\\\/\\\/nordlinepaadid.ee\\\/et\\\/pood\\\/paadihooldusvahendid\\\/oils-greases\\\/antibakteriaalne-diiselkutuse-lisand-liqui-moly-1-l\\\/\",\"name\":\"ANTIBAKTERIAALNE DIISELK\u00dcTUSE LISAND- LIQUI MOLY, 1 l - NORDLINE s\u00f5udepaadid ja mootorpaadid. Klaasfiiber materjalist.\",\"isPartOf\":{\"@id\":\"https:\\\/\\\/nordlinepaadid.ee\\\/et\\\/#website\"},\"datePublished\":\"2026-04-07T00:31:38+00:00\",\"breadcrumb\":{\"@id\":\"https:\\\/\\\/nordlinepaadid.ee\\\/et\\\/pood\\\/paadihooldusvahendid\\\/oils-greases\\\/antibakteriaalne-diiselkutuse-lisand-liqui-moly-1-l\\\/#breadcrumb\"},\"inLanguage\":\"et\",\"potentialAction\":[{\"@type\":\"ReadAction\",\"target\":[\"https:\\\/\\\/nordlinepaadid.ee\\\/et\\\/pood\\\/paadihooldusvahendid\\\/oils-greases\\\/antibakteriaalne-diiselkutuse-lisand-liqui-moly-1-l\\\/\"]}]},{\"@type\":\"BreadcrumbList\",\"@id\":\"https:\\\/\\\/nordlinepaadid.ee\\\/et\\\/pood\\\/paadihooldusvahendid\\\/oils-greases\\\/antibakteriaalne-diiselkutuse-lisand-liqui-moly-1-l\\\/#breadcrumb\",\"itemListElement\":[{\"@type\":\"ListItem\",\"position\":1,\"name\":\"Home\",\"item\":\"https:\\\/\\\/nordlinepaadid.ee\\\/et\\\/\"},{\"@type\":\"ListItem\",\"position\":2,\"name\":\"Pood\",\"item\":\"https:\\\/\\\/nordlinepaadid.ee\\\/et\\\/pood\\\/\"},{\"@type\":\"ListItem\",\"position\":3,\"name\":\"ANTIBAKTERIAALNE DIISELK\u00dcTUSE LISAND- LIQUI MOLY, 1 l\"}]},{\"@type\":\"WebSite\",\"@id\":\"https:\\\/\\\/nordlinepaadid.ee\\\/et\\\/#website\",\"url\":\"https:\\\/\\\/nordlinepaadid.ee\\\/et\\\/\",\"name\":\"NORDLINE s\u00f5udepaadid ja mootorpaadid. Klaasfiiber materjalist.\",\"description\":\"\",\"publisher\":{\"@id\":\"https:\\\/\\\/nordlinepaadid.ee\\\/et\\\/#organization\"},\"potentialAction\":[{\"@type\":\"SearchAction\",\"target\":{\"@type\":\"EntryPoint\",\"urlTemplate\":\"https:\\\/\\\/nordlinepaadid.ee\\\/et\\\/?s={search_term_string}\"},\"query-input\":{\"@type\":\"PropertyValueSpecification\",\"valueRequired\":true,\"valueName\":\"search_term_string\"}}],\"inLanguage\":\"et\"},{\"@type\":\"Organization\",\"@id\":\"https:\\\/\\\/nordlinepaadid.ee\\\/et\\\/#organization\",\"name\":\"Nordlineboats\",\"url\":\"https:\\\/\\\/nordlinepaadid.ee\\\/et\\\/\",\"logo\":{\"@type\":\"ImageObject\",\"inLanguage\":\"et\",\"@id\":\"https:\\\/\\\/nordlinepaadid.ee\\\/et\\\/#\\\/schema\\\/logo\\\/image\\\/\",\"url\":\"https:\\\/\\\/nordlinepaadid.ee\\\/wp-content\\\/uploads\\\/2023\\\/01\\\/fulllogo_transparent_nobuffer-e1672750475494.png\",\"contentUrl\":\"https:\\\/\\\/nordlinepaadid.ee\\\/wp-content\\\/uploads\\\/2023\\\/01\\\/fulllogo_transparent_nobuffer-e1672750475494.png\",\"width\":150,\"height\":119,\"caption\":\"Nordlineboats\"},\"image\":{\"@id\":\"https:\\\/\\\/nordlinepaadid.ee\\\/et\\\/#\\\/schema\\\/logo\\\/image\\\/\"},\"sameAs\":[\"https:\\\/\\\/www.facebook.com\\\/nordlineboats\",\"https:\\\/\\\/www.youtube.com\\\/channel\\\/UCbgF0fy02y3QkFnujaLTaCA\"]}]}<\/script>\n<!-- \/ Yoast SEO plugin. -->","yoast_head_json":{"title":"ANTIBAKTERIAALNE DIISELK\u00dcTUSE LISAND- LIQUI MOLY, 1 l - NORDLINE s\u00f5udepaadid ja mootorpaadid. Klaasfiiber materjalist.","robots":{"index":"index","follow":"follow","max-snippet":"max-snippet:-1","max-image-preview":"max-image-preview:large","max-video-preview":"max-video-preview:-1"},"canonical":"https:\/\/nordlinepaadid.ee\/et\/pood\/paadihooldusvahendid\/oils-greases\/antibakteriaalne-diiselkutuse-lisand-liqui-moly-1-l\/","og_locale":"et_EE","og_type":"article","og_title":"ANTIBAKTERIAALNE DIISELK\u00dcTUSE LISAND- LIQUI MOLY, 1 l - NORDLINE s\u00f5udepaadid ja mootorpaadid. Klaasfiiber materjalist.","og_description":"Efektiivne vahend bakterite, seente jms elusorganismide k\u00f5rvaldamiseks diiselk\u00fctuse toites\u00fcsteemidest. Hoiab puhtad ka pihustid, neutraliseerib happeid ning v\u00e4hendab heitgaaside hulka. Ennetav doseerimine 1:1000, \u00fchest 25 ml korgialusest anumast t\u00e4iest piisab 25 liitri diiselk\u00fctuse jaoks. &#13;","og_url":"https:\/\/nordlinepaadid.ee\/et\/pood\/paadihooldusvahendid\/oils-greases\/antibakteriaalne-diiselkutuse-lisand-liqui-moly-1-l\/","og_site_name":"NORDLINE s\u00f5udepaadid ja mootorpaadid. Klaasfiiber materjalist.","article_publisher":"https:\/\/www.facebook.com\/nordlineboats","twitter_card":"summary_large_image","schema":{"@context":"https:\/\/schema.org","@graph":[{"@type":"WebPage","@id":"https:\/\/nordlinepaadid.ee\/et\/pood\/paadihooldusvahendid\/oils-greases\/antibakteriaalne-diiselkutuse-lisand-liqui-moly-1-l\/","url":"https:\/\/nordlinepaadid.ee\/et\/pood\/paadihooldusvahendid\/oils-greases\/antibakteriaalne-diiselkutuse-lisand-liqui-moly-1-l\/","name":"ANTIBAKTERIAALNE DIISELK\u00dcTUSE LISAND- LIQUI MOLY, 1 l - NORDLINE s\u00f5udepaadid ja mootorpaadid. Klaasfiiber materjalist.","isPartOf":{"@id":"https:\/\/nordlinepaadid.ee\/et\/#website"},"datePublished":"2026-04-07T00:31:38+00:00","breadcrumb":{"@id":"https:\/\/nordlinepaadid.ee\/et\/pood\/paadihooldusvahendid\/oils-greases\/antibakteriaalne-diiselkutuse-lisand-liqui-moly-1-l\/#breadcrumb"},"inLanguage":"et","potentialAction":[{"@type":"ReadAction","target":["https:\/\/nordlinepaadid.ee\/et\/pood\/paadihooldusvahendid\/oils-greases\/antibakteriaalne-diiselkutuse-lisand-liqui-moly-1-l\/"]}]},{"@type":"BreadcrumbList","@id":"https:\/\/nordlinepaadid.ee\/et\/pood\/paadihooldusvahendid\/oils-greases\/antibakteriaalne-diiselkutuse-lisand-liqui-moly-1-l\/#breadcrumb","itemListElement":[{"@type":"ListItem","position":1,"name":"Home","item":"https:\/\/nordlinepaadid.ee\/et\/"},{"@type":"ListItem","position":2,"name":"Pood","item":"https:\/\/nordlinepaadid.ee\/et\/pood\/"},{"@type":"ListItem","position":3,"name":"ANTIBAKTERIAALNE DIISELK\u00dcTUSE LISAND- LIQUI MOLY, 1 l"}]},{"@type":"WebSite","@id":"https:\/\/nordlinepaadid.ee\/et\/#website","url":"https:\/\/nordlinepaadid.ee\/et\/","name":"NORDLINE s\u00f5udepaadid ja mootorpaadid. Klaasfiiber materjalist.","description":"","publisher":{"@id":"https:\/\/nordlinepaadid.ee\/et\/#organization"},"potentialAction":[{"@type":"SearchAction","target":{"@type":"EntryPoint","urlTemplate":"https:\/\/nordlinepaadid.ee\/et\/?s={search_term_string}"},"query-input":{"@type":"PropertyValueSpecification","valueRequired":true,"valueName":"search_term_string"}}],"inLanguage":"et"},{"@type":"Organization","@id":"https:\/\/nordlinepaadid.ee\/et\/#organization","name":"Nordlineboats","url":"https:\/\/nordlinepaadid.ee\/et\/","logo":{"@type":"ImageObject","inLanguage":"et","@id":"https:\/\/nordlinepaadid.ee\/et\/#\/schema\/logo\/image\/","url":"https:\/\/nordlinepaadid.ee\/wp-content\/uploads\/2023\/01\/fulllogo_transparent_nobuffer-e1672750475494.png","contentUrl":"https:\/\/nordlinepaadid.ee\/wp-content\/uploads\/2023\/01\/fulllogo_transparent_nobuffer-e1672750475494.png","width":150,"height":119,"caption":"Nordlineboats"},"image":{"@id":"https:\/\/nordlinepaadid.ee\/et\/#\/schema\/logo\/image\/"},"sameAs":["https:\/\/www.facebook.com\/nordlineboats","https:\/\/www.youtube.com\/channel\/UCbgF0fy02y3QkFnujaLTaCA"]}]}},"taxonomy_info":{"product_cat":[{"value":286,"label":"\u00d5lid, M\u00e4\u00e4rded"},{"value":284,"label":"PAADIHOOLDUSVAHENDID"}],"pa_producer":[{"value":1284,"label":"Liqui Moly"}],"pa_unit":[{"value":468,"label":"l"}]},"featured_image_src_large":false,"author_info":[],"comment_info":"","_links":{"self":[{"href":"https:\/\/nordlinepaadid.ee\/et\/wp-json\/wp\/v2\/product\/56745","targetHints":{"allow":["GET"]}}],"collection":[{"href":"https:\/\/nordlinepaadid.ee\/et\/wp-json\/wp\/v2\/product"}],"about":[{"href":"https:\/\/nordlinepaadid.ee\/et\/wp-json\/wp\/v2\/types\/product"}],"wp:attachment":[{"href":"https:\/\/nordlinepaadid.ee\/et\/wp-json\/wp\/v2\/media?parent=56745"}],"wp:term":[{"taxonomy":"product_brand","embeddable":true,"href":"https:\/\/nordlinepaadid.ee\/et\/wp-json\/wp\/v2\/product_brand?post=56745"},{"taxonomy":"product_cat","embeddable":true,"href":"https:\/\/nordlinepaadid.ee\/et\/wp-json\/wp\/v2\/product_cat?post=56745"},{"taxonomy":"product_tag","embeddable":true,"href":"https:\/\/nordlinepaadid.ee\/et\/wp-json\/wp\/v2\/product_tag?post=56745"}],"curies":[{"name":"wp","href":"https:\/\/api.w.org\/{rel}","templated":true}]}}