{"id":56834,"date":"2026-04-07T03:31:44","date_gmt":"2026-04-07T00:31:44","guid":{"rendered":"https:\/\/nordlinepaadid.ee\/pood\/maaratlemata\/softshell-jope-typhoon-2-0-must-oranz-m\/"},"modified":"2026-04-07T03:31:44","modified_gmt":"2026-04-07T00:31:44","slug":"softshell-jope-typhoon-2-0-must-oranz-m","status":"publish","type":"product","link":"https:\/\/nordlinepaadid.ee\/et\/pood\/marine-clothing-and-shoes\/sargid-alusriided\/softshell-jope-typhoon-2-0-must-oranz-m\/","title":{"rendered":"SOFTSHELL JOPE &#8211; TYPHOON 2.0, MUST\/ORANZ, M"},"content":{"rendered":"<p style=\"text-align:justify\">Softshell Jacket 2.0 on mitmek\u00fclgne toode, mida saab kanda nii paadis kui ka v\u00e4ljaspool, \u00fcksi m\u00f5nusates tingimustes v\u00f5i osana kihilisest riietuss\u00fcsteemist. Valmistatud \u00fclitehnilisest tuulekindlast ja hingavast TX-T termokangast, millel on vastupidav vetth\u00fclgav (DWR) kate, mis pakub suurep\u00e4rast venivust ja mida t\u00e4iustab fliisvooder lisasoojuse tagamiseks. Sobivust saab isikup\u00e4rastada t\u00e4ielikult reguleeritava manseti, all\u00e4\u00e4re ja kapuutsi abil. Viimistletud fliisvoodriga taskute ja ligip\u00e4\u00e4setava rinnataskuga.<\/p>\n<p>&#13;<br \/>\n&#13;<\/p>\n<p style=\"text-align:justify\">&nbsp;<\/p>\n<p>&#13;<br \/>\n&#13;<\/p>\n<p style=\"text-align:justify\">Omadused:<br \/>&#13;<br \/>\nTX-T DWR kattega, termiliselt veniv materjal<br \/>&#13;<br \/>\nTuulekindel ja hingav membraan<br \/>&#13;<br \/>\nKaitsev ja t\u00e4ielikult reguleeritav sobivus<br \/>&#13;<br \/>\nFliisvoodriga k\u00e4etaskud<br \/>&#13;<br \/>\nIselukustuv aasade reguleerimiss\u00fcsteem<\/p>\n<p>&#13;<\/p>\n","protected":false},"excerpt":{"rendered":"<p>Softshell Jacket 2.0 on mitmek\u00fclgne toode, mida saab kanda nii paadis kui ka v\u00e4ljaspool, \u00fcksi m\u00f5nusates tingimustes v\u00f5i osana kihilisest riietuss\u00fcsteemist. Valmistatud \u00fclitehnilisest tuulekindlast ja hingavast TX-T termokangast, millel on vastupidav vetth\u00fclgav (DWR) kate, mis pakub suurep\u00e4rast venivust ja mida t\u00e4iustab fliisvooder lisasoojuse tagamiseks. Sobivust saab isikup\u00e4rastada t\u00e4ielikult reguleeritava manseti, all\u00e4\u00e4re ja kapuutsi abil. Viimistletud&#8230;<\/p>\n","protected":false},"featured_media":0,"template":"","meta":{"_kad_blocks_custom_css":"","_kad_blocks_head_custom_js":"","_kad_blocks_body_custom_js":"","_kad_blocks_footer_custom_js":"","_kad_post_transparent":"","_kad_post_title":"","_kad_post_layout":"","_kad_post_sidebar_id":"","_kad_post_content_style":"","_kad_post_vertical_padding":"","_kad_post_feature":"","_kad_post_feature_position":"","_kad_post_header":false,"_kad_post_footer":false,"_kad_post_classname":""},"product_brand":[],"product_cat":[331,232],"product_tag":[],"class_list":{"0":"post-56834","1":"product","2":"type-product","3":"status-publish","5":"product_cat-sargid-alusriided","6":"product_cat-marine-clothing-and-shoes","7":"pa_color-must-oranz","8":"pa_producer-typhoon","9":"pa_unit-pcs","10":"tm-no-options","12":"first","13":"instock","14":"taxable","15":"shipping-taxable","16":"purchasable","17":"product-type-simple","18":"entry","19":"content-bg","20":"loop-entry"},"yoast_head":"<!-- This site is optimized with the Yoast SEO plugin v27.3 - https:\/\/yoast.com\/product\/yoast-seo-wordpress\/ -->\n<title>SOFTSHELL JOPE - TYPHOON 2.0, MUST\/ORANZ, M - NORDLINE s\u00f5udepaadid ja mootorpaadid. Klaasfiiber materjalist.<\/title>\n<meta name=\"robots\" content=\"index, follow, max-snippet:-1, max-image-preview:large, max-video-preview:-1\" \/>\n<link rel=\"canonical\" href=\"https:\/\/nordlinepaadid.ee\/et\/pood\/marine-clothing-and-shoes\/sargid-alusriided\/softshell-jope-typhoon-2-0-must-oranz-m\/\" \/>\n<meta property=\"og:locale\" content=\"et_EE\" \/>\n<meta property=\"og:type\" content=\"article\" \/>\n<meta property=\"og:title\" content=\"SOFTSHELL JOPE - TYPHOON 2.0, MUST\/ORANZ, M - NORDLINE s\u00f5udepaadid ja mootorpaadid. Klaasfiiber materjalist.\" \/>\n<meta property=\"og:description\" content=\"Softshell Jacket 2.0 on mitmek\u00fclgne toode, mida saab kanda nii paadis kui ka v\u00e4ljaspool, \u00fcksi m\u00f5nusates tingimustes v\u00f5i osana kihilisest riietuss\u00fcsteemist. Valmistatud \u00fclitehnilisest tuulekindlast ja hingavast TX-T termokangast, millel on vastupidav vetth\u00fclgav (DWR) kate, mis pakub suurep\u00e4rast venivust ja mida t\u00e4iustab fliisvooder lisasoojuse tagamiseks. Sobivust saab isikup\u00e4rastada t\u00e4ielikult reguleeritava manseti, all\u00e4\u00e4re ja kapuutsi abil. Viimistletud...\" \/>\n<meta property=\"og:url\" content=\"https:\/\/nordlinepaadid.ee\/et\/pood\/marine-clothing-and-shoes\/sargid-alusriided\/softshell-jope-typhoon-2-0-must-oranz-m\/\" \/>\n<meta property=\"og:site_name\" content=\"NORDLINE s\u00f5udepaadid ja mootorpaadid. Klaasfiiber materjalist.\" \/>\n<meta property=\"article:publisher\" content=\"https:\/\/www.facebook.com\/nordlineboats\" \/>\n<meta name=\"twitter:card\" content=\"summary_large_image\" \/>\n<script type=\"application\/ld+json\" class=\"yoast-schema-graph\">{\"@context\":\"https:\\\/\\\/schema.org\",\"@graph\":[{\"@type\":\"WebPage\",\"@id\":\"https:\\\/\\\/nordlinepaadid.ee\\\/et\\\/pood\\\/marine-clothing-and-shoes\\\/sargid-alusriided\\\/softshell-jope-typhoon-2-0-must-oranz-m\\\/\",\"url\":\"https:\\\/\\\/nordlinepaadid.ee\\\/et\\\/pood\\\/marine-clothing-and-shoes\\\/sargid-alusriided\\\/softshell-jope-typhoon-2-0-must-oranz-m\\\/\",\"name\":\"SOFTSHELL JOPE - TYPHOON 2.0, MUST\\\/ORANZ, M - NORDLINE s\u00f5udepaadid ja mootorpaadid. Klaasfiiber materjalist.\",\"isPartOf\":{\"@id\":\"https:\\\/\\\/nordlinepaadid.ee\\\/et\\\/#website\"},\"datePublished\":\"2026-04-07T00:31:44+00:00\",\"breadcrumb\":{\"@id\":\"https:\\\/\\\/nordlinepaadid.ee\\\/et\\\/pood\\\/marine-clothing-and-shoes\\\/sargid-alusriided\\\/softshell-jope-typhoon-2-0-must-oranz-m\\\/#breadcrumb\"},\"inLanguage\":\"et\",\"potentialAction\":[{\"@type\":\"ReadAction\",\"target\":[\"https:\\\/\\\/nordlinepaadid.ee\\\/et\\\/pood\\\/marine-clothing-and-shoes\\\/sargid-alusriided\\\/softshell-jope-typhoon-2-0-must-oranz-m\\\/\"]}]},{\"@type\":\"BreadcrumbList\",\"@id\":\"https:\\\/\\\/nordlinepaadid.ee\\\/et\\\/pood\\\/marine-clothing-and-shoes\\\/sargid-alusriided\\\/softshell-jope-typhoon-2-0-must-oranz-m\\\/#breadcrumb\",\"itemListElement\":[{\"@type\":\"ListItem\",\"position\":1,\"name\":\"Home\",\"item\":\"https:\\\/\\\/nordlinepaadid.ee\\\/et\\\/\"},{\"@type\":\"ListItem\",\"position\":2,\"name\":\"Pood\",\"item\":\"https:\\\/\\\/nordlinepaadid.ee\\\/et\\\/pood\\\/\"},{\"@type\":\"ListItem\",\"position\":3,\"name\":\"SOFTSHELL JOPE &#8211; TYPHOON 2.0, MUST\\\/ORANZ, M\"}]},{\"@type\":\"WebSite\",\"@id\":\"https:\\\/\\\/nordlinepaadid.ee\\\/et\\\/#website\",\"url\":\"https:\\\/\\\/nordlinepaadid.ee\\\/et\\\/\",\"name\":\"NORDLINE s\u00f5udepaadid ja mootorpaadid. Klaasfiiber materjalist.\",\"description\":\"\",\"publisher\":{\"@id\":\"https:\\\/\\\/nordlinepaadid.ee\\\/et\\\/#organization\"},\"potentialAction\":[{\"@type\":\"SearchAction\",\"target\":{\"@type\":\"EntryPoint\",\"urlTemplate\":\"https:\\\/\\\/nordlinepaadid.ee\\\/et\\\/?s={search_term_string}\"},\"query-input\":{\"@type\":\"PropertyValueSpecification\",\"valueRequired\":true,\"valueName\":\"search_term_string\"}}],\"inLanguage\":\"et\"},{\"@type\":\"Organization\",\"@id\":\"https:\\\/\\\/nordlinepaadid.ee\\\/et\\\/#organization\",\"name\":\"Nordlineboats\",\"url\":\"https:\\\/\\\/nordlinepaadid.ee\\\/et\\\/\",\"logo\":{\"@type\":\"ImageObject\",\"inLanguage\":\"et\",\"@id\":\"https:\\\/\\\/nordlinepaadid.ee\\\/et\\\/#\\\/schema\\\/logo\\\/image\\\/\",\"url\":\"https:\\\/\\\/nordlinepaadid.ee\\\/wp-content\\\/uploads\\\/2023\\\/01\\\/fulllogo_transparent_nobuffer-e1672750475494.png\",\"contentUrl\":\"https:\\\/\\\/nordlinepaadid.ee\\\/wp-content\\\/uploads\\\/2023\\\/01\\\/fulllogo_transparent_nobuffer-e1672750475494.png\",\"width\":150,\"height\":119,\"caption\":\"Nordlineboats\"},\"image\":{\"@id\":\"https:\\\/\\\/nordlinepaadid.ee\\\/et\\\/#\\\/schema\\\/logo\\\/image\\\/\"},\"sameAs\":[\"https:\\\/\\\/www.facebook.com\\\/nordlineboats\",\"https:\\\/\\\/www.youtube.com\\\/channel\\\/UCbgF0fy02y3QkFnujaLTaCA\"]}]}<\/script>\n<!-- \/ Yoast SEO plugin. -->","yoast_head_json":{"title":"SOFTSHELL JOPE - TYPHOON 2.0, MUST\/ORANZ, M - NORDLINE s\u00f5udepaadid ja mootorpaadid. Klaasfiiber materjalist.","robots":{"index":"index","follow":"follow","max-snippet":"max-snippet:-1","max-image-preview":"max-image-preview:large","max-video-preview":"max-video-preview:-1"},"canonical":"https:\/\/nordlinepaadid.ee\/et\/pood\/marine-clothing-and-shoes\/sargid-alusriided\/softshell-jope-typhoon-2-0-must-oranz-m\/","og_locale":"et_EE","og_type":"article","og_title":"SOFTSHELL JOPE - TYPHOON 2.0, MUST\/ORANZ, M - NORDLINE s\u00f5udepaadid ja mootorpaadid. Klaasfiiber materjalist.","og_description":"Softshell Jacket 2.0 on mitmek\u00fclgne toode, mida saab kanda nii paadis kui ka v\u00e4ljaspool, \u00fcksi m\u00f5nusates tingimustes v\u00f5i osana kihilisest riietuss\u00fcsteemist. Valmistatud \u00fclitehnilisest tuulekindlast ja hingavast TX-T termokangast, millel on vastupidav vetth\u00fclgav (DWR) kate, mis pakub suurep\u00e4rast venivust ja mida t\u00e4iustab fliisvooder lisasoojuse tagamiseks. Sobivust saab isikup\u00e4rastada t\u00e4ielikult reguleeritava manseti, all\u00e4\u00e4re ja kapuutsi abil. Viimistletud...","og_url":"https:\/\/nordlinepaadid.ee\/et\/pood\/marine-clothing-and-shoes\/sargid-alusriided\/softshell-jope-typhoon-2-0-must-oranz-m\/","og_site_name":"NORDLINE s\u00f5udepaadid ja mootorpaadid. Klaasfiiber materjalist.","article_publisher":"https:\/\/www.facebook.com\/nordlineboats","twitter_card":"summary_large_image","schema":{"@context":"https:\/\/schema.org","@graph":[{"@type":"WebPage","@id":"https:\/\/nordlinepaadid.ee\/et\/pood\/marine-clothing-and-shoes\/sargid-alusriided\/softshell-jope-typhoon-2-0-must-oranz-m\/","url":"https:\/\/nordlinepaadid.ee\/et\/pood\/marine-clothing-and-shoes\/sargid-alusriided\/softshell-jope-typhoon-2-0-must-oranz-m\/","name":"SOFTSHELL JOPE - TYPHOON 2.0, MUST\/ORANZ, M - NORDLINE s\u00f5udepaadid ja mootorpaadid. Klaasfiiber materjalist.","isPartOf":{"@id":"https:\/\/nordlinepaadid.ee\/et\/#website"},"datePublished":"2026-04-07T00:31:44+00:00","breadcrumb":{"@id":"https:\/\/nordlinepaadid.ee\/et\/pood\/marine-clothing-and-shoes\/sargid-alusriided\/softshell-jope-typhoon-2-0-must-oranz-m\/#breadcrumb"},"inLanguage":"et","potentialAction":[{"@type":"ReadAction","target":["https:\/\/nordlinepaadid.ee\/et\/pood\/marine-clothing-and-shoes\/sargid-alusriided\/softshell-jope-typhoon-2-0-must-oranz-m\/"]}]},{"@type":"BreadcrumbList","@id":"https:\/\/nordlinepaadid.ee\/et\/pood\/marine-clothing-and-shoes\/sargid-alusriided\/softshell-jope-typhoon-2-0-must-oranz-m\/#breadcrumb","itemListElement":[{"@type":"ListItem","position":1,"name":"Home","item":"https:\/\/nordlinepaadid.ee\/et\/"},{"@type":"ListItem","position":2,"name":"Pood","item":"https:\/\/nordlinepaadid.ee\/et\/pood\/"},{"@type":"ListItem","position":3,"name":"SOFTSHELL JOPE &#8211; TYPHOON 2.0, MUST\/ORANZ, M"}]},{"@type":"WebSite","@id":"https:\/\/nordlinepaadid.ee\/et\/#website","url":"https:\/\/nordlinepaadid.ee\/et\/","name":"NORDLINE s\u00f5udepaadid ja mootorpaadid. Klaasfiiber materjalist.","description":"","publisher":{"@id":"https:\/\/nordlinepaadid.ee\/et\/#organization"},"potentialAction":[{"@type":"SearchAction","target":{"@type":"EntryPoint","urlTemplate":"https:\/\/nordlinepaadid.ee\/et\/?s={search_term_string}"},"query-input":{"@type":"PropertyValueSpecification","valueRequired":true,"valueName":"search_term_string"}}],"inLanguage":"et"},{"@type":"Organization","@id":"https:\/\/nordlinepaadid.ee\/et\/#organization","name":"Nordlineboats","url":"https:\/\/nordlinepaadid.ee\/et\/","logo":{"@type":"ImageObject","inLanguage":"et","@id":"https:\/\/nordlinepaadid.ee\/et\/#\/schema\/logo\/image\/","url":"https:\/\/nordlinepaadid.ee\/wp-content\/uploads\/2023\/01\/fulllogo_transparent_nobuffer-e1672750475494.png","contentUrl":"https:\/\/nordlinepaadid.ee\/wp-content\/uploads\/2023\/01\/fulllogo_transparent_nobuffer-e1672750475494.png","width":150,"height":119,"caption":"Nordlineboats"},"image":{"@id":"https:\/\/nordlinepaadid.ee\/et\/#\/schema\/logo\/image\/"},"sameAs":["https:\/\/www.facebook.com\/nordlineboats","https:\/\/www.youtube.com\/channel\/UCbgF0fy02y3QkFnujaLTaCA"]}]}},"taxonomy_info":{"product_cat":[{"value":331,"label":"Fliisid, S\u00e4rgid, Alusriided"},{"value":232,"label":"PURJETAMISRIIDED JA JALAN\u00d5UD"}],"pa_color":[{"value":747,"label":"Must\/Oran\u017e"}],"pa_producer":[{"value":1731,"label":"Typhoon"}],"pa_unit":[{"value":416,"label":"pcs"}]},"featured_image_src_large":false,"author_info":[],"comment_info":"","_links":{"self":[{"href":"https:\/\/nordlinepaadid.ee\/et\/wp-json\/wp\/v2\/product\/56834","targetHints":{"allow":["GET"]}}],"collection":[{"href":"https:\/\/nordlinepaadid.ee\/et\/wp-json\/wp\/v2\/product"}],"about":[{"href":"https:\/\/nordlinepaadid.ee\/et\/wp-json\/wp\/v2\/types\/product"}],"wp:attachment":[{"href":"https:\/\/nordlinepaadid.ee\/et\/wp-json\/wp\/v2\/media?parent=56834"}],"wp:term":[{"taxonomy":"product_brand","embeddable":true,"href":"https:\/\/nordlinepaadid.ee\/et\/wp-json\/wp\/v2\/product_brand?post=56834"},{"taxonomy":"product_cat","embeddable":true,"href":"https:\/\/nordlinepaadid.ee\/et\/wp-json\/wp\/v2\/product_cat?post=56834"},{"taxonomy":"product_tag","embeddable":true,"href":"https:\/\/nordlinepaadid.ee\/et\/wp-json\/wp\/v2\/product_tag?post=56834"}],"curies":[{"name":"wp","href":"https:\/\/api.w.org\/{rel}","templated":true}]}}