{"id":56851,"date":"2026-03-03T12:00:21","date_gmt":"2026-03-03T10:00:21","guid":{"rendered":"https:\/\/nordlinepaadid.ee\/?post_type=product&#038;p=56851"},"modified":"2026-03-03T12:12:33","modified_gmt":"2026-03-03T10:12:33","slug":"minn-kota-endura-c2-36","status":"publish","type":"product","link":"https:\/\/nordlinepaadid.ee\/et\/pood\/elektrilised-paadimootorid\/minn-kota-c2-mootorid\/minn-kota-endura-c2-36\/","title":{"rendered":"Minn Kota Endura C2 36"},"content":{"rendered":"<p data-start=\"905\" data-end=\"1629\"><strong data-start=\"967\" data-end=\"987\">Minn Kota C2 36\u2033<\/strong> on populaarne 12 V elektriline paadimootor, mis pakub tugevat t\u00f5ukej\u00f5udu ja lihtsat juhtimist nii kalap\u00fc\u00fcgiks kui ka vabaaja s\u00f5itudeks. Selle klassikaline konstruktsioon ja teleskoopiline juhtkang tagavad mugava s\u00f5idu ning manuaalse kontrolli igas olukorras. Mootoril on <strong data-start=\"1259\" data-end=\"1292\">5 kiiret edaspidi ja 3 tagasi<\/strong>, mis v\u00f5imaldab t\u00e4psemat liikumist vees. Minn Kota C2 seeria on tuntud oma vastupidavuse ja lihtsa paigaldamise poolest \u2013 ideaalne valik nii algajale kui kogenud paadipidajale.<\/p>\n<p data-start=\"905\" data-end=\"1629\"><strong data-start=\"207\" data-end=\"222\">Sobiv paat:<\/strong> 36 lb t\u00f5ukej\u00f5uga Endura C2 sobib enamasti <strong data-start=\"265\" data-end=\"343\">kuni ~14 ft (~4,2 m) pikkustele ja ligikaudu ~780 kg kogumassiga paatidele<\/strong> (see sisaldab paadi, varustuse ja inimeste kogukaalu). Soovitatav kasutus j\u00e4rved ja mitte kiirevoolulised j\u00f5ed.<\/p>\n<p>Vaata ka erinevate Minn Kota mudelite omaduste <strong><a href=\"https:\/\/nordlinepaadid.ee\/et\/minn-kota-elektriliste-paadimootorite-vordlustabel\/\" target=\"_blank\" rel=\"noopener\">v\u00f5rdlustabelit<\/a><\/strong>.<\/p>\n<h2>OMADUSED<\/h2>\n<p data-start=\"120\" data-end=\"315\"><strong data-start=\"120\" data-end=\"150\">Lever Lock kinnitusklamber<\/strong><br data-start=\"150\" data-end=\"153\" \/>Tugev 10-asendiline kinnitusklamber kiire vabastuslukuga. Valmistatud tugevdatud komposiitmaterjalist, mis peab vastu paindumisele, v\u00e4\u00e4ndumisele ja UV-kiirgusele.<\/p>\n<p data-start=\"317\" data-end=\"441\"><strong data-start=\"317\" data-end=\"355\">Teleskooprool (Telescoping Tiller)<\/strong><br data-start=\"355\" data-end=\"358\" \/>Kuue tolline pikendatav roolik\u00e4epide tagab mugava, lihtsa ja intuitiivse juhtimise.<\/p>\n<p data-start=\"443\" data-end=\"584\"><strong data-start=\"443\" data-end=\"473\">5 edasi \/ 3 tagasi kiirust<\/strong><br data-start=\"473\" data-end=\"476\" \/>Viis kiirust edasis\u00f5iduks ja kolm kiirust tagurdamiseks v\u00f5imaldavad t\u00e4pset kontrolli erinevates s\u00f5iduoludes.<\/p>\n<p data-start=\"586\" data-end=\"739\"><strong data-start=\"586\" data-end=\"610\">Power Prop propeller<\/strong><br data-start=\"610\" data-end=\"613\" \/>Spetsiaalne propeller, mis annab lisaj\u00f5udu tihedas veetaimestikus liikumiseks. Komplektis on propelleri tihvt, mutter ja seib.<\/p>\n<p data-start=\"741\" data-end=\"948\"><strong data-start=\"741\" data-end=\"791\">Purunematu komposiitvars \u2013 eluaegse garantiiga<\/strong><br data-start=\"791\" data-end=\"794\" \/>Minn Kota trolling-mootori s\u00fcdameks on erakordselt vastupidav komposiitvars. See on Minn Kota eksklusiivne lahendus ning sellele kehtib eluaegne garantii.<\/p>\n<p data-start=\"950\" data-end=\"1051\"><strong data-start=\"950\" data-end=\"977\">Push-to-Test aku n\u00e4idik<\/strong><br data-start=\"977\" data-end=\"980\" \/>Vajuta mootori peas nuppu ja saad kohese \u00fclevaate aku laetuse tasemest.<\/p>\n<p data-start=\"1053\" data-end=\"1175\"><strong data-start=\"1053\" data-end=\"1075\">Jahe ja vaikne t\u00f6\u00f6<\/strong><br data-start=\"1075\" data-end=\"1078\" \/>Minn Kota alumine mootoriosa t\u00f6\u00f6tab jahedas vees, pikendades mootori eluiga, ning tagab vaikse s\u00f5idu.<\/p>\n<p data-start=\"2899\" data-end=\"3054\"><strong data-start=\"2899\" data-end=\"2919\">Kasuta magevees:<\/strong> Endura C2 on spetsiaalselt loodud kasutamiseks magevees (j\u00e4rved, j\u00f5ed), mitte soolases vees.<\/p>\n<p data-start=\"2899\" data-end=\"3054\"><strong>Link tootja kodulehele<\/strong> &#8211; <a href=\"https:\/\/minnkota.johnsonoutdoors.com\/us\/shop\/freshwater-trolling-motors\/endura?id=13676\" target=\"_blank\" rel=\"noopener\">Minn Kota C2 36<\/a><\/p>\n","protected":false},"excerpt":{"rendered":"<p data-start=\"34\" data-end=\"178\"><strong data-start=\"209\" data-end=\"226\">Varre pikkus:<\/strong> 36 tolli (91cm)<br data-start=\"235\" data-end=\"238\" \/><strong data-start=\"238\" data-end=\"264\">Maksimaalne t\u00f5ukej\u00f5ud:<\/strong> 36 lb<br data-start=\"270\" data-end=\"273\" \/><strong data-start=\"273\" data-end=\"283\">Pinge:<\/strong> 12 V, n\u00e4idikuga<br \/>\n<strong data-start=\"395\" data-end=\"404\">Kaal:<\/strong> 22 lb | 10 kg<br \/>\n<strong data-start=\"424\" data-end=\"441\">Kinnitust\u00fc\u00fcp:<\/strong> Ahtripeeglile kinnitatav (Transom-Mount)<br data-start=\"479\" data-end=\"482\" \/><strong data-start=\"482\" data-end=\"499\">Juhtimist\u00fc\u00fcp:<\/strong> k\u00e4sijuhtimine (Hand-steer)<br data-start=\"573\" data-end=\"576\" \/><strong data-start=\"576\" data-end=\"589\">Kiirused:<\/strong> 5 edasi \/ 3 tagasi<br data-start=\"640\" data-end=\"643\" \/><strong data-start=\"643\" data-end=\"670\">Maksimaalne voolutarve:<\/strong> 42 A<br data-start=\"675\" data-end=\"678\" \/><strong data-start=\"678\" data-end=\"691\">Garantii:<\/strong> 2 aastat<\/p>\n","protected":false},"featured_media":0,"template":"","meta":{"_kad_blocks_custom_css":"","_kad_blocks_head_custom_js":"","_kad_blocks_body_custom_js":"","_kad_blocks_footer_custom_js":"","_kad_post_transparent":"default","_kad_post_title":"","_kad_post_layout":"default","_kad_post_sidebar_id":"","_kad_post_content_style":"default","_kad_post_vertical_padding":"default","_kad_post_feature":"","_kad_post_feature_position":"","_kad_post_header":false,"_kad_post_footer":false,"_kad_post_classname":""},"product_brand":[1869],"product_cat":[343,1870],"product_tag":[],"class_list":{"0":"post-56851","1":"product","2":"type-product","3":"status-publish","5":"product_brand-minn-kota","6":"product_cat-elektrilised-paadimootorid","7":"product_cat-minn-kota-c2-mootorid","8":"product_shipping_class-euroalusele-mahtuv-kaup","9":"tm-no-options","11":"first","12":"onbackorder","13":"taxable","14":"shipping-taxable","15":"purchasable","16":"product-type-simple","17":"entry","18":"content-bg","19":"loop-entry"},"yoast_head":"<!-- This site is optimized with the Yoast SEO plugin v27.3 - https:\/\/yoast.com\/product\/yoast-seo-wordpress\/ -->\n<title>Minn Kota Endura C2 36\u2013 Elektriline magevee trolling 12V mootor<\/title>\n<meta name=\"description\" content=\"Vastupidav komposiidist varrega, 5 edasik\u00e4igu ja 3 tagasik\u00e4igu re\u017eiimiga, aku n\u00e4idikuga ning ideaalne kalap\u00fc\u00fcgiks ja paadis\u00f5iduks.\" \/>\n<meta name=\"robots\" content=\"index, follow, max-snippet:-1, max-image-preview:large, max-video-preview:-1\" \/>\n<link rel=\"canonical\" href=\"https:\/\/nordlinepaadid.ee\/et\/pood\/elektrilised-paadimootorid\/minn-kota-c2-mootorid\/minn-kota-endura-c2-36\/\" \/>\n<meta property=\"og:locale\" content=\"et_EE\" \/>\n<meta property=\"og:type\" content=\"article\" \/>\n<meta property=\"og:title\" content=\"Minn Kota Endura C2 36\u2013 Elektriline magevee trolling 12V mootor\" \/>\n<meta property=\"og:description\" content=\"Vastupidav komposiidist varrega, 5 edasik\u00e4igu ja 3 tagasik\u00e4igu re\u017eiimiga, aku n\u00e4idikuga ning ideaalne kalap\u00fc\u00fcgiks ja paadis\u00f5iduks.\" \/>\n<meta property=\"og:url\" content=\"https:\/\/nordlinepaadid.ee\/et\/pood\/elektrilised-paadimootorid\/minn-kota-c2-mootorid\/minn-kota-endura-c2-36\/\" \/>\n<meta property=\"og:site_name\" content=\"NORDLINE s\u00f5udepaadid ja mootorpaadid. Klaasfiiber materjalist.\" \/>\n<meta property=\"article:publisher\" content=\"https:\/\/www.facebook.com\/nordlineboats\" \/>\n<meta property=\"article:modified_time\" content=\"2026-03-03T10:12:33+00:00\" \/>\n<meta property=\"og:image\" content=\"https:\/\/nordlinepaadid.ee\/wp-content\/uploads\/2026\/03\/Elektriline-paadi-trollingmootor-Minn-Kota-C2-30-.webp\" \/>\n\t<meta property=\"og:image:width\" content=\"828\" \/>\n\t<meta property=\"og:image:height\" content=\"828\" \/>\n\t<meta property=\"og:image:type\" content=\"image\/webp\" \/>\n<meta name=\"twitter:card\" content=\"summary_large_image\" \/>\n<meta name=\"twitter:label1\" content=\"Est. reading time\" \/>\n\t<meta name=\"twitter:data1\" content=\"2 minutit\" \/>\n<script type=\"application\/ld+json\" class=\"yoast-schema-graph\">{\"@context\":\"https:\\\/\\\/schema.org\",\"@graph\":[{\"@type\":\"WebPage\",\"@id\":\"https:\\\/\\\/nordlinepaadid.ee\\\/et\\\/pood\\\/elektrilised-paadimootorid\\\/minn-kota-c2-mootorid\\\/minn-kota-endura-c2-36\\\/\",\"url\":\"https:\\\/\\\/nordlinepaadid.ee\\\/et\\\/pood\\\/elektrilised-paadimootorid\\\/minn-kota-c2-mootorid\\\/minn-kota-endura-c2-36\\\/\",\"name\":\"Minn Kota Endura C2 36\u2013 Elektriline magevee trolling 12V mootor\",\"isPartOf\":{\"@id\":\"https:\\\/\\\/nordlinepaadid.ee\\\/et\\\/#website\"},\"datePublished\":\"2026-03-03T10:00:21+00:00\",\"dateModified\":\"2026-03-03T10:12:33+00:00\",\"description\":\"Vastupidav komposiidist varrega, 5 edasik\u00e4igu ja 3 tagasik\u00e4igu re\u017eiimiga, aku n\u00e4idikuga ning ideaalne kalap\u00fc\u00fcgiks ja paadis\u00f5iduks.\",\"breadcrumb\":{\"@id\":\"https:\\\/\\\/nordlinepaadid.ee\\\/et\\\/pood\\\/elektrilised-paadimootorid\\\/minn-kota-c2-mootorid\\\/minn-kota-endura-c2-36\\\/#breadcrumb\"},\"inLanguage\":\"et\",\"potentialAction\":[{\"@type\":\"ReadAction\",\"target\":[\"https:\\\/\\\/nordlinepaadid.ee\\\/et\\\/pood\\\/elektrilised-paadimootorid\\\/minn-kota-c2-mootorid\\\/minn-kota-endura-c2-36\\\/\"]}]},{\"@type\":\"BreadcrumbList\",\"@id\":\"https:\\\/\\\/nordlinepaadid.ee\\\/et\\\/pood\\\/elektrilised-paadimootorid\\\/minn-kota-c2-mootorid\\\/minn-kota-endura-c2-36\\\/#breadcrumb\",\"itemListElement\":[{\"@type\":\"ListItem\",\"position\":1,\"name\":\"Home\",\"item\":\"https:\\\/\\\/nordlinepaadid.ee\\\/et\\\/\"},{\"@type\":\"ListItem\",\"position\":2,\"name\":\"Pood\",\"item\":\"https:\\\/\\\/nordlinepaadid.ee\\\/et\\\/pood\\\/\"},{\"@type\":\"ListItem\",\"position\":3,\"name\":\"Minn Kota Endura C2 36\"}]},{\"@type\":\"WebSite\",\"@id\":\"https:\\\/\\\/nordlinepaadid.ee\\\/et\\\/#website\",\"url\":\"https:\\\/\\\/nordlinepaadid.ee\\\/et\\\/\",\"name\":\"NORDLINE s\u00f5udepaadid ja mootorpaadid. Klaasfiiber materjalist.\",\"description\":\"\",\"publisher\":{\"@id\":\"https:\\\/\\\/nordlinepaadid.ee\\\/et\\\/#organization\"},\"potentialAction\":[{\"@type\":\"SearchAction\",\"target\":{\"@type\":\"EntryPoint\",\"urlTemplate\":\"https:\\\/\\\/nordlinepaadid.ee\\\/et\\\/?s={search_term_string}\"},\"query-input\":{\"@type\":\"PropertyValueSpecification\",\"valueRequired\":true,\"valueName\":\"search_term_string\"}}],\"inLanguage\":\"et\"},{\"@type\":\"Organization\",\"@id\":\"https:\\\/\\\/nordlinepaadid.ee\\\/et\\\/#organization\",\"name\":\"Nordlineboats\",\"url\":\"https:\\\/\\\/nordlinepaadid.ee\\\/et\\\/\",\"logo\":{\"@type\":\"ImageObject\",\"inLanguage\":\"et\",\"@id\":\"https:\\\/\\\/nordlinepaadid.ee\\\/et\\\/#\\\/schema\\\/logo\\\/image\\\/\",\"url\":\"https:\\\/\\\/nordlinepaadid.ee\\\/wp-content\\\/uploads\\\/2023\\\/01\\\/fulllogo_transparent_nobuffer-e1672750475494.png\",\"contentUrl\":\"https:\\\/\\\/nordlinepaadid.ee\\\/wp-content\\\/uploads\\\/2023\\\/01\\\/fulllogo_transparent_nobuffer-e1672750475494.png\",\"width\":150,\"height\":119,\"caption\":\"Nordlineboats\"},\"image\":{\"@id\":\"https:\\\/\\\/nordlinepaadid.ee\\\/et\\\/#\\\/schema\\\/logo\\\/image\\\/\"},\"sameAs\":[\"https:\\\/\\\/www.facebook.com\\\/nordlineboats\",\"https:\\\/\\\/www.youtube.com\\\/channel\\\/UCbgF0fy02y3QkFnujaLTaCA\"]}]}<\/script>\n<!-- \/ Yoast SEO plugin. -->","yoast_head_json":{"title":"Minn Kota Endura C2 36\u2013 Elektriline magevee trolling 12V mootor","description":"Vastupidav komposiidist varrega, 5 edasik\u00e4igu ja 3 tagasik\u00e4igu re\u017eiimiga, aku n\u00e4idikuga ning ideaalne kalap\u00fc\u00fcgiks ja paadis\u00f5iduks.","robots":{"index":"index","follow":"follow","max-snippet":"max-snippet:-1","max-image-preview":"max-image-preview:large","max-video-preview":"max-video-preview:-1"},"canonical":"https:\/\/nordlinepaadid.ee\/et\/pood\/elektrilised-paadimootorid\/minn-kota-c2-mootorid\/minn-kota-endura-c2-36\/","og_locale":"et_EE","og_type":"article","og_title":"Minn Kota Endura C2 36\u2013 Elektriline magevee trolling 12V mootor","og_description":"Vastupidav komposiidist varrega, 5 edasik\u00e4igu ja 3 tagasik\u00e4igu re\u017eiimiga, aku n\u00e4idikuga ning ideaalne kalap\u00fc\u00fcgiks ja paadis\u00f5iduks.","og_url":"https:\/\/nordlinepaadid.ee\/et\/pood\/elektrilised-paadimootorid\/minn-kota-c2-mootorid\/minn-kota-endura-c2-36\/","og_site_name":"NORDLINE s\u00f5udepaadid ja mootorpaadid. Klaasfiiber materjalist.","article_publisher":"https:\/\/www.facebook.com\/nordlineboats","article_modified_time":"2026-03-03T10:12:33+00:00","og_image":[{"width":828,"height":828,"url":"https:\/\/nordlinepaadid.ee\/wp-content\/uploads\/2026\/03\/Elektriline-paadi-trollingmootor-Minn-Kota-C2-30-.webp","type":"image\/webp"}],"twitter_card":"summary_large_image","twitter_misc":{"Est. reading time":"2 minutit"},"schema":{"@context":"https:\/\/schema.org","@graph":[{"@type":"WebPage","@id":"https:\/\/nordlinepaadid.ee\/et\/pood\/elektrilised-paadimootorid\/minn-kota-c2-mootorid\/minn-kota-endura-c2-36\/","url":"https:\/\/nordlinepaadid.ee\/et\/pood\/elektrilised-paadimootorid\/minn-kota-c2-mootorid\/minn-kota-endura-c2-36\/","name":"Minn Kota Endura C2 36\u2013 Elektriline magevee trolling 12V mootor","isPartOf":{"@id":"https:\/\/nordlinepaadid.ee\/et\/#website"},"datePublished":"2026-03-03T10:00:21+00:00","dateModified":"2026-03-03T10:12:33+00:00","description":"Vastupidav komposiidist varrega, 5 edasik\u00e4igu ja 3 tagasik\u00e4igu re\u017eiimiga, aku n\u00e4idikuga ning ideaalne kalap\u00fc\u00fcgiks ja paadis\u00f5iduks.","breadcrumb":{"@id":"https:\/\/nordlinepaadid.ee\/et\/pood\/elektrilised-paadimootorid\/minn-kota-c2-mootorid\/minn-kota-endura-c2-36\/#breadcrumb"},"inLanguage":"et","potentialAction":[{"@type":"ReadAction","target":["https:\/\/nordlinepaadid.ee\/et\/pood\/elektrilised-paadimootorid\/minn-kota-c2-mootorid\/minn-kota-endura-c2-36\/"]}]},{"@type":"BreadcrumbList","@id":"https:\/\/nordlinepaadid.ee\/et\/pood\/elektrilised-paadimootorid\/minn-kota-c2-mootorid\/minn-kota-endura-c2-36\/#breadcrumb","itemListElement":[{"@type":"ListItem","position":1,"name":"Home","item":"https:\/\/nordlinepaadid.ee\/et\/"},{"@type":"ListItem","position":2,"name":"Pood","item":"https:\/\/nordlinepaadid.ee\/et\/pood\/"},{"@type":"ListItem","position":3,"name":"Minn Kota Endura C2 36"}]},{"@type":"WebSite","@id":"https:\/\/nordlinepaadid.ee\/et\/#website","url":"https:\/\/nordlinepaadid.ee\/et\/","name":"NORDLINE s\u00f5udepaadid ja mootorpaadid. Klaasfiiber materjalist.","description":"","publisher":{"@id":"https:\/\/nordlinepaadid.ee\/et\/#organization"},"potentialAction":[{"@type":"SearchAction","target":{"@type":"EntryPoint","urlTemplate":"https:\/\/nordlinepaadid.ee\/et\/?s={search_term_string}"},"query-input":{"@type":"PropertyValueSpecification","valueRequired":true,"valueName":"search_term_string"}}],"inLanguage":"et"},{"@type":"Organization","@id":"https:\/\/nordlinepaadid.ee\/et\/#organization","name":"Nordlineboats","url":"https:\/\/nordlinepaadid.ee\/et\/","logo":{"@type":"ImageObject","inLanguage":"et","@id":"https:\/\/nordlinepaadid.ee\/et\/#\/schema\/logo\/image\/","url":"https:\/\/nordlinepaadid.ee\/wp-content\/uploads\/2023\/01\/fulllogo_transparent_nobuffer-e1672750475494.png","contentUrl":"https:\/\/nordlinepaadid.ee\/wp-content\/uploads\/2023\/01\/fulllogo_transparent_nobuffer-e1672750475494.png","width":150,"height":119,"caption":"Nordlineboats"},"image":{"@id":"https:\/\/nordlinepaadid.ee\/et\/#\/schema\/logo\/image\/"},"sameAs":["https:\/\/www.facebook.com\/nordlineboats","https:\/\/www.youtube.com\/channel\/UCbgF0fy02y3QkFnujaLTaCA"]}]}},"taxonomy_info":{"product_brand":[{"value":1869,"label":"Minn Kota"}],"product_cat":[{"value":343,"label":"ELEKTRILISED PAADIMOOTORID"},{"value":1870,"label":"Minn Kota C2 mootorid"}]},"featured_image_src_large":false,"author_info":[],"comment_info":"","_links":{"self":[{"href":"https:\/\/nordlinepaadid.ee\/et\/wp-json\/wp\/v2\/product\/56851","targetHints":{"allow":["GET"]}}],"collection":[{"href":"https:\/\/nordlinepaadid.ee\/et\/wp-json\/wp\/v2\/product"}],"about":[{"href":"https:\/\/nordlinepaadid.ee\/et\/wp-json\/wp\/v2\/types\/product"}],"wp:attachment":[{"href":"https:\/\/nordlinepaadid.ee\/et\/wp-json\/wp\/v2\/media?parent=56851"}],"wp:term":[{"taxonomy":"product_brand","embeddable":true,"href":"https:\/\/nordlinepaadid.ee\/et\/wp-json\/wp\/v2\/product_brand?post=56851"},{"taxonomy":"product_cat","embeddable":true,"href":"https:\/\/nordlinepaadid.ee\/et\/wp-json\/wp\/v2\/product_cat?post=56851"},{"taxonomy":"product_tag","embeddable":true,"href":"https:\/\/nordlinepaadid.ee\/et\/wp-json\/wp\/v2\/product_tag?post=56851"}],"curies":[{"name":"wp","href":"https:\/\/api.w.org\/{rel}","templated":true}]}}