{"id":56860,"date":"2026-03-03T14:33:56","date_gmt":"2026-03-03T12:33:56","guid":{"rendered":"https:\/\/nordlinepaadid.ee\/?post_type=product&#038;p=56860"},"modified":"2026-03-03T14:37:17","modified_gmt":"2026-03-03T12:37:17","slug":"minn-kota-endura-c2-55","status":"publish","type":"product","link":"https:\/\/nordlinepaadid.ee\/et\/pood\/elektrilised-paadimootorid\/minn-kota-c2-mootorid\/minn-kota-endura-c2-55\/","title":{"rendered":"Minn Kota Endura C2 55"},"content":{"rendered":"<p data-start=\"905\" data-end=\"1629\"><strong data-start=\"747\" data-end=\"777\">Minn Kota Endura C2 55 lbs<\/strong> on usaldusv\u00e4\u00e4rne 12 V elektriline p\u00e4ramootor, mis pakub <strong data-start=\"834\" data-end=\"866\">55 lbs (~25 kg) t\u00f5ukej\u00f5udu<\/strong>, sobides ideaalselt <strong data-start=\"887\" data-end=\"938\">siseveekogudele ja keskmise suurusega paatidele<\/strong>. <br data-start=\"977\" data-end=\"980\" \/>See mudel on varustatud <strong data-start=\"1004\" data-end=\"1028\">aku taseme n\u00e4idikuga<\/strong>, mis v\u00f5imaldab kiiresti kontrollida, kui kaua mootor aku pealt veel t\u00f6\u00f6tab. <br data-start=\"1142\" data-end=\"1145\" \/>5 edasi ja 3 tagasi kiirust annavad hea kontrolli nii aeglaseks kalap\u00fc\u00fcgiks kui ka kiiremateks man\u00f6\u00f6vriteks. <br data-start=\"1291\" data-end=\"1294\" \/>Teleskoopiline roolivars ja tugev <strong data-start=\"1328\" data-end=\"1360\">Lever-Lock kinnituskronstein<\/strong> tagavad mugava juhtimise ja lihtsa paigaldamise. <br data-start=\"1447\" data-end=\"1450\" \/>K\u00f5ik komponendid on m\u00f5eldud <strong data-start=\"1478\" data-end=\"1530\">vaikseks t\u00f6\u00f6tamiseks ja pika-ealiseks kasutuseks<\/strong>, mis on Minn Kota Endura seeria tunnus.<\/p>\n<p data-start=\"905\" data-end=\"1629\"><strong data-start=\"920\" data-end=\"950\">Minn Kota Endura C2 55 lbs<\/strong> sobib h\u00e4sti <strong data-start=\"972\" data-end=\"1084\">keskmise suurusega alumiinium- v\u00f5i klaaskiud-paatidele, PVC- paatidele<\/strong> ja muudele vees\u00f5idukitele, mille kogukaal on kuni ~1150 kg ning pikkus ~4,5\u20135,5 m.<\/p>\n<p>Vaata ka erinevate Minn Kota mudelite omaduste <strong><a href=\"https:\/\/nordlinepaadid.ee\/et\/minn-kota-elektriliste-paadimootorite-vordlustabel\/\" target=\"_blank\" rel=\"noopener\">v\u00f5rdlustabelit<\/a><\/strong>.<\/p>\n<h2>OMADUSED<\/h2>\n<h3 data-start=\"79\" data-end=\"111\">Lever Lock kinnitusklamber<\/h3>\n<p data-start=\"112\" data-end=\"302\">Tugev 10-asendiline kinnitusklamber, millel on kiire vabastusega lukustuskang. Valmistatud tugevdatud komposiitmaterjalist, mis on vastupidav paindumisele, deformeerumisele ja UV-kiirgusele.<\/p>\n<h3 data-start=\"304\" data-end=\"335\">Teleskoopiline juhtvarras<\/h3>\n<p data-start=\"336\" data-end=\"447\">Kuue tolli (ca 15 cm) v\u00f5rra pikendatav teleskoopiline juhtvarras tagab mugava, lihtsa ja intuitiivse juhtimise.<\/p>\n<h3 data-start=\"449\" data-end=\"481\">5 edasi \/ 3 tagasi kiirust<\/h3>\n<p data-start=\"482\" data-end=\"592\">Viis kiirust edasi s\u00f5itmiseks ja kolm kiirust tagurdamiseks, et tagada t\u00e4pne kontroll ja sujuv man\u00f6\u00f6verdamine.<\/p>\n<h3 data-start=\"594\" data-end=\"619\">Power Prop s\u00f5ukruvi<\/h3>\n<p data-start=\"620\" data-end=\"749\">Spetsiaalne Power Prop s\u00f5ukruvi annab lisaj\u00f5udu liikumiseks tihedas veetaimestikus. Komplektis on s\u00f5ukruvi tihvt, mutter ja seib.<\/p>\n<h3 data-start=\"751\" data-end=\"808\">Purunemiskindel komposiitv\u00f5ll \u2013 eluaegse garantiiga<\/h3>\n<p data-start=\"809\" data-end=\"963\">Minn Kota trolling-mootori s\u00fcdameks on praktiliselt purunematu komposiitv\u00f5ll. Tegemist on Minn Kota ainulahendusega ning sellele kehtib eluaegne garantii.<\/p>\n<h3 data-start=\"965\" data-end=\"1001\">Push-to-Test aku taseme n\u00e4idik<\/h3>\n<p data-start=\"1002\" data-end=\"1099\">Vajuta mootori pea peal olevat nuppu, et saada kohene \u00fclevaade aku j\u00e4relej\u00e4\u00e4nud laetuse tasemest.<\/p>\n<h3 data-start=\"1101\" data-end=\"1125\">Jahe ja vaikne t\u00f6\u00f6<\/h3>\n<p data-start=\"1126\" data-end=\"1257\">K\u00f5ik Minn Kota alumised mootoriosad t\u00f6\u00f6tavad vees madalal temperatuuril, mis pikendab mootori eluiga, ning tagavad vaikse ja sujuva t\u00f6\u00f6.<\/p>\n<p data-start=\"2899\" data-end=\"3054\"><strong>Link tootja kodulehele<\/strong> &#8211; <a href=\"https:\/\/minnkota.johnsonoutdoors.com\/us\/shop\/freshwater-trolling-motors\/endura\/1352274m\" target=\"_blank\" rel=\"noopener\">Minn Kota C2 55<\/a><\/p>\n","protected":false},"excerpt":{"rendered":"<p data-start=\"34\" data-end=\"178\"><strong data-start=\"209\" data-end=\"226\">Varre pikkus:<\/strong> 36 tolli (91,4cm)<br data-start=\"235\" data-end=\"238\" \/><strong data-start=\"238\" data-end=\"264\">Maksimaalne t\u00f5ukej\u00f5ud:<\/strong> 55 lb<br data-start=\"270\" data-end=\"273\" \/><strong data-start=\"273\" data-end=\"283\">Pinge:<\/strong> 12 V, n\u00e4idikuga<br \/>\n<strong data-start=\"395\" data-end=\"404\">Kaal:<\/strong> 12 kg<br \/>\n<strong data-start=\"424\" data-end=\"441\">Kinnitust\u00fc\u00fcp:<\/strong> Ahtripeeglile kinnitatav (Transom-Mount)<br data-start=\"479\" data-end=\"482\" \/><strong data-start=\"482\" data-end=\"499\">Juhtimist\u00fc\u00fcp:<\/strong> k\u00e4sijuhtimine (Hand-steer)<br data-start=\"573\" data-end=\"576\" \/><strong data-start=\"576\" data-end=\"589\">Kiirused:<\/strong> 5 edasi \/ 3 tagasi<br data-start=\"640\" data-end=\"643\" \/><strong data-start=\"643\" data-end=\"670\">Maksimaalne voolutarve:<\/strong> 50 A<br data-start=\"675\" data-end=\"678\" \/><strong data-start=\"678\" data-end=\"691\">Garantii:<\/strong> 2 aastat<\/p>\n","protected":false},"featured_media":0,"template":"","meta":{"_kad_blocks_custom_css":"","_kad_blocks_head_custom_js":"","_kad_blocks_body_custom_js":"","_kad_blocks_footer_custom_js":"","_kad_post_transparent":"default","_kad_post_title":"","_kad_post_layout":"default","_kad_post_sidebar_id":"","_kad_post_content_style":"default","_kad_post_vertical_padding":"default","_kad_post_feature":"","_kad_post_feature_position":"","_kad_post_header":false,"_kad_post_footer":false,"_kad_post_classname":""},"product_brand":[1869],"product_cat":[343,1870],"product_tag":[],"class_list":{"0":"post-56860","1":"product","2":"type-product","3":"status-publish","5":"product_brand-minn-kota","6":"product_cat-elektrilised-paadimootorid","7":"product_cat-minn-kota-c2-mootorid","8":"product_shipping_class-euroalusele-mahtuv-kaup","9":"tm-no-options","11":"first","12":"onbackorder","13":"sale","14":"taxable","15":"shipping-taxable","16":"purchasable","17":"product-type-simple","18":"entry","19":"content-bg","20":"loop-entry"},"yoast_head":"<!-- This site is optimized with the Yoast SEO plugin v27.3 - https:\/\/yoast.com\/product\/yoast-seo-wordpress\/ -->\n<title>Elektriline p\u00e4ramootor Minn Kota Endura C2 55<\/title>\n<meta name=\"description\" content=\"Vastupidav komposiidist varrega, 5 edasik\u00e4igu ja 3 tagasik\u00e4igu re\u017eiimiga, aku n\u00e4idikuga ning ideaalne kalap\u00fc\u00fcgiks ja paadis\u00f5iduks.\" \/>\n<meta name=\"robots\" content=\"index, follow, max-snippet:-1, max-image-preview:large, max-video-preview:-1\" \/>\n<link rel=\"canonical\" href=\"https:\/\/nordlinepaadid.ee\/et\/pood\/elektrilised-paadimootorid\/minn-kota-c2-mootorid\/minn-kota-endura-c2-55\/\" \/>\n<meta property=\"og:locale\" content=\"et_EE\" \/>\n<meta property=\"og:type\" content=\"article\" \/>\n<meta property=\"og:title\" content=\"Elektriline p\u00e4ramootor Minn Kota Endura C2 55\" \/>\n<meta property=\"og:description\" content=\"Vastupidav komposiidist varrega, 5 edasik\u00e4igu ja 3 tagasik\u00e4igu re\u017eiimiga, aku n\u00e4idikuga ning ideaalne kalap\u00fc\u00fcgiks ja paadis\u00f5iduks.\" \/>\n<meta property=\"og:url\" content=\"https:\/\/nordlinepaadid.ee\/et\/pood\/elektrilised-paadimootorid\/minn-kota-c2-mootorid\/minn-kota-endura-c2-55\/\" \/>\n<meta property=\"og:site_name\" content=\"NORDLINE s\u00f5udepaadid ja mootorpaadid. Klaasfiiber materjalist.\" \/>\n<meta property=\"article:publisher\" content=\"https:\/\/www.facebook.com\/nordlineboats\" \/>\n<meta property=\"article:modified_time\" content=\"2026-03-03T12:37:17+00:00\" \/>\n<meta property=\"og:image\" content=\"https:\/\/nordlinepaadid.ee\/wp-content\/uploads\/2026\/03\/Elektriline-paadi-trollingmootor-Minn-Kota-C2-30-.webp\" \/>\n\t<meta property=\"og:image:width\" content=\"828\" \/>\n\t<meta property=\"og:image:height\" content=\"828\" \/>\n\t<meta property=\"og:image:type\" content=\"image\/webp\" \/>\n<meta name=\"twitter:card\" content=\"summary_large_image\" \/>\n<meta name=\"twitter:label1\" content=\"Est. reading time\" \/>\n\t<meta name=\"twitter:data1\" content=\"2 minutit\" \/>\n<script type=\"application\/ld+json\" class=\"yoast-schema-graph\">{\"@context\":\"https:\\\/\\\/schema.org\",\"@graph\":[{\"@type\":\"WebPage\",\"@id\":\"https:\\\/\\\/nordlinepaadid.ee\\\/et\\\/pood\\\/elektrilised-paadimootorid\\\/minn-kota-c2-mootorid\\\/minn-kota-endura-c2-55\\\/\",\"url\":\"https:\\\/\\\/nordlinepaadid.ee\\\/et\\\/pood\\\/elektrilised-paadimootorid\\\/minn-kota-c2-mootorid\\\/minn-kota-endura-c2-55\\\/\",\"name\":\"Elektriline p\u00e4ramootor Minn Kota Endura C2 55\",\"isPartOf\":{\"@id\":\"https:\\\/\\\/nordlinepaadid.ee\\\/et\\\/#website\"},\"datePublished\":\"2026-03-03T12:33:56+00:00\",\"dateModified\":\"2026-03-03T12:37:17+00:00\",\"description\":\"Vastupidav komposiidist varrega, 5 edasik\u00e4igu ja 3 tagasik\u00e4igu re\u017eiimiga, aku n\u00e4idikuga ning ideaalne kalap\u00fc\u00fcgiks ja paadis\u00f5iduks.\",\"breadcrumb\":{\"@id\":\"https:\\\/\\\/nordlinepaadid.ee\\\/et\\\/pood\\\/elektrilised-paadimootorid\\\/minn-kota-c2-mootorid\\\/minn-kota-endura-c2-55\\\/#breadcrumb\"},\"inLanguage\":\"et\",\"potentialAction\":[{\"@type\":\"ReadAction\",\"target\":[\"https:\\\/\\\/nordlinepaadid.ee\\\/et\\\/pood\\\/elektrilised-paadimootorid\\\/minn-kota-c2-mootorid\\\/minn-kota-endura-c2-55\\\/\"]}]},{\"@type\":\"BreadcrumbList\",\"@id\":\"https:\\\/\\\/nordlinepaadid.ee\\\/et\\\/pood\\\/elektrilised-paadimootorid\\\/minn-kota-c2-mootorid\\\/minn-kota-endura-c2-55\\\/#breadcrumb\",\"itemListElement\":[{\"@type\":\"ListItem\",\"position\":1,\"name\":\"Home\",\"item\":\"https:\\\/\\\/nordlinepaadid.ee\\\/et\\\/\"},{\"@type\":\"ListItem\",\"position\":2,\"name\":\"Pood\",\"item\":\"https:\\\/\\\/nordlinepaadid.ee\\\/et\\\/pood\\\/\"},{\"@type\":\"ListItem\",\"position\":3,\"name\":\"Minn Kota Endura C2 55\"}]},{\"@type\":\"WebSite\",\"@id\":\"https:\\\/\\\/nordlinepaadid.ee\\\/et\\\/#website\",\"url\":\"https:\\\/\\\/nordlinepaadid.ee\\\/et\\\/\",\"name\":\"NORDLINE s\u00f5udepaadid ja mootorpaadid. Klaasfiiber materjalist.\",\"description\":\"\",\"publisher\":{\"@id\":\"https:\\\/\\\/nordlinepaadid.ee\\\/et\\\/#organization\"},\"potentialAction\":[{\"@type\":\"SearchAction\",\"target\":{\"@type\":\"EntryPoint\",\"urlTemplate\":\"https:\\\/\\\/nordlinepaadid.ee\\\/et\\\/?s={search_term_string}\"},\"query-input\":{\"@type\":\"PropertyValueSpecification\",\"valueRequired\":true,\"valueName\":\"search_term_string\"}}],\"inLanguage\":\"et\"},{\"@type\":\"Organization\",\"@id\":\"https:\\\/\\\/nordlinepaadid.ee\\\/et\\\/#organization\",\"name\":\"Nordlineboats\",\"url\":\"https:\\\/\\\/nordlinepaadid.ee\\\/et\\\/\",\"logo\":{\"@type\":\"ImageObject\",\"inLanguage\":\"et\",\"@id\":\"https:\\\/\\\/nordlinepaadid.ee\\\/et\\\/#\\\/schema\\\/logo\\\/image\\\/\",\"url\":\"https:\\\/\\\/nordlinepaadid.ee\\\/wp-content\\\/uploads\\\/2023\\\/01\\\/fulllogo_transparent_nobuffer-e1672750475494.png\",\"contentUrl\":\"https:\\\/\\\/nordlinepaadid.ee\\\/wp-content\\\/uploads\\\/2023\\\/01\\\/fulllogo_transparent_nobuffer-e1672750475494.png\",\"width\":150,\"height\":119,\"caption\":\"Nordlineboats\"},\"image\":{\"@id\":\"https:\\\/\\\/nordlinepaadid.ee\\\/et\\\/#\\\/schema\\\/logo\\\/image\\\/\"},\"sameAs\":[\"https:\\\/\\\/www.facebook.com\\\/nordlineboats\",\"https:\\\/\\\/www.youtube.com\\\/channel\\\/UCbgF0fy02y3QkFnujaLTaCA\"]}]}<\/script>\n<!-- \/ Yoast SEO plugin. -->","yoast_head_json":{"title":"Elektriline p\u00e4ramootor Minn Kota Endura C2 55","description":"Vastupidav komposiidist varrega, 5 edasik\u00e4igu ja 3 tagasik\u00e4igu re\u017eiimiga, aku n\u00e4idikuga ning ideaalne kalap\u00fc\u00fcgiks ja paadis\u00f5iduks.","robots":{"index":"index","follow":"follow","max-snippet":"max-snippet:-1","max-image-preview":"max-image-preview:large","max-video-preview":"max-video-preview:-1"},"canonical":"https:\/\/nordlinepaadid.ee\/et\/pood\/elektrilised-paadimootorid\/minn-kota-c2-mootorid\/minn-kota-endura-c2-55\/","og_locale":"et_EE","og_type":"article","og_title":"Elektriline p\u00e4ramootor Minn Kota Endura C2 55","og_description":"Vastupidav komposiidist varrega, 5 edasik\u00e4igu ja 3 tagasik\u00e4igu re\u017eiimiga, aku n\u00e4idikuga ning ideaalne kalap\u00fc\u00fcgiks ja paadis\u00f5iduks.","og_url":"https:\/\/nordlinepaadid.ee\/et\/pood\/elektrilised-paadimootorid\/minn-kota-c2-mootorid\/minn-kota-endura-c2-55\/","og_site_name":"NORDLINE s\u00f5udepaadid ja mootorpaadid. Klaasfiiber materjalist.","article_publisher":"https:\/\/www.facebook.com\/nordlineboats","article_modified_time":"2026-03-03T12:37:17+00:00","og_image":[{"width":828,"height":828,"url":"https:\/\/nordlinepaadid.ee\/wp-content\/uploads\/2026\/03\/Elektriline-paadi-trollingmootor-Minn-Kota-C2-30-.webp","type":"image\/webp"}],"twitter_card":"summary_large_image","twitter_misc":{"Est. reading time":"2 minutit"},"schema":{"@context":"https:\/\/schema.org","@graph":[{"@type":"WebPage","@id":"https:\/\/nordlinepaadid.ee\/et\/pood\/elektrilised-paadimootorid\/minn-kota-c2-mootorid\/minn-kota-endura-c2-55\/","url":"https:\/\/nordlinepaadid.ee\/et\/pood\/elektrilised-paadimootorid\/minn-kota-c2-mootorid\/minn-kota-endura-c2-55\/","name":"Elektriline p\u00e4ramootor Minn Kota Endura C2 55","isPartOf":{"@id":"https:\/\/nordlinepaadid.ee\/et\/#website"},"datePublished":"2026-03-03T12:33:56+00:00","dateModified":"2026-03-03T12:37:17+00:00","description":"Vastupidav komposiidist varrega, 5 edasik\u00e4igu ja 3 tagasik\u00e4igu re\u017eiimiga, aku n\u00e4idikuga ning ideaalne kalap\u00fc\u00fcgiks ja paadis\u00f5iduks.","breadcrumb":{"@id":"https:\/\/nordlinepaadid.ee\/et\/pood\/elektrilised-paadimootorid\/minn-kota-c2-mootorid\/minn-kota-endura-c2-55\/#breadcrumb"},"inLanguage":"et","potentialAction":[{"@type":"ReadAction","target":["https:\/\/nordlinepaadid.ee\/et\/pood\/elektrilised-paadimootorid\/minn-kota-c2-mootorid\/minn-kota-endura-c2-55\/"]}]},{"@type":"BreadcrumbList","@id":"https:\/\/nordlinepaadid.ee\/et\/pood\/elektrilised-paadimootorid\/minn-kota-c2-mootorid\/minn-kota-endura-c2-55\/#breadcrumb","itemListElement":[{"@type":"ListItem","position":1,"name":"Home","item":"https:\/\/nordlinepaadid.ee\/et\/"},{"@type":"ListItem","position":2,"name":"Pood","item":"https:\/\/nordlinepaadid.ee\/et\/pood\/"},{"@type":"ListItem","position":3,"name":"Minn Kota Endura C2 55"}]},{"@type":"WebSite","@id":"https:\/\/nordlinepaadid.ee\/et\/#website","url":"https:\/\/nordlinepaadid.ee\/et\/","name":"NORDLINE s\u00f5udepaadid ja mootorpaadid. Klaasfiiber materjalist.","description":"","publisher":{"@id":"https:\/\/nordlinepaadid.ee\/et\/#organization"},"potentialAction":[{"@type":"SearchAction","target":{"@type":"EntryPoint","urlTemplate":"https:\/\/nordlinepaadid.ee\/et\/?s={search_term_string}"},"query-input":{"@type":"PropertyValueSpecification","valueRequired":true,"valueName":"search_term_string"}}],"inLanguage":"et"},{"@type":"Organization","@id":"https:\/\/nordlinepaadid.ee\/et\/#organization","name":"Nordlineboats","url":"https:\/\/nordlinepaadid.ee\/et\/","logo":{"@type":"ImageObject","inLanguage":"et","@id":"https:\/\/nordlinepaadid.ee\/et\/#\/schema\/logo\/image\/","url":"https:\/\/nordlinepaadid.ee\/wp-content\/uploads\/2023\/01\/fulllogo_transparent_nobuffer-e1672750475494.png","contentUrl":"https:\/\/nordlinepaadid.ee\/wp-content\/uploads\/2023\/01\/fulllogo_transparent_nobuffer-e1672750475494.png","width":150,"height":119,"caption":"Nordlineboats"},"image":{"@id":"https:\/\/nordlinepaadid.ee\/et\/#\/schema\/logo\/image\/"},"sameAs":["https:\/\/www.facebook.com\/nordlineboats","https:\/\/www.youtube.com\/channel\/UCbgF0fy02y3QkFnujaLTaCA"]}]}},"taxonomy_info":{"product_brand":[{"value":1869,"label":"Minn Kota"}],"product_cat":[{"value":343,"label":"ELEKTRILISED PAADIMOOTORID"},{"value":1870,"label":"Minn Kota C2 mootorid"}]},"featured_image_src_large":false,"author_info":[],"comment_info":"","_links":{"self":[{"href":"https:\/\/nordlinepaadid.ee\/et\/wp-json\/wp\/v2\/product\/56860","targetHints":{"allow":["GET"]}}],"collection":[{"href":"https:\/\/nordlinepaadid.ee\/et\/wp-json\/wp\/v2\/product"}],"about":[{"href":"https:\/\/nordlinepaadid.ee\/et\/wp-json\/wp\/v2\/types\/product"}],"wp:attachment":[{"href":"https:\/\/nordlinepaadid.ee\/et\/wp-json\/wp\/v2\/media?parent=56860"}],"wp:term":[{"taxonomy":"product_brand","embeddable":true,"href":"https:\/\/nordlinepaadid.ee\/et\/wp-json\/wp\/v2\/product_brand?post=56860"},{"taxonomy":"product_cat","embeddable":true,"href":"https:\/\/nordlinepaadid.ee\/et\/wp-json\/wp\/v2\/product_cat?post=56860"},{"taxonomy":"product_tag","embeddable":true,"href":"https:\/\/nordlinepaadid.ee\/et\/wp-json\/wp\/v2\/product_tag?post=56860"}],"curies":[{"name":"wp","href":"https:\/\/api.w.org\/{rel}","templated":true}]}}