{"id":56881,"date":"2026-03-03T15:03:11","date_gmt":"2026-03-03T13:03:11","guid":{"rendered":"https:\/\/nordlinepaadid.ee\/?post_type=product&#038;p=56881"},"modified":"2026-03-04T08:38:21","modified_gmt":"2026-03-04T06:38:21","slug":"elekriline-paadimootor-minna-kota-endura-max-50","status":"publish","type":"product","link":"https:\/\/nordlinepaadid.ee\/et\/pood\/elektrilised-paadimootorid\/minn-kota-endura-max-mootorid\/elekriline-paadimootor-minna-kota-endura-max-50\/","title":{"rendered":"Minn Kota ENDURA MAX 50"},"content":{"rendered":"<p><strong data-start=\"42\" data-end=\"69\">Minn Kota Endura Max 50<\/strong> on 12 V elektriline trolling-mootor, mis pakub v\u00f5imast <strong data-start=\"125\" data-end=\"144\">50 lb (u 23 kg)<\/strong> t\u00f5ukej\u00f5udu ja laitmatut energias\u00e4\u00e4stu t\u00e4nu <strong data-start=\"188\" data-end=\"210\">Digital Maximizer\u2122<\/strong> tehnoloogiale. See mootor on ideaalne valik keskmise suurusega ja natuke suurematele paatidele, kus on vaja sujuvat s\u00f5itu, vaikset t\u00f6\u00f6d ja pikaajalist t\u00f6\u00f6kindlust. Muutuva kiirusega juhtimine v\u00f5imaldab t\u00e4pset man\u00f6\u00f6verdamist ja trollimist erinevates oludes ning pikendab aku t\u00f6\u00f6aega kuni 5\u00d7 v\u00f5rreldes klassikaliste sammuga kiirustega mootoritega. Tugev ja korrosioonikindel komposiitvars (eluaegse garantiiga) koos vastupidava kinnituss\u00fcsteemiga tagab mugava paigalduse ja kindla haarde ahtripeeglile.<\/p>\n<p>Vaata ka erinevate Minn Kota mudelite omaduste <strong><a href=\"https:\/\/nordlinepaadid.ee\/et\/minn-kota-elektriliste-paadimootorite-vordlustabel\/\" target=\"_blank\" rel=\"noopener\">v\u00f5rdlustabelit<\/a><\/strong>.<\/p>\n<p data-start=\"1146\" data-end=\"1485\"><strong data-start=\"1319\" data-end=\"1346\">Minn Kota Endura Max 50<\/strong> on loodud kasutajale, kes soovib elektrilise mootori tugevat j\u00f5udlust, vaikset t\u00f6\u00f6d ja maksimaalset energiakasutuse efektiivsust. Suurem 50 lb t\u00f5ukej\u00f5ud sobib h\u00e4sti paatidele kuni umbes <strong data-start=\"1533\" data-end=\"1554\">5,5\u20136 m pikkuseks <\/strong>koos koormusega.<\/p>\n<p data-start=\"0\" data-end=\"224\"><strong data-start=\"0\" data-end=\"56\">Lever Lock Bracket \u2013 Kiirlukustusega kinnitusklamber<\/strong><br data-start=\"56\" data-end=\"59\" \/>Tugev 10-asendiline kinnitusklamber on varustatud kiirvabastusega hoovaga ning tugevdatud komposiitmaterjaliga, mis talub paindumist, v\u00e4\u00e4ndumist ja UV-kiirguse m\u00f5ju.<\/p>\n<p data-start=\"226\" data-end=\"429\"><strong data-start=\"226\" data-end=\"267\">Telescoping Tiller \u2013 Teleskoopk\u00e4epide<\/strong><br data-start=\"267\" data-end=\"270\" \/>Kuue tolli (u 15 cm) v\u00f5rra pikendatav teleskoopk\u00e4epide tagab mugava ja intuitiivse juhtimise ning v\u00f5imaldab t\u00e4pset edasi- ja tagasik\u00e4igu kiiruse reguleerimist.<\/p>\n<p data-start=\"431\" data-end=\"733\"><strong data-start=\"431\" data-end=\"453\">Digital Maximizer\u2122<\/strong><br data-start=\"453\" data-end=\"456\" \/>Digital Maximizer\u2122 tehnoloogiaga trolling-mootorid v\u00f5imaldavad kuni 5 korda pikemat t\u00f6\u00f6aega \u00fche aku laadimisega. Muutuva kiirusega juhtimine v\u00f5imaldab valida t\u00e4pse s\u00f5idukiiruse ning mootor kasutab ainult nii palju energiat kui vaja, aidates s\u00e4\u00e4sta akut terveks kalastusp\u00e4evaks.<\/p>\n<p data-start=\"735\" data-end=\"885\"><strong data-start=\"735\" data-end=\"790\">Push-to-Test Battery Meter \u2013 Aku laetuse indikaator<\/strong><br data-start=\"790\" data-end=\"793\" \/>Vajuta mootori peas olevat nuppu, et saada kohene \u00fclevaade allesj\u00e4\u00e4nud aku laetuse tasemest.<\/p>\n<p data-start=\"887\" data-end=\"1029\"><strong data-start=\"887\" data-end=\"920\">Power Prop \u2013 V\u00f5imsuspropeller<\/strong><br data-start=\"920\" data-end=\"923\" \/>Propeller tagab lisaj\u00f5u tiheda taimestiku l\u00e4bimiseks. Komplekti kuuluvad propelleri tihvt, mutter ja seib.<\/p>\n<p data-start=\"1031\" data-end=\"1287\"><strong data-start=\"1031\" data-end=\"1112\">Indestructible Composite Shaft \u2014 Eluaegse garantiiga purunematu komposiitvars<\/strong><br data-start=\"1112\" data-end=\"1115\" \/>Minn Kota trolling-mootori s\u00fcdameks on vastupidav komposiitvars, mis ei purune ega korrodeeru. See on Minn Kota eksklusiivne lahendus ning sellele kehtib eluaegne garantii.<\/p>\n<p data-start=\"1289\" data-end=\"1453\" data-is-last-node=\"\" data-is-only-node=\"\"><strong data-start=\"1289\" data-end=\"1331\">Cool, Quiet Power \u2013 Jahe ja vaikne t\u00f6\u00f6<\/strong><br data-start=\"1331\" data-end=\"1334\" \/>K\u00f5ik Minn Kota alumised ajamiosad t\u00f6\u00f6tavad jahedalt, mis pikendab mootori eluiga, ning tagavad vaikse t\u00f6\u00f6 kalastamisel.<\/p>\n<p data-start=\"1954\" data-end=\"2126\">Vaata t\u00e4psemalt kirjeldust tootja kodulehel &#8211; <strong><a href=\"https:\/\/minnkota.johnsonoutdoors.com\/us\/shop\/freshwater-trolling-motors\/endura-max?id=13711\" target=\"_blank\" rel=\"noopener\">Minn Kota Endura Max<\/a><\/strong><\/p>\n","protected":false},"excerpt":{"rendered":"<p data-start=\"683\" data-end=\"700\">T\u00f6\u00f6pinge: <strong data-start=\"693\" data-end=\"700\">12V<br \/>\n<\/strong>Maksimaalne t\u00f5ukej\u00f5ud: 50<strong data-start=\"726\" data-end=\"745\"> lb (u 23 kg)<br \/>\n<\/strong>Maksimaalne voolutarve: <strong data-start=\"772\" data-end=\"785\">kuni 45 A<br \/>\n<\/strong>Kiiruse reguleerimine: <strong data-start=\"811\" data-end=\"848\">Muutuv kiirus (Digital Maximizer)<br \/>\n<\/strong>Juhtimine: <strong data-start=\"862\" data-end=\"898\">Teleskoopk\u00e4epide (6\u201d pikendatav)<br \/>\n<\/strong>Varre pikkus: <strong data-start=\"915\" data-end=\"930\">36\u201d (91,4 cm)<br \/>\n<\/strong>Kaal: <strong data-start=\"939\" data-end=\"950\">u 12 kg<br \/>\n<\/strong>Propeller: <strong data-start=\"964\" data-end=\"978\">Power Prop<br \/>\n<\/strong>Kinnitus: <strong data-start=\"991\" data-end=\"1026\">Lever Lock Bracket (10 asendit)<br \/>\n<\/strong>Aku indikaator: <strong data-start=\"1045\" data-end=\"1061\">Push-to-Test<br \/>\n<\/strong>Garantii: <strong data-start=\"1074\" data-end=\"1111\">2 aastat (vars eluaegne garantii)<\/strong><\/p>\n","protected":false},"featured_media":56864,"template":"","meta":{"_kad_blocks_custom_css":"","_kad_blocks_head_custom_js":"","_kad_blocks_body_custom_js":"","_kad_blocks_footer_custom_js":"","_kad_post_transparent":"default","_kad_post_title":"","_kad_post_layout":"default","_kad_post_sidebar_id":"","_kad_post_content_style":"default","_kad_post_vertical_padding":"default","_kad_post_feature":"","_kad_post_feature_position":"","_kad_post_header":false,"_kad_post_footer":false,"_kad_post_classname":""},"product_brand":[1869],"product_cat":[343,1871],"product_tag":[],"class_list":{"0":"post-56881","1":"product","2":"type-product","3":"status-publish","4":"has-post-thumbnail","6":"product_brand-minn-kota","7":"product_cat-elektrilised-paadimootorid","8":"product_cat-minn-kota-endura-max-mootorid","9":"product_shipping_class-euroalusele-mahtuv-kaup","10":"tm-no-options","12":"first","13":"onbackorder","14":"sale","15":"taxable","16":"shipping-taxable","17":"purchasable","18":"product-type-simple","19":"entry","20":"content-bg","21":"loop-entry"},"yoast_head":"<!-- This site is optimized with the Yoast SEO plugin v27.3 - https:\/\/yoast.com\/product\/yoast-seo-wordpress\/ -->\n<title>Elekriline paadimootor Minna Kota Endura Max 50<\/title>\n<meta name=\"description\" content=\"50 lb t\u00f5ukej\u00f5uga energias\u00e4\u00e4stlik trolling-mootor Digital Maximizer tehnoloogiaga. Vaikne ja t\u00f6\u00f6kindel lahendus kalastuspaatidele.\" \/>\n<meta name=\"robots\" content=\"index, follow, max-snippet:-1, max-image-preview:large, max-video-preview:-1\" \/>\n<link rel=\"canonical\" href=\"https:\/\/nordlinepaadid.ee\/et\/pood\/elektrilised-paadimootorid\/minn-kota-endura-max-mootorid\/elekriline-paadimootor-minna-kota-endura-max-50\/\" \/>\n<meta property=\"og:locale\" content=\"et_EE\" \/>\n<meta property=\"og:type\" content=\"article\" \/>\n<meta property=\"og:title\" content=\"Elekriline paadimootor Minna Kota Endura Max 50\" \/>\n<meta property=\"og:description\" content=\"50 lb t\u00f5ukej\u00f5uga energias\u00e4\u00e4stlik trolling-mootor Digital Maximizer tehnoloogiaga. Vaikne ja t\u00f6\u00f6kindel lahendus kalastuspaatidele.\" \/>\n<meta property=\"og:url\" content=\"https:\/\/nordlinepaadid.ee\/et\/pood\/elektrilised-paadimootorid\/minn-kota-endura-max-mootorid\/elekriline-paadimootor-minna-kota-endura-max-50\/\" \/>\n<meta property=\"og:site_name\" content=\"NORDLINE s\u00f5udepaadid ja mootorpaadid. Klaasfiiber materjalist.\" \/>\n<meta property=\"article:publisher\" content=\"https:\/\/www.facebook.com\/nordlineboats\" \/>\n<meta property=\"article:modified_time\" content=\"2026-03-04T06:38:21+00:00\" \/>\n<meta property=\"og:image\" content=\"https:\/\/nordlinepaadid.ee\/wp-content\/uploads\/2026\/03\/Elekriline-paramootor-paadile-Minna-Kota-Endura-Max.webp\" \/>\n\t<meta property=\"og:image:width\" content=\"828\" \/>\n\t<meta property=\"og:image:height\" content=\"828\" \/>\n\t<meta property=\"og:image:type\" content=\"image\/webp\" \/>\n<meta name=\"twitter:card\" content=\"summary_large_image\" \/>\n<meta name=\"twitter:label1\" content=\"Est. reading time\" \/>\n\t<meta name=\"twitter:data1\" content=\"2 minutit\" \/>\n<script type=\"application\/ld+json\" class=\"yoast-schema-graph\">{\"@context\":\"https:\\\/\\\/schema.org\",\"@graph\":[{\"@type\":\"WebPage\",\"@id\":\"https:\\\/\\\/nordlinepaadid.ee\\\/et\\\/pood\\\/elektrilised-paadimootorid\\\/minn-kota-endura-max-mootorid\\\/elekriline-paadimootor-minna-kota-endura-max-50\\\/\",\"url\":\"https:\\\/\\\/nordlinepaadid.ee\\\/et\\\/pood\\\/elektrilised-paadimootorid\\\/minn-kota-endura-max-mootorid\\\/elekriline-paadimootor-minna-kota-endura-max-50\\\/\",\"name\":\"Elekriline paadimootor Minna Kota Endura Max 50\",\"isPartOf\":{\"@id\":\"https:\\\/\\\/nordlinepaadid.ee\\\/et\\\/#website\"},\"primaryImageOfPage\":{\"@id\":\"https:\\\/\\\/nordlinepaadid.ee\\\/et\\\/pood\\\/elektrilised-paadimootorid\\\/minn-kota-endura-max-mootorid\\\/elekriline-paadimootor-minna-kota-endura-max-50\\\/#primaryimage\"},\"image\":{\"@id\":\"https:\\\/\\\/nordlinepaadid.ee\\\/et\\\/pood\\\/elektrilised-paadimootorid\\\/minn-kota-endura-max-mootorid\\\/elekriline-paadimootor-minna-kota-endura-max-50\\\/#primaryimage\"},\"thumbnailUrl\":\"https:\\\/\\\/nordlinepaadid.ee\\\/wp-content\\\/uploads\\\/2026\\\/03\\\/Elekriline-paramootor-paadile-Minna-Kota-Endura-Max.webp\",\"datePublished\":\"2026-03-03T13:03:11+00:00\",\"dateModified\":\"2026-03-04T06:38:21+00:00\",\"description\":\"50 lb t\u00f5ukej\u00f5uga energias\u00e4\u00e4stlik trolling-mootor Digital Maximizer tehnoloogiaga. Vaikne ja t\u00f6\u00f6kindel lahendus kalastuspaatidele.\",\"breadcrumb\":{\"@id\":\"https:\\\/\\\/nordlinepaadid.ee\\\/et\\\/pood\\\/elektrilised-paadimootorid\\\/minn-kota-endura-max-mootorid\\\/elekriline-paadimootor-minna-kota-endura-max-50\\\/#breadcrumb\"},\"inLanguage\":\"et\",\"potentialAction\":[{\"@type\":\"ReadAction\",\"target\":[\"https:\\\/\\\/nordlinepaadid.ee\\\/et\\\/pood\\\/elektrilised-paadimootorid\\\/minn-kota-endura-max-mootorid\\\/elekriline-paadimootor-minna-kota-endura-max-50\\\/\"]}]},{\"@type\":\"ImageObject\",\"inLanguage\":\"et\",\"@id\":\"https:\\\/\\\/nordlinepaadid.ee\\\/et\\\/pood\\\/elektrilised-paadimootorid\\\/minn-kota-endura-max-mootorid\\\/elekriline-paadimootor-minna-kota-endura-max-50\\\/#primaryimage\",\"url\":\"https:\\\/\\\/nordlinepaadid.ee\\\/wp-content\\\/uploads\\\/2026\\\/03\\\/Elekriline-paramootor-paadile-Minna-Kota-Endura-Max.webp\",\"contentUrl\":\"https:\\\/\\\/nordlinepaadid.ee\\\/wp-content\\\/uploads\\\/2026\\\/03\\\/Elekriline-paramootor-paadile-Minna-Kota-Endura-Max.webp\",\"width\":828,\"height\":828,\"caption\":\"Elekriline p\u00e4ramootor paadile Minna Kota Endura Max\"},{\"@type\":\"BreadcrumbList\",\"@id\":\"https:\\\/\\\/nordlinepaadid.ee\\\/et\\\/pood\\\/elektrilised-paadimootorid\\\/minn-kota-endura-max-mootorid\\\/elekriline-paadimootor-minna-kota-endura-max-50\\\/#breadcrumb\",\"itemListElement\":[{\"@type\":\"ListItem\",\"position\":1,\"name\":\"Home\",\"item\":\"https:\\\/\\\/nordlinepaadid.ee\\\/et\\\/\"},{\"@type\":\"ListItem\",\"position\":2,\"name\":\"Pood\",\"item\":\"https:\\\/\\\/nordlinepaadid.ee\\\/et\\\/pood\\\/\"},{\"@type\":\"ListItem\",\"position\":3,\"name\":\"Minn Kota ENDURA MAX 50\"}]},{\"@type\":\"WebSite\",\"@id\":\"https:\\\/\\\/nordlinepaadid.ee\\\/et\\\/#website\",\"url\":\"https:\\\/\\\/nordlinepaadid.ee\\\/et\\\/\",\"name\":\"NORDLINE s\u00f5udepaadid ja mootorpaadid. Klaasfiiber materjalist.\",\"description\":\"\",\"publisher\":{\"@id\":\"https:\\\/\\\/nordlinepaadid.ee\\\/et\\\/#organization\"},\"potentialAction\":[{\"@type\":\"SearchAction\",\"target\":{\"@type\":\"EntryPoint\",\"urlTemplate\":\"https:\\\/\\\/nordlinepaadid.ee\\\/et\\\/?s={search_term_string}\"},\"query-input\":{\"@type\":\"PropertyValueSpecification\",\"valueRequired\":true,\"valueName\":\"search_term_string\"}}],\"inLanguage\":\"et\"},{\"@type\":\"Organization\",\"@id\":\"https:\\\/\\\/nordlinepaadid.ee\\\/et\\\/#organization\",\"name\":\"Nordlineboats\",\"url\":\"https:\\\/\\\/nordlinepaadid.ee\\\/et\\\/\",\"logo\":{\"@type\":\"ImageObject\",\"inLanguage\":\"et\",\"@id\":\"https:\\\/\\\/nordlinepaadid.ee\\\/et\\\/#\\\/schema\\\/logo\\\/image\\\/\",\"url\":\"https:\\\/\\\/nordlinepaadid.ee\\\/wp-content\\\/uploads\\\/2023\\\/01\\\/fulllogo_transparent_nobuffer-e1672750475494.png\",\"contentUrl\":\"https:\\\/\\\/nordlinepaadid.ee\\\/wp-content\\\/uploads\\\/2023\\\/01\\\/fulllogo_transparent_nobuffer-e1672750475494.png\",\"width\":150,\"height\":119,\"caption\":\"Nordlineboats\"},\"image\":{\"@id\":\"https:\\\/\\\/nordlinepaadid.ee\\\/et\\\/#\\\/schema\\\/logo\\\/image\\\/\"},\"sameAs\":[\"https:\\\/\\\/www.facebook.com\\\/nordlineboats\",\"https:\\\/\\\/www.youtube.com\\\/channel\\\/UCbgF0fy02y3QkFnujaLTaCA\"]}]}<\/script>\n<!-- \/ Yoast SEO plugin. -->","yoast_head_json":{"title":"Elekriline paadimootor Minna Kota Endura Max 50","description":"50 lb t\u00f5ukej\u00f5uga energias\u00e4\u00e4stlik trolling-mootor Digital Maximizer tehnoloogiaga. Vaikne ja t\u00f6\u00f6kindel lahendus kalastuspaatidele.","robots":{"index":"index","follow":"follow","max-snippet":"max-snippet:-1","max-image-preview":"max-image-preview:large","max-video-preview":"max-video-preview:-1"},"canonical":"https:\/\/nordlinepaadid.ee\/et\/pood\/elektrilised-paadimootorid\/minn-kota-endura-max-mootorid\/elekriline-paadimootor-minna-kota-endura-max-50\/","og_locale":"et_EE","og_type":"article","og_title":"Elekriline paadimootor Minna Kota Endura Max 50","og_description":"50 lb t\u00f5ukej\u00f5uga energias\u00e4\u00e4stlik trolling-mootor Digital Maximizer tehnoloogiaga. Vaikne ja t\u00f6\u00f6kindel lahendus kalastuspaatidele.","og_url":"https:\/\/nordlinepaadid.ee\/et\/pood\/elektrilised-paadimootorid\/minn-kota-endura-max-mootorid\/elekriline-paadimootor-minna-kota-endura-max-50\/","og_site_name":"NORDLINE s\u00f5udepaadid ja mootorpaadid. Klaasfiiber materjalist.","article_publisher":"https:\/\/www.facebook.com\/nordlineboats","article_modified_time":"2026-03-04T06:38:21+00:00","og_image":[{"width":828,"height":828,"url":"https:\/\/nordlinepaadid.ee\/wp-content\/uploads\/2026\/03\/Elekriline-paramootor-paadile-Minna-Kota-Endura-Max.webp","type":"image\/webp"}],"twitter_card":"summary_large_image","twitter_misc":{"Est. reading time":"2 minutit"},"schema":{"@context":"https:\/\/schema.org","@graph":[{"@type":"WebPage","@id":"https:\/\/nordlinepaadid.ee\/et\/pood\/elektrilised-paadimootorid\/minn-kota-endura-max-mootorid\/elekriline-paadimootor-minna-kota-endura-max-50\/","url":"https:\/\/nordlinepaadid.ee\/et\/pood\/elektrilised-paadimootorid\/minn-kota-endura-max-mootorid\/elekriline-paadimootor-minna-kota-endura-max-50\/","name":"Elekriline paadimootor Minna Kota Endura Max 50","isPartOf":{"@id":"https:\/\/nordlinepaadid.ee\/et\/#website"},"primaryImageOfPage":{"@id":"https:\/\/nordlinepaadid.ee\/et\/pood\/elektrilised-paadimootorid\/minn-kota-endura-max-mootorid\/elekriline-paadimootor-minna-kota-endura-max-50\/#primaryimage"},"image":{"@id":"https:\/\/nordlinepaadid.ee\/et\/pood\/elektrilised-paadimootorid\/minn-kota-endura-max-mootorid\/elekriline-paadimootor-minna-kota-endura-max-50\/#primaryimage"},"thumbnailUrl":"https:\/\/nordlinepaadid.ee\/wp-content\/uploads\/2026\/03\/Elekriline-paramootor-paadile-Minna-Kota-Endura-Max.webp","datePublished":"2026-03-03T13:03:11+00:00","dateModified":"2026-03-04T06:38:21+00:00","description":"50 lb t\u00f5ukej\u00f5uga energias\u00e4\u00e4stlik trolling-mootor Digital Maximizer tehnoloogiaga. Vaikne ja t\u00f6\u00f6kindel lahendus kalastuspaatidele.","breadcrumb":{"@id":"https:\/\/nordlinepaadid.ee\/et\/pood\/elektrilised-paadimootorid\/minn-kota-endura-max-mootorid\/elekriline-paadimootor-minna-kota-endura-max-50\/#breadcrumb"},"inLanguage":"et","potentialAction":[{"@type":"ReadAction","target":["https:\/\/nordlinepaadid.ee\/et\/pood\/elektrilised-paadimootorid\/minn-kota-endura-max-mootorid\/elekriline-paadimootor-minna-kota-endura-max-50\/"]}]},{"@type":"ImageObject","inLanguage":"et","@id":"https:\/\/nordlinepaadid.ee\/et\/pood\/elektrilised-paadimootorid\/minn-kota-endura-max-mootorid\/elekriline-paadimootor-minna-kota-endura-max-50\/#primaryimage","url":"https:\/\/nordlinepaadid.ee\/wp-content\/uploads\/2026\/03\/Elekriline-paramootor-paadile-Minna-Kota-Endura-Max.webp","contentUrl":"https:\/\/nordlinepaadid.ee\/wp-content\/uploads\/2026\/03\/Elekriline-paramootor-paadile-Minna-Kota-Endura-Max.webp","width":828,"height":828,"caption":"Elekriline p\u00e4ramootor paadile Minna Kota Endura Max"},{"@type":"BreadcrumbList","@id":"https:\/\/nordlinepaadid.ee\/et\/pood\/elektrilised-paadimootorid\/minn-kota-endura-max-mootorid\/elekriline-paadimootor-minna-kota-endura-max-50\/#breadcrumb","itemListElement":[{"@type":"ListItem","position":1,"name":"Home","item":"https:\/\/nordlinepaadid.ee\/et\/"},{"@type":"ListItem","position":2,"name":"Pood","item":"https:\/\/nordlinepaadid.ee\/et\/pood\/"},{"@type":"ListItem","position":3,"name":"Minn Kota ENDURA MAX 50"}]},{"@type":"WebSite","@id":"https:\/\/nordlinepaadid.ee\/et\/#website","url":"https:\/\/nordlinepaadid.ee\/et\/","name":"NORDLINE s\u00f5udepaadid ja mootorpaadid. Klaasfiiber materjalist.","description":"","publisher":{"@id":"https:\/\/nordlinepaadid.ee\/et\/#organization"},"potentialAction":[{"@type":"SearchAction","target":{"@type":"EntryPoint","urlTemplate":"https:\/\/nordlinepaadid.ee\/et\/?s={search_term_string}"},"query-input":{"@type":"PropertyValueSpecification","valueRequired":true,"valueName":"search_term_string"}}],"inLanguage":"et"},{"@type":"Organization","@id":"https:\/\/nordlinepaadid.ee\/et\/#organization","name":"Nordlineboats","url":"https:\/\/nordlinepaadid.ee\/et\/","logo":{"@type":"ImageObject","inLanguage":"et","@id":"https:\/\/nordlinepaadid.ee\/et\/#\/schema\/logo\/image\/","url":"https:\/\/nordlinepaadid.ee\/wp-content\/uploads\/2023\/01\/fulllogo_transparent_nobuffer-e1672750475494.png","contentUrl":"https:\/\/nordlinepaadid.ee\/wp-content\/uploads\/2023\/01\/fulllogo_transparent_nobuffer-e1672750475494.png","width":150,"height":119,"caption":"Nordlineboats"},"image":{"@id":"https:\/\/nordlinepaadid.ee\/et\/#\/schema\/logo\/image\/"},"sameAs":["https:\/\/www.facebook.com\/nordlineboats","https:\/\/www.youtube.com\/channel\/UCbgF0fy02y3QkFnujaLTaCA"]}]}},"taxonomy_info":{"product_brand":[{"value":1869,"label":"Minn Kota"}],"product_cat":[{"value":343,"label":"ELEKTRILISED PAADIMOOTORID"},{"value":1871,"label":"Minn Kota Endura Max mootorid"}]},"featured_image_src_large":["https:\/\/nordlinepaadid.ee\/wp-content\/uploads\/2026\/03\/Elekriline-paramootor-paadile-Minna-Kota-Endura-Max.webp",828,828,false],"author_info":[],"comment_info":"","_links":{"self":[{"href":"https:\/\/nordlinepaadid.ee\/et\/wp-json\/wp\/v2\/product\/56881","targetHints":{"allow":["GET"]}}],"collection":[{"href":"https:\/\/nordlinepaadid.ee\/et\/wp-json\/wp\/v2\/product"}],"about":[{"href":"https:\/\/nordlinepaadid.ee\/et\/wp-json\/wp\/v2\/types\/product"}],"wp:featuredmedia":[{"embeddable":true,"href":"https:\/\/nordlinepaadid.ee\/et\/wp-json\/wp\/v2\/media\/56864"}],"wp:attachment":[{"href":"https:\/\/nordlinepaadid.ee\/et\/wp-json\/wp\/v2\/media?parent=56881"}],"wp:term":[{"taxonomy":"product_brand","embeddable":true,"href":"https:\/\/nordlinepaadid.ee\/et\/wp-json\/wp\/v2\/product_brand?post=56881"},{"taxonomy":"product_cat","embeddable":true,"href":"https:\/\/nordlinepaadid.ee\/et\/wp-json\/wp\/v2\/product_cat?post=56881"},{"taxonomy":"product_tag","embeddable":true,"href":"https:\/\/nordlinepaadid.ee\/et\/wp-json\/wp\/v2\/product_tag?post=56881"}],"curies":[{"name":"wp","href":"https:\/\/api.w.org\/{rel}","templated":true}]}}