{"id":56903,"date":"2026-03-04T09:07:35","date_gmt":"2026-03-04T07:07:35","guid":{"rendered":"https:\/\/nordlinepaadid.ee\/?post_type=product&#038;p=56903"},"modified":"2026-03-04T09:10:53","modified_gmt":"2026-03-04T07:10:53","slug":"minn-kota-traxxis-55-12v-elektriline-paadimootor-55-lb","status":"publish","type":"product","link":"https:\/\/nordlinepaadid.ee\/et\/pood\/elektrilised-paadimootorid\/minn-kota-traxxis\/minn-kota-traxxis-55-12v-elektriline-paadimootor-55-lb\/","title":{"rendered":"Minn Kota Traxxis 55 42&#8243;"},"content":{"rendered":"<h1 data-start=\"905\" data-end=\"1629\"><strong data-start=\"42\" data-end=\"66\">Elektriline paadimootor Minn Kota Traxxis 55<\/strong><\/h1>\n<p data-start=\"905\" data-end=\"1629\"><strong data-start=\"42\" data-end=\"66\">Minn Kota Traxxis 55<\/strong> on 12-voldine elektriline trolling-mootor, mis pakub 5<strong data-start=\"120\" data-end=\"150\">5 lb (u 25 kg) t\u00f5ukej\u00f5udu<\/strong> ja on m\u00f5eldud v\u00e4iksematele ning keskmise suurusega kalastuspaatidele. Mootor kasutab <strong data-start=\"236\" data-end=\"258\">Digital Maximizer\u2122<\/strong> tehnoloogiat, mis reguleerib energiatarvet vastavalt kiirusele ning v\u00f5imaldab kuni <strong data-start=\"342\" data-end=\"389\">5 korda pikemat t\u00f6\u00f6aega \u00fche aku laadimisega<\/strong>. Muutuva kiirusega juhtimine v\u00f5imaldab v\u00e4ga t\u00e4pset trollimiskiirust ja sujuvat man\u00f6\u00f6verdamist. Traxxis seeria erip\u00e4raks on <strong data-start=\"513\" data-end=\"540\">One-Hand Stow mehhanism<\/strong>, mis v\u00f5imaldab mootori \u00fche k\u00e4ega veest v\u00e4lja t\u00f5sta, ning kallutatav ja teleskoopne juhtk\u00e4epide, mis teeb kasutamise eriti mugavaks.<\/p>\n<p>Vaata ka erinevate Minn Kota mudelite omaduste <strong><a href=\"https:\/\/nordlinepaadid.ee\/et\/minn-kota-elektriliste-paadimootorite-vordlustabel\/\" target=\"_blank\" rel=\"noopener\">v\u00f5rdlustabelit<\/a><\/strong>.<\/p>\n<p>Traxxis erinev Endura Max mudelist j\u00e4rgmiste omadustega:<\/p>\n<ul>\n<li>Teleskoop + kallutatav k\u00e4epide<\/li>\n<li><strong data-start=\"864\" data-end=\"881\">One-Hand Stow<\/strong> \u2013 saab \u00fche k\u00e4ega veest v\u00e4lja t\u00f5sta<\/li>\n<li><strong data-start=\"970\" data-end=\"998\">Quick-Cam Depth Adjuster<\/strong> \u2013 kiirem reguleerimine<\/li>\n<li>Tugevam ja mugavam mehhanism<\/li>\n<\/ul>\n<p data-start=\"1317\" data-end=\"1502\">Minn Kota Traxxis 45 on loodud kasutajale, kes soovib <strong data-start=\"1371\" data-end=\"1438\">v\u00f5imsat, vaikset ja energias\u00e4\u00e4stlikku elektrilist paadimootorit <\/strong>kalastamiseks v\u00f5i rahulikuks liikumiseks j\u00e4rvedel ja j\u00f5gedel.<\/p>\n<p data-start=\"1870\" data-end=\"2209\">Mootor varustatud <strong data-start=\"1898\" data-end=\"1932\">Push-to-Test aku indikaatoriga<\/strong>, mis n\u00e4itab hetkega aku laetuse taset, ning <strong data-start=\"1977\" data-end=\"2004\">Power Prop propelleriga<\/strong>, mis annab lisaj\u00f5udu tiheda veetaimestiku l\u00e4bimiseks. T\u00e4nu vaiksele t\u00f6\u00f6le ja madalale vibratsioonile sobib see mootor suurep\u00e4raselt kalastamiseks, kus paadi liikumine peab olema v\u00f5imalikult m\u00e4rkamatult.<\/p>\n<p data-start=\"2211\" data-end=\"2356\">Minn Kota Traxxis 45 sobib h\u00e4sti umbes <strong data-start=\"2250\" data-end=\"2284\">4,5\u20135,5 m pikkustele paatidele<\/strong>, nagu alumiinium- ja klaasplastpaadid v\u00f5i t\u00e4ispuhutavad kalastuspaadid.<\/p>\n<p data-start=\"2211\" data-end=\"2356\">T\u00e4psem info tootja kodulehelt <a href=\"https:\/\/minnkota.johnsonoutdoors.com\/us\/shop\/freshwater-trolling-motors\/traxxis\" target=\"_blank\" rel=\"noopener\"><strong>Minn Kota Traxxis<\/strong><\/a><\/p>\n<p data-start=\"2211\" data-end=\"2356\"><strong data-start=\"0\" data-end=\"41\"><span class=\"hover:entity-accent entity-underline inline cursor-pointer align-baseline\"><span class=\"whitespace-normal\">Minn Kota<\/span><\/span><\/strong> trolling-mootoreid peetakse sageli turu \u00fcheks kvaliteetsemaks valikuks, sest ettev\u00f5te on spetsialiseerunud elektrilistele paadimootoritele juba \u00fcle <strong data-start=\"190\" data-end=\"202\">85 aasta<\/strong> ning arendanud mitmeid tehnoloogiaid, mida konkurentidel kas ei ole v\u00f5i mis on v\u00e4hem arenenud.<\/p>\n","protected":false},"excerpt":{"rendered":"<p data-start=\"118\" data-end=\"233\"><strong data-start=\"118\" data-end=\"135\">Kasutamiseks:<\/strong> magevees<br data-start=\"144\" data-end=\"147\" \/><strong data-start=\"147\" data-end=\"164\">Varre pikkus:<\/strong> 42 in (106,7 cm)<br data-start=\"178\" data-end=\"181\" \/><strong data-start=\"181\" data-end=\"207\">Maksimaalne t\u00f5ukej\u00f5ud:<\/strong> 55 lb<br data-start=\"213\" data-end=\"216\" data-is-only-node=\"\" \/><strong data-start=\"216\" data-end=\"226\">Pinge:<\/strong> 12 V<br \/>\n<strong data-start=\"329\" data-end=\"338\">Kaal:<\/strong> 23 lb | 10,43 kg<br \/>\n<strong data-start=\"359\" data-end=\"377\">Paigalduskoht:<\/strong> ahtripeegel (Transom-mount)<br data-start=\"405\" data-end=\"408\" \/><strong data-start=\"408\" data-end=\"425\">Mootori t\u00fc\u00fcp:<\/strong> k\u00e4sijuhtimisega<br data-start=\"441\" data-end=\"444\" \/><strong data-start=\"444\" data-end=\"458\">Juhtimine:<\/strong> k\u00e4sik\u00e4epide \/ tiller<br \/>\n<strong data-start=\"504\" data-end=\"517\">Kiirused:<\/strong> muutuva kiirusega<br data-start=\"535\" data-end=\"538\" \/><strong data-start=\"538\" data-end=\"560\">Digital Maximizer:<\/strong> jah<br data-start=\"564\" data-end=\"567\" data-is-only-node=\"\" \/><strong data-start=\"567\" data-end=\"594\">Maksimaalne voolutarve:<\/strong> 50 A<br \/>\n<strong data-start=\"603\" data-end=\"616\">Garantii:<\/strong> 2 aastat<\/p>\n","protected":false},"featured_media":56889,"template":"","meta":{"_kad_blocks_custom_css":"","_kad_blocks_head_custom_js":"","_kad_blocks_body_custom_js":"","_kad_blocks_footer_custom_js":"","_kad_post_transparent":"default","_kad_post_title":"","_kad_post_layout":"default","_kad_post_sidebar_id":"","_kad_post_content_style":"default","_kad_post_vertical_padding":"default","_kad_post_feature":"","_kad_post_feature_position":"","_kad_post_header":false,"_kad_post_footer":false,"_kad_post_classname":""},"product_brand":[1869],"product_cat":[343,1872],"product_tag":[],"class_list":{"0":"post-56903","1":"product","2":"type-product","3":"status-publish","4":"has-post-thumbnail","6":"product_brand-minn-kota","7":"product_cat-elektrilised-paadimootorid","8":"product_cat-minn-kota-traxxis","9":"product_shipping_class-euroalusele-mahtuv-kaup","10":"tm-no-options","12":"first","13":"onbackorder","14":"taxable","15":"shipping-taxable","16":"purchasable","17":"product-type-simple","18":"entry","19":"content-bg","20":"loop-entry"},"yoast_head":"<!-- This site is optimized with the Yoast SEO plugin v27.3 - https:\/\/yoast.com\/product\/yoast-seo-wordpress\/ -->\n<title>Minn Kota Traxxis 55 \u2013 12V elektriline paadimootor 55 lb<\/title>\n<meta name=\"description\" content=\"Digital Maximizer\u2122, One-Hand Stow mehhanism ja teleskoopk\u00e4epide tagavad energias\u00e4\u00e4stliku ja mugava kasutuse kalastuspaatidel.\" \/>\n<meta name=\"robots\" content=\"index, follow, max-snippet:-1, max-image-preview:large, max-video-preview:-1\" \/>\n<link rel=\"canonical\" href=\"https:\/\/nordlinepaadid.ee\/et\/pood\/elektrilised-paadimootorid\/minn-kota-traxxis\/minn-kota-traxxis-55-12v-elektriline-paadimootor-55-lb\/\" \/>\n<meta property=\"og:locale\" content=\"et_EE\" \/>\n<meta property=\"og:type\" content=\"article\" \/>\n<meta property=\"og:title\" content=\"Minn Kota Traxxis 55 \u2013 12V elektriline paadimootor 55 lb\" \/>\n<meta property=\"og:description\" content=\"Digital Maximizer\u2122, One-Hand Stow mehhanism ja teleskoopk\u00e4epide tagavad energias\u00e4\u00e4stliku ja mugava kasutuse kalastuspaatidel.\" \/>\n<meta property=\"og:url\" content=\"https:\/\/nordlinepaadid.ee\/et\/pood\/elektrilised-paadimootorid\/minn-kota-traxxis\/minn-kota-traxxis-55-12v-elektriline-paadimootor-55-lb\/\" \/>\n<meta property=\"og:site_name\" content=\"NORDLINE s\u00f5udepaadid ja mootorpaadid. Klaasfiiber materjalist.\" \/>\n<meta property=\"article:publisher\" content=\"https:\/\/www.facebook.com\/nordlineboats\" \/>\n<meta property=\"article:modified_time\" content=\"2026-03-04T07:10:53+00:00\" \/>\n<meta property=\"og:image\" content=\"https:\/\/nordlinepaadid.ee\/wp-content\/uploads\/2026\/03\/Minn-Kota-Traxxis-12V-elektriline-paadimootor.webp\" \/>\n\t<meta property=\"og:image:width\" content=\"828\" \/>\n\t<meta property=\"og:image:height\" content=\"828\" \/>\n\t<meta property=\"og:image:type\" content=\"image\/webp\" \/>\n<meta name=\"twitter:card\" content=\"summary_large_image\" \/>\n<meta name=\"twitter:label1\" content=\"Est. reading time\" \/>\n\t<meta name=\"twitter:data1\" content=\"2 minutit\" \/>\n<script type=\"application\/ld+json\" class=\"yoast-schema-graph\">{\"@context\":\"https:\\\/\\\/schema.org\",\"@graph\":[{\"@type\":\"WebPage\",\"@id\":\"https:\\\/\\\/nordlinepaadid.ee\\\/et\\\/pood\\\/elektrilised-paadimootorid\\\/minn-kota-traxxis\\\/minn-kota-traxxis-55-12v-elektriline-paadimootor-55-lb\\\/\",\"url\":\"https:\\\/\\\/nordlinepaadid.ee\\\/et\\\/pood\\\/elektrilised-paadimootorid\\\/minn-kota-traxxis\\\/minn-kota-traxxis-55-12v-elektriline-paadimootor-55-lb\\\/\",\"name\":\"Minn Kota Traxxis 55 \u2013 12V elektriline paadimootor 55 lb\",\"isPartOf\":{\"@id\":\"https:\\\/\\\/nordlinepaadid.ee\\\/et\\\/#website\"},\"primaryImageOfPage\":{\"@id\":\"https:\\\/\\\/nordlinepaadid.ee\\\/et\\\/pood\\\/elektrilised-paadimootorid\\\/minn-kota-traxxis\\\/minn-kota-traxxis-55-12v-elektriline-paadimootor-55-lb\\\/#primaryimage\"},\"image\":{\"@id\":\"https:\\\/\\\/nordlinepaadid.ee\\\/et\\\/pood\\\/elektrilised-paadimootorid\\\/minn-kota-traxxis\\\/minn-kota-traxxis-55-12v-elektriline-paadimootor-55-lb\\\/#primaryimage\"},\"thumbnailUrl\":\"https:\\\/\\\/nordlinepaadid.ee\\\/wp-content\\\/uploads\\\/2026\\\/03\\\/Minn-Kota-Traxxis-12V-elektriline-paadimootor.webp\",\"datePublished\":\"2026-03-04T07:07:35+00:00\",\"dateModified\":\"2026-03-04T07:10:53+00:00\",\"description\":\"Digital Maximizer\u2122, One-Hand Stow mehhanism ja teleskoopk\u00e4epide tagavad energias\u00e4\u00e4stliku ja mugava kasutuse kalastuspaatidel.\",\"breadcrumb\":{\"@id\":\"https:\\\/\\\/nordlinepaadid.ee\\\/et\\\/pood\\\/elektrilised-paadimootorid\\\/minn-kota-traxxis\\\/minn-kota-traxxis-55-12v-elektriline-paadimootor-55-lb\\\/#breadcrumb\"},\"inLanguage\":\"et\",\"potentialAction\":[{\"@type\":\"ReadAction\",\"target\":[\"https:\\\/\\\/nordlinepaadid.ee\\\/et\\\/pood\\\/elektrilised-paadimootorid\\\/minn-kota-traxxis\\\/minn-kota-traxxis-55-12v-elektriline-paadimootor-55-lb\\\/\"]}]},{\"@type\":\"ImageObject\",\"inLanguage\":\"et\",\"@id\":\"https:\\\/\\\/nordlinepaadid.ee\\\/et\\\/pood\\\/elektrilised-paadimootorid\\\/minn-kota-traxxis\\\/minn-kota-traxxis-55-12v-elektriline-paadimootor-55-lb\\\/#primaryimage\",\"url\":\"https:\\\/\\\/nordlinepaadid.ee\\\/wp-content\\\/uploads\\\/2026\\\/03\\\/Minn-Kota-Traxxis-12V-elektriline-paadimootor.webp\",\"contentUrl\":\"https:\\\/\\\/nordlinepaadid.ee\\\/wp-content\\\/uploads\\\/2026\\\/03\\\/Minn-Kota-Traxxis-12V-elektriline-paadimootor.webp\",\"width\":828,\"height\":828,\"caption\":\"Minn Kota Traxxis 12V elektriline paadimootor\"},{\"@type\":\"BreadcrumbList\",\"@id\":\"https:\\\/\\\/nordlinepaadid.ee\\\/et\\\/pood\\\/elektrilised-paadimootorid\\\/minn-kota-traxxis\\\/minn-kota-traxxis-55-12v-elektriline-paadimootor-55-lb\\\/#breadcrumb\",\"itemListElement\":[{\"@type\":\"ListItem\",\"position\":1,\"name\":\"Home\",\"item\":\"https:\\\/\\\/nordlinepaadid.ee\\\/et\\\/\"},{\"@type\":\"ListItem\",\"position\":2,\"name\":\"Pood\",\"item\":\"https:\\\/\\\/nordlinepaadid.ee\\\/et\\\/pood\\\/\"},{\"@type\":\"ListItem\",\"position\":3,\"name\":\"Minn Kota Traxxis 55 42&#8243;\"}]},{\"@type\":\"WebSite\",\"@id\":\"https:\\\/\\\/nordlinepaadid.ee\\\/et\\\/#website\",\"url\":\"https:\\\/\\\/nordlinepaadid.ee\\\/et\\\/\",\"name\":\"NORDLINE s\u00f5udepaadid ja mootorpaadid. Klaasfiiber materjalist.\",\"description\":\"\",\"publisher\":{\"@id\":\"https:\\\/\\\/nordlinepaadid.ee\\\/et\\\/#organization\"},\"potentialAction\":[{\"@type\":\"SearchAction\",\"target\":{\"@type\":\"EntryPoint\",\"urlTemplate\":\"https:\\\/\\\/nordlinepaadid.ee\\\/et\\\/?s={search_term_string}\"},\"query-input\":{\"@type\":\"PropertyValueSpecification\",\"valueRequired\":true,\"valueName\":\"search_term_string\"}}],\"inLanguage\":\"et\"},{\"@type\":\"Organization\",\"@id\":\"https:\\\/\\\/nordlinepaadid.ee\\\/et\\\/#organization\",\"name\":\"Nordlineboats\",\"url\":\"https:\\\/\\\/nordlinepaadid.ee\\\/et\\\/\",\"logo\":{\"@type\":\"ImageObject\",\"inLanguage\":\"et\",\"@id\":\"https:\\\/\\\/nordlinepaadid.ee\\\/et\\\/#\\\/schema\\\/logo\\\/image\\\/\",\"url\":\"https:\\\/\\\/nordlinepaadid.ee\\\/wp-content\\\/uploads\\\/2023\\\/01\\\/fulllogo_transparent_nobuffer-e1672750475494.png\",\"contentUrl\":\"https:\\\/\\\/nordlinepaadid.ee\\\/wp-content\\\/uploads\\\/2023\\\/01\\\/fulllogo_transparent_nobuffer-e1672750475494.png\",\"width\":150,\"height\":119,\"caption\":\"Nordlineboats\"},\"image\":{\"@id\":\"https:\\\/\\\/nordlinepaadid.ee\\\/et\\\/#\\\/schema\\\/logo\\\/image\\\/\"},\"sameAs\":[\"https:\\\/\\\/www.facebook.com\\\/nordlineboats\",\"https:\\\/\\\/www.youtube.com\\\/channel\\\/UCbgF0fy02y3QkFnujaLTaCA\"]}]}<\/script>\n<!-- \/ Yoast SEO plugin. -->","yoast_head_json":{"title":"Minn Kota Traxxis 55 \u2013 12V elektriline paadimootor 55 lb","description":"Digital Maximizer\u2122, One-Hand Stow mehhanism ja teleskoopk\u00e4epide tagavad energias\u00e4\u00e4stliku ja mugava kasutuse kalastuspaatidel.","robots":{"index":"index","follow":"follow","max-snippet":"max-snippet:-1","max-image-preview":"max-image-preview:large","max-video-preview":"max-video-preview:-1"},"canonical":"https:\/\/nordlinepaadid.ee\/et\/pood\/elektrilised-paadimootorid\/minn-kota-traxxis\/minn-kota-traxxis-55-12v-elektriline-paadimootor-55-lb\/","og_locale":"et_EE","og_type":"article","og_title":"Minn Kota Traxxis 55 \u2013 12V elektriline paadimootor 55 lb","og_description":"Digital Maximizer\u2122, One-Hand Stow mehhanism ja teleskoopk\u00e4epide tagavad energias\u00e4\u00e4stliku ja mugava kasutuse kalastuspaatidel.","og_url":"https:\/\/nordlinepaadid.ee\/et\/pood\/elektrilised-paadimootorid\/minn-kota-traxxis\/minn-kota-traxxis-55-12v-elektriline-paadimootor-55-lb\/","og_site_name":"NORDLINE s\u00f5udepaadid ja mootorpaadid. Klaasfiiber materjalist.","article_publisher":"https:\/\/www.facebook.com\/nordlineboats","article_modified_time":"2026-03-04T07:10:53+00:00","og_image":[{"width":828,"height":828,"url":"https:\/\/nordlinepaadid.ee\/wp-content\/uploads\/2026\/03\/Minn-Kota-Traxxis-12V-elektriline-paadimootor.webp","type":"image\/webp"}],"twitter_card":"summary_large_image","twitter_misc":{"Est. reading time":"2 minutit"},"schema":{"@context":"https:\/\/schema.org","@graph":[{"@type":"WebPage","@id":"https:\/\/nordlinepaadid.ee\/et\/pood\/elektrilised-paadimootorid\/minn-kota-traxxis\/minn-kota-traxxis-55-12v-elektriline-paadimootor-55-lb\/","url":"https:\/\/nordlinepaadid.ee\/et\/pood\/elektrilised-paadimootorid\/minn-kota-traxxis\/minn-kota-traxxis-55-12v-elektriline-paadimootor-55-lb\/","name":"Minn Kota Traxxis 55 \u2013 12V elektriline paadimootor 55 lb","isPartOf":{"@id":"https:\/\/nordlinepaadid.ee\/et\/#website"},"primaryImageOfPage":{"@id":"https:\/\/nordlinepaadid.ee\/et\/pood\/elektrilised-paadimootorid\/minn-kota-traxxis\/minn-kota-traxxis-55-12v-elektriline-paadimootor-55-lb\/#primaryimage"},"image":{"@id":"https:\/\/nordlinepaadid.ee\/et\/pood\/elektrilised-paadimootorid\/minn-kota-traxxis\/minn-kota-traxxis-55-12v-elektriline-paadimootor-55-lb\/#primaryimage"},"thumbnailUrl":"https:\/\/nordlinepaadid.ee\/wp-content\/uploads\/2026\/03\/Minn-Kota-Traxxis-12V-elektriline-paadimootor.webp","datePublished":"2026-03-04T07:07:35+00:00","dateModified":"2026-03-04T07:10:53+00:00","description":"Digital Maximizer\u2122, One-Hand Stow mehhanism ja teleskoopk\u00e4epide tagavad energias\u00e4\u00e4stliku ja mugava kasutuse kalastuspaatidel.","breadcrumb":{"@id":"https:\/\/nordlinepaadid.ee\/et\/pood\/elektrilised-paadimootorid\/minn-kota-traxxis\/minn-kota-traxxis-55-12v-elektriline-paadimootor-55-lb\/#breadcrumb"},"inLanguage":"et","potentialAction":[{"@type":"ReadAction","target":["https:\/\/nordlinepaadid.ee\/et\/pood\/elektrilised-paadimootorid\/minn-kota-traxxis\/minn-kota-traxxis-55-12v-elektriline-paadimootor-55-lb\/"]}]},{"@type":"ImageObject","inLanguage":"et","@id":"https:\/\/nordlinepaadid.ee\/et\/pood\/elektrilised-paadimootorid\/minn-kota-traxxis\/minn-kota-traxxis-55-12v-elektriline-paadimootor-55-lb\/#primaryimage","url":"https:\/\/nordlinepaadid.ee\/wp-content\/uploads\/2026\/03\/Minn-Kota-Traxxis-12V-elektriline-paadimootor.webp","contentUrl":"https:\/\/nordlinepaadid.ee\/wp-content\/uploads\/2026\/03\/Minn-Kota-Traxxis-12V-elektriline-paadimootor.webp","width":828,"height":828,"caption":"Minn Kota Traxxis 12V elektriline paadimootor"},{"@type":"BreadcrumbList","@id":"https:\/\/nordlinepaadid.ee\/et\/pood\/elektrilised-paadimootorid\/minn-kota-traxxis\/minn-kota-traxxis-55-12v-elektriline-paadimootor-55-lb\/#breadcrumb","itemListElement":[{"@type":"ListItem","position":1,"name":"Home","item":"https:\/\/nordlinepaadid.ee\/et\/"},{"@type":"ListItem","position":2,"name":"Pood","item":"https:\/\/nordlinepaadid.ee\/et\/pood\/"},{"@type":"ListItem","position":3,"name":"Minn Kota Traxxis 55 42&#8243;"}]},{"@type":"WebSite","@id":"https:\/\/nordlinepaadid.ee\/et\/#website","url":"https:\/\/nordlinepaadid.ee\/et\/","name":"NORDLINE s\u00f5udepaadid ja mootorpaadid. Klaasfiiber materjalist.","description":"","publisher":{"@id":"https:\/\/nordlinepaadid.ee\/et\/#organization"},"potentialAction":[{"@type":"SearchAction","target":{"@type":"EntryPoint","urlTemplate":"https:\/\/nordlinepaadid.ee\/et\/?s={search_term_string}"},"query-input":{"@type":"PropertyValueSpecification","valueRequired":true,"valueName":"search_term_string"}}],"inLanguage":"et"},{"@type":"Organization","@id":"https:\/\/nordlinepaadid.ee\/et\/#organization","name":"Nordlineboats","url":"https:\/\/nordlinepaadid.ee\/et\/","logo":{"@type":"ImageObject","inLanguage":"et","@id":"https:\/\/nordlinepaadid.ee\/et\/#\/schema\/logo\/image\/","url":"https:\/\/nordlinepaadid.ee\/wp-content\/uploads\/2023\/01\/fulllogo_transparent_nobuffer-e1672750475494.png","contentUrl":"https:\/\/nordlinepaadid.ee\/wp-content\/uploads\/2023\/01\/fulllogo_transparent_nobuffer-e1672750475494.png","width":150,"height":119,"caption":"Nordlineboats"},"image":{"@id":"https:\/\/nordlinepaadid.ee\/et\/#\/schema\/logo\/image\/"},"sameAs":["https:\/\/www.facebook.com\/nordlineboats","https:\/\/www.youtube.com\/channel\/UCbgF0fy02y3QkFnujaLTaCA"]}]}},"taxonomy_info":{"product_brand":[{"value":1869,"label":"Minn Kota"}],"product_cat":[{"value":343,"label":"ELEKTRILISED PAADIMOOTORID"},{"value":1872,"label":"Minn Kota Traxxis"}]},"featured_image_src_large":["https:\/\/nordlinepaadid.ee\/wp-content\/uploads\/2026\/03\/Minn-Kota-Traxxis-12V-elektriline-paadimootor.webp",828,828,false],"author_info":[],"comment_info":"","_links":{"self":[{"href":"https:\/\/nordlinepaadid.ee\/et\/wp-json\/wp\/v2\/product\/56903","targetHints":{"allow":["GET"]}}],"collection":[{"href":"https:\/\/nordlinepaadid.ee\/et\/wp-json\/wp\/v2\/product"}],"about":[{"href":"https:\/\/nordlinepaadid.ee\/et\/wp-json\/wp\/v2\/types\/product"}],"wp:featuredmedia":[{"embeddable":true,"href":"https:\/\/nordlinepaadid.ee\/et\/wp-json\/wp\/v2\/media\/56889"}],"wp:attachment":[{"href":"https:\/\/nordlinepaadid.ee\/et\/wp-json\/wp\/v2\/media?parent=56903"}],"wp:term":[{"taxonomy":"product_brand","embeddable":true,"href":"https:\/\/nordlinepaadid.ee\/et\/wp-json\/wp\/v2\/product_brand?post=56903"},{"taxonomy":"product_cat","embeddable":true,"href":"https:\/\/nordlinepaadid.ee\/et\/wp-json\/wp\/v2\/product_cat?post=56903"},{"taxonomy":"product_tag","embeddable":true,"href":"https:\/\/nordlinepaadid.ee\/et\/wp-json\/wp\/v2\/product_tag?post=56903"}],"curies":[{"name":"wp","href":"https:\/\/api.w.org\/{rel}","templated":true}]}}