{"id":56905,"date":"2026-03-04T09:12:14","date_gmt":"2026-03-04T07:12:14","guid":{"rendered":"https:\/\/nordlinepaadid.ee\/?post_type=product&#038;p=56905"},"modified":"2026-03-04T10:03:51","modified_gmt":"2026-03-04T08:03:51","slug":"voorimootor-minn-kota-ulterra-dsc-80","status":"publish","type":"product","link":"https:\/\/nordlinepaadid.ee\/et\/pood\/voorimootorid\/minn-kota-ulterra\/voorimootor-minn-kota-ulterra-dsc-80\/","title":{"rendered":"Minn Kota ULTERRA DSC 80LBS 152cm 24V"},"content":{"rendered":"<h1 data-start=\"47\" data-end=\"671\"><strong data-start=\"47\" data-end=\"71\">V\u00f6\u00f6rimootor Minn Kota Ulterra DSC 80<\/strong><\/h1>\n<p data-start=\"47\" data-end=\"671\"><strong data-start=\"47\" data-end=\"71\">Minn Kota Ulterra 80<\/strong> on tipptasemel v\u00f6\u00f6rimootor, mis \u00fchendab v\u00f5imsa <strong data-start=\"119\" data-end=\"146\">80 lb (\u224836 kg) t\u00f5ukej\u00f5u<\/strong>, nutika GPS-juhtimise ja t\u00e4ielikult automaatse kasutamise. Mootor t\u00f6\u00f6tab <strong data-start=\"220\" data-end=\"245\">24-voldisel s\u00fcsteemil<\/strong> ning on m\u00f5eldud keskmise ja suurema kalastuspaadi t\u00e4pseks positsioneerimiseks ja vaikseks liikumiseks. Ulterra suurim erip\u00e4ra on <strong data-start=\"375\" data-end=\"397\">Auto Stow &amp; Deploy <\/strong>funktsioon \u2013 mootorit saab veest v\u00e4lja t\u00f5sta v\u00f5i vette lasta lihtsalt nupuvajutusega puldilt v\u00f5i pedaalilt. Lisaks v\u00f5imaldab <strong data-start=\"523\" data-end=\"537\">Power Trim<\/strong> reguleerida mootori k\u00f5rgust samuti automaatselt ilma, et peaksid k\u00e4ega mootori juurde minema.<\/p>\n<p data-start=\"673\" data-end=\"1021\">Ulterra seeria kasutab <strong data-start=\"696\" data-end=\"728\">Advanced GPS Trolling System<\/strong> tehnoloogiat, mis v\u00f5imaldab paati automaatselt paigal hoida (Spot-Lock), salvestada marsruute, hoida kurssi ja juhtida kiirust. See teeb sellest \u00fche k\u00f5ige arenenuma trolling-mootori kalastajatele, kes vajavad maksimaalset kontrolli paadi liikumise \u00fcle.<\/p>\n<p>Vaata ka erinevate Minn Kota mudelite omaduste <strong><a href=\"https:\/\/nordlinepaadid.ee\/et\/minn-kota-elektriliste-paadimootorite-vordlustabel\/\" target=\"_blank\" rel=\"noopener\">v\u00f5rdlustabelit<\/a><\/strong>.<\/p>\n<p data-start=\"1797\" data-end=\"2096\">Minn Kota Ulterra 80 on loodud professionaalseks kalastamiseks ja t\u00e4pseks paadi kontrollimiseks. T\u00e4nu <strong data-start=\"1899\" data-end=\"1924\">Spot-Lock GPS-ankrule<\/strong> hoiab mootor paati automaatselt t\u00e4pselt samas kohas isegi tuule ja voolu korral. See t\u00e4hendab, et ankrut ei ole enam vaja kasutada.<\/p>\n<p data-start=\"2098\" data-end=\"2355\">Mootor on osa <strong data-start=\"2112\" data-end=\"2132\">One-Boat Network<\/strong> s\u00fcsteemist, mis v\u00f5imaldab seda \u00fchendada<strong data-start=\"2173\" data-end=\"2245\">\u00a0kajaloodide, mobiilirakenduse ja teiste paadis\u00fcsteemidega<\/strong>. See v\u00f5imaldab juhtida paadi liikumist otse ekraanilt v\u00f5i telefonist.<\/p>\n<p data-start=\"2357\" data-end=\"2537\"><strong data-start=\"2357\" data-end=\"2379\">Digital Maximizer\u2122<\/strong> tehnoloogia reguleerib energiatarvet vastavalt kiirusele, mis v\u00f5ib pikendada t\u00f6\u00f6aega kuni viis korda \u00fche laadimisega.<\/p>\n<p data-start=\"2539\" data-end=\"2697\">Ulterra 80 sobib h\u00e4sti umbes <strong data-start=\"2568\" data-end=\"2613\">5,5\u20137 meetri pikkustele kalastuspaatidele<\/strong>, kus on vaja t\u00e4pset paadi positsioneerimist, vaikset t\u00f6\u00f6d ja maksimaalset mugavust.<\/p>\n<h2 data-start=\"2539\" data-end=\"2697\">Tehnilised omadused<\/h2>\n<p data-start=\"0\" data-end=\"249\"><strong data-start=\"0\" data-end=\"67\">Auto Stow &amp; Deploy \u2013 automaatne vette laskmine ja \u00fcles t\u00f5stmine<\/strong><br data-start=\"67\" data-end=\"70\" \/>Ulterra mootorit saab vette lasta v\u00f5i \u00fcles t\u00f5sta lihtsalt nupuvajutusega \u2013 seda saab teha juhtmevaba puldi, jalapedaali, One-Boat Network rakenduse v\u00f5i kajaloodi kaudu.<\/p>\n<p data-start=\"251\" data-end=\"588\"><strong data-start=\"251\" data-end=\"300\">Power Trim \u2013 automaatne k\u00f5rguse reguleerimine<\/strong><br data-start=\"300\" data-end=\"303\" \/>Reguleeri Ulterra mootori k\u00f5rgust \u00fcles v\u00f5i alla \u00fche nupuvajutusega \u2013 jalapedaalilt, juhtmevabalt puldilt, One-Boat Network rakendusest v\u00f5i kajaloodist. See v\u00f5imaldab kohandada mootori s\u00fcgavust vastavalt muutuvatele kalastusoludele ilma, et peaksid mootori juurde kummarduma.<\/p>\n<p data-start=\"590\" data-end=\"1043\"><strong data-start=\"590\" data-end=\"649\">Advanced GPS Trolling System \u2013 t\u00e4iustatud GPS-juhtimine<\/strong><br data-start=\"649\" data-end=\"652\" \/>\u00dcks kalastajate seas k\u00f5ige usaldusv\u00e4\u00e4rsemaid navigatsioonis\u00fcsteeme. Ulterra kasutab GPS-i, et juhtida trolling-mootorit v\u00e4ga t\u00e4pselt ja hoida sind kala peal. V\u00f5imaldab kasutada Spot-Lock funktsiooni, salvestada marsruute, juhtida kiirust ja roolimist ning palju muud. Paadi positsioneerimine muutub automaatseks ning juhtimine toimub Ulterra juhtmevaba puldi selgelt loetavalt LCD-ekraanilt.<\/p>\n<p data-start=\"1045\" data-end=\"1301\"><strong data-start=\"1045\" data-end=\"1080\">Osa One-Boat Network s\u00fcsteemist<\/strong><br data-start=\"1080\" data-end=\"1083\" \/>Minn Kota mootorid on standardvarustuses valmis \u00fchenduma valitud kajaloodidega. Saad juhtida trolling-mootorit, madala vee ankruid ja kajaloodi One-Boat Network rakenduse kaudu Apple\u00ae v\u00f5i Android\u2122 seadmetes.<\/p>\n<p data-start=\"1303\" data-end=\"1646\"><strong data-start=\"1303\" data-end=\"1339\">Spot-Lock koos Jog funktsiooniga<\/strong><br data-start=\"1339\" data-end=\"1342\" \/>Spot-Lock hoiab paati paigal v\u00e4ga t\u00e4pse GPS-positsioneerimisega. See v\u00f5imaldab p\u00fcsida t\u00e4pselt produktiivse kalastuskoha kohal ilma mootorit k\u00e4sitsi juhtimata. Komplekti kuuluva suunaanduri abil saab Jog funktsiooniga nihutada Spot-Lock positsiooni umbes <strong data-start=\"1596\" data-end=\"1621\">1,5 meetrit (5 jalga)<\/strong> \u00fcksk\u00f5ik millises suunas.<\/p>\n<p data-start=\"1648\" data-end=\"1913\"><strong data-start=\"1648\" data-end=\"1677\">Drift Mode \u2013 triivire\u017eiim<\/strong><br data-start=\"1677\" data-end=\"1680\" \/>See funktsioon juhib automaatselt korraga nii kiirust kui ka suunda. Kalastajad ei pea enam kasutama triivisokke, lisamootoreid ega k\u00e4sitsi juhtimist, et hoida paadi liikumiskiirust kontrolli all \u2013 isegi tugeva tuule ja voolu korral.<\/p>\n<p data-start=\"1915\" data-end=\"2220\"><strong data-start=\"1915\" data-end=\"1958\">Sisseehitatud Dual Spectrum CHIRP sonar<\/strong><br data-start=\"1958\" data-end=\"1961\" \/>Andur ja juhtmed on t\u00e4ielikult peidetud trolling-mootori varre sisse, mis kaitseb neid kahjustuste eest. Lai sagedusvahemikuga CHIRP sonar annab t\u00e4psemad ja detailsemad pildid kaladest, p\u00f5hjastruktuuridest ja veep\u00f5hjast kui traditsiooniline sonar.<\/p>\n<p data-start=\"2222\" data-end=\"2465\"><strong data-start=\"2222\" data-end=\"2273\">Heel-Toe programmeeritav elektriline jalapedaal<\/strong><br data-start=\"2273\" data-end=\"2276\" \/>Ulterra mootori saab jalapedaaliga vette lasta, \u00fcles t\u00f5sta ja k\u00f5rgust reguleerida. Lisaks on pedaalil programmeeritav nupp, kuhu saab m\u00e4\u00e4rata sagedamini kasutatavad funktsioonid.<\/p>\n<p data-start=\"2575\" data-end=\"2618\">Komplektis on <strong data-start=\"2589\" data-end=\"2617\">18 jala (u 5,5 m) kaabel<\/strong>.<\/p>\n<p data-start=\"2620\" data-end=\"2858\"><strong data-start=\"2620\" data-end=\"2642\">Digital Maximizer\u2122<\/strong><br data-start=\"2642\" data-end=\"2645\" \/>Tagab kuni <strong data-start=\"2656\" data-end=\"2701\">5 korda pikema t\u00f6\u00f6aja \u00fche aku laadimisega<\/strong>. Muutuva kiirusega trolling-mootorid v\u00f5imaldavad valida t\u00e4pse kiiruse ja kasutavad ainult nii palju energiat kui vaja, s\u00e4\u00e4stes akut terveks kalastusp\u00e4evaks.<\/p>\n<p data-start=\"2860\" data-end=\"3058\"><strong data-start=\"2860\" data-end=\"2910\">Purunematu komposiitvars \u2013 eluaegse garantiiga<\/strong><br data-start=\"2910\" data-end=\"2913\" \/>Minn Kota trolling-mootori keskmes on purunematu komposiitvars. See on Minn Kota eksklusiivne lahendus ning sellele kehtib <strong data-start=\"3036\" data-end=\"3057\">eluaegne garantii<\/strong>.<\/p>\n<p data-start=\"2860\" data-end=\"3058\">Vaata t\u00e4psemat kirjeldust tootja kodulehel <a href=\"https:\/\/minnkota.johnsonoutdoors.com\/us\/shop\/freshwater-trolling-motors\/ulterra\/1358976\" target=\"_blank\" rel=\"noopener\"><strong>Minn Kota Ulterra<\/strong><\/a><\/p>\n","protected":false},"excerpt":{"rendered":"<p data-start=\"142\" data-end=\"258\"><strong data-start=\"142\" data-end=\"159\">Kasutamiseks:<\/strong> magevees<br data-start=\"168\" data-end=\"171\" \/><strong data-start=\"171\" data-end=\"188\">Varre pikkus:<\/strong> 60 in (152 cm)<br data-start=\"203\" data-end=\"206\" \/><strong data-start=\"206\" data-end=\"232\">Maksimaalne t\u00f5ukej\u00f5ud:<\/strong> 80 lb<br data-start=\"238\" data-end=\"241\" \/><strong data-start=\"241\" data-end=\"251\">Pinge:<\/strong> 24 V<br \/>\n<strong data-start=\"356\" data-end=\"365\">Kaal:<\/strong> 58 lb 8 oz | 26,54 kg<br \/>\n<strong data-start=\"391\" data-end=\"422\">One-Boat Network \u00fchilduvus:<\/strong> jah<br data-start=\"426\" data-end=\"429\" \/><strong data-start=\"429\" data-end=\"443\">Spot-Lock:<\/strong> jah<br \/>\n<strong data-start=\"451\" data-end=\"472\">Jalapedaali t\u00fc\u00fcp:<\/strong> heel-toe \/ elektriline<br data-start=\"495\" data-end=\"498\" \/><strong data-start=\"498\" data-end=\"512\">Juhtimine:<\/strong> juhtmevaba pult<br \/>\n<strong data-start=\"532\" data-end=\"598\">Auto Stow\/Deploy (automaatne vette laskmine ja \u00fcles t\u00f5stmine):<\/strong> jah<br data-start=\"602\" data-end=\"605\" \/><strong data-start=\"605\" data-end=\"620\">Power Trim:<\/strong> jah<br data-start=\"624\" data-end=\"627\" \/><strong data-start=\"627\" data-end=\"646\">Power Steering:<\/strong> jah<br data-start=\"650\" data-end=\"653\" \/><strong data-start=\"695\" data-end=\"715\">Juhtmevaba pult:<\/strong> jah<br data-start=\"719\" data-end=\"722\" \/><strong data-start=\"722\" data-end=\"736\">AutoPilot:<\/strong> jah<br data-start=\"740\" data-end=\"743\" \/><strong data-start=\"762\" data-end=\"775\">Kiirused:<\/strong> muutuva kiirusega<br data-start=\"793\" data-end=\"796\" \/><strong data-start=\"796\" data-end=\"818\">Digital Maximizer:<\/strong> jah<br data-start=\"822\" data-end=\"825\" \/><strong data-start=\"825\" data-end=\"852\">Aku laetuse indikaator:<\/strong> jah<br data-start=\"856\" data-end=\"859\" \/><strong data-start=\"859\" data-end=\"886\">Maksimaalne voolutarve:<\/strong> 56 A<br \/>\n<strong data-start=\"1067\" data-end=\"1080\">Garantii:<\/strong> 3 aastat (registreerimisel)<\/p>\n","protected":false},"featured_media":56907,"template":"","meta":{"_kad_blocks_custom_css":"","_kad_blocks_head_custom_js":"","_kad_blocks_body_custom_js":"","_kad_blocks_footer_custom_js":"","_kad_post_transparent":"default","_kad_post_title":"","_kad_post_layout":"default","_kad_post_sidebar_id":"","_kad_post_content_style":"default","_kad_post_vertical_padding":"default","_kad_post_feature":"","_kad_post_feature_position":"","_kad_post_header":false,"_kad_post_footer":false,"_kad_post_classname":""},"product_brand":[1869],"product_cat":[343,1874,1873],"product_tag":[],"class_list":{"0":"post-56905","1":"product","2":"type-product","3":"status-publish","4":"has-post-thumbnail","6":"product_brand-minn-kota","7":"product_cat-elektrilised-paadimootorid","8":"product_cat-minn-kota-ulterra","9":"product_cat-voorimootorid","10":"product_shipping_class-euroalusele-mahtuv-kaup","11":"tm-no-options","13":"first","14":"onbackorder","15":"sale","16":"taxable","17":"shipping-taxable","18":"purchasable","19":"product-type-simple","20":"entry","21":"content-bg","22":"loop-entry"},"yoast_head":"<!-- This site is optimized with the Yoast SEO plugin v27.3 - https:\/\/yoast.com\/product\/yoast-seo-wordpress\/ -->\n<title>V\u00f6\u00f6rimootor Minn Kota Ulterra DSC 80<\/title>\n<meta name=\"description\" content=\"Ulterra suurim erip\u00e4ra on Auto Stow &amp; Deploy funktsioon \u2013 mootorit saab veest v\u00e4lja t\u00f5sta v\u00f5i vette lasta lihtsalt nupuvajutusega puldilt v\u00f5i pedaalilt.\" \/>\n<meta name=\"robots\" content=\"index, follow, max-snippet:-1, max-image-preview:large, max-video-preview:-1\" \/>\n<link rel=\"canonical\" href=\"https:\/\/nordlinepaadid.ee\/et\/pood\/voorimootorid\/minn-kota-ulterra\/voorimootor-minn-kota-ulterra-dsc-80\/\" \/>\n<meta property=\"og:locale\" content=\"et_EE\" \/>\n<meta property=\"og:type\" content=\"article\" \/>\n<meta property=\"og:title\" content=\"V\u00f6\u00f6rimootor Minn Kota Ulterra DSC 80\" \/>\n<meta property=\"og:description\" content=\"Ulterra suurim erip\u00e4ra on Auto Stow &amp; Deploy funktsioon \u2013 mootorit saab veest v\u00e4lja t\u00f5sta v\u00f5i vette lasta lihtsalt nupuvajutusega puldilt v\u00f5i pedaalilt.\" \/>\n<meta property=\"og:url\" content=\"https:\/\/nordlinepaadid.ee\/et\/pood\/voorimootorid\/minn-kota-ulterra\/voorimootor-minn-kota-ulterra-dsc-80\/\" \/>\n<meta property=\"og:site_name\" content=\"NORDLINE s\u00f5udepaadid ja mootorpaadid. Klaasfiiber materjalist.\" \/>\n<meta property=\"article:publisher\" content=\"https:\/\/www.facebook.com\/nordlineboats\" \/>\n<meta property=\"article:modified_time\" content=\"2026-03-04T08:03:51+00:00\" \/>\n<meta property=\"og:image\" content=\"https:\/\/nordlinepaadid.ee\/wp-content\/uploads\/2026\/03\/Paadi-voorimootor-Minn-Kota-Ulterra.webp\" \/>\n\t<meta property=\"og:image:width\" content=\"828\" \/>\n\t<meta property=\"og:image:height\" content=\"828\" \/>\n\t<meta property=\"og:image:type\" content=\"image\/webp\" \/>\n<meta name=\"twitter:card\" content=\"summary_large_image\" \/>\n<meta name=\"twitter:label1\" content=\"Est. reading time\" \/>\n\t<meta name=\"twitter:data1\" content=\"4 minutit\" \/>\n<script type=\"application\/ld+json\" class=\"yoast-schema-graph\">{\"@context\":\"https:\\\/\\\/schema.org\",\"@graph\":[{\"@type\":\"WebPage\",\"@id\":\"https:\\\/\\\/nordlinepaadid.ee\\\/et\\\/pood\\\/voorimootorid\\\/minn-kota-ulterra\\\/voorimootor-minn-kota-ulterra-dsc-80\\\/\",\"url\":\"https:\\\/\\\/nordlinepaadid.ee\\\/et\\\/pood\\\/voorimootorid\\\/minn-kota-ulterra\\\/voorimootor-minn-kota-ulterra-dsc-80\\\/\",\"name\":\"V\u00f6\u00f6rimootor Minn Kota Ulterra DSC 80\",\"isPartOf\":{\"@id\":\"https:\\\/\\\/nordlinepaadid.ee\\\/et\\\/#website\"},\"primaryImageOfPage\":{\"@id\":\"https:\\\/\\\/nordlinepaadid.ee\\\/et\\\/pood\\\/voorimootorid\\\/minn-kota-ulterra\\\/voorimootor-minn-kota-ulterra-dsc-80\\\/#primaryimage\"},\"image\":{\"@id\":\"https:\\\/\\\/nordlinepaadid.ee\\\/et\\\/pood\\\/voorimootorid\\\/minn-kota-ulterra\\\/voorimootor-minn-kota-ulterra-dsc-80\\\/#primaryimage\"},\"thumbnailUrl\":\"https:\\\/\\\/nordlinepaadid.ee\\\/wp-content\\\/uploads\\\/2026\\\/03\\\/Paadi-voorimootor-Minn-Kota-Ulterra.webp\",\"datePublished\":\"2026-03-04T07:12:14+00:00\",\"dateModified\":\"2026-03-04T08:03:51+00:00\",\"description\":\"Ulterra suurim erip\u00e4ra on Auto Stow & Deploy funktsioon \u2013 mootorit saab veest v\u00e4lja t\u00f5sta v\u00f5i vette lasta lihtsalt nupuvajutusega puldilt v\u00f5i pedaalilt.\",\"breadcrumb\":{\"@id\":\"https:\\\/\\\/nordlinepaadid.ee\\\/et\\\/pood\\\/voorimootorid\\\/minn-kota-ulterra\\\/voorimootor-minn-kota-ulterra-dsc-80\\\/#breadcrumb\"},\"inLanguage\":\"et\",\"potentialAction\":[{\"@type\":\"ReadAction\",\"target\":[\"https:\\\/\\\/nordlinepaadid.ee\\\/et\\\/pood\\\/voorimootorid\\\/minn-kota-ulterra\\\/voorimootor-minn-kota-ulterra-dsc-80\\\/\"]}]},{\"@type\":\"ImageObject\",\"inLanguage\":\"et\",\"@id\":\"https:\\\/\\\/nordlinepaadid.ee\\\/et\\\/pood\\\/voorimootorid\\\/minn-kota-ulterra\\\/voorimootor-minn-kota-ulterra-dsc-80\\\/#primaryimage\",\"url\":\"https:\\\/\\\/nordlinepaadid.ee\\\/wp-content\\\/uploads\\\/2026\\\/03\\\/Paadi-voorimootor-Minn-Kota-Ulterra.webp\",\"contentUrl\":\"https:\\\/\\\/nordlinepaadid.ee\\\/wp-content\\\/uploads\\\/2026\\\/03\\\/Paadi-voorimootor-Minn-Kota-Ulterra.webp\",\"width\":828,\"height\":828,\"caption\":\"Paadi v\u00f6\u00f6rimootor Minn Kota Ulterra\"},{\"@type\":\"BreadcrumbList\",\"@id\":\"https:\\\/\\\/nordlinepaadid.ee\\\/et\\\/pood\\\/voorimootorid\\\/minn-kota-ulterra\\\/voorimootor-minn-kota-ulterra-dsc-80\\\/#breadcrumb\",\"itemListElement\":[{\"@type\":\"ListItem\",\"position\":1,\"name\":\"Home\",\"item\":\"https:\\\/\\\/nordlinepaadid.ee\\\/et\\\/\"},{\"@type\":\"ListItem\",\"position\":2,\"name\":\"Pood\",\"item\":\"https:\\\/\\\/nordlinepaadid.ee\\\/et\\\/pood\\\/\"},{\"@type\":\"ListItem\",\"position\":3,\"name\":\"Minn Kota ULTERRA DSC 80LBS 152cm 24V\"}]},{\"@type\":\"WebSite\",\"@id\":\"https:\\\/\\\/nordlinepaadid.ee\\\/et\\\/#website\",\"url\":\"https:\\\/\\\/nordlinepaadid.ee\\\/et\\\/\",\"name\":\"NORDLINE s\u00f5udepaadid ja mootorpaadid. Klaasfiiber materjalist.\",\"description\":\"\",\"publisher\":{\"@id\":\"https:\\\/\\\/nordlinepaadid.ee\\\/et\\\/#organization\"},\"potentialAction\":[{\"@type\":\"SearchAction\",\"target\":{\"@type\":\"EntryPoint\",\"urlTemplate\":\"https:\\\/\\\/nordlinepaadid.ee\\\/et\\\/?s={search_term_string}\"},\"query-input\":{\"@type\":\"PropertyValueSpecification\",\"valueRequired\":true,\"valueName\":\"search_term_string\"}}],\"inLanguage\":\"et\"},{\"@type\":\"Organization\",\"@id\":\"https:\\\/\\\/nordlinepaadid.ee\\\/et\\\/#organization\",\"name\":\"Nordlineboats\",\"url\":\"https:\\\/\\\/nordlinepaadid.ee\\\/et\\\/\",\"logo\":{\"@type\":\"ImageObject\",\"inLanguage\":\"et\",\"@id\":\"https:\\\/\\\/nordlinepaadid.ee\\\/et\\\/#\\\/schema\\\/logo\\\/image\\\/\",\"url\":\"https:\\\/\\\/nordlinepaadid.ee\\\/wp-content\\\/uploads\\\/2023\\\/01\\\/fulllogo_transparent_nobuffer-e1672750475494.png\",\"contentUrl\":\"https:\\\/\\\/nordlinepaadid.ee\\\/wp-content\\\/uploads\\\/2023\\\/01\\\/fulllogo_transparent_nobuffer-e1672750475494.png\",\"width\":150,\"height\":119,\"caption\":\"Nordlineboats\"},\"image\":{\"@id\":\"https:\\\/\\\/nordlinepaadid.ee\\\/et\\\/#\\\/schema\\\/logo\\\/image\\\/\"},\"sameAs\":[\"https:\\\/\\\/www.facebook.com\\\/nordlineboats\",\"https:\\\/\\\/www.youtube.com\\\/channel\\\/UCbgF0fy02y3QkFnujaLTaCA\"]}]}<\/script>\n<!-- \/ Yoast SEO plugin. -->","yoast_head_json":{"title":"V\u00f6\u00f6rimootor Minn Kota Ulterra DSC 80","description":"Ulterra suurim erip\u00e4ra on Auto Stow & Deploy funktsioon \u2013 mootorit saab veest v\u00e4lja t\u00f5sta v\u00f5i vette lasta lihtsalt nupuvajutusega puldilt v\u00f5i pedaalilt.","robots":{"index":"index","follow":"follow","max-snippet":"max-snippet:-1","max-image-preview":"max-image-preview:large","max-video-preview":"max-video-preview:-1"},"canonical":"https:\/\/nordlinepaadid.ee\/et\/pood\/voorimootorid\/minn-kota-ulterra\/voorimootor-minn-kota-ulterra-dsc-80\/","og_locale":"et_EE","og_type":"article","og_title":"V\u00f6\u00f6rimootor Minn Kota Ulterra DSC 80","og_description":"Ulterra suurim erip\u00e4ra on Auto Stow & Deploy funktsioon \u2013 mootorit saab veest v\u00e4lja t\u00f5sta v\u00f5i vette lasta lihtsalt nupuvajutusega puldilt v\u00f5i pedaalilt.","og_url":"https:\/\/nordlinepaadid.ee\/et\/pood\/voorimootorid\/minn-kota-ulterra\/voorimootor-minn-kota-ulterra-dsc-80\/","og_site_name":"NORDLINE s\u00f5udepaadid ja mootorpaadid. Klaasfiiber materjalist.","article_publisher":"https:\/\/www.facebook.com\/nordlineboats","article_modified_time":"2026-03-04T08:03:51+00:00","og_image":[{"width":828,"height":828,"url":"https:\/\/nordlinepaadid.ee\/wp-content\/uploads\/2026\/03\/Paadi-voorimootor-Minn-Kota-Ulterra.webp","type":"image\/webp"}],"twitter_card":"summary_large_image","twitter_misc":{"Est. reading time":"4 minutit"},"schema":{"@context":"https:\/\/schema.org","@graph":[{"@type":"WebPage","@id":"https:\/\/nordlinepaadid.ee\/et\/pood\/voorimootorid\/minn-kota-ulterra\/voorimootor-minn-kota-ulterra-dsc-80\/","url":"https:\/\/nordlinepaadid.ee\/et\/pood\/voorimootorid\/minn-kota-ulterra\/voorimootor-minn-kota-ulterra-dsc-80\/","name":"V\u00f6\u00f6rimootor Minn Kota Ulterra DSC 80","isPartOf":{"@id":"https:\/\/nordlinepaadid.ee\/et\/#website"},"primaryImageOfPage":{"@id":"https:\/\/nordlinepaadid.ee\/et\/pood\/voorimootorid\/minn-kota-ulterra\/voorimootor-minn-kota-ulterra-dsc-80\/#primaryimage"},"image":{"@id":"https:\/\/nordlinepaadid.ee\/et\/pood\/voorimootorid\/minn-kota-ulterra\/voorimootor-minn-kota-ulterra-dsc-80\/#primaryimage"},"thumbnailUrl":"https:\/\/nordlinepaadid.ee\/wp-content\/uploads\/2026\/03\/Paadi-voorimootor-Minn-Kota-Ulterra.webp","datePublished":"2026-03-04T07:12:14+00:00","dateModified":"2026-03-04T08:03:51+00:00","description":"Ulterra suurim erip\u00e4ra on Auto Stow & Deploy funktsioon \u2013 mootorit saab veest v\u00e4lja t\u00f5sta v\u00f5i vette lasta lihtsalt nupuvajutusega puldilt v\u00f5i pedaalilt.","breadcrumb":{"@id":"https:\/\/nordlinepaadid.ee\/et\/pood\/voorimootorid\/minn-kota-ulterra\/voorimootor-minn-kota-ulterra-dsc-80\/#breadcrumb"},"inLanguage":"et","potentialAction":[{"@type":"ReadAction","target":["https:\/\/nordlinepaadid.ee\/et\/pood\/voorimootorid\/minn-kota-ulterra\/voorimootor-minn-kota-ulterra-dsc-80\/"]}]},{"@type":"ImageObject","inLanguage":"et","@id":"https:\/\/nordlinepaadid.ee\/et\/pood\/voorimootorid\/minn-kota-ulterra\/voorimootor-minn-kota-ulterra-dsc-80\/#primaryimage","url":"https:\/\/nordlinepaadid.ee\/wp-content\/uploads\/2026\/03\/Paadi-voorimootor-Minn-Kota-Ulterra.webp","contentUrl":"https:\/\/nordlinepaadid.ee\/wp-content\/uploads\/2026\/03\/Paadi-voorimootor-Minn-Kota-Ulterra.webp","width":828,"height":828,"caption":"Paadi v\u00f6\u00f6rimootor Minn Kota Ulterra"},{"@type":"BreadcrumbList","@id":"https:\/\/nordlinepaadid.ee\/et\/pood\/voorimootorid\/minn-kota-ulterra\/voorimootor-minn-kota-ulterra-dsc-80\/#breadcrumb","itemListElement":[{"@type":"ListItem","position":1,"name":"Home","item":"https:\/\/nordlinepaadid.ee\/et\/"},{"@type":"ListItem","position":2,"name":"Pood","item":"https:\/\/nordlinepaadid.ee\/et\/pood\/"},{"@type":"ListItem","position":3,"name":"Minn Kota ULTERRA DSC 80LBS 152cm 24V"}]},{"@type":"WebSite","@id":"https:\/\/nordlinepaadid.ee\/et\/#website","url":"https:\/\/nordlinepaadid.ee\/et\/","name":"NORDLINE s\u00f5udepaadid ja mootorpaadid. Klaasfiiber materjalist.","description":"","publisher":{"@id":"https:\/\/nordlinepaadid.ee\/et\/#organization"},"potentialAction":[{"@type":"SearchAction","target":{"@type":"EntryPoint","urlTemplate":"https:\/\/nordlinepaadid.ee\/et\/?s={search_term_string}"},"query-input":{"@type":"PropertyValueSpecification","valueRequired":true,"valueName":"search_term_string"}}],"inLanguage":"et"},{"@type":"Organization","@id":"https:\/\/nordlinepaadid.ee\/et\/#organization","name":"Nordlineboats","url":"https:\/\/nordlinepaadid.ee\/et\/","logo":{"@type":"ImageObject","inLanguage":"et","@id":"https:\/\/nordlinepaadid.ee\/et\/#\/schema\/logo\/image\/","url":"https:\/\/nordlinepaadid.ee\/wp-content\/uploads\/2023\/01\/fulllogo_transparent_nobuffer-e1672750475494.png","contentUrl":"https:\/\/nordlinepaadid.ee\/wp-content\/uploads\/2023\/01\/fulllogo_transparent_nobuffer-e1672750475494.png","width":150,"height":119,"caption":"Nordlineboats"},"image":{"@id":"https:\/\/nordlinepaadid.ee\/et\/#\/schema\/logo\/image\/"},"sameAs":["https:\/\/www.facebook.com\/nordlineboats","https:\/\/www.youtube.com\/channel\/UCbgF0fy02y3QkFnujaLTaCA"]}]}},"taxonomy_info":{"product_brand":[{"value":1869,"label":"Minn Kota"}],"product_cat":[{"value":343,"label":"ELEKTRILISED PAADIMOOTORID"},{"value":1874,"label":"Minn Kota Ulterra"},{"value":1873,"label":"V\u00d6\u00d6RIMOOTORID"}]},"featured_image_src_large":["https:\/\/nordlinepaadid.ee\/wp-content\/uploads\/2026\/03\/Paadi-voorimootor-Minn-Kota-Ulterra.webp",828,828,false],"author_info":[],"comment_info":"","_links":{"self":[{"href":"https:\/\/nordlinepaadid.ee\/et\/wp-json\/wp\/v2\/product\/56905","targetHints":{"allow":["GET"]}}],"collection":[{"href":"https:\/\/nordlinepaadid.ee\/et\/wp-json\/wp\/v2\/product"}],"about":[{"href":"https:\/\/nordlinepaadid.ee\/et\/wp-json\/wp\/v2\/types\/product"}],"wp:featuredmedia":[{"embeddable":true,"href":"https:\/\/nordlinepaadid.ee\/et\/wp-json\/wp\/v2\/media\/56907"}],"wp:attachment":[{"href":"https:\/\/nordlinepaadid.ee\/et\/wp-json\/wp\/v2\/media?parent=56905"}],"wp:term":[{"taxonomy":"product_brand","embeddable":true,"href":"https:\/\/nordlinepaadid.ee\/et\/wp-json\/wp\/v2\/product_brand?post=56905"},{"taxonomy":"product_cat","embeddable":true,"href":"https:\/\/nordlinepaadid.ee\/et\/wp-json\/wp\/v2\/product_cat?post=56905"},{"taxonomy":"product_tag","embeddable":true,"href":"https:\/\/nordlinepaadid.ee\/et\/wp-json\/wp\/v2\/product_tag?post=56905"}],"curies":[{"name":"wp","href":"https:\/\/api.w.org\/{rel}","templated":true}]}}