{"id":56933,"date":"2026-03-04T10:19:36","date_gmt":"2026-03-04T08:19:36","guid":{"rendered":"https:\/\/nordlinepaadid.ee\/?post_type=product&#038;p=56933"},"modified":"2026-03-04T10:24:18","modified_gmt":"2026-03-04T08:24:18","slug":"minn-kota-ulterra-quest-90-115lbs-152cm-24-36v-with-sonar","status":"publish","type":"product","link":"https:\/\/nordlinepaadid.ee\/et\/pood\/voorimootorid\/minn-kota-ulterra\/minn-kota-ulterra-quest-90-115lbs-152cm-24-36v-with-sonar\/","title":{"rendered":"Minn Kota ULTERRA QUEST 90\/115LBS 152cm 24\/36V with sonar MSI Brushless"},"content":{"rendered":"<h1 data-start=\"47\" data-end=\"671\"><strong data-start=\"47\" data-end=\"71\">V\u00f6\u00f6rimootor Minn Kota ULTERRA QUEST 90\/115LBS 152cm 24\/36V with sonar MSI Brushless<\/strong><\/h1>\n<p data-start=\"42\" data-end=\"745\"><strong data-start=\"42\" data-end=\"66\">Minn Kota Ulterra 90<\/strong> on uusima p\u00f5lvkonna <strong data-start=\"87\" data-end=\"115\">QUEST-seeria v\u00f6\u00f6rimootor<\/strong>, mis pakub kuni <strong data-start=\"132\" data-end=\"162\">90 lb (\u2248 41 kg) t\u00f5ukej\u00f5udu<\/strong>ning t\u00f6\u00f6tab <strong data-start=\"175\" data-end=\"194\">24 V s\u00fcsteemiga<\/strong>. Mootor on loodud n\u00f5udlikule kalastajale, kes vajab t\u00e4pset paadi juhtimist, suurt t\u00f6\u00f6kindlust ja maksimaalset kasutusmugavust. Ulterra erip\u00e4raks on t\u00e4ielikult <strong data-start=\"354\" data-end=\"414\">automaatne kasutamine \u2013 Auto Stow &amp; Deploy ja Power Trim<\/strong>, mis v\u00f5imaldavad mootorit vette lasta, \u00fcles t\u00f5sta ja k\u00f5rgust reguleerida nupuvajutusega puldilt v\u00f5i jalapedaalilt. Lisaks on mootor varustatud <strong data-start=\"558\" data-end=\"588\">t\u00e4iustatud GPS-juhtimisega<\/strong>, mis v\u00f5imaldab paati automaatselt paigal hoida (Spot-Lock), salvestada marsruute ning kontrollida kiirust ja suunda.<\/p>\n<p data-start=\"747\" data-end=\"1044\">Ulterra 90 kuulub <strong data-start=\"765\" data-end=\"794\">Minn Kota QUEST seeriasse<\/strong>, kus on kasutusel uus <strong data-start=\"817\" data-end=\"849\">harjavaba mootoritehnoloogia<\/strong>, tugevdatud kinnitus ja t\u00e4iustatud elektroonika. See annab rohkem v\u00f5imsust, suurema t\u00f6\u00f6kindluse ja parema efektiivsuse ka raskemates ilmastikutingimustes.<\/p>\n<p>Vaata ka erinevate Minn Kota mudelite omaduste <strong><a href=\"https:\/\/nordlinepaadid.ee\/et\/minn-kota-elektriliste-paadimootorite-vordlustabel\/\" target=\"_blank\" rel=\"noopener\">v\u00f5rdlustabelit<\/a><\/strong>.<\/p>\n<p data-start=\"0\" data-end=\"346\"><strong data-start=\"0\" data-end=\"16\">QUEST seeria<\/strong><br data-start=\"16\" data-end=\"19\" \/>Need <strong data-start=\"24\" data-end=\"70\">24\/36 V kahepingelised harjavabad mootorid<\/strong> on t\u00e4ielikult \u00fcmber disainitud \u2013 alates kinnitusest ja propelleritest kuni t\u00f5steabis\u00fcsteemide, ajamimootorite ja tarkvarani. Tulemuseks on trolling-mootorid, mis on loodud \u00fcletama k\u00f5iki teisi vees olevaid lahendusi ning pakkuma maksimaalset t\u00f6\u00f6kindlust ja j\u00f5udlust aastateks.<\/p>\n<p data-start=\"0\" data-end=\"346\">Peamine erinevus <strong data-start=\"17\" data-end=\"58\"><span class=\"whitespace-normal\">Minn Kota Ulterra DSC<\/span><\/strong> ja <strong data-start=\"62\" data-end=\"103\"><span class=\"whitespace-normal\">Minn Kota Ulterra QUEST<\/span><\/strong> mudelite vahel on <strong data-start=\"122\" data-end=\"175\">mootori tehnoloogias, pinges\u00fcsteemis ja v\u00f5imsuses<\/strong>. QUEST on tegelikult <strong data-start=\"197\" data-end=\"233\">uus p\u00f5lvkond Ulterra mootoritest<\/strong>, mis tuli turule umbes 2023\u20132024 ja on varasemast Ulterra versioonist m\u00e4rgatavalt edasi arendatud.<\/p>\n<ul>\n<li data-start=\"0\" data-end=\"346\">harjavaba (brushless) mootor<\/li>\n<li data-start=\"0\" data-end=\"346\">dual-voltage 24V \/ 36V<\/li>\n<li data-start=\"0\" data-end=\"346\">suurem efektiivsus ja pikem aku t\u00f6\u00f6aeg<\/li>\n<li data-start=\"0\" data-end=\"346\">veel vaiksem<\/li>\n<li data-start=\"0\" data-end=\"346\">v\u00e4hem kulumist, pikem eluiga<\/li>\n<\/ul>\n<hr data-start=\"348\" data-end=\"351\" \/>\n<h3 data-start=\"353\" data-end=\"422\">Auto Stow &amp; Deploy \u2013 automaatne vette laskmine ja \u00fcles t\u00f5stmine<\/h3>\n<p data-start=\"423\" data-end=\"586\">Ulterra mootorit saab vette lasta v\u00f5i \u00fcles t\u00f5sta \u00fche nupuvajutusega \u2013 kasutades juhtmevaba pulti, jalapedaali, One-Boat Network rakendust v\u00f5i kajaloodi.<\/p>\n<h3 data-start=\"588\" data-end=\"639\">Power Trim \u2013 automaatne k\u00f5rguse reguleerimine<\/h3>\n<p data-start=\"640\" data-end=\"916\">Ulterra mootori k\u00f5rgust saab reguleerida \u00fcles v\u00f5i alla nupuvajutusega \u2013 jalapedaalilt, juhtmevabalt puldilt, One-Boat Network rakendusest v\u00f5i kajaloodist. See v\u00f5imaldab kohandada mootori s\u00fcgavust vastavalt kalastusoludele ilma, et peaksid mootori juurde kummarduma.<\/p>\n<h3 data-start=\"918\" data-end=\"979\">Advanced GPS Trolling System \u2013 t\u00e4iustatud GPS-juhtimine<\/h3>\n<p data-start=\"980\" data-end=\"1376\">\u00dcks kalastajate seas k\u00f5ige usaldusv\u00e4\u00e4rsemaid navigatsioonis\u00fcsteeme. Ulterra kasutab GPS-i, et juhtida trolling-mootorit ning hoida sind t\u00e4pselt kalade juures. V\u00f5imaldab kasutada Spot-Lock funktsiooni, salvestada marsruute, kontrollida kiirust ja roolimist ning palju muud. Paadi positsioneerimine muutub automaatseks ning juhtimine toimub Ulterra juhtmevaba puldi selgelt loetavalt LCD-ekraanilt.<\/p>\n<h3 data-start=\"1378\" data-end=\"1415\">Osa One-Boat Network s\u00fcsteemist<\/h3>\n<p data-start=\"1416\" data-end=\"1646\">Minn Kota mootorid on standardvarustuses valmis \u00fchenduma valitud kajaloodidega. Saad \u00fchendada ja juhtida trolling-mootorit, madala vee ankruid ja kajaloodi One-Boat Network rakenduse kaudu Apple\u00ae v\u00f5i Android\u2122 seadmetes.<\/p>\n<h3 data-start=\"1648\" data-end=\"1686\">Spot-Lock koos Jog funktsiooniga<\/h3>\n<p data-start=\"1687\" data-end=\"1986\">Spot-Lock hoiab paadi paigal v\u00e4ga t\u00e4pse GPS-positsioneerimisega. See v\u00f5imaldab p\u00fcsida t\u00e4pselt produktiivse kalastuskoha kohal ilma mootorit k\u00e4sitsi juhtimata. Sisseehitatud suunaandur v\u00f5imaldab <strong data-start=\"1881\" data-end=\"1961\">Jog funktsiooniga nihutada Spot-Lock positsiooni umbes 1,5 meetrit (5 jalga)<\/strong> \u00fcksk\u00f5ik millises suunas.<\/p>\n<h3 data-start=\"1988\" data-end=\"2019\">Drift Mode \u2013 triivire\u017eiim<\/h3>\n<p data-start=\"2020\" data-end=\"2245\">See funktsioon juhib automaatselt korraga nii kiirust kui ka suunda. Kalastajad ei pea enam kasutama triivisokke, lisamootoreid ega k\u00e4sitsi juhtimist, et kontrollida paadi liikumiskiirust \u2013 isegi tugeva tuule ja voolu korral.<\/p>\n<h3 data-start=\"2247\" data-end=\"2284\">Sisseehitatud MEGA Side Imaging<\/h3>\n<p data-start=\"2285\" data-end=\"2434\">Andur on integreeritud otse mootori sisse, mis tagab <strong data-start=\"2338\" data-end=\"2394\">v\u00e4ga selge Humminbird\u00ae MEGA Side Imaging sonaripildi <\/strong>ning hoiab anduri ja kaablid kaitstuna.<\/p>\n<h3 data-start=\"2436\" data-end=\"2489\">Heel-Toe programmeeritav elektriline jalapedaal<\/h3>\n<p data-start=\"2490\" data-end=\"2680\">Ulterra mootorit saab jalapedaaliga vette lasta, \u00fcles t\u00f5sta ja k\u00f5rgust reguleerida. Lisaks on pedaalil programmeeritav nupp, kuhu saab m\u00e4\u00e4rata sagedamini kasutatavad funktsioonid, n\u00e4iteks:<\/p>\n<ul data-start=\"2681\" data-end=\"2788\">\n<li data-start=\"2681\" data-end=\"2704\">\n<p data-start=\"2683\" data-end=\"2704\">waypointi m\u00e4rkimine<\/p>\n<\/li>\n<li data-start=\"2705\" data-end=\"2735\">\n<p data-start=\"2707\" data-end=\"2735\">AutoPilot sisse l\u00fclitamine<\/p>\n<\/li>\n<li data-start=\"2736\" data-end=\"2788\">\n<p data-start=\"2738\" data-end=\"2788\">Minn Kota madala vee ankru avamine v\u00f5i sulgemine<\/p>\n<\/li>\n<\/ul>\n<p data-start=\"2790\" data-end=\"2833\">Komplektis on <strong data-start=\"2804\" data-end=\"2832\">18 jala (u 5,5 m) kaabel<\/strong>.<\/p>\n<h3 data-start=\"2835\" data-end=\"2864\">Reaalajas aku j\u00e4lgimine<\/h3>\n<p data-start=\"2865\" data-end=\"3126\">Kontrolli aku laetuse taset mootori t\u00f6\u00f6tamise ajal. S\u00fcsteem n\u00e4itab <strong data-start=\"2932\" data-end=\"2979\">reaalajas hinnangulist j\u00e4relej\u00e4\u00e4nud t\u00f6\u00f6aega<\/strong> ning annab m\u00e4rguande, kui aku laetus langeb <strong data-start=\"3024\" data-end=\"3040\">20% tasemeni<\/strong>, soovitades aktiveerida Eco Mode\u2019i, mis v\u00e4hendab voolutarvet ja pikendab aku t\u00f6\u00f6aega.<\/p>\n<h3 data-start=\"3128\" data-end=\"3152\">Digital Maximizer\u2122<\/h3>\n<p data-start=\"3153\" data-end=\"3337\">Tagab kuni <strong data-start=\"3164\" data-end=\"3209\">5 korda pikema t\u00f6\u00f6aja \u00fche aku laadimisega<\/strong>. Muutuva kiirusega trolling-mootorid kasutavad ainult nii palju energiat kui vaja, aidates s\u00e4\u00e4sta akut terveks kalastusp\u00e4evaks.<\/p>\n<h3 data-start=\"3339\" data-end=\"3415\">Purunematu s\u00fcsinikkiuga tugevdatud komposiitvars \u2013 eluaegse garantiiga<\/h3>\n<p data-start=\"3416\" data-end=\"3603\">Minn Kota trolling-mootori keskmes on purunematu komposiitvars, mida on n\u00fc\u00fcd tugevdatud <strong data-start=\"3504\" data-end=\"3520\">s\u00fcsinikkiuga<\/strong>. See on Minn Kota eksklusiivne lahendus ning sellele kehtib <strong data-start=\"3581\" data-end=\"3602\">eluaegne garantii<\/strong>.<\/p>\n<h3 data-start=\"3941\" data-end=\"3976\">Eraldi suunaandurit pole vaja<\/h3>\n<p data-start=\"3977\" data-end=\"4081\">Sisseehitatud tehnoloogia tagab t\u00e4pse roolimise ja paadi juhtimise ilma v\u00e4lise suunaanduri kasutamiseta.<\/p>\n<h3 data-start=\"4083\" data-end=\"4097\">Garantii<\/h3>\n<p data-start=\"4098\" data-end=\"4148\" data-is-last-node=\"\" data-is-only-node=\"\"><strong data-start=\"4098\" data-end=\"4148\" data-is-last-node=\"\">3-aastane piiratud garantii (registreerimisel)<\/strong><\/p>\n<p data-start=\"4098\" data-end=\"4148\" data-is-last-node=\"\" data-is-only-node=\"\">Loe t\u00e4psemat kirjeldust tootja kodulehel <a href=\"https:\/\/minnkota.johnsonoutdoors.com\/us\/shop\/freshwater-trolling-motors\/ulterra\" target=\"_blank\" rel=\"noopener\"><strong>Minn Kota Ulterra Quest<\/strong><\/a><\/p>\n","protected":false},"excerpt":{"rendered":"<p data-start=\"150\" data-end=\"277\"><strong data-start=\"150\" data-end=\"167\">Kasutamiseks:<\/strong> magevees<br data-start=\"176\" data-end=\"179\" \/><strong data-start=\"179\" data-end=\"196\">Varre pikkus:<\/strong> 60 in (152 cm)<br data-start=\"211\" data-end=\"214\" \/><strong data-start=\"214\" data-end=\"240\">Maksimaalne t\u00f5ukej\u00f5ud:<\/strong> 90lb(24V)\/115lb(36V)<br data-start=\"252\" data-end=\"255\" \/><strong data-start=\"255\" data-end=\"265\">Pinge:<\/strong> 24 \/ 36 V<br data-start=\"372\" data-end=\"375\" \/><strong data-start=\"375\" data-end=\"384\">Kaal:<\/strong> 91 lb | 41,2 kg<br \/>\n<strong data-start=\"512\" data-end=\"526\">Juhtimine:<\/strong> jalapedaal, juhtmevaba pult<br \/>\n<strong data-start=\"558\" data-end=\"624\">Auto Stow\/Deploy (automaatne vette laskmine ja \u00fcles t\u00f5stmine):<\/strong> jah<br data-start=\"628\" data-end=\"631\" \/><strong data-start=\"631\" data-end=\"646\">Power Trim:<\/strong> jah<br data-start=\"650\" data-end=\"653\" \/><strong data-start=\"653\" data-end=\"672\">Power Steering:<\/strong> jah<br data-start=\"676\" data-end=\"679\" \/><strong data-start=\"748\" data-end=\"762\">AutoPilot:<\/strong> jah<br data-start=\"766\" data-end=\"769\" \/><strong data-start=\"788\" data-end=\"801\">Kiirused:<\/strong> muutuva kiirusega<br data-start=\"819\" data-end=\"822\" \/><strong data-start=\"822\" data-end=\"844\">Digital Maximizer:<\/strong> jah<br data-start=\"848\" data-end=\"851\" \/><strong data-start=\"851\" data-end=\"878\">Aku laetuse indikaator:<\/strong> jah<br data-start=\"882\" data-end=\"885\" \/><strong data-start=\"885\" data-end=\"912\">Maksimaalne voolutarve:<\/strong> 60 A<br \/>\n<strong data-start=\"1087\" data-end=\"1100\">Garantii:<\/strong> 3 aastat (registreerimisel)<\/p>\n","protected":false},"featured_media":56907,"template":"","meta":{"_kad_blocks_custom_css":"","_kad_blocks_head_custom_js":"","_kad_blocks_body_custom_js":"","_kad_blocks_footer_custom_js":"","_kad_post_transparent":"default","_kad_post_title":"","_kad_post_layout":"default","_kad_post_sidebar_id":"","_kad_post_content_style":"default","_kad_post_vertical_padding":"default","_kad_post_feature":"","_kad_post_feature_position":"","_kad_post_header":false,"_kad_post_footer":false,"_kad_post_classname":""},"product_brand":[1869],"product_cat":[343,1874,1873],"product_tag":[],"class_list":{"0":"post-56933","1":"product","2":"type-product","3":"status-publish","4":"has-post-thumbnail","6":"product_brand-minn-kota","7":"product_cat-elektrilised-paadimootorid","8":"product_cat-minn-kota-ulterra","9":"product_cat-voorimootorid","10":"product_shipping_class-euroalusele-mahtuv-kaup","11":"tm-no-options","13":"first","14":"onbackorder","15":"sale","16":"taxable","17":"shipping-taxable","18":"purchasable","19":"product-type-simple","20":"entry","21":"content-bg","22":"loop-entry"},"yoast_head":"<!-- This site is optimized with the Yoast SEO plugin v27.3 - https:\/\/yoast.com\/product\/yoast-seo-wordpress\/ -->\n<title>Minn Kota ULTERRA QUEST 90\/115LBS 152cm 24\/36V with sonar<\/title>\n<meta name=\"description\" content=\"Ulterra suurim erip\u00e4ra on Auto Stow &amp; Deploy funktsioon \u2013 mootorit saab veest v\u00e4lja t\u00f5sta v\u00f5i vette lasta lihtsalt nupuvajutusega puldilt v\u00f5i pedaalilt.\" \/>\n<meta name=\"robots\" content=\"index, follow, max-snippet:-1, max-image-preview:large, max-video-preview:-1\" \/>\n<link rel=\"canonical\" href=\"https:\/\/nordlinepaadid.ee\/et\/pood\/voorimootorid\/minn-kota-ulterra\/minn-kota-ulterra-quest-90-115lbs-152cm-24-36v-with-sonar\/\" \/>\n<meta property=\"og:locale\" content=\"et_EE\" \/>\n<meta property=\"og:type\" content=\"article\" \/>\n<meta property=\"og:title\" content=\"Minn Kota ULTERRA QUEST 90\/115LBS 152cm 24\/36V with sonar\" \/>\n<meta property=\"og:description\" content=\"Ulterra suurim erip\u00e4ra on Auto Stow &amp; Deploy funktsioon \u2013 mootorit saab veest v\u00e4lja t\u00f5sta v\u00f5i vette lasta lihtsalt nupuvajutusega puldilt v\u00f5i pedaalilt.\" \/>\n<meta property=\"og:url\" content=\"https:\/\/nordlinepaadid.ee\/et\/pood\/voorimootorid\/minn-kota-ulterra\/minn-kota-ulterra-quest-90-115lbs-152cm-24-36v-with-sonar\/\" \/>\n<meta property=\"og:site_name\" content=\"NORDLINE s\u00f5udepaadid ja mootorpaadid. Klaasfiiber materjalist.\" \/>\n<meta property=\"article:publisher\" content=\"https:\/\/www.facebook.com\/nordlineboats\" \/>\n<meta property=\"article:modified_time\" content=\"2026-03-04T08:24:18+00:00\" \/>\n<meta property=\"og:image\" content=\"https:\/\/nordlinepaadid.ee\/wp-content\/uploads\/2026\/03\/Paadi-voorimootor-Minn-Kota-Ulterra.webp\" \/>\n\t<meta property=\"og:image:width\" content=\"828\" \/>\n\t<meta property=\"og:image:height\" content=\"828\" \/>\n\t<meta property=\"og:image:type\" content=\"image\/webp\" \/>\n<meta name=\"twitter:card\" content=\"summary_large_image\" \/>\n<meta name=\"twitter:label1\" content=\"Est. reading time\" \/>\n\t<meta name=\"twitter:data1\" content=\"4 minutit\" \/>\n<script type=\"application\/ld+json\" class=\"yoast-schema-graph\">{\"@context\":\"https:\\\/\\\/schema.org\",\"@graph\":[{\"@type\":\"WebPage\",\"@id\":\"https:\\\/\\\/nordlinepaadid.ee\\\/et\\\/pood\\\/voorimootorid\\\/minn-kota-ulterra\\\/minn-kota-ulterra-quest-90-115lbs-152cm-24-36v-with-sonar\\\/\",\"url\":\"https:\\\/\\\/nordlinepaadid.ee\\\/et\\\/pood\\\/voorimootorid\\\/minn-kota-ulterra\\\/minn-kota-ulterra-quest-90-115lbs-152cm-24-36v-with-sonar\\\/\",\"name\":\"Minn Kota ULTERRA QUEST 90\\\/115LBS 152cm 24\\\/36V with sonar\",\"isPartOf\":{\"@id\":\"https:\\\/\\\/nordlinepaadid.ee\\\/et\\\/#website\"},\"primaryImageOfPage\":{\"@id\":\"https:\\\/\\\/nordlinepaadid.ee\\\/et\\\/pood\\\/voorimootorid\\\/minn-kota-ulterra\\\/minn-kota-ulterra-quest-90-115lbs-152cm-24-36v-with-sonar\\\/#primaryimage\"},\"image\":{\"@id\":\"https:\\\/\\\/nordlinepaadid.ee\\\/et\\\/pood\\\/voorimootorid\\\/minn-kota-ulterra\\\/minn-kota-ulterra-quest-90-115lbs-152cm-24-36v-with-sonar\\\/#primaryimage\"},\"thumbnailUrl\":\"https:\\\/\\\/nordlinepaadid.ee\\\/wp-content\\\/uploads\\\/2026\\\/03\\\/Paadi-voorimootor-Minn-Kota-Ulterra.webp\",\"datePublished\":\"2026-03-04T08:19:36+00:00\",\"dateModified\":\"2026-03-04T08:24:18+00:00\",\"description\":\"Ulterra suurim erip\u00e4ra on Auto Stow & Deploy funktsioon \u2013 mootorit saab veest v\u00e4lja t\u00f5sta v\u00f5i vette lasta lihtsalt nupuvajutusega puldilt v\u00f5i pedaalilt.\",\"breadcrumb\":{\"@id\":\"https:\\\/\\\/nordlinepaadid.ee\\\/et\\\/pood\\\/voorimootorid\\\/minn-kota-ulterra\\\/minn-kota-ulterra-quest-90-115lbs-152cm-24-36v-with-sonar\\\/#breadcrumb\"},\"inLanguage\":\"et\",\"potentialAction\":[{\"@type\":\"ReadAction\",\"target\":[\"https:\\\/\\\/nordlinepaadid.ee\\\/et\\\/pood\\\/voorimootorid\\\/minn-kota-ulterra\\\/minn-kota-ulterra-quest-90-115lbs-152cm-24-36v-with-sonar\\\/\"]}]},{\"@type\":\"ImageObject\",\"inLanguage\":\"et\",\"@id\":\"https:\\\/\\\/nordlinepaadid.ee\\\/et\\\/pood\\\/voorimootorid\\\/minn-kota-ulterra\\\/minn-kota-ulterra-quest-90-115lbs-152cm-24-36v-with-sonar\\\/#primaryimage\",\"url\":\"https:\\\/\\\/nordlinepaadid.ee\\\/wp-content\\\/uploads\\\/2026\\\/03\\\/Paadi-voorimootor-Minn-Kota-Ulterra.webp\",\"contentUrl\":\"https:\\\/\\\/nordlinepaadid.ee\\\/wp-content\\\/uploads\\\/2026\\\/03\\\/Paadi-voorimootor-Minn-Kota-Ulterra.webp\",\"width\":828,\"height\":828,\"caption\":\"Paadi v\u00f6\u00f6rimootor Minn Kota Ulterra\"},{\"@type\":\"BreadcrumbList\",\"@id\":\"https:\\\/\\\/nordlinepaadid.ee\\\/et\\\/pood\\\/voorimootorid\\\/minn-kota-ulterra\\\/minn-kota-ulterra-quest-90-115lbs-152cm-24-36v-with-sonar\\\/#breadcrumb\",\"itemListElement\":[{\"@type\":\"ListItem\",\"position\":1,\"name\":\"Home\",\"item\":\"https:\\\/\\\/nordlinepaadid.ee\\\/et\\\/\"},{\"@type\":\"ListItem\",\"position\":2,\"name\":\"Pood\",\"item\":\"https:\\\/\\\/nordlinepaadid.ee\\\/et\\\/pood\\\/\"},{\"@type\":\"ListItem\",\"position\":3,\"name\":\"Minn Kota ULTERRA QUEST 90\\\/115LBS 152cm 24\\\/36V with sonar MSI Brushless\"}]},{\"@type\":\"WebSite\",\"@id\":\"https:\\\/\\\/nordlinepaadid.ee\\\/et\\\/#website\",\"url\":\"https:\\\/\\\/nordlinepaadid.ee\\\/et\\\/\",\"name\":\"NORDLINE s\u00f5udepaadid ja mootorpaadid. Klaasfiiber materjalist.\",\"description\":\"\",\"publisher\":{\"@id\":\"https:\\\/\\\/nordlinepaadid.ee\\\/et\\\/#organization\"},\"potentialAction\":[{\"@type\":\"SearchAction\",\"target\":{\"@type\":\"EntryPoint\",\"urlTemplate\":\"https:\\\/\\\/nordlinepaadid.ee\\\/et\\\/?s={search_term_string}\"},\"query-input\":{\"@type\":\"PropertyValueSpecification\",\"valueRequired\":true,\"valueName\":\"search_term_string\"}}],\"inLanguage\":\"et\"},{\"@type\":\"Organization\",\"@id\":\"https:\\\/\\\/nordlinepaadid.ee\\\/et\\\/#organization\",\"name\":\"Nordlineboats\",\"url\":\"https:\\\/\\\/nordlinepaadid.ee\\\/et\\\/\",\"logo\":{\"@type\":\"ImageObject\",\"inLanguage\":\"et\",\"@id\":\"https:\\\/\\\/nordlinepaadid.ee\\\/et\\\/#\\\/schema\\\/logo\\\/image\\\/\",\"url\":\"https:\\\/\\\/nordlinepaadid.ee\\\/wp-content\\\/uploads\\\/2023\\\/01\\\/fulllogo_transparent_nobuffer-e1672750475494.png\",\"contentUrl\":\"https:\\\/\\\/nordlinepaadid.ee\\\/wp-content\\\/uploads\\\/2023\\\/01\\\/fulllogo_transparent_nobuffer-e1672750475494.png\",\"width\":150,\"height\":119,\"caption\":\"Nordlineboats\"},\"image\":{\"@id\":\"https:\\\/\\\/nordlinepaadid.ee\\\/et\\\/#\\\/schema\\\/logo\\\/image\\\/\"},\"sameAs\":[\"https:\\\/\\\/www.facebook.com\\\/nordlineboats\",\"https:\\\/\\\/www.youtube.com\\\/channel\\\/UCbgF0fy02y3QkFnujaLTaCA\"]}]}<\/script>\n<!-- \/ Yoast SEO plugin. -->","yoast_head_json":{"title":"Minn Kota ULTERRA QUEST 90\/115LBS 152cm 24\/36V with sonar","description":"Ulterra suurim erip\u00e4ra on Auto Stow & Deploy funktsioon \u2013 mootorit saab veest v\u00e4lja t\u00f5sta v\u00f5i vette lasta lihtsalt nupuvajutusega puldilt v\u00f5i pedaalilt.","robots":{"index":"index","follow":"follow","max-snippet":"max-snippet:-1","max-image-preview":"max-image-preview:large","max-video-preview":"max-video-preview:-1"},"canonical":"https:\/\/nordlinepaadid.ee\/et\/pood\/voorimootorid\/minn-kota-ulterra\/minn-kota-ulterra-quest-90-115lbs-152cm-24-36v-with-sonar\/","og_locale":"et_EE","og_type":"article","og_title":"Minn Kota ULTERRA QUEST 90\/115LBS 152cm 24\/36V with sonar","og_description":"Ulterra suurim erip\u00e4ra on Auto Stow & Deploy funktsioon \u2013 mootorit saab veest v\u00e4lja t\u00f5sta v\u00f5i vette lasta lihtsalt nupuvajutusega puldilt v\u00f5i pedaalilt.","og_url":"https:\/\/nordlinepaadid.ee\/et\/pood\/voorimootorid\/minn-kota-ulterra\/minn-kota-ulterra-quest-90-115lbs-152cm-24-36v-with-sonar\/","og_site_name":"NORDLINE s\u00f5udepaadid ja mootorpaadid. Klaasfiiber materjalist.","article_publisher":"https:\/\/www.facebook.com\/nordlineboats","article_modified_time":"2026-03-04T08:24:18+00:00","og_image":[{"width":828,"height":828,"url":"https:\/\/nordlinepaadid.ee\/wp-content\/uploads\/2026\/03\/Paadi-voorimootor-Minn-Kota-Ulterra.webp","type":"image\/webp"}],"twitter_card":"summary_large_image","twitter_misc":{"Est. reading time":"4 minutit"},"schema":{"@context":"https:\/\/schema.org","@graph":[{"@type":"WebPage","@id":"https:\/\/nordlinepaadid.ee\/et\/pood\/voorimootorid\/minn-kota-ulterra\/minn-kota-ulterra-quest-90-115lbs-152cm-24-36v-with-sonar\/","url":"https:\/\/nordlinepaadid.ee\/et\/pood\/voorimootorid\/minn-kota-ulterra\/minn-kota-ulterra-quest-90-115lbs-152cm-24-36v-with-sonar\/","name":"Minn Kota ULTERRA QUEST 90\/115LBS 152cm 24\/36V with sonar","isPartOf":{"@id":"https:\/\/nordlinepaadid.ee\/et\/#website"},"primaryImageOfPage":{"@id":"https:\/\/nordlinepaadid.ee\/et\/pood\/voorimootorid\/minn-kota-ulterra\/minn-kota-ulterra-quest-90-115lbs-152cm-24-36v-with-sonar\/#primaryimage"},"image":{"@id":"https:\/\/nordlinepaadid.ee\/et\/pood\/voorimootorid\/minn-kota-ulterra\/minn-kota-ulterra-quest-90-115lbs-152cm-24-36v-with-sonar\/#primaryimage"},"thumbnailUrl":"https:\/\/nordlinepaadid.ee\/wp-content\/uploads\/2026\/03\/Paadi-voorimootor-Minn-Kota-Ulterra.webp","datePublished":"2026-03-04T08:19:36+00:00","dateModified":"2026-03-04T08:24:18+00:00","description":"Ulterra suurim erip\u00e4ra on Auto Stow & Deploy funktsioon \u2013 mootorit saab veest v\u00e4lja t\u00f5sta v\u00f5i vette lasta lihtsalt nupuvajutusega puldilt v\u00f5i pedaalilt.","breadcrumb":{"@id":"https:\/\/nordlinepaadid.ee\/et\/pood\/voorimootorid\/minn-kota-ulterra\/minn-kota-ulterra-quest-90-115lbs-152cm-24-36v-with-sonar\/#breadcrumb"},"inLanguage":"et","potentialAction":[{"@type":"ReadAction","target":["https:\/\/nordlinepaadid.ee\/et\/pood\/voorimootorid\/minn-kota-ulterra\/minn-kota-ulterra-quest-90-115lbs-152cm-24-36v-with-sonar\/"]}]},{"@type":"ImageObject","inLanguage":"et","@id":"https:\/\/nordlinepaadid.ee\/et\/pood\/voorimootorid\/minn-kota-ulterra\/minn-kota-ulterra-quest-90-115lbs-152cm-24-36v-with-sonar\/#primaryimage","url":"https:\/\/nordlinepaadid.ee\/wp-content\/uploads\/2026\/03\/Paadi-voorimootor-Minn-Kota-Ulterra.webp","contentUrl":"https:\/\/nordlinepaadid.ee\/wp-content\/uploads\/2026\/03\/Paadi-voorimootor-Minn-Kota-Ulterra.webp","width":828,"height":828,"caption":"Paadi v\u00f6\u00f6rimootor Minn Kota Ulterra"},{"@type":"BreadcrumbList","@id":"https:\/\/nordlinepaadid.ee\/et\/pood\/voorimootorid\/minn-kota-ulterra\/minn-kota-ulterra-quest-90-115lbs-152cm-24-36v-with-sonar\/#breadcrumb","itemListElement":[{"@type":"ListItem","position":1,"name":"Home","item":"https:\/\/nordlinepaadid.ee\/et\/"},{"@type":"ListItem","position":2,"name":"Pood","item":"https:\/\/nordlinepaadid.ee\/et\/pood\/"},{"@type":"ListItem","position":3,"name":"Minn Kota ULTERRA QUEST 90\/115LBS 152cm 24\/36V with sonar MSI Brushless"}]},{"@type":"WebSite","@id":"https:\/\/nordlinepaadid.ee\/et\/#website","url":"https:\/\/nordlinepaadid.ee\/et\/","name":"NORDLINE s\u00f5udepaadid ja mootorpaadid. Klaasfiiber materjalist.","description":"","publisher":{"@id":"https:\/\/nordlinepaadid.ee\/et\/#organization"},"potentialAction":[{"@type":"SearchAction","target":{"@type":"EntryPoint","urlTemplate":"https:\/\/nordlinepaadid.ee\/et\/?s={search_term_string}"},"query-input":{"@type":"PropertyValueSpecification","valueRequired":true,"valueName":"search_term_string"}}],"inLanguage":"et"},{"@type":"Organization","@id":"https:\/\/nordlinepaadid.ee\/et\/#organization","name":"Nordlineboats","url":"https:\/\/nordlinepaadid.ee\/et\/","logo":{"@type":"ImageObject","inLanguage":"et","@id":"https:\/\/nordlinepaadid.ee\/et\/#\/schema\/logo\/image\/","url":"https:\/\/nordlinepaadid.ee\/wp-content\/uploads\/2023\/01\/fulllogo_transparent_nobuffer-e1672750475494.png","contentUrl":"https:\/\/nordlinepaadid.ee\/wp-content\/uploads\/2023\/01\/fulllogo_transparent_nobuffer-e1672750475494.png","width":150,"height":119,"caption":"Nordlineboats"},"image":{"@id":"https:\/\/nordlinepaadid.ee\/et\/#\/schema\/logo\/image\/"},"sameAs":["https:\/\/www.facebook.com\/nordlineboats","https:\/\/www.youtube.com\/channel\/UCbgF0fy02y3QkFnujaLTaCA"]}]}},"taxonomy_info":{"product_brand":[{"value":1869,"label":"Minn Kota"}],"product_cat":[{"value":343,"label":"ELEKTRILISED PAADIMOOTORID"},{"value":1874,"label":"Minn Kota Ulterra"},{"value":1873,"label":"V\u00d6\u00d6RIMOOTORID"}]},"featured_image_src_large":["https:\/\/nordlinepaadid.ee\/wp-content\/uploads\/2026\/03\/Paadi-voorimootor-Minn-Kota-Ulterra.webp",828,828,false],"author_info":[],"comment_info":"","_links":{"self":[{"href":"https:\/\/nordlinepaadid.ee\/et\/wp-json\/wp\/v2\/product\/56933","targetHints":{"allow":["GET"]}}],"collection":[{"href":"https:\/\/nordlinepaadid.ee\/et\/wp-json\/wp\/v2\/product"}],"about":[{"href":"https:\/\/nordlinepaadid.ee\/et\/wp-json\/wp\/v2\/types\/product"}],"wp:featuredmedia":[{"embeddable":true,"href":"https:\/\/nordlinepaadid.ee\/et\/wp-json\/wp\/v2\/media\/56907"}],"wp:attachment":[{"href":"https:\/\/nordlinepaadid.ee\/et\/wp-json\/wp\/v2\/media?parent=56933"}],"wp:term":[{"taxonomy":"product_brand","embeddable":true,"href":"https:\/\/nordlinepaadid.ee\/et\/wp-json\/wp\/v2\/product_brand?post=56933"},{"taxonomy":"product_cat","embeddable":true,"href":"https:\/\/nordlinepaadid.ee\/et\/wp-json\/wp\/v2\/product_cat?post=56933"},{"taxonomy":"product_tag","embeddable":true,"href":"https:\/\/nordlinepaadid.ee\/et\/wp-json\/wp\/v2\/product_tag?post=56933"}],"curies":[{"name":"wp","href":"https:\/\/api.w.org\/{rel}","templated":true}]}}