{"id":56937,"date":"2026-03-04T10:27:51","date_gmt":"2026-03-04T08:27:51","guid":{"rendered":"https:\/\/nordlinepaadid.ee\/?post_type=product&#038;p=56937"},"modified":"2026-03-04T10:42:01","modified_gmt":"2026-03-04T08:42:01","slug":"voorimootor-minn-kota-terrova-55-wr-54-12v","status":"publish","type":"product","link":"https:\/\/nordlinepaadid.ee\/et\/pood\/voorimootorid\/voorimootorid-minn-kota-terrova\/voorimootor-minn-kota-terrova-55-wr-54-12v\/","title":{"rendered":"Minn Kota TERROVA 55\/WR"},"content":{"rendered":"<h1 data-start=\"47\" data-end=\"671\"><strong data-start=\"47\" data-end=\"71\">V\u00f6\u00f6rimootor Minn Kota Terrova 55\/WR 54&#8243; (12V)<\/strong><\/h1>\n<p data-start=\"42\" data-end=\"745\"><strong data-start=\"42\" data-end=\"79\">Minn Kota Terrova 55\/WR 54&#8243; (12V)<\/strong> on t\u00f6\u00f6kindel v\u00f6\u00f6rimootor, mis pakub <strong data-start=\"116\" data-end=\"145\">55 lb (\u224825 kg) t\u00f5ukej\u00f5udu<\/strong> ning on m\u00f5eldud t\u00e4pseks paadi juhtimiseks kalastamisel. Mootor kasutab Minn Kota <strong data-start=\"227\" data-end=\"259\">Advanced GPS Trolling System <\/strong>tehnoloogiat, mis v\u00f5imaldab paati automaatselt positsioneerida, kasutada Spot-Lock GPS ankru funktsiooni ning salvestada marsruute. Juhtimine toimub mugavalt <strong data-start=\"418\" data-end=\"444\">juhtmevaba puldi kaudu<\/strong>, mis annab kalastajale t\u00e4ieliku kontrolli paadi liikumise \u00fcle \u00fcksk\u00f5ik kust paadis. Terrova seeria on tuntud oma t\u00f6\u00f6kindluse ja lihtsa k\u00e4sitsemise poolest ning seda peetakse \u00fcheks k\u00f5ige populaarsemaks v\u00f6\u00f6rimootoriks kalastajate seas.<\/p>\n<p>Vaata ka erinevate Minn Kota mudelite omaduste <strong><a href=\"https:\/\/nordlinepaadid.ee\/et\/minn-kota-elektriliste-paadimootorite-vordlustabel\/\" target=\"_blank\" rel=\"noopener\">v\u00f5rdlustabelit<\/a><\/strong>.<\/p>\n<p data-start=\"0\" data-end=\"170\"><strong data-start=\"0\" data-end=\"60\">Stow\/Deploy Lever \u2013 vette laskmise ja \u00fcles t\u00f5stmise hoob<\/strong><br data-start=\"60\" data-end=\"63\" \/>Vajuta seda hooba kinnitusel ning spetsiaalsed kaldteed lasevad trolling-mootori sujuvalt ja vaevata vette.<\/p>\n<p data-start=\"172\" data-end=\"643\"><strong data-start=\"172\" data-end=\"231\">Advanced GPS Trolling System \u2013 t\u00e4iustatud GPS-juhtimine<\/strong><br data-start=\"231\" data-end=\"234\" \/>\u00dcks kalastajate seas k\u00f5ige usaldusv\u00e4\u00e4rsemaid navigatsioonis\u00fcsteeme. Terrova kasutab GPS-i, et juhtida trolling-mootorit ja hoida sind t\u00e4pselt kala peal. Saad kasutada Spot-Lock funktsiooni, salvestada marsruute, kontrollida kiirust ja roolimist ning palju muud. Minn Kota muudab paadi positsioneerimise ja juhtimise automaatseks ning seda saab juhtida Terrova juhtmevaba puldi selgelt loetavalt LCD-ekraanilt.<\/p>\n<p data-start=\"645\" data-end=\"913\"><strong data-start=\"645\" data-end=\"680\">Osa One-Boat Network s\u00fcsteemist<\/strong><br data-start=\"680\" data-end=\"683\" \/>Minn Kota mootorid on standardvarustuses valmis \u00fchenduma valitud kajaloodidega. Saad \u00fchendada ja juhtida trolling-mootorit, madala vee ankruid ja kajaloodi One-Boat Network rakenduse kaudu Apple\u00ae v\u00f5i Android\u2122 seadmetes.<\/p>\n<p data-start=\"915\" data-end=\"1258\"><strong data-start=\"915\" data-end=\"951\">Spot-Lock koos Jog funktsiooniga<\/strong><br data-start=\"951\" data-end=\"954\" \/>Spot-Lock hoiab paadi paigal v\u00e4ga t\u00e4pse GPS-positsioneerimisega. See v\u00f5imaldab p\u00fcsida t\u00e4pselt produktiivse kalastuskoha kohal ilma mootorit k\u00e4sitsi juhtimata. Komplekti kuuluva suunaanduri abil saab Jog funktsiooniga nihutada Spot-Lock positsiooni umbes <strong data-start=\"1208\" data-end=\"1233\">1,5 meetrit (5 jalga)<\/strong> \u00fcksk\u00f5ik millises suunas.<\/p>\n<p data-start=\"1260\" data-end=\"1517\"><strong data-start=\"1260\" data-end=\"1289\">Drift Mode \u2013 triivire\u017eiim<\/strong><br data-start=\"1289\" data-end=\"1292\" \/>See funktsioon juhib automaatselt korraga nii kiirust kui ka suunda. Kalastajad ei pea enam kasutama triivisokke, lisamootoreid ega k\u00e4sitsi juhtimist, et kontrollida paadi liikumiskiirust \u2013 isegi tugeva tuule ja voolu korral.<\/p>\n<p data-start=\"1519\" data-end=\"1764\"><strong data-start=\"1519\" data-end=\"1541\">Digital Maximizer\u2122<\/strong><br data-start=\"1541\" data-end=\"1544\" \/>Tagab kuni <strong data-start=\"1555\" data-end=\"1600\">5 korda pikema t\u00f6\u00f6aja \u00fche aku laadimisega<\/strong>. Muutuva kiirusega trolling-mootorid v\u00f5imaldavad valida t\u00e4pse kiiruse ja kasutavad ainult nii palju energiat kui vaja, aidates s\u00e4\u00e4sta akut terveks kalastusp\u00e4evaks.<\/p>\n<p data-start=\"1766\" data-end=\"2016\"><strong data-start=\"1766\" data-end=\"1797\">Weedless Wedge\u2122 2 propeller<\/strong><br data-start=\"1797\" data-end=\"1800\" \/>Tahapoole kalduvate ja laienevate labadega propeller, mis liigub t\u00f5husalt l\u00e4bi taimestiku ilma akut kulutava \u201ehakkimise ja l\u00f5ikamiseta\u201c. Weedless Wedge\u2122 2 on \u00fcks kalastajate seas k\u00f5ige usaldusv\u00e4\u00e4rsemaid propellereid.<\/p>\n<p data-start=\"2018\" data-end=\"2216\"><strong data-start=\"2018\" data-end=\"2068\">Purunematu komposiitvars \u2013 eluaegse garantiiga<\/strong><br data-start=\"2068\" data-end=\"2071\" \/>Minn Kota trolling-mootori keskmes on purunematu komposiitvars. See on Minn Kota eksklusiivne lahendus ning sellele kehtib <strong data-start=\"2194\" data-end=\"2215\">eluaegne garantii<\/strong>.<\/p>\n<h3 data-start=\"2394\" data-end=\"2406\">Garantii<\/h3>\n<p data-start=\"2407\" data-end=\"2457\" data-is-last-node=\"\" data-is-only-node=\"\"><strong data-start=\"2407\" data-end=\"2457\" data-is-last-node=\"\">3-aastane piiratud garantii (registreerimisel)<\/strong><\/p>\n<p data-start=\"4098\" data-end=\"4148\" data-is-last-node=\"\" data-is-only-node=\"\">Loe t\u00e4psemat kirjeldust tootja kodulehel <a href=\"https:\/\/minnkota.johnsonoutdoors.com\/us\/shop\/freshwater-trolling-motors\/terrova\/1358350\" target=\"_blank\" rel=\"noopener\"><strong>Minn Kota Terrova<\/strong><\/a><\/p>\n","protected":false},"excerpt":{"rendered":"<p data-start=\"115\" data-end=\"231\"><strong data-start=\"115\" data-end=\"132\">Kasutamiseks:<\/strong> magevees<br data-start=\"141\" data-end=\"144\" \/><strong data-start=\"144\" data-end=\"161\">Varre pikkus:<\/strong> 54 in (137 cm)<br data-start=\"176\" data-end=\"179\" \/><strong data-start=\"179\" data-end=\"205\">Maksimaalne t\u00f5ukej\u00f5ud:<\/strong> 55 lb<br data-start=\"211\" data-end=\"214\" \/><strong data-start=\"214\" data-end=\"224\">Pinge:<\/strong> 12 V<br \/>\n<strong data-start=\"327\" data-end=\"336\">Kaal:<\/strong> 41 lb | 18,6 kg<br \/>\n<strong data-start=\"356\" data-end=\"387\">One-Boat Network \u00fchilduvus:<\/strong> jah<br data-start=\"391\" data-end=\"394\" \/><strong data-start=\"394\" data-end=\"408\">Spot-Lock:<\/strong> jah<br \/>\n<strong data-start=\"459\" data-end=\"473\">Juhtimine:<\/strong> juhtmevaba pult<br \/>\n<strong data-start=\"586\" data-end=\"605\">Power Steering:<\/strong> jah<br data-start=\"609\" data-end=\"612\" \/><strong data-start=\"681\" data-end=\"695\">AutoPilot:<\/strong> jah<br data-start=\"699\" data-end=\"702\" \/><strong data-start=\"721\" data-end=\"734\">Kiirused:<\/strong> muutuva kiirusega<br data-start=\"752\" data-end=\"755\" \/><strong data-start=\"755\" data-end=\"777\">Digital Maximizer:<\/strong> jah<br data-start=\"781\" data-end=\"784\" \/><strong data-start=\"784\" data-end=\"811\">Aku laetuse indikaator:<\/strong> jah<br data-start=\"815\" data-end=\"818\" \/><strong data-start=\"818\" data-end=\"845\">Maksimaalne voolutarve:<\/strong> 50 A<br \/>\n<strong data-start=\"1026\" data-end=\"1039\">Garantii:<\/strong> 3 aastat (registreerimisel)<\/p>\n","protected":false},"featured_media":56939,"template":"","meta":{"_kad_blocks_custom_css":"","_kad_blocks_head_custom_js":"","_kad_blocks_body_custom_js":"","_kad_blocks_footer_custom_js":"","_kad_post_transparent":"default","_kad_post_title":"","_kad_post_layout":"default","_kad_post_sidebar_id":"","_kad_post_content_style":"default","_kad_post_vertical_padding":"default","_kad_post_feature":"","_kad_post_feature_position":"","_kad_post_header":false,"_kad_post_footer":false,"_kad_post_classname":""},"product_brand":[1869],"product_cat":[1875,1873],"product_tag":[],"class_list":{"0":"post-56937","1":"product","2":"type-product","3":"status-publish","4":"has-post-thumbnail","6":"product_brand-minn-kota","7":"product_cat-voorimootorid-minn-kota-terrova","8":"product_cat-voorimootorid","9":"product_shipping_class-euroalusele-mahtuv-kaup","10":"tm-no-options","12":"first","13":"onbackorder","14":"sale","15":"taxable","16":"shipping-taxable","17":"purchasable","18":"product-type-simple","19":"entry","20":"content-bg","21":"loop-entry"},"yoast_head":"<!-- This site is optimized with the Yoast SEO plugin v27.3 - https:\/\/yoast.com\/product\/yoast-seo-wordpress\/ -->\n<title>V\u00f6\u00f6rimootor Minn Kota Terrova 55\/WR 54&quot; (12V)<\/title>\n<meta name=\"description\" content=\"Spot-Lock GPS, juhtmevaba pult ja Digital Maximizer tagavad t\u00e4pse ja energias\u00e4\u00e4stliku paadi juhtimise. Hinnatud mootor kalastamisel.\" \/>\n<meta name=\"robots\" content=\"index, follow, max-snippet:-1, max-image-preview:large, max-video-preview:-1\" \/>\n<link rel=\"canonical\" href=\"https:\/\/nordlinepaadid.ee\/et\/pood\/voorimootorid\/voorimootorid-minn-kota-terrova\/voorimootor-minn-kota-terrova-55-wr-54-12v\/\" \/>\n<meta property=\"og:locale\" content=\"et_EE\" \/>\n<meta property=\"og:type\" content=\"article\" \/>\n<meta property=\"og:title\" content=\"V\u00f6\u00f6rimootor Minn Kota Terrova 55\/WR 54&quot; (12V)\" \/>\n<meta property=\"og:description\" content=\"Spot-Lock GPS, juhtmevaba pult ja Digital Maximizer tagavad t\u00e4pse ja energias\u00e4\u00e4stliku paadi juhtimise. Hinnatud mootor kalastamisel.\" \/>\n<meta property=\"og:url\" content=\"https:\/\/nordlinepaadid.ee\/et\/pood\/voorimootorid\/voorimootorid-minn-kota-terrova\/voorimootor-minn-kota-terrova-55-wr-54-12v\/\" \/>\n<meta property=\"og:site_name\" content=\"NORDLINE s\u00f5udepaadid ja mootorpaadid. Klaasfiiber materjalist.\" \/>\n<meta property=\"article:publisher\" content=\"https:\/\/www.facebook.com\/nordlineboats\" \/>\n<meta property=\"article:modified_time\" content=\"2026-03-04T08:42:01+00:00\" \/>\n<meta property=\"og:image\" content=\"https:\/\/nordlinepaadid.ee\/wp-content\/uploads\/2026\/03\/Voorimootor-Minn-Kota-Terrova-.webp\" \/>\n\t<meta property=\"og:image:width\" content=\"828\" \/>\n\t<meta property=\"og:image:height\" content=\"828\" \/>\n\t<meta property=\"og:image:type\" content=\"image\/webp\" \/>\n<meta name=\"twitter:card\" content=\"summary_large_image\" \/>\n<meta name=\"twitter:label1\" content=\"Est. reading time\" \/>\n\t<meta name=\"twitter:data1\" content=\"3 minutit\" \/>\n<script type=\"application\/ld+json\" class=\"yoast-schema-graph\">{\"@context\":\"https:\\\/\\\/schema.org\",\"@graph\":[{\"@type\":\"WebPage\",\"@id\":\"https:\\\/\\\/nordlinepaadid.ee\\\/et\\\/pood\\\/voorimootorid\\\/voorimootorid-minn-kota-terrova\\\/voorimootor-minn-kota-terrova-55-wr-54-12v\\\/\",\"url\":\"https:\\\/\\\/nordlinepaadid.ee\\\/et\\\/pood\\\/voorimootorid\\\/voorimootorid-minn-kota-terrova\\\/voorimootor-minn-kota-terrova-55-wr-54-12v\\\/\",\"name\":\"V\u00f6\u00f6rimootor Minn Kota Terrova 55\\\/WR 54\\\" (12V)\",\"isPartOf\":{\"@id\":\"https:\\\/\\\/nordlinepaadid.ee\\\/et\\\/#website\"},\"primaryImageOfPage\":{\"@id\":\"https:\\\/\\\/nordlinepaadid.ee\\\/et\\\/pood\\\/voorimootorid\\\/voorimootorid-minn-kota-terrova\\\/voorimootor-minn-kota-terrova-55-wr-54-12v\\\/#primaryimage\"},\"image\":{\"@id\":\"https:\\\/\\\/nordlinepaadid.ee\\\/et\\\/pood\\\/voorimootorid\\\/voorimootorid-minn-kota-terrova\\\/voorimootor-minn-kota-terrova-55-wr-54-12v\\\/#primaryimage\"},\"thumbnailUrl\":\"https:\\\/\\\/nordlinepaadid.ee\\\/wp-content\\\/uploads\\\/2026\\\/03\\\/Voorimootor-Minn-Kota-Terrova-.webp\",\"datePublished\":\"2026-03-04T08:27:51+00:00\",\"dateModified\":\"2026-03-04T08:42:01+00:00\",\"description\":\"Spot-Lock GPS, juhtmevaba pult ja Digital Maximizer tagavad t\u00e4pse ja energias\u00e4\u00e4stliku paadi juhtimise. Hinnatud mootor kalastamisel.\",\"breadcrumb\":{\"@id\":\"https:\\\/\\\/nordlinepaadid.ee\\\/et\\\/pood\\\/voorimootorid\\\/voorimootorid-minn-kota-terrova\\\/voorimootor-minn-kota-terrova-55-wr-54-12v\\\/#breadcrumb\"},\"inLanguage\":\"et\",\"potentialAction\":[{\"@type\":\"ReadAction\",\"target\":[\"https:\\\/\\\/nordlinepaadid.ee\\\/et\\\/pood\\\/voorimootorid\\\/voorimootorid-minn-kota-terrova\\\/voorimootor-minn-kota-terrova-55-wr-54-12v\\\/\"]}]},{\"@type\":\"ImageObject\",\"inLanguage\":\"et\",\"@id\":\"https:\\\/\\\/nordlinepaadid.ee\\\/et\\\/pood\\\/voorimootorid\\\/voorimootorid-minn-kota-terrova\\\/voorimootor-minn-kota-terrova-55-wr-54-12v\\\/#primaryimage\",\"url\":\"https:\\\/\\\/nordlinepaadid.ee\\\/wp-content\\\/uploads\\\/2026\\\/03\\\/Voorimootor-Minn-Kota-Terrova-.webp\",\"contentUrl\":\"https:\\\/\\\/nordlinepaadid.ee\\\/wp-content\\\/uploads\\\/2026\\\/03\\\/Voorimootor-Minn-Kota-Terrova-.webp\",\"width\":828,\"height\":828,\"caption\":\"V\u00f6\u00f6rimootor Minn Kota Terrova\"},{\"@type\":\"BreadcrumbList\",\"@id\":\"https:\\\/\\\/nordlinepaadid.ee\\\/et\\\/pood\\\/voorimootorid\\\/voorimootorid-minn-kota-terrova\\\/voorimootor-minn-kota-terrova-55-wr-54-12v\\\/#breadcrumb\",\"itemListElement\":[{\"@type\":\"ListItem\",\"position\":1,\"name\":\"Home\",\"item\":\"https:\\\/\\\/nordlinepaadid.ee\\\/et\\\/\"},{\"@type\":\"ListItem\",\"position\":2,\"name\":\"Pood\",\"item\":\"https:\\\/\\\/nordlinepaadid.ee\\\/et\\\/pood\\\/\"},{\"@type\":\"ListItem\",\"position\":3,\"name\":\"Minn Kota TERROVA 55\\\/WR\"}]},{\"@type\":\"WebSite\",\"@id\":\"https:\\\/\\\/nordlinepaadid.ee\\\/et\\\/#website\",\"url\":\"https:\\\/\\\/nordlinepaadid.ee\\\/et\\\/\",\"name\":\"NORDLINE s\u00f5udepaadid ja mootorpaadid. Klaasfiiber materjalist.\",\"description\":\"\",\"publisher\":{\"@id\":\"https:\\\/\\\/nordlinepaadid.ee\\\/et\\\/#organization\"},\"potentialAction\":[{\"@type\":\"SearchAction\",\"target\":{\"@type\":\"EntryPoint\",\"urlTemplate\":\"https:\\\/\\\/nordlinepaadid.ee\\\/et\\\/?s={search_term_string}\"},\"query-input\":{\"@type\":\"PropertyValueSpecification\",\"valueRequired\":true,\"valueName\":\"search_term_string\"}}],\"inLanguage\":\"et\"},{\"@type\":\"Organization\",\"@id\":\"https:\\\/\\\/nordlinepaadid.ee\\\/et\\\/#organization\",\"name\":\"Nordlineboats\",\"url\":\"https:\\\/\\\/nordlinepaadid.ee\\\/et\\\/\",\"logo\":{\"@type\":\"ImageObject\",\"inLanguage\":\"et\",\"@id\":\"https:\\\/\\\/nordlinepaadid.ee\\\/et\\\/#\\\/schema\\\/logo\\\/image\\\/\",\"url\":\"https:\\\/\\\/nordlinepaadid.ee\\\/wp-content\\\/uploads\\\/2023\\\/01\\\/fulllogo_transparent_nobuffer-e1672750475494.png\",\"contentUrl\":\"https:\\\/\\\/nordlinepaadid.ee\\\/wp-content\\\/uploads\\\/2023\\\/01\\\/fulllogo_transparent_nobuffer-e1672750475494.png\",\"width\":150,\"height\":119,\"caption\":\"Nordlineboats\"},\"image\":{\"@id\":\"https:\\\/\\\/nordlinepaadid.ee\\\/et\\\/#\\\/schema\\\/logo\\\/image\\\/\"},\"sameAs\":[\"https:\\\/\\\/www.facebook.com\\\/nordlineboats\",\"https:\\\/\\\/www.youtube.com\\\/channel\\\/UCbgF0fy02y3QkFnujaLTaCA\"]}]}<\/script>\n<!-- \/ Yoast SEO plugin. -->","yoast_head_json":{"title":"V\u00f6\u00f6rimootor Minn Kota Terrova 55\/WR 54\" (12V)","description":"Spot-Lock GPS, juhtmevaba pult ja Digital Maximizer tagavad t\u00e4pse ja energias\u00e4\u00e4stliku paadi juhtimise. Hinnatud mootor kalastamisel.","robots":{"index":"index","follow":"follow","max-snippet":"max-snippet:-1","max-image-preview":"max-image-preview:large","max-video-preview":"max-video-preview:-1"},"canonical":"https:\/\/nordlinepaadid.ee\/et\/pood\/voorimootorid\/voorimootorid-minn-kota-terrova\/voorimootor-minn-kota-terrova-55-wr-54-12v\/","og_locale":"et_EE","og_type":"article","og_title":"V\u00f6\u00f6rimootor Minn Kota Terrova 55\/WR 54\" (12V)","og_description":"Spot-Lock GPS, juhtmevaba pult ja Digital Maximizer tagavad t\u00e4pse ja energias\u00e4\u00e4stliku paadi juhtimise. Hinnatud mootor kalastamisel.","og_url":"https:\/\/nordlinepaadid.ee\/et\/pood\/voorimootorid\/voorimootorid-minn-kota-terrova\/voorimootor-minn-kota-terrova-55-wr-54-12v\/","og_site_name":"NORDLINE s\u00f5udepaadid ja mootorpaadid. Klaasfiiber materjalist.","article_publisher":"https:\/\/www.facebook.com\/nordlineboats","article_modified_time":"2026-03-04T08:42:01+00:00","og_image":[{"width":828,"height":828,"url":"https:\/\/nordlinepaadid.ee\/wp-content\/uploads\/2026\/03\/Voorimootor-Minn-Kota-Terrova-.webp","type":"image\/webp"}],"twitter_card":"summary_large_image","twitter_misc":{"Est. reading time":"3 minutit"},"schema":{"@context":"https:\/\/schema.org","@graph":[{"@type":"WebPage","@id":"https:\/\/nordlinepaadid.ee\/et\/pood\/voorimootorid\/voorimootorid-minn-kota-terrova\/voorimootor-minn-kota-terrova-55-wr-54-12v\/","url":"https:\/\/nordlinepaadid.ee\/et\/pood\/voorimootorid\/voorimootorid-minn-kota-terrova\/voorimootor-minn-kota-terrova-55-wr-54-12v\/","name":"V\u00f6\u00f6rimootor Minn Kota Terrova 55\/WR 54\" (12V)","isPartOf":{"@id":"https:\/\/nordlinepaadid.ee\/et\/#website"},"primaryImageOfPage":{"@id":"https:\/\/nordlinepaadid.ee\/et\/pood\/voorimootorid\/voorimootorid-minn-kota-terrova\/voorimootor-minn-kota-terrova-55-wr-54-12v\/#primaryimage"},"image":{"@id":"https:\/\/nordlinepaadid.ee\/et\/pood\/voorimootorid\/voorimootorid-minn-kota-terrova\/voorimootor-minn-kota-terrova-55-wr-54-12v\/#primaryimage"},"thumbnailUrl":"https:\/\/nordlinepaadid.ee\/wp-content\/uploads\/2026\/03\/Voorimootor-Minn-Kota-Terrova-.webp","datePublished":"2026-03-04T08:27:51+00:00","dateModified":"2026-03-04T08:42:01+00:00","description":"Spot-Lock GPS, juhtmevaba pult ja Digital Maximizer tagavad t\u00e4pse ja energias\u00e4\u00e4stliku paadi juhtimise. Hinnatud mootor kalastamisel.","breadcrumb":{"@id":"https:\/\/nordlinepaadid.ee\/et\/pood\/voorimootorid\/voorimootorid-minn-kota-terrova\/voorimootor-minn-kota-terrova-55-wr-54-12v\/#breadcrumb"},"inLanguage":"et","potentialAction":[{"@type":"ReadAction","target":["https:\/\/nordlinepaadid.ee\/et\/pood\/voorimootorid\/voorimootorid-minn-kota-terrova\/voorimootor-minn-kota-terrova-55-wr-54-12v\/"]}]},{"@type":"ImageObject","inLanguage":"et","@id":"https:\/\/nordlinepaadid.ee\/et\/pood\/voorimootorid\/voorimootorid-minn-kota-terrova\/voorimootor-minn-kota-terrova-55-wr-54-12v\/#primaryimage","url":"https:\/\/nordlinepaadid.ee\/wp-content\/uploads\/2026\/03\/Voorimootor-Minn-Kota-Terrova-.webp","contentUrl":"https:\/\/nordlinepaadid.ee\/wp-content\/uploads\/2026\/03\/Voorimootor-Minn-Kota-Terrova-.webp","width":828,"height":828,"caption":"V\u00f6\u00f6rimootor Minn Kota Terrova"},{"@type":"BreadcrumbList","@id":"https:\/\/nordlinepaadid.ee\/et\/pood\/voorimootorid\/voorimootorid-minn-kota-terrova\/voorimootor-minn-kota-terrova-55-wr-54-12v\/#breadcrumb","itemListElement":[{"@type":"ListItem","position":1,"name":"Home","item":"https:\/\/nordlinepaadid.ee\/et\/"},{"@type":"ListItem","position":2,"name":"Pood","item":"https:\/\/nordlinepaadid.ee\/et\/pood\/"},{"@type":"ListItem","position":3,"name":"Minn Kota TERROVA 55\/WR"}]},{"@type":"WebSite","@id":"https:\/\/nordlinepaadid.ee\/et\/#website","url":"https:\/\/nordlinepaadid.ee\/et\/","name":"NORDLINE s\u00f5udepaadid ja mootorpaadid. Klaasfiiber materjalist.","description":"","publisher":{"@id":"https:\/\/nordlinepaadid.ee\/et\/#organization"},"potentialAction":[{"@type":"SearchAction","target":{"@type":"EntryPoint","urlTemplate":"https:\/\/nordlinepaadid.ee\/et\/?s={search_term_string}"},"query-input":{"@type":"PropertyValueSpecification","valueRequired":true,"valueName":"search_term_string"}}],"inLanguage":"et"},{"@type":"Organization","@id":"https:\/\/nordlinepaadid.ee\/et\/#organization","name":"Nordlineboats","url":"https:\/\/nordlinepaadid.ee\/et\/","logo":{"@type":"ImageObject","inLanguage":"et","@id":"https:\/\/nordlinepaadid.ee\/et\/#\/schema\/logo\/image\/","url":"https:\/\/nordlinepaadid.ee\/wp-content\/uploads\/2023\/01\/fulllogo_transparent_nobuffer-e1672750475494.png","contentUrl":"https:\/\/nordlinepaadid.ee\/wp-content\/uploads\/2023\/01\/fulllogo_transparent_nobuffer-e1672750475494.png","width":150,"height":119,"caption":"Nordlineboats"},"image":{"@id":"https:\/\/nordlinepaadid.ee\/et\/#\/schema\/logo\/image\/"},"sameAs":["https:\/\/www.facebook.com\/nordlineboats","https:\/\/www.youtube.com\/channel\/UCbgF0fy02y3QkFnujaLTaCA"]}]}},"taxonomy_info":{"product_brand":[{"value":1869,"label":"Minn Kota"}],"product_cat":[{"value":1875,"label":"Minn Kota Terrova"},{"value":1873,"label":"V\u00d6\u00d6RIMOOTORID"}]},"featured_image_src_large":["https:\/\/nordlinepaadid.ee\/wp-content\/uploads\/2026\/03\/Voorimootor-Minn-Kota-Terrova-.webp",828,828,false],"author_info":[],"comment_info":"","_links":{"self":[{"href":"https:\/\/nordlinepaadid.ee\/et\/wp-json\/wp\/v2\/product\/56937","targetHints":{"allow":["GET"]}}],"collection":[{"href":"https:\/\/nordlinepaadid.ee\/et\/wp-json\/wp\/v2\/product"}],"about":[{"href":"https:\/\/nordlinepaadid.ee\/et\/wp-json\/wp\/v2\/types\/product"}],"wp:featuredmedia":[{"embeddable":true,"href":"https:\/\/nordlinepaadid.ee\/et\/wp-json\/wp\/v2\/media\/56939"}],"wp:attachment":[{"href":"https:\/\/nordlinepaadid.ee\/et\/wp-json\/wp\/v2\/media?parent=56937"}],"wp:term":[{"taxonomy":"product_brand","embeddable":true,"href":"https:\/\/nordlinepaadid.ee\/et\/wp-json\/wp\/v2\/product_brand?post=56937"},{"taxonomy":"product_cat","embeddable":true,"href":"https:\/\/nordlinepaadid.ee\/et\/wp-json\/wp\/v2\/product_cat?post=56937"},{"taxonomy":"product_tag","embeddable":true,"href":"https:\/\/nordlinepaadid.ee\/et\/wp-json\/wp\/v2\/product_tag?post=56937"}],"curies":[{"name":"wp","href":"https:\/\/api.w.org\/{rel}","templated":true}]}}