{"id":56963,"date":"2026-03-04T11:28:04","date_gmt":"2026-03-04T09:28:04","guid":{"rendered":"https:\/\/nordlinepaadid.ee\/?post_type=product&#038;p=56963"},"modified":"2026-03-04T11:41:15","modified_gmt":"2026-03-04T09:41:15","slug":"voorimootor-minn-kota-terrova-quest-90-115-dsc-wr","status":"publish","type":"product","link":"https:\/\/nordlinepaadid.ee\/et\/pood\/voorimootorid\/minn-kota-terrova-quest\/voorimootor-minn-kota-terrova-quest-90-115-dsc-wr\/","title":{"rendered":"Minn Kota TERROVA QUEST 90\/115\/DSC\/WR Dual spectrum CHIRP Brushless"},"content":{"rendered":"<h1 data-start=\"47\" data-end=\"671\"><strong data-start=\"47\" data-end=\"71\">V\u00f6\u00f6rimootor Minn Kota TERROVA QUEST 90\/115\/DSC\/WR Dual spectrum CHIRP Brushless<\/strong><\/h1>\n<p data-start=\"100\" data-end=\"473\"><strong data-start=\"100\" data-end=\"141\">Minn Kota Terrova 90\/115 DSC WR QUEST<\/strong> on uusima p\u00f5lvkonna <strong data-start=\"162\" data-end=\"199\">harjavaba (brushless) v\u00f6\u00f6rimootor<\/strong>, mis pakub kuni <strong data-start=\"216\" data-end=\"246\">115 lb (\u224852 kg) t\u00f5ukej\u00f5udu<\/strong> ja on m\u00f5eldud t\u00e4pseks paadi juhtimiseks kalastamisel. QUEST-seeria mootorid t\u00f6\u00f6tavad <strong data-start=\"332\" data-end=\"360\">24 V v\u00f5i 36 V s\u00fcsteemiga<\/strong> \u2013 24 V puhul annab mootor <strong data-start=\"387\" data-end=\"396\">90 lb<\/strong> ja 36 V puhul <strong data-start=\"411\" data-end=\"432\">115 lb t\u00f5ukej\u00f5udu<\/strong>.<\/p>\n<p data-start=\"475\" data-end=\"853\">Mootor kasutab <strong data-start=\"490\" data-end=\"522\">Advanced GPS Trolling System<\/strong> tehnoloogiat, mis v\u00f5imaldab paati automaatselt positsioneerida, kasutada Spot-Lock GPS ankru funktsiooni, salvestada marsruute ning juhtida kiirust ja suunda. Juhtimine toimub <strong data-start=\"699\" data-end=\"741\">juhtmevaba puldi v\u00f5i jalapedaali kaudu<\/strong>, mis annab t\u00e4ieliku kontrolli paadi liikumise \u00fcle igast paadi punktist.<\/p>\n<p data-start=\"855\" data-end=\"1082\">QUEST seeria harjavaba mootor pakub <strong data-start=\"891\" data-end=\"954\">kuni 30% pikemat t\u00f6\u00f6aega ja kuni 50% suuremat p\u00f6\u00f6rdemomenti<\/strong>, mis teeb selle eriti sobivaks suurematele paatidele ja raskematesse ilmastikuoludesse.<\/p>\n<p>Vaata ka erinevate Minn Kota mudelite omaduste <strong><a href=\"https:\/\/nordlinepaadid.ee\/et\/minn-kota-elektriliste-paadimootorite-vordlustabel\/\" target=\"_blank\" rel=\"noopener\">v\u00f5rdlustabelit<\/a><\/strong>.<\/p>\n<h3 data-start=\"0\" data-end=\"18\">QUEST seeria<\/h3>\n<p data-start=\"19\" data-end=\"350\">Need <strong data-start=\"24\" data-end=\"70\">24\/36 V kahepingelised harjavabad mootorid<\/strong> on t\u00e4ielikult \u00fcmber disainitud \u2013 alates kinnitusest ja propelleritest kuni t\u00f5steabis\u00fcsteemide, ajamimootorite ja tarkvarani. Tulemuseks on trolling-mootorid, mis on loodud \u00fcletama k\u00f5iki teisi vees kasutatavaid lahendusi ning pakkuma tipptasemel j\u00f5udlust ja t\u00f6\u00f6kindlust aastateks.<\/p>\n<hr data-start=\"352\" data-end=\"355\" \/>\n<h3 data-start=\"357\" data-end=\"419\">Stow\/Deploy Lever \u2013 vette laskmise ja \u00fcles t\u00f5stmise hoob<\/h3>\n<p data-start=\"420\" data-end=\"680\">Vajuta seda hooba kinnitusel ning spetsiaalsed kaldteed lasevad trolling-mootori sujuvalt ja vaevata vette. Kui oled valmis liikuma, aitab <strong data-start=\"559\" data-end=\"572\">Auto Park<\/strong> funktsioon mootori automaatselt \u00f5igesse asendisse p\u00f6\u00f6rata, et see saaks h\u00f5lpsalt hoiustamisasendisse t\u00f5sta.<\/p>\n<hr data-start=\"682\" data-end=\"685\" \/>\n<h3 data-start=\"687\" data-end=\"748\">Advanced GPS Trolling System \u2013 t\u00e4iustatud GPS-juhtimine<\/h3>\n<p data-start=\"749\" data-end=\"1160\">\u00dcks kalastajate seas k\u00f5ige usaldusv\u00e4\u00e4rsemaid navigatsioonis\u00fcsteeme. Terrova kasutab GPS-i, et juhtida trolling-mootorit ning hoida sind t\u00e4pselt kalade juures. Saad kasutada Spot-Lock funktsiooni, salvestada marsruute, juhtida kiirust ja roolimist ning palju muud. Minn Kota muudab paadi positsioneerimise ja juhtimise automaatseks ning seda saab juhtida Terrova juhtmevaba puldi selgelt loetavalt LCD-ekraanilt.<\/p>\n<hr data-start=\"1162\" data-end=\"1165\" \/>\n<h3 data-start=\"1167\" data-end=\"1204\">Osa One-Boat Network s\u00fcsteemist<\/h3>\n<p data-start=\"1205\" data-end=\"1443\">Minn Kota mootorid on standardvarustuses valmis \u00fchenduma valitud<strong data-start=\"1270\" data-end=\"1298\">\u00a0kajaloodidega<\/strong>. Saad \u00fchendada ja juhtida trolling-mootorit, madala vee ankruid ja kajaloodi <strong data-start=\"1376\" data-end=\"1442\">One-Boat Network rakenduse kaudu Apple\u00ae v\u00f5i Android\u2122 seadmetes<\/strong>.<\/p>\n<hr data-start=\"1445\" data-end=\"1448\" \/>\n<h3 data-start=\"1450\" data-end=\"1488\">Spot-Lock koos Jog funktsiooniga<\/h3>\n<p data-start=\"1489\" data-end=\"1793\">Spot-Lock hoiab paadi paigal v\u00e4ga t\u00e4pse GPS-positsioneerimisega. See v\u00f5imaldab p\u00fcsida t\u00e4pselt produktiivse kalastuskoha kohal ilma mootorit k\u00e4sitsi juhtimata. Sisseehitatud suunaanduri abil saab <strong data-start=\"1684\" data-end=\"1705\">Jog funktsiooniga<\/strong> nihutada Spot-Lock positsiooni umbes <strong data-start=\"1743\" data-end=\"1768\">1,5 meetrit (5 jalga)<\/strong> \u00fcksk\u00f5ik millises suunas.<\/p>\n<hr data-start=\"1795\" data-end=\"1798\" \/>\n<h3 data-start=\"1800\" data-end=\"1831\">Drift Mode \u2013 triivire\u017eiim<\/h3>\n<p data-start=\"1832\" data-end=\"2053\">See funktsioon juhib automaatselt korraga nii <strong data-start=\"1878\" data-end=\"1903\">kiirust kui ka suunda<\/strong>. Kalastajad ei pea enam kasutama triivisokke, lisamootoreid ega k\u00e4sitsi juhtimist paadi kiiruse kontrollimiseks \u2013 isegi tugeva tuule ja voolu korral.<\/p>\n<hr data-start=\"2055\" data-end=\"2058\" \/>\n<h3 data-start=\"2060\" data-end=\"2089\">Reaalajas aku j\u00e4lgimine<\/h3>\n<p data-start=\"2090\" data-end=\"2354\">Kontrolli aku laetuse taset mootori t\u00f6\u00f6tamise ajal. S\u00fcsteem kuvab <strong data-start=\"2156\" data-end=\"2203\">reaalajas hinnangulist j\u00e4relej\u00e4\u00e4nud t\u00f6\u00f6aega<\/strong> ning annab m\u00e4rguande, kui aku laetus langeb <strong data-start=\"2248\" data-end=\"2264\">20% tasemeni<\/strong>, soovitades aktiveerida <strong data-start=\"2289\" data-end=\"2303\">Eco Mode\u2019i<\/strong>, mis v\u00e4hendab voolutarvet ja pikendab aku t\u00f6\u00f6aega.<\/p>\n<hr data-start=\"2356\" data-end=\"2359\" \/>\n<h3 data-start=\"2361\" data-end=\"2385\">Digital Maximizer\u2122<\/h3>\n<p data-start=\"2386\" data-end=\"2608\">Tagab kuni <strong data-start=\"2397\" data-end=\"2442\">5 korda pikema t\u00f6\u00f6aja \u00fche aku laadimisega<\/strong>. Muutuva kiirusega trolling-mootorid v\u00f5imaldavad valida t\u00e4pse kiiruse ning kasutavad ainult nii palju energiat kui vaja, aidates s\u00e4\u00e4sta akut terveks kalastusp\u00e4evaks.<\/p>\n<hr data-start=\"2610\" data-end=\"2613\" \/>\n<h3 data-start=\"2615\" data-end=\"2668\">Heel-Toe programmeeritav elektriline jalapedaal<\/h3>\n<p data-start=\"2669\" data-end=\"2726\">Madala profiiliga disain pakub kahte roolimisv\u00f5imalust:<\/p>\n<ul data-start=\"2727\" data-end=\"2792\">\n<li data-start=\"2727\" data-end=\"2763\">\n<p data-start=\"2729\" data-end=\"2763\"><strong data-start=\"2729\" data-end=\"2761\">heel\/toe pedaaliga roolimine<\/strong><\/p>\n<\/li>\n<li data-start=\"2764\" data-end=\"2792\">\n<p data-start=\"2766\" data-end=\"2792\"><strong data-start=\"2766\" data-end=\"2792\">vasak\/parem suunanupud<\/strong><\/p>\n<\/li>\n<\/ul>\n<p data-start=\"2794\" data-end=\"2900\">Lisaks on pedaalil programmeeritav nupp, kuhu saab m\u00e4\u00e4rata sagedamini kasutatavad funktsioonid, n\u00e4iteks:<\/p>\n<ul data-start=\"2901\" data-end=\"3008\">\n<li data-start=\"2901\" data-end=\"2924\">\n<p data-start=\"2903\" data-end=\"2924\">waypointi m\u00e4rkimine<\/p>\n<\/li>\n<li data-start=\"2925\" data-end=\"2955\">\n<p data-start=\"2927\" data-end=\"2955\">AutoPilot sisse l\u00fclitamine<\/p>\n<\/li>\n<li data-start=\"2956\" data-end=\"3008\">\n<p data-start=\"2958\" data-end=\"3008\">Minn Kota madala vee ankru avamine v\u00f5i sulgemine<\/p>\n<\/li>\n<\/ul>\n<p data-start=\"3010\" data-end=\"3055\">Komplektis on <strong data-start=\"3024\" data-end=\"3054\">18-jalane (u 5,5 m) kaabel<\/strong>.<\/p>\n<hr data-start=\"3057\" data-end=\"3060\" \/>\n<h3 data-start=\"3062\" data-end=\"3107\">Sisseehitatud Dual Spectrum CHIRP sonar<\/h3>\n<p data-start=\"3108\" data-end=\"3371\">Andur ja juhtmed on t\u00e4ielikult peidetud trolling-mootori varre sisse, mis kaitseb neid kahjustuste eest. Lai sagedusvahemikuga <strong data-start=\"3235\" data-end=\"3262\">\u00a0CHIRP sonar<\/strong> annab t\u00e4psemad ja detailsemad pildid kaladest, p\u00f5hjastruktuuridest ja veep\u00f5hjast kui traditsiooniline sonar.<\/p>\n<hr data-start=\"3373\" data-end=\"3376\" \/>\n<h3 data-start=\"3378\" data-end=\"3454\">Purunematu s\u00fcsinikkiuga tugevdatud komposiitvars \u2013 eluaegse garantiiga<\/h3>\n<p data-start=\"3455\" data-end=\"3638\">Minn Kota trolling-mootori s\u00fcdameks on <strong data-start=\"3494\" data-end=\"3522\">purunematu komposiitvars<\/strong>, mida on tugevdatud s\u00fcsinikkiuga. See on Minn Kota eksklusiivne lahendus ning sellele kehtib <strong data-start=\"3616\" data-end=\"3637\">eluaegne garantii<\/strong>.<\/p>\n<hr data-start=\"3861\" data-end=\"3864\" \/>\n<h3 data-start=\"3866\" data-end=\"3901\">Eraldi suunaandurit pole vaja<\/h3>\n<p data-start=\"3902\" data-end=\"4006\">Sisseehitatud tehnoloogia tagab t\u00e4pse roolimise ja paadi juhtimise ilma v\u00e4lise suunaanduri kasutamiseta.<\/p>\n<hr data-start=\"4008\" data-end=\"4011\" \/>\n<h3 data-start=\"4013\" data-end=\"4027\">Garantii<\/h3>\n<p data-start=\"4028\" data-end=\"4079\" data-is-last-node=\"\" data-is-only-node=\"\"><strong data-start=\"4028\" data-end=\"4079\" data-is-last-node=\"\">3-aastane piiratud garantii (registreerimisel).<\/strong><\/p>\n<p data-start=\"4098\" data-end=\"4148\" data-is-last-node=\"\" data-is-only-node=\"\">Loe t\u00e4psemat kirjeldust tootja kodulehel <a href=\"https:\/\/minnkota.johnsonoutdoors.com\/us\/shop\/freshwater-trolling-motors\/terrova\/1358201\" target=\"_blank\" rel=\"noopener\"><strong>Minn Kota Terrova<\/strong><\/a><\/p>\n","protected":false},"excerpt":{"rendered":"<p data-start=\"152\" data-end=\"279\"><strong data-start=\"152\" data-end=\"169\">Kasutamiseks:<\/strong> magevees<br data-start=\"178\" data-end=\"181\" \/><strong data-start=\"181\" data-end=\"198\">Varre pikkus:<\/strong> 60 in (152 cm)<br data-start=\"213\" data-end=\"216\" \/><strong data-start=\"216\" data-end=\"242\">Maksimaalne t\u00f5ukej\u00f5ud:<\/strong> 90lb (24V) \/ 115 lb (36V)<br data-start=\"254\" data-end=\"257\" \/><strong data-start=\"257\" data-end=\"267\">Pinge:<\/strong> 24 \/ 36 V<br \/>\n<strong data-start=\"377\" data-end=\"386\">Kaal:<\/strong> 81 lb | 36,74 kg<br \/>\n<strong data-start=\"407\" data-end=\"438\">One-Boat Network \u00fchilduvus:<\/strong> jah<br data-start=\"442\" data-end=\"445\" \/><strong data-start=\"445\" data-end=\"459\">Spot-Lock:<\/strong> jah<br \/>\n<strong data-start=\"514\" data-end=\"528\">Juhtimine:<\/strong> jalapedaal, juhtmevaba pult<br \/>\n<strong data-start=\"653\" data-end=\"672\">Power Steering:<\/strong> jah<br data-start=\"676\" data-end=\"679\" \/><strong data-start=\"748\" data-end=\"762\">AutoPilot:<\/strong> jah<br data-start=\"766\" data-end=\"769\" \/><strong data-start=\"788\" data-end=\"801\">Kiirused:<\/strong> muutuva kiirusega<br data-start=\"819\" data-end=\"822\" \/><strong data-start=\"822\" data-end=\"844\">Digital Maximizer:<\/strong> jah<br data-start=\"848\" data-end=\"851\" \/><strong data-start=\"851\" data-end=\"878\">Aku laetuse indikaator:<\/strong> jah<br data-start=\"882\" data-end=\"885\" \/><strong data-start=\"885\" data-end=\"912\">Maksimaalne voolutarve:<\/strong> 58 A<br \/>\n<strong data-start=\"1087\" data-end=\"1100\">Garantii:<\/strong> 3 aastat (registreerimisel)<\/p>\n","protected":false},"featured_media":56939,"template":"","meta":{"_kad_blocks_custom_css":"","_kad_blocks_head_custom_js":"","_kad_blocks_body_custom_js":"","_kad_blocks_footer_custom_js":"","_kad_post_transparent":"default","_kad_post_title":"","_kad_post_layout":"default","_kad_post_sidebar_id":"","_kad_post_content_style":"default","_kad_post_vertical_padding":"default","_kad_post_feature":"","_kad_post_feature_position":"","_kad_post_header":false,"_kad_post_footer":false,"_kad_post_classname":""},"product_brand":[1869],"product_cat":[1876,1873],"product_tag":[],"class_list":{"0":"post-56963","1":"product","2":"type-product","3":"status-publish","4":"has-post-thumbnail","6":"product_brand-minn-kota","7":"product_cat-minn-kota-terrova-quest","8":"product_cat-voorimootorid","9":"product_shipping_class-euroalusele-mahtuv-kaup","10":"tm-no-options","12":"first","13":"onbackorder","14":"sale","15":"taxable","16":"shipping-taxable","17":"purchasable","18":"product-type-simple","19":"entry","20":"content-bg","21":"loop-entry"},"yoast_head":"<!-- This site is optimized with the Yoast SEO plugin v27.3 - https:\/\/yoast.com\/product\/yoast-seo-wordpress\/ -->\n<title>V\u00f6\u00f6rimootor Minn Kota TERROVA QUEST 90\/115\/DSC\/WR<\/title>\n<meta name=\"description\" content=\"Harjavaba mootor. Spot-Lock GPS, Digital Maximizer ja One-Boat Network tagavad t\u00e4pse ja energias\u00e4\u00e4stliku paadi juhtimise kalastamisel.\" \/>\n<meta name=\"robots\" content=\"index, follow, max-snippet:-1, max-image-preview:large, max-video-preview:-1\" \/>\n<link rel=\"canonical\" href=\"https:\/\/nordlinepaadid.ee\/et\/pood\/voorimootorid\/minn-kota-terrova-quest\/voorimootor-minn-kota-terrova-quest-90-115-dsc-wr\/\" \/>\n<meta property=\"og:locale\" content=\"et_EE\" \/>\n<meta property=\"og:type\" content=\"article\" \/>\n<meta property=\"og:title\" content=\"V\u00f6\u00f6rimootor Minn Kota TERROVA QUEST 90\/115\/DSC\/WR\" \/>\n<meta property=\"og:description\" content=\"Harjavaba mootor. Spot-Lock GPS, Digital Maximizer ja One-Boat Network tagavad t\u00e4pse ja energias\u00e4\u00e4stliku paadi juhtimise kalastamisel.\" \/>\n<meta property=\"og:url\" content=\"https:\/\/nordlinepaadid.ee\/et\/pood\/voorimootorid\/minn-kota-terrova-quest\/voorimootor-minn-kota-terrova-quest-90-115-dsc-wr\/\" \/>\n<meta property=\"og:site_name\" content=\"NORDLINE s\u00f5udepaadid ja mootorpaadid. Klaasfiiber materjalist.\" \/>\n<meta property=\"article:publisher\" content=\"https:\/\/www.facebook.com\/nordlineboats\" \/>\n<meta property=\"article:modified_time\" content=\"2026-03-04T09:41:15+00:00\" \/>\n<meta property=\"og:image\" content=\"https:\/\/nordlinepaadid.ee\/wp-content\/uploads\/2026\/03\/Voorimootor-Minn-Kota-Terrova-.webp\" \/>\n\t<meta property=\"og:image:width\" content=\"828\" \/>\n\t<meta property=\"og:image:height\" content=\"828\" \/>\n\t<meta property=\"og:image:type\" content=\"image\/webp\" \/>\n<meta name=\"twitter:card\" content=\"summary_large_image\" \/>\n<meta name=\"twitter:label1\" content=\"Est. reading time\" \/>\n\t<meta name=\"twitter:data1\" content=\"4 minutit\" \/>\n<script type=\"application\/ld+json\" class=\"yoast-schema-graph\">{\"@context\":\"https:\\\/\\\/schema.org\",\"@graph\":[{\"@type\":\"WebPage\",\"@id\":\"https:\\\/\\\/nordlinepaadid.ee\\\/et\\\/pood\\\/voorimootorid\\\/minn-kota-terrova-quest\\\/voorimootor-minn-kota-terrova-quest-90-115-dsc-wr\\\/\",\"url\":\"https:\\\/\\\/nordlinepaadid.ee\\\/et\\\/pood\\\/voorimootorid\\\/minn-kota-terrova-quest\\\/voorimootor-minn-kota-terrova-quest-90-115-dsc-wr\\\/\",\"name\":\"V\u00f6\u00f6rimootor Minn Kota TERROVA QUEST 90\\\/115\\\/DSC\\\/WR\",\"isPartOf\":{\"@id\":\"https:\\\/\\\/nordlinepaadid.ee\\\/et\\\/#website\"},\"primaryImageOfPage\":{\"@id\":\"https:\\\/\\\/nordlinepaadid.ee\\\/et\\\/pood\\\/voorimootorid\\\/minn-kota-terrova-quest\\\/voorimootor-minn-kota-terrova-quest-90-115-dsc-wr\\\/#primaryimage\"},\"image\":{\"@id\":\"https:\\\/\\\/nordlinepaadid.ee\\\/et\\\/pood\\\/voorimootorid\\\/minn-kota-terrova-quest\\\/voorimootor-minn-kota-terrova-quest-90-115-dsc-wr\\\/#primaryimage\"},\"thumbnailUrl\":\"https:\\\/\\\/nordlinepaadid.ee\\\/wp-content\\\/uploads\\\/2026\\\/03\\\/Voorimootor-Minn-Kota-Terrova-.webp\",\"datePublished\":\"2026-03-04T09:28:04+00:00\",\"dateModified\":\"2026-03-04T09:41:15+00:00\",\"description\":\"Harjavaba mootor. Spot-Lock GPS, Digital Maximizer ja One-Boat Network tagavad t\u00e4pse ja energias\u00e4\u00e4stliku paadi juhtimise kalastamisel.\",\"breadcrumb\":{\"@id\":\"https:\\\/\\\/nordlinepaadid.ee\\\/et\\\/pood\\\/voorimootorid\\\/minn-kota-terrova-quest\\\/voorimootor-minn-kota-terrova-quest-90-115-dsc-wr\\\/#breadcrumb\"},\"inLanguage\":\"et\",\"potentialAction\":[{\"@type\":\"ReadAction\",\"target\":[\"https:\\\/\\\/nordlinepaadid.ee\\\/et\\\/pood\\\/voorimootorid\\\/minn-kota-terrova-quest\\\/voorimootor-minn-kota-terrova-quest-90-115-dsc-wr\\\/\"]}]},{\"@type\":\"ImageObject\",\"inLanguage\":\"et\",\"@id\":\"https:\\\/\\\/nordlinepaadid.ee\\\/et\\\/pood\\\/voorimootorid\\\/minn-kota-terrova-quest\\\/voorimootor-minn-kota-terrova-quest-90-115-dsc-wr\\\/#primaryimage\",\"url\":\"https:\\\/\\\/nordlinepaadid.ee\\\/wp-content\\\/uploads\\\/2026\\\/03\\\/Voorimootor-Minn-Kota-Terrova-.webp\",\"contentUrl\":\"https:\\\/\\\/nordlinepaadid.ee\\\/wp-content\\\/uploads\\\/2026\\\/03\\\/Voorimootor-Minn-Kota-Terrova-.webp\",\"width\":828,\"height\":828,\"caption\":\"V\u00f6\u00f6rimootor Minn Kota Terrova\"},{\"@type\":\"BreadcrumbList\",\"@id\":\"https:\\\/\\\/nordlinepaadid.ee\\\/et\\\/pood\\\/voorimootorid\\\/minn-kota-terrova-quest\\\/voorimootor-minn-kota-terrova-quest-90-115-dsc-wr\\\/#breadcrumb\",\"itemListElement\":[{\"@type\":\"ListItem\",\"position\":1,\"name\":\"Home\",\"item\":\"https:\\\/\\\/nordlinepaadid.ee\\\/et\\\/\"},{\"@type\":\"ListItem\",\"position\":2,\"name\":\"Pood\",\"item\":\"https:\\\/\\\/nordlinepaadid.ee\\\/et\\\/pood\\\/\"},{\"@type\":\"ListItem\",\"position\":3,\"name\":\"Minn Kota TERROVA QUEST 90\\\/115\\\/DSC\\\/WR Dual spectrum CHIRP Brushless\"}]},{\"@type\":\"WebSite\",\"@id\":\"https:\\\/\\\/nordlinepaadid.ee\\\/et\\\/#website\",\"url\":\"https:\\\/\\\/nordlinepaadid.ee\\\/et\\\/\",\"name\":\"NORDLINE s\u00f5udepaadid ja mootorpaadid. Klaasfiiber materjalist.\",\"description\":\"\",\"publisher\":{\"@id\":\"https:\\\/\\\/nordlinepaadid.ee\\\/et\\\/#organization\"},\"potentialAction\":[{\"@type\":\"SearchAction\",\"target\":{\"@type\":\"EntryPoint\",\"urlTemplate\":\"https:\\\/\\\/nordlinepaadid.ee\\\/et\\\/?s={search_term_string}\"},\"query-input\":{\"@type\":\"PropertyValueSpecification\",\"valueRequired\":true,\"valueName\":\"search_term_string\"}}],\"inLanguage\":\"et\"},{\"@type\":\"Organization\",\"@id\":\"https:\\\/\\\/nordlinepaadid.ee\\\/et\\\/#organization\",\"name\":\"Nordlineboats\",\"url\":\"https:\\\/\\\/nordlinepaadid.ee\\\/et\\\/\",\"logo\":{\"@type\":\"ImageObject\",\"inLanguage\":\"et\",\"@id\":\"https:\\\/\\\/nordlinepaadid.ee\\\/et\\\/#\\\/schema\\\/logo\\\/image\\\/\",\"url\":\"https:\\\/\\\/nordlinepaadid.ee\\\/wp-content\\\/uploads\\\/2023\\\/01\\\/fulllogo_transparent_nobuffer-e1672750475494.png\",\"contentUrl\":\"https:\\\/\\\/nordlinepaadid.ee\\\/wp-content\\\/uploads\\\/2023\\\/01\\\/fulllogo_transparent_nobuffer-e1672750475494.png\",\"width\":150,\"height\":119,\"caption\":\"Nordlineboats\"},\"image\":{\"@id\":\"https:\\\/\\\/nordlinepaadid.ee\\\/et\\\/#\\\/schema\\\/logo\\\/image\\\/\"},\"sameAs\":[\"https:\\\/\\\/www.facebook.com\\\/nordlineboats\",\"https:\\\/\\\/www.youtube.com\\\/channel\\\/UCbgF0fy02y3QkFnujaLTaCA\"]}]}<\/script>\n<!-- \/ Yoast SEO plugin. -->","yoast_head_json":{"title":"V\u00f6\u00f6rimootor Minn Kota TERROVA QUEST 90\/115\/DSC\/WR","description":"Harjavaba mootor. Spot-Lock GPS, Digital Maximizer ja One-Boat Network tagavad t\u00e4pse ja energias\u00e4\u00e4stliku paadi juhtimise kalastamisel.","robots":{"index":"index","follow":"follow","max-snippet":"max-snippet:-1","max-image-preview":"max-image-preview:large","max-video-preview":"max-video-preview:-1"},"canonical":"https:\/\/nordlinepaadid.ee\/et\/pood\/voorimootorid\/minn-kota-terrova-quest\/voorimootor-minn-kota-terrova-quest-90-115-dsc-wr\/","og_locale":"et_EE","og_type":"article","og_title":"V\u00f6\u00f6rimootor Minn Kota TERROVA QUEST 90\/115\/DSC\/WR","og_description":"Harjavaba mootor. Spot-Lock GPS, Digital Maximizer ja One-Boat Network tagavad t\u00e4pse ja energias\u00e4\u00e4stliku paadi juhtimise kalastamisel.","og_url":"https:\/\/nordlinepaadid.ee\/et\/pood\/voorimootorid\/minn-kota-terrova-quest\/voorimootor-minn-kota-terrova-quest-90-115-dsc-wr\/","og_site_name":"NORDLINE s\u00f5udepaadid ja mootorpaadid. Klaasfiiber materjalist.","article_publisher":"https:\/\/www.facebook.com\/nordlineboats","article_modified_time":"2026-03-04T09:41:15+00:00","og_image":[{"width":828,"height":828,"url":"https:\/\/nordlinepaadid.ee\/wp-content\/uploads\/2026\/03\/Voorimootor-Minn-Kota-Terrova-.webp","type":"image\/webp"}],"twitter_card":"summary_large_image","twitter_misc":{"Est. reading time":"4 minutit"},"schema":{"@context":"https:\/\/schema.org","@graph":[{"@type":"WebPage","@id":"https:\/\/nordlinepaadid.ee\/et\/pood\/voorimootorid\/minn-kota-terrova-quest\/voorimootor-minn-kota-terrova-quest-90-115-dsc-wr\/","url":"https:\/\/nordlinepaadid.ee\/et\/pood\/voorimootorid\/minn-kota-terrova-quest\/voorimootor-minn-kota-terrova-quest-90-115-dsc-wr\/","name":"V\u00f6\u00f6rimootor Minn Kota TERROVA QUEST 90\/115\/DSC\/WR","isPartOf":{"@id":"https:\/\/nordlinepaadid.ee\/et\/#website"},"primaryImageOfPage":{"@id":"https:\/\/nordlinepaadid.ee\/et\/pood\/voorimootorid\/minn-kota-terrova-quest\/voorimootor-minn-kota-terrova-quest-90-115-dsc-wr\/#primaryimage"},"image":{"@id":"https:\/\/nordlinepaadid.ee\/et\/pood\/voorimootorid\/minn-kota-terrova-quest\/voorimootor-minn-kota-terrova-quest-90-115-dsc-wr\/#primaryimage"},"thumbnailUrl":"https:\/\/nordlinepaadid.ee\/wp-content\/uploads\/2026\/03\/Voorimootor-Minn-Kota-Terrova-.webp","datePublished":"2026-03-04T09:28:04+00:00","dateModified":"2026-03-04T09:41:15+00:00","description":"Harjavaba mootor. Spot-Lock GPS, Digital Maximizer ja One-Boat Network tagavad t\u00e4pse ja energias\u00e4\u00e4stliku paadi juhtimise kalastamisel.","breadcrumb":{"@id":"https:\/\/nordlinepaadid.ee\/et\/pood\/voorimootorid\/minn-kota-terrova-quest\/voorimootor-minn-kota-terrova-quest-90-115-dsc-wr\/#breadcrumb"},"inLanguage":"et","potentialAction":[{"@type":"ReadAction","target":["https:\/\/nordlinepaadid.ee\/et\/pood\/voorimootorid\/minn-kota-terrova-quest\/voorimootor-minn-kota-terrova-quest-90-115-dsc-wr\/"]}]},{"@type":"ImageObject","inLanguage":"et","@id":"https:\/\/nordlinepaadid.ee\/et\/pood\/voorimootorid\/minn-kota-terrova-quest\/voorimootor-minn-kota-terrova-quest-90-115-dsc-wr\/#primaryimage","url":"https:\/\/nordlinepaadid.ee\/wp-content\/uploads\/2026\/03\/Voorimootor-Minn-Kota-Terrova-.webp","contentUrl":"https:\/\/nordlinepaadid.ee\/wp-content\/uploads\/2026\/03\/Voorimootor-Minn-Kota-Terrova-.webp","width":828,"height":828,"caption":"V\u00f6\u00f6rimootor Minn Kota Terrova"},{"@type":"BreadcrumbList","@id":"https:\/\/nordlinepaadid.ee\/et\/pood\/voorimootorid\/minn-kota-terrova-quest\/voorimootor-minn-kota-terrova-quest-90-115-dsc-wr\/#breadcrumb","itemListElement":[{"@type":"ListItem","position":1,"name":"Home","item":"https:\/\/nordlinepaadid.ee\/et\/"},{"@type":"ListItem","position":2,"name":"Pood","item":"https:\/\/nordlinepaadid.ee\/et\/pood\/"},{"@type":"ListItem","position":3,"name":"Minn Kota TERROVA QUEST 90\/115\/DSC\/WR Dual spectrum CHIRP Brushless"}]},{"@type":"WebSite","@id":"https:\/\/nordlinepaadid.ee\/et\/#website","url":"https:\/\/nordlinepaadid.ee\/et\/","name":"NORDLINE s\u00f5udepaadid ja mootorpaadid. Klaasfiiber materjalist.","description":"","publisher":{"@id":"https:\/\/nordlinepaadid.ee\/et\/#organization"},"potentialAction":[{"@type":"SearchAction","target":{"@type":"EntryPoint","urlTemplate":"https:\/\/nordlinepaadid.ee\/et\/?s={search_term_string}"},"query-input":{"@type":"PropertyValueSpecification","valueRequired":true,"valueName":"search_term_string"}}],"inLanguage":"et"},{"@type":"Organization","@id":"https:\/\/nordlinepaadid.ee\/et\/#organization","name":"Nordlineboats","url":"https:\/\/nordlinepaadid.ee\/et\/","logo":{"@type":"ImageObject","inLanguage":"et","@id":"https:\/\/nordlinepaadid.ee\/et\/#\/schema\/logo\/image\/","url":"https:\/\/nordlinepaadid.ee\/wp-content\/uploads\/2023\/01\/fulllogo_transparent_nobuffer-e1672750475494.png","contentUrl":"https:\/\/nordlinepaadid.ee\/wp-content\/uploads\/2023\/01\/fulllogo_transparent_nobuffer-e1672750475494.png","width":150,"height":119,"caption":"Nordlineboats"},"image":{"@id":"https:\/\/nordlinepaadid.ee\/et\/#\/schema\/logo\/image\/"},"sameAs":["https:\/\/www.facebook.com\/nordlineboats","https:\/\/www.youtube.com\/channel\/UCbgF0fy02y3QkFnujaLTaCA"]}]}},"taxonomy_info":{"product_brand":[{"value":1869,"label":"Minn Kota"}],"product_cat":[{"value":1876,"label":"Minn Kota Terrova Quest"},{"value":1873,"label":"V\u00d6\u00d6RIMOOTORID"}]},"featured_image_src_large":["https:\/\/nordlinepaadid.ee\/wp-content\/uploads\/2026\/03\/Voorimootor-Minn-Kota-Terrova-.webp",828,828,false],"author_info":[],"comment_info":"","_links":{"self":[{"href":"https:\/\/nordlinepaadid.ee\/et\/wp-json\/wp\/v2\/product\/56963","targetHints":{"allow":["GET"]}}],"collection":[{"href":"https:\/\/nordlinepaadid.ee\/et\/wp-json\/wp\/v2\/product"}],"about":[{"href":"https:\/\/nordlinepaadid.ee\/et\/wp-json\/wp\/v2\/types\/product"}],"wp:featuredmedia":[{"embeddable":true,"href":"https:\/\/nordlinepaadid.ee\/et\/wp-json\/wp\/v2\/media\/56939"}],"wp:attachment":[{"href":"https:\/\/nordlinepaadid.ee\/et\/wp-json\/wp\/v2\/media?parent=56963"}],"wp:term":[{"taxonomy":"product_brand","embeddable":true,"href":"https:\/\/nordlinepaadid.ee\/et\/wp-json\/wp\/v2\/product_brand?post=56963"},{"taxonomy":"product_cat","embeddable":true,"href":"https:\/\/nordlinepaadid.ee\/et\/wp-json\/wp\/v2\/product_cat?post=56963"},{"taxonomy":"product_tag","embeddable":true,"href":"https:\/\/nordlinepaadid.ee\/et\/wp-json\/wp\/v2\/product_tag?post=56963"}],"curies":[{"name":"wp","href":"https:\/\/api.w.org\/{rel}","templated":true}]}}