{"id":56971,"date":"2026-03-04T11:51:13","date_gmt":"2026-03-04T09:51:13","guid":{"rendered":"https:\/\/nordlinepaadid.ee\/?post_type=product&#038;p=56971"},"modified":"2026-03-04T12:38:29","modified_gmt":"2026-03-04T10:38:29","slug":"voorimootor-minn-kota-ultrex-80-lb-24v-sonar","status":"publish","type":"product","link":"https:\/\/nordlinepaadid.ee\/et\/pood\/voorimootorid\/minn-kota-ultrex\/voorimootor-minn-kota-ultrex-80-lb-24v-sonar\/","title":{"rendered":"Minn Kota Ultrex 80 LBS 52&#8243;\/132cm 24V with Dual Chirp sonar"},"content":{"rendered":"<h1 data-start=\"47\" data-end=\"671\"><strong data-start=\"47\" data-end=\"71\">V\u00f6\u00f6rimootor Minn Kota Ultrex 80 LBS 52&#8243;\/132cm 24V with Dual Chirp sonar<\/strong><\/h1>\n<p data-start=\"109\" data-end=\"739\"><strong data-start=\"109\" data-end=\"132\">Minn Kota Ultrex<\/strong>\u00a0on professionaalseks kalastamiseks loodud v\u00f6\u00f6rimootor, mis \u00fchendab <strong data-start=\"200\" data-end=\"239\">kaabliga roolimise t\u00e4pse juhitavuse<\/strong> ja <strong data-start=\"243\" data-end=\"281\">elektrilise rooliv\u00f5imendi mugavuse<\/strong>. Mootor pakub <strong data-start=\"296\" data-end=\"325\">suurep\u00e4rast t\u00f5ukej\u00f5udu<\/strong> ning t\u00f6\u00f6tab <strong data-start=\"338\" data-end=\"363\">24 v\u00f5i 36-voldisel s\u00fcsteemil vastavalt mudelile<\/strong>, mist\u00f5ttu sobib see h\u00e4sti keskmise suurusega kalastuspaatidele. Ultrex seeria erip\u00e4ra on v\u00e4ga kiire ja t\u00e4pne roolimine koos <strong data-start=\"488\" data-end=\"525\">Spot-Lock GPS ankru funktsiooniga<\/strong>, mis hoiab paadi automaatselt t\u00e4pselt kalastuskoha kohal.<\/p>\n<p data-start=\"109\" data-end=\"739\"><strong data-start=\"0\" data-end=\"29\">Dual Spectrum CHIRP sonar<\/strong> n\u00e4itab peamiselt <strong data-start=\"47\" data-end=\"74\" data-is-only-node=\"\">2D pilti otse paadi all<\/strong>, samas kui <strong data-start=\"86\" data-end=\"129\">MSI (MEGA Side Imaging) brushless mudel<\/strong> v\u00f5imaldab lisaks vaadata <strong data-start=\"155\" data-end=\"205\">v\u00e4ga detailset pilti ka paadi m\u00f5lemale k\u00fcljele<\/strong>, et n\u00e4ha kalu ja struktuure laiemal alal.<\/p>\n<p data-start=\"109\" data-end=\"739\"><strong data-start=\"86\" data-end=\"129\">Brushless <\/strong>mudelid on harjavabad ja seega pikema elueaga.<\/p>\n<p data-start=\"741\" data-end=\"1019\">Ultrex on kalastajate seas tuntud oma v\u00e4ga loomuliku pedaalijuhtimise poolest. <strong data-start=\"820\" data-end=\"875\">Heel-Toe kaabliga jalapedaal koos Power Steeringuga<\/strong> tagab kohese reageerimise ning t\u00e4pse kontrolli paadi liikumise \u00fcle ka keerulistes ilmastikutingimustes.<\/p>\n<p>Vaata ka erinevate Minn Kota mudelite omaduste <strong><a href=\"https:\/\/nordlinepaadid.ee\/et\/minn-kota-elektriliste-paadimootorite-vordlustabel\/\" target=\"_blank\" rel=\"noopener\">v\u00f5rdlustabelit<\/a><\/strong>.<\/p>\n<h3 data-start=\"0\" data-end=\"36\">Power Steering \u2013 rooliv\u00f5imendi<\/h3>\n<p data-start=\"37\" data-end=\"196\">K\u00f5ige mugavam ja t\u00e4psem roolimine. Ultrex mootori jalapedaal on loodud kogu p\u00e4eva kestvaks kasutamiseks, pakkudes v\u00e4ga t\u00e4pset juhtimist ja kohest reageerimist.<\/p>\n<h3 data-start=\"198\" data-end=\"234\">Steering Lock \u2013 rooli lukustus<\/h3>\n<p data-start=\"235\" data-end=\"427\">Kui v\u00f5tad jala Ultrex jalapedaalilt, j\u00e4\u00e4b mootori pea suunatuks samasse suunda, kuhu selle viimati j\u00e4tsid. Puudub tagasil\u00f6\u00f6k ja \u00fcmberreguleerimine \u2013 tulemuseks on lihtsam ja mugavam juhtimine.<\/p>\n<h3 data-start=\"429\" data-end=\"490\">Advanced GPS Trolling System \u2013 t\u00e4iustatud GPS-juhtimine<\/h3>\n<p data-start=\"491\" data-end=\"857\">One-Boat Network annab sulle enneolematu kontrolli paadi \u00fcle, \u00fchendades trolling-mootori kajaloodiga. Mootorit saab juhtida komplekti kuuluva puldi v\u00f5i \u00fchendatud kajaloodi kaudu. Saad kasutada Spot-Lock funktsiooni, salvestada marsruute, j\u00e4rgida s\u00fcgavuskontuure, navigeerida automaatselt lemmikkohtadesse ning kontrollida kiirust ja roolimist.<\/p>\n<h3 data-start=\"859\" data-end=\"896\">Osa One-Boat Network s\u00fcsteemist<\/h3>\n<p data-start=\"897\" data-end=\"1127\">Minn Kota mootorid on standardvarustuses valmis \u00fchenduma valitud kajaloodidega. Saad \u00fchendada ja juhtida trolling-mootorit, madala vee ankruid ja kajaloodi One-Boat Network rakenduse kaudu Apple\u00ae v\u00f5i Android\u2122 seadmetes.<\/p>\n<h3 data-start=\"1129\" data-end=\"1160\">Drift Mode \u2013 triivire\u017eiim<\/h3>\n<p data-start=\"1161\" data-end=\"1378\">See funktsioon juhib automaatselt korraga nii kiirust kui ka suunda. Kalastajad ei pea enam kasutama triivisokke, lisamootoreid ega k\u00e4sitsi juhtimist paadi kiiruse kontrollimiseks \u2013 isegi tugeva tuule ja voolu korral.<\/p>\n<h3 data-start=\"1380\" data-end=\"1417\">Sisseehitatud MEGA Down Imaging<\/h3>\n<p data-start=\"1418\" data-end=\"1567\">Andur on integreeritud otse mootori sisse, mis annab v\u00e4ga selge<strong data-start=\"1482\" data-end=\"1515\">\u00a0MEGA Down Imaging<\/strong> sonaripildi ning hoiab anduri ja kaablid kaitstuna.<\/p>\n<h3 data-start=\"1569\" data-end=\"1607\">Spot-Lock koos Jog funktsiooniga<\/h3>\n<p data-start=\"1608\" data-end=\"1912\">Spot-Lock hoiab paadi paigal v\u00e4ga t\u00e4pse GPS-positsioneerimisega. See v\u00f5imaldab p\u00fcsida t\u00e4pselt produktiivse kalastuskoha kohal ilma mootorit k\u00e4sitsi juhtimata. Komplekti kuuluva suunaanduri abil saab Jog funktsiooniga nihutada Spot-Lock positsiooni umbes <strong data-start=\"1862\" data-end=\"1887\">1,5 meetrit (5 jalga)<\/strong> \u00fcksk\u00f5ik millises suunas.<\/p>\n<h3 data-start=\"1914\" data-end=\"1939\">Lift-Assist s\u00fcsteem<\/h3>\n<p data-start=\"1940\" data-end=\"2136\">Ultrex mootori patenteeritud Lift-Assist mehhanism v\u00e4hendab mootori vette laskmise ja \u00fcles t\u00f5stmise vajalikku j\u00f5udu poole v\u00f5rra. Kasutab roostevabast terasest <strong data-start=\"2099\" data-end=\"2135\">l\u00e4mmastikuga t\u00e4idetud gaasivedru<\/strong>.<\/p>\n<h3 data-start=\"2138\" data-end=\"2174\">Heel-Toe \/ kaabliga jalapedaal<\/h3>\n<p data-start=\"2175\" data-end=\"2375\">See on ainus jalapedaal, millel on Power Steering rooliv\u00f5imendi, pakkudes mugavat juhtimist kogu p\u00e4evaks ja kohest reageerimist. Lisaks on pedaalil nupp Spot-Lock elektroonilise ankru aktiveerimiseks.<\/p>\n<h3 data-start=\"2377\" data-end=\"2401\">Digital Maximizer\u2122<\/h3>\n<p data-start=\"2402\" data-end=\"2624\">Tagab kuni <strong data-start=\"2413\" data-end=\"2458\">5 korda pikema t\u00f6\u00f6aja \u00fche aku laadimisega<\/strong>. Muutuva kiirusega trolling-mootorid v\u00f5imaldavad valida t\u00e4pse kiiruse ning kasutavad ainult nii palju energiat kui vaja, aidates s\u00e4\u00e4sta akut terveks kalastusp\u00e4evaks.<\/p>\n<h3 data-start=\"2626\" data-end=\"2678\">Purunematu komposiitvars \u2013 eluaegse garantiiga<\/h3>\n<p data-start=\"2679\" data-end=\"2824\">Minn Kota trolling-mootori keskmes on purunematu komposiitvars. See on Minn Kota eksklusiivne lahendus ning sellele kehtib <strong data-start=\"2802\" data-end=\"2823\">eluaegne garantii<\/strong>.<\/p>\n<hr data-start=\"3167\" data-end=\"3170\" \/>\n<h3 data-start=\"3172\" data-end=\"3186\">Garantii<\/h3>\n<p data-start=\"3187\" data-end=\"3237\" data-is-last-node=\"\" data-is-only-node=\"\"><strong data-start=\"3187\" data-end=\"3237\" data-is-last-node=\"\">3-aastane piiratud garantii (registreerimisel)<\/strong><\/p>\n<p data-start=\"4098\" data-end=\"4148\" data-is-last-node=\"\" data-is-only-node=\"\">Loe t\u00e4psemat kirjeldust tootja kodulehel <a href=\"https:\/\/minnkota.johnsonoutdoors.com\/us\/shop\/freshwater-trolling-motors\/ultrex\/1368921\" target=\"_blank\" rel=\"noopener\"><strong>Minn Kota\u00a0Ultrex<\/strong><\/a><\/p>\n","protected":false},"excerpt":{"rendered":"<p data-start=\"142\" data-end=\"170\"><strong data-start=\"142\" data-end=\"159\">Kasutamiseks:<\/strong> magevees<br \/>\n<strong data-start=\"172\" data-end=\"189\">Varre pikkus:<\/strong> 52 in (132 cm)<br data-start=\"204\" data-end=\"207\" \/><strong data-start=\"207\" data-end=\"233\">Maksimaalne t\u00f5ukej\u00f5ud:<\/strong> 80 lb (\u2248 36,3 kg)<br data-start=\"252\" data-end=\"255\" \/><strong data-start=\"255\" data-end=\"268\">T\u00f6\u00f6pinge:<\/strong> 24 V<br \/>\n<strong data-start=\"372\" data-end=\"381\">Kaal:<\/strong> 78 lb 8 oz | 35,6 kg<br \/>\n<strong data-start=\"406\" data-end=\"437\">One-Boat Network \u00fchilduvus:<\/strong> jah<br data-start=\"441\" data-end=\"444\" \/><strong data-start=\"444\" data-end=\"479\">Spot-Lock GPS ankru funktsioon:<\/strong> jah<br \/>\n<strong data-start=\"531\" data-end=\"545\">Juhtimine:<\/strong> Micro Remote pult, jalapedaal<br \/>\n<strong data-start=\"672\" data-end=\"691\">Power Steering:<\/strong> jah<br data-start=\"695\" data-end=\"698\" \/><strong data-start=\"698\" data-end=\"714\">Lift-Assist:<\/strong> jah<br data-start=\"718\" data-end=\"721\" \/><strong data-start=\"768\" data-end=\"782\">AutoPilot:<\/strong> jah<br data-start=\"786\" data-end=\"789\" \/><strong data-start=\"808\" data-end=\"821\">Kiirused:<\/strong> muutuva kiirusega<br data-start=\"839\" data-end=\"842\" \/><strong data-start=\"842\" data-end=\"864\">Digital Maximizer:<\/strong> jah<br data-start=\"868\" data-end=\"871\" \/><strong data-start=\"871\" data-end=\"898\">Aku laetuse indikaator:<\/strong> jah<br data-start=\"902\" data-end=\"905\" \/><strong data-start=\"905\" data-end=\"932\">Maksimaalne voolutarve:<\/strong> 52 A<br \/>\n<strong data-start=\"1117\" data-end=\"1130\">Garantii:<\/strong> 3 aastat (registreerimisel)<\/p>\n","protected":false},"featured_media":56973,"template":"","meta":{"_kad_blocks_custom_css":"","_kad_blocks_head_custom_js":"","_kad_blocks_body_custom_js":"","_kad_blocks_footer_custom_js":"","_kad_post_transparent":"default","_kad_post_title":"","_kad_post_layout":"default","_kad_post_sidebar_id":"","_kad_post_content_style":"default","_kad_post_vertical_padding":"default","_kad_post_feature":"","_kad_post_feature_position":"","_kad_post_header":false,"_kad_post_footer":false,"_kad_post_classname":""},"product_brand":[1869],"product_cat":[1877,1873],"product_tag":[],"class_list":{"0":"post-56971","1":"product","2":"type-product","3":"status-publish","4":"has-post-thumbnail","6":"product_brand-minn-kota","7":"product_cat-minn-kota-ultrex","8":"product_cat-voorimootorid","9":"product_shipping_class-euroalusele-mahtuv-kaup","10":"tm-no-options","12":"first","13":"onbackorder","14":"sale","15":"taxable","16":"shipping-taxable","17":"purchasable","18":"product-type-simple","19":"entry","20":"content-bg","21":"loop-entry"},"yoast_head":"<!-- This site is optimized with the Yoast SEO plugin v27.3 - https:\/\/yoast.com\/product\/yoast-seo-wordpress\/ -->\n<title>V\u00f6\u00f6rimootor Minn Kota Ultrex 80 LB 24V Sonar<\/title>\n<meta name=\"description\" content=\"Spot-Lock GPS, Power Steering ja MEGA Down Imaging sonar tagavad t\u00e4pse paadi juhtimise kalastamisel. Kuni 3a garantii registreerimisel.\" \/>\n<meta name=\"robots\" content=\"index, follow, max-snippet:-1, max-image-preview:large, max-video-preview:-1\" \/>\n<link rel=\"canonical\" href=\"https:\/\/nordlinepaadid.ee\/et\/pood\/voorimootorid\/minn-kota-ultrex\/voorimootor-minn-kota-ultrex-80-lb-24v-sonar\/\" \/>\n<meta property=\"og:locale\" content=\"et_EE\" \/>\n<meta property=\"og:type\" content=\"article\" \/>\n<meta property=\"og:title\" content=\"V\u00f6\u00f6rimootor Minn Kota Ultrex 80 LB 24V Sonar\" \/>\n<meta property=\"og:description\" content=\"Spot-Lock GPS, Power Steering ja MEGA Down Imaging sonar tagavad t\u00e4pse paadi juhtimise kalastamisel. Kuni 3a garantii registreerimisel.\" \/>\n<meta property=\"og:url\" content=\"https:\/\/nordlinepaadid.ee\/et\/pood\/voorimootorid\/minn-kota-ultrex\/voorimootor-minn-kota-ultrex-80-lb-24v-sonar\/\" \/>\n<meta property=\"og:site_name\" content=\"NORDLINE s\u00f5udepaadid ja mootorpaadid. Klaasfiiber materjalist.\" \/>\n<meta property=\"article:publisher\" content=\"https:\/\/www.facebook.com\/nordlineboats\" \/>\n<meta property=\"article:modified_time\" content=\"2026-03-04T10:38:29+00:00\" \/>\n<meta property=\"og:image\" content=\"https:\/\/nordlinepaadid.ee\/wp-content\/uploads\/2026\/03\/Voorimootor-Minn-Kota-Ultrex-kaugjuhtimisega.webp\" \/>\n\t<meta property=\"og:image:width\" content=\"828\" \/>\n\t<meta property=\"og:image:height\" content=\"828\" \/>\n\t<meta property=\"og:image:type\" content=\"image\/webp\" \/>\n<meta name=\"twitter:card\" content=\"summary_large_image\" \/>\n<meta name=\"twitter:label1\" content=\"Est. reading time\" \/>\n\t<meta name=\"twitter:data1\" content=\"3 minutit\" \/>\n<script type=\"application\/ld+json\" class=\"yoast-schema-graph\">{\"@context\":\"https:\\\/\\\/schema.org\",\"@graph\":[{\"@type\":\"WebPage\",\"@id\":\"https:\\\/\\\/nordlinepaadid.ee\\\/et\\\/pood\\\/voorimootorid\\\/minn-kota-ultrex\\\/voorimootor-minn-kota-ultrex-80-lb-24v-sonar\\\/\",\"url\":\"https:\\\/\\\/nordlinepaadid.ee\\\/et\\\/pood\\\/voorimootorid\\\/minn-kota-ultrex\\\/voorimootor-minn-kota-ultrex-80-lb-24v-sonar\\\/\",\"name\":\"V\u00f6\u00f6rimootor Minn Kota Ultrex 80 LB 24V Sonar\",\"isPartOf\":{\"@id\":\"https:\\\/\\\/nordlinepaadid.ee\\\/et\\\/#website\"},\"primaryImageOfPage\":{\"@id\":\"https:\\\/\\\/nordlinepaadid.ee\\\/et\\\/pood\\\/voorimootorid\\\/minn-kota-ultrex\\\/voorimootor-minn-kota-ultrex-80-lb-24v-sonar\\\/#primaryimage\"},\"image\":{\"@id\":\"https:\\\/\\\/nordlinepaadid.ee\\\/et\\\/pood\\\/voorimootorid\\\/minn-kota-ultrex\\\/voorimootor-minn-kota-ultrex-80-lb-24v-sonar\\\/#primaryimage\"},\"thumbnailUrl\":\"https:\\\/\\\/nordlinepaadid.ee\\\/wp-content\\\/uploads\\\/2026\\\/03\\\/Voorimootor-Minn-Kota-Ultrex-kaugjuhtimisega.webp\",\"datePublished\":\"2026-03-04T09:51:13+00:00\",\"dateModified\":\"2026-03-04T10:38:29+00:00\",\"description\":\"Spot-Lock GPS, Power Steering ja MEGA Down Imaging sonar tagavad t\u00e4pse paadi juhtimise kalastamisel. Kuni 3a garantii registreerimisel.\",\"breadcrumb\":{\"@id\":\"https:\\\/\\\/nordlinepaadid.ee\\\/et\\\/pood\\\/voorimootorid\\\/minn-kota-ultrex\\\/voorimootor-minn-kota-ultrex-80-lb-24v-sonar\\\/#breadcrumb\"},\"inLanguage\":\"et\",\"potentialAction\":[{\"@type\":\"ReadAction\",\"target\":[\"https:\\\/\\\/nordlinepaadid.ee\\\/et\\\/pood\\\/voorimootorid\\\/minn-kota-ultrex\\\/voorimootor-minn-kota-ultrex-80-lb-24v-sonar\\\/\"]}]},{\"@type\":\"ImageObject\",\"inLanguage\":\"et\",\"@id\":\"https:\\\/\\\/nordlinepaadid.ee\\\/et\\\/pood\\\/voorimootorid\\\/minn-kota-ultrex\\\/voorimootor-minn-kota-ultrex-80-lb-24v-sonar\\\/#primaryimage\",\"url\":\"https:\\\/\\\/nordlinepaadid.ee\\\/wp-content\\\/uploads\\\/2026\\\/03\\\/Voorimootor-Minn-Kota-Ultrex-kaugjuhtimisega.webp\",\"contentUrl\":\"https:\\\/\\\/nordlinepaadid.ee\\\/wp-content\\\/uploads\\\/2026\\\/03\\\/Voorimootor-Minn-Kota-Ultrex-kaugjuhtimisega.webp\",\"width\":828,\"height\":828,\"caption\":\"V\u00f6\u00f6rimootor Minn Kota Ultrex kaugjuhtimisega\"},{\"@type\":\"BreadcrumbList\",\"@id\":\"https:\\\/\\\/nordlinepaadid.ee\\\/et\\\/pood\\\/voorimootorid\\\/minn-kota-ultrex\\\/voorimootor-minn-kota-ultrex-80-lb-24v-sonar\\\/#breadcrumb\",\"itemListElement\":[{\"@type\":\"ListItem\",\"position\":1,\"name\":\"Home\",\"item\":\"https:\\\/\\\/nordlinepaadid.ee\\\/et\\\/\"},{\"@type\":\"ListItem\",\"position\":2,\"name\":\"Pood\",\"item\":\"https:\\\/\\\/nordlinepaadid.ee\\\/et\\\/pood\\\/\"},{\"@type\":\"ListItem\",\"position\":3,\"name\":\"Minn Kota Ultrex 80 LBS 52&#8243;\\\/132cm 24V with Dual Chirp sonar\"}]},{\"@type\":\"WebSite\",\"@id\":\"https:\\\/\\\/nordlinepaadid.ee\\\/et\\\/#website\",\"url\":\"https:\\\/\\\/nordlinepaadid.ee\\\/et\\\/\",\"name\":\"NORDLINE s\u00f5udepaadid ja mootorpaadid. Klaasfiiber materjalist.\",\"description\":\"\",\"publisher\":{\"@id\":\"https:\\\/\\\/nordlinepaadid.ee\\\/et\\\/#organization\"},\"potentialAction\":[{\"@type\":\"SearchAction\",\"target\":{\"@type\":\"EntryPoint\",\"urlTemplate\":\"https:\\\/\\\/nordlinepaadid.ee\\\/et\\\/?s={search_term_string}\"},\"query-input\":{\"@type\":\"PropertyValueSpecification\",\"valueRequired\":true,\"valueName\":\"search_term_string\"}}],\"inLanguage\":\"et\"},{\"@type\":\"Organization\",\"@id\":\"https:\\\/\\\/nordlinepaadid.ee\\\/et\\\/#organization\",\"name\":\"Nordlineboats\",\"url\":\"https:\\\/\\\/nordlinepaadid.ee\\\/et\\\/\",\"logo\":{\"@type\":\"ImageObject\",\"inLanguage\":\"et\",\"@id\":\"https:\\\/\\\/nordlinepaadid.ee\\\/et\\\/#\\\/schema\\\/logo\\\/image\\\/\",\"url\":\"https:\\\/\\\/nordlinepaadid.ee\\\/wp-content\\\/uploads\\\/2023\\\/01\\\/fulllogo_transparent_nobuffer-e1672750475494.png\",\"contentUrl\":\"https:\\\/\\\/nordlinepaadid.ee\\\/wp-content\\\/uploads\\\/2023\\\/01\\\/fulllogo_transparent_nobuffer-e1672750475494.png\",\"width\":150,\"height\":119,\"caption\":\"Nordlineboats\"},\"image\":{\"@id\":\"https:\\\/\\\/nordlinepaadid.ee\\\/et\\\/#\\\/schema\\\/logo\\\/image\\\/\"},\"sameAs\":[\"https:\\\/\\\/www.facebook.com\\\/nordlineboats\",\"https:\\\/\\\/www.youtube.com\\\/channel\\\/UCbgF0fy02y3QkFnujaLTaCA\"]}]}<\/script>\n<!-- \/ Yoast SEO plugin. -->","yoast_head_json":{"title":"V\u00f6\u00f6rimootor Minn Kota Ultrex 80 LB 24V Sonar","description":"Spot-Lock GPS, Power Steering ja MEGA Down Imaging sonar tagavad t\u00e4pse paadi juhtimise kalastamisel. Kuni 3a garantii registreerimisel.","robots":{"index":"index","follow":"follow","max-snippet":"max-snippet:-1","max-image-preview":"max-image-preview:large","max-video-preview":"max-video-preview:-1"},"canonical":"https:\/\/nordlinepaadid.ee\/et\/pood\/voorimootorid\/minn-kota-ultrex\/voorimootor-minn-kota-ultrex-80-lb-24v-sonar\/","og_locale":"et_EE","og_type":"article","og_title":"V\u00f6\u00f6rimootor Minn Kota Ultrex 80 LB 24V Sonar","og_description":"Spot-Lock GPS, Power Steering ja MEGA Down Imaging sonar tagavad t\u00e4pse paadi juhtimise kalastamisel. Kuni 3a garantii registreerimisel.","og_url":"https:\/\/nordlinepaadid.ee\/et\/pood\/voorimootorid\/minn-kota-ultrex\/voorimootor-minn-kota-ultrex-80-lb-24v-sonar\/","og_site_name":"NORDLINE s\u00f5udepaadid ja mootorpaadid. Klaasfiiber materjalist.","article_publisher":"https:\/\/www.facebook.com\/nordlineboats","article_modified_time":"2026-03-04T10:38:29+00:00","og_image":[{"width":828,"height":828,"url":"https:\/\/nordlinepaadid.ee\/wp-content\/uploads\/2026\/03\/Voorimootor-Minn-Kota-Ultrex-kaugjuhtimisega.webp","type":"image\/webp"}],"twitter_card":"summary_large_image","twitter_misc":{"Est. reading time":"3 minutit"},"schema":{"@context":"https:\/\/schema.org","@graph":[{"@type":"WebPage","@id":"https:\/\/nordlinepaadid.ee\/et\/pood\/voorimootorid\/minn-kota-ultrex\/voorimootor-minn-kota-ultrex-80-lb-24v-sonar\/","url":"https:\/\/nordlinepaadid.ee\/et\/pood\/voorimootorid\/minn-kota-ultrex\/voorimootor-minn-kota-ultrex-80-lb-24v-sonar\/","name":"V\u00f6\u00f6rimootor Minn Kota Ultrex 80 LB 24V Sonar","isPartOf":{"@id":"https:\/\/nordlinepaadid.ee\/et\/#website"},"primaryImageOfPage":{"@id":"https:\/\/nordlinepaadid.ee\/et\/pood\/voorimootorid\/minn-kota-ultrex\/voorimootor-minn-kota-ultrex-80-lb-24v-sonar\/#primaryimage"},"image":{"@id":"https:\/\/nordlinepaadid.ee\/et\/pood\/voorimootorid\/minn-kota-ultrex\/voorimootor-minn-kota-ultrex-80-lb-24v-sonar\/#primaryimage"},"thumbnailUrl":"https:\/\/nordlinepaadid.ee\/wp-content\/uploads\/2026\/03\/Voorimootor-Minn-Kota-Ultrex-kaugjuhtimisega.webp","datePublished":"2026-03-04T09:51:13+00:00","dateModified":"2026-03-04T10:38:29+00:00","description":"Spot-Lock GPS, Power Steering ja MEGA Down Imaging sonar tagavad t\u00e4pse paadi juhtimise kalastamisel. Kuni 3a garantii registreerimisel.","breadcrumb":{"@id":"https:\/\/nordlinepaadid.ee\/et\/pood\/voorimootorid\/minn-kota-ultrex\/voorimootor-minn-kota-ultrex-80-lb-24v-sonar\/#breadcrumb"},"inLanguage":"et","potentialAction":[{"@type":"ReadAction","target":["https:\/\/nordlinepaadid.ee\/et\/pood\/voorimootorid\/minn-kota-ultrex\/voorimootor-minn-kota-ultrex-80-lb-24v-sonar\/"]}]},{"@type":"ImageObject","inLanguage":"et","@id":"https:\/\/nordlinepaadid.ee\/et\/pood\/voorimootorid\/minn-kota-ultrex\/voorimootor-minn-kota-ultrex-80-lb-24v-sonar\/#primaryimage","url":"https:\/\/nordlinepaadid.ee\/wp-content\/uploads\/2026\/03\/Voorimootor-Minn-Kota-Ultrex-kaugjuhtimisega.webp","contentUrl":"https:\/\/nordlinepaadid.ee\/wp-content\/uploads\/2026\/03\/Voorimootor-Minn-Kota-Ultrex-kaugjuhtimisega.webp","width":828,"height":828,"caption":"V\u00f6\u00f6rimootor Minn Kota Ultrex kaugjuhtimisega"},{"@type":"BreadcrumbList","@id":"https:\/\/nordlinepaadid.ee\/et\/pood\/voorimootorid\/minn-kota-ultrex\/voorimootor-minn-kota-ultrex-80-lb-24v-sonar\/#breadcrumb","itemListElement":[{"@type":"ListItem","position":1,"name":"Home","item":"https:\/\/nordlinepaadid.ee\/et\/"},{"@type":"ListItem","position":2,"name":"Pood","item":"https:\/\/nordlinepaadid.ee\/et\/pood\/"},{"@type":"ListItem","position":3,"name":"Minn Kota Ultrex 80 LBS 52&#8243;\/132cm 24V with Dual Chirp sonar"}]},{"@type":"WebSite","@id":"https:\/\/nordlinepaadid.ee\/et\/#website","url":"https:\/\/nordlinepaadid.ee\/et\/","name":"NORDLINE s\u00f5udepaadid ja mootorpaadid. Klaasfiiber materjalist.","description":"","publisher":{"@id":"https:\/\/nordlinepaadid.ee\/et\/#organization"},"potentialAction":[{"@type":"SearchAction","target":{"@type":"EntryPoint","urlTemplate":"https:\/\/nordlinepaadid.ee\/et\/?s={search_term_string}"},"query-input":{"@type":"PropertyValueSpecification","valueRequired":true,"valueName":"search_term_string"}}],"inLanguage":"et"},{"@type":"Organization","@id":"https:\/\/nordlinepaadid.ee\/et\/#organization","name":"Nordlineboats","url":"https:\/\/nordlinepaadid.ee\/et\/","logo":{"@type":"ImageObject","inLanguage":"et","@id":"https:\/\/nordlinepaadid.ee\/et\/#\/schema\/logo\/image\/","url":"https:\/\/nordlinepaadid.ee\/wp-content\/uploads\/2023\/01\/fulllogo_transparent_nobuffer-e1672750475494.png","contentUrl":"https:\/\/nordlinepaadid.ee\/wp-content\/uploads\/2023\/01\/fulllogo_transparent_nobuffer-e1672750475494.png","width":150,"height":119,"caption":"Nordlineboats"},"image":{"@id":"https:\/\/nordlinepaadid.ee\/et\/#\/schema\/logo\/image\/"},"sameAs":["https:\/\/www.facebook.com\/nordlineboats","https:\/\/www.youtube.com\/channel\/UCbgF0fy02y3QkFnujaLTaCA"]}]}},"taxonomy_info":{"product_brand":[{"value":1869,"label":"Minn Kota"}],"product_cat":[{"value":1877,"label":"Minn Kota Ultrex"},{"value":1873,"label":"V\u00d6\u00d6RIMOOTORID"}]},"featured_image_src_large":["https:\/\/nordlinepaadid.ee\/wp-content\/uploads\/2026\/03\/Voorimootor-Minn-Kota-Ultrex-kaugjuhtimisega.webp",828,828,false],"author_info":[],"comment_info":"","_links":{"self":[{"href":"https:\/\/nordlinepaadid.ee\/et\/wp-json\/wp\/v2\/product\/56971","targetHints":{"allow":["GET"]}}],"collection":[{"href":"https:\/\/nordlinepaadid.ee\/et\/wp-json\/wp\/v2\/product"}],"about":[{"href":"https:\/\/nordlinepaadid.ee\/et\/wp-json\/wp\/v2\/types\/product"}],"wp:featuredmedia":[{"embeddable":true,"href":"https:\/\/nordlinepaadid.ee\/et\/wp-json\/wp\/v2\/media\/56973"}],"wp:attachment":[{"href":"https:\/\/nordlinepaadid.ee\/et\/wp-json\/wp\/v2\/media?parent=56971"}],"wp:term":[{"taxonomy":"product_brand","embeddable":true,"href":"https:\/\/nordlinepaadid.ee\/et\/wp-json\/wp\/v2\/product_brand?post=56971"},{"taxonomy":"product_cat","embeddable":true,"href":"https:\/\/nordlinepaadid.ee\/et\/wp-json\/wp\/v2\/product_cat?post=56971"},{"taxonomy":"product_tag","embeddable":true,"href":"https:\/\/nordlinepaadid.ee\/et\/wp-json\/wp\/v2\/product_tag?post=56971"}],"curies":[{"name":"wp","href":"https:\/\/api.w.org\/{rel}","templated":true}]}}