{"id":57015,"date":"2026-03-10T13:21:16","date_gmt":"2026-03-10T11:21:16","guid":{"rendered":"https:\/\/nordlinepaadid.ee\/?post_type=product&#038;p=57015"},"modified":"2026-03-10T13:48:25","modified_gmt":"2026-03-10T11:48:25","slug":"kajalood-lowrance-hds-16-pro-ilma-andurita","status":"publish","type":"product","link":"https:\/\/nordlinepaadid.ee\/et\/pood\/kaardiplotterid\/kajalood-lowrance-hds-16-pro-ilma-andurita\/","title":{"rendered":"Lowrance HDS-16 PRO ILMA ANDURITA"},"content":{"rendered":"<h1>Lowrance HDS-16 PRO ilma andurita<\/h1>\n<p data-start=\"122\" data-end=\"687\">Lowrance HDS-16 PRO on tipptasemel <strong data-start=\"157\" data-end=\"188\">kalaleidja ja kaardiplotter<\/strong>, mis on m\u00f5eldud n\u00f5udlikule kalastajale v\u00f5i paadiomanikule, kes soovib maksimaalset detaili ja kontrolli vee all toimuva \u00fcle. Seade \u00fchendab <strong data-start=\"328\" data-end=\"382\">16-tollise Full HD SolarMAX\u2122 puutetundliku ekraani.\u00a0<\/strong>Ilma andurite seade on m\u00f5eldud enamasti kasutamiseks m\u00f5ne teise anduriga v\u00f5i siis v\u00f5rgus oleva anduriga.<\/p>\n<p data-start=\"122\" data-end=\"687\">Antud komplektis puudub andur!<\/p>\n<h1 data-section-id=\"16p8zwk\" data-start=\"694\" data-end=\"713\">Peamised omadused<\/h1>\n<h2 data-section-id=\"frzbek\" data-start=\"715\" data-end=\"758\">Ultra-detailne sonar \u2013 Active Imaging HD<\/h2>\n<p data-start=\"759\" data-end=\"1041\">Active Imaging\u2122 HD tehnoloogia pakub \u00fcht selgeimat sonaripilti Lowrance\u2019i seadmete seas. See \u00fchendab <strong data-start=\"860\" data-end=\"875\">CHIRP sonar<\/strong>, <strong data-start=\"877\" data-end=\"889\">SideScan<\/strong> ja <strong data-start=\"893\" data-end=\"914\">DownScan Imaging\u2122<\/strong>, et kuvada kalad, p\u00f5hjastruktuurid, taimestik ja muud objektid erakordse detailsusega.<\/p>\n<ul data-start=\"1043\" data-end=\"1219\">\n<li data-section-id=\"1wz3dlo\" data-start=\"1043\" data-end=\"1086\">\n<p data-start=\"1045\" data-end=\"1086\">t\u00e4pne kalade ja struktuuride eristamine<\/p>\n<\/li>\n<li data-section-id=\"g8aia7\" data-start=\"1087\" data-end=\"1118\">\n<p data-start=\"1089\" data-end=\"1118\">v\u00e4ga detailne p\u00f5hja kujutis<\/p>\n<\/li>\n<li data-section-id=\"1apsqtj\" data-start=\"1119\" data-end=\"1155\">\n<p data-start=\"1121\" data-end=\"1155\">laia ala kattev k\u00fclgskaneerimine<\/p>\n<\/li>\n<li data-section-id=\"1m7dlt3\" data-start=\"1156\" data-end=\"1219\">\n<p data-start=\"1158\" data-end=\"1219\">ideaalne kivide, puude, roostike ja drop-off\u2019ide leidmiseks<\/p>\n<\/li>\n<\/ul>\n<hr data-start=\"1221\" data-end=\"1224\" \/>\n<h2 data-section-id=\"1orn30p\" data-start=\"1226\" data-end=\"1257\">16\u2033 SolarMAX\u2122 Full HD ekraan<\/h2>\n<p data-start=\"1258\" data-end=\"1455\">Seadmel on suur <strong data-start=\"1274\" data-end=\"1328\">16-tolline Full HD (1920\u00d71080) puutetundlik ekraan<\/strong>, mis on h\u00e4sti n\u00e4htav ka tugeva p\u00e4ikesevalguse k\u00e4es ja isegi polariseeritud prillidega.<\/p>\n<ul data-start=\"1457\" data-end=\"1580\">\n<li data-section-id=\"1936e4t\" data-start=\"1457\" data-end=\"1487\">\n<p data-start=\"1459\" data-end=\"1487\">multi-touch puutejuhtimine<\/p>\n<\/li>\n<li data-section-id=\"ajfial\" data-start=\"1488\" data-end=\"1510\">\n<p data-start=\"1490\" data-end=\"1510\">v\u00e4ga lai vaatenurk<\/p>\n<\/li>\n<li data-section-id=\"ouw9lu\" data-start=\"1511\" data-end=\"1542\">\n<p data-start=\"1513\" data-end=\"1542\">k\u00f5rge kontrastsus ja eredus<\/p>\n<\/li>\n<li data-section-id=\"1agqweg\" data-start=\"1543\" data-end=\"1580\">\n<p data-start=\"1545\" data-end=\"1580\">lihtne kasutada ka m\u00e4rgade k\u00e4tega<\/p>\n<\/li>\n<\/ul>\n<hr data-start=\"1582\" data-end=\"1585\" \/>\n<h2 data-section-id=\"1vfqn8w\" data-start=\"1587\" data-end=\"1622\">FishReveal\u2122 \u2013 kalade tuvastamine<\/h2>\n<p data-start=\"1623\" data-end=\"1801\">FishReveal\u2122 \u00fchendab CHIRP-sonari kalas\u00fcmbolid ja DownScan\/SideScan detailse pildiga, mis aitab kalu struktuuride vahel paremini tuvastada.<\/p>\n<p data-start=\"1803\" data-end=\"1835\">See t\u00e4hendab, et n\u00e4ed selgelt:<\/p>\n<ul data-start=\"1836\" data-end=\"1932\">\n<li data-section-id=\"5yf6q2\" data-start=\"1836\" data-end=\"1885\">\n<p data-start=\"1838\" data-end=\"1885\">kas tegemist on kalaga v\u00f5i lihtsalt objektiga<\/p>\n<\/li>\n<li data-section-id=\"5vg7lq\" data-start=\"1886\" data-end=\"1932\">\n<p data-start=\"1888\" data-end=\"1932\">kus kala t\u00e4pselt struktuuri suhtes paikneb<\/p>\n<\/li>\n<\/ul>\n<hr data-start=\"1934\" data-end=\"1937\" \/>\n<h2 data-section-id=\"1uxg5p1\" data-start=\"1939\" data-end=\"1984\">Valmis reaalajas sonariks (ActiveTarget 2)<\/h2>\n<p data-start=\"1985\" data-end=\"2175\">Seade toetab <strong data-start=\"1998\" data-end=\"2028\">ActiveTarget\u00ae 2 Live Sonar<\/strong> tehnoloogiat, mis v\u00f5imaldab n\u00e4ha kalade liikumist reaalajas ja j\u00e4lgida, kuidas nad sinu s\u00f6\u00f6ta reageerivad. Andur ei sisaldu komplektis!<\/p>\n<p data-start=\"2177\" data-end=\"2203\">See on eriti populaarne:<\/p>\n<ul data-start=\"2204\" data-end=\"2260\">\n<li data-section-id=\"qh2h82\" data-start=\"2204\" data-end=\"2222\">\n<p data-start=\"2206\" data-end=\"2222\">vertikaaljigil<\/p>\n<\/li>\n<li data-section-id=\"38artn\" data-start=\"2223\" data-end=\"2237\">\n<p data-start=\"2225\" data-end=\"2237\">spinningul<\/p>\n<\/li>\n<li data-section-id=\"1qx7l9c\" data-start=\"2238\" data-end=\"2260\">\n<p data-start=\"2240\" data-end=\"2260\">v\u00f5istluskalastusel<\/p>\n<\/li>\n<\/ul>\n<hr data-start=\"2262\" data-end=\"2265\" \/>\n<h2 data-section-id=\"2e2gt\" data-start=\"2267\" data-end=\"2306\">V\u00f5imas kaardiplotter ja navigatsioon<\/h2>\n<p data-start=\"2307\" data-end=\"2430\">HDS PRO on samaaegselt ka professionaalne <strong data-start=\"2349\" data-end=\"2370\">GPS-kaardiplotter<\/strong>, mis toetab Lowrance C-MAP ja muid populaarseid merikaarte.<\/p>\n<p data-start=\"2432\" data-end=\"2447\">Funktsioonid:<\/p>\n<ul data-start=\"2448\" data-end=\"2595\">\n<li data-section-id=\"jm7hl0\" data-start=\"2448\" data-end=\"2486\">\n<p data-start=\"2450\" data-end=\"2486\">t\u00e4psed merikaardid ja navigatsioon<\/p>\n<\/li>\n<li data-section-id=\"109rvuj\" data-start=\"2487\" data-end=\"2515\">\n<p data-start=\"2489\" data-end=\"2515\">waypointid ja marsruudid<\/p>\n<\/li>\n<li data-section-id=\"mwub7f\" data-start=\"2516\" data-end=\"2561\">\n<p data-start=\"2518\" data-end=\"2561\">reaalajas kaartide loomine (Genesis Live)<\/p>\n<\/li>\n<li data-section-id=\"60n3gy\" data-start=\"2562\" data-end=\"2595\">\n<p data-start=\"2564\" data-end=\"2595\">paadi s\u00fcsteemide v\u00f5rgustamine<\/p>\n<\/li>\n<\/ul>\n<hr data-start=\"2597\" data-end=\"2600\" \/>\n<h1 data-section-id=\"1mrri71\" data-start=\"2602\" data-end=\"2638\">Milleks seda kajaloodi kasutatakse<\/h1>\n<ul data-start=\"2731\" data-end=\"2927\">\n<li data-section-id=\"mv3zqg\" data-start=\"2887\" data-end=\"2927\">spinningu ja vertikaalp\u00fc\u00fcgi jaoks<\/li>\n<li data-section-id=\"mv3zqg\" data-start=\"2887\" data-end=\"2927\">j\u00e4rvedel ja merel<\/li>\n<li data-section-id=\"mv3zqg\" data-start=\"2887\" data-end=\"2927\">professionaalsel kalastusel<\/li>\n<li data-section-id=\"mv3zqg\" data-start=\"2887\" data-end=\"2927\">suurematele kalastuspaatidele<\/li>\n<\/ul>\n<hr data-start=\"3078\" data-end=\"3081\" \/>\n<h1 data-section-id=\"zf1vfs\" data-start=\"3083\" data-end=\"3102\">Tehnilised andmed<\/h1>\n<p data-start=\"3104\" data-end=\"3114\"><strong data-start=\"3104\" data-end=\"3114\">\u00dcldine<\/strong><\/p>\n<ul data-start=\"3115\" data-end=\"3230\">\n<li data-section-id=\"1bl0zgw\" data-start=\"3115\" data-end=\"3145\">\n<p data-start=\"3117\" data-end=\"3145\">Mudel: Lowrance HDS-16 PRO<\/p>\n<\/li>\n<li data-section-id=\"azyppc\" data-start=\"3175\" data-end=\"3209\">\n<p data-start=\"3177\" data-end=\"3209\">T\u00fc\u00fcp: kajalood \/ kaardiplotter<\/p>\n<\/li>\n<li data-section-id=\"n0c6eo\" data-start=\"3210\" data-end=\"3230\">\n<p data-start=\"3212\" data-end=\"3230\">Veekindlus: IPX7<\/p>\n<\/li>\n<\/ul>\n<p data-start=\"3232\" data-end=\"3242\"><strong data-start=\"3232\" data-end=\"3242\">Ekraan<\/strong><\/p>\n<ul data-start=\"3243\" data-end=\"3350\">\n<li data-section-id=\"17j91zk\" data-start=\"3243\" data-end=\"3268\">\n<p data-start=\"3245\" data-end=\"3268\">Suurus: 16\u2033 (40,6 cm)<\/p>\n<\/li>\n<li data-section-id=\"1l9s7l6\" data-start=\"3269\" data-end=\"3308\">\n<p data-start=\"3271\" data-end=\"3308\">Resolutsioon: 1920 \u00d7 1080 (Full HD)<\/p>\n<\/li>\n<li data-section-id=\"1x8fqeq\" data-start=\"3309\" data-end=\"3350\">\n<p data-start=\"3311\" data-end=\"3350\">Ekraanit\u00fc\u00fcp: SolarMAX HD puutetundlik<\/p>\n<\/li>\n<\/ul>\n<p data-start=\"3352\" data-end=\"3361\"><strong data-start=\"3352\" data-end=\"3361\">Sonar<\/strong><\/p>\n<ul data-start=\"3362\" data-end=\"3620\">\n<li data-section-id=\"1sokov4\" data-start=\"3362\" data-end=\"3404\">\n<p data-start=\"3364\" data-end=\"3404\">PUUDUB<\/p>\n<\/li>\n<\/ul>\n<p data-start=\"3622\" data-end=\"3635\"><strong data-start=\"3622\" data-end=\"3635\">\u00dchenduvus<\/strong><\/p>\n<ul data-start=\"3636\" data-end=\"3709\">\n<li data-section-id=\"4eo3qs\" data-start=\"3636\" data-end=\"3645\">\n<p data-start=\"3638\" data-end=\"3645\">Wi-Fi<\/p>\n<\/li>\n<li data-section-id=\"9220u6\" data-start=\"3646\" data-end=\"3659\">\n<p data-start=\"3648\" data-end=\"3659\">Bluetooth<\/p>\n<\/li>\n<li data-section-id=\"1bxp9uh\" data-start=\"3660\" data-end=\"3672\">\n<p data-start=\"3662\" data-end=\"3672\">Ethernet<\/p>\n<\/li>\n<li data-section-id=\"hb5vnx\" data-start=\"3673\" data-end=\"3686\">\n<p data-start=\"3675\" data-end=\"3686\">NMEA 2000<\/p>\n<\/li>\n<li data-section-id=\"1sqj392\" data-start=\"3687\" data-end=\"3709\">\n<p data-start=\"3689\" data-end=\"3709\">microSD kaardipesa<\/p>\n<\/li>\n<\/ul>\n<p data-start=\"3711\" data-end=\"3730\"><strong data-start=\"3711\" data-end=\"3730\">M\u00f5\u00f5tmed ja kaal<\/strong><\/p>\n<ul data-start=\"3731\" data-end=\"3827\">\n<li data-section-id=\"ys8dj9\" data-start=\"3731\" data-end=\"3766\">\n<p data-start=\"3733\" data-end=\"3766\">M\u00f5\u00f5dud: umbes 430 \u00d7 260 \u00d7 88 mm<\/p>\n<\/li>\n<li data-section-id=\"1lirw01\" data-start=\"3767\" data-end=\"3827\">\n<p data-start=\"3769\" data-end=\"3827\">Kaal: umbes 3,6 kg<\/p>\n<\/li>\n<\/ul>\n<hr data-start=\"3829\" data-end=\"3832\" \/>\n<h1 data-section-id=\"30crkj\" data-start=\"3834\" data-end=\"3846\">Komplektis<\/h1>\n<ul data-start=\"3847\" data-end=\"4025\">\n<li data-section-id=\"6r54d\" data-start=\"3847\" data-end=\"3877\">\n<p data-start=\"3849\" data-end=\"3877\">Lowrance HDS-16 PRO ekraan<\/p>\n<\/li>\n<li data-section-id=\"ih0rly\" data-start=\"3918\" data-end=\"3938\">\n<p data-start=\"3920\" data-end=\"3938\">paigaldusklamber<\/p>\n<\/li>\n<li data-section-id=\"wxi66j\" data-start=\"3939\" data-end=\"3954\">\n<p data-start=\"3941\" data-end=\"3954\">toitekaabel<\/p>\n<\/li>\n<li data-section-id=\"mcvx4i\" data-start=\"3955\" data-end=\"3969\">\n<p data-start=\"3957\" data-end=\"3969\">kaitsekate<\/p>\n<\/li>\n<li data-section-id=\"19l5pub\" data-start=\"3970\" data-end=\"4025\">\n<p data-start=\"3972\" data-end=\"4025\">kasutusjuhend<\/p>\n<\/li>\n<\/ul>\n<p>Vaata ka erinevate Lowrance <a href=\"https:\/\/nordlinepaadid.ee\/et\/lowrance-kajaloodide-vordlus\/\" target=\"_blank\" rel=\"noopener\">kajaloodide v\u00f5rdlustabelit.<\/a><br \/>\nSamuti saab t\u00e4psemalt andmeid tootja kodulehelt <a href=\"https:\/\/www.lowrance.com\/en-au\/hds-pro\/\" target=\"_blank\" rel=\"noopener\">Lowrance HDS PRO<\/a><\/p>\n","protected":false},"excerpt":{"rendered":"<p>16-tolline Full HD (1920\u00d71080) puutetundlik ekraan<\/p>\n","protected":false},"featured_media":57009,"template":"","meta":{"_kad_blocks_custom_css":"","_kad_blocks_head_custom_js":"","_kad_blocks_body_custom_js":"","_kad_blocks_footer_custom_js":"","_kad_post_transparent":"default","_kad_post_title":"","_kad_post_layout":"default","_kad_post_sidebar_id":"","_kad_post_content_style":"default","_kad_post_vertical_padding":"default","_kad_post_feature":"","_kad_post_feature_position":"","_kad_post_header":false,"_kad_post_footer":false,"_kad_post_classname":""},"product_brand":[1881],"product_cat":[1880],"product_tag":[],"class_list":{"0":"post-57015","1":"product","2":"type-product","3":"status-publish","4":"has-post-thumbnail","6":"product_brand-lowrance","7":"product_cat-kaardiplotterid","8":"product_shipping_class-pakiautomaati-mahtuv-kaup","9":"tm-no-options","11":"first","12":"onbackorder","13":"sale","14":"taxable","15":"shipping-taxable","16":"purchasable","17":"product-type-simple","18":"entry","19":"content-bg","20":"loop-entry"},"yoast_head":"<!-- This site is optimized with the Yoast SEO plugin v27.3 - https:\/\/yoast.com\/product\/yoast-seo-wordpress\/ -->\n<title>Kajalood Lowrance HDS-16 PRO ilma andurita<\/title>\n<meta name=\"description\" content=\"16-tolline Full HD (1920\u00d71080) puutetundlik ekraan. Professionaalne CHIRP, SideScan ja DownScan sonar kalade ja p\u00f5hjastruktuuride t\u00e4pseks leidmiseks.\" \/>\n<meta name=\"robots\" content=\"index, follow, max-snippet:-1, max-image-preview:large, max-video-preview:-1\" \/>\n<link rel=\"canonical\" href=\"https:\/\/nordlinepaadid.ee\/et\/pood\/kaardiplotterid\/kajalood-lowrance-hds-16-pro-ilma-andurita\/\" \/>\n<meta property=\"og:locale\" content=\"et_EE\" \/>\n<meta property=\"og:type\" content=\"article\" \/>\n<meta property=\"og:title\" content=\"Kajalood Lowrance HDS-16 PRO ilma andurita\" \/>\n<meta property=\"og:description\" content=\"16-tolline Full HD (1920\u00d71080) puutetundlik ekraan. Professionaalne CHIRP, SideScan ja DownScan sonar kalade ja p\u00f5hjastruktuuride t\u00e4pseks leidmiseks.\" \/>\n<meta property=\"og:url\" content=\"https:\/\/nordlinepaadid.ee\/et\/pood\/kaardiplotterid\/kajalood-lowrance-hds-16-pro-ilma-andurita\/\" \/>\n<meta property=\"og:site_name\" content=\"NORDLINE s\u00f5udepaadid ja mootorpaadid. Klaasfiiber materjalist.\" \/>\n<meta property=\"article:publisher\" content=\"https:\/\/www.facebook.com\/nordlineboats\" \/>\n<meta property=\"article:modified_time\" content=\"2026-03-10T11:48:25+00:00\" \/>\n<meta property=\"og:image\" content=\"https:\/\/nordlinepaadid.ee\/wp-content\/uploads\/2026\/03\/Lowrance-HDS-16-PRO-Active-Imaging-HD-3-in-1-andur-ROW-kalastuseks.jpg\" \/>\n\t<meta property=\"og:image:width\" content=\"600\" \/>\n\t<meta property=\"og:image:height\" content=\"600\" \/>\n\t<meta property=\"og:image:type\" content=\"image\/jpeg\" \/>\n<meta name=\"twitter:card\" content=\"summary_large_image\" \/>\n<meta name=\"twitter:label1\" content=\"Est. reading time\" \/>\n\t<meta name=\"twitter:data1\" content=\"3 minutit\" \/>\n<script type=\"application\/ld+json\" class=\"yoast-schema-graph\">{\"@context\":\"https:\\\/\\\/schema.org\",\"@graph\":[{\"@type\":\"WebPage\",\"@id\":\"https:\\\/\\\/nordlinepaadid.ee\\\/et\\\/pood\\\/kaardiplotterid\\\/kajalood-lowrance-hds-16-pro-ilma-andurita\\\/\",\"url\":\"https:\\\/\\\/nordlinepaadid.ee\\\/et\\\/pood\\\/kaardiplotterid\\\/kajalood-lowrance-hds-16-pro-ilma-andurita\\\/\",\"name\":\"Kajalood Lowrance HDS-16 PRO ilma andurita\",\"isPartOf\":{\"@id\":\"https:\\\/\\\/nordlinepaadid.ee\\\/et\\\/#website\"},\"primaryImageOfPage\":{\"@id\":\"https:\\\/\\\/nordlinepaadid.ee\\\/et\\\/pood\\\/kaardiplotterid\\\/kajalood-lowrance-hds-16-pro-ilma-andurita\\\/#primaryimage\"},\"image\":{\"@id\":\"https:\\\/\\\/nordlinepaadid.ee\\\/et\\\/pood\\\/kaardiplotterid\\\/kajalood-lowrance-hds-16-pro-ilma-andurita\\\/#primaryimage\"},\"thumbnailUrl\":\"https:\\\/\\\/nordlinepaadid.ee\\\/wp-content\\\/uploads\\\/2026\\\/03\\\/Lowrance-HDS-16-PRO-Active-Imaging-HD-3-in-1-andur-ROW-kalastuseks.jpg\",\"datePublished\":\"2026-03-10T11:21:16+00:00\",\"dateModified\":\"2026-03-10T11:48:25+00:00\",\"description\":\"16-tolline Full HD (1920\u00d71080) puutetundlik ekraan. Professionaalne CHIRP, SideScan ja DownScan sonar kalade ja p\u00f5hjastruktuuride t\u00e4pseks leidmiseks.\",\"breadcrumb\":{\"@id\":\"https:\\\/\\\/nordlinepaadid.ee\\\/et\\\/pood\\\/kaardiplotterid\\\/kajalood-lowrance-hds-16-pro-ilma-andurita\\\/#breadcrumb\"},\"inLanguage\":\"et\",\"potentialAction\":[{\"@type\":\"ReadAction\",\"target\":[\"https:\\\/\\\/nordlinepaadid.ee\\\/et\\\/pood\\\/kaardiplotterid\\\/kajalood-lowrance-hds-16-pro-ilma-andurita\\\/\"]}]},{\"@type\":\"ImageObject\",\"inLanguage\":\"et\",\"@id\":\"https:\\\/\\\/nordlinepaadid.ee\\\/et\\\/pood\\\/kaardiplotterid\\\/kajalood-lowrance-hds-16-pro-ilma-andurita\\\/#primaryimage\",\"url\":\"https:\\\/\\\/nordlinepaadid.ee\\\/wp-content\\\/uploads\\\/2026\\\/03\\\/Lowrance-HDS-16-PRO-Active-Imaging-HD-3-in-1-andur-ROW-kalastuseks.jpg\",\"contentUrl\":\"https:\\\/\\\/nordlinepaadid.ee\\\/wp-content\\\/uploads\\\/2026\\\/03\\\/Lowrance-HDS-16-PRO-Active-Imaging-HD-3-in-1-andur-ROW-kalastuseks.jpg\",\"width\":600,\"height\":600,\"caption\":\"Lowrance HDS-16 PRO + Active Imaging HD 3-in-1 andur (ROW) kalastuseks\"},{\"@type\":\"BreadcrumbList\",\"@id\":\"https:\\\/\\\/nordlinepaadid.ee\\\/et\\\/pood\\\/kaardiplotterid\\\/kajalood-lowrance-hds-16-pro-ilma-andurita\\\/#breadcrumb\",\"itemListElement\":[{\"@type\":\"ListItem\",\"position\":1,\"name\":\"Home\",\"item\":\"https:\\\/\\\/nordlinepaadid.ee\\\/et\\\/\"},{\"@type\":\"ListItem\",\"position\":2,\"name\":\"Pood\",\"item\":\"https:\\\/\\\/nordlinepaadid.ee\\\/et\\\/pood\\\/\"},{\"@type\":\"ListItem\",\"position\":3,\"name\":\"Lowrance HDS-16 PRO ILMA ANDURITA\"}]},{\"@type\":\"WebSite\",\"@id\":\"https:\\\/\\\/nordlinepaadid.ee\\\/et\\\/#website\",\"url\":\"https:\\\/\\\/nordlinepaadid.ee\\\/et\\\/\",\"name\":\"NORDLINE s\u00f5udepaadid ja mootorpaadid. Klaasfiiber materjalist.\",\"description\":\"\",\"publisher\":{\"@id\":\"https:\\\/\\\/nordlinepaadid.ee\\\/et\\\/#organization\"},\"potentialAction\":[{\"@type\":\"SearchAction\",\"target\":{\"@type\":\"EntryPoint\",\"urlTemplate\":\"https:\\\/\\\/nordlinepaadid.ee\\\/et\\\/?s={search_term_string}\"},\"query-input\":{\"@type\":\"PropertyValueSpecification\",\"valueRequired\":true,\"valueName\":\"search_term_string\"}}],\"inLanguage\":\"et\"},{\"@type\":\"Organization\",\"@id\":\"https:\\\/\\\/nordlinepaadid.ee\\\/et\\\/#organization\",\"name\":\"Nordlineboats\",\"url\":\"https:\\\/\\\/nordlinepaadid.ee\\\/et\\\/\",\"logo\":{\"@type\":\"ImageObject\",\"inLanguage\":\"et\",\"@id\":\"https:\\\/\\\/nordlinepaadid.ee\\\/et\\\/#\\\/schema\\\/logo\\\/image\\\/\",\"url\":\"https:\\\/\\\/nordlinepaadid.ee\\\/wp-content\\\/uploads\\\/2023\\\/01\\\/fulllogo_transparent_nobuffer-e1672750475494.png\",\"contentUrl\":\"https:\\\/\\\/nordlinepaadid.ee\\\/wp-content\\\/uploads\\\/2023\\\/01\\\/fulllogo_transparent_nobuffer-e1672750475494.png\",\"width\":150,\"height\":119,\"caption\":\"Nordlineboats\"},\"image\":{\"@id\":\"https:\\\/\\\/nordlinepaadid.ee\\\/et\\\/#\\\/schema\\\/logo\\\/image\\\/\"},\"sameAs\":[\"https:\\\/\\\/www.facebook.com\\\/nordlineboats\",\"https:\\\/\\\/www.youtube.com\\\/channel\\\/UCbgF0fy02y3QkFnujaLTaCA\"]}]}<\/script>\n<!-- \/ Yoast SEO plugin. -->","yoast_head_json":{"title":"Kajalood Lowrance HDS-16 PRO ilma andurita","description":"16-tolline Full HD (1920\u00d71080) puutetundlik ekraan. Professionaalne CHIRP, SideScan ja DownScan sonar kalade ja p\u00f5hjastruktuuride t\u00e4pseks leidmiseks.","robots":{"index":"index","follow":"follow","max-snippet":"max-snippet:-1","max-image-preview":"max-image-preview:large","max-video-preview":"max-video-preview:-1"},"canonical":"https:\/\/nordlinepaadid.ee\/et\/pood\/kaardiplotterid\/kajalood-lowrance-hds-16-pro-ilma-andurita\/","og_locale":"et_EE","og_type":"article","og_title":"Kajalood Lowrance HDS-16 PRO ilma andurita","og_description":"16-tolline Full HD (1920\u00d71080) puutetundlik ekraan. Professionaalne CHIRP, SideScan ja DownScan sonar kalade ja p\u00f5hjastruktuuride t\u00e4pseks leidmiseks.","og_url":"https:\/\/nordlinepaadid.ee\/et\/pood\/kaardiplotterid\/kajalood-lowrance-hds-16-pro-ilma-andurita\/","og_site_name":"NORDLINE s\u00f5udepaadid ja mootorpaadid. Klaasfiiber materjalist.","article_publisher":"https:\/\/www.facebook.com\/nordlineboats","article_modified_time":"2026-03-10T11:48:25+00:00","og_image":[{"width":600,"height":600,"url":"https:\/\/nordlinepaadid.ee\/wp-content\/uploads\/2026\/03\/Lowrance-HDS-16-PRO-Active-Imaging-HD-3-in-1-andur-ROW-kalastuseks.jpg","type":"image\/jpeg"}],"twitter_card":"summary_large_image","twitter_misc":{"Est. reading time":"3 minutit"},"schema":{"@context":"https:\/\/schema.org","@graph":[{"@type":"WebPage","@id":"https:\/\/nordlinepaadid.ee\/et\/pood\/kaardiplotterid\/kajalood-lowrance-hds-16-pro-ilma-andurita\/","url":"https:\/\/nordlinepaadid.ee\/et\/pood\/kaardiplotterid\/kajalood-lowrance-hds-16-pro-ilma-andurita\/","name":"Kajalood Lowrance HDS-16 PRO ilma andurita","isPartOf":{"@id":"https:\/\/nordlinepaadid.ee\/et\/#website"},"primaryImageOfPage":{"@id":"https:\/\/nordlinepaadid.ee\/et\/pood\/kaardiplotterid\/kajalood-lowrance-hds-16-pro-ilma-andurita\/#primaryimage"},"image":{"@id":"https:\/\/nordlinepaadid.ee\/et\/pood\/kaardiplotterid\/kajalood-lowrance-hds-16-pro-ilma-andurita\/#primaryimage"},"thumbnailUrl":"https:\/\/nordlinepaadid.ee\/wp-content\/uploads\/2026\/03\/Lowrance-HDS-16-PRO-Active-Imaging-HD-3-in-1-andur-ROW-kalastuseks.jpg","datePublished":"2026-03-10T11:21:16+00:00","dateModified":"2026-03-10T11:48:25+00:00","description":"16-tolline Full HD (1920\u00d71080) puutetundlik ekraan. Professionaalne CHIRP, SideScan ja DownScan sonar kalade ja p\u00f5hjastruktuuride t\u00e4pseks leidmiseks.","breadcrumb":{"@id":"https:\/\/nordlinepaadid.ee\/et\/pood\/kaardiplotterid\/kajalood-lowrance-hds-16-pro-ilma-andurita\/#breadcrumb"},"inLanguage":"et","potentialAction":[{"@type":"ReadAction","target":["https:\/\/nordlinepaadid.ee\/et\/pood\/kaardiplotterid\/kajalood-lowrance-hds-16-pro-ilma-andurita\/"]}]},{"@type":"ImageObject","inLanguage":"et","@id":"https:\/\/nordlinepaadid.ee\/et\/pood\/kaardiplotterid\/kajalood-lowrance-hds-16-pro-ilma-andurita\/#primaryimage","url":"https:\/\/nordlinepaadid.ee\/wp-content\/uploads\/2026\/03\/Lowrance-HDS-16-PRO-Active-Imaging-HD-3-in-1-andur-ROW-kalastuseks.jpg","contentUrl":"https:\/\/nordlinepaadid.ee\/wp-content\/uploads\/2026\/03\/Lowrance-HDS-16-PRO-Active-Imaging-HD-3-in-1-andur-ROW-kalastuseks.jpg","width":600,"height":600,"caption":"Lowrance HDS-16 PRO + Active Imaging HD 3-in-1 andur (ROW) kalastuseks"},{"@type":"BreadcrumbList","@id":"https:\/\/nordlinepaadid.ee\/et\/pood\/kaardiplotterid\/kajalood-lowrance-hds-16-pro-ilma-andurita\/#breadcrumb","itemListElement":[{"@type":"ListItem","position":1,"name":"Home","item":"https:\/\/nordlinepaadid.ee\/et\/"},{"@type":"ListItem","position":2,"name":"Pood","item":"https:\/\/nordlinepaadid.ee\/et\/pood\/"},{"@type":"ListItem","position":3,"name":"Lowrance HDS-16 PRO ILMA ANDURITA"}]},{"@type":"WebSite","@id":"https:\/\/nordlinepaadid.ee\/et\/#website","url":"https:\/\/nordlinepaadid.ee\/et\/","name":"NORDLINE s\u00f5udepaadid ja mootorpaadid. Klaasfiiber materjalist.","description":"","publisher":{"@id":"https:\/\/nordlinepaadid.ee\/et\/#organization"},"potentialAction":[{"@type":"SearchAction","target":{"@type":"EntryPoint","urlTemplate":"https:\/\/nordlinepaadid.ee\/et\/?s={search_term_string}"},"query-input":{"@type":"PropertyValueSpecification","valueRequired":true,"valueName":"search_term_string"}}],"inLanguage":"et"},{"@type":"Organization","@id":"https:\/\/nordlinepaadid.ee\/et\/#organization","name":"Nordlineboats","url":"https:\/\/nordlinepaadid.ee\/et\/","logo":{"@type":"ImageObject","inLanguage":"et","@id":"https:\/\/nordlinepaadid.ee\/et\/#\/schema\/logo\/image\/","url":"https:\/\/nordlinepaadid.ee\/wp-content\/uploads\/2023\/01\/fulllogo_transparent_nobuffer-e1672750475494.png","contentUrl":"https:\/\/nordlinepaadid.ee\/wp-content\/uploads\/2023\/01\/fulllogo_transparent_nobuffer-e1672750475494.png","width":150,"height":119,"caption":"Nordlineboats"},"image":{"@id":"https:\/\/nordlinepaadid.ee\/et\/#\/schema\/logo\/image\/"},"sameAs":["https:\/\/www.facebook.com\/nordlineboats","https:\/\/www.youtube.com\/channel\/UCbgF0fy02y3QkFnujaLTaCA"]}]}},"taxonomy_info":{"product_brand":[{"value":1881,"label":"Lowrance"}],"product_cat":[{"value":1880,"label":"KAJALOODID JA KAARDIPLOTTERID"}]},"featured_image_src_large":["https:\/\/nordlinepaadid.ee\/wp-content\/uploads\/2026\/03\/Lowrance-HDS-16-PRO-Active-Imaging-HD-3-in-1-andur-ROW-kalastuseks.jpg",600,600,false],"author_info":[],"comment_info":"","_links":{"self":[{"href":"https:\/\/nordlinepaadid.ee\/et\/wp-json\/wp\/v2\/product\/57015","targetHints":{"allow":["GET"]}}],"collection":[{"href":"https:\/\/nordlinepaadid.ee\/et\/wp-json\/wp\/v2\/product"}],"about":[{"href":"https:\/\/nordlinepaadid.ee\/et\/wp-json\/wp\/v2\/types\/product"}],"wp:featuredmedia":[{"embeddable":true,"href":"https:\/\/nordlinepaadid.ee\/et\/wp-json\/wp\/v2\/media\/57009"}],"wp:attachment":[{"href":"https:\/\/nordlinepaadid.ee\/et\/wp-json\/wp\/v2\/media?parent=57015"}],"wp:term":[{"taxonomy":"product_brand","embeddable":true,"href":"https:\/\/nordlinepaadid.ee\/et\/wp-json\/wp\/v2\/product_brand?post=57015"},{"taxonomy":"product_cat","embeddable":true,"href":"https:\/\/nordlinepaadid.ee\/et\/wp-json\/wp\/v2\/product_cat?post=57015"},{"taxonomy":"product_tag","embeddable":true,"href":"https:\/\/nordlinepaadid.ee\/et\/wp-json\/wp\/v2\/product_tag?post=57015"}],"curies":[{"name":"wp","href":"https:\/\/api.w.org\/{rel}","templated":true}]}}