{"id":57017,"date":"2026-03-10T13:34:21","date_gmt":"2026-03-10T11:34:21","guid":{"rendered":"https:\/\/nordlinepaadid.ee\/?post_type=product&#038;p=57017"},"modified":"2026-03-10T13:47:56","modified_gmt":"2026-03-10T11:47:56","slug":"kajalood-lowrance-hds-12-pro-ilma-andurita","status":"publish","type":"product","link":"https:\/\/nordlinepaadid.ee\/et\/pood\/kaardiplotterid\/kajalood-lowrance-hds-12-pro-ilma-andurita\/","title":{"rendered":"Kajalood Lowrance HDS-12 PRO ROW ilma andurita"},"content":{"rendered":"<h1 data-start=\"126\" data-end=\"471\"><strong data-start=\"126\" data-end=\"149\">Kajalood Lowrance HDS-12 PRO ROW ilma andurita<\/strong><\/h1>\n<p data-start=\"126\" data-end=\"471\"><strong data-start=\"126\" data-end=\"149\">Lowrance HDS-12 PRO<\/strong> on professionaalse taseme <strong data-start=\"176\" data-end=\"205\">kajalood ja kaardiplotter<\/strong>, mis on loodud t\u00f5sisele kalastajale ja paadiomanikule, kes soovib maksimaalset t\u00e4psust veealuse maailma j\u00e4lgimisel. Seade \u00fchendab <strong data-start=\"336\" data-end=\"385\">12-tollise SolarMAX\u2122 HD puutetundliku ekraani<\/strong>, <strong data-start=\"387\" data-end=\"434\">Active Imaging\u2122 HD 3-in-1 sonaritehnoloogia<\/strong> ning v\u00f5imsa navigatsioonis\u00fcsteemi.<\/p>\n<p data-start=\"473\" data-end=\"737\">T\u00e4nu <strong data-start=\"478\" data-end=\"534\">CHIRP-sonarile, SideScan- ja DownScan-skaneerimisele<\/strong> n\u00e4ed kalu, p\u00f5hjastruktuure ja veealuseid objekte erakordselt selgelt. HDS PRO seeria on Lowrance\u2019i \u00fcks k\u00f5ige v\u00f5imekamaid kajaloode, mida kasutatakse laialdaselt nii harrastus- kui ka v\u00f5istluskalastuses.<\/p>\n<hr data-start=\"739\" data-end=\"742\" \/>\n<h1 data-section-id=\"16p8zwk\" data-start=\"744\" data-end=\"763\">Peamised omadused<\/h1>\n<h2 data-section-id=\"glultl\" data-start=\"765\" data-end=\"808\">Active Imaging\u2122 HD \u2013 v\u00e4ga detailne sonar<\/h2>\n<p data-start=\"809\" data-end=\"991\">Active Imaging\u2122 HD tehnoloogia v\u00f5imaldab saada v\u00e4ga selge sonaripildi kaladest ja p\u00f5hjastruktuuridest. Komplekti ei kuulu andur!<\/p>\n<hr data-start=\"1292\" data-end=\"1295\" \/>\n<h2 data-section-id=\"xw0ca\" data-start=\"1297\" data-end=\"1336\">12\u2033 SolarMAX\u2122 HD puutetundlik ekraan<\/h2>\n<p data-start=\"1337\" data-end=\"1475\">HDS-12 PRO on varustatud <strong data-start=\"1362\" data-end=\"1418\">12-tollise k\u00f5rge resolutsiooniga SolarMAX\u2122 ekraaniga<\/strong>, mis tagab v\u00e4ga hea n\u00e4htavuse ka eredas p\u00e4ikesevalguses.<\/p>\n<p data-start=\"1477\" data-end=\"1486\">Omadused:<\/p>\n<ul data-start=\"1488\" data-end=\"1643\">\n<li data-section-id=\"1936e4t\" data-start=\"1488\" data-end=\"1518\">\n<p data-start=\"1490\" data-end=\"1518\">multi-touch puutejuhtimine<\/p>\n<\/li>\n<li data-section-id=\"bx2iqe\" data-start=\"1519\" data-end=\"1551\">\n<p data-start=\"1521\" data-end=\"1551\">suur ja selge kasutajaliides<\/p>\n<\/li>\n<li data-section-id=\"s239oi\" data-start=\"1552\" data-end=\"1594\">\n<p data-start=\"1554\" data-end=\"1594\">hea n\u00e4htavus polariseeritud prillidega<\/p>\n<\/li>\n<li data-section-id=\"1id19ih\" data-start=\"1595\" data-end=\"1643\">\n<p data-start=\"1597\" data-end=\"1643\">v\u00f5imalus jagada ekraan mitmeks sonarivaateks<\/p>\n<\/li>\n<\/ul>\n<hr data-start=\"1645\" data-end=\"1648\" \/>\n<h2 data-section-id=\"iikd21\" data-start=\"1650\" data-end=\"1685\">FishReveal\u2122 \u2013 n\u00e4e kalu selgemalt<\/h2>\n<p data-start=\"1686\" data-end=\"1829\">FishReveal\u2122 tehnoloogia \u00fchendab <strong data-start=\"1718\" data-end=\"1733\">CHIRP sonar<\/strong> ja <strong data-start=\"1737\" data-end=\"1757\">DownScan Imaging<\/strong> pildi, mis v\u00f5imaldab kalu palju selgemini eristada p\u00f5hjastruktuuridest.<\/p>\n<p data-start=\"1831\" data-end=\"1850\">Eelis kalastamisel:<\/p>\n<ul data-start=\"1852\" data-end=\"1962\">\n<li data-section-id=\"1hiztvc\" data-start=\"1852\" data-end=\"1900\">\n<p data-start=\"1854\" data-end=\"1900\">lihtsam tuvastada kalu kivide ja puude vahel<\/p>\n<\/li>\n<li data-section-id=\"kwuedm\" data-start=\"1901\" data-end=\"1936\">\n<p data-start=\"1903\" data-end=\"1936\">parem \u00fclevaade kalade asukohast<\/p>\n<\/li>\n<li data-section-id=\"am3evm\" data-start=\"1937\" data-end=\"1962\">\n<p data-start=\"1939\" data-end=\"1962\">efektiivsem kalastamine<\/p>\n<\/li>\n<\/ul>\n<hr data-start=\"1964\" data-end=\"1967\" \/>\n<h2 data-section-id=\"ym723r\" data-start=\"1969\" data-end=\"2014\">Valmis reaalajas sonariks \u2013 ActiveTarget 2<\/h2>\n<p data-start=\"2015\" data-end=\"2127\">Seade toetab <strong data-start=\"2028\" data-end=\"2067\">Lowrance ActiveTarget\u00ae 2 Live Sonar<\/strong> s\u00fcsteemi, mis v\u00f5imaldab j\u00e4lgida kalade liikumist reaalajas. Andur ei sisaldu komplektis!<\/p>\n<p data-start=\"2129\" data-end=\"2150\">See on eriti kasulik:<\/p>\n<ul data-start=\"2152\" data-end=\"2214\">\n<li data-section-id=\"slyfep\" data-start=\"2152\" data-end=\"2171\">\n<p data-start=\"2154\" data-end=\"2171\">vertikaalp\u00fc\u00fcgil<\/p>\n<\/li>\n<li data-section-id=\"fm13tx\" data-start=\"2172\" data-end=\"2191\">\n<p data-start=\"2174\" data-end=\"2191\">spinningup\u00fc\u00fcgil<\/p>\n<\/li>\n<li data-section-id=\"1qx7l9c\" data-start=\"2192\" data-end=\"2214\">\n<p data-start=\"2194\" data-end=\"2214\">v\u00f5istluskalastusel<\/p>\n<\/li>\n<\/ul>\n<p data-start=\"2216\" data-end=\"2270\">N\u00e4ed t\u00e4pselt, kuidas kalad sinu landi suhtes k\u00e4ituvad.<\/p>\n<hr data-start=\"2272\" data-end=\"2275\" \/>\n<h2 data-section-id=\"frwn0p\" data-start=\"2277\" data-end=\"2325\">Professionaalne kaardiplotter ja navigatsioon<\/h2>\n<p data-start=\"2326\" data-end=\"2468\">HDS PRO seeria on lisaks kajaloodile ka t\u00e4isfunktsionaalne <strong data-start=\"2385\" data-end=\"2406\">GPS-kaardiplotter<\/strong>, mis toetab erinevaid merikaarte ja navigatsioonifunktsioone.<\/p>\n<p data-start=\"2470\" data-end=\"2483\">Funktsioonid:<\/p>\n<ul data-start=\"2485\" data-end=\"2630\">\n<li data-section-id=\"yyll5d\" data-start=\"2485\" data-end=\"2511\">\n<p data-start=\"2487\" data-end=\"2511\">t\u00e4pne GPS navigatsioon<\/p>\n<\/li>\n<li data-section-id=\"1femlrb\" data-start=\"2512\" data-end=\"2540\">\n<p data-start=\"2514\" data-end=\"2540\">waypointide salvestamine<\/p>\n<\/li>\n<li data-section-id=\"xvrdig\" data-start=\"2541\" data-end=\"2564\">\n<p data-start=\"2543\" data-end=\"2564\">marsruutide loomine<\/p>\n<\/li>\n<li data-section-id=\"zmikwz\" data-start=\"2565\" data-end=\"2595\">\n<p data-start=\"2567\" data-end=\"2595\">Genesis Live kaardistamine<\/p>\n<\/li>\n<li data-section-id=\"1jdavtn\" data-start=\"2596\" data-end=\"2630\">\n<p data-start=\"2598\" data-end=\"2630\">NMEA 2000 ja Ethernet v\u00f5rgu tugi<\/p>\n<\/li>\n<\/ul>\n<hr data-start=\"2632\" data-end=\"2635\" \/>\n<h1 data-section-id=\"1mrri71\" data-start=\"2637\" data-end=\"2673\">Milleks seda kajaloodi kasutatakse<\/h1>\n<ul data-start=\"2959\" data-end=\"3054\">\n<li data-section-id=\"hd4kzw\" data-start=\"2959\" data-end=\"2976\">\n<p data-start=\"2961\" data-end=\"2976\">spinningup\u00fc\u00fck<\/p>\n<\/li>\n<li data-section-id=\"7zovc\" data-start=\"2977\" data-end=\"2994\">\n<p data-start=\"2979\" data-end=\"2994\">vertikaalp\u00fc\u00fck<\/p>\n<\/li>\n<li data-section-id=\"15ic6qk\" data-start=\"2995\" data-end=\"3028\">\n<p data-start=\"2997\" data-end=\"3028\">merel ja j\u00e4rvedel kalastamine<\/p>\n<\/li>\n<li data-section-id=\"1fnciij\" data-start=\"3029\" data-end=\"3054\">\n<p data-start=\"3031\" data-end=\"3054\">suuremad kalastuspaadid<\/p>\n<\/li>\n<\/ul>\n<hr data-start=\"3056\" data-end=\"3059\" \/>\n<h1 data-section-id=\"zf1vfs\" data-start=\"3061\" data-end=\"3080\">Tehnilised andmed<\/h1>\n<h3 data-section-id=\"k59ik0\" data-start=\"3082\" data-end=\"3092\">\u00dcldine<\/h3>\n<ul data-start=\"3093\" data-end=\"3206\">\n<li data-section-id=\"x6inx0\" data-start=\"3093\" data-end=\"3123\">\n<p data-start=\"3095\" data-end=\"3123\">Mudel: Lowrance HDS-12 PRO<\/p>\n<\/li>\n<li data-section-id=\"azyppc\" data-start=\"3153\" data-end=\"3187\">\n<p data-start=\"3155\" data-end=\"3187\">T\u00fc\u00fcp: kajalood \/ kaardiplotter<\/p>\n<\/li>\n<li data-section-id=\"emqp2o\" data-start=\"3188\" data-end=\"3206\">\n<p data-start=\"3190\" data-end=\"3206\">Veekindlus: IPX7<\/p>\n<\/li>\n<\/ul>\n<h3 data-section-id=\"fyt5is\" data-start=\"3208\" data-end=\"3218\">Ekraan<\/h3>\n<ul data-start=\"3219\" data-end=\"3312\">\n<li data-section-id=\"wuvnsu\" data-start=\"3219\" data-end=\"3242\">\n<p data-start=\"3221\" data-end=\"3242\">Ekraani suurus: 12\u2033<\/p>\n<\/li>\n<li data-section-id=\"ym1f6s\" data-start=\"3243\" data-end=\"3271\">\n<p data-start=\"3245\" data-end=\"3271\">Resolutsioon: 1280 \u00d7 800<\/p>\n<\/li>\n<li data-section-id=\"10lam4w\" data-start=\"3272\" data-end=\"3312\">\n<p data-start=\"3274\" data-end=\"3312\">Ekraanit\u00fc\u00fcp: SolarMAX\u2122 HD puutetundlik<\/p>\n<\/li>\n<\/ul>\n<h3 data-section-id=\"77u9l3\" data-start=\"3314\" data-end=\"3323\">Sonar<\/h3>\n<ul data-start=\"3324\" data-end=\"3523\">\n<li data-section-id=\"1m15nqv\" data-start=\"3324\" data-end=\"3368\">\n<p data-start=\"3326\" data-end=\"3368\">Puudub<\/p>\n<\/li>\n<\/ul>\n<h3 data-section-id=\"260tug\" data-start=\"3525\" data-end=\"3538\">\u00dchenduvus<\/h3>\n<ul data-start=\"3539\" data-end=\"3610\">\n<li data-section-id=\"4eo3qs\" data-start=\"3539\" data-end=\"3548\">\n<p data-start=\"3541\" data-end=\"3548\">Wi-Fi<\/p>\n<\/li>\n<li data-section-id=\"9220u6\" data-start=\"3549\" data-end=\"3562\">\n<p data-start=\"3551\" data-end=\"3562\">Bluetooth<\/p>\n<\/li>\n<li data-section-id=\"1bxp9uh\" data-start=\"3563\" data-end=\"3575\">\n<p data-start=\"3565\" data-end=\"3575\">Ethernet<\/p>\n<\/li>\n<li data-section-id=\"hb5vnx\" data-start=\"3576\" data-end=\"3589\">\n<p data-start=\"3578\" data-end=\"3589\">NMEA 2000<\/p>\n<\/li>\n<li data-section-id=\"462lkm\" data-start=\"3590\" data-end=\"3610\">\n<p data-start=\"3592\" data-end=\"3610\">microSD kaardipesa<\/p>\n<\/li>\n<\/ul>\n<h3 data-section-id=\"17ebren\" data-start=\"3612\" data-end=\"3631\">M\u00f5\u00f5tmed ja kaal<\/h3>\n<ul data-start=\"3632\" data-end=\"3726\">\n<li data-section-id=\"1inam0b\" data-start=\"3632\" data-end=\"3655\">\n<p data-start=\"3634\" data-end=\"3655\">Laius: umbes 340 mm<\/p>\n<\/li>\n<li data-section-id=\"fu8exu\" data-start=\"3656\" data-end=\"3680\">\n<p data-start=\"3658\" data-end=\"3680\">K\u00f5rgus: umbes 230 mm<\/p>\n<\/li>\n<li data-section-id=\"spxn8q\" data-start=\"3681\" data-end=\"3705\">\n<p data-start=\"3683\" data-end=\"3705\">S\u00fcgavus: umbes 85 mm<\/p>\n<\/li>\n<li data-section-id=\"1nrr3wd\" data-start=\"3706\" data-end=\"3726\">\n<p data-start=\"3708\" data-end=\"3726\">Kaal: umbes 2,6 kg<\/p>\n<\/li>\n<\/ul>\n<hr data-start=\"3728\" data-end=\"3731\" \/>\n<h1 data-section-id=\"30crkj\" data-start=\"3733\" data-end=\"3745\">Komplektis<\/h1>\n<ul data-start=\"3747\" data-end=\"3888\">\n<li data-section-id=\"1234wz6\" data-start=\"3747\" data-end=\"3779\">\n<p data-start=\"3749\" data-end=\"3779\">Lowrance HDS-12 PRO kajalood<\/p>\n<\/li>\n<li data-section-id=\"18b11u\" data-start=\"3780\" data-end=\"3820\">\n<p data-start=\"3782\" data-end=\"3820\">Active Imaging\u2122 HD 3-in-1 transducer<\/p>\n<\/li>\n<li data-section-id=\"ih0rly\" data-start=\"3821\" data-end=\"3841\">\n<p data-start=\"3823\" data-end=\"3841\">paigaldusklamber<\/p>\n<\/li>\n<li data-section-id=\"wxi66j\" data-start=\"3842\" data-end=\"3857\">\n<p data-start=\"3844\" data-end=\"3857\">toitekaabel<\/p>\n<\/li>\n<li data-section-id=\"mcvx4i\" data-start=\"3858\" data-end=\"3872\">\n<p data-start=\"3860\" data-end=\"3872\">kaitsekate<\/p>\n<\/li>\n<li data-section-id=\"xqx5ke\" data-start=\"3873\" data-end=\"3888\">\n<p data-start=\"3875\" data-end=\"3888\">kasutusjuhend<\/p>\n<\/li>\n<\/ul>\n<p>Vaata ka erinevate Lowrance <a href=\"https:\/\/nordlinepaadid.ee\/et\/lowrance-kajaloodide-vordlus\/\" target=\"_blank\" rel=\"noopener\">kajaloodide v\u00f5rdlustabelit.<\/a><br \/>\nSamuti saab t\u00e4psemalt andmeid tootja kodulehelt <a href=\"https:\/\/www.lowrance.com\/en-au\/hds-pro\/\" target=\"_blank\" rel=\"noopener\">Lowrance HDS PRO<\/a><\/p>\n","protected":false},"excerpt":{"rendered":"<p data-start=\"3221\" data-end=\"3242\">Ekraani suurus: 12\u2033<br \/>\nResolutsioon: 1280 \u00d7 800<br \/>\nEkraanit\u00fc\u00fcp: SolarMAX\u2122 HD puutetundlik<br \/>\nAndur: puudub<br \/>\nWi-Fi<br \/>\nBluetooth<br \/>\nEthernet<br \/>\nNMEA 2000<br \/>\nmicroSD kaardipesa<\/p>\n","protected":false},"featured_media":57009,"template":"","meta":{"_kad_blocks_custom_css":"","_kad_blocks_head_custom_js":"","_kad_blocks_body_custom_js":"","_kad_blocks_footer_custom_js":"","_kad_post_transparent":"default","_kad_post_title":"","_kad_post_layout":"default","_kad_post_sidebar_id":"","_kad_post_content_style":"default","_kad_post_vertical_padding":"default","_kad_post_feature":"","_kad_post_feature_position":"","_kad_post_header":false,"_kad_post_footer":false,"_kad_post_classname":""},"product_brand":[1881],"product_cat":[1880],"product_tag":[],"class_list":{"0":"post-57017","1":"product","2":"type-product","3":"status-publish","4":"has-post-thumbnail","6":"product_brand-lowrance","7":"product_cat-kaardiplotterid","8":"product_shipping_class-pakiautomaati-mahtuv-kaup","9":"tm-no-options","11":"first","12":"onbackorder","13":"sale","14":"taxable","15":"shipping-taxable","16":"purchasable","17":"product-type-simple","18":"entry","19":"content-bg","20":"loop-entry"},"yoast_head":"<!-- This site is optimized with the Yoast SEO plugin v27.3 - https:\/\/yoast.com\/product\/yoast-seo-wordpress\/ -->\n<title>Kajalood Lowrance HDS-12 PRO ilma andurita<\/title>\n<meta name=\"description\" content=\"Lowrance HDS-12 PRO kajalood . 12\u2033 SolarMAX HD ekraan, CHIRP sonar, SideScan ja DownScan kalade ja p\u00f5hjastruktuuride t\u00e4pseks leidmiseks.\" \/>\n<meta name=\"robots\" content=\"index, follow, max-snippet:-1, max-image-preview:large, max-video-preview:-1\" \/>\n<link rel=\"canonical\" href=\"https:\/\/nordlinepaadid.ee\/et\/pood\/kaardiplotterid\/kajalood-lowrance-hds-12-pro-ilma-andurita\/\" \/>\n<meta property=\"og:locale\" content=\"et_EE\" \/>\n<meta property=\"og:type\" content=\"article\" \/>\n<meta property=\"og:title\" content=\"Kajalood Lowrance HDS-12 PRO ilma andurita\" \/>\n<meta property=\"og:description\" content=\"Lowrance HDS-12 PRO kajalood . 12\u2033 SolarMAX HD ekraan, CHIRP sonar, SideScan ja DownScan kalade ja p\u00f5hjastruktuuride t\u00e4pseks leidmiseks.\" \/>\n<meta property=\"og:url\" content=\"https:\/\/nordlinepaadid.ee\/et\/pood\/kaardiplotterid\/kajalood-lowrance-hds-12-pro-ilma-andurita\/\" \/>\n<meta property=\"og:site_name\" content=\"NORDLINE s\u00f5udepaadid ja mootorpaadid. Klaasfiiber materjalist.\" \/>\n<meta property=\"article:publisher\" content=\"https:\/\/www.facebook.com\/nordlineboats\" \/>\n<meta property=\"article:modified_time\" content=\"2026-03-10T11:47:56+00:00\" \/>\n<meta property=\"og:image\" content=\"https:\/\/nordlinepaadid.ee\/wp-content\/uploads\/2026\/03\/Lowrance-HDS-16-PRO-Active-Imaging-HD-3-in-1-andur-ROW-kalastuseks.jpg\" \/>\n\t<meta property=\"og:image:width\" content=\"600\" \/>\n\t<meta property=\"og:image:height\" content=\"600\" \/>\n\t<meta property=\"og:image:type\" content=\"image\/jpeg\" \/>\n<meta name=\"twitter:card\" content=\"summary_large_image\" \/>\n<meta name=\"twitter:label1\" content=\"Est. reading time\" \/>\n\t<meta name=\"twitter:data1\" content=\"3 minutit\" \/>\n<script type=\"application\/ld+json\" class=\"yoast-schema-graph\">{\"@context\":\"https:\\\/\\\/schema.org\",\"@graph\":[{\"@type\":\"WebPage\",\"@id\":\"https:\\\/\\\/nordlinepaadid.ee\\\/et\\\/pood\\\/kaardiplotterid\\\/kajalood-lowrance-hds-12-pro-ilma-andurita\\\/\",\"url\":\"https:\\\/\\\/nordlinepaadid.ee\\\/et\\\/pood\\\/kaardiplotterid\\\/kajalood-lowrance-hds-12-pro-ilma-andurita\\\/\",\"name\":\"Kajalood Lowrance HDS-12 PRO ilma andurita\",\"isPartOf\":{\"@id\":\"https:\\\/\\\/nordlinepaadid.ee\\\/et\\\/#website\"},\"primaryImageOfPage\":{\"@id\":\"https:\\\/\\\/nordlinepaadid.ee\\\/et\\\/pood\\\/kaardiplotterid\\\/kajalood-lowrance-hds-12-pro-ilma-andurita\\\/#primaryimage\"},\"image\":{\"@id\":\"https:\\\/\\\/nordlinepaadid.ee\\\/et\\\/pood\\\/kaardiplotterid\\\/kajalood-lowrance-hds-12-pro-ilma-andurita\\\/#primaryimage\"},\"thumbnailUrl\":\"https:\\\/\\\/nordlinepaadid.ee\\\/wp-content\\\/uploads\\\/2026\\\/03\\\/Lowrance-HDS-16-PRO-Active-Imaging-HD-3-in-1-andur-ROW-kalastuseks.jpg\",\"datePublished\":\"2026-03-10T11:34:21+00:00\",\"dateModified\":\"2026-03-10T11:47:56+00:00\",\"description\":\"Lowrance HDS-12 PRO kajalood . 12\u2033 SolarMAX HD ekraan, CHIRP sonar, SideScan ja DownScan kalade ja p\u00f5hjastruktuuride t\u00e4pseks leidmiseks.\",\"breadcrumb\":{\"@id\":\"https:\\\/\\\/nordlinepaadid.ee\\\/et\\\/pood\\\/kaardiplotterid\\\/kajalood-lowrance-hds-12-pro-ilma-andurita\\\/#breadcrumb\"},\"inLanguage\":\"et\",\"potentialAction\":[{\"@type\":\"ReadAction\",\"target\":[\"https:\\\/\\\/nordlinepaadid.ee\\\/et\\\/pood\\\/kaardiplotterid\\\/kajalood-lowrance-hds-12-pro-ilma-andurita\\\/\"]}]},{\"@type\":\"ImageObject\",\"inLanguage\":\"et\",\"@id\":\"https:\\\/\\\/nordlinepaadid.ee\\\/et\\\/pood\\\/kaardiplotterid\\\/kajalood-lowrance-hds-12-pro-ilma-andurita\\\/#primaryimage\",\"url\":\"https:\\\/\\\/nordlinepaadid.ee\\\/wp-content\\\/uploads\\\/2026\\\/03\\\/Lowrance-HDS-16-PRO-Active-Imaging-HD-3-in-1-andur-ROW-kalastuseks.jpg\",\"contentUrl\":\"https:\\\/\\\/nordlinepaadid.ee\\\/wp-content\\\/uploads\\\/2026\\\/03\\\/Lowrance-HDS-16-PRO-Active-Imaging-HD-3-in-1-andur-ROW-kalastuseks.jpg\",\"width\":600,\"height\":600,\"caption\":\"Lowrance HDS-16 PRO + Active Imaging HD 3-in-1 andur (ROW) kalastuseks\"},{\"@type\":\"BreadcrumbList\",\"@id\":\"https:\\\/\\\/nordlinepaadid.ee\\\/et\\\/pood\\\/kaardiplotterid\\\/kajalood-lowrance-hds-12-pro-ilma-andurita\\\/#breadcrumb\",\"itemListElement\":[{\"@type\":\"ListItem\",\"position\":1,\"name\":\"Home\",\"item\":\"https:\\\/\\\/nordlinepaadid.ee\\\/et\\\/\"},{\"@type\":\"ListItem\",\"position\":2,\"name\":\"Pood\",\"item\":\"https:\\\/\\\/nordlinepaadid.ee\\\/et\\\/pood\\\/\"},{\"@type\":\"ListItem\",\"position\":3,\"name\":\"Kajalood Lowrance HDS-12 PRO ROW ilma andurita\"}]},{\"@type\":\"WebSite\",\"@id\":\"https:\\\/\\\/nordlinepaadid.ee\\\/et\\\/#website\",\"url\":\"https:\\\/\\\/nordlinepaadid.ee\\\/et\\\/\",\"name\":\"NORDLINE s\u00f5udepaadid ja mootorpaadid. Klaasfiiber materjalist.\",\"description\":\"\",\"publisher\":{\"@id\":\"https:\\\/\\\/nordlinepaadid.ee\\\/et\\\/#organization\"},\"potentialAction\":[{\"@type\":\"SearchAction\",\"target\":{\"@type\":\"EntryPoint\",\"urlTemplate\":\"https:\\\/\\\/nordlinepaadid.ee\\\/et\\\/?s={search_term_string}\"},\"query-input\":{\"@type\":\"PropertyValueSpecification\",\"valueRequired\":true,\"valueName\":\"search_term_string\"}}],\"inLanguage\":\"et\"},{\"@type\":\"Organization\",\"@id\":\"https:\\\/\\\/nordlinepaadid.ee\\\/et\\\/#organization\",\"name\":\"Nordlineboats\",\"url\":\"https:\\\/\\\/nordlinepaadid.ee\\\/et\\\/\",\"logo\":{\"@type\":\"ImageObject\",\"inLanguage\":\"et\",\"@id\":\"https:\\\/\\\/nordlinepaadid.ee\\\/et\\\/#\\\/schema\\\/logo\\\/image\\\/\",\"url\":\"https:\\\/\\\/nordlinepaadid.ee\\\/wp-content\\\/uploads\\\/2023\\\/01\\\/fulllogo_transparent_nobuffer-e1672750475494.png\",\"contentUrl\":\"https:\\\/\\\/nordlinepaadid.ee\\\/wp-content\\\/uploads\\\/2023\\\/01\\\/fulllogo_transparent_nobuffer-e1672750475494.png\",\"width\":150,\"height\":119,\"caption\":\"Nordlineboats\"},\"image\":{\"@id\":\"https:\\\/\\\/nordlinepaadid.ee\\\/et\\\/#\\\/schema\\\/logo\\\/image\\\/\"},\"sameAs\":[\"https:\\\/\\\/www.facebook.com\\\/nordlineboats\",\"https:\\\/\\\/www.youtube.com\\\/channel\\\/UCbgF0fy02y3QkFnujaLTaCA\"]}]}<\/script>\n<!-- \/ Yoast SEO plugin. -->","yoast_head_json":{"title":"Kajalood Lowrance HDS-12 PRO ilma andurita","description":"Lowrance HDS-12 PRO kajalood . 12\u2033 SolarMAX HD ekraan, CHIRP sonar, SideScan ja DownScan kalade ja p\u00f5hjastruktuuride t\u00e4pseks leidmiseks.","robots":{"index":"index","follow":"follow","max-snippet":"max-snippet:-1","max-image-preview":"max-image-preview:large","max-video-preview":"max-video-preview:-1"},"canonical":"https:\/\/nordlinepaadid.ee\/et\/pood\/kaardiplotterid\/kajalood-lowrance-hds-12-pro-ilma-andurita\/","og_locale":"et_EE","og_type":"article","og_title":"Kajalood Lowrance HDS-12 PRO ilma andurita","og_description":"Lowrance HDS-12 PRO kajalood . 12\u2033 SolarMAX HD ekraan, CHIRP sonar, SideScan ja DownScan kalade ja p\u00f5hjastruktuuride t\u00e4pseks leidmiseks.","og_url":"https:\/\/nordlinepaadid.ee\/et\/pood\/kaardiplotterid\/kajalood-lowrance-hds-12-pro-ilma-andurita\/","og_site_name":"NORDLINE s\u00f5udepaadid ja mootorpaadid. Klaasfiiber materjalist.","article_publisher":"https:\/\/www.facebook.com\/nordlineboats","article_modified_time":"2026-03-10T11:47:56+00:00","og_image":[{"width":600,"height":600,"url":"https:\/\/nordlinepaadid.ee\/wp-content\/uploads\/2026\/03\/Lowrance-HDS-16-PRO-Active-Imaging-HD-3-in-1-andur-ROW-kalastuseks.jpg","type":"image\/jpeg"}],"twitter_card":"summary_large_image","twitter_misc":{"Est. reading time":"3 minutit"},"schema":{"@context":"https:\/\/schema.org","@graph":[{"@type":"WebPage","@id":"https:\/\/nordlinepaadid.ee\/et\/pood\/kaardiplotterid\/kajalood-lowrance-hds-12-pro-ilma-andurita\/","url":"https:\/\/nordlinepaadid.ee\/et\/pood\/kaardiplotterid\/kajalood-lowrance-hds-12-pro-ilma-andurita\/","name":"Kajalood Lowrance HDS-12 PRO ilma andurita","isPartOf":{"@id":"https:\/\/nordlinepaadid.ee\/et\/#website"},"primaryImageOfPage":{"@id":"https:\/\/nordlinepaadid.ee\/et\/pood\/kaardiplotterid\/kajalood-lowrance-hds-12-pro-ilma-andurita\/#primaryimage"},"image":{"@id":"https:\/\/nordlinepaadid.ee\/et\/pood\/kaardiplotterid\/kajalood-lowrance-hds-12-pro-ilma-andurita\/#primaryimage"},"thumbnailUrl":"https:\/\/nordlinepaadid.ee\/wp-content\/uploads\/2026\/03\/Lowrance-HDS-16-PRO-Active-Imaging-HD-3-in-1-andur-ROW-kalastuseks.jpg","datePublished":"2026-03-10T11:34:21+00:00","dateModified":"2026-03-10T11:47:56+00:00","description":"Lowrance HDS-12 PRO kajalood . 12\u2033 SolarMAX HD ekraan, CHIRP sonar, SideScan ja DownScan kalade ja p\u00f5hjastruktuuride t\u00e4pseks leidmiseks.","breadcrumb":{"@id":"https:\/\/nordlinepaadid.ee\/et\/pood\/kaardiplotterid\/kajalood-lowrance-hds-12-pro-ilma-andurita\/#breadcrumb"},"inLanguage":"et","potentialAction":[{"@type":"ReadAction","target":["https:\/\/nordlinepaadid.ee\/et\/pood\/kaardiplotterid\/kajalood-lowrance-hds-12-pro-ilma-andurita\/"]}]},{"@type":"ImageObject","inLanguage":"et","@id":"https:\/\/nordlinepaadid.ee\/et\/pood\/kaardiplotterid\/kajalood-lowrance-hds-12-pro-ilma-andurita\/#primaryimage","url":"https:\/\/nordlinepaadid.ee\/wp-content\/uploads\/2026\/03\/Lowrance-HDS-16-PRO-Active-Imaging-HD-3-in-1-andur-ROW-kalastuseks.jpg","contentUrl":"https:\/\/nordlinepaadid.ee\/wp-content\/uploads\/2026\/03\/Lowrance-HDS-16-PRO-Active-Imaging-HD-3-in-1-andur-ROW-kalastuseks.jpg","width":600,"height":600,"caption":"Lowrance HDS-16 PRO + Active Imaging HD 3-in-1 andur (ROW) kalastuseks"},{"@type":"BreadcrumbList","@id":"https:\/\/nordlinepaadid.ee\/et\/pood\/kaardiplotterid\/kajalood-lowrance-hds-12-pro-ilma-andurita\/#breadcrumb","itemListElement":[{"@type":"ListItem","position":1,"name":"Home","item":"https:\/\/nordlinepaadid.ee\/et\/"},{"@type":"ListItem","position":2,"name":"Pood","item":"https:\/\/nordlinepaadid.ee\/et\/pood\/"},{"@type":"ListItem","position":3,"name":"Kajalood Lowrance HDS-12 PRO ROW ilma andurita"}]},{"@type":"WebSite","@id":"https:\/\/nordlinepaadid.ee\/et\/#website","url":"https:\/\/nordlinepaadid.ee\/et\/","name":"NORDLINE s\u00f5udepaadid ja mootorpaadid. Klaasfiiber materjalist.","description":"","publisher":{"@id":"https:\/\/nordlinepaadid.ee\/et\/#organization"},"potentialAction":[{"@type":"SearchAction","target":{"@type":"EntryPoint","urlTemplate":"https:\/\/nordlinepaadid.ee\/et\/?s={search_term_string}"},"query-input":{"@type":"PropertyValueSpecification","valueRequired":true,"valueName":"search_term_string"}}],"inLanguage":"et"},{"@type":"Organization","@id":"https:\/\/nordlinepaadid.ee\/et\/#organization","name":"Nordlineboats","url":"https:\/\/nordlinepaadid.ee\/et\/","logo":{"@type":"ImageObject","inLanguage":"et","@id":"https:\/\/nordlinepaadid.ee\/et\/#\/schema\/logo\/image\/","url":"https:\/\/nordlinepaadid.ee\/wp-content\/uploads\/2023\/01\/fulllogo_transparent_nobuffer-e1672750475494.png","contentUrl":"https:\/\/nordlinepaadid.ee\/wp-content\/uploads\/2023\/01\/fulllogo_transparent_nobuffer-e1672750475494.png","width":150,"height":119,"caption":"Nordlineboats"},"image":{"@id":"https:\/\/nordlinepaadid.ee\/et\/#\/schema\/logo\/image\/"},"sameAs":["https:\/\/www.facebook.com\/nordlineboats","https:\/\/www.youtube.com\/channel\/UCbgF0fy02y3QkFnujaLTaCA"]}]}},"taxonomy_info":{"product_brand":[{"value":1881,"label":"Lowrance"}],"product_cat":[{"value":1880,"label":"KAJALOODID JA KAARDIPLOTTERID"}]},"featured_image_src_large":["https:\/\/nordlinepaadid.ee\/wp-content\/uploads\/2026\/03\/Lowrance-HDS-16-PRO-Active-Imaging-HD-3-in-1-andur-ROW-kalastuseks.jpg",600,600,false],"author_info":[],"comment_info":"","_links":{"self":[{"href":"https:\/\/nordlinepaadid.ee\/et\/wp-json\/wp\/v2\/product\/57017","targetHints":{"allow":["GET"]}}],"collection":[{"href":"https:\/\/nordlinepaadid.ee\/et\/wp-json\/wp\/v2\/product"}],"about":[{"href":"https:\/\/nordlinepaadid.ee\/et\/wp-json\/wp\/v2\/types\/product"}],"wp:featuredmedia":[{"embeddable":true,"href":"https:\/\/nordlinepaadid.ee\/et\/wp-json\/wp\/v2\/media\/57009"}],"wp:attachment":[{"href":"https:\/\/nordlinepaadid.ee\/et\/wp-json\/wp\/v2\/media?parent=57017"}],"wp:term":[{"taxonomy":"product_brand","embeddable":true,"href":"https:\/\/nordlinepaadid.ee\/et\/wp-json\/wp\/v2\/product_brand?post=57017"},{"taxonomy":"product_cat","embeddable":true,"href":"https:\/\/nordlinepaadid.ee\/et\/wp-json\/wp\/v2\/product_cat?post=57017"},{"taxonomy":"product_tag","embeddable":true,"href":"https:\/\/nordlinepaadid.ee\/et\/wp-json\/wp\/v2\/product_tag?post=57017"}],"curies":[{"name":"wp","href":"https:\/\/api.w.org\/{rel}","templated":true}]}}